{"id":901,"date":"2016-07-01T15:10:06","date_gmt":"2016-07-01T13:10:06","guid":{"rendered":"https:\/\/www.campus02.at\/wirtschaftsinformatik\/?page_id=901"},"modified":"2022-06-15T12:44:54","modified_gmt":"2022-06-15T10:44:54","slug":"fachbereiche","status":"publish","type":"page","link":"https:\/\/www.campus02.at\/wirtschaftsinformatik\/fachbereiche\/","title":{"rendered":"Fachbereiche"},"content":{"rendered":"<div class=\"flex-campus-main flex-campus-main-Text\"><h1>Unsere Fachbereiche<\/h1>\n<p>Die Studienrichtung\u00a0Informationstechnologien und Wirtschaftsinformatik gliedert sich in Fachbereiche mit entsprechender Schwerpunktsetzung in der Lehre und Forschung. Die Verbindung aus technischen und wirtschaftlichen Inhalten zeigt sich in der Grundlagenausbildung des Bachelorstudiums Wirtschaftsinformatik und setzt sich integrierend im Masterstudium IT &amp; Wirtschaftsinformatik fort.<\/p>\n<\/div><div class=\"flex-campus-main flex-campus-main-Textbox\"><div class=\"alert bg-grey\">\n            <h3>Betriebswirtschaftslehre<\/h3>\n        <p>Mit einem ganzheitlichen Marketing Management werden Produkte und Dienstleistungen den Kund*innenanforderungen angepasst bzw. nach den Bed\u00fcrfnissen der Kund*innen ausgerichtet, die richtige Preisstrategie festgelegt, der effizienteste Absatzweg, -kanal (off- und online) ausgew\u00e4hlt, sowie die eigenen Leistungen gegen\u00fcber dem Kunden*der Kundin effektiv und effizient kommuniziert. Der Schl\u00fcssel f\u00fcr den Erfolg eines jeden Unternehmens auf dem Markt ist heute die Leistungsf\u00e4higkeit des Marketing Managements.<\/p>\n<p>Die Zielsetzung des Fachbereiches ist es daher, die Studierenden neben dem technischen und naturwissenschaftlichen Hintergrund mit den Gestaltungsm\u00f6glichkeiten des Marketing Managements vertraut zu machen. Dies insbesondere deshalb, da es sich bei IT-Produkten und IT-Dienstleistungen um erkl\u00e4rungsbed\u00fcrftige G\u00fcter bzw. Leistungsb\u00fcndel (Produkt und Dienstleistung) handelt, und hier zur Kund*innengewinnung und Kund*nnenpflege neben dem technischen Fachwissen entsprechendes branchenspezifisches Marketing und Vertriebs Know-how erforderlich ist.<\/p>\n<p>Die Studierenden lernen die wesentlichen Methoden und Werkzeuge des Marketing Managements kennen und richtig anzuwenden sowie das planm\u00e4\u00dfige Vorgehen im Marketingprozess. Im Vordergrund steht dabei immer die praktische Umsetzbarkeit des Gelernten.<\/p>\n<p>Der Bogen spannt sich ausgehend vom strategischen Marketing \u00fcber die Marktforschung und die wichtigsten Methoden zur Analyse der wesentlichen Marketingfaktoren wie Markt, Kund*innen, Wettbewerb etc. Die Erarbeitung wettbewerbsf\u00e4higer Marketingstrategien bildet die Grundlage f\u00fcr die Ausgestaltung des operativen Marketings und des Marketingplans. Neben dem Service Management wird dem Online Marketing, E-Marketing ein besonderer Stellenwert beigemessen &#8211; Marketing wird durch das Internet immer st\u00e4rker usergetrieben (Marketing 2.0 \u2013 Wikis, Blogs etc..) und damit zur IT-Science!<\/p>\n    <\/div><\/div><div class=\"flex-campus-main flex-campus-main-Textbox\"><div class=\"alert bg-grey\">\n            <h3>Informationstechnologie<\/h3>\n        <p>Das Internet ist zu einem fixen Bestandteil des Privat- und Wirtschaftslebens geworden und hat wesentlich zur Entwicklung einer Informations- und Dienstleistungsgesellschaft beigetragen. Das Internet ist ein Innovationsmotor, auf dessen Basis kontinuierlich neue Gesch\u00e4ftsgebiete entstehen und bestehende Gesch\u00e4ftsmodelle grundlegenden Ver\u00e4nderungen unterzogen werden.<\/p>\n<p>Der Fachbereich Internet- und Informationstechnologien stattet Studierende mit dem n\u00f6tigen Fachwissen aus, um den steten Technologiewandel beurteilen, nutzen und antizipieren zu k\u00f6nnen. Hiebei wird das Wissen um grundlegende Netzwerktechnologien und \u2013protokolle ebenso vermittelt, wie das Wissen um Web 2.0 Anwendungen oder Netzwerksicherheit.<\/p>\n<p>Aufbauend auf Grundlagen der Informatik bilden Netzwerke einen ersten Schwerpunkt: TCP\/IP und verwandte Protokolle, Ethernet, Router und Access-Control-Listen (ACL) werden hier eingehend vorgestellt. Parallel dazu werden Studierende fr\u00fch mit Grundlagen des Web (HTML, XHTML, CSS, Javascript) vertraut gemacht. Mit einer Einf\u00fchrung in Datenbanken und Datenmodellierung wird schlie\u00dflich der Bogen zu vernetzten Informationssystemen gespannt. Im Anschluss werden anhand aktueller Themen, wie zum Beispiel semantisches Web oder Web-Kollaboration (Wiki, Tags, etc.), Herausforderungen des wachsenden Informationsangebots aufgegriffen und L\u00f6sungen aufgezeigt. Auf Wissen um Computer- und Netzwerksicherheit wird auf allen Ebenen gro\u00dfer Wert gelegt.<\/p>\n<p>Studierende sollen so bef\u00e4higt werden, fundierte Entscheidungen f\u00fcr IT-Strategien in ihrem Umfeld treffen zu k\u00f6nnen und diese auch operativ umzusetzen.<\/p>\n    <\/div><\/div><div class=\"flex-campus-main flex-campus-main-Textbox\"><div class=\"alert bg-grey\">\n            <h3>Software Engineering<\/h3>\n        <p>Der Fachbereich Software Engineering ist Ansprechparter f\u00fcr Firmen aus der Region bei Fragen zu Softwareentwicklungsprozessen, Analyse und Design von Software, sowie Programmiersprachen. Er unterst\u00fctzt Firmen bei der Auswahl von neuen Techniken und Prozessen und liefert Entscheidungshilfen in Form von &#8222;Proof of Concepts&#8220;.<\/p>\n<p>Durch die aktive Teilnahme an Forschungsprogrammen und Open Source\u00a0 Projekten wird aktuelles technisches Know-how erarbeitet und \u00fcber Firmenkooperationen in die Wirtschaft transferiert.<\/p>\n    <\/div><\/div><div class=\"flex-campus-main flex-campus-main-Textbox\"><div class=\"alert bg-grey\">\n            <h3>Wirtschaftsinformatik<\/h3>\n        <p>Typischerweise wird Wirtschaftsinformatik als Schnittstellenfunktion zwischen Informatik und Betriebswirtschaftslehre angesehen. Nur was hei\u00dft das eigentlich und warum braucht es eine solche Schnittstellenfunktion? Um die beiden Fragen zu beantworten, muss man verstehen, dass wir in einer digitalen Welt leben, in welcher der Einsatz von IT in allen Bereichen jeden Tag wichtiger wird. Der Erwerb von Wissen im Bereich der Informatik allein reicht jedoch nicht aus. Die st\u00e4ndige Weiterentwicklung von IT-Systemen, IT-Produkten und IT-Services verlangt detaillierte \u00dcberlegungen, wie IT effektiv und effizient eingesetzt werden kann, um schlussendlich Wettbewerbsvorteile zu erreichen. Dabei k\u00f6nnen diese Wettbewerbsvorteile einerseits durch IT, welche gezielt die Unternehmensprozesse und somit auch die Unternehmensstrategie unterst\u00fctzen, erreicht werden. Anderseits k\u00f6nnen jedoch auch g\u00e4nzlich neue Gesch\u00e4ftsmodelle durch IT entstehen und somit ebenfalls Wettbewerbsvorteile erzielt werden. Die Aufgabe der Wirtschaftsinformatik ist es nun als Schnittstellenfunktion zwischen Informatik und Betriebswirtschaftslehre diese notwendige Verkn\u00fcpfung der beiden Welten zu beherrschen, um die beschriebenen M\u00f6glichkeiten f\u00fcr Wettbewerbsvorteile zu erkennen und zu erreichen.<\/p>\n<p>Die Kernkompetenzen, die im Fachbereich Wirtschaftsinformatik daher vermittelt werden, spiegeln diese Verbindung von Informatik und Betriebswirtschafslehre in Form des Business Systems Engineering Ansatzes wider. Dieser Ansatz beschreibt, dass bei der Einf\u00fchrung von IT stets mehr als nur die IT betroffen ist. Es m\u00fcssen stets im Zusammenspiel die Themen des IT-Managements, des Prozessmanagements und des Strategischen Managements betrachtet werden, weil Ver\u00e4nderungen in einem der Bereiche stets auch Ver\u00e4nderungen in den anderen Bereichen nach sich ziehen.<\/p>\n<p>Im Fachbereich sind daher sowohl Lehrveranstaltungen enthalten, die sich nur mit einem der drei Bereiche besch\u00e4ftigen (bspw. Digitale Gesch\u00e4ftsmodelle 1 und 2, Prozessmanagement 1 und 2, Informationssysteme 1 und 2), aber auch Lehrveranstaltungen, die bewusst die Verkn\u00fcpfung dieser Bereiche behandeln (bspw. Grundlagen Wirtschaftsinformatik, Fallstudien der Wirtschaftsinformatik).<\/p>\n    <\/div><\/div>","protected":false},"excerpt":{"rendered":"<p>Unsere Fachbereiche Die Studienrichtung\u00a0Informationstechnologien und Wirtschaftsinformatik gliedert sich in Fachbereiche mit <a href=\"https:\/\/www.campus02.at\/wirtschaftsinformatik\/fachbereiche\/\" class=\"more-link\">mehr&hellip;<\/a><\/p>\n","protected":false},"author":171,"featured_media":0,"parent":0,"menu_order":5,"comment_status":"closed","ping_status":"closed","template":"","meta":{"_acf_changed":false,"footnotes":""},"coauthors":[49,44],"class_list":["post-901","page","type-page","status-publish","hentry"],"acf":[],"yoast_head":"<!-- This site is optimized with the Yoast SEO plugin v26.9 - https:\/\/yoast.com\/product\/yoast-seo-wordpress\/ -->\n<title>Fachbereiche - FH CAMPUS 02 - Informationstechnologien &amp; Wirtschaftsinformatik<\/title>\n<meta name=\"robots\" content=\"index, follow, max-snippet:-1, max-image-preview:large, max-video-preview:-1\" \/>\n<link rel=\"canonical\" href=\"https:\/\/www.campus02.at\/wirtschaftsinformatik\/fachbereiche\/\" \/>\n<meta property=\"og:locale\" content=\"de_DE\" \/>\n<meta property=\"og:type\" content=\"article\" \/>\n<meta property=\"og:title\" content=\"Fachbereiche - FH CAMPUS 02 - Informationstechnologien &amp; Wirtschaftsinformatik\" \/>\n<meta property=\"og:description\" content=\"Unsere Fachbereiche Die Studienrichtung\u00a0Informationstechnologien und Wirtschaftsinformatik gliedert sich in Fachbereiche mit mehr&hellip;\" \/>\n<meta property=\"og:url\" content=\"https:\/\/www.campus02.at\/wirtschaftsinformatik\/fachbereiche\/\" \/>\n<meta property=\"og:site_name\" content=\"FH CAMPUS 02 - Informationstechnologien &amp; Wirtschaftsinformatik\" \/>\n<meta property=\"article:modified_time\" content=\"2022-06-15T10:44:54+00:00\" \/>\n<meta name=\"twitter:card\" content=\"summary_large_image\" \/>\n<meta name=\"twitter:label1\" content=\"Written by\" \/>\n\t<meta name=\"twitter:data1\" content=\"Lehner Tamara\" \/>\n<script type=\"application\/ld+json\" class=\"yoast-schema-graph\">{\"@context\":\"https:\/\/schema.org\",\"@graph\":[{\"@type\":\"WebPage\",\"@id\":\"https:\/\/www.campus02.at\/wirtschaftsinformatik\/fachbereiche\/\",\"url\":\"https:\/\/www.campus02.at\/wirtschaftsinformatik\/fachbereiche\/\",\"name\":\"Fachbereiche - FH CAMPUS 02 - Informationstechnologien &amp; Wirtschaftsinformatik\",\"isPartOf\":{\"@id\":\"https:\/\/www.campus02.at\/wirtschaftsinformatik\/#website\"},\"datePublished\":\"2016-07-01T13:10:06+00:00\",\"dateModified\":\"2022-06-15T10:44:54+00:00\",\"breadcrumb\":{\"@id\":\"https:\/\/www.campus02.at\/wirtschaftsinformatik\/fachbereiche\/#breadcrumb\"},\"inLanguage\":\"de\",\"potentialAction\":[{\"@type\":\"ReadAction\",\"target\":[\"https:\/\/www.campus02.at\/wirtschaftsinformatik\/fachbereiche\/\"]}]},{\"@type\":\"BreadcrumbList\",\"@id\":\"https:\/\/www.campus02.at\/wirtschaftsinformatik\/fachbereiche\/#breadcrumb\",\"itemListElement\":[{\"@type\":\"ListItem\",\"position\":1,\"name\":\"Startseite\",\"item\":\"https:\/\/www.campus02.at\/wirtschaftsinformatik\/\"},{\"@type\":\"ListItem\",\"position\":2,\"name\":\"Fachbereiche\"}]},{\"@type\":\"WebSite\",\"@id\":\"https:\/\/www.campus02.at\/wirtschaftsinformatik\/#website\",\"url\":\"https:\/\/www.campus02.at\/wirtschaftsinformatik\/\",\"name\":\"FH CAMPUS 02 - Informationstechnologien &amp; Wirtschaftsinformatik\",\"description\":\"\",\"potentialAction\":[{\"@type\":\"SearchAction\",\"target\":{\"@type\":\"EntryPoint\",\"urlTemplate\":\"https:\/\/www.campus02.at\/wirtschaftsinformatik\/?s={search_term_string}\"},\"query-input\":{\"@type\":\"PropertyValueSpecification\",\"valueRequired\":true,\"valueName\":\"search_term_string\"}}],\"inLanguage\":\"de\"}]}<\/script>\n<!-- \/ Yoast SEO plugin. -->","yoast_head_json":{"title":"Fachbereiche - FH CAMPUS 02 - Informationstechnologien &amp; Wirtschaftsinformatik","robots":{"index":"index","follow":"follow","max-snippet":"max-snippet:-1","max-image-preview":"max-image-preview:large","max-video-preview":"max-video-preview:-1"},"canonical":"https:\/\/www.campus02.at\/wirtschaftsinformatik\/fachbereiche\/","og_locale":"de_DE","og_type":"article","og_title":"Fachbereiche - FH CAMPUS 02 - Informationstechnologien &amp; Wirtschaftsinformatik","og_description":"Unsere Fachbereiche Die Studienrichtung\u00a0Informationstechnologien und Wirtschaftsinformatik gliedert sich in Fachbereiche mit mehr&hellip;","og_url":"https:\/\/www.campus02.at\/wirtschaftsinformatik\/fachbereiche\/","og_site_name":"FH CAMPUS 02 - Informationstechnologien &amp; Wirtschaftsinformatik","article_modified_time":"2022-06-15T10:44:54+00:00","twitter_card":"summary_large_image","twitter_misc":{"Written by":"Lehner Tamara"},"schema":{"@context":"https:\/\/schema.org","@graph":[{"@type":"WebPage","@id":"https:\/\/www.campus02.at\/wirtschaftsinformatik\/fachbereiche\/","url":"https:\/\/www.campus02.at\/wirtschaftsinformatik\/fachbereiche\/","name":"Fachbereiche - FH CAMPUS 02 - Informationstechnologien &amp; Wirtschaftsinformatik","isPartOf":{"@id":"https:\/\/www.campus02.at\/wirtschaftsinformatik\/#website"},"datePublished":"2016-07-01T13:10:06+00:00","dateModified":"2022-06-15T10:44:54+00:00","breadcrumb":{"@id":"https:\/\/www.campus02.at\/wirtschaftsinformatik\/fachbereiche\/#breadcrumb"},"inLanguage":"de","potentialAction":[{"@type":"ReadAction","target":["https:\/\/www.campus02.at\/wirtschaftsinformatik\/fachbereiche\/"]}]},{"@type":"BreadcrumbList","@id":"https:\/\/www.campus02.at\/wirtschaftsinformatik\/fachbereiche\/#breadcrumb","itemListElement":[{"@type":"ListItem","position":1,"name":"Startseite","item":"https:\/\/www.campus02.at\/wirtschaftsinformatik\/"},{"@type":"ListItem","position":2,"name":"Fachbereiche"}]},{"@type":"WebSite","@id":"https:\/\/www.campus02.at\/wirtschaftsinformatik\/#website","url":"https:\/\/www.campus02.at\/wirtschaftsinformatik\/","name":"FH CAMPUS 02 - Informationstechnologien &amp; Wirtschaftsinformatik","description":"","potentialAction":[{"@type":"SearchAction","target":{"@type":"EntryPoint","urlTemplate":"https:\/\/www.campus02.at\/wirtschaftsinformatik\/?s={search_term_string}"},"query-input":{"@type":"PropertyValueSpecification","valueRequired":true,"valueName":"search_term_string"}}],"inLanguage":"de"}]}},"_links":{"self":[{"href":"https:\/\/www.campus02.at\/wirtschaftsinformatik\/wp-json\/wp\/v2\/pages\/901","targetHints":{"allow":["GET"]}}],"collection":[{"href":"https:\/\/www.campus02.at\/wirtschaftsinformatik\/wp-json\/wp\/v2\/pages"}],"about":[{"href":"https:\/\/www.campus02.at\/wirtschaftsinformatik\/wp-json\/wp\/v2\/types\/page"}],"author":[{"embeddable":true,"href":"https:\/\/www.campus02.at\/wirtschaftsinformatik\/wp-json\/wp\/v2\/users\/171"}],"replies":[{"embeddable":true,"href":"https:\/\/www.campus02.at\/wirtschaftsinformatik\/wp-json\/wp\/v2\/comments?post=901"}],"version-history":[{"count":7,"href":"https:\/\/www.campus02.at\/wirtschaftsinformatik\/wp-json\/wp\/v2\/pages\/901\/revisions"}],"predecessor-version":[{"id":5678,"href":"https:\/\/www.campus02.at\/wirtschaftsinformatik\/wp-json\/wp\/v2\/pages\/901\/revisions\/5678"}],"wp:attachment":[{"href":"https:\/\/www.campus02.at\/wirtschaftsinformatik\/wp-json\/wp\/v2\/media?parent=901"}],"wp:term":[{"taxonomy":"author","embeddable":true,"href":"https:\/\/www.campus02.at\/wirtschaftsinformatik\/wp-json\/wp\/v2\/coauthors?post=901"}],"curies":[{"name":"wp","href":"https:\/\/api.w.org\/{rel}","templated":true}]}}