{"id":857,"date":"2016-07-01T13:02:04","date_gmt":"2016-07-01T11:02:04","guid":{"rendered":"https:\/\/www.campus02.at\/wirtschaftsinformatik\/?page_id=857"},"modified":"2022-06-15T12:44:41","modified_gmt":"2022-06-15T10:44:41","slug":"haeufig-gestellte-fragen-im-ueberblick","status":"publish","type":"page","link":"https:\/\/www.campus02.at\/wirtschaftsinformatik\/haeufig-gestellte-fragen-im-ueberblick\/","title":{"rendered":"FAQs im \u00dcberblick"},"content":{"rendered":"<div class=\"flex-campus-main flex-campus-main-Text\"><h1><small>FAQs<\/small><br \/>\nH\u00e4ufig gestellte Fragen im \u00dcberblick<\/h1>\n<p>Unsere Website konnte Ihnen noch nicht all Ihre Fragen beantworten?<\/p>\n<p>Hier finden Sie einen Auszug aus Fragen, die h\u00e4ufig an uns gestellt werden. Falls dar\u00fcber hinaus noch weitere Fragen offen sind, beraten und informieren wir Sie auch gerne pers\u00f6nlich.<\/p>\n<\/div><div class=\"flex-campus-main flex-campus-main-Accordion\"><div class=\"panel-group\" id=\"flexAccordion-1\" role=\"tablist\" aria-multiselectable=\"true\">\n            <div class=\"panel panel-default\">\n            <div class=\"panel-heading\" role=\"tab\" id=\"flexAccordion-1-0-heading\">\n                <h4 class=\"panel-title\">\n                    <a role=\"button\" data-toggle=\"collapse\" data-parent=\"#flexAccordion-1\" href=\"#flexAccordion-1-0-collapse\" aria-expanded=\"true\"\n                       aria-controls=\"flexAccordion-1-0-collapse\">\n                        Wann beginnt das Studienjahr?                    <\/a>\n                <\/h4>\n            <\/div>\n            <div id=\"flexAccordion-1-0-collapse\" class=\"panel-collapse collapse \" role=\"tabpanel\" aria-labelledby=\"flexAccordion-1-0-heading\">\n                <div class=\"panel-body\">\n                    <p>Das Studienjahr beginnt jedes Jahr Mitte September (jeweils am ersten Freitag nach Schulbeginn in der Steiermark).<\/p>\n                <\/div>\n            <\/div>\n        <\/div>\n            <div class=\"panel panel-default\">\n            <div class=\"panel-heading\" role=\"tab\" id=\"flexAccordion-1-1-heading\">\n                <h4 class=\"panel-title\">\n                    <a role=\"button\" data-toggle=\"collapse\" data-parent=\"#flexAccordion-1\" href=\"#flexAccordion-1-1-collapse\" aria-expanded=\"true\"\n                       aria-controls=\"flexAccordion-1-1-collapse\">\n                        Wie lange dauert ein Semester?                    <\/a>\n                <\/h4>\n            <\/div>\n            <div id=\"flexAccordion-1-1-collapse\" class=\"panel-collapse collapse \" role=\"tabpanel\" aria-labelledby=\"flexAccordion-1-1-heading\">\n                <div class=\"panel-body\">\n                    <p>Das Wintersemester beginnt jeweils Mitte September und endet Mitte Februar. Das Sommersemester beginnt Mitte Februar und endet Mitte Juli.<\/p>\n                <\/div>\n            <\/div>\n        <\/div>\n            <div class=\"panel panel-default\">\n            <div class=\"panel-heading\" role=\"tab\" id=\"flexAccordion-1-2-heading\">\n                <h4 class=\"panel-title\">\n                    <a role=\"button\" data-toggle=\"collapse\" data-parent=\"#flexAccordion-1\" href=\"#flexAccordion-1-2-collapse\" aria-expanded=\"true\"\n                       aria-controls=\"flexAccordion-1-2-collapse\">\n                        Was bedeutet \"berufsbegleitend studieren\"?                    <\/a>\n                <\/h4>\n            <\/div>\n            <div id=\"flexAccordion-1-2-collapse\" class=\"panel-collapse collapse \" role=\"tabpanel\" aria-labelledby=\"flexAccordion-1-2-heading\">\n                <div class=\"panel-body\">\n                    <p>Der Unterricht findet ausschlie\u00dflich am Wochenende statt: Freitag von 13:45 \u2013 21:30 Uhr, Samstag von 08:00 \u2013 16:00 Uhr. Am Beginn jedes Semesters findet eine Intensivwoche statt, in der auch unter der Woche ab 13:45 Uhr bis 21:30 Uhr unterrichtet wird.<\/p>\n<p>Auch Maturant*innen k\u00f6nnen dieses &#8222;berufsbegleitende Studium&#8220; absolvieren &#8211; Berufst\u00e4tigkeit ist keine Zugangsvoraussetzung.<\/p>\n                <\/div>\n            <\/div>\n        <\/div>\n            <div class=\"panel panel-default\">\n            <div class=\"panel-heading\" role=\"tab\" id=\"flexAccordion-1-3-heading\">\n                <h4 class=\"panel-title\">\n                    <a role=\"button\" data-toggle=\"collapse\" data-parent=\"#flexAccordion-1\" href=\"#flexAccordion-1-3-collapse\" aria-expanded=\"true\"\n                       aria-controls=\"flexAccordion-1-3-collapse\">\n                        Wie hoch sind die Studiengeb\u00fchren an der FH CAMPUS 02?                    <\/a>\n                <\/h4>\n            <\/div>\n            <div id=\"flexAccordion-1-3-collapse\" class=\"panel-collapse collapse \" role=\"tabpanel\" aria-labelledby=\"flexAccordion-1-3-heading\">\n                <div class=\"panel-body\">\n                    <p>Hier finden Sie die aktuell anfallenden <a href=\"https:\/\/www.campus02.at\/bewerbung\/studieninformation\/studiengebuehren\/\"><i class=\"fa fa-arrow-right \"><\/i> Studienbeitr\u00e4ge und -geb\u00fchren<\/a>.<\/p>\n                <\/div>\n            <\/div>\n        <\/div>\n            <div class=\"panel panel-default\">\n            <div class=\"panel-heading\" role=\"tab\" id=\"flexAccordion-1-4-heading\">\n                <h4 class=\"panel-title\">\n                    <a role=\"button\" data-toggle=\"collapse\" data-parent=\"#flexAccordion-1\" href=\"#flexAccordion-1-4-collapse\" aria-expanded=\"true\"\n                       aria-controls=\"flexAccordion-1-4-collapse\">\n                        Welchen Abschluss habe ich nach dem Studium?                    <\/a>\n                <\/h4>\n            <\/div>\n            <div id=\"flexAccordion-1-4-collapse\" class=\"panel-collapse collapse \" role=\"tabpanel\" aria-labelledby=\"flexAccordion-1-4-heading\">\n                <div class=\"panel-body\">\n                    <p>Nach Abschluss des Bachelorstudiums Wirtschaftsinformatik wird der akademische Grad Bachelor of Science in Engineering (abgek\u00fcrzt BSc) vergeben. Das Masterstudium IT &amp; Wirtschaftsinformatik schlie\u00dft mit dem akademischen Diplom-Ingenieur (abgek\u00fcrzt Dipl.-Ing. oder DI) ab.<\/p>\n                <\/div>\n            <\/div>\n        <\/div>\n            <div class=\"panel panel-default\">\n            <div class=\"panel-heading\" role=\"tab\" id=\"flexAccordion-1-5-heading\">\n                <h4 class=\"panel-title\">\n                    <a role=\"button\" data-toggle=\"collapse\" data-parent=\"#flexAccordion-1\" href=\"#flexAccordion-1-5-collapse\" aria-expanded=\"true\"\n                       aria-controls=\"flexAccordion-1-5-collapse\">\n                        Gibt es Anrechnungsm\u00f6glichkeiten?                    <\/a>\n                <\/h4>\n            <\/div>\n            <div id=\"flexAccordion-1-5-collapse\" class=\"panel-collapse collapse \" role=\"tabpanel\" aria-labelledby=\"flexAccordion-1-5-heading\">\n                <div class=\"panel-body\">\n                    <p>Grunds\u00e4tzlich k\u00f6nnen deckungsgleiche bzw. sehr \u00e4hnliche Lehrinhalte von anderen Hochschulen oder Universit\u00e4ten angerechnet werden &#8211; jedoch startet der Anrechnungsprozess erst nach dem positiven Bewerbungsdurchlauf. Deshalb k\u00f6nnen wir vorab keine fixen Anrechnungszusagen aussprechen.<\/p>\n                <\/div>\n            <\/div>\n        <\/div>\n            <div class=\"panel panel-default\">\n            <div class=\"panel-heading\" role=\"tab\" id=\"flexAccordion-1-6-heading\">\n                <h4 class=\"panel-title\">\n                    <a role=\"button\" data-toggle=\"collapse\" data-parent=\"#flexAccordion-1\" href=\"#flexAccordion-1-6-collapse\" aria-expanded=\"true\"\n                       aria-controls=\"flexAccordion-1-6-collapse\">\n                        Welche Zugangsvoraussetzungen gibt es f\u00fcr Bewerber*innen?                    <\/a>\n                <\/h4>\n            <\/div>\n            <div id=\"flexAccordion-1-6-collapse\" class=\"panel-collapse collapse \" role=\"tabpanel\" aria-labelledby=\"flexAccordion-1-6-heading\">\n                <div class=\"panel-body\">\n                    <p>Hier finden Sie n\u00e4here Informationen zu den <a href=\"https:\/\/www.campus02.at\/bewerbung\/ihr-weg-ins-studium\/zugangsvoraussetzungen\/\"><i class=\"fa fa-arrow-right \"><\/i> Zugangsvoraussetzungen f\u00fcr Bachelorstudieng\u00e4nge<\/a>.<\/p>\n<p>Hier finden Sie n\u00e4here Informationen zu den <a href=\"https:\/\/www.campus02.at\/bewerbung\/ihr-weg-ins-studium\/zugangsvoraussetzungen-masterstudiengaenge\/\"><i class=\"fa fa-arrow-right \"><\/i> Zugangsvoraussetzungen f\u00fcr Masterstudieng\u00e4nge<\/a>.<\/p>\n                <\/div>\n            <\/div>\n        <\/div>\n            <div class=\"panel panel-default\">\n            <div class=\"panel-heading\" role=\"tab\" id=\"flexAccordion-1-7-heading\">\n                <h4 class=\"panel-title\">\n                    <a role=\"button\" data-toggle=\"collapse\" data-parent=\"#flexAccordion-1\" href=\"#flexAccordion-1-7-collapse\" aria-expanded=\"true\"\n                       aria-controls=\"flexAccordion-1-7-collapse\">\n                        Wie l\u00e4uft das Aufnahmeverfahren ab?                    <\/a>\n                <\/h4>\n            <\/div>\n            <div id=\"flexAccordion-1-7-collapse\" class=\"panel-collapse collapse \" role=\"tabpanel\" aria-labelledby=\"flexAccordion-1-7-heading\">\n                <div class=\"panel-body\">\n                    <p>Hier finden Sie n\u00e4here Informationen zum Ablauf des <a href=\"https:\/\/www.campus02.at\/bewerbung\/ihr-weg-ins-studium\/aufnahmeverfahren\/\"><i class=\"fa fa-arrow-right \"><\/i> Aufnahmeverfahrens<\/a>.<\/p>\n                <\/div>\n            <\/div>\n        <\/div>\n            <div class=\"panel panel-default\">\n            <div class=\"panel-heading\" role=\"tab\" id=\"flexAccordion-1-8-heading\">\n                <h4 class=\"panel-title\">\n                    <a role=\"button\" data-toggle=\"collapse\" data-parent=\"#flexAccordion-1\" href=\"#flexAccordion-1-8-collapse\" aria-expanded=\"true\"\n                       aria-controls=\"flexAccordion-1-8-collapse\">\n                        Was soll das Motivationsschreiben enthalten?                    <\/a>\n                <\/h4>\n            <\/div>\n            <div id=\"flexAccordion-1-8-collapse\" class=\"panel-collapse collapse \" role=\"tabpanel\" aria-labelledby=\"flexAccordion-1-8-heading\">\n                <div class=\"panel-body\">\n                    <p>Aus dem Motivationsschreiben sollte klar hervorgehen, warum Sie sich f\u00fcr das Studium entschieden haben und was Sie sich vom Studium erwarten.<\/p>\n                <\/div>\n            <\/div>\n        <\/div>\n            <div class=\"panel panel-default\">\n            <div class=\"panel-heading\" role=\"tab\" id=\"flexAccordion-1-9-heading\">\n                <h4 class=\"panel-title\">\n                    <a role=\"button\" data-toggle=\"collapse\" data-parent=\"#flexAccordion-1\" href=\"#flexAccordion-1-9-collapse\" aria-expanded=\"true\"\n                       aria-controls=\"flexAccordion-1-9-collapse\">\n                        Ist ein Empfehlungsschreiben der Firma bei den Bewerbungsunterlagen unbedingt erforderlich?                    <\/a>\n                <\/h4>\n            <\/div>\n            <div id=\"flexAccordion-1-9-collapse\" class=\"panel-collapse collapse \" role=\"tabpanel\" aria-labelledby=\"flexAccordion-1-9-heading\">\n                <div class=\"panel-body\">\n                    <p>Das Schreiben ist optional, jedoch gibt es im Aufnahmeverfahren ein strenges Punktesystem und auch f\u00fcr die Unterst\u00fctzung des Dienstgebers werden Punkte vergeben.<\/p>\n                <\/div>\n            <\/div>\n        <\/div>\n            <div class=\"panel panel-default\">\n            <div class=\"panel-heading\" role=\"tab\" id=\"flexAccordion-1-10-heading\">\n                <h4 class=\"panel-title\">\n                    <a role=\"button\" data-toggle=\"collapse\" data-parent=\"#flexAccordion-1\" href=\"#flexAccordion-1-10-collapse\" aria-expanded=\"true\"\n                       aria-controls=\"flexAccordion-1-10-collapse\">\n                        Kann man sich gleichzeitig f\u00fcr mehrere Studienrichtungen bewerben?                    <\/a>\n                <\/h4>\n            <\/div>\n            <div id=\"flexAccordion-1-10-collapse\" class=\"panel-collapse collapse \" role=\"tabpanel\" aria-labelledby=\"flexAccordion-1-10-heading\">\n                <div class=\"panel-body\">\n                    <p>Nat\u00fcrlich ist es m\u00f6glich, sich an mehreren Studieng\u00e4ngen zu bewerben.<\/p>\n                <\/div>\n            <\/div>\n        <\/div>\n            <div class=\"panel panel-default\">\n            <div class=\"panel-heading\" role=\"tab\" id=\"flexAccordion-1-11-heading\">\n                <h4 class=\"panel-title\">\n                    <a role=\"button\" data-toggle=\"collapse\" data-parent=\"#flexAccordion-1\" href=\"#flexAccordion-1-11-collapse\" aria-expanded=\"true\"\n                       aria-controls=\"flexAccordion-1-11-collapse\">\n                        Ich habe keine Matura, kann ich mich trotzdem bewerben?                    <\/a>\n                <\/h4>\n            <\/div>\n            <div id=\"flexAccordion-1-11-collapse\" class=\"panel-collapse collapse \" role=\"tabpanel\" aria-labelledby=\"flexAccordion-1-11-heading\">\n                <div class=\"panel-body\">\n                    <p>Ja, bei einschl\u00e4giger beruflicher Qualifikation. N\u00e4here Informationen finden Sie unter\u00a0<a href=\"https:\/\/www.campus02.at\/bewerbung\/ihr-weg-ins-studium\/zugangsvoraussetzungen\/\"><i class=\"fa fa-arrow-right \"><\/i> Zugangsvoraussetzungen<\/a>.<\/p>\n                <\/div>\n            <\/div>\n        <\/div>\n            <div class=\"panel panel-default\">\n            <div class=\"panel-heading\" role=\"tab\" id=\"flexAccordion-1-12-heading\">\n                <h4 class=\"panel-title\">\n                    <a role=\"button\" data-toggle=\"collapse\" data-parent=\"#flexAccordion-1\" href=\"#flexAccordion-1-12-collapse\" aria-expanded=\"true\"\n                       aria-controls=\"flexAccordion-1-12-collapse\">\n                        Wo kann ich mich n\u00e4her \u00fcber das Studienangebot informieren?                    <\/a>\n                <\/h4>\n            <\/div>\n            <div id=\"flexAccordion-1-12-collapse\" class=\"panel-collapse collapse \" role=\"tabpanel\" aria-labelledby=\"flexAccordion-1-12-heading\">\n                <div class=\"panel-body\">\n                    <p>Es gibt regelm\u00e4\u00dfige Informationsveranstaltungen\u00a0unseres Studiengangs\u00a0sowie die M\u00f6glichkeit einer pers\u00f6nlichen Studienberatung. <a href=\"https:\/\/www.campus02.at\/news-events\/events\/\">Hier<\/a> finden Sie die kommenden Events.<\/p>\n                <\/div>\n            <\/div>\n        <\/div>\n            <div class=\"panel panel-default\">\n            <div class=\"panel-heading\" role=\"tab\" id=\"flexAccordion-1-13-heading\">\n                <h4 class=\"panel-title\">\n                    <a role=\"button\" data-toggle=\"collapse\" data-parent=\"#flexAccordion-1\" href=\"#flexAccordion-1-13-collapse\" aria-expanded=\"true\"\n                       aria-controls=\"flexAccordion-1-13-collapse\">\n                        Gibt es von Seiten der Fachhochschule finanzielle Unterst\u00fctzung f\u00fcr die Erbringung der Studiengeb\u00fchren?                    <\/a>\n                <\/h4>\n            <\/div>\n            <div id=\"flexAccordion-1-13-collapse\" class=\"panel-collapse collapse \" role=\"tabpanel\" aria-labelledby=\"flexAccordion-1-13-heading\">\n                <div class=\"panel-body\">\n                    <p>Seitens der FH CAMPUS 02 gibt es keine Unterst\u00fctzung. Bitte informieren Sie sich diesbez\u00fcglich bei der Studienbeihilfebeh\u00f6rde (<a href=\"http:\/\/www.stipendium.at\" target=\"_self\">www.stipendium.at)<\/a>.<\/p>\n                <\/div>\n            <\/div>\n        <\/div>\n            <div class=\"panel panel-default\">\n            <div class=\"panel-heading\" role=\"tab\" id=\"flexAccordion-1-14-heading\">\n                <h4 class=\"panel-title\">\n                    <a role=\"button\" data-toggle=\"collapse\" data-parent=\"#flexAccordion-1\" href=\"#flexAccordion-1-14-collapse\" aria-expanded=\"true\"\n                       aria-controls=\"flexAccordion-1-14-collapse\">\n                        Kann ich auch als berufsbegleitende*r Studierende*r sonstige Verg\u00fcnstigungen f\u00fcr Studierende in Anspruch nehmen?                    <\/a>\n                <\/h4>\n            <\/div>\n            <div id=\"flexAccordion-1-14-collapse\" class=\"panel-collapse collapse \" role=\"tabpanel\" aria-labelledby=\"flexAccordion-1-14-heading\">\n                <div class=\"panel-body\">\n                    <p>Mit dem Studierendenausweis bekommen Sie auch als berufsbegleitende*r Studierende*r alle Studierendenerm\u00e4\u00dfigungen. Daher Studierendenausweis immer mitnehmen!<\/p>\n                <\/div>\n            <\/div>\n        <\/div>\n    <\/div>\n<\/div>","protected":false},"excerpt":{"rendered":"<p>FAQs H\u00e4ufig gestellte Fragen im \u00dcberblick Unsere Website konnte Ihnen noch nicht all Ihre Fragen beantworten? Hier finden Sie <a href=\"https:\/\/www.campus02.at\/wirtschaftsinformatik\/haeufig-gestellte-fragen-im-ueberblick\/\" class=\"more-link\">mehr&hellip;<\/a><\/p>\n","protected":false},"author":135,"featured_media":0,"parent":0,"menu_order":4,"comment_status":"closed","ping_status":"closed","template":"","meta":{"_acf_changed":false,"footnotes":""},"coauthors":[44,49],"class_list":["post-857","page","type-page","status-publish","hentry"],"acf":[],"yoast_head":"<!-- This site is optimized with the Yoast SEO plugin v26.9 - https:\/\/yoast.com\/product\/yoast-seo-wordpress\/ -->\n<title>FAQs im \u00dcberblick - FH CAMPUS 02 - Informationstechnologien &amp; Wirtschaftsinformatik<\/title>\n<meta name=\"robots\" content=\"index, follow, max-snippet:-1, max-image-preview:large, max-video-preview:-1\" \/>\n<link rel=\"canonical\" href=\"https:\/\/www.campus02.at\/wirtschaftsinformatik\/haeufig-gestellte-fragen-im-ueberblick\/\" \/>\n<meta property=\"og:locale\" content=\"de_DE\" \/>\n<meta property=\"og:type\" content=\"article\" \/>\n<meta property=\"og:title\" content=\"FAQs im \u00dcberblick - FH CAMPUS 02 - Informationstechnologien &amp; Wirtschaftsinformatik\" \/>\n<meta property=\"og:description\" content=\"FAQs H\u00e4ufig gestellte Fragen im \u00dcberblick Unsere Website konnte Ihnen noch nicht all Ihre Fragen beantworten? Hier finden Sie mehr&hellip;\" \/>\n<meta property=\"og:url\" content=\"https:\/\/www.campus02.at\/wirtschaftsinformatik\/haeufig-gestellte-fragen-im-ueberblick\/\" \/>\n<meta property=\"og:site_name\" content=\"FH CAMPUS 02 - Informationstechnologien &amp; Wirtschaftsinformatik\" \/>\n<meta property=\"article:modified_time\" content=\"2022-06-15T10:44:41+00:00\" \/>\n<meta name=\"twitter:card\" content=\"summary_large_image\" \/>\n<meta name=\"twitter:label1\" content=\"Written by\" \/>\n\t<meta name=\"twitter:data1\" content=\"Lehner Tamara\" \/>\n<script type=\"application\/ld+json\" class=\"yoast-schema-graph\">{\"@context\":\"https:\/\/schema.org\",\"@graph\":[{\"@type\":\"WebPage\",\"@id\":\"https:\/\/www.campus02.at\/wirtschaftsinformatik\/haeufig-gestellte-fragen-im-ueberblick\/\",\"url\":\"https:\/\/www.campus02.at\/wirtschaftsinformatik\/haeufig-gestellte-fragen-im-ueberblick\/\",\"name\":\"FAQs im \u00dcberblick - FH CAMPUS 02 - Informationstechnologien &amp; Wirtschaftsinformatik\",\"isPartOf\":{\"@id\":\"https:\/\/www.campus02.at\/wirtschaftsinformatik\/#website\"},\"datePublished\":\"2016-07-01T11:02:04+00:00\",\"dateModified\":\"2022-06-15T10:44:41+00:00\",\"breadcrumb\":{\"@id\":\"https:\/\/www.campus02.at\/wirtschaftsinformatik\/haeufig-gestellte-fragen-im-ueberblick\/#breadcrumb\"},\"inLanguage\":\"de\",\"potentialAction\":[{\"@type\":\"ReadAction\",\"target\":[\"https:\/\/www.campus02.at\/wirtschaftsinformatik\/haeufig-gestellte-fragen-im-ueberblick\/\"]}]},{\"@type\":\"BreadcrumbList\",\"@id\":\"https:\/\/www.campus02.at\/wirtschaftsinformatik\/haeufig-gestellte-fragen-im-ueberblick\/#breadcrumb\",\"itemListElement\":[{\"@type\":\"ListItem\",\"position\":1,\"name\":\"Startseite\",\"item\":\"https:\/\/www.campus02.at\/wirtschaftsinformatik\/\"},{\"@type\":\"ListItem\",\"position\":2,\"name\":\"FAQs im \u00dcberblick\"}]},{\"@type\":\"WebSite\",\"@id\":\"https:\/\/www.campus02.at\/wirtschaftsinformatik\/#website\",\"url\":\"https:\/\/www.campus02.at\/wirtschaftsinformatik\/\",\"name\":\"FH CAMPUS 02 - Informationstechnologien &amp; Wirtschaftsinformatik\",\"description\":\"\",\"potentialAction\":[{\"@type\":\"SearchAction\",\"target\":{\"@type\":\"EntryPoint\",\"urlTemplate\":\"https:\/\/www.campus02.at\/wirtschaftsinformatik\/?s={search_term_string}\"},\"query-input\":{\"@type\":\"PropertyValueSpecification\",\"valueRequired\":true,\"valueName\":\"search_term_string\"}}],\"inLanguage\":\"de\"}]}<\/script>\n<!-- \/ Yoast SEO plugin. -->","yoast_head_json":{"title":"FAQs im \u00dcberblick - FH CAMPUS 02 - Informationstechnologien &amp; Wirtschaftsinformatik","robots":{"index":"index","follow":"follow","max-snippet":"max-snippet:-1","max-image-preview":"max-image-preview:large","max-video-preview":"max-video-preview:-1"},"canonical":"https:\/\/www.campus02.at\/wirtschaftsinformatik\/haeufig-gestellte-fragen-im-ueberblick\/","og_locale":"de_DE","og_type":"article","og_title":"FAQs im \u00dcberblick - FH CAMPUS 02 - Informationstechnologien &amp; Wirtschaftsinformatik","og_description":"FAQs H\u00e4ufig gestellte Fragen im \u00dcberblick Unsere Website konnte Ihnen noch nicht all Ihre Fragen beantworten? Hier finden Sie mehr&hellip;","og_url":"https:\/\/www.campus02.at\/wirtschaftsinformatik\/haeufig-gestellte-fragen-im-ueberblick\/","og_site_name":"FH CAMPUS 02 - Informationstechnologien &amp; Wirtschaftsinformatik","article_modified_time":"2022-06-15T10:44:41+00:00","twitter_card":"summary_large_image","twitter_misc":{"Written by":"Lehner Tamara"},"schema":{"@context":"https:\/\/schema.org","@graph":[{"@type":"WebPage","@id":"https:\/\/www.campus02.at\/wirtschaftsinformatik\/haeufig-gestellte-fragen-im-ueberblick\/","url":"https:\/\/www.campus02.at\/wirtschaftsinformatik\/haeufig-gestellte-fragen-im-ueberblick\/","name":"FAQs im \u00dcberblick - FH CAMPUS 02 - Informationstechnologien &amp; Wirtschaftsinformatik","isPartOf":{"@id":"https:\/\/www.campus02.at\/wirtschaftsinformatik\/#website"},"datePublished":"2016-07-01T11:02:04+00:00","dateModified":"2022-06-15T10:44:41+00:00","breadcrumb":{"@id":"https:\/\/www.campus02.at\/wirtschaftsinformatik\/haeufig-gestellte-fragen-im-ueberblick\/#breadcrumb"},"inLanguage":"de","potentialAction":[{"@type":"ReadAction","target":["https:\/\/www.campus02.at\/wirtschaftsinformatik\/haeufig-gestellte-fragen-im-ueberblick\/"]}]},{"@type":"BreadcrumbList","@id":"https:\/\/www.campus02.at\/wirtschaftsinformatik\/haeufig-gestellte-fragen-im-ueberblick\/#breadcrumb","itemListElement":[{"@type":"ListItem","position":1,"name":"Startseite","item":"https:\/\/www.campus02.at\/wirtschaftsinformatik\/"},{"@type":"ListItem","position":2,"name":"FAQs im \u00dcberblick"}]},{"@type":"WebSite","@id":"https:\/\/www.campus02.at\/wirtschaftsinformatik\/#website","url":"https:\/\/www.campus02.at\/wirtschaftsinformatik\/","name":"FH CAMPUS 02 - Informationstechnologien &amp; Wirtschaftsinformatik","description":"","potentialAction":[{"@type":"SearchAction","target":{"@type":"EntryPoint","urlTemplate":"https:\/\/www.campus02.at\/wirtschaftsinformatik\/?s={search_term_string}"},"query-input":{"@type":"PropertyValueSpecification","valueRequired":true,"valueName":"search_term_string"}}],"inLanguage":"de"}]}},"_links":{"self":[{"href":"https:\/\/www.campus02.at\/wirtschaftsinformatik\/wp-json\/wp\/v2\/pages\/857","targetHints":{"allow":["GET"]}}],"collection":[{"href":"https:\/\/www.campus02.at\/wirtschaftsinformatik\/wp-json\/wp\/v2\/pages"}],"about":[{"href":"https:\/\/www.campus02.at\/wirtschaftsinformatik\/wp-json\/wp\/v2\/types\/page"}],"author":[{"embeddable":true,"href":"https:\/\/www.campus02.at\/wirtschaftsinformatik\/wp-json\/wp\/v2\/users\/135"}],"replies":[{"embeddable":true,"href":"https:\/\/www.campus02.at\/wirtschaftsinformatik\/wp-json\/wp\/v2\/comments?post=857"}],"version-history":[{"count":8,"href":"https:\/\/www.campus02.at\/wirtschaftsinformatik\/wp-json\/wp\/v2\/pages\/857\/revisions"}],"predecessor-version":[{"id":5677,"href":"https:\/\/www.campus02.at\/wirtschaftsinformatik\/wp-json\/wp\/v2\/pages\/857\/revisions\/5677"}],"wp:attachment":[{"href":"https:\/\/www.campus02.at\/wirtschaftsinformatik\/wp-json\/wp\/v2\/media?parent=857"}],"wp:term":[{"taxonomy":"author","embeddable":true,"href":"https:\/\/www.campus02.at\/wirtschaftsinformatik\/wp-json\/wp\/v2\/coauthors?post=857"}],"curies":[{"name":"wp","href":"https:\/\/api.w.org\/{rel}","templated":true}]}}