{"id":857,"date":"2016-07-01T13:02:04","date_gmt":"2016-07-01T11:02:04","guid":{"rendered":"https:\/\/www.campus02.at\/wirtschaftsinformatik\/?page_id=857"},"modified":"2022-06-15T12:44:41","modified_gmt":"2022-06-15T10:44:41","slug":"haeufig-gestellte-fragen-im-ueberblick","status":"publish","type":"page","link":"https:\/\/www.campus02.at\/wirtschaftsinformatik\/en\/haeufig-gestellte-fragen-im-ueberblick\/","title":{"rendered":"FAQs im \u00dcberblick"},"content":{"rendered":"<div class=\"flex-campus-main flex-campus-main-Text\"><h1><small>FAQs<\/small><br \/>\nFrequently asked questions<\/h1>\n<p>Our website has not yet answered all your questions?<\/p>\n<p>Here you will find a selection of questions that we are frequently asked. If you have any further questions, we will be happy to advise and inform you personally.<\/p>\n<\/div><div class=\"flex-campus-main flex-campus-main-Accordion\"><div class=\"panel-group\" id=\"flexAccordion-1\" role=\"tablist\" aria-multiselectable=\"true\">\n            <div class=\"panel panel-default\">\n            <div class=\"panel-heading\" role=\"tab\" id=\"flexAccordion-1-0-heading\">\n                <h4 class=\"panel-title\">\n                    <a role=\"button\" data-toggle=\"collapse\" data-parent=\"#flexAccordion-1\" href=\"#flexAccordion-1-0-collapse\" aria-expanded=\"true\"\n                       aria-controls=\"flexAccordion-1-0-collapse\">\n                        When does the academic year begin?                    <\/a>\n                <\/h4>\n            <\/div>\n            <div id=\"flexAccordion-1-0-collapse\" class=\"panel-collapse collapse\" role=\"tabpanel\" aria-labelledby=\"flexAccordion-1-0-heading\">\n                <div class=\"panel-body\">\n                    <p>The academic year begins every year in mid-September (on the first Friday after the start of school in Styria).<\/p>\n                <\/div>\n            <\/div>\n        <\/div>\n            <div class=\"panel panel-default\">\n            <div class=\"panel-heading\" role=\"tab\" id=\"flexAccordion-1-1-heading\">\n                <h4 class=\"panel-title\">\n                    <a role=\"button\" data-toggle=\"collapse\" data-parent=\"#flexAccordion-1\" href=\"#flexAccordion-1-1-collapse\" aria-expanded=\"true\"\n                       aria-controls=\"flexAccordion-1-1-collapse\">\n                        How long is a semester?                    <\/a>\n                <\/h4>\n            <\/div>\n            <div id=\"flexAccordion-1-1-collapse\" class=\"panel-collapse collapse\" role=\"tabpanel\" aria-labelledby=\"flexAccordion-1-1-heading\">\n                <div class=\"panel-body\">\n                    <p>The winter semester begins in mid-September and ends in mid-February. The summer semester begins in mid-February and ends in mid-July.<\/p>\n                <\/div>\n            <\/div>\n        <\/div>\n            <div class=\"panel panel-default\">\n            <div class=\"panel-heading\" role=\"tab\" id=\"flexAccordion-1-2-heading\">\n                <h4 class=\"panel-title\">\n                    <a role=\"button\" data-toggle=\"collapse\" data-parent=\"#flexAccordion-1\" href=\"#flexAccordion-1-2-collapse\" aria-expanded=\"true\"\n                       aria-controls=\"flexAccordion-1-2-collapse\">\n                        What does \"extra occupational studies\" mean?                    <\/a>\n                <\/h4>\n            <\/div>\n            <div id=\"flexAccordion-1-2-collapse\" class=\"panel-collapse collapse\" role=\"tabpanel\" aria-labelledby=\"flexAccordion-1-2-heading\">\n                <div class=\"panel-body\">\n                    <p>Lessons take place exclusively at the weekend: Friday from 13:45 - 21:30, Saturday from 08:00 - 16:00. There is an intensive week at the beginning of each semester, during which lessons are also held during the week from 13:45 to 21:30.<\/p>\n<p>High school graduates can also complete this \"part-time degree\" - employment is not a prerequisite for admission.<\/p>\n                <\/div>\n            <\/div>\n        <\/div>\n            <div class=\"panel panel-default\">\n            <div class=\"panel-heading\" role=\"tab\" id=\"flexAccordion-1-3-heading\">\n                <h4 class=\"panel-title\">\n                    <a role=\"button\" data-toggle=\"collapse\" data-parent=\"#flexAccordion-1\" href=\"#flexAccordion-1-3-collapse\" aria-expanded=\"true\"\n                       aria-controls=\"flexAccordion-1-3-collapse\">\n                        How high are the tuition fees at CAMPUS 02?                    <\/a>\n                <\/h4>\n            <\/div>\n            <div id=\"flexAccordion-1-3-collapse\" class=\"panel-collapse collapse\" role=\"tabpanel\" aria-labelledby=\"flexAccordion-1-3-heading\">\n                <div class=\"panel-body\">\n                    <p>Here you can find the current <a href=\"https:\/\/www.campus02.at\/en\/bewerbung\/studieninformation\/studiengebuehren\/\"><i class=\"fa fa-arrow-right\"><\/i> Tuition fees and charges<\/a>.<\/p>\n                <\/div>\n            <\/div>\n        <\/div>\n            <div class=\"panel panel-default\">\n            <div class=\"panel-heading\" role=\"tab\" id=\"flexAccordion-1-4-heading\">\n                <h4 class=\"panel-title\">\n                    <a role=\"button\" data-toggle=\"collapse\" data-parent=\"#flexAccordion-1\" href=\"#flexAccordion-1-4-collapse\" aria-expanded=\"true\"\n                       aria-controls=\"flexAccordion-1-4-collapse\">\n                        What degree will I have after my studies?                    <\/a>\n                <\/h4>\n            <\/div>\n            <div id=\"flexAccordion-1-4-collapse\" class=\"panel-collapse collapse\" role=\"tabpanel\" aria-labelledby=\"flexAccordion-1-4-heading\">\n                <div class=\"panel-body\">\n                    <p>The Bachelor of Science in Engineering (abbreviated to BSc) is awarded on completion of the Bachelor's degree program in Information Systems. The Master's degree program in IT &amp; Business Informatics concludes with the academic degree of Diplom-Ingenieur (abbreviated to Dipl.-Ing. or DI).<\/p>\n                <\/div>\n            <\/div>\n        <\/div>\n            <div class=\"panel panel-default\">\n            <div class=\"panel-heading\" role=\"tab\" id=\"flexAccordion-1-5-heading\">\n                <h4 class=\"panel-title\">\n                    <a role=\"button\" data-toggle=\"collapse\" data-parent=\"#flexAccordion-1\" href=\"#flexAccordion-1-5-collapse\" aria-expanded=\"true\"\n                       aria-controls=\"flexAccordion-1-5-collapse\">\n                        Are there options to apply for recognition of course units?                    <\/a>\n                <\/h4>\n            <\/div>\n            <div id=\"flexAccordion-1-5-collapse\" class=\"panel-collapse collapse\" role=\"tabpanel\" aria-labelledby=\"flexAccordion-1-5-heading\">\n                <div class=\"panel-body\">\n                    <p>In principle, congruent or very similar course content from other colleges or universities can be recognized - however, the recognition process only starts after the positive application process. For this reason, we are unable to make any definite commitments in advance.<\/p>\n                <\/div>\n            <\/div>\n        <\/div>\n            <div class=\"panel panel-default\">\n            <div class=\"panel-heading\" role=\"tab\" id=\"flexAccordion-1-6-heading\">\n                <h4 class=\"panel-title\">\n                    <a role=\"button\" data-toggle=\"collapse\" data-parent=\"#flexAccordion-1\" href=\"#flexAccordion-1-6-collapse\" aria-expanded=\"true\"\n                       aria-controls=\"flexAccordion-1-6-collapse\">\n                        What are the entry requirements for applicants?                    <\/a>\n                <\/h4>\n            <\/div>\n            <div id=\"flexAccordion-1-6-collapse\" class=\"panel-collapse collapse\" role=\"tabpanel\" aria-labelledby=\"flexAccordion-1-6-heading\">\n                <div class=\"panel-body\">\n                    <p>Here you will find more information about the <a href=\"https:\/\/www.campus02.at\/en\/bewerbung\/ihr-weg-ins-studium\/zugangsvoraussetzungen\/\"><i class=\"fa fa-arrow-right\"><\/i> Admission requirements for Bachelor programs<\/a>.<\/p>\n<p>Here you will find more information about the <a href=\"https:\/\/www.campus02.at\/en\/bewerbung\/ihr-weg-ins-studium\/zugangsvoraussetzungen-masterstudiengaenge\/\"><i class=\"fa fa-arrow-right\"><\/i> Admission requirements for Master's programs<\/a>.<\/p>\n                <\/div>\n            <\/div>\n        <\/div>\n            <div class=\"panel panel-default\">\n            <div class=\"panel-heading\" role=\"tab\" id=\"flexAccordion-1-7-heading\">\n                <h4 class=\"panel-title\">\n                    <a role=\"button\" data-toggle=\"collapse\" data-parent=\"#flexAccordion-1\" href=\"#flexAccordion-1-7-collapse\" aria-expanded=\"true\"\n                       aria-controls=\"flexAccordion-1-7-collapse\">\n                        How does the admission process work?                    <\/a>\n                <\/h4>\n            <\/div>\n            <div id=\"flexAccordion-1-7-collapse\" class=\"panel-collapse collapse\" role=\"tabpanel\" aria-labelledby=\"flexAccordion-1-7-heading\">\n                <div class=\"panel-body\">\n                    <p>Here you will find more information about the process of the <a href=\"https:\/\/www.campus02.at\/en\/bewerbung\/ihr-weg-ins-studium\/aufnahmeverfahren\/\"><i class=\"fa fa-arrow-right\"><\/i> Application process<\/a>.<\/p>\n                <\/div>\n            <\/div>\n        <\/div>\n            <div class=\"panel panel-default\">\n            <div class=\"panel-heading\" role=\"tab\" id=\"flexAccordion-1-8-heading\">\n                <h4 class=\"panel-title\">\n                    <a role=\"button\" data-toggle=\"collapse\" data-parent=\"#flexAccordion-1\" href=\"#flexAccordion-1-8-collapse\" aria-expanded=\"true\"\n                       aria-controls=\"flexAccordion-1-8-collapse\">\n                        What should the letter of motivation contain?                    <\/a>\n                <\/h4>\n            <\/div>\n            <div id=\"flexAccordion-1-8-collapse\" class=\"panel-collapse collapse\" role=\"tabpanel\" aria-labelledby=\"flexAccordion-1-8-heading\">\n                <div class=\"panel-body\">\n                    <p>The letter of motivation should clearly state why you have decided to study and what you expect from the course.<\/p>\n                <\/div>\n            <\/div>\n        <\/div>\n            <div class=\"panel panel-default\">\n            <div class=\"panel-heading\" role=\"tab\" id=\"flexAccordion-1-9-heading\">\n                <h4 class=\"panel-title\">\n                    <a role=\"button\" data-toggle=\"collapse\" data-parent=\"#flexAccordion-1\" href=\"#flexAccordion-1-9-collapse\" aria-expanded=\"true\"\n                       aria-controls=\"flexAccordion-1-9-collapse\">\n                        Is a letter of recommendation from the company absolutely necessary with the application documents?                    <\/a>\n                <\/h4>\n            <\/div>\n            <div id=\"flexAccordion-1-9-collapse\" class=\"panel-collapse collapse\" role=\"tabpanel\" aria-labelledby=\"flexAccordion-1-9-heading\">\n                <div class=\"panel-body\">\n                    <p>The letter is optional, but there is a strict points system in the admission procedure and points are also awarded for the support of the employer.<\/p>\n                <\/div>\n            <\/div>\n        <\/div>\n            <div class=\"panel panel-default\">\n            <div class=\"panel-heading\" role=\"tab\" id=\"flexAccordion-1-10-heading\">\n                <h4 class=\"panel-title\">\n                    <a role=\"button\" data-toggle=\"collapse\" data-parent=\"#flexAccordion-1\" href=\"#flexAccordion-1-10-collapse\" aria-expanded=\"true\"\n                       aria-controls=\"flexAccordion-1-10-collapse\">\n                        Can I apply for several fields of study at the same time?                    <\/a>\n                <\/h4>\n            <\/div>\n            <div id=\"flexAccordion-1-10-collapse\" class=\"panel-collapse collapse\" role=\"tabpanel\" aria-labelledby=\"flexAccordion-1-10-heading\">\n                <div class=\"panel-body\">\n                    <p>Of course, it is possible to apply to several degree programs.<\/p>\n                <\/div>\n            <\/div>\n        <\/div>\n            <div class=\"panel panel-default\">\n            <div class=\"panel-heading\" role=\"tab\" id=\"flexAccordion-1-11-heading\">\n                <h4 class=\"panel-title\">\n                    <a role=\"button\" data-toggle=\"collapse\" data-parent=\"#flexAccordion-1\" href=\"#flexAccordion-1-11-collapse\" aria-expanded=\"true\"\n                       aria-controls=\"flexAccordion-1-11-collapse\">\n                        I don't have a high school diploma, can I still apply?                    <\/a>\n                <\/h4>\n            <\/div>\n            <div id=\"flexAccordion-1-11-collapse\" class=\"panel-collapse collapse\" role=\"tabpanel\" aria-labelledby=\"flexAccordion-1-11-heading\">\n                <div class=\"panel-body\">\n                    <p>Yes, with relevant professional qualifications. You can find more information at\u00a0<a href=\"https:\/\/www.campus02.at\/en\/bewerbung\/ihr-weg-ins-studium\/zugangsvoraussetzungen\/\"><i class=\"fa fa-arrow-right\"><\/i> Admission requirements<\/a>.<\/p>\n                <\/div>\n            <\/div>\n        <\/div>\n            <div class=\"panel panel-default\">\n            <div class=\"panel-heading\" role=\"tab\" id=\"flexAccordion-1-12-heading\">\n                <h4 class=\"panel-title\">\n                    <a role=\"button\" data-toggle=\"collapse\" data-parent=\"#flexAccordion-1\" href=\"#flexAccordion-1-12-collapse\" aria-expanded=\"true\"\n                       aria-controls=\"flexAccordion-1-12-collapse\">\n                        Where can I find more about the degree programme portfolio?                    <\/a>\n                <\/h4>\n            <\/div>\n            <div id=\"flexAccordion-1-12-collapse\" class=\"panel-collapse collapse\" role=\"tabpanel\" aria-labelledby=\"flexAccordion-1-12-heading\">\n                <div class=\"panel-body\">\n                    <p>There are regular information events about our degree program as well as the possibility of personal study advice. <a href=\"https:\/\/www.campus02.at\/en\/news-events\/events\/\">Here<\/a> you will find the upcoming events.<\/p>\n                <\/div>\n            <\/div>\n        <\/div>\n            <div class=\"panel panel-default\">\n            <div class=\"panel-heading\" role=\"tab\" id=\"flexAccordion-1-13-heading\">\n                <h4 class=\"panel-title\">\n                    <a role=\"button\" data-toggle=\"collapse\" data-parent=\"#flexAccordion-1\" href=\"#flexAccordion-1-13-collapse\" aria-expanded=\"true\"\n                       aria-controls=\"flexAccordion-1-13-collapse\">\n                        Does the university of applied sciences provide financial support for tuition fees?                    <\/a>\n                <\/h4>\n            <\/div>\n            <div id=\"flexAccordion-1-13-collapse\" class=\"panel-collapse collapse\" role=\"tabpanel\" aria-labelledby=\"flexAccordion-1-13-heading\">\n                <div class=\"panel-body\">\n                    <p>There is no support from CAMPUS 02. Please contact the Student Aid Office (<a href=\"http:\/\/www.stipendium.at\" target=\"_self\">www.stipendium.at)<\/a>.<\/p>\n                <\/div>\n            <\/div>\n        <\/div>\n            <div class=\"panel panel-default\">\n            <div class=\"panel-heading\" role=\"tab\" id=\"flexAccordion-1-14-heading\">\n                <h4 class=\"panel-title\">\n                    <a role=\"button\" data-toggle=\"collapse\" data-parent=\"#flexAccordion-1\" href=\"#flexAccordion-1-14-collapse\" aria-expanded=\"true\"\n                       aria-controls=\"flexAccordion-1-14-collapse\">\n                        Can I also take advantage of other student benefits as a part-time student?                    <\/a>\n                <\/h4>\n            <\/div>\n            <div id=\"flexAccordion-1-14-collapse\" class=\"panel-collapse collapse\" role=\"tabpanel\" aria-labelledby=\"flexAccordion-1-14-heading\">\n                <div class=\"panel-body\">\n                    <p>With your student ID card, you also receive all student discounts as a part-time student. So always take your student ID with you!<\/p>\n                <\/div>\n            <\/div>\n        <\/div>\n    <\/div>\n<\/div>","protected":false},"excerpt":{"rendered":"<p>FAQs H\u00e4ufig gestellte Fragen im \u00dcberblick Unsere Website konnte Ihnen noch nicht all Ihre Fragen beantworten? Hier finden Sie <a href=\"https:\/\/www.campus02.at\/wirtschaftsinformatik\/en\/haeufig-gestellte-fragen-im-ueberblick\/\" class=\"more-link\">more&hellip;<\/a><\/p>","protected":false},"author":135,"featured_media":0,"parent":0,"menu_order":4,"comment_status":"closed","ping_status":"closed","template":"","meta":{"_acf_changed":false,"footnotes":""},"coauthors":[44,49],"class_list":["post-857","page","type-page","status-publish","hentry"],"acf":[],"yoast_head":"<!-- This site is optimized with the Yoast SEO plugin v26.9 - https:\/\/yoast.com\/product\/yoast-seo-wordpress\/ -->\n<title>FAQs im \u00dcberblick - FH CAMPUS 02 - Informationstechnologien &amp; Wirtschaftsinformatik<\/title>\n<meta name=\"robots\" content=\"index, follow, max-snippet:-1, max-image-preview:large, max-video-preview:-1\" \/>\n<link rel=\"canonical\" href=\"https:\/\/www.campus02.at\/wirtschaftsinformatik\/en\/haeufig-gestellte-fragen-im-ueberblick\/\" \/>\n<meta property=\"og:locale\" content=\"en_GB\" \/>\n<meta property=\"og:type\" content=\"article\" \/>\n<meta property=\"og:title\" content=\"FAQs im \u00dcberblick - FH CAMPUS 02 - Informationstechnologien &amp; Wirtschaftsinformatik\" \/>\n<meta property=\"og:description\" content=\"FAQs H\u00e4ufig gestellte Fragen im \u00dcberblick Unsere Website konnte Ihnen noch nicht all Ihre Fragen beantworten? Hier finden Sie more&hellip;\" \/>\n<meta property=\"og:url\" content=\"https:\/\/www.campus02.at\/wirtschaftsinformatik\/en\/haeufig-gestellte-fragen-im-ueberblick\/\" \/>\n<meta property=\"og:site_name\" content=\"FH CAMPUS 02 - Informationstechnologien &amp; Wirtschaftsinformatik\" \/>\n<meta property=\"article:modified_time\" content=\"2022-06-15T10:44:41+00:00\" \/>\n<meta name=\"twitter:card\" content=\"summary_large_image\" \/>\n<meta name=\"twitter:label1\" content=\"Written by\" \/>\n\t<meta name=\"twitter:data1\" content=\"Lehner Tamara\" \/>\n<script type=\"application\/ld+json\" class=\"yoast-schema-graph\">{\"@context\":\"https:\/\/schema.org\",\"@graph\":[{\"@type\":\"WebPage\",\"@id\":\"https:\/\/www.campus02.at\/wirtschaftsinformatik\/haeufig-gestellte-fragen-im-ueberblick\/\",\"url\":\"https:\/\/www.campus02.at\/wirtschaftsinformatik\/haeufig-gestellte-fragen-im-ueberblick\/\",\"name\":\"FAQs im \u00dcberblick - FH CAMPUS 02 - Informationstechnologien &amp; Wirtschaftsinformatik\",\"isPartOf\":{\"@id\":\"https:\/\/www.campus02.at\/wirtschaftsinformatik\/#website\"},\"datePublished\":\"2016-07-01T11:02:04+00:00\",\"dateModified\":\"2022-06-15T10:44:41+00:00\",\"breadcrumb\":{\"@id\":\"https:\/\/www.campus02.at\/wirtschaftsinformatik\/haeufig-gestellte-fragen-im-ueberblick\/#breadcrumb\"},\"inLanguage\":\"en-GB\",\"potentialAction\":[{\"@type\":\"ReadAction\",\"target\":[\"https:\/\/www.campus02.at\/wirtschaftsinformatik\/haeufig-gestellte-fragen-im-ueberblick\/\"]}]},{\"@type\":\"BreadcrumbList\",\"@id\":\"https:\/\/www.campus02.at\/wirtschaftsinformatik\/haeufig-gestellte-fragen-im-ueberblick\/#breadcrumb\",\"itemListElement\":[{\"@type\":\"ListItem\",\"position\":1,\"name\":\"Startseite\",\"item\":\"https:\/\/www.campus02.at\/wirtschaftsinformatik\/\"},{\"@type\":\"ListItem\",\"position\":2,\"name\":\"FAQs im \u00dcberblick\"}]},{\"@type\":\"WebSite\",\"@id\":\"https:\/\/www.campus02.at\/wirtschaftsinformatik\/#website\",\"url\":\"https:\/\/www.campus02.at\/wirtschaftsinformatik\/\",\"name\":\"FH CAMPUS 02 - Informationstechnologien &amp; Wirtschaftsinformatik\",\"description\":\"\",\"potentialAction\":[{\"@type\":\"SearchAction\",\"target\":{\"@type\":\"EntryPoint\",\"urlTemplate\":\"https:\/\/www.campus02.at\/wirtschaftsinformatik\/?s={search_term_string}\"},\"query-input\":{\"@type\":\"PropertyValueSpecification\",\"valueRequired\":true,\"valueName\":\"search_term_string\"}}],\"inLanguage\":\"en-GB\"}]}<\/script>\n<!-- \/ Yoast SEO plugin. -->","yoast_head_json":{"title":"FAQs im \u00dcberblick - FH CAMPUS 02 - Informationstechnologien &amp; Wirtschaftsinformatik","robots":{"index":"index","follow":"follow","max-snippet":"max-snippet:-1","max-image-preview":"max-image-preview:large","max-video-preview":"max-video-preview:-1"},"canonical":"https:\/\/www.campus02.at\/wirtschaftsinformatik\/en\/haeufig-gestellte-fragen-im-ueberblick\/","og_locale":"en_GB","og_type":"article","og_title":"FAQs im \u00dcberblick - FH CAMPUS 02 - Informationstechnologien &amp; Wirtschaftsinformatik","og_description":"FAQs H\u00e4ufig gestellte Fragen im \u00dcberblick Unsere Website konnte Ihnen noch nicht all Ihre Fragen beantworten? Hier finden Sie more&hellip;","og_url":"https:\/\/www.campus02.at\/wirtschaftsinformatik\/en\/haeufig-gestellte-fragen-im-ueberblick\/","og_site_name":"FH CAMPUS 02 - Informationstechnologien &amp; Wirtschaftsinformatik","article_modified_time":"2022-06-15T10:44:41+00:00","twitter_card":"summary_large_image","twitter_misc":{"Written by":"Lehner Tamara"},"schema":{"@context":"https:\/\/schema.org","@graph":[{"@type":"WebPage","@id":"https:\/\/www.campus02.at\/wirtschaftsinformatik\/haeufig-gestellte-fragen-im-ueberblick\/","url":"https:\/\/www.campus02.at\/wirtschaftsinformatik\/haeufig-gestellte-fragen-im-ueberblick\/","name":"FAQs im \u00dcberblick - FH CAMPUS 02 - Informationstechnologien &amp; Wirtschaftsinformatik","isPartOf":{"@id":"https:\/\/www.campus02.at\/wirtschaftsinformatik\/#website"},"datePublished":"2016-07-01T11:02:04+00:00","dateModified":"2022-06-15T10:44:41+00:00","breadcrumb":{"@id":"https:\/\/www.campus02.at\/wirtschaftsinformatik\/haeufig-gestellte-fragen-im-ueberblick\/#breadcrumb"},"inLanguage":"en-GB","potentialAction":[{"@type":"ReadAction","target":["https:\/\/www.campus02.at\/wirtschaftsinformatik\/haeufig-gestellte-fragen-im-ueberblick\/"]}]},{"@type":"BreadcrumbList","@id":"https:\/\/www.campus02.at\/wirtschaftsinformatik\/haeufig-gestellte-fragen-im-ueberblick\/#breadcrumb","itemListElement":[{"@type":"ListItem","position":1,"name":"Startseite","item":"https:\/\/www.campus02.at\/wirtschaftsinformatik\/"},{"@type":"ListItem","position":2,"name":"FAQs im \u00dcberblick"}]},{"@type":"WebSite","@id":"https:\/\/www.campus02.at\/wirtschaftsinformatik\/#website","url":"https:\/\/www.campus02.at\/wirtschaftsinformatik\/","name":"FH CAMPUS 02 - Informationstechnologien &amp; Wirtschaftsinformatik","description":"","potentialAction":[{"@type":"SearchAction","target":{"@type":"EntryPoint","urlTemplate":"https:\/\/www.campus02.at\/wirtschaftsinformatik\/?s={search_term_string}"},"query-input":{"@type":"PropertyValueSpecification","valueRequired":true,"valueName":"search_term_string"}}],"inLanguage":"en-GB"}]}},"_links":{"self":[{"href":"https:\/\/www.campus02.at\/wirtschaftsinformatik\/en\/wp-json\/wp\/v2\/pages\/857","targetHints":{"allow":["GET"]}}],"collection":[{"href":"https:\/\/www.campus02.at\/wirtschaftsinformatik\/en\/wp-json\/wp\/v2\/pages"}],"about":[{"href":"https:\/\/www.campus02.at\/wirtschaftsinformatik\/en\/wp-json\/wp\/v2\/types\/page"}],"author":[{"embeddable":true,"href":"https:\/\/www.campus02.at\/wirtschaftsinformatik\/en\/wp-json\/wp\/v2\/users\/135"}],"replies":[{"embeddable":true,"href":"https:\/\/www.campus02.at\/wirtschaftsinformatik\/en\/wp-json\/wp\/v2\/comments?post=857"}],"version-history":[{"count":8,"href":"https:\/\/www.campus02.at\/wirtschaftsinformatik\/en\/wp-json\/wp\/v2\/pages\/857\/revisions"}],"predecessor-version":[{"id":5677,"href":"https:\/\/www.campus02.at\/wirtschaftsinformatik\/en\/wp-json\/wp\/v2\/pages\/857\/revisions\/5677"}],"wp:attachment":[{"href":"https:\/\/www.campus02.at\/wirtschaftsinformatik\/en\/wp-json\/wp\/v2\/media?parent=857"}],"wp:term":[{"taxonomy":"author","embeddable":true,"href":"https:\/\/www.campus02.at\/wirtschaftsinformatik\/en\/wp-json\/wp\/v2\/coauthors?post=857"}],"curies":[{"name":"wp","href":"https:\/\/api.w.org\/{rel}","templated":true}]}}