{"id":2751,"date":"2017-11-20T10:24:56","date_gmt":"2017-11-20T09:24:56","guid":{"rendered":"https:\/\/www.campus02.at\/wirtschaftsinformatik\/?page_id=2751"},"modified":"2025-11-17T11:59:04","modified_gmt":"2025-11-17T10:59:04","slug":"bachelor","status":"publish","type":"page","link":"https:\/\/www.campus02.at\/wirtschaftsinformatik\/en\/bachelor\/","title":{"rendered":"Bachelor"},"content":{"rendered":"<div class=\"flex-campus-main flex-campus-main-Heading\"><h1>Bachelor<\/h1><\/div><div class=\"flex-campus-main flex-campus-main-Text\"><h2><small>Bachelor<br \/>\n<\/small><a href=\"https:\/\/www.campus02.at\/wirtschaftsinformatik\/en\/bachelor-wirtschaftsinformatik\/\">Business Informatics<\/a><\/h2>\n<p>Eines ist sicher \u2013 es gibt zu wenige Wirtschaftsinformatiker*innen, jedoch steigt der Bedarf an qualifizierten IT-Fachkr\u00e4ften stetig. Um in einer Arbeitswelt, die immer komplexer wird, erfolgreich zu agieren, ist es zielf\u00fchrend ein interdisziplin\u00e4res Fachwissen aufzubauen und in der Praxis einzusetzen. Aus diesem Grund wird das Bachelorstudium auch in berufsbegleitender Form angeboten. Die Pr\u00e4senzzeit an der FH ist freitags ab 13.45 Uhr und samstags ganzt\u00e4gig festgelegt, und kann somit mit der (oftmals bereits bestehenden) Berufst\u00e4tigkeit verkn\u00fcpft werden.<br \/>\nWirtschaftsinformatiker*innen verstehen sich als Br\u00fcckenbauer*innen zwischen der wirtschaftlichen und technischen Expertise \u2013 die Karrierem\u00f6glichkeiten in diesem Gebiet sind fast unbegrenzt.<\/p>\n<\/div><div class=\"flex-campus-main flex-campus-main-Text\"><h2><small>Bachelor<\/small><br \/>\n<a href=\"https:\/\/www.campus02.at\/wirtschaftsinformatik\/en\/bsd\/\">Business Software Development<\/a><\/h2>\n<p>Das Bachelorstudium stellt mit dem dualen Ausbildungssystem eine einzigartige M\u00f6glichkeit dar, das Studium mit der Berufst\u00e4tigkeit zu kombinieren. Im ersten Jahr als Vollzeitstudium angelegt, werden die Pr\u00e4senzzeiten an der FH ab dem dritten Semester auf zwei Tage pro Woche begrenzt und die Studierenden gehen Teilzeitbesch\u00e4ftigungen in Partnerunternehmen nach, die innerhalb dieser Kooperation einen Ausbildungsplatz anbieten.<br \/>\nDieses Studium richtet sich an Personen mit technischen und betriebswirtschaftlichen Interesse gleicherma\u00dfen, somit steht den Studierenden ein breites Spektrum von T\u00e4tigkeitsfeldern offen.<\/p>\n<\/div><div class=\"flex-campus-main flex-campus-main-Text\"><h2><small>Bachelor<br \/>\n<\/small><a style=\"font-family: inherit; background-color: #ffffff;\" href=\"https:\/\/www.campus02.at\/wirtschaftsinformatik\/en\/bachelor\/dat\/\">BUSINESS DATA SCIENCE\u00a0<\/a><\/h2>\n<h4>Berufserm\u00f6glichendes Vollzeitstudium f\u00fcr die Karriere als Data Scientist<\/h4>\n<p>Das Bachelorstudium tr\u00e4gt dazu bei, den Fachkr\u00e4ftemangel im Bereich der Informatik nachhaltig zu schlie\u00dfen. Absolvent*innen werden f\u00fcr die Bereiche Software- und Web-Entwicklung, Daten- und Informationsvisualisierung sowie Data Science im Speziellen ausgebildet und sind so branchenunabh\u00e4ngig und zukunftsfit. Mit seiner einzigartigen Organisationsform bietet es durch Intensivwochen und geblockten Lehrveranstaltungszeiten eine weitere zielgerichtete M\u00f6glichkeit, bereits w\u00e4hrend des Studiums facheinschl\u00e4gige Berufserfahrung zu sammeln.<\/p>\n<\/div>","protected":false},"excerpt":{"rendered":"<p>BachelorBachelor Wirtschaftsinformatik Eines ist sicher \u2013 es gibt zu wenige Wirtschaftsinformatiker*innen, jedoch steigt der <a href=\"https:\/\/www.campus02.at\/wirtschaftsinformatik\/en\/bachelor\/\" class=\"more-link\">more&hellip;<\/a><\/p>","protected":false},"author":171,"featured_media":0,"parent":0,"menu_order":0,"comment_status":"closed","ping_status":"closed","template":"","meta":{"_acf_changed":false,"footnotes":""},"coauthors":[49],"class_list":["post-2751","page","type-page","status-publish","hentry"],"acf":[],"yoast_head":"<!-- This site is optimized with the Yoast SEO plugin v26.9 - https:\/\/yoast.com\/product\/yoast-seo-wordpress\/ -->\n<title>Bachelor - FH CAMPUS 02 - Informationstechnologien &amp; Wirtschaftsinformatik<\/title>\n<meta name=\"robots\" content=\"index, follow, max-snippet:-1, max-image-preview:large, max-video-preview:-1\" \/>\n<link rel=\"canonical\" href=\"https:\/\/www.campus02.at\/wirtschaftsinformatik\/en\/bachelor\/\" \/>\n<meta property=\"og:locale\" content=\"en_GB\" \/>\n<meta property=\"og:type\" content=\"article\" \/>\n<meta property=\"og:title\" content=\"Bachelor - FH CAMPUS 02 - Informationstechnologien &amp; Wirtschaftsinformatik\" \/>\n<meta property=\"og:description\" content=\"BachelorBachelor Wirtschaftsinformatik Eines ist sicher \u2013 es gibt zu wenige Wirtschaftsinformatiker*innen, jedoch steigt der more&hellip;\" \/>\n<meta property=\"og:url\" content=\"https:\/\/www.campus02.at\/wirtschaftsinformatik\/en\/bachelor\/\" \/>\n<meta property=\"og:site_name\" content=\"FH CAMPUS 02 - Informationstechnologien &amp; Wirtschaftsinformatik\" \/>\n<meta property=\"article:modified_time\" content=\"2025-11-17T10:59:04+00:00\" \/>\n<meta name=\"twitter:card\" content=\"summary_large_image\" \/>\n<meta name=\"twitter:label1\" content=\"Written by\" \/>\n\t<meta name=\"twitter:data1\" content=\"Lehner Tamara\" \/>\n<script type=\"application\/ld+json\" class=\"yoast-schema-graph\">{\"@context\":\"https:\/\/schema.org\",\"@graph\":[{\"@type\":\"WebPage\",\"@id\":\"https:\/\/www.campus02.at\/wirtschaftsinformatik\/bachelor\/\",\"url\":\"https:\/\/www.campus02.at\/wirtschaftsinformatik\/bachelor\/\",\"name\":\"Bachelor - FH CAMPUS 02 - Informationstechnologien &amp; Wirtschaftsinformatik\",\"isPartOf\":{\"@id\":\"https:\/\/www.campus02.at\/wirtschaftsinformatik\/#website\"},\"datePublished\":\"2017-11-20T09:24:56+00:00\",\"dateModified\":\"2025-11-17T10:59:04+00:00\",\"breadcrumb\":{\"@id\":\"https:\/\/www.campus02.at\/wirtschaftsinformatik\/bachelor\/#breadcrumb\"},\"inLanguage\":\"en-GB\",\"potentialAction\":[{\"@type\":\"ReadAction\",\"target\":[\"https:\/\/www.campus02.at\/wirtschaftsinformatik\/bachelor\/\"]}]},{\"@type\":\"BreadcrumbList\",\"@id\":\"https:\/\/www.campus02.at\/wirtschaftsinformatik\/bachelor\/#breadcrumb\",\"itemListElement\":[{\"@type\":\"ListItem\",\"position\":1,\"name\":\"Startseite\",\"item\":\"https:\/\/www.campus02.at\/wirtschaftsinformatik\/\"},{\"@type\":\"ListItem\",\"position\":2,\"name\":\"Bachelor\"}]},{\"@type\":\"WebSite\",\"@id\":\"https:\/\/www.campus02.at\/wirtschaftsinformatik\/#website\",\"url\":\"https:\/\/www.campus02.at\/wirtschaftsinformatik\/\",\"name\":\"FH CAMPUS 02 - Informationstechnologien &amp; Wirtschaftsinformatik\",\"description\":\"\",\"potentialAction\":[{\"@type\":\"SearchAction\",\"target\":{\"@type\":\"EntryPoint\",\"urlTemplate\":\"https:\/\/www.campus02.at\/wirtschaftsinformatik\/?s={search_term_string}\"},\"query-input\":{\"@type\":\"PropertyValueSpecification\",\"valueRequired\":true,\"valueName\":\"search_term_string\"}}],\"inLanguage\":\"en-GB\"}]}<\/script>\n<!-- \/ Yoast SEO plugin. -->","yoast_head_json":{"title":"Bachelor - FH CAMPUS 02 - Informationstechnologien &amp; Wirtschaftsinformatik","robots":{"index":"index","follow":"follow","max-snippet":"max-snippet:-1","max-image-preview":"max-image-preview:large","max-video-preview":"max-video-preview:-1"},"canonical":"https:\/\/www.campus02.at\/wirtschaftsinformatik\/en\/bachelor\/","og_locale":"en_GB","og_type":"article","og_title":"Bachelor - FH CAMPUS 02 - Informationstechnologien &amp; Wirtschaftsinformatik","og_description":"BachelorBachelor Wirtschaftsinformatik Eines ist sicher \u2013 es gibt zu wenige Wirtschaftsinformatiker*innen, jedoch steigt der more&hellip;","og_url":"https:\/\/www.campus02.at\/wirtschaftsinformatik\/en\/bachelor\/","og_site_name":"FH CAMPUS 02 - Informationstechnologien &amp; Wirtschaftsinformatik","article_modified_time":"2025-11-17T10:59:04+00:00","twitter_card":"summary_large_image","twitter_misc":{"Written by":"Lehner Tamara"},"schema":{"@context":"https:\/\/schema.org","@graph":[{"@type":"WebPage","@id":"https:\/\/www.campus02.at\/wirtschaftsinformatik\/bachelor\/","url":"https:\/\/www.campus02.at\/wirtschaftsinformatik\/bachelor\/","name":"Bachelor - FH CAMPUS 02 - Informationstechnologien &amp; Wirtschaftsinformatik","isPartOf":{"@id":"https:\/\/www.campus02.at\/wirtschaftsinformatik\/#website"},"datePublished":"2017-11-20T09:24:56+00:00","dateModified":"2025-11-17T10:59:04+00:00","breadcrumb":{"@id":"https:\/\/www.campus02.at\/wirtschaftsinformatik\/bachelor\/#breadcrumb"},"inLanguage":"en-GB","potentialAction":[{"@type":"ReadAction","target":["https:\/\/www.campus02.at\/wirtschaftsinformatik\/bachelor\/"]}]},{"@type":"BreadcrumbList","@id":"https:\/\/www.campus02.at\/wirtschaftsinformatik\/bachelor\/#breadcrumb","itemListElement":[{"@type":"ListItem","position":1,"name":"Startseite","item":"https:\/\/www.campus02.at\/wirtschaftsinformatik\/"},{"@type":"ListItem","position":2,"name":"Bachelor"}]},{"@type":"WebSite","@id":"https:\/\/www.campus02.at\/wirtschaftsinformatik\/#website","url":"https:\/\/www.campus02.at\/wirtschaftsinformatik\/","name":"FH CAMPUS 02 - Informationstechnologien &amp; Wirtschaftsinformatik","description":"","potentialAction":[{"@type":"SearchAction","target":{"@type":"EntryPoint","urlTemplate":"https:\/\/www.campus02.at\/wirtschaftsinformatik\/?s={search_term_string}"},"query-input":{"@type":"PropertyValueSpecification","valueRequired":true,"valueName":"search_term_string"}}],"inLanguage":"en-GB"}]}},"_links":{"self":[{"href":"https:\/\/www.campus02.at\/wirtschaftsinformatik\/en\/wp-json\/wp\/v2\/pages\/2751","targetHints":{"allow":["GET"]}}],"collection":[{"href":"https:\/\/www.campus02.at\/wirtschaftsinformatik\/en\/wp-json\/wp\/v2\/pages"}],"about":[{"href":"https:\/\/www.campus02.at\/wirtschaftsinformatik\/en\/wp-json\/wp\/v2\/types\/page"}],"author":[{"embeddable":true,"href":"https:\/\/www.campus02.at\/wirtschaftsinformatik\/en\/wp-json\/wp\/v2\/users\/171"}],"replies":[{"embeddable":true,"href":"https:\/\/www.campus02.at\/wirtschaftsinformatik\/en\/wp-json\/wp\/v2\/comments?post=2751"}],"version-history":[{"count":3,"href":"https:\/\/www.campus02.at\/wirtschaftsinformatik\/en\/wp-json\/wp\/v2\/pages\/2751\/revisions"}],"predecessor-version":[{"id":5660,"href":"https:\/\/www.campus02.at\/wirtschaftsinformatik\/en\/wp-json\/wp\/v2\/pages\/2751\/revisions\/5660"}],"wp:attachment":[{"href":"https:\/\/www.campus02.at\/wirtschaftsinformatik\/en\/wp-json\/wp\/v2\/media?parent=2751"}],"wp:term":[{"taxonomy":"author","embeddable":true,"href":"https:\/\/www.campus02.at\/wirtschaftsinformatik\/en\/wp-json\/wp\/v2\/coauthors?post=2751"}],"curies":[{"name":"wp","href":"https:\/\/api.w.org\/{rel}","templated":true}]}}