{"id":240,"date":"2016-04-27T13:23:59","date_gmt":"2016-04-27T11:23:59","guid":{"rendered":"https:\/\/www.campus02.at\/automatisierungstechnik\/?page_id=240"},"modified":"2021-05-07T12:22:49","modified_gmt":"2021-05-07T10:22:49","slug":"internationales","status":"publish","type":"page","link":"https:\/\/www.campus02.at\/rechnungswesen\/internationales\/","title":{"rendered":"Internationales"},"content":{"rendered":"<div class=\"flex-campus-main flex-campus-main-Text\"><h1>INTERNATIONALES<\/h1>\n<p>In einer zunehmend globalisierten Welt sind\u00a0Menschen mit Auslandserfahrung sehr gefragt. Internationale Erfahrung f\u00f6rdert die berufliche und pers\u00f6nliche Weiterentwicklung, eine Verbesserung der Fremdsprachenkenntnisse, das Kennenlernen anderer Kulturen und erm\u00f6glicht nicht zuletzt das Kn\u00fcpfen von studien- und beruflich-relevanten internationalen Kontakten.<\/p>\n<p>Wir f\u00f6rdern Studierendenmobilit\u00e4t in Form von Studienaufenthalten und Berufspraktika. Dar\u00fcber hinaus bieten wir &#8211; aufgrund der starken Ausrichtung auf berufsbegleitende Studienprogramme &#8211;\u00a0Studierenden, denen es nicht m\u00f6glich ist f\u00fcr zumindest\u00a02 Monate ins Ausland zu gehen,\u00a0alternative M\u00f6glichkeiten der Mobilit\u00e4t: Summer Schools, Studien- und Sprachreisen.<\/p>\n<form action=\"Auslandspraktika.aspx\" method=\"post\" name=\"aspnetForm\"><\/form>\n<\/div><div class=\"flex-campus-main flex-campus-main-Image\"><figure><a href=\"https:\/\/www.campus02.at\/rechnungswesen\/wp-content\/uploads\/sites\/6\/2015\/10\/Kompetenzen-RWC-1.jpg\"><img decoding=\"async\" src=\"https:\/\/www.campus02.at\/rechnungswesen\/wp-content\/uploads\/sites\/6\/2015\/10\/Kompetenzen-RWC-1-1024x195.jpg\" class=\"img-responsive\" alt=\"RWC-Kompetenzen\" \/><\/a><\/figure><\/div><div class=\"flex-campus-main flex-campus-main-Text\"><form action=\"Auslandspraktika.aspx\" method=\"post\" name=\"aspnetForm\">\n<h3>Studienreise<\/h3>\n<h5>&#8222;Die Beste Bildung findet ein Gescheiter Mensch auf Reisen&#8220; (Johann Wolfgang von Goethe 1749-1832)<\/h5>\n<p>Im Rahmen des Studiums an den Studieng\u00e4ngen der Studienrichtung Rechnungswesen &amp; Controlling haben die Studierenden die M\u00f6glichkeit an einer Studienreise teilzunehmen. Die Destination wird vom Studiengang in Absprache mit den Studierenden ausgesucht. Bedingung ist lediglich, dass diese im europ\u00e4ischen Raum liegt und der Studiengang dort eine Partneruniversit\u00e4t hat bzw. akquirieren kann.<\/p>\n<p>Die Studienreise 2017 der Studienrichtung Rechnungswesen &amp; Controlling mit Studierenden aller Semester nach \u017dilina fand vom<strong> 30. April\u00a0bis 4. Mai 2017<\/strong>\u00a0statt.<\/p>\n<p><a href=\"https:\/\/www.campus02.at\/rechnungswesen\/wp-content\/uploads\/sites\/6\/2016\/04\/Reisebericht-Studienreise-2017-Zilina_dt..pdf\">Reisebericht Studienreise 2017 \u017dilina<\/a><\/p>\n<p><a href=\"https:\/\/www.campus02.at\/rechnungswesen\/wp-content\/uploads\/sites\/6\/2016\/04\/Travel-report-study-trip-2017-Zilina_eng..pdf\">Travel report study trip 2017 \u017dilina.<\/a><\/p>\n<p>Die Studienreise 2016 der Studienrichtung Rechnungswesen &amp; Controlling mit Studierenden aller Semester nach Ljubljana fand vom <strong>7. bis 11. Mai 2016<\/strong>\u00a0statt.<\/p>\n<p><a href=\"https:\/\/www.campus02.at\/rechnungswesen\/wp-content\/uploads\/sites\/6\/2016\/07\/Reisebericht-Ljubljana-2016.pdf\">Reisebericht Studienreise 2016 Ljubljana<\/a><\/p>\n<p><a href=\"https:\/\/www.campus02.at\/rechnungswesen\/wp-content\/uploads\/sites\/6\/2016\/07\/Travel-report-Ljubljana-2016.pdf\">Travel report study trip 2016 Ljubljana<\/a><\/p>\n<p>Die Studienreise 2015 der Studienrichtung\u00a0Rechnungswesen &amp; Controlling mit Studierenden aller Semester nach Zagreb University of Zagreb, Faculty of Economics &amp; Business, Department of Accounting fand vom\u00a0<strong>9. bis 13. Mai 2015<\/strong>\u00a0statt.<\/p>\n<p><a href=\"https:\/\/www.campus02.at\/rechnungswesen\/wp-content\/uploads\/sites\/6\/2016\/04\/ReiseberichtZagreb2015_9771_DE.pdf\">Reisebericht Studienreise 2015 Zagreb<\/a><\/p>\n<p><a href=\"https:\/\/www.campus02.at\/rechnungswesen\/wp-content\/uploads\/sites\/6\/2016\/04\/TravelReportZagreb2015_9772_DE.pdf\">Travel report study trip 2015 Zagreb<\/a><\/p>\n<\/form>\n<form action=\"Auslandspraktika.aspx\" method=\"post\" name=\"aspnetForm\">\n<h4><\/h4>\n<\/form>\n<\/div><div class=\"flex-campus-main flex-campus-main-Text\"><h3>Sprachreise<\/h3>\n<p>Jedes Jahr l\u00e4dt die FH CAMPUS 02 alle Studierenden zur Teilnahme an der Sprachreise der FH CAMPUS 02 ein, wobei ein Maximum von 24 Pl\u00e4tzen zu vergeben ist. Diese Mobilit\u00e4tsmassnahme wird mit einem eigenen Stipendium unterst\u00fctzt.<\/p>\n<p>Mehr Informationen finden Sie<a href=\"https:\/\/www.campus02.at\/internationales\/sprachreise\/\">\u00a0hier<\/a>.<\/p>\n<\/div><div class=\"flex-campus-main flex-campus-main-Text\"><form action=\"Auslandspraktika.aspx\" method=\"post\" name=\"aspnetForm\">\n<h3>Summer Schools<\/h3>\n<\/form>\n<form action=\"Auslandspraktika.aspx\" method=\"post\" name=\"aspnetForm\">Die FH CAMPUS 02 unterst\u00fctzt die Teilnahme ihrer Studierenden an ausgew\u00e4hlten\u00a0<strong>Summer Schools<\/strong>\u00a0mit einem eigenen\u00a0<strong>Stipendium<\/strong>\u00a0(Detailinfos dazu siehe\u00a0<a href=\"https:\/\/www.campus02.at\/rechnungswesen\/wp-content\/uploads\/sites\/6\/2016\/04\/FHC02_Auslandsstipendienrichtlinie_2016.pdf\">Auslandsstipendienrichtlinie<\/a>).<\/p>\n<p>Jede*r Studierende hat zu den Ferienzeiten im Sommer die M\u00f6glichkeit, Summer Schools im Ausland zu absolvieren. Dort k\u00f6nnen die Studierenden Lehrveranstaltungen absolvieren, Kontakte und Freundschaften kn\u00fcpfen und gleichzeitig fremde L\u00e4nder bereisen. Entsprechen die Lehrinhalte zus\u00e4tzlich noch einem Teil des Studienplans an der FH CAMPUS 02, so kann f\u00fcr die zu absolvierenden Inhalte im Vorhinein eine Anrechnung beantragt werden.<\/p>\n<\/form>\n<\/div><div class=\"flex-campus-main flex-campus-main-Text\"><h3>Auslandspraktika und Auslandsstudienaufenthalte<\/h3>\n<p>Im Rahmen des Bachelorstudiums Rechnungswesen &amp; Controlling haben die Studierenden im 6. Semester ein Praktikum wahlweise im In- oder Ausland zu absolvieren. Bei FH-Studien ist das Curriculum und somit der Lehrveranstaltungsplan eines jeden Semesters vorgegeben. Somit besteht f\u00fcr Studierende an einer Fachhochschule nur kaum die M\u00f6glichkeit, im Rahmen des Studiums ein Semester im Ausland zu verbringen. Insofern kann jeder\/m Studierenden nur geraten werden, diese Chance zu n\u00fctzen und sein*ihr Praktikum im Ausland zu absolvieren.<\/p>\n<p>Ein\u00a0<strong>Studien- oder Praktikumsaufenthalt im<\/strong>\u00a0<strong>Ausland<\/strong>\u00a0bietet die M\u00f6glichkeit, Perspektiven zu wechseln, an neuen Aufgaben zu wachsen, Fremdsprachenkenntnisse zu erwerben oder zu vertiefen und in eine fremde Kultur einzutauchen. Die Freundschaften, die in dieser Zeit geschlossen werden, halten oft ein ganzes Leben und stellen nicht nur ein wertvolles privates, sondern auch berufliches internationales Netzwerk dar.<\/p>\n<p>Zu Ihrer n\u00e4heren Information \u00fcber Auslandspraktika und m\u00f6gliche F\u00f6rderungen bzw. Stipendien wenden Sie sich an die Verantwortlichen im\u00a0<a href=\"https:\/\/www.campus02.at\/internationales\/\">B\u00fcro f\u00fcr Internationales<\/a>.<\/p>\n<h4>Erasmus+<\/h4>\n<p>Das derzeit\u00a0<strong>umfassendste Stipendienprogramm f\u00fcr Auslandsstudienaufenthalte und -praktika ist Erasmus+<\/strong>. Das EU-Bildungsprogramm unterst\u00fctzt\u00a0<strong>europaweit <\/strong>Menschen jeden Alters bei der Suche nach f\u00f6rdernden Lernm\u00f6glichkeiten. Studierende k\u00f6nnen im Rahmen von Erasmus+\u00a0<strong>3 bis 12 Monate<\/strong>\u00a0an einer europ\u00e4ischen Hochschule\u00a0<strong>studieren<\/strong>, ohne dabei Studienzeit zu verlieren oder Studiengeb\u00fchren zu zahlen. Au\u00dferdem bietet Erasmus+ die einmalige Chance, sich neue Fachkenntnisse und berufliche Kompetenzen in Rahmen eines\u00a0<strong>Praktikums<\/strong>\u00a0(<strong>2 bis 12 Monate<\/strong>) anzueignen und zudem die Fertigkeit zur Anpassung an neue Umgebungen auszubauen. Dar\u00fcber hinaus bietet sich die Gelegenheit, Sprachkenntnisse zu verbessern, sich interkulturelle Kompetenz anzueignen und Kontakte zu Hochschulen, Unternehmen und neuen Freund*innen in ganz Europa zu kn\u00fcpfen.<br \/>\nN\u00e4here Informationen finden Sie unter:\u00a0<a href=\"http:\/\/www.erasmusplus.at\/\">erasmusplus.at<\/a><\/p>\n<\/div><div class=\"flex-campus-main flex-campus-main-Accordion\"><div class=\"panel-group\" id=\"flexAccordion-1\" role=\"tablist\" aria-multiselectable=\"true\">\n            <div class=\"panel panel-default\">\n            <div class=\"panel-heading\" role=\"tab\" id=\"flexAccordion-1-0-heading\">\n                <h4 class=\"panel-title\">\n                    <a role=\"button\" data-toggle=\"collapse\" data-parent=\"#flexAccordion-1\" href=\"#flexAccordion-1-0-collapse\" aria-expanded=\"true\"\n                       aria-controls=\"flexAccordion-1-0-collapse\">\n                        Erasmus+ Studierendenmobilit\u00e4t                    <\/a>\n                <\/h4>\n            <\/div>\n            <div id=\"flexAccordion-1-0-collapse\" class=\"panel-collapse collapse \" role=\"tabpanel\" aria-labelledby=\"flexAccordion-1-0-heading\">\n                <div class=\"panel-body\">\n                    <p>Sollten Sie an einer Erasmus+ Studierendenmobilit\u00e4t interessiert sein, empfehlen wir folgenden Ablauf:<\/p>\n<ul>\n<li>Besuchen Sie unter nachfolgendem Link die Kooperationen der FH CAMPUS 02 <i class=\"fa fa-arrow-right \"><\/i>\u00a0<a href=\"https:\/\/www.campus02.at\/internationales\/kooperationen\/\">Hochschulkooperationen<\/a><\/li>\n<li>Sobald Sie sich f\u00fcr eine der angebotenen Universit\u00e4ten oder Hochschulen entschieden haben, sehen Sie sich bitte das Curriculum der entsprechenden Studienrichtung genau an.<\/li>\n<li>Sobald Sie sich mit dem entsprechenden Curriculum der Partneruniversit\u00e4t- oder Hochschule vertraut gemacht haben, nehmen Sie bitte mit Herrn FH-Professor Mag. Reautschnig Kontakt auf, um eine \u00dcberdeckung der \u00e4quivalenten Lehrveranstaltungen w\u00e4hrend des Studienaufenthaltes zu \u00fcberpr\u00fcfen.\n<ul>\n<li>Bitte \u00fcbersenden Sie dazu eine entsprechende Gegen\u00fcberstellung jener Lehrveranstaltungen, die Sie im Ausland absolvieren m\u00f6chten und jener Lehrveranstaltungen, die stattdessen in Ihrem aktuellen Curriculum an der FH CAMPUS 02 angerechnet werden sollen. Das entsprechende Formular \u201eLearning Agreement\u201c finden Sie im <i class=\"fa fa-arrow-right \"><\/i>\u00a0\u00a0\u00a0<a href=\"https:\/\/www.campus02.at\/internationales\/download-bereich\/\">Downloadbereich<\/a><\/li>\n<\/ul>\n<\/li>\n<li>Sobald die Frage nach der Anrechenbarkeit gekl\u00e4rt ist, ersuchen wir um Kontaktaufnahme mit Frau Mag. Maja Zelenik (<a href=\"mailto:international@campus02.at\">international@campus02.at)<\/a>\u00a0um die weiteren Formalit\u00e4ten abzukl\u00e4ren.<\/li>\n<\/ul>\n                <\/div>\n            <\/div>\n        <\/div>\n            <div class=\"panel panel-default\">\n            <div class=\"panel-heading\" role=\"tab\" id=\"flexAccordion-1-1-heading\">\n                <h4 class=\"panel-title\">\n                    <a role=\"button\" data-toggle=\"collapse\" data-parent=\"#flexAccordion-1\" href=\"#flexAccordion-1-1-collapse\" aria-expanded=\"true\"\n                       aria-controls=\"flexAccordion-1-1-collapse\">\n                        Erasmus+ Praktika f\u00fcr Studierende und Alumni                    <\/a>\n                <\/h4>\n            <\/div>\n            <div id=\"flexAccordion-1-1-collapse\" class=\"panel-collapse collapse \" role=\"tabpanel\" aria-labelledby=\"flexAccordion-1-1-heading\">\n                <div class=\"panel-body\">\n                    <p>Studierende und Graduierte k\u00f6nnen ein Praktikum in den Erasmus+ Programml\u00e4ndern absolvieren. Dieses Praktikum kann in Unternehmen, Trainings- und Forschungseinrichtungen oder sonstigen Organisationen absolviert werden, die geeignet sind den vereinbarten Lernfortschritt f\u00fcr das jeweilige Hochschulstudium zu f\u00f6rdern und zu erm\u00f6glichen.<\/p>\n                <\/div>\n            <\/div>\n        <\/div>\n    <\/div>\n<\/div><div class=\"flex-campus-main flex-campus-main-Linklist\"><div class=\"linkcollection\">\n            <h3>Weiterf\u00fchrende Links<\/h3>\n        <p class=\"linkcollection-link\"><a class=\"\" href=\"https:\/\/www.campus02.at\/bologna-ects-2\/\" >Bologna und ECTS<\/a><\/p><p class=\"linkcollection-link\"><a class=\"\" href=\"https:\/\/www.campus02.at\/internationales\/studierendenmobilitaet\/incoming\/finanzielle-unterstuetzung-stipendien\/\" >Stipendien<\/a><\/p><p class=\"linkcollection-link\"><a class=\"\" href=\"https:\/\/www.campus02.at\/internationales\/kooperationen\/\" >Hochschulkooperationen<\/a><\/p><\/div><\/div>","protected":false},"excerpt":{"rendered":"<p>INTERNATIONALES In einer zunehmend globalisierten Welt sind\u00a0Menschen mit Auslandserfahrung sehr gefragt. Internationale <a href=\"https:\/\/www.campus02.at\/rechnungswesen\/internationales\/\" class=\"more-link\">mehr&hellip;<\/a><\/p>\n","protected":false},"author":135,"featured_media":0,"parent":0,"menu_order":0,"comment_status":"closed","ping_status":"closed","template":"","meta":{"_acf_changed":false,"footnotes":""},"coauthors":[19,33],"class_list":["post-240","page","type-page","status-publish","hentry"],"acf":[],"yoast_head":"<!-- This site is optimized with the Yoast SEO plugin v26.9 - https:\/\/yoast.com\/product\/yoast-seo-wordpress\/ -->\n<title>Internationales - FH CAMPUS 02 - Rechnungswesen &amp; Controlling<\/title>\n<meta name=\"robots\" content=\"index, follow, max-snippet:-1, max-image-preview:large, max-video-preview:-1\" \/>\n<link rel=\"canonical\" href=\"https:\/\/www.campus02.at\/rechnungswesen\/internationales\/\" \/>\n<meta property=\"og:locale\" content=\"de_DE\" \/>\n<meta property=\"og:type\" content=\"article\" \/>\n<meta property=\"og:title\" content=\"Internationales - FH CAMPUS 02 - Rechnungswesen &amp; Controlling\" \/>\n<meta property=\"og:description\" content=\"INTERNATIONALES In einer zunehmend globalisierten Welt sind\u00a0Menschen mit Auslandserfahrung sehr gefragt. Internationale mehr&hellip;\" \/>\n<meta property=\"og:url\" content=\"https:\/\/www.campus02.at\/rechnungswesen\/internationales\/\" \/>\n<meta property=\"og:site_name\" content=\"FH CAMPUS 02 - Rechnungswesen &amp; Controlling\" \/>\n<meta property=\"article:modified_time\" content=\"2021-05-07T10:22:49+00:00\" \/>\n<meta name=\"twitter:card\" content=\"summary_large_image\" \/>\n<meta name=\"twitter:label1\" content=\"Written by\" \/>\n\t<meta name=\"twitter:data1\" content=\"zimmer\" \/>\n<script type=\"application\/ld+json\" class=\"yoast-schema-graph\">{\"@context\":\"https:\/\/schema.org\",\"@graph\":[{\"@type\":\"WebPage\",\"@id\":\"https:\/\/www.campus02.at\/rechnungswesen\/internationales\/\",\"url\":\"https:\/\/www.campus02.at\/rechnungswesen\/internationales\/\",\"name\":\"Internationales - FH CAMPUS 02 - Rechnungswesen &amp; Controlling\",\"isPartOf\":{\"@id\":\"https:\/\/www.campus02.at\/rechnungswesen\/#website\"},\"datePublished\":\"2016-04-27T11:23:59+00:00\",\"dateModified\":\"2021-05-07T10:22:49+00:00\",\"breadcrumb\":{\"@id\":\"https:\/\/www.campus02.at\/rechnungswesen\/internationales\/#breadcrumb\"},\"inLanguage\":\"de\",\"potentialAction\":[{\"@type\":\"ReadAction\",\"target\":[\"https:\/\/www.campus02.at\/rechnungswesen\/internationales\/\"]}]},{\"@type\":\"BreadcrumbList\",\"@id\":\"https:\/\/www.campus02.at\/rechnungswesen\/internationales\/#breadcrumb\",\"itemListElement\":[{\"@type\":\"ListItem\",\"position\":1,\"name\":\"Startseite\",\"item\":\"https:\/\/www.campus02.at\/rechnungswesen\/\"},{\"@type\":\"ListItem\",\"position\":2,\"name\":\"Internationales\"}]},{\"@type\":\"WebSite\",\"@id\":\"https:\/\/www.campus02.at\/rechnungswesen\/#website\",\"url\":\"https:\/\/www.campus02.at\/rechnungswesen\/\",\"name\":\"FH CAMPUS 02 - Rechnungswesen &amp; Controlling\",\"description\":\"\",\"publisher\":{\"@id\":\"https:\/\/www.campus02.at\/rechnungswesen\/#organization\"},\"potentialAction\":[{\"@type\":\"SearchAction\",\"target\":{\"@type\":\"EntryPoint\",\"urlTemplate\":\"https:\/\/www.campus02.at\/rechnungswesen\/?s={search_term_string}\"},\"query-input\":{\"@type\":\"PropertyValueSpecification\",\"valueRequired\":true,\"valueName\":\"search_term_string\"}}],\"inLanguage\":\"de\"},{\"@type\":\"Organization\",\"@id\":\"https:\/\/www.campus02.at\/rechnungswesen\/#organization\",\"name\":\"FH CAMPUS 02 - Rechnungswesen &amp; Controlling\",\"url\":\"https:\/\/www.campus02.at\/rechnungswesen\/\",\"logo\":{\"@type\":\"ImageObject\",\"inLanguage\":\"de\",\"@id\":\"https:\/\/www.campus02.at\/rechnungswesen\/#\/schema\/logo\/image\/\",\"url\":\"https:\/\/www.campus02.at\/rechnungswesen\/wp-content\/uploads\/sites\/6\/2023\/01\/logo-campus02.svg\",\"contentUrl\":\"https:\/\/www.campus02.at\/rechnungswesen\/wp-content\/uploads\/sites\/6\/2023\/01\/logo-campus02.svg\",\"width\":770,\"height\":249,\"caption\":\"FH CAMPUS 02 - Rechnungswesen &amp; Controlling\"},\"image\":{\"@id\":\"https:\/\/www.campus02.at\/rechnungswesen\/#\/schema\/logo\/image\/\"}}]}<\/script>\n<!-- \/ Yoast SEO plugin. -->","yoast_head_json":{"title":"Internationales - FH CAMPUS 02 - Rechnungswesen &amp; Controlling","robots":{"index":"index","follow":"follow","max-snippet":"max-snippet:-1","max-image-preview":"max-image-preview:large","max-video-preview":"max-video-preview:-1"},"canonical":"https:\/\/www.campus02.at\/rechnungswesen\/internationales\/","og_locale":"de_DE","og_type":"article","og_title":"Internationales - FH CAMPUS 02 - Rechnungswesen &amp; Controlling","og_description":"INTERNATIONALES In einer zunehmend globalisierten Welt sind\u00a0Menschen mit Auslandserfahrung sehr gefragt. Internationale mehr&hellip;","og_url":"https:\/\/www.campus02.at\/rechnungswesen\/internationales\/","og_site_name":"FH CAMPUS 02 - Rechnungswesen &amp; Controlling","article_modified_time":"2021-05-07T10:22:49+00:00","twitter_card":"summary_large_image","twitter_misc":{"Written by":"zimmer"},"schema":{"@context":"https:\/\/schema.org","@graph":[{"@type":"WebPage","@id":"https:\/\/www.campus02.at\/rechnungswesen\/internationales\/","url":"https:\/\/www.campus02.at\/rechnungswesen\/internationales\/","name":"Internationales - FH CAMPUS 02 - Rechnungswesen &amp; Controlling","isPartOf":{"@id":"https:\/\/www.campus02.at\/rechnungswesen\/#website"},"datePublished":"2016-04-27T11:23:59+00:00","dateModified":"2021-05-07T10:22:49+00:00","breadcrumb":{"@id":"https:\/\/www.campus02.at\/rechnungswesen\/internationales\/#breadcrumb"},"inLanguage":"de","potentialAction":[{"@type":"ReadAction","target":["https:\/\/www.campus02.at\/rechnungswesen\/internationales\/"]}]},{"@type":"BreadcrumbList","@id":"https:\/\/www.campus02.at\/rechnungswesen\/internationales\/#breadcrumb","itemListElement":[{"@type":"ListItem","position":1,"name":"Startseite","item":"https:\/\/www.campus02.at\/rechnungswesen\/"},{"@type":"ListItem","position":2,"name":"Internationales"}]},{"@type":"WebSite","@id":"https:\/\/www.campus02.at\/rechnungswesen\/#website","url":"https:\/\/www.campus02.at\/rechnungswesen\/","name":"FH CAMPUS 02 - Rechnungswesen &amp; Controlling","description":"","publisher":{"@id":"https:\/\/www.campus02.at\/rechnungswesen\/#organization"},"potentialAction":[{"@type":"SearchAction","target":{"@type":"EntryPoint","urlTemplate":"https:\/\/www.campus02.at\/rechnungswesen\/?s={search_term_string}"},"query-input":{"@type":"PropertyValueSpecification","valueRequired":true,"valueName":"search_term_string"}}],"inLanguage":"de"},{"@type":"Organization","@id":"https:\/\/www.campus02.at\/rechnungswesen\/#organization","name":"FH CAMPUS 02 - Rechnungswesen &amp; Controlling","url":"https:\/\/www.campus02.at\/rechnungswesen\/","logo":{"@type":"ImageObject","inLanguage":"de","@id":"https:\/\/www.campus02.at\/rechnungswesen\/#\/schema\/logo\/image\/","url":"https:\/\/www.campus02.at\/rechnungswesen\/wp-content\/uploads\/sites\/6\/2023\/01\/logo-campus02.svg","contentUrl":"https:\/\/www.campus02.at\/rechnungswesen\/wp-content\/uploads\/sites\/6\/2023\/01\/logo-campus02.svg","width":770,"height":249,"caption":"FH CAMPUS 02 - Rechnungswesen &amp; Controlling"},"image":{"@id":"https:\/\/www.campus02.at\/rechnungswesen\/#\/schema\/logo\/image\/"}}]}},"_links":{"self":[{"href":"https:\/\/www.campus02.at\/rechnungswesen\/wp-json\/wp\/v2\/pages\/240","targetHints":{"allow":["GET"]}}],"collection":[{"href":"https:\/\/www.campus02.at\/rechnungswesen\/wp-json\/wp\/v2\/pages"}],"about":[{"href":"https:\/\/www.campus02.at\/rechnungswesen\/wp-json\/wp\/v2\/types\/page"}],"author":[{"embeddable":true,"href":"https:\/\/www.campus02.at\/rechnungswesen\/wp-json\/wp\/v2\/users\/135"}],"replies":[{"embeddable":true,"href":"https:\/\/www.campus02.at\/rechnungswesen\/wp-json\/wp\/v2\/comments?post=240"}],"version-history":[{"count":7,"href":"https:\/\/www.campus02.at\/rechnungswesen\/wp-json\/wp\/v2\/pages\/240\/revisions"}],"predecessor-version":[{"id":2865,"href":"https:\/\/www.campus02.at\/rechnungswesen\/wp-json\/wp\/v2\/pages\/240\/revisions\/2865"}],"wp:attachment":[{"href":"https:\/\/www.campus02.at\/rechnungswesen\/wp-json\/wp\/v2\/media?parent=240"}],"wp:term":[{"taxonomy":"author","embeddable":true,"href":"https:\/\/www.campus02.at\/rechnungswesen\/wp-json\/wp\/v2\/coauthors?post=240"}],"curies":[{"name":"wp","href":"https:\/\/api.w.org\/{rel}","templated":true}]}}