{"id":2389,"date":"2020-08-13T13:26:30","date_gmt":"2020-08-13T11:26:30","guid":{"rendered":"https:\/\/www.campus02.at\/rechnungswesen\/?page_id=2389"},"modified":"2022-11-07T09:53:04","modified_gmt":"2022-11-07T08:53:04","slug":"masterlehrgaenge","status":"publish","type":"page","link":"https:\/\/www.campus02.at\/rechnungswesen\/en\/masterlehrgaenge\/","title":{"rendered":"Master's programme"},"content":{"rendered":"<div class=\"flex-campus-main flex-campus-main-Heading\"><h1>Master's programme<\/h1><\/div><div class=\"flex-campus-main flex-campus-main-Text\"><h2><small>Master-Lehrgang<br \/>\n<\/small><a href=\"https:\/\/www.campus02.at\/rechnungswesen\/en\/masterlehrgaenge\/financial-accounting\/\">Financial Accounting<\/a><\/h2>\n<p>Der berufsbegleitende Master-Lehrgang \u201eFinancial Accounting\u201c ist durch eine zweistufige Ausbildung gekennzeichnet. Die erste Stufe umfasst den Bilanzbuchhalterlehrgang. Dieser kann vollst\u00e4ndig angerechnet werden, somit kann ein direkter Einstieg in das 3. Semester des Lehrgangs erfolgen.<\/p>\n<p>Dieser Master-Lehrgang begleitet Personen, die sich im Bereich des internen und externen Rechnungswesens weiterbilden m\u00f6chten in vier (zwei) Semester zum akademischen Grad. Berufsbegleitend zum sicheren Fundament f\u00fcr Ihre Karriere \u2013 denn wir bilden die Wirtschaft von morgen.<\/p>\n<\/div><div class=\"flex-campus-main flex-campus-main-Text\"><h2><small>Master-Lehrgang<br \/>\n<\/small><a href=\"https:\/\/www.campus02.at\/rechnungswesen\/en\/masterlehrgaenge\/unternehmensmanagement\/\">Unternehmensmanagement<\/a><\/h2>\n<p>Der berufsbegleitende Master-Lehrgang \u201eUnternehmensmanagement\u201c ist gekennzeichnet durch eine zweistufige Ausbildung. Die erste Stufe umfasst die Zertifizierung \u201ezum akademischer Experten*zur akademischen Expertin f\u00fcr Unternehmensmanagement\u201c. Diese kann nach positiver Absolvierung der ersten beiden Semester beantragt werden. Die zweite Stufe der Ausbildung erfolgt aufbauend und umfasst das dritte und vierte Semester des Master-Lehrgangs.<\/p>\n<p>Dieser Master-Lehrgang begleitet Gr\u00fcnder*innen und Unternehmer*innen in vier Semestern zum akademischen Grad und schafft wertvolle Grundlagen f\u00fcr die F\u00fchrung des eigenen Unternehmens. Berufsbegleitend in vier Semestern zum sicheren Fundament f\u00fcr Ihre Karriere \u2013 denn wir bilden die Wirtschaft von morgen.<\/p>\n<\/div><div class=\"flex-campus-main flex-campus-main-Text\"><\/div>","protected":false},"excerpt":{"rendered":"<p>Masterlehrg\u00e4ngeMaster-Lehrgang Financial Accounting Der berufsbegleitende Master-Lehrgang \u201eFinancial Accounting\u201c ist durch <a href=\"https:\/\/www.campus02.at\/rechnungswesen\/en\/masterlehrgaenge\/\" class=\"more-link\">more&hellip;<\/a><\/p>","protected":false},"author":179,"featured_media":0,"parent":0,"menu_order":0,"comment_status":"closed","ping_status":"closed","template":"","meta":{"_acf_changed":false,"footnotes":""},"coauthors":[44],"class_list":["post-2389","page","type-page","status-publish","hentry"],"acf":[],"yoast_head":"<!-- This site is optimized with the Yoast SEO plugin v26.9 - https:\/\/yoast.com\/product\/yoast-seo-wordpress\/ -->\n<title>Masterlehrg\u00e4nge - FH CAMPUS 02 - Rechnungswesen &amp; Controlling<\/title>\n<meta name=\"robots\" content=\"index, follow, max-snippet:-1, max-image-preview:large, max-video-preview:-1\" \/>\n<link rel=\"canonical\" href=\"https:\/\/www.campus02.at\/rechnungswesen\/en\/masterlehrgaenge\/\" \/>\n<meta property=\"og:locale\" content=\"en_GB\" \/>\n<meta property=\"og:type\" content=\"article\" \/>\n<meta property=\"og:title\" content=\"Masterlehrg\u00e4nge - FH CAMPUS 02 - Rechnungswesen &amp; Controlling\" \/>\n<meta property=\"og:description\" content=\"Masterlehrg\u00e4ngeMaster-Lehrgang Financial Accounting Der berufsbegleitende Master-Lehrgang \u201eFinancial Accounting\u201c ist durch more&hellip;\" \/>\n<meta property=\"og:url\" content=\"https:\/\/www.campus02.at\/rechnungswesen\/en\/masterlehrgaenge\/\" \/>\n<meta property=\"og:site_name\" content=\"FH CAMPUS 02 - Rechnungswesen &amp; Controlling\" \/>\n<meta property=\"article:modified_time\" content=\"2022-11-07T08:53:04+00:00\" \/>\n<meta name=\"twitter:card\" content=\"summary_large_image\" \/>\n<meta name=\"twitter:label1\" content=\"Written by\" \/>\n\t<meta name=\"twitter:data1\" content=\"Maria Lipp\" \/>\n<script type=\"application\/ld+json\" class=\"yoast-schema-graph\">{\"@context\":\"https:\/\/schema.org\",\"@graph\":[{\"@type\":\"WebPage\",\"@id\":\"https:\/\/www.campus02.at\/rechnungswesen\/masterlehrgaenge\/\",\"url\":\"https:\/\/www.campus02.at\/rechnungswesen\/masterlehrgaenge\/\",\"name\":\"Masterlehrg\u00e4nge - FH CAMPUS 02 - Rechnungswesen &amp; Controlling\",\"isPartOf\":{\"@id\":\"https:\/\/www.campus02.at\/rechnungswesen\/#website\"},\"datePublished\":\"2020-08-13T11:26:30+00:00\",\"dateModified\":\"2022-11-07T08:53:04+00:00\",\"breadcrumb\":{\"@id\":\"https:\/\/www.campus02.at\/rechnungswesen\/masterlehrgaenge\/#breadcrumb\"},\"inLanguage\":\"en-GB\",\"potentialAction\":[{\"@type\":\"ReadAction\",\"target\":[\"https:\/\/www.campus02.at\/rechnungswesen\/masterlehrgaenge\/\"]}]},{\"@type\":\"BreadcrumbList\",\"@id\":\"https:\/\/www.campus02.at\/rechnungswesen\/masterlehrgaenge\/#breadcrumb\",\"itemListElement\":[{\"@type\":\"ListItem\",\"position\":1,\"name\":\"Startseite\",\"item\":\"https:\/\/www.campus02.at\/rechnungswesen\/\"},{\"@type\":\"ListItem\",\"position\":2,\"name\":\"Masterlehrg\u00e4nge\"}]},{\"@type\":\"WebSite\",\"@id\":\"https:\/\/www.campus02.at\/rechnungswesen\/#website\",\"url\":\"https:\/\/www.campus02.at\/rechnungswesen\/\",\"name\":\"FH CAMPUS 02 - Rechnungswesen &amp; Controlling\",\"description\":\"\",\"publisher\":{\"@id\":\"https:\/\/www.campus02.at\/rechnungswesen\/#organization\"},\"potentialAction\":[{\"@type\":\"SearchAction\",\"target\":{\"@type\":\"EntryPoint\",\"urlTemplate\":\"https:\/\/www.campus02.at\/rechnungswesen\/?s={search_term_string}\"},\"query-input\":{\"@type\":\"PropertyValueSpecification\",\"valueRequired\":true,\"valueName\":\"search_term_string\"}}],\"inLanguage\":\"en-GB\"},{\"@type\":\"Organization\",\"@id\":\"https:\/\/www.campus02.at\/rechnungswesen\/#organization\",\"name\":\"FH CAMPUS 02 - Rechnungswesen &amp; Controlling\",\"url\":\"https:\/\/www.campus02.at\/rechnungswesen\/\",\"logo\":{\"@type\":\"ImageObject\",\"inLanguage\":\"en-GB\",\"@id\":\"https:\/\/www.campus02.at\/rechnungswesen\/#\/schema\/logo\/image\/\",\"url\":\"https:\/\/www.campus02.at\/rechnungswesen\/wp-content\/uploads\/sites\/6\/2023\/01\/logo-campus02.svg\",\"contentUrl\":\"https:\/\/www.campus02.at\/rechnungswesen\/wp-content\/uploads\/sites\/6\/2023\/01\/logo-campus02.svg\",\"width\":770,\"height\":249,\"caption\":\"FH CAMPUS 02 - Rechnungswesen &amp; Controlling\"},\"image\":{\"@id\":\"https:\/\/www.campus02.at\/rechnungswesen\/#\/schema\/logo\/image\/\"}}]}<\/script>\n<!-- \/ Yoast SEO plugin. -->","yoast_head_json":{"title":"Masterlehrg\u00e4nge - FH CAMPUS 02 - Rechnungswesen &amp; Controlling","robots":{"index":"index","follow":"follow","max-snippet":"max-snippet:-1","max-image-preview":"max-image-preview:large","max-video-preview":"max-video-preview:-1"},"canonical":"https:\/\/www.campus02.at\/rechnungswesen\/en\/masterlehrgaenge\/","og_locale":"en_GB","og_type":"article","og_title":"Masterlehrg\u00e4nge - FH CAMPUS 02 - Rechnungswesen &amp; Controlling","og_description":"Masterlehrg\u00e4ngeMaster-Lehrgang Financial Accounting Der berufsbegleitende Master-Lehrgang \u201eFinancial Accounting\u201c ist durch more&hellip;","og_url":"https:\/\/www.campus02.at\/rechnungswesen\/en\/masterlehrgaenge\/","og_site_name":"FH CAMPUS 02 - Rechnungswesen &amp; Controlling","article_modified_time":"2022-11-07T08:53:04+00:00","twitter_card":"summary_large_image","twitter_misc":{"Written by":"Maria Lipp"},"schema":{"@context":"https:\/\/schema.org","@graph":[{"@type":"WebPage","@id":"https:\/\/www.campus02.at\/rechnungswesen\/masterlehrgaenge\/","url":"https:\/\/www.campus02.at\/rechnungswesen\/masterlehrgaenge\/","name":"Masterlehrg\u00e4nge - FH CAMPUS 02 - Rechnungswesen &amp; Controlling","isPartOf":{"@id":"https:\/\/www.campus02.at\/rechnungswesen\/#website"},"datePublished":"2020-08-13T11:26:30+00:00","dateModified":"2022-11-07T08:53:04+00:00","breadcrumb":{"@id":"https:\/\/www.campus02.at\/rechnungswesen\/masterlehrgaenge\/#breadcrumb"},"inLanguage":"en-GB","potentialAction":[{"@type":"ReadAction","target":["https:\/\/www.campus02.at\/rechnungswesen\/masterlehrgaenge\/"]}]},{"@type":"BreadcrumbList","@id":"https:\/\/www.campus02.at\/rechnungswesen\/masterlehrgaenge\/#breadcrumb","itemListElement":[{"@type":"ListItem","position":1,"name":"Startseite","item":"https:\/\/www.campus02.at\/rechnungswesen\/"},{"@type":"ListItem","position":2,"name":"Masterlehrg\u00e4nge"}]},{"@type":"WebSite","@id":"https:\/\/www.campus02.at\/rechnungswesen\/#website","url":"https:\/\/www.campus02.at\/rechnungswesen\/","name":"FH CAMPUS 02 - Rechnungswesen &amp; Controlling","description":"","publisher":{"@id":"https:\/\/www.campus02.at\/rechnungswesen\/#organization"},"potentialAction":[{"@type":"SearchAction","target":{"@type":"EntryPoint","urlTemplate":"https:\/\/www.campus02.at\/rechnungswesen\/?s={search_term_string}"},"query-input":{"@type":"PropertyValueSpecification","valueRequired":true,"valueName":"search_term_string"}}],"inLanguage":"en-GB"},{"@type":"Organization","@id":"https:\/\/www.campus02.at\/rechnungswesen\/#organization","name":"FH CAMPUS 02 - Rechnungswesen &amp; Controlling","url":"https:\/\/www.campus02.at\/rechnungswesen\/","logo":{"@type":"ImageObject","inLanguage":"en-GB","@id":"https:\/\/www.campus02.at\/rechnungswesen\/#\/schema\/logo\/image\/","url":"https:\/\/www.campus02.at\/rechnungswesen\/wp-content\/uploads\/sites\/6\/2023\/01\/logo-campus02.svg","contentUrl":"https:\/\/www.campus02.at\/rechnungswesen\/wp-content\/uploads\/sites\/6\/2023\/01\/logo-campus02.svg","width":770,"height":249,"caption":"FH CAMPUS 02 - Rechnungswesen &amp; Controlling"},"image":{"@id":"https:\/\/www.campus02.at\/rechnungswesen\/#\/schema\/logo\/image\/"}}]}},"_links":{"self":[{"href":"https:\/\/www.campus02.at\/rechnungswesen\/en\/wp-json\/wp\/v2\/pages\/2389","targetHints":{"allow":["GET"]}}],"collection":[{"href":"https:\/\/www.campus02.at\/rechnungswesen\/en\/wp-json\/wp\/v2\/pages"}],"about":[{"href":"https:\/\/www.campus02.at\/rechnungswesen\/en\/wp-json\/wp\/v2\/types\/page"}],"author":[{"embeddable":true,"href":"https:\/\/www.campus02.at\/rechnungswesen\/en\/wp-json\/wp\/v2\/users\/179"}],"replies":[{"embeddable":true,"href":"https:\/\/www.campus02.at\/rechnungswesen\/en\/wp-json\/wp\/v2\/comments?post=2389"}],"version-history":[{"count":7,"href":"https:\/\/www.campus02.at\/rechnungswesen\/en\/wp-json\/wp\/v2\/pages\/2389\/revisions"}],"predecessor-version":[{"id":3429,"href":"https:\/\/www.campus02.at\/rechnungswesen\/en\/wp-json\/wp\/v2\/pages\/2389\/revisions\/3429"}],"wp:attachment":[{"href":"https:\/\/www.campus02.at\/rechnungswesen\/en\/wp-json\/wp\/v2\/media?parent=2389"}],"wp:term":[{"taxonomy":"author","embeddable":true,"href":"https:\/\/www.campus02.at\/rechnungswesen\/en\/wp-json\/wp\/v2\/coauthors?post=2389"}],"curies":[{"name":"wp","href":"https:\/\/api.w.org\/{rel}","templated":true}]}}