{"id":984,"date":"2016-06-28T14:54:11","date_gmt":"2016-06-28T12:54:11","guid":{"rendered":"https:\/\/www.campus02.at\/marketing\/?page_id=984"},"modified":"2021-12-14T16:07:15","modified_gmt":"2021-12-14T15:07:15","slug":"testimonials-lba-internationales","status":"publish","type":"page","link":"https:\/\/www.campus02.at\/marketing\/internationalisierung\/testimonials-lba-internationales\/","title":{"rendered":"Testimonials LBA Internationales"},"content":{"rendered":"<div class=\"flex-campus-main flex-campus-main-Text\"><h3><strong>TEACHING MOBILITY: IN &amp; OUT<\/strong><\/h3>\n<div>Sie besitzen Know-how in Marketing (in all seinen Auspr\u00e4gungen), Management (strategisch, operativ), Internationales Marketing Management, Sales Management oder Export Business? Sie m\u00f6chten Ihr Wissen an unsere Studierenden weitergeben? <a href=\"https:\/\/www.campus02.at\/marketing\/internationalisierung\/?preview=true\">Dann nehmen Sie bitte direkt mit uns Kontakt auf<\/a>.<\/div>\n<div><\/div>\n<div>\n<p><a href=\"https:\/\/www.campus02.at\/marketing\/wp-content\/uploads\/sites\/7\/2021\/12\/georg-jungwirth.jpg\"><img decoding=\"async\" class=\"wp-image-9401 alignleft\" src=\"https:\/\/www.campus02.at\/marketing\/wp-content\/uploads\/sites\/7\/2021\/12\/georg-jungwirth-300x200.jpg\" alt=\"\" width=\"169\" height=\"112\" srcset=\"https:\/\/www.campus02.at\/marketing\/wp-content\/uploads\/sites\/7\/2021\/12\/georg-jungwirth-300x200.jpg 300w, https:\/\/www.campus02.at\/marketing\/wp-content\/uploads\/sites\/7\/2021\/12\/georg-jungwirth-768x512.jpg 768w, https:\/\/www.campus02.at\/marketing\/wp-content\/uploads\/sites\/7\/2021\/12\/georg-jungwirth.jpg 900w\" sizes=\"(max-width: 169px) 100vw, 169px\" \/><\/a><\/p>\n<p>\u201eMeine Teaching Mobility an der H\u00e4me University of Applied Sciences (HAMK) im S\u00fcden Finnlands war eine sehr interessante interkulturelle Erfahrung. Einerseits hatte ich Gelegenheit, vor Studierenden und Lehrenden der Studienrichtung International Business \u00fcber unsere Forschungsergebnisse auf dem Gebiet der mittelst\u00e4ndischen und meist familiengef\u00fchrten Weltmarktf\u00fchrer (Hidden Champions) zu berichten. Andererseits lernte ich im Rahmen der allj\u00e4hrlich Anfang Februar stattfindenden International Week, die an unserer Partnerhochschule HAMK bezeichnenderweise \u201eFreezing Week\u201c hei\u00dft, nicht nur finnische Kolleg*innen kennen, sondern auch Professor*innen und Mitarbeiter*innen zahlreicher europ\u00e4ischer Universit\u00e4ten. Aus den Gespr\u00e4chen und Diskussionen mit ihnen ergaben sich sehr wertvolle Anregungen und Denkanst\u00f6\u00dfe f\u00fcr die Internationalisierungsbem\u00fchungen unserer eigenen Fachhochschule.\u201c<\/p>\n<p>FH-Prof. Mag. Dr. Georg Jungwirth, Hauptberuflich Lehrender FH CAMPUS 02<br \/>\nOutgoing Teaching Mobility, Gastuniversit\u00e4t: HAMK\u00a0University of Applied Sciences, Finnland, Februar 2017<\/p>\n<\/div>\n<\/div><div class=\"flex-campus-main flex-campus-main-Gallery\">    <div id=\"galleryCarousel-1\" class=\"carousel slide\" data-ride=\"carousel\">\n                <ol class=\"carousel-indicators\">\n                        <li data-target=\"#galleryCarousel-1\" data-slide-to=\"0\" class=\"active\"><\/li>\n                        <li data-target=\"#galleryCarousel-1\" data-slide-to=\"1\" ><\/li>\n                        <li data-target=\"#galleryCarousel-1\" data-slide-to=\"2\" ><\/li>\n                        <li data-target=\"#galleryCarousel-1\" data-slide-to=\"3\" ><\/li>\n                    <\/ol>\n                <div class=\"carousel-inner\" role=\"listbox\">\n                        <div class=\"item active\">\n                <div class=\"carousel-image\" style=\"background-image: url(https:\/\/www.campus02.at\/marketing\/wp-content\/uploads\/sites\/7\/2016\/06\/IMG-20170209-WA0028-1024x576.jpg);\"><\/div>\n                <div class=\"carousel-caption\">\n                    \u00a9 Georg Jungwirth                <\/div>\n            <\/div>\n                        <div class=\"item \">\n                <div class=\"carousel-image\" style=\"background-image: url(https:\/\/www.campus02.at\/marketing\/wp-content\/uploads\/sites\/7\/2016\/06\/IMG-20170209-WA0018-1024x576.jpg);\"><\/div>\n                <div class=\"carousel-caption\">\n                    \u00a9 Georg Jungwirth                <\/div>\n            <\/div>\n                        <div class=\"item \">\n                <div class=\"carousel-image\" style=\"background-image: url(https:\/\/www.campus02.at\/marketing\/wp-content\/uploads\/sites\/7\/2016\/06\/20170208_132229-1024x293.jpg);\"><\/div>\n                <div class=\"carousel-caption\">\n                    \u00a9Georg Jungwirth                <\/div>\n            <\/div>\n                        <div class=\"item \">\n                <div class=\"carousel-image\" style=\"background-image: url(https:\/\/www.campus02.at\/marketing\/wp-content\/uploads\/sites\/7\/2016\/06\/IMG-20170209-WA0026-1024x576.jpg);\"><\/div>\n                <div class=\"carousel-caption\">\n                    \u00a9 Georg Jungwirth                <\/div>\n            <\/div>\n                    <\/div>\n        <a class=\"left carousel-control\" href=\"#galleryCarousel-1\" role=\"button\" data-slide=\"prev\">\n            <span class=\"fa fa-chevron-left glyphicon-chevron-left\" aria-hidden=\"true\"><\/span>\n            <span class=\"sr-only\">Zur\u00fcck<\/span>\n        <\/a>\n        <a class=\"right carousel-control\" href=\"#galleryCarousel-1\" role=\"button\" data-slide=\"next\">\n            <span class=\"fa fa-chevron-right glyphicon-chevron-right\" aria-hidden=\"true\"><\/span>\n            <span class=\"sr-only\">Weiter<\/span>\n        <\/a>\n    <\/div>\n<\/div><div class=\"flex-campus-main flex-campus-main-Text\"><div><\/div>\n<div>\n<p><a href=\"https:\/\/www.campus02.at\/marketing\/wp-content\/uploads\/sites\/7\/2016\/06\/Portrait-Prof.-Dr.-Cravotta.jpg\"><img fetchpriority=\"high\" decoding=\"async\" fetchpriority=\"high\" class=\"wp-image-987 alignleft\" src=\"https:\/\/www.campus02.at\/marketing\/wp-content\/uploads\/sites\/7\/2016\/06\/Portrait-Prof.-Dr.-Cravotta-150x150.jpg\" alt=\"Cravotta\" width=\"225\" height=\"225\" srcset=\"https:\/\/www.campus02.at\/marketing\/wp-content\/uploads\/sites\/7\/2016\/06\/Portrait-Prof.-Dr.-Cravotta-150x150.jpg 150w, https:\/\/www.campus02.at\/marketing\/wp-content\/uploads\/sites\/7\/2016\/06\/Portrait-Prof.-Dr.-Cravotta-200x200.jpg 200w, https:\/\/www.campus02.at\/marketing\/wp-content\/uploads\/sites\/7\/2016\/06\/Portrait-Prof.-Dr.-Cravotta-300x300.jpg 300w, https:\/\/www.campus02.at\/marketing\/wp-content\/uploads\/sites\/7\/2016\/06\/Portrait-Prof.-Dr.-Cravotta-32x32.jpg 32w, https:\/\/www.campus02.at\/marketing\/wp-content\/uploads\/sites\/7\/2016\/06\/Portrait-Prof.-Dr.-Cravotta-50x50.jpg 50w, https:\/\/www.campus02.at\/marketing\/wp-content\/uploads\/sites\/7\/2016\/06\/Portrait-Prof.-Dr.-Cravotta-64x64.jpg 64w, https:\/\/www.campus02.at\/marketing\/wp-content\/uploads\/sites\/7\/2016\/06\/Portrait-Prof.-Dr.-Cravotta-96x96.jpg 96w, https:\/\/www.campus02.at\/marketing\/wp-content\/uploads\/sites\/7\/2016\/06\/Portrait-Prof.-Dr.-Cravotta-128x128.jpg 128w\" sizes=\"(max-width: 225px) 100vw, 225px\" \/><\/a>&#8222;Ein Familienunternehmen stellt in vielen Volkswirtschaften einen besonderen Unternehmenstypus dar: Je nach Definition und Land liegt der Anteil der Familienunternehmungen gemessen an der Gesamtzahl der Unternehmen zwischen 50 und 96 Prozent. Dabei ist dieser Typus besonders in Deutschland und \u00d6sterreich vertreten. Viele darunter befinden sich in S\u00fcddeutschland sowie in der Steiermark. Als Dekan der SRH Hochschule Calw freue ich mich sehr, gemeinsam mit unserem starken Kooperationspartner, der CAMPUS 02 Fachhochschule der Wirtschaft GmbH in Graz, die Familienunternehmen st\u00e4rker in den Fokus zuk\u00fcnftiger Forschungsaktivit\u00e4ten zu r\u00fccken.&#8220;<\/p>\n<p><em>Prof. Dr. Sven Cravotta, Dekan SRH Calw, Deutschland<br \/>\n<\/em><em>Incoming Teaching Mobility,\u00a0Sommersemester 2017<\/em><\/p>\n<\/div>\n<\/div>","protected":false},"excerpt":{"rendered":"<p>TEACHING MOBILITY: IN &amp; OUT Sie besitzen Know-how in Marketing (in all seinen Auspr\u00e4gungen), Management (strategisch, <a href=\"https:\/\/www.campus02.at\/marketing\/internationalisierung\/testimonials-lba-internationales\/\" class=\"more-link\">mehr&hellip;<\/a><\/p>\n","protected":false},"author":135,"featured_media":0,"parent":652,"menu_order":0,"comment_status":"closed","ping_status":"closed","template":"","meta":{"_acf_changed":false,"footnotes":""},"coauthors":[71,67],"class_list":["post-984","page","type-page","status-publish","hentry"],"acf":[],"yoast_head":"<!-- This site is optimized with the Yoast SEO plugin v26.9 - https:\/\/yoast.com\/product\/yoast-seo-wordpress\/ -->\n<title>Testimonials LBA Internationales - FH CAMPUS 02 - Marketing &amp; Sales<\/title>\n<meta name=\"robots\" content=\"index, follow, max-snippet:-1, max-image-preview:large, max-video-preview:-1\" \/>\n<link rel=\"canonical\" href=\"https:\/\/www.campus02.at\/marketing\/internationalisierung\/testimonials-lba-internationales\/\" \/>\n<meta property=\"og:locale\" content=\"de_DE\" \/>\n<meta property=\"og:type\" content=\"article\" \/>\n<meta property=\"og:title\" content=\"Testimonials LBA Internationales - FH CAMPUS 02 - Marketing &amp; Sales\" \/>\n<meta property=\"og:description\" content=\"TEACHING MOBILITY: IN &amp; OUT Sie besitzen Know-how in Marketing (in all seinen Auspr\u00e4gungen), Management (strategisch, mehr&hellip;\" \/>\n<meta property=\"og:url\" content=\"https:\/\/www.campus02.at\/marketing\/internationalisierung\/testimonials-lba-internationales\/\" \/>\n<meta property=\"og:site_name\" content=\"FH CAMPUS 02 - Marketing &amp; Sales\" \/>\n<meta property=\"article:modified_time\" content=\"2021-12-14T15:07:15+00:00\" \/>\n<meta name=\"twitter:card\" content=\"summary_large_image\" \/>\n<script type=\"application\/ld+json\" class=\"yoast-schema-graph\">{\"@context\":\"https:\/\/schema.org\",\"@graph\":[{\"@type\":\"WebPage\",\"@id\":\"https:\/\/www.campus02.at\/marketing\/internationalisierung\/testimonials-lba-internationales\/\",\"url\":\"https:\/\/www.campus02.at\/marketing\/internationalisierung\/testimonials-lba-internationales\/\",\"name\":\"Testimonials LBA Internationales - FH CAMPUS 02 - Marketing &amp; Sales\",\"isPartOf\":{\"@id\":\"https:\/\/www.campus02.at\/marketing\/#website\"},\"datePublished\":\"2016-06-28T12:54:11+00:00\",\"dateModified\":\"2021-12-14T15:07:15+00:00\",\"breadcrumb\":{\"@id\":\"https:\/\/www.campus02.at\/marketing\/internationalisierung\/testimonials-lba-internationales\/#breadcrumb\"},\"inLanguage\":\"de\",\"potentialAction\":[{\"@type\":\"ReadAction\",\"target\":[\"https:\/\/www.campus02.at\/marketing\/internationalisierung\/testimonials-lba-internationales\/\"]}]},{\"@type\":\"BreadcrumbList\",\"@id\":\"https:\/\/www.campus02.at\/marketing\/internationalisierung\/testimonials-lba-internationales\/#breadcrumb\",\"itemListElement\":[{\"@type\":\"ListItem\",\"position\":1,\"name\":\"Startseite\",\"item\":\"https:\/\/www.campus02.at\/marketing\/\"},{\"@type\":\"ListItem\",\"position\":2,\"name\":\"Internationales\",\"item\":\"https:\/\/www.campus02.at\/marketing\/internationalisierung\/\"},{\"@type\":\"ListItem\",\"position\":3,\"name\":\"Testimonials LBA Internationales\"}]},{\"@type\":\"WebSite\",\"@id\":\"https:\/\/www.campus02.at\/marketing\/#website\",\"url\":\"https:\/\/www.campus02.at\/marketing\/\",\"name\":\"FH CAMPUS 02 - Marketing &amp; Sales\",\"description\":\"\",\"potentialAction\":[{\"@type\":\"SearchAction\",\"target\":{\"@type\":\"EntryPoint\",\"urlTemplate\":\"https:\/\/www.campus02.at\/marketing\/?s={search_term_string}\"},\"query-input\":{\"@type\":\"PropertyValueSpecification\",\"valueRequired\":true,\"valueName\":\"search_term_string\"}}],\"inLanguage\":\"de\"}]}<\/script>\n<!-- \/ Yoast SEO plugin. -->","yoast_head_json":{"title":"Testimonials LBA Internationales - FH CAMPUS 02 - Marketing &amp; Sales","robots":{"index":"index","follow":"follow","max-snippet":"max-snippet:-1","max-image-preview":"max-image-preview:large","max-video-preview":"max-video-preview:-1"},"canonical":"https:\/\/www.campus02.at\/marketing\/internationalisierung\/testimonials-lba-internationales\/","og_locale":"de_DE","og_type":"article","og_title":"Testimonials LBA Internationales - FH CAMPUS 02 - Marketing &amp; Sales","og_description":"TEACHING MOBILITY: IN &amp; OUT Sie besitzen Know-how in Marketing (in all seinen Auspr\u00e4gungen), Management (strategisch, mehr&hellip;","og_url":"https:\/\/www.campus02.at\/marketing\/internationalisierung\/testimonials-lba-internationales\/","og_site_name":"FH CAMPUS 02 - Marketing &amp; Sales","article_modified_time":"2021-12-14T15:07:15+00:00","twitter_card":"summary_large_image","schema":{"@context":"https:\/\/schema.org","@graph":[{"@type":"WebPage","@id":"https:\/\/www.campus02.at\/marketing\/internationalisierung\/testimonials-lba-internationales\/","url":"https:\/\/www.campus02.at\/marketing\/internationalisierung\/testimonials-lba-internationales\/","name":"Testimonials LBA Internationales - FH CAMPUS 02 - Marketing &amp; Sales","isPartOf":{"@id":"https:\/\/www.campus02.at\/marketing\/#website"},"datePublished":"2016-06-28T12:54:11+00:00","dateModified":"2021-12-14T15:07:15+00:00","breadcrumb":{"@id":"https:\/\/www.campus02.at\/marketing\/internationalisierung\/testimonials-lba-internationales\/#breadcrumb"},"inLanguage":"de","potentialAction":[{"@type":"ReadAction","target":["https:\/\/www.campus02.at\/marketing\/internationalisierung\/testimonials-lba-internationales\/"]}]},{"@type":"BreadcrumbList","@id":"https:\/\/www.campus02.at\/marketing\/internationalisierung\/testimonials-lba-internationales\/#breadcrumb","itemListElement":[{"@type":"ListItem","position":1,"name":"Startseite","item":"https:\/\/www.campus02.at\/marketing\/"},{"@type":"ListItem","position":2,"name":"Internationales","item":"https:\/\/www.campus02.at\/marketing\/internationalisierung\/"},{"@type":"ListItem","position":3,"name":"Testimonials LBA Internationales"}]},{"@type":"WebSite","@id":"https:\/\/www.campus02.at\/marketing\/#website","url":"https:\/\/www.campus02.at\/marketing\/","name":"FH CAMPUS 02 - Marketing &amp; Sales","description":"","potentialAction":[{"@type":"SearchAction","target":{"@type":"EntryPoint","urlTemplate":"https:\/\/www.campus02.at\/marketing\/?s={search_term_string}"},"query-input":{"@type":"PropertyValueSpecification","valueRequired":true,"valueName":"search_term_string"}}],"inLanguage":"de"}]}},"_links":{"self":[{"href":"https:\/\/www.campus02.at\/marketing\/wp-json\/wp\/v2\/pages\/984","targetHints":{"allow":["GET"]}}],"collection":[{"href":"https:\/\/www.campus02.at\/marketing\/wp-json\/wp\/v2\/pages"}],"about":[{"href":"https:\/\/www.campus02.at\/marketing\/wp-json\/wp\/v2\/types\/page"}],"author":[{"embeddable":true,"href":"https:\/\/www.campus02.at\/marketing\/wp-json\/wp\/v2\/users\/135"}],"replies":[{"embeddable":true,"href":"https:\/\/www.campus02.at\/marketing\/wp-json\/wp\/v2\/comments?post=984"}],"version-history":[{"count":8,"href":"https:\/\/www.campus02.at\/marketing\/wp-json\/wp\/v2\/pages\/984\/revisions"}],"predecessor-version":[{"id":9407,"href":"https:\/\/www.campus02.at\/marketing\/wp-json\/wp\/v2\/pages\/984\/revisions\/9407"}],"up":[{"embeddable":true,"href":"https:\/\/www.campus02.at\/marketing\/wp-json\/wp\/v2\/pages\/652"}],"wp:attachment":[{"href":"https:\/\/www.campus02.at\/marketing\/wp-json\/wp\/v2\/media?parent=984"}],"wp:term":[{"taxonomy":"author","embeddable":true,"href":"https:\/\/www.campus02.at\/marketing\/wp-json\/wp\/v2\/coauthors?post=984"}],"curies":[{"name":"wp","href":"https:\/\/api.w.org\/{rel}","templated":true}]}}