{"id":947,"date":"2016-06-28T13:09:38","date_gmt":"2016-06-28T11:09:38","guid":{"rendered":"https:\/\/www.campus02.at\/marketing\/?page_id=947"},"modified":"2021-05-10T10:00:00","modified_gmt":"2021-05-10T08:00:00","slug":"testimonials-studierende-internationales","status":"publish","type":"page","link":"https:\/\/www.campus02.at\/marketing\/internationalisierung\/testimonials-studierende-internationales\/","title":{"rendered":"Testimonials Studierende Internationales"},"content":{"rendered":"<div class=\"flex-campus-main flex-campus-main-Text\"><h3><strong>STUDENT MOBILITY: IN &amp; OUT<\/strong><\/h3>\n<p>Sind Sie Studierende\/r der Studienrichtung\u00a0 Marketing &amp; Sales und m\u00f6chten im Ausland studieren? Oder kommen Sie aus dem Ausland und m\u00f6chten bei uns studieren? <a href=\"https:\/\/www.campus02.at\/marketing\/internationalisierung\/\">Dann kontaktieren Sie uns!<\/a><\/p>\n<p>&nbsp;<\/p>\n<p><a href=\"https:\/\/www.campus02.at\/marketing\/wp-content\/uploads\/sites\/7\/2016\/06\/Cornelia1.jpg\"><img loading=\"lazy\" decoding=\"async\" class=\"alignleft size-thumbnail wp-image-3426\" src=\"https:\/\/www.campus02.at\/marketing\/wp-content\/uploads\/sites\/7\/2016\/06\/Cornelia1-150x150.jpg\" alt=\"\" width=\"150\" height=\"150\" srcset=\"https:\/\/www.campus02.at\/marketing\/wp-content\/uploads\/sites\/7\/2016\/06\/Cornelia1-150x150.jpg 150w, https:\/\/www.campus02.at\/marketing\/wp-content\/uploads\/sites\/7\/2016\/06\/Cornelia1-200x200.jpg 200w, https:\/\/www.campus02.at\/marketing\/wp-content\/uploads\/sites\/7\/2016\/06\/Cornelia1-300x300.jpg 300w, https:\/\/www.campus02.at\/marketing\/wp-content\/uploads\/sites\/7\/2016\/06\/Cornelia1-32x32.jpg 32w, https:\/\/www.campus02.at\/marketing\/wp-content\/uploads\/sites\/7\/2016\/06\/Cornelia1-50x50.jpg 50w, https:\/\/www.campus02.at\/marketing\/wp-content\/uploads\/sites\/7\/2016\/06\/Cornelia1-64x64.jpg 64w, https:\/\/www.campus02.at\/marketing\/wp-content\/uploads\/sites\/7\/2016\/06\/Cornelia1-96x96.jpg 96w, https:\/\/www.campus02.at\/marketing\/wp-content\/uploads\/sites\/7\/2016\/06\/Cornelia1-128x128.jpg 128w\" sizes=\"(max-width: 150px) 100vw, 150px\" \/><\/a>\u201cLisbon, the local culture and the people from all over the world, whom I met there, have deepened my horizon in many aspects: from projects in the area of international marketing to the exciting events, leading to my mastering a foreign language \u2013 my exchange semester offered me a lot of possibilities. Furthermore, through my experience abroad, I learned to see and to value my home, family and friends in a different, enriched perspective.\u201d<\/p>\n<p>&nbsp;<\/p>\n<p style=\"text-align: left;\"><em>Cornelia Neuwirt, outgoing student in winter semester 2016-2017<br \/>\nISCEM Instituto Superior de Comunicacao Empresarial, Lissabon, Portugal<\/em><\/p>\n<p>&nbsp;<\/p>\n<p><a href=\"https:\/\/www.campus02.at\/marketing\/wp-content\/uploads\/sites\/7\/2016\/06\/6zugeschnitten.jpg\"><img loading=\"lazy\" decoding=\"async\" class=\"alignleft size-thumbnail wp-image-3538\" src=\"https:\/\/www.campus02.at\/marketing\/wp-content\/uploads\/sites\/7\/2016\/06\/6zugeschnitten-150x150.jpg\" alt=\"\" width=\"150\" height=\"150\" srcset=\"https:\/\/www.campus02.at\/marketing\/wp-content\/uploads\/sites\/7\/2016\/06\/6zugeschnitten-150x150.jpg 150w, https:\/\/www.campus02.at\/marketing\/wp-content\/uploads\/sites\/7\/2016\/06\/6zugeschnitten-200x200.jpg 200w, https:\/\/www.campus02.at\/marketing\/wp-content\/uploads\/sites\/7\/2016\/06\/6zugeschnitten-300x300.jpg 300w, https:\/\/www.campus02.at\/marketing\/wp-content\/uploads\/sites\/7\/2016\/06\/6zugeschnitten-32x32.jpg 32w, https:\/\/www.campus02.at\/marketing\/wp-content\/uploads\/sites\/7\/2016\/06\/6zugeschnitten-50x50.jpg 50w, https:\/\/www.campus02.at\/marketing\/wp-content\/uploads\/sites\/7\/2016\/06\/6zugeschnitten-64x64.jpg 64w, https:\/\/www.campus02.at\/marketing\/wp-content\/uploads\/sites\/7\/2016\/06\/6zugeschnitten-96x96.jpg 96w, https:\/\/www.campus02.at\/marketing\/wp-content\/uploads\/sites\/7\/2016\/06\/6zugeschnitten-128x128.jpg 128w\" sizes=\"(max-width: 150px) 100vw, 150px\" \/><\/a><\/p>\n<p>&#8222;<span lang=\"EN-US\">Austria is a welcoming, friendly country with breathtaking landscapes! Styria is a proud and historical state with traditional, premium quality products; Graz is lively, cheerful and charming city; CAMPUS 02 is a university that can\u2019t be even measured in words but I try: it is a place where I felt that learning is important and it is a place where I got back my fire to learn!<\/span><span lang=\"EN-US\"> I discovered that the diversity of different learning techniques combined with theory, practical learning and sincerely motivated teachers is what makes CAMPUS 02 education brilliant.I hope my future will cross paths with Austria and CAMPUS 02\u00a0some day again&#8220;. <\/span><\/p>\n<p style=\"text-align: left;\"><em>Elina Aattela, incoming student in summer semester 2017<\/em><br \/>\n<em>H\u00c4ME University of Applied Sciences, Finland<\/em><\/p>\n<p>&nbsp;<\/p>\n<p><a href=\"https:\/\/www.campus02.at\/marketing\/wp-content\/uploads\/sites\/7\/2016\/06\/Lilian-zugeschnitten.jpg\"><img loading=\"lazy\" decoding=\"async\" class=\"alignleft size-thumbnail wp-image-3543\" src=\"https:\/\/www.campus02.at\/marketing\/wp-content\/uploads\/sites\/7\/2016\/06\/Lilian-zugeschnitten-150x150.jpg\" alt=\"\" width=\"150\" height=\"150\" srcset=\"https:\/\/www.campus02.at\/marketing\/wp-content\/uploads\/sites\/7\/2016\/06\/Lilian-zugeschnitten-150x150.jpg 150w, https:\/\/www.campus02.at\/marketing\/wp-content\/uploads\/sites\/7\/2016\/06\/Lilian-zugeschnitten-200x200.jpg 200w, https:\/\/www.campus02.at\/marketing\/wp-content\/uploads\/sites\/7\/2016\/06\/Lilian-zugeschnitten-300x300.jpg 300w, https:\/\/www.campus02.at\/marketing\/wp-content\/uploads\/sites\/7\/2016\/06\/Lilian-zugeschnitten-32x32.jpg 32w, https:\/\/www.campus02.at\/marketing\/wp-content\/uploads\/sites\/7\/2016\/06\/Lilian-zugeschnitten-50x50.jpg 50w, https:\/\/www.campus02.at\/marketing\/wp-content\/uploads\/sites\/7\/2016\/06\/Lilian-zugeschnitten-64x64.jpg 64w, https:\/\/www.campus02.at\/marketing\/wp-content\/uploads\/sites\/7\/2016\/06\/Lilian-zugeschnitten-96x96.jpg 96w, https:\/\/www.campus02.at\/marketing\/wp-content\/uploads\/sites\/7\/2016\/06\/Lilian-zugeschnitten-128x128.jpg 128w\" sizes=\"(max-width: 150px) 100vw, 150px\" \/><\/a><\/p>\n<p>&#8222;After returning home I once more realised what a great experience my semester in Graz has been! Besides meeting very nice and friendly people \u2013 and making friends with them \u2013 I was fortunate to attend interesting and eye-opening lectures at CAMPUS 02. Having the opportunity to choose from the whole range of lectures was simply fantastic. In the beautiful city of Graz I felt at ease quickly. It is a super place to discover by bike and there were a lot of cool events during my stay. And, you\u00a0can easily visit other countries such as Slovenia, Croatia or Italy during your stay. Make the most of it!&#8220;<\/p>\n<p style=\"text-align: left;\"><em>Lilian Laub, incoming student in summer semester 2017<br \/>\nBern UAS, Switzerland<\/em><\/p>\n<p>&nbsp;<\/p>\n<p>&nbsp;<\/p>\n<p>&nbsp;<\/p>\n<h3><\/h3>\n<h3><\/h3>\n<h3><strong><br \/>\nSUMMER SCHOOLS<\/strong><\/h3>\n<p>M\u00f6chten Sie Ihren Horizont erweitern, die Sommerzeit aktiv nutzen und Studium und Spa\u00df verbinden? Eine Summer School bietet dazu die ideale Gelegenheit!<\/p>\n<p>&nbsp;<\/p>\n<p><a href=\"https:\/\/www.campus02.at\/marketing\/wp-content\/uploads\/sites\/7\/2016\/06\/acs.jpg\"><img loading=\"lazy\" decoding=\"async\" loading=\"lazy\" class=\"size-full wp-image-1213 alignleft\" src=\"https:\/\/www.campus02.at\/marketing\/wp-content\/uploads\/sites\/7\/2016\/06\/acs.jpg\" alt=\"acs\" width=\"96\" height=\"133\" \/><\/a><\/p>\n<p>\u201eIm Sommer 2015 habe ein eine Summer School an der Universidad de Alicante verbracht. Mein Entschluss, den Kurs \u201aInternational Marketing and Trade\u2018 zu belegen war ein Volltreffer! Nicht nur Themen wie Markteintrittsstrategien, Interkulturelles Management oder Herausforderungen in Internationalen Marketing wurden behandelt, sondern auch viele Firmenbesuche haben stattgefunden. Diese haben uns \u00a0einen n\u00e4heren Blick in spanische Unternehmen gew\u00e4hrt. Tolle Ausfl\u00fcge und Freizeitangebote waren die M\u00f6glichkeit, andere Teilnehmer*innen kennenzulernen und Freundschaften zu kn\u00fcpfen. Alicante ist eine wundersch\u00f6ne Stadt, die alles bietet: Strand, Sehensw\u00fcrdigkeiten und Spa\u00df. Ich bin froh, mich f\u00fcr eine Summer School in Alicante entschieden zu haben \u2013 die Kombination zwischen qualitativ hochwertigen Universit\u00e4tskursen und tollen Freizeitaktivit\u00e4ten machten diesen Aufenthalt f\u00fcr mich einfach perfekt!\u201c<\/p>\n<p><em>Johanna Acs, Master &#8211; Studierende International Marketing<br \/>\nAufenthalt: Universidad de Alicante, Spanien, Juli 2015<\/em><\/p>\n<\/div><div class=\"flex-campus-main flex-campus-main-Gallery\"><div class=\"row\"><div class=\"col-md-4\"><a href=\"https:\/\/www.campus02.at\/marketing\/wp-content\/uploads\/sites\/7\/2016\/06\/alicante1.jpg\" rel=\"fancybox-gallery-1\"><img decoding=\"async\" src=\"https:\/\/www.campus02.at\/marketing\/wp-content\/uploads\/sites\/7\/2016\/06\/alicante1-300x300.jpg\" class=\"img-responsive\" alt=\"\u00a9Acs\" \/><\/a><\/div><div class=\"col-md-4\"><a href=\"https:\/\/www.campus02.at\/marketing\/wp-content\/uploads\/sites\/7\/2016\/06\/alicante2.jpg\" rel=\"fancybox-gallery-1\"><img decoding=\"async\" src=\"https:\/\/www.campus02.at\/marketing\/wp-content\/uploads\/sites\/7\/2016\/06\/alicante2-300x300.jpg\" class=\"img-responsive\" alt=\"\u00a9Acs\" \/><\/a><\/div><div class=\"col-md-4\"><a href=\"https:\/\/www.campus02.at\/marketing\/wp-content\/uploads\/sites\/7\/2016\/06\/alicante3.jpg\" rel=\"fancybox-gallery-1\"><img decoding=\"async\" src=\"https:\/\/www.campus02.at\/marketing\/wp-content\/uploads\/sites\/7\/2016\/06\/alicante3-300x300.jpg\" class=\"img-responsive\" alt=\"\u00a9Acs\" \/><\/a><\/div><\/div><\/div><div class=\"flex-campus-main flex-campus-main-Text\"><p><a href=\"https:\/\/www.campus02.at\/marketing\/wp-content\/uploads\/sites\/7\/2016\/06\/strohmayer.jpg\"><img loading=\"lazy\" decoding=\"async\" loading=\"lazy\" class=\"size-full wp-image-1220 alignleft\" src=\"https:\/\/www.campus02.at\/marketing\/wp-content\/uploads\/sites\/7\/2016\/06\/strohmayer.jpg\" alt=\"strohmayer\" width=\"96\" height=\"133\" \/><\/a><\/p>\n<p>\u201eLinnaeus University Summer Academy bietet zw\u00f6lf Kurse aus verschiedenen Bereichen. Die Kurse werden auf Englisch abgehalten und die Teilnahme ist f\u00fcr EU-B\u00fcrger*innen kostenlos! Ich habe mich f\u00fcr den Kurs \u201aInternational Business Simulations\u2018 entscheiden und das war f\u00fcr mich die beste Wahl! In diesem Kurs haben wir an einem Unternehmensplanspiel teilgenommen \u2013 wir hatten die M\u00f6glichkeit, ein Unternehmen zu f\u00fchren, indem reale Wirtschaftsereignisse simuliert wurden \u2013 so haben wir internationale M\u00e4rkte untersucht, Eintrittsstrategien entwickelt, Umsatz generiert sowie Mitarbeiter*innen gef\u00fchrt. Ich habe dadurch sehr viel gelernt und viel an Wissen mit nach Hause genommen. Noch dazu, Kalmar ist eine nette Stadt mit besonderem Flair: mit \u00a0Life Musik am Abend, einem tollen Stadtfest und einem wundersch\u00f6nen Strand. Es war einfach toll!\u201c<\/p>\n<p><em>Christina Strohmayer, Master &#8211; Studierende International Marketing<br \/>\nAufenthalt: Linnaeus University, Schweden, August 2015<\/em><\/p>\n<\/div><div class=\"flex-campus-main flex-campus-main-Gallery\"><div class=\"row\"><div class=\"col-md-4\"><a href=\"https:\/\/www.campus02.at\/marketing\/wp-content\/uploads\/sites\/7\/2016\/06\/schweden2.jpg\" rel=\"fancybox-gallery-2\"><img decoding=\"async\" src=\"https:\/\/www.campus02.at\/marketing\/wp-content\/uploads\/sites\/7\/2016\/06\/schweden2-300x300.jpg\" class=\"img-responsive\" alt=\"\u00a9Strohmayer\" \/><\/a><\/div><div class=\"col-md-4\"><a href=\"https:\/\/www.campus02.at\/marketing\/wp-content\/uploads\/sites\/7\/2016\/06\/schweden3.jpg\" rel=\"fancybox-gallery-2\"><img decoding=\"async\" src=\"https:\/\/www.campus02.at\/marketing\/wp-content\/uploads\/sites\/7\/2016\/06\/schweden3-300x300.jpg\" class=\"img-responsive\" alt=\"\u00a9Strohmayer\" \/><\/a><\/div><div class=\"col-md-4\"><a href=\"https:\/\/www.campus02.at\/marketing\/wp-content\/uploads\/sites\/7\/2016\/06\/schweden1.jpg\" rel=\"fancybox-gallery-2\"><img decoding=\"async\" src=\"https:\/\/www.campus02.at\/marketing\/wp-content\/uploads\/sites\/7\/2016\/06\/schweden1-300x300.jpg\" class=\"img-responsive\" alt=\"\u00a9Strohmayer\" \/><\/a><\/div><\/div><\/div><div class=\"flex-campus-main flex-campus-main-Text\"><h3><strong>INTERNSHIP ABROAD<\/strong><\/h3>\n<p>Praktikum im Ausland? Erfahrungen zu sammeln, eigene Sprachkenntnisse zu verbessern und interkulturelle Kompetenz in der Arbeitswelt zu erwerben &#8211; all das macht ein Auslandspraktikum nicht nur interessant, sondern stellt einen besonderen Mehrwert dar, welcher unsere Absolvent*innen von anderen Mitbewerber*innen am Arbeitsmarkt deutlich hervorhebt.<\/p>\n<p>&nbsp;<\/p>\n<p><a href=\"https:\/\/www.campus02.at\/marketing\/wp-content\/uploads\/sites\/7\/2016\/06\/Leitner-Martina_Portrait.jpg\"><img loading=\"lazy\" decoding=\"async\" loading=\"lazy\" class=\"alignleft wp-image-1480 size-thumbnail\" src=\"https:\/\/www.campus02.at\/marketing\/wp-content\/uploads\/sites\/7\/2016\/06\/Leitner-Martina_Portrait-110x150.jpg\" alt=\"Portrait Leitner MArtina\" width=\"110\" height=\"150\" \/><\/a><\/p>\n<p>&#8222;Ein Praktikum im Ausland bietet die optimale M\u00f6glichkeit, sein gewohntes Umfeld zu verlassen und\u00a0neue L\u00e4nder und St\u00e4dte\u00a0kennenzulernen. Man lernt viele neue Gesichter kennen, kn\u00fcpft Kontakte und schlie\u00dft Freundschaften. Bei meinem Berufspraktikum bei ProSiebenSAT.1 konnte ich au\u00dferdem wertvolle\u00a0Erfahrungen in der Medienbranche sammeln und Einblicke in ein sehr interessantes Unternehmen erlangen. Letztendlich hatte ich eine unvergessliche Zeit und kann ein Auslandspraktikum nur weiterempfehlen.&#8220;<\/p>\n<p><em>Martina Leitner, Studierende\u00a0 IMSM, Auslandspraktikum im Sommersemester 2016<\/em><br \/>\n<em>Praktikumsfirma: ProSiebenSAT.1 Media SE, M\u00fcnchen, Deutschland<\/em><\/p>\n<p>&nbsp;<\/p>\n<\/div><div class=\"flex-campus-main flex-campus-main-Gallery\"><div class=\"row\"><div class=\"col-md-4\"><a href=\"https:\/\/www.campus02.at\/marketing\/wp-content\/uploads\/sites\/7\/2016\/06\/Leitner-SAT1_1.jpg\" rel=\"fancybox-gallery-3\"><img decoding=\"async\" src=\"https:\/\/www.campus02.at\/marketing\/wp-content\/uploads\/sites\/7\/2016\/06\/Leitner-SAT1_1-300x300.jpg\" class=\"img-responsive\" alt=\"\u00a9Leitner\" \/><\/a><\/div><div class=\"col-md-4\"><a href=\"https:\/\/www.campus02.at\/marketing\/wp-content\/uploads\/sites\/7\/2016\/06\/Leitner_M\u00fcnchen_2.jpg\" rel=\"fancybox-gallery-3\"><img decoding=\"async\" src=\"https:\/\/www.campus02.at\/marketing\/wp-content\/uploads\/sites\/7\/2016\/06\/Leitner_M\u00fcnchen_2-300x300.jpg\" class=\"img-responsive\" alt=\"\u00a9Leitner\" \/><\/a><\/div><div class=\"col-md-4\"><a href=\"https:\/\/www.campus02.at\/marketing\/wp-content\/uploads\/sites\/7\/2016\/06\/Leitner_Praktikum_3.jpg\" rel=\"fancybox-gallery-3\"><img decoding=\"async\" src=\"https:\/\/www.campus02.at\/marketing\/wp-content\/uploads\/sites\/7\/2016\/06\/Leitner_Praktikum_3-300x300.jpg\" class=\"img-responsive\" alt=\"\u00a9Leitner\" \/><\/a><\/div><\/div><\/div><div class=\"flex-campus-main flex-campus-main-Text\"><p><a href=\"https:\/\/www.campus02.at\/marketing\/wp-content\/uploads\/sites\/7\/2016\/06\/Egger_zugeschnitten6.jpg\"><img loading=\"lazy\" decoding=\"async\" loading=\"lazy\" class=\"size-full wp-image-1515 alignleft\" src=\"https:\/\/www.campus02.at\/marketing\/wp-content\/uploads\/sites\/7\/2016\/06\/Egger_zugeschnitten6.jpg\" alt=\"\u00a9Egger-Feiel\" width=\"92\" height=\"133\" \/><\/a><\/p>\n<p>&#8222;Mein Praktikum hat mir neben der Vertiefung meiner fachlichen Kompetenzen und der Verbesserung meiner F\u00e4higkeiten in der englischen Sprache auch geholfen, mich pers\u00f6nlich weiterzuentwickeln. Mein Horizont wurde erweitert; ich erkannte unz\u00e4hlige M\u00f6glichkeiten f\u00fcr zuk\u00fcnftige Jobentscheidungen, die die Welt zu bieten hat\u2026f\u00fcr mich ist \u201cWeltoffenheit\u201d jetzt nicht mehr nur ein Begriff, sondern eine Lebenseinstellung.\u201c<\/p>\n<p><em>Sabrina Egger-Feiel, Studierende IMSM, Auslandspraktikum im Sommersemester 2016<\/em><br \/>\n<em> Praktikumsfirma: Travel Bird B.V., Amsterdam, Niederlande<\/em><\/p>\n<p>&nbsp;<\/p>\n<\/div><div class=\"flex-campus-main flex-campus-main-Gallery\"><div class=\"row\"><div class=\"col-md-4\"><a href=\"https:\/\/www.campus02.at\/marketing\/wp-content\/uploads\/sites\/7\/2016\/06\/Egger_gracht.jpg\" rel=\"fancybox-gallery-4\"><img decoding=\"async\" src=\"https:\/\/www.campus02.at\/marketing\/wp-content\/uploads\/sites\/7\/2016\/06\/Egger_gracht-300x300.jpg\" class=\"img-responsive\" alt=\"\u00a9Egger-Feiel\" \/><\/a><\/div><div class=\"col-md-4\"><a href=\"https:\/\/www.campus02.at\/marketing\/wp-content\/uploads\/sites\/7\/2016\/06\/Egger_6-Jahre-Firmengeburtstag.jpg\" rel=\"fancybox-gallery-4\"><img decoding=\"async\" src=\"https:\/\/www.campus02.at\/marketing\/wp-content\/uploads\/sites\/7\/2016\/06\/Egger_6-Jahre-Firmengeburtstag-300x300.jpg\" class=\"img-responsive\" alt=\"\u00a9Egger-Feiel\" \/><\/a><\/div><div class=\"col-md-4\"><a href=\"https:\/\/www.campus02.at\/marketing\/wp-content\/uploads\/sites\/7\/2016\/06\/Egger_zaandvoort-am-zee.jpg\" rel=\"fancybox-gallery-4\"><img decoding=\"async\" src=\"https:\/\/www.campus02.at\/marketing\/wp-content\/uploads\/sites\/7\/2016\/06\/Egger_zaandvoort-am-zee-300x300.jpg\" class=\"img-responsive\" alt=\"\u00a9Egger-Feiel\" \/><\/a><\/div><\/div><\/div>","protected":false},"excerpt":{"rendered":"<p>STUDENT MOBILITY: IN &amp; OUT Sind Sie Studierende\/r der Studienrichtung\u00a0 Marketing &amp; Sales und m\u00f6chten im Ausland <a href=\"https:\/\/www.campus02.at\/marketing\/internationalisierung\/testimonials-studierende-internationales\/\" class=\"more-link\">mehr&hellip;<\/a><\/p>\n","protected":false},"author":94,"featured_media":0,"parent":652,"menu_order":0,"comment_status":"closed","ping_status":"closed","template":"","meta":{"_acf_changed":false,"footnotes":""},"coauthors":[67,71],"class_list":["post-947","page","type-page","status-publish","hentry"],"acf":[],"yoast_head":"<!-- This site is optimized with the Yoast SEO plugin v26.9 - https:\/\/yoast.com\/product\/yoast-seo-wordpress\/ -->\n<title>Testimonials Studierende Internationales - FH CAMPUS 02 - Marketing &amp; Sales<\/title>\n<meta name=\"robots\" content=\"index, follow, max-snippet:-1, max-image-preview:large, max-video-preview:-1\" \/>\n<link rel=\"canonical\" href=\"https:\/\/www.campus02.at\/marketing\/internationalisierung\/testimonials-studierende-internationales\/\" \/>\n<meta property=\"og:locale\" content=\"de_DE\" \/>\n<meta property=\"og:type\" content=\"article\" \/>\n<meta property=\"og:title\" content=\"Testimonials Studierende Internationales - FH CAMPUS 02 - Marketing &amp; Sales\" \/>\n<meta property=\"og:description\" content=\"STUDENT MOBILITY: IN &amp; OUT Sind Sie Studierende\/r der Studienrichtung\u00a0 Marketing &amp; Sales und m\u00f6chten im Ausland mehr&hellip;\" \/>\n<meta property=\"og:url\" content=\"https:\/\/www.campus02.at\/marketing\/internationalisierung\/testimonials-studierende-internationales\/\" \/>\n<meta property=\"og:site_name\" content=\"FH CAMPUS 02 - Marketing &amp; Sales\" \/>\n<meta property=\"article:modified_time\" content=\"2021-05-10T08:00:00+00:00\" \/>\n<meta name=\"twitter:card\" content=\"summary_large_image\" \/>\n<script type=\"application\/ld+json\" class=\"yoast-schema-graph\">{\"@context\":\"https:\/\/schema.org\",\"@graph\":[{\"@type\":\"WebPage\",\"@id\":\"https:\/\/www.campus02.at\/marketing\/internationalisierung\/testimonials-studierende-internationales\/\",\"url\":\"https:\/\/www.campus02.at\/marketing\/internationalisierung\/testimonials-studierende-internationales\/\",\"name\":\"Testimonials Studierende Internationales - FH CAMPUS 02 - Marketing &amp; Sales\",\"isPartOf\":{\"@id\":\"https:\/\/www.campus02.at\/marketing\/#website\"},\"datePublished\":\"2016-06-28T11:09:38+00:00\",\"dateModified\":\"2021-05-10T08:00:00+00:00\",\"breadcrumb\":{\"@id\":\"https:\/\/www.campus02.at\/marketing\/internationalisierung\/testimonials-studierende-internationales\/#breadcrumb\"},\"inLanguage\":\"de\",\"potentialAction\":[{\"@type\":\"ReadAction\",\"target\":[\"https:\/\/www.campus02.at\/marketing\/internationalisierung\/testimonials-studierende-internationales\/\"]}]},{\"@type\":\"BreadcrumbList\",\"@id\":\"https:\/\/www.campus02.at\/marketing\/internationalisierung\/testimonials-studierende-internationales\/#breadcrumb\",\"itemListElement\":[{\"@type\":\"ListItem\",\"position\":1,\"name\":\"Startseite\",\"item\":\"https:\/\/www.campus02.at\/marketing\/\"},{\"@type\":\"ListItem\",\"position\":2,\"name\":\"Internationales\",\"item\":\"https:\/\/www.campus02.at\/marketing\/internationalisierung\/\"},{\"@type\":\"ListItem\",\"position\":3,\"name\":\"Testimonials Studierende Internationales\"}]},{\"@type\":\"WebSite\",\"@id\":\"https:\/\/www.campus02.at\/marketing\/#website\",\"url\":\"https:\/\/www.campus02.at\/marketing\/\",\"name\":\"FH CAMPUS 02 - Marketing &amp; Sales\",\"description\":\"\",\"potentialAction\":[{\"@type\":\"SearchAction\",\"target\":{\"@type\":\"EntryPoint\",\"urlTemplate\":\"https:\/\/www.campus02.at\/marketing\/?s={search_term_string}\"},\"query-input\":{\"@type\":\"PropertyValueSpecification\",\"valueRequired\":true,\"valueName\":\"search_term_string\"}}],\"inLanguage\":\"de\"}]}<\/script>\n<!-- \/ Yoast SEO plugin. -->","yoast_head_json":{"title":"Testimonials Studierende Internationales - FH CAMPUS 02 - Marketing &amp; Sales","robots":{"index":"index","follow":"follow","max-snippet":"max-snippet:-1","max-image-preview":"max-image-preview:large","max-video-preview":"max-video-preview:-1"},"canonical":"https:\/\/www.campus02.at\/marketing\/internationalisierung\/testimonials-studierende-internationales\/","og_locale":"de_DE","og_type":"article","og_title":"Testimonials Studierende Internationales - FH CAMPUS 02 - Marketing &amp; Sales","og_description":"STUDENT MOBILITY: IN &amp; OUT Sind Sie Studierende\/r der Studienrichtung\u00a0 Marketing &amp; Sales und m\u00f6chten im Ausland mehr&hellip;","og_url":"https:\/\/www.campus02.at\/marketing\/internationalisierung\/testimonials-studierende-internationales\/","og_site_name":"FH CAMPUS 02 - Marketing &amp; Sales","article_modified_time":"2021-05-10T08:00:00+00:00","twitter_card":"summary_large_image","schema":{"@context":"https:\/\/schema.org","@graph":[{"@type":"WebPage","@id":"https:\/\/www.campus02.at\/marketing\/internationalisierung\/testimonials-studierende-internationales\/","url":"https:\/\/www.campus02.at\/marketing\/internationalisierung\/testimonials-studierende-internationales\/","name":"Testimonials Studierende Internationales - FH CAMPUS 02 - Marketing &amp; Sales","isPartOf":{"@id":"https:\/\/www.campus02.at\/marketing\/#website"},"datePublished":"2016-06-28T11:09:38+00:00","dateModified":"2021-05-10T08:00:00+00:00","breadcrumb":{"@id":"https:\/\/www.campus02.at\/marketing\/internationalisierung\/testimonials-studierende-internationales\/#breadcrumb"},"inLanguage":"de","potentialAction":[{"@type":"ReadAction","target":["https:\/\/www.campus02.at\/marketing\/internationalisierung\/testimonials-studierende-internationales\/"]}]},{"@type":"BreadcrumbList","@id":"https:\/\/www.campus02.at\/marketing\/internationalisierung\/testimonials-studierende-internationales\/#breadcrumb","itemListElement":[{"@type":"ListItem","position":1,"name":"Startseite","item":"https:\/\/www.campus02.at\/marketing\/"},{"@type":"ListItem","position":2,"name":"Internationales","item":"https:\/\/www.campus02.at\/marketing\/internationalisierung\/"},{"@type":"ListItem","position":3,"name":"Testimonials Studierende Internationales"}]},{"@type":"WebSite","@id":"https:\/\/www.campus02.at\/marketing\/#website","url":"https:\/\/www.campus02.at\/marketing\/","name":"FH CAMPUS 02 - Marketing &amp; Sales","description":"","potentialAction":[{"@type":"SearchAction","target":{"@type":"EntryPoint","urlTemplate":"https:\/\/www.campus02.at\/marketing\/?s={search_term_string}"},"query-input":{"@type":"PropertyValueSpecification","valueRequired":true,"valueName":"search_term_string"}}],"inLanguage":"de"}]}},"_links":{"self":[{"href":"https:\/\/www.campus02.at\/marketing\/wp-json\/wp\/v2\/pages\/947","targetHints":{"allow":["GET"]}}],"collection":[{"href":"https:\/\/www.campus02.at\/marketing\/wp-json\/wp\/v2\/pages"}],"about":[{"href":"https:\/\/www.campus02.at\/marketing\/wp-json\/wp\/v2\/types\/page"}],"author":[{"embeddable":true,"href":"https:\/\/www.campus02.at\/marketing\/wp-json\/wp\/v2\/users\/94"}],"replies":[{"embeddable":true,"href":"https:\/\/www.campus02.at\/marketing\/wp-json\/wp\/v2\/comments?post=947"}],"version-history":[{"count":7,"href":"https:\/\/www.campus02.at\/marketing\/wp-json\/wp\/v2\/pages\/947\/revisions"}],"predecessor-version":[{"id":8861,"href":"https:\/\/www.campus02.at\/marketing\/wp-json\/wp\/v2\/pages\/947\/revisions\/8861"}],"up":[{"embeddable":true,"href":"https:\/\/www.campus02.at\/marketing\/wp-json\/wp\/v2\/pages\/652"}],"wp:attachment":[{"href":"https:\/\/www.campus02.at\/marketing\/wp-json\/wp\/v2\/media?parent=947"}],"wp:term":[{"taxonomy":"author","embeddable":true,"href":"https:\/\/www.campus02.at\/marketing\/wp-json\/wp\/v2\/coauthors?post=947"}],"curies":[{"name":"wp","href":"https:\/\/api.w.org\/{rel}","templated":true}]}}