{"id":9428,"date":"2021-12-23T20:32:20","date_gmt":"2021-12-23T19:32:20","guid":{"rendered":"https:\/\/www.campus02.at\/marketing\/?page_id=9428"},"modified":"2021-12-23T20:32:20","modified_gmt":"2021-12-23T19:32:20","slug":"startseite-2","status":"publish","type":"page","link":"https:\/\/www.campus02.at\/marketing\/startseite-2\/","title":{"rendered":"Startseite Xmas"},"content":{"rendered":"<div class=\"flex-campus-main flex-campus-main-Text\"><div class=\"xmas-messestand-studienrichtung\">\n[MSXmas]\n<\/div>\n<\/div><div class=\"flex-campus-main flex-campus-main-Heading\"><h1>Marketing &amp; Sales <\/h1><\/div><div class=\"flex-campus-main flex-campus-main-Text\"><div class=\"av-special-heading av-special-heading-h1 blockquote modern-quote avia-builder-el-7 el_after_av_hr el_before_av_heading \">\n<h2 class=\"av-special-heading-tag \"><strong>ZUSAMMEN SIND WIR BESSER<\/strong><\/h2>\n<\/div>\n<div class=\"av-special-heading av-special-heading-h2 blockquote modern-quote avia-builder-el-8 el_after_av_heading el_before_av_textblock \">\n<p>Eine funktionierende Zusammenarbeit zwischen Marketing und Sales ist der Schl\u00fcssel um Kund*innen entlang der Customer Journey zu gewinnen, zu \u00fcberzeugen und l\u00e4ngerfristig an sich zu binden. Ein enger und kooperativer Austausch dieser beiden Disziplinen und die Erarbeitung gemeinsamer Ziele tr\u00e4gt somit ma\u00dfgeblich zum Unternehmenserfolg bei. Durch die Mischung von Theorie und Praxis entwickeln unsere Studierenden alle F\u00e4higkeiten und Kompetenzen, die im digitalen Marketing und Sales ben\u00f6tigt werden und sind so f\u00fcr den Alltag in diesen Disziplinen noch besser ger\u00fcstet.<\/p>\n<p>Sie haben sich schon immer gefragt:<\/p>\n<ul>\n<li>Wie gestalte ich aktiv die Zukunft in Marketing &amp; Sales?<\/li>\n<li>Wie steuere ich die Kommunikation auf allen Kan\u00e4len?<\/li>\n<li>Wie erreiche ich neue Kund*innen und binde diese an das Unternehmen?<\/li>\n<li>Wie finde ich die richtigen Argumente, um meine Kund*innen im Verkaufsgespr\u00e4ch zu \u00fcberzeugen?<\/li>\n<\/ul>\n<p>Wir haben die passenden Antworten!<\/p>\n<p>Folgen Sie uns auf:<\/p>\n<p><a href=\"https:\/\/www.facebook.com\/FHCAMPUS02.MS\" target=\"_blank\" rel=\"https:\/\/www.facebook.com\/FHCAMPUS02.MS noopener\"><img loading=\"lazy\" decoding=\"async\" class=\"alignnone wp-image-9016 size-full\" src=\"https:\/\/www.campus02.at\/marketing\/wp-content\/uploads\/sites\/7\/2021\/10\/Icon_Facebook.png\" alt=\"Icon Facebook\" width=\"45\" height=\"50\" \/><\/a> <a href=\"https:\/\/www.instagram.com\/fhcampus02_ms\/\" target=\"_blank\" rel=\"https:\/\/www.instagram.com\/fhcampus02_ms\/ noopener\" data-wp-editing=\"1\"><img loading=\"lazy\" decoding=\"async\" class=\"alignnone wp-image-9015 size-full\" src=\"https:\/\/www.campus02.at\/marketing\/wp-content\/uploads\/sites\/7\/2021\/10\/Icon_Instagram.png\" alt=\"\" width=\"44\" height=\"50\" \/><\/a> <a href=\"https:\/\/www.linkedin.com\/showcase\/49159933\/admin\/\" target=\"_blank\" rel=\"https:\/\/www.linkedin.com\/showcase\/49159933\/admin\/ noopener\"><img loading=\"lazy\" decoding=\"async\" class=\"alignnone wp-image-9017 size-full\" src=\"https:\/\/www.campus02.at\/marketing\/wp-content\/uploads\/sites\/7\/2021\/10\/Icon_LinkedIn.png\" alt=\"\" width=\"44\" height=\"50\" \/><\/a><\/p>\n<\/div>\n<\/div><div class=\"flex-campus-main flex-campus-main-Text\"><hr \/>\n<h3><span style=\"color: #ff9900\"><strong><a style=\"color: #ff9900\" href=\"https:\/\/www.campus02.at\/marketing\/bachelor\/\">BACHELOR MARKETING &amp; SALES<\/a><\/strong><\/span><\/h3>\n<h4>Was steckt drin in diesem Bachelor?<\/h4>\n<p style=\"text-align: justify\">Eine dynamische Wirtschaft und neue Gesch\u00e4ftsmodelle erfordern eine agile Lehre.\u00a0<strong>Expert*innen aus der Wirtschaft<\/strong>\u00a0und ein innovativer Lehrplan erm\u00f6glichen eine hohe praxisorientierte akademische Ausbildung in Vollzeit- oder berufsbegleitender Form. Im Fokus steht vor allem die F\u00f6rderung von digitalen Skills. Zus\u00e4tzlich soll eine ausgewogene Kombination zwischen Pr\u00e4senz- und Onlinelehre mehr Flexibilit\u00e4t in Ihren Studienalltag bringen.<\/p>\n<p style=\"text-align: justify\">Das Bachelorstudium Marketing &amp; Sales liefert Ihnen alle Kompetenzen, die Sie ben\u00f6tigen, um als Experte*Expertin im Marketing und Sales die Zukunft aktiv mitzugestalten. In Grundlagenmodulen wie Marketing, Vertrieb, Digitalisierung, Marktforschung, Budgetierung und Controlling erwerben Sie umfangreiches Wissen \u00fcber eine erfolgreiche und marktorientierte Unternehmensf\u00fchrung. In den aufbauenden Modulen werden Sie fit f\u00fcr die digitale Welt im Marketing und Sales!<\/p>\n<\/div><div class=\"flex-campus-main flex-campus-main-Button\"><a class=\"btn btn-branch btn-lg btn-block\" href=\"https:\/\/online.campus02.at\/C02online\/ee\/ui\/ca2\/app\/desktop\/#\/pl\/ui\/$ctx\/wbSelbstRegPerson.register?$ctx=design=ca2;header=max\" target=\"_blank\"><i class=\"fa fa-external-link-square\"><\/i>Jetzt f\u00fcr das Bachelorstudium Marketing &amp; Sales bewerben!<\/a><\/div><div class=\"flex-campus-main flex-campus-main-Text\"><hr \/>\n<h3><span style=\"color: #ff9900\"><strong><a style=\"color: #ff9900\" href=\"https:\/\/www.campus02.at\/marketing\/digital-marketing-management\/\">MASTER DIGITAL MARKETING MANAGEMENT<\/a><\/strong><\/span><\/h3>\n<h4>Die Zukunft studieren!<\/h4>\n<p style=\"text-align: justify\">Gesellschaften und ihre M\u00e4rkte erfahren tiefgreifende Ver\u00e4nderungen durch neue Medien. Die dadurch entstandene Kommunikation und Verf\u00fcgbarkeit von Information haben das Alltagsleben durchdrungen. Unternehmen und Konsument*innen reagieren auf das dynamische Umfeld und sind gefordert, sich auf sozialen Netzwerken wie Instagram, Snapchat, Twitter zu positionieren und gleichzeitig herk\u00f6mmliche Marketingkan\u00e4le zu integrieren. Damit bricht f\u00fcr Marketer*innen eine neue Zeitrechnung an und innovative Plattformen erm\u00f6glichen Unternehmen nie dagewesene Touchpoints zu bestehenden und potenziellen Kund*innen aktiv zu gestalten.<\/p>\n<p style=\"text-align: justify\">Die Lehrinhalte des viersemestrigen Masterstudiengangs richten sich an berufst\u00e4tige Personen, die Begeisterung f\u00fcr Marketing (traditionell oder digital) bereits mitbringen. Schwerpunkte bilden die betriebswirtschaftliche Ausbildung mit starkem Fokus auf die praxisorientierten F\u00e4higkeiten zur Nutzung von digitalen Kan\u00e4len. Das berufsbegleitende Studium baut ein intensives Verst\u00e4ndnis f\u00fcr digitale Transformation und Datenmanagement auf. Es zeigt, welche Rolle das Marketing in diesem Ver\u00e4nderungsprozess spielt. Die Absolvent*innen werden zus\u00e4tzlich in den Kernbereichen des Managements und in f\u00fchrungsrelevanter Sozialkompetenz auf leitende Positionen vorbereitet.<\/p>\n<\/div><div class=\"flex-campus-main flex-campus-main-Button\"><a class=\"btn btn-branch btn-lg btn-block\" href=\"https:\/\/online.campus02.at\/C02online\/ee\/ui\/ca2\/app\/desktop\/#\/pl\/ui\/$ctx\/wbSelbstRegPerson.register?$ctx=design=ca2;header=max\" target=\"_blank\"><i class=\"fa fa-external-link-square\"><\/i>Jetzt f\u00fcr das Masterstudium Digital Marketing Management bewerben!<\/a><\/div><div class=\"flex-campus-main flex-campus-main-Text\"><hr \/>\n<h3><span style=\"color: #ff9900\"><strong><a style=\"color: #ff9900\" href=\"https:\/\/www.campus02.at\/marketing\/mastersm\/\">MASTER SALES MANAGEMENT<\/a><\/strong><\/span><\/h3>\n<h4>F\u00fchrungskr\u00e4fteausbildung f\u00fcr den Vertrieb<\/h4>\n<p style=\"text-align: justify\">Als F\u00fchrungskraft im Sales Management arbeiten Sie an der Entwicklung und Formulierung der Unternehmensstrategie mit, entwickeln darauf basierend die Vertriebsstrategie und leiten daraus die Vertriebskonzepte f\u00fcr einzelne Bereiche ab. Sie sind verantwortlich f\u00fcr die Gestaltung der Preis- und Konditionenpolitik sowie ma\u00dfgeblich an der Gestaltung des Produktsortiments und des Kundenserviceangebotes beteiligt.<\/p>\n<p style=\"text-align: justify\">Zu den Hauptaufgaben von F\u00fchrungskr\u00e4ften im Vertrieb geh\u00f6rt selbstverst\u00e4ndlich auch die organisatorische und inhaltliche F\u00fchrung einer Vertriebsabteilung. Eine moderne Vertriebssteuerung ohne qualifizierte Planung und Kontrolle mithilfe von datengest\u00fctzten Kennzahlensystemen ist heutzutage nicht mehr vorstellbar. Anhand eines Praxisprojektes mit und f\u00fcr Unternehmen werden die modernen Tools aus Marketing\/Vertrieb praktisch trainiert.<\/p>\n<\/div><div class=\"flex-campus-main flex-campus-main-Button\"><a class=\"btn btn-branch btn-lg btn-block\" href=\"https:\/\/online.campus02.at\/C02online\/ee\/ui\/ca2\/app\/desktop\/#\/pl\/ui\/$ctx\/wbSelbstRegPerson.register?$ctx=design=ca2;header=max\" target=\"_blank\"><i class=\"fa fa-external-link-square\"><\/i>Jetzt f\u00fcr das Masterstudium Sales Management bewerben!<\/a><\/div><div class=\"flex-campus-main flex-campus-main-Text\"><hr \/>\n<h3><a href=\"https:\/\/www.campus02.at\/marketing\/know-how-transfer\/\"><strong>KNOW-HOW-TRANSFER<\/strong><\/a><\/h3>\n<h4>Kooperieren Sie mit uns:<\/h4>\n<p>Praxisprojekte f\u00fcr und mit Unternehmen sind wesentliche Bestandteile des FH-Bildungsauftrags der \u201epraxisorientierten Ausbildung auf Hochschulniveau\u201c. Auf diese Weise sammeln unsere Studierenden bereits w\u00e4hrend des Studiums einschl\u00e4gige Praxiserfahrung. Dar\u00fcber hinaus kn\u00fcpfen die Studierenden wertvolle Kontakte zu Unternehmen aus der Region und erlangen Soft Skills, die \u00fcber die fachlichen Kompetenzen hinausgehen und damit zur beruflichen sowie individuellen Profilbildung beitragen. F\u00fcr Sie als Unternehmen und f\u00fcr uns als Studienrichtung bedeutet das eine nachhaltige Win-Win Situation. Mehr Informationen zu unseren Praxisprojekten finden Sie <a href=\"https:\/\/www.campus02.at\/marketing\/know-how-transfer\/\">hier.<\/a><\/p>\n<\/div>","protected":false},"excerpt":{"rendered":"<p>[MSXmas] Marketing &amp; Sales ZUSAMMEN SIND WIR BESSER Eine funktionierende Zusammenarbeit zwischen Marketing und Sales ist <a href=\"https:\/\/www.campus02.at\/marketing\/startseite-2\/\" class=\"more-link\">mehr&hellip;<\/a><\/p>\n","protected":false},"author":135,"featured_media":0,"parent":0,"menu_order":0,"comment_status":"closed","ping_status":"closed","template":"custom-frontpage-course.php","meta":{"_acf_changed":false,"footnotes":""},"coauthors":[71,67],"class_list":["post-9428","page","type-page","status-publish","hentry"],"acf":[],"yoast_head":"<!-- This site is optimized with the Yoast SEO plugin v26.9 - https:\/\/yoast.com\/product\/yoast-seo-wordpress\/ -->\n<title>FH CAMPUS 02 - Marketing &amp; Sales<\/title>\n<meta name=\"robots\" content=\"index, follow, max-snippet:-1, max-image-preview:large, max-video-preview:-1\" \/>\n<link rel=\"canonical\" href=\"https:\/\/www.campus02.at\/marketing\/startseite-2\/\" \/>\n<meta property=\"og:locale\" content=\"de_DE\" \/>\n<meta property=\"og:type\" content=\"article\" \/>\n<meta property=\"og:title\" content=\"FH CAMPUS 02 - Marketing &amp; Sales\" \/>\n<meta property=\"og:description\" content=\"[MSXmas] Marketing &amp; Sales ZUSAMMEN SIND WIR BESSER Eine funktionierende Zusammenarbeit zwischen Marketing und Sales ist mehr&hellip;\" \/>\n<meta property=\"og:url\" content=\"https:\/\/www.campus02.at\/marketing\/startseite-2\/\" \/>\n<meta property=\"og:site_name\" content=\"FH CAMPUS 02 - Marketing &amp; Sales\" \/>\n<meta name=\"twitter:card\" content=\"summary_large_image\" \/>\n<script type=\"application\/ld+json\" class=\"yoast-schema-graph\">{\"@context\":\"https:\/\/schema.org\",\"@graph\":[{\"@type\":\"WebPage\",\"@id\":\"https:\/\/www.campus02.at\/marketing\/startseite-2\/\",\"url\":\"https:\/\/www.campus02.at\/marketing\/startseite-2\/\",\"name\":\"FH CAMPUS 02 - Marketing & Sales\",\"isPartOf\":{\"@id\":\"https:\/\/www.campus02.at\/marketing\/#website\"},\"datePublished\":\"2021-12-23T19:32:20+00:00\",\"breadcrumb\":{\"@id\":\"https:\/\/www.campus02.at\/marketing\/startseite-2\/#breadcrumb\"},\"inLanguage\":\"de\",\"potentialAction\":[{\"@type\":\"ReadAction\",\"target\":[\"https:\/\/www.campus02.at\/marketing\/startseite-2\/\"]}]},{\"@type\":\"BreadcrumbList\",\"@id\":\"https:\/\/www.campus02.at\/marketing\/startseite-2\/#breadcrumb\",\"itemListElement\":[{\"@type\":\"ListItem\",\"position\":1,\"name\":\"Startseite\",\"item\":\"https:\/\/www.campus02.at\/marketing\/\"},{\"@type\":\"ListItem\",\"position\":2,\"name\":\"Startseite Xmas\"}]},{\"@type\":\"WebSite\",\"@id\":\"https:\/\/www.campus02.at\/marketing\/#website\",\"url\":\"https:\/\/www.campus02.at\/marketing\/\",\"name\":\"FH CAMPUS 02 - Marketing &amp; Sales\",\"description\":\"\",\"potentialAction\":[{\"@type\":\"SearchAction\",\"target\":{\"@type\":\"EntryPoint\",\"urlTemplate\":\"https:\/\/www.campus02.at\/marketing\/?s={search_term_string}\"},\"query-input\":{\"@type\":\"PropertyValueSpecification\",\"valueRequired\":true,\"valueName\":\"search_term_string\"}}],\"inLanguage\":\"de\"}]}<\/script>\n<!-- \/ Yoast SEO plugin. -->","yoast_head_json":{"title":"FH CAMPUS 02 - Marketing & Sales","robots":{"index":"index","follow":"follow","max-snippet":"max-snippet:-1","max-image-preview":"max-image-preview:large","max-video-preview":"max-video-preview:-1"},"canonical":"https:\/\/www.campus02.at\/marketing\/startseite-2\/","og_locale":"de_DE","og_type":"article","og_title":"FH CAMPUS 02 - Marketing & Sales","og_description":"[MSXmas] Marketing &amp; Sales ZUSAMMEN SIND WIR BESSER Eine funktionierende Zusammenarbeit zwischen Marketing und Sales ist mehr&hellip;","og_url":"https:\/\/www.campus02.at\/marketing\/startseite-2\/","og_site_name":"FH CAMPUS 02 - Marketing &amp; Sales","twitter_card":"summary_large_image","schema":{"@context":"https:\/\/schema.org","@graph":[{"@type":"WebPage","@id":"https:\/\/www.campus02.at\/marketing\/startseite-2\/","url":"https:\/\/www.campus02.at\/marketing\/startseite-2\/","name":"FH CAMPUS 02 - Marketing & Sales","isPartOf":{"@id":"https:\/\/www.campus02.at\/marketing\/#website"},"datePublished":"2021-12-23T19:32:20+00:00","breadcrumb":{"@id":"https:\/\/www.campus02.at\/marketing\/startseite-2\/#breadcrumb"},"inLanguage":"de","potentialAction":[{"@type":"ReadAction","target":["https:\/\/www.campus02.at\/marketing\/startseite-2\/"]}]},{"@type":"BreadcrumbList","@id":"https:\/\/www.campus02.at\/marketing\/startseite-2\/#breadcrumb","itemListElement":[{"@type":"ListItem","position":1,"name":"Startseite","item":"https:\/\/www.campus02.at\/marketing\/"},{"@type":"ListItem","position":2,"name":"Startseite Xmas"}]},{"@type":"WebSite","@id":"https:\/\/www.campus02.at\/marketing\/#website","url":"https:\/\/www.campus02.at\/marketing\/","name":"FH CAMPUS 02 - Marketing &amp; Sales","description":"","potentialAction":[{"@type":"SearchAction","target":{"@type":"EntryPoint","urlTemplate":"https:\/\/www.campus02.at\/marketing\/?s={search_term_string}"},"query-input":{"@type":"PropertyValueSpecification","valueRequired":true,"valueName":"search_term_string"}}],"inLanguage":"de"}]}},"_links":{"self":[{"href":"https:\/\/www.campus02.at\/marketing\/wp-json\/wp\/v2\/pages\/9428","targetHints":{"allow":["GET"]}}],"collection":[{"href":"https:\/\/www.campus02.at\/marketing\/wp-json\/wp\/v2\/pages"}],"about":[{"href":"https:\/\/www.campus02.at\/marketing\/wp-json\/wp\/v2\/types\/page"}],"author":[{"embeddable":true,"href":"https:\/\/www.campus02.at\/marketing\/wp-json\/wp\/v2\/users\/135"}],"replies":[{"embeddable":true,"href":"https:\/\/www.campus02.at\/marketing\/wp-json\/wp\/v2\/comments?post=9428"}],"version-history":[{"count":7,"href":"https:\/\/www.campus02.at\/marketing\/wp-json\/wp\/v2\/pages\/9428\/revisions"}],"predecessor-version":[{"id":9441,"href":"https:\/\/www.campus02.at\/marketing\/wp-json\/wp\/v2\/pages\/9428\/revisions\/9441"}],"wp:attachment":[{"href":"https:\/\/www.campus02.at\/marketing\/wp-json\/wp\/v2\/media?parent=9428"}],"wp:term":[{"taxonomy":"author","embeddable":true,"href":"https:\/\/www.campus02.at\/marketing\/wp-json\/wp\/v2\/coauthors?post=9428"}],"curies":[{"name":"wp","href":"https:\/\/api.w.org\/{rel}","templated":true}]}}