{"id":652,"date":"2016-06-07T15:41:17","date_gmt":"2016-06-07T13:41:17","guid":{"rendered":"https:\/\/www.campus02.at\/marketing\/beispiel-seite\/internationalisierung\/"},"modified":"2024-02-09T09:47:43","modified_gmt":"2024-02-09T08:47:43","slug":"internationalisierung","status":"publish","type":"page","link":"https:\/\/www.campus02.at\/marketing\/internationalisierung\/","title":{"rendered":"Internationales"},"content":{"rendered":"<div class=\"flex-campus-main flex-campus-main-Text\"><h1>Internationales<\/h1>\n<h2><small>GEWAPPNET F\u00dcR GLOBALE M\u00c4RKTE<\/small><\/h2>\n<p style=\"text-align: justify\">Die globale Wirtschaft und ihre Ver\u00e4nderungen erfordern eine Ausbildung, die die Welt in ihrer Vielfalt, Dynamik und Komplexit\u00e4t reflektiert. Moderne Hochschulbildung muss daher Mobilit\u00e4t und Diversit\u00e4t m\u00f6glich machen, denn Studieren und Arbeiten im Ausland sind keine Ausnahmen mehr, sondern wichtige Elemente erfolgreicher Karrieren f\u00fcr Studierende und Absolvent*innen.<\/p>\n<p style=\"text-align: justify\">Die Studienrichtung Marketing &amp; Sales lebt Internationalisierung und Know-How Transfer auf mehreren Ebenen: ob Studierendenmobilit\u00e4t, Lehrendenaustausch oder wissenschaftliche Kooperationen &#8211; wir wollen den interkulturellen Austausch forcieren und unser internationales Netzwerk weiter wachsen lassen.<\/p>\n<p style=\"text-align: justify\">Unterricht in Deutsch und Englisch im Rahmen unserer Studieng\u00e4nge zeigen, wie wichtig Internationalisierung an unserer Studienrichtung ist. Ein Auslandssemester, ein Berufspraktikum im Ausland und die Absolvierung einer Summer School im fremdsprachigen Ausland sind wichtige Bausteine der internationalen Dimension im Studium.<\/p>\n<p style=\"text-align: justify\">Mit ausgew\u00e4hlten Partner*innen weltweit setzen wir unseren internationalen Anspruch qualitativ und kompetent in Lehre und Forschung um.<\/p>\n<\/div><div class=\"flex-campus-main flex-campus-main-Text\"><h3>Auslandspraktika und Auslandsaufenthalte<\/h3>\n<p>Ein\u00a0<strong>Studien- oder Praktikumsaufenthalt im<\/strong>\u00a0<strong>Ausland<\/strong>\u00a0bietet die M\u00f6glichkeit, Perspektiven zu wechseln, an neuen Aufgaben zu wachsen, Fremdsprachenkenntnisse zu erwerben oder zu vertiefen und in eine fremde Kultur einzutauchen. Die Freundschaften, die in dieser Zeit geschlossen werden, halten oft ein ganzes Leben und stellen nicht nur ein wertvolles privates, sondern auch berufliches internationales Netzwerk dar.<\/p>\n<\/div><div class=\"flex-campus-main flex-campus-main-Button\"><a class=\"btn btn-branch btn-lg btn-block\" href=\"https:\/\/www.campus02.at\/marketing\/internationalisierung\/berufspraktikum\/\" >Zum Berufspraktikum<\/a><\/div><div class=\"flex-campus-main flex-campus-main-Text\"><h3>Sprachreise<\/h3>\n<p>Jedes Jahr l\u00e4dt die FH CAMPUS 02 alle Studierenden zur Teilnahme an der Sprachreise der FH CAMPUS 02 ein, wobei ein Maximum von 24 Pl\u00e4tzen zu vergeben ist. Diese Mobilit\u00e4tsma\u00dfnahme wird mit einem eigenen Stipendium unterst\u00fctzt.<\/p>\n<p>Mehr Informationen finden Sie<a href=\"https:\/\/www.campus02.at\/internationales\/sprachreise\/\">\u00a0hier<\/a>.<\/p>\n<\/div><div class=\"flex-campus-main flex-campus-main-Text\"><h3>Summer Schools<\/h3>\n<p>Die FH CAMPUS 02 unterst\u00fctzt die Teilnahme ihrer Studierenden an ausgew\u00e4hlten\u00a0<strong>Summer Schools<\/strong>\u00a0mit einem eigenen\u00a0<strong>Stipendium<\/strong>\u00a0(Detailinfos dazu siehe\u00a0<a href=\"https:\/\/www.campus02.at\/marketing\/wp-content\/uploads\/sites\/7\/2016\/06\/FHC02_Auslandsstipendienrichtlinie_2016.pdf\">Auslandsstipendienrichtlinie<\/a>).<\/p>\n<p>Die verschiedenen Angebote bieten Ihnen nicht nur die M\u00f6glichkeit, sich fachlich zu vertiefen, sondern sich auch sprachlich weiterzubilden und Ihren interkulturellen Erfahrungshorizont zu erweitern. Aufgrund der verh\u00e4ltnism\u00e4\u00dfig kurzen Dauer ist dies eine Art des Auslandsaufenthaltes, die auch f\u00fcr berufsbegleitende Studierende attraktiv ist.<\/p>\n<\/div><div class=\"flex-campus-main flex-campus-main-Heading\"><h3>Erasmus+<\/h3><\/div><div class=\"flex-campus-main flex-campus-main-Accordion\"><div class=\"panel-group\" id=\"flexAccordion-1\" role=\"tablist\" aria-multiselectable=\"true\">\n            <div class=\"panel panel-default\">\n            <div class=\"panel-heading\" role=\"tab\" id=\"flexAccordion-1-0-heading\">\n                <h4 class=\"panel-title\">\n                    <a role=\"button\" data-toggle=\"collapse\" data-parent=\"#flexAccordion-1\" href=\"#flexAccordion-1-0-collapse\" aria-expanded=\"true\"\n                       aria-controls=\"flexAccordion-1-0-collapse\">\n                        Erasmus+                    <\/a>\n                <\/h4>\n            <\/div>\n            <div id=\"flexAccordion-1-0-collapse\" class=\"panel-collapse collapse \" role=\"tabpanel\" aria-labelledby=\"flexAccordion-1-0-heading\">\n                <div class=\"panel-body\">\n                    <p>Das derzeit\u00a0<strong>umfassendste Stipendienprogramm f\u00fcr Auslandsstudienaufenthalte und -praktika ist Erasmus+<\/strong>. Das EU-Bildungsprogramm unterst\u00fctzt\u00a0<strong>europaweit <\/strong>Menschen jeden Alters bei der Suche nach f\u00f6rdernden Lernm\u00f6glichkeiten. Studierende k\u00f6nnen im Rahmen von Erasmus+\u00a0<strong>3 bis 12 Monate<\/strong>\u00a0an einer europ\u00e4ischen Hochschule\u00a0<strong>studieren<\/strong>, ohne dabei Studienzeit zu verlieren oder Studiengeb\u00fchren zu zahlen. Au\u00dferdem bietet Erasmus+ die einmalige Chance, sich neue Fachkenntnisse und berufliche Kompetenzen in Rahmen eines\u00a0<strong>Praktikums<\/strong>\u00a0(<strong>2 bis 12 Monate<\/strong>) anzueignen und zudem die Fertigkeit zur Anpassung an neue Umgebungen auszubauen. Dar\u00fcber hinaus bietet sich die Gelegenheit, Sprachkenntnisse zu verbessern, sich interkulturelle Kompetenz anzueignen und Kontakte zu Hochschulen, Unternehmen und neuen Freund*innen in ganz Europa zu kn\u00fcpfen.<br \/>\nN\u00e4here Informationen finden Sie unter:\u00a0<a href=\"http:\/\/www.erasmusplus.at\/\">erasmusplus.at<\/a><\/p>\n                <\/div>\n            <\/div>\n        <\/div>\n            <div class=\"panel panel-default\">\n            <div class=\"panel-heading\" role=\"tab\" id=\"flexAccordion-1-1-heading\">\n                <h4 class=\"panel-title\">\n                    <a role=\"button\" data-toggle=\"collapse\" data-parent=\"#flexAccordion-1\" href=\"#flexAccordion-1-1-collapse\" aria-expanded=\"true\"\n                       aria-controls=\"flexAccordion-1-1-collapse\">\n                        Erasmus+ Studierendenmobilit\u00e4t                    <\/a>\n                <\/h4>\n            <\/div>\n            <div id=\"flexAccordion-1-1-collapse\" class=\"panel-collapse collapse \" role=\"tabpanel\" aria-labelledby=\"flexAccordion-1-1-heading\">\n                <div class=\"panel-body\">\n                    <p>Sollten Sie an einer Erasmus+ Studierendenmobilit\u00e4t interessiert sein, empfehlen wir folgenden Ablauf:<\/p>\n<ul>\n<li>Besuchen Sie unter nachfolgendem Link die Kooperationen der FH CAMPUS 02 <i class=\"fa fa-arrow-right \"><\/i>\u00a0<a href=\"https:\/\/www.campus02.at\/internationales\/kooperationen\/\">Hochschulkooperationen<\/a><\/li>\n<li>Sobald Sie sich f\u00fcr eine der angebotenen Universit\u00e4ten oder Hochschulen entschieden haben, sehen Sie sich bitte das Curriculum der entsprechenden Studienrichtung genau an.<\/li>\n<li>Sobald Sie sich mit dem entsprechenden Curriculum der Partneruniversit\u00e4t- oder Hochschule vertraut gemacht haben, nehmen Sie bitte mit Frau Mag. Klampfl Kontakt auf, um eine \u00dcberdeckung der \u00e4quivalenten Lehrveranstaltungen w\u00e4hrend des Studienaufenthaltes zu \u00fcberpr\u00fcfen.\n<ul>\n<li>Bitte \u00fcbersenden Sie dazu eine entsprechende Gegen\u00fcberstellung jener Lehrveranstaltungen, die Sie im Ausland absolvieren m\u00f6chten und jener Lehrveranstaltungen, die stattdessen in Ihrem aktuellen Curriculum an der FH CAMPUS 02 angerechnet werden sollen. Das entsprechende Formular \u201eLearning Agreement\u201c finden Sie im <i class=\"fa fa-arrow-right \"><\/i>\u00a0\u00a0\u00a0<a href=\"https:\/\/www.campus02.at\/internationales\/download-bereich\/\">Downloadbereich<\/a><\/li>\n<\/ul>\n<\/li>\n<li>Sobald die Frage nach der Anrechenbarkeit gekl\u00e4rt ist, ersuchen wir um Kontaktaufnahme mit Frau Mag. Maja Zelenik (<a href=\"mailto:international@campus02.at\">international@campus02.at)<\/a>\u00a0um die weiteren Formalit\u00e4ten abzukl\u00e4ren.<\/li>\n<\/ul>\n                <\/div>\n            <\/div>\n        <\/div>\n            <div class=\"panel panel-default\">\n            <div class=\"panel-heading\" role=\"tab\" id=\"flexAccordion-1-2-heading\">\n                <h4 class=\"panel-title\">\n                    <a role=\"button\" data-toggle=\"collapse\" data-parent=\"#flexAccordion-1\" href=\"#flexAccordion-1-2-collapse\" aria-expanded=\"true\"\n                       aria-controls=\"flexAccordion-1-2-collapse\">\n                        Erasmus+ Praktika f\u00fcr Studierende und Alumni                    <\/a>\n                <\/h4>\n            <\/div>\n            <div id=\"flexAccordion-1-2-collapse\" class=\"panel-collapse collapse \" role=\"tabpanel\" aria-labelledby=\"flexAccordion-1-2-heading\">\n                <div class=\"panel-body\">\n                    <p style=\"text-align: justify\">Studierende und Graduierte k\u00f6nnen ein Praktikum in den Erasmus+ Programml\u00e4ndern absolvieren. Dieses Praktikum kann in Unternehmen, Trainings- und Forschungseinrichtungen oder sonstigen Organisationen absolviert werden, die geeignet sind den vereinbarten Lernfortschritt f\u00fcr das jeweilige Hochschulstudium zu f\u00f6rdern und zu erm\u00f6glichen.<\/p>\n                <\/div>\n            <\/div>\n        <\/div>\n    <\/div>\n<\/div><div class=\"flex-campus-main flex-campus-main-Text\"><p><a href=\"https:\/\/www.campus02.at\/wp-content\/uploads\/2016\/03\/Flagge.jpg\"><img loading=\"lazy\" decoding=\"async\" class=\"size-medium wp-image-5121 alignnone\" src=\"https:\/\/www.campus02.at\/marketing\/wp-content\/uploads\/sites\/7\/2018\/11\/EU-Flagge-Co-funded-300x86.jpg\" alt=\"\" width=\"300\" height=\"86\" \/><\/a><\/p>\n<p>&nbsp;<\/p>\n<\/div><div class=\"flex-campus-main flex-campus-main-Text\"><h3>AUSLANDSERFAHRUNG IST GEFRAGT<\/h3>\n<p><a href=\"https:\/\/www.campus02.at\/marketing\/wp-content\/uploads\/sites\/7\/2016\/06\/2_wanted_proffessional-experience-abroad_picture.jpg\"><img loading=\"lazy\" decoding=\"async\" class=\"size-thumbnail wp-image-872 alignleft\" src=\"https:\/\/www.campus02.at\/marketing\/wp-content\/uploads\/sites\/7\/2016\/06\/2_wanted_proffessional-experience-abroad_picture-150x150.jpg\" alt=\"airplane landing\" width=\"150\" height=\"150\" srcset=\"https:\/\/www.campus02.at\/marketing\/wp-content\/uploads\/sites\/7\/2016\/06\/2_wanted_proffessional-experience-abroad_picture-150x150.jpg 150w, https:\/\/www.campus02.at\/marketing\/wp-content\/uploads\/sites\/7\/2016\/06\/2_wanted_proffessional-experience-abroad_picture-200x200.jpg 200w, https:\/\/www.campus02.at\/marketing\/wp-content\/uploads\/sites\/7\/2016\/06\/2_wanted_proffessional-experience-abroad_picture-300x300.jpg 300w, https:\/\/www.campus02.at\/marketing\/wp-content\/uploads\/sites\/7\/2016\/06\/2_wanted_proffessional-experience-abroad_picture-32x32.jpg 32w, https:\/\/www.campus02.at\/marketing\/wp-content\/uploads\/sites\/7\/2016\/06\/2_wanted_proffessional-experience-abroad_picture-50x50.jpg 50w, https:\/\/www.campus02.at\/marketing\/wp-content\/uploads\/sites\/7\/2016\/06\/2_wanted_proffessional-experience-abroad_picture-64x64.jpg 64w, https:\/\/www.campus02.at\/marketing\/wp-content\/uploads\/sites\/7\/2016\/06\/2_wanted_proffessional-experience-abroad_picture-96x96.jpg 96w, https:\/\/www.campus02.at\/marketing\/wp-content\/uploads\/sites\/7\/2016\/06\/2_wanted_proffessional-experience-abroad_picture-128x128.jpg 128w\" sizes=\"(max-width: 150px) 100vw, 150px\" \/><\/a><\/p>\n<p style=\"text-align: justify\">Es gibt zahlreiche und vielseitige M\u00f6glichkeiten der akademischen Mobilit\u00e4t, die wir sowohl Lehrenden und Mitarbeiter*innen als auch Studierenden bieten. Ein Auslandsaufenthalt ist eine sehr gute Gelegenheit, um den eigenen Horizont zu erweitern, neue Perspektiven zu entdecken, andere Kulturen kennenzulernen und neue Netzwerke aufzubauen. All das hilft uns, nicht nur internationale Wirtschaft besser zu verstehen, sondern auch unsere soziale Verantwortung und ihre globale Bedeutung wahrzunehmen.<\/p>\n<p style=\"text-align: justify\">Klicken Sie auf die Buttons &#8222;Students&#8220;, &#8222;Teacher&#8220; und &#8222;Staff&#8220; und erfahren, was unsere Studierenden, Lehrenden und MitarbeiterInnen \u00fcber ihren Auslandsaufenthalt zu erz\u00e4hlen haben.<\/p>\n<p>\u00a0 \u00a0 \u00a0 \u00a0 \u00a0 \u00a0 \u00a0 \u00a0 \u00a0 \u00a0 \u00a0 \u00a0 \u00a0 \u00a0 \u00a0 \u00a0 \u00a0 \u00a0 \u00a0 \u00a0 \u00a0 \u00a0 \u00a0 \u00a0 \u00a0 \u00a0 \u00a0 \u00a0 \u00a0 \u00a0 \u00a0 \u00a0 \u00a0 \u00a0 \u00a0 \u00a0\u00a0<a href=\"https:\/\/www.campus02.at\/marketing\/wp-content\/uploads\/sites\/7\/2016\/06\/Staff.svg\"><img loading=\"lazy\" decoding=\"async\" class=\"alignnone size-medium wp-image-3868\" src=\"https:\/\/www.campus02.at\/marketing\/wp-content\/uploads\/sites\/7\/2016\/06\/Staff.svg\" alt=\"\" width=\"1\" height=\"1\" \/><\/a> <a href=\"https:\/\/www.campus02.at\/marketing\/wp-content\/uploads\/sites\/7\/2016\/06\/Students.svg\"><img loading=\"lazy\" decoding=\"async\" loading=\"lazy\" class=\"alignnone size-medium wp-image-3869\" src=\"https:\/\/www.campus02.at\/marketing\/wp-content\/uploads\/sites\/7\/2016\/06\/Students.svg\" alt=\"\" width=\"1\" height=\"1\" \/><\/a> <a href=\"https:\/\/www.campus02.at\/marketing\/wp-content\/uploads\/sites\/7\/2016\/06\/Teacher.svg\"><img loading=\"lazy\" decoding=\"async\" loading=\"lazy\" class=\"alignnone size-medium wp-image-3870\" src=\"https:\/\/www.campus02.at\/marketing\/wp-content\/uploads\/sites\/7\/2016\/06\/Teacher.svg\" alt=\"\" width=\"1\" height=\"1\" \/><\/a><a href=\"https:\/\/www.campus02.at\/marketing\/testimonials-studierende-internationales\/\"><img loading=\"lazy\" decoding=\"async\" loading=\"lazy\" class=\"alignnone wp-image-3871\" src=\"https:\/\/www.campus02.at\/marketing\/wp-content\/uploads\/sites\/7\/2016\/06\/Students.png\" alt=\"Button - Studierende\" width=\"99\" height=\"127\" \/><\/a>\u00a0 \u00a0 \u00a0 \u00a0<a href=\"https:\/\/www.campus02.at\/marketing\/testimonials-lba-internationales\/\"><img loading=\"lazy\" decoding=\"async\" loading=\"lazy\" class=\"alignnone wp-image-3881\" src=\"https:\/\/www.campus02.at\/marketing\/wp-content\/uploads\/sites\/7\/2016\/06\/Teacher-e1512481245621.png\" alt=\"Button Teachers\" width=\"101\" height=\"137\" \/><\/a><a href=\"https:\/\/www.campus02.at\/marketing\/testimonials-staff-internationales\/\">\u00a0 \u00a0 \u00a0 \u00a0\u00a0<\/a><a href=\"https:\/\/www.campus02.at\/marketing\/testimonials-staff-internationales\/\"><img loading=\"lazy\" decoding=\"async\" loading=\"lazy\" class=\"alignnone wp-image-3872\" src=\"https:\/\/www.campus02.at\/marketing\/wp-content\/uploads\/sites\/7\/2016\/06\/Staff.png\" alt=\"Butto Staff\" width=\"91\" height=\"131\" \/><\/a><\/p>\n<p>&nbsp;<\/p>\n<\/div><div class=\"flex-campus-main flex-campus-main-Linklist\"><div class=\"linkcollection\">\n            <h3>Weiterf\u00fchrende Links<\/h3>\n        <p class=\"linkcollection-link\"><a class=\"\" href=\"https:\/\/www.campus02.at\/internationales\/kooperationen\/\" >Hochschulkooperationen der FH CAMPUS 02<\/a><\/p><p class=\"linkcollection-link\"><a class=\"\" href=\"https:\/\/www.campus02.at\/bologna-ects-2\/\" >Bologna und ECTS<\/a><\/p><p class=\"linkcollection-link\"><a class=\"\" href=\"https:\/\/www.campus02.at\/internationales\/studierendenmobilitaet\/incoming\/finanzielle-unterstuetzung-stipendien\/\" >Stipendien<\/a><\/p><\/div><\/div>","protected":false},"excerpt":{"rendered":"<p>Internationales GEWAPPNET F\u00dcR GLOBALE M\u00c4RKTE Die globale Wirtschaft und ihre Ver\u00e4nderungen erfordern eine Ausbildung, die die <a href=\"https:\/\/www.campus02.at\/marketing\/internationalisierung\/\" class=\"more-link\">mehr&hellip;<\/a><\/p>\n","protected":false},"author":94,"featured_media":0,"parent":0,"menu_order":3,"comment_status":"closed","ping_status":"closed","template":"","meta":{"_acf_changed":false,"footnotes":""},"coauthors":[67],"class_list":["post-652","page","type-page","status-publish","hentry"],"acf":[],"yoast_head":"<!-- This site is optimized with the Yoast SEO plugin v26.9 - https:\/\/yoast.com\/product\/yoast-seo-wordpress\/ -->\n<title>Internationales - Markting &amp; Sales<\/title>\n<meta name=\"description\" content=\"Erfahren Sie mehr \u00fcber die internationalen M\u00f6glichkeiten f\u00fcr Studierende an unserem Department Marketing &amp; Sales.\" \/>\n<meta name=\"robots\" content=\"index, follow, max-snippet:-1, max-image-preview:large, max-video-preview:-1\" \/>\n<link rel=\"canonical\" href=\"https:\/\/www.campus02.at\/marketing\/internationalisierung\/\" \/>\n<meta property=\"og:locale\" content=\"de_DE\" \/>\n<meta property=\"og:type\" content=\"article\" \/>\n<meta property=\"og:title\" content=\"Internationales - Markting &amp; Sales\" \/>\n<meta property=\"og:description\" content=\"Erfahren Sie mehr \u00fcber die internationalen M\u00f6glichkeiten f\u00fcr Studierende an unserem Department Marketing &amp; Sales.\" \/>\n<meta property=\"og:url\" content=\"https:\/\/www.campus02.at\/marketing\/internationalisierung\/\" \/>\n<meta property=\"og:site_name\" content=\"FH CAMPUS 02 - Marketing &amp; Sales\" \/>\n<meta property=\"article:modified_time\" content=\"2024-02-09T08:47:43+00:00\" \/>\n<meta name=\"twitter:card\" content=\"summary_large_image\" \/>\n<script type=\"application\/ld+json\" class=\"yoast-schema-graph\">{\"@context\":\"https:\/\/schema.org\",\"@graph\":[{\"@type\":\"WebPage\",\"@id\":\"https:\/\/www.campus02.at\/marketing\/internationalisierung\/\",\"url\":\"https:\/\/www.campus02.at\/marketing\/internationalisierung\/\",\"name\":\"Internationales - Markting & Sales\",\"isPartOf\":{\"@id\":\"https:\/\/www.campus02.at\/marketing\/#website\"},\"datePublished\":\"2016-06-07T13:41:17+00:00\",\"dateModified\":\"2024-02-09T08:47:43+00:00\",\"description\":\"Erfahren Sie mehr \u00fcber die internationalen M\u00f6glichkeiten f\u00fcr Studierende an unserem Department Marketing & Sales.\",\"breadcrumb\":{\"@id\":\"https:\/\/www.campus02.at\/marketing\/internationalisierung\/#breadcrumb\"},\"inLanguage\":\"de\",\"potentialAction\":[{\"@type\":\"ReadAction\",\"target\":[\"https:\/\/www.campus02.at\/marketing\/internationalisierung\/\"]}]},{\"@type\":\"BreadcrumbList\",\"@id\":\"https:\/\/www.campus02.at\/marketing\/internationalisierung\/#breadcrumb\",\"itemListElement\":[{\"@type\":\"ListItem\",\"position\":1,\"name\":\"Startseite\",\"item\":\"https:\/\/www.campus02.at\/marketing\/\"},{\"@type\":\"ListItem\",\"position\":2,\"name\":\"Internationales\"}]},{\"@type\":\"WebSite\",\"@id\":\"https:\/\/www.campus02.at\/marketing\/#website\",\"url\":\"https:\/\/www.campus02.at\/marketing\/\",\"name\":\"FH CAMPUS 02 - Marketing &amp; Sales\",\"description\":\"\",\"potentialAction\":[{\"@type\":\"SearchAction\",\"target\":{\"@type\":\"EntryPoint\",\"urlTemplate\":\"https:\/\/www.campus02.at\/marketing\/?s={search_term_string}\"},\"query-input\":{\"@type\":\"PropertyValueSpecification\",\"valueRequired\":true,\"valueName\":\"search_term_string\"}}],\"inLanguage\":\"de\"}]}<\/script>\n<!-- \/ Yoast SEO plugin. -->","yoast_head_json":{"title":"Internationales - Markting & Sales","description":"Erfahren Sie mehr \u00fcber die internationalen M\u00f6glichkeiten f\u00fcr Studierende an unserem Department Marketing & Sales.","robots":{"index":"index","follow":"follow","max-snippet":"max-snippet:-1","max-image-preview":"max-image-preview:large","max-video-preview":"max-video-preview:-1"},"canonical":"https:\/\/www.campus02.at\/marketing\/internationalisierung\/","og_locale":"de_DE","og_type":"article","og_title":"Internationales - Markting & Sales","og_description":"Erfahren Sie mehr \u00fcber die internationalen M\u00f6glichkeiten f\u00fcr Studierende an unserem Department Marketing & Sales.","og_url":"https:\/\/www.campus02.at\/marketing\/internationalisierung\/","og_site_name":"FH CAMPUS 02 - Marketing &amp; Sales","article_modified_time":"2024-02-09T08:47:43+00:00","twitter_card":"summary_large_image","schema":{"@context":"https:\/\/schema.org","@graph":[{"@type":"WebPage","@id":"https:\/\/www.campus02.at\/marketing\/internationalisierung\/","url":"https:\/\/www.campus02.at\/marketing\/internationalisierung\/","name":"Internationales - Markting & Sales","isPartOf":{"@id":"https:\/\/www.campus02.at\/marketing\/#website"},"datePublished":"2016-06-07T13:41:17+00:00","dateModified":"2024-02-09T08:47:43+00:00","description":"Erfahren Sie mehr \u00fcber die internationalen M\u00f6glichkeiten f\u00fcr Studierende an unserem Department Marketing & Sales.","breadcrumb":{"@id":"https:\/\/www.campus02.at\/marketing\/internationalisierung\/#breadcrumb"},"inLanguage":"de","potentialAction":[{"@type":"ReadAction","target":["https:\/\/www.campus02.at\/marketing\/internationalisierung\/"]}]},{"@type":"BreadcrumbList","@id":"https:\/\/www.campus02.at\/marketing\/internationalisierung\/#breadcrumb","itemListElement":[{"@type":"ListItem","position":1,"name":"Startseite","item":"https:\/\/www.campus02.at\/marketing\/"},{"@type":"ListItem","position":2,"name":"Internationales"}]},{"@type":"WebSite","@id":"https:\/\/www.campus02.at\/marketing\/#website","url":"https:\/\/www.campus02.at\/marketing\/","name":"FH CAMPUS 02 - Marketing &amp; Sales","description":"","potentialAction":[{"@type":"SearchAction","target":{"@type":"EntryPoint","urlTemplate":"https:\/\/www.campus02.at\/marketing\/?s={search_term_string}"},"query-input":{"@type":"PropertyValueSpecification","valueRequired":true,"valueName":"search_term_string"}}],"inLanguage":"de"}]}},"_links":{"self":[{"href":"https:\/\/www.campus02.at\/marketing\/wp-json\/wp\/v2\/pages\/652","targetHints":{"allow":["GET"]}}],"collection":[{"href":"https:\/\/www.campus02.at\/marketing\/wp-json\/wp\/v2\/pages"}],"about":[{"href":"https:\/\/www.campus02.at\/marketing\/wp-json\/wp\/v2\/types\/page"}],"author":[{"embeddable":true,"href":"https:\/\/www.campus02.at\/marketing\/wp-json\/wp\/v2\/users\/94"}],"replies":[{"embeddable":true,"href":"https:\/\/www.campus02.at\/marketing\/wp-json\/wp\/v2\/comments?post=652"}],"version-history":[{"count":8,"href":"https:\/\/www.campus02.at\/marketing\/wp-json\/wp\/v2\/pages\/652\/revisions"}],"predecessor-version":[{"id":8859,"href":"https:\/\/www.campus02.at\/marketing\/wp-json\/wp\/v2\/pages\/652\/revisions\/8859"}],"wp:attachment":[{"href":"https:\/\/www.campus02.at\/marketing\/wp-json\/wp\/v2\/media?parent=652"}],"wp:term":[{"taxonomy":"author","embeddable":true,"href":"https:\/\/www.campus02.at\/marketing\/wp-json\/wp\/v2\/coauthors?post=652"}],"curies":[{"name":"wp","href":"https:\/\/api.w.org\/{rel}","templated":true}]}}