{"id":3748,"date":"2017-12-01T11:26:09","date_gmt":"2017-12-01T10:26:09","guid":{"rendered":"https:\/\/www.campus02.at\/marketing\/?page_id=3748"},"modified":"2020-10-28T08:52:55","modified_gmt":"2020-10-28T07:52:55","slug":"berufspraktikum","status":"publish","type":"page","link":"https:\/\/www.campus02.at\/marketing\/internationalisierung\/berufspraktikum\/","title":{"rendered":"Berufspraktikum"},"content":{"rendered":"<div class=\"flex-campus-main flex-campus-main-Heading\"><h3>Know-How Transfer:<\/h3><\/div><div class=\"flex-campus-main flex-campus-main-Heading\"><h1>Internationale Berufspraktika<\/h1><\/div><div class=\"flex-campus-main flex-campus-main-Text\"><p>Im Sinne der F\u00f6rderung der internationalen Studierendenmobilit\u00e4t und der zuk\u00fcnftigen Berufsmobilit\u00e4t setzt sich die Studienrichtung Marketing &amp; Sales\u00a0 zum Ziel, die Anzahl der verpflichtenden Berufspraktika im Ausland zu erh\u00f6hen und die Internationalisierung aktiv zu forcieren.<\/p>\n<p style=\"text-align: justify;\">Namhafte internationale Unternehmen unterst\u00fctzen die Global Mobility und sch\u00e4tzen die Ausbildungsqualit\u00e4t unserer Studierender sehr; so ist diese einzigartige Kooperation entstanden, im Rahmen welcher der Know-How Transfer zwischen der Industrie und der Hochschule nicht nur theoretisch passiert, sondern in der Praxis mit Begeisterung und \u00dcberzeugung gelebt wird.<\/p>\n<p>&nbsp;<\/p>\n<\/div><div class=\"flex-campus-main flex-campus-main-Text\"><h3><span style=\"text-align: justify;\">Unsere exklusiven Partner:<\/span><\/h3>\n<p><img loading=\"lazy\" decoding=\"async\" class=\"size-full wp-image-3953 alignnone\" src=\"https:\/\/www.campus02.at\/marketing\/wp-content\/uploads\/sites\/7\/2018\/01\/ICS_Logo_blau-NL.jpg\" alt=\"\" width=\"116\" height=\"71\" \/>\u00a0 \u00a0\u00a0 \u00a0 \u00a0 \u00a0\u00a0<a href=\"http:\/\/www.saubermacher.at\/de\/home\/\"><img loading=\"lazy\" decoding=\"async\" class=\" wp-image-3772\" style=\"margin-bottom: 30px; margin-right: 50px;\" src=\"https:\/\/www.campus02.at\/marketing\/wp-content\/uploads\/sites\/7\/2017\/10\/Saubermacher-Logo-300x83.jpg\" alt=\"Saubermacher-Logo\" width=\"144\" height=\"40\" srcset=\"https:\/\/www.campus02.at\/marketing\/wp-content\/uploads\/sites\/7\/2017\/10\/Saubermacher-Logo-300x83.jpg 300w, https:\/\/www.campus02.at\/marketing\/wp-content\/uploads\/sites\/7\/2017\/10\/Saubermacher-Logo.jpg 500w\" sizes=\"(max-width: 144px) 100vw, 144px\" \/><\/a><a href=\"https:\/\/www.scoopandspoon.com\/?lang=de\"><img loading=\"lazy\" decoding=\"async\" class=\" wp-image-3778\" style=\"margin-bottom: 30px; margin-right: 50px;\" src=\"https:\/\/www.campus02.at\/marketing\/wp-content\/uploads\/sites\/7\/2017\/10\/SCOOPSPOON-logo-300x70.jpg\" alt=\"SCOOPSPOON-logo\" width=\"137\" height=\"32\" srcset=\"https:\/\/www.campus02.at\/marketing\/wp-content\/uploads\/sites\/7\/2017\/10\/SCOOPSPOON-logo-300x70.jpg 300w, https:\/\/www.campus02.at\/marketing\/wp-content\/uploads\/sites\/7\/2017\/10\/SCOOPSPOON-logo-768x179.jpg 768w, https:\/\/www.campus02.at\/marketing\/wp-content\/uploads\/sites\/7\/2017\/10\/SCOOPSPOON-logo.jpg 800w\" sizes=\"(max-width: 137px) 100vw, 137px\" \/><\/a><a href=\"http:\/\/www.michaelpachleitnergroup.com\/\"><img loading=\"lazy\" decoding=\"async\" loading=\"lazy\" class=\" wp-image-3776\" style=\"margin-bottom: 30px; margin-right: 50px;\" src=\"https:\/\/www.campus02.at\/marketing\/wp-content\/uploads\/sites\/7\/2017\/10\/Michael-Pachleitner-Logo-147x300.jpg\" alt=\"Michael-Pachleitner-Logo\" width=\"86\" height=\"176\" srcset=\"https:\/\/www.campus02.at\/marketing\/wp-content\/uploads\/sites\/7\/2017\/10\/Michael-Pachleitner-Logo-147x300.jpg 147w, https:\/\/www.campus02.at\/marketing\/wp-content\/uploads\/sites\/7\/2017\/10\/Michael-Pachleitner-Logo.jpg 375w\" sizes=\"auto, (max-width: 86px) 100vw, 86px\" \/><\/a><\/p>\n<h3><\/h3>\n<p>&nbsp;<\/p>\n<\/div><div class=\"flex-campus-main flex-campus-main-Testimonials\">    \n\n    <div class=\"row flex-campus-course-testimonial-slider\">\n        <div class=\"col-md-12\">\n            <div id=\"testimonial-slider-69deb1692b4d9\" class=\"carousel slide\" data-ride=\"carousel\">\n                <div class=\"carousel-inner\" role=\"listbox\">\n                                                                    <div class=\"item active\">\n\n                            <div class=\"row testimonial-item\">\n                                <div class=\"col-md-2 col-xs-3\"><img decoding=\"async\" src=\"https:\/\/www.campus02.at\/marketing\/wp-content\/uploads\/sites\/7\/2018\/01\/SAUBERMACHER_Gorucan_Harald-e1516031736261-300x300.jpg\" class=\"img-responsive\" \/><\/div><div class=\"col-md-10 col-xs-9 text-left\"><div><blockquote >Die Entwicklung bzw. F\u00f6rderung unserer Mitarbeiterinnen und Mitarbeiter sind Schwerpunkte unserer Arbeit und stark in den Unternehmenswerten verankert sowie ein essentieller Teil unserer Unternehmenskultur. Wir sind ein Unternehmen, welches jungen Talenten rasch Verantwortung gibt und damit das Wachstum der Pers\u00f6nlichkeit und der fachlichen F\u00e4higkeiten f\u00f6rdert. Entsprechend ist uns die Unterst\u00fctzung der Studierenden ein besonderes Anliegen, diese jungen Talente, neben ihrer qualifizierten theoretischen Ausbildung, in der Praxis zu begleiten. Wir freuen uns sehr, gemeinsamen mit der FH Campus 02 den Weg als Kooperationspartner gehen und so einen wichtigen Beitrag f\u00fcr die Entwicklung bzw. Ausbildung leisten zu k\u00f6nnen.<\/blockquote><\/div><div>DI Harald Gorucan, MSc, MSc<\/div><div class=\"text-muted\"><\/div><div class=\"text-muted\">Saubermacher Dienstleistungs AG<\/div><\/div>                            <\/div>\n\n\n                        <\/div>\n                                                                    <div class=\"item \">\n\n                            <div class=\"row testimonial-item\">\n                                <div class=\"col-md-10 col-xs-9 text-right\"><div><blockquote class=\"blockquote-reverse\">5 Standorte in Europa, 680 engagierte Mitarbeiter aus 18 Nationen und Export in \u00fcber 60 L\u00e4nder der Erde \u2013 das sind unsere Erfolgsfaktoren f\u00fcr 60 Jahre Brillenkultur \u201eMade in Graz\u201c. Produkte, die einen hohen Anspruch an Design (Brillenfassungen) und Technik (Brillenglas) haben, brauchen ein kreatives und zugleich gut abgestimmtes Zusammenspiel von erfahrenen Kollegen aus unterschiedlichen Disziplinen, einen Blick \u00fcber den (Brillen)Rand und immer wieder frischen Wind. Daher ist uns die Kooperation mit der FH Campus 02 ein gro\u00dfes Anliegen. Wir freuen uns auf junge Marketing-Talente, die mit einer breiten, fundierten Ausbildung an unserem Produktionsstandort in Deutschland praktische Erfahrung gewinnen und uns mit neuen Blickwinkeln und Sichtweisen begeistern werden.<\/blockquote><\/div><div> Klaus Hajduk<\/div><div class=\"text-muted\"><\/div><div class=\"text-muted\">Head of Human Resource Management, Michael Pachleitner Group<\/div><\/div><div class=\"col-md-2 col-xs-3\"><img decoding=\"async\" src=\"https:\/\/www.campus02.at\/marketing\/wp-content\/uploads\/sites\/7\/2018\/01\/MPG_Hajduk-Klaus-e1516031444411-300x300.jpg\" class=\"img-responsive\" \/><\/div>                            <\/div>\n\n\n                        <\/div>\n                                                                    <div class=\"item \">\n\n                            <div class=\"row testimonial-item\">\n                                <div class=\"col-md-2 col-xs-3\"><img decoding=\"async\" src=\"https:\/\/www.campus02.at\/marketing\/wp-content\/uploads\/sites\/7\/2018\/01\/SCOOPSPOON_Ksela-Michael-300x300.jpg\" class=\"img-responsive\" \/><\/div><div class=\"col-md-10 col-xs-9 text-left\"><div><blockquote >Die innovative Kombination unserer Talente in Marketing, Design und Technologie ist es, was SCOOP &amp; SPOON so besonders macht. In unserem Creative Lab in London werden kreative Ideen von einem der f\u00fchrenden Hot Spots f\u00fcr zeitgem\u00e4\u00dfe Kommunikation in die Projektwelt von SCOOP &amp; SPOON, \u00d6sterreichs f\u00fchrendem Marketing- und Kommunikationstechnologie-Unternehmen, eingespeist. Gerne stellen wir dem Campus 02 zwei Berufspraktikumspl\u00e4tze zur Verf\u00fcgung und freuen uns, zur pers\u00f6nlichen wie beruflichen Weiterentwicklung der Studierenden beitragen zu k\u00f6nnen.<\/blockquote><\/div><div>DI  Michael Ksela<\/div><div class=\"text-muted\"><\/div><div class=\"text-muted\">Eigent\u00fcmer von SCOOP &amp; SPOON<\/div><\/div>                            <\/div>\n\n\n                        <\/div>\n                                                                    <div class=\"item \">\n\n                            <div class=\"row testimonial-item\">\n                                <div class=\"col-md-10 col-xs-9 text-right\"><div><blockquote class=\"blockquote-reverse\">Das ICS Internationalisierungscenter Steiermark ist die Export Service Organisation der steirischen Wirtschaft. Als Tochterunternehmen der Wirtschaftskammer Steiermark, des Landes Steiermark und der Industriellenvereinigung Steiermark ist das ICS der erste Ansprechpartner in allen Fragen zum Thema Internationalisierung.\r\nDurch pers\u00f6nliche Beratungen und eine Vielzahl an themenspezifischen Veranstaltungen wie Seminare, Fachcoachings- und Workshops sowie Sprechtage mit \u00f6sterreichischen Wirtschaftsdelegierten, unterst\u00fctzen wir steirische Unternehmen gezielt bei der Erschlie\u00dfung neuer M\u00e4rkte und Intensivierung bestehender Auslandsaktivit\u00e4ten. Mit unseren dreij\u00e4hrigen Fokusprogrammen r\u00fccken wir j\u00e4hrlich au\u00dferdem neue, interessante M\u00e4rkte in den Blickpunkt steirischer (Neo-) Exporteure.\r\nIm Rahmen der Kooperation mit der Campus 02 \u2013 Fachhochschule der Wirtschaft freuen wir uns, motivierte Studierende des Bachelor-Studienganges Marketing &amp; Sales f\u00fcr ein Praktikum in unserem Team begr\u00fc\u00dfen zu d\u00fcrfen!<\/blockquote><\/div><div> Alexandra Neugebauer, MA<\/div><div class=\"text-muted\"><\/div><div class=\"text-muted\">ICS Internationalisierungscenter Steiermark GmbH<\/div><\/div><div class=\"col-md-2 col-xs-3\"><img decoding=\"async\" src=\"https:\/\/www.campus02.at\/marketing\/wp-content\/uploads\/sites\/7\/2018\/01\/Neugebauer-ICS-300x300.jpg\" class=\"img-responsive\" \/><\/div>                            <\/div>\n\n\n                        <\/div>\n                                    <\/div>\n                <a class=\"left carousel-control\" href=\"#testimonial-slider-69deb1692b4d9\" role=\"button\" data-slide=\"prev\">\n                    <span class=\"fa fa-chevron-left glyphicon-chevron-left\" aria-hidden=\"true\"><\/span>\n                    <span class=\"sr-only\">Zur\u00fcck<\/span>\n                <\/a>\n                <a class=\"right carousel-control\" href=\"#testimonial-slider-69deb1692b4d9\" role=\"button\" data-slide=\"next\">\n                    <span class=\"fa fa-chevron-right glyphicon-chevron-right\" aria-hidden=\"true\"><\/span>\n                    <span class=\"sr-only\">Weiter<\/span>\n                <\/a>\n            <\/div>\n        <\/div>\n    <\/div>\n\n<\/div><div class=\"flex-campus-main flex-campus-main-Image\"><figure><a href=\"https:\/\/www.campus02.at\/marketing\/wp-content\/uploads\/sites\/7\/2018\/05\/EU-Flagge-Co-funded-1.jpg\"><img decoding=\"async\" src=\"https:\/\/www.campus02.at\/marketing\/wp-content\/uploads\/sites\/7\/2018\/05\/EU-Flagge-Co-funded-1.jpg\" class=\"img-responsive\" alt=\"\u00a9 Erasmus+\" \/><\/a><\/figure><\/div>","protected":false},"excerpt":{"rendered":"<p>Know-How Transfer:Internationale BerufspraktikaIm Sinne der F\u00f6rderung der internationalen Studierendenmobilit\u00e4t und der <a href=\"https:\/\/www.campus02.at\/marketing\/internationalisierung\/berufspraktikum\/\" class=\"more-link\">mehr&hellip;<\/a><\/p>\n","protected":false},"author":94,"featured_media":0,"parent":652,"menu_order":0,"comment_status":"closed","ping_status":"closed","template":"","meta":{"_acf_changed":false,"footnotes":""},"coauthors":[67,71],"class_list":["post-3748","page","type-page","status-publish","hentry"],"acf":[],"yoast_head":"<!-- This site is optimized with the Yoast SEO plugin v26.9 - https:\/\/yoast.com\/product\/yoast-seo-wordpress\/ -->\n<title>Berufspraktikum - FH CAMPUS 02 - Marketing &amp; Sales<\/title>\n<meta name=\"robots\" content=\"index, follow, max-snippet:-1, max-image-preview:large, max-video-preview:-1\" \/>\n<link rel=\"canonical\" href=\"https:\/\/www.campus02.at\/marketing\/internationalisierung\/berufspraktikum\/\" \/>\n<meta property=\"og:locale\" content=\"de_DE\" \/>\n<meta property=\"og:type\" content=\"article\" \/>\n<meta property=\"og:title\" content=\"Berufspraktikum - FH CAMPUS 02 - Marketing &amp; Sales\" \/>\n<meta property=\"og:description\" content=\"Know-How Transfer:Internationale BerufspraktikaIm Sinne der F\u00f6rderung der internationalen Studierendenmobilit\u00e4t und der mehr&hellip;\" \/>\n<meta property=\"og:url\" content=\"https:\/\/www.campus02.at\/marketing\/internationalisierung\/berufspraktikum\/\" \/>\n<meta property=\"og:site_name\" content=\"FH CAMPUS 02 - Marketing &amp; Sales\" \/>\n<meta property=\"article:modified_time\" content=\"2020-10-28T07:52:55+00:00\" \/>\n<meta name=\"twitter:card\" content=\"summary_large_image\" \/>\n<script type=\"application\/ld+json\" class=\"yoast-schema-graph\">{\"@context\":\"https:\/\/schema.org\",\"@graph\":[{\"@type\":\"WebPage\",\"@id\":\"https:\/\/www.campus02.at\/marketing\/internationalisierung\/berufspraktikum\/\",\"url\":\"https:\/\/www.campus02.at\/marketing\/internationalisierung\/berufspraktikum\/\",\"name\":\"Berufspraktikum - FH CAMPUS 02 - Marketing &amp; Sales\",\"isPartOf\":{\"@id\":\"https:\/\/www.campus02.at\/marketing\/#website\"},\"datePublished\":\"2017-12-01T10:26:09+00:00\",\"dateModified\":\"2020-10-28T07:52:55+00:00\",\"breadcrumb\":{\"@id\":\"https:\/\/www.campus02.at\/marketing\/internationalisierung\/berufspraktikum\/#breadcrumb\"},\"inLanguage\":\"de\",\"potentialAction\":[{\"@type\":\"ReadAction\",\"target\":[\"https:\/\/www.campus02.at\/marketing\/internationalisierung\/berufspraktikum\/\"]}]},{\"@type\":\"BreadcrumbList\",\"@id\":\"https:\/\/www.campus02.at\/marketing\/internationalisierung\/berufspraktikum\/#breadcrumb\",\"itemListElement\":[{\"@type\":\"ListItem\",\"position\":1,\"name\":\"Startseite\",\"item\":\"https:\/\/www.campus02.at\/marketing\/\"},{\"@type\":\"ListItem\",\"position\":2,\"name\":\"Internationales\",\"item\":\"https:\/\/www.campus02.at\/marketing\/internationalisierung\/\"},{\"@type\":\"ListItem\",\"position\":3,\"name\":\"Berufspraktikum\"}]},{\"@type\":\"WebSite\",\"@id\":\"https:\/\/www.campus02.at\/marketing\/#website\",\"url\":\"https:\/\/www.campus02.at\/marketing\/\",\"name\":\"FH CAMPUS 02 - Marketing &amp; Sales\",\"description\":\"\",\"potentialAction\":[{\"@type\":\"SearchAction\",\"target\":{\"@type\":\"EntryPoint\",\"urlTemplate\":\"https:\/\/www.campus02.at\/marketing\/?s={search_term_string}\"},\"query-input\":{\"@type\":\"PropertyValueSpecification\",\"valueRequired\":true,\"valueName\":\"search_term_string\"}}],\"inLanguage\":\"de\"}]}<\/script>\n<!-- \/ Yoast SEO plugin. -->","yoast_head_json":{"title":"Berufspraktikum - FH CAMPUS 02 - Marketing &amp; Sales","robots":{"index":"index","follow":"follow","max-snippet":"max-snippet:-1","max-image-preview":"max-image-preview:large","max-video-preview":"max-video-preview:-1"},"canonical":"https:\/\/www.campus02.at\/marketing\/internationalisierung\/berufspraktikum\/","og_locale":"de_DE","og_type":"article","og_title":"Berufspraktikum - FH CAMPUS 02 - Marketing &amp; Sales","og_description":"Know-How Transfer:Internationale BerufspraktikaIm Sinne der F\u00f6rderung der internationalen Studierendenmobilit\u00e4t und der mehr&hellip;","og_url":"https:\/\/www.campus02.at\/marketing\/internationalisierung\/berufspraktikum\/","og_site_name":"FH CAMPUS 02 - Marketing &amp; Sales","article_modified_time":"2020-10-28T07:52:55+00:00","twitter_card":"summary_large_image","schema":{"@context":"https:\/\/schema.org","@graph":[{"@type":"WebPage","@id":"https:\/\/www.campus02.at\/marketing\/internationalisierung\/berufspraktikum\/","url":"https:\/\/www.campus02.at\/marketing\/internationalisierung\/berufspraktikum\/","name":"Berufspraktikum - FH CAMPUS 02 - Marketing &amp; Sales","isPartOf":{"@id":"https:\/\/www.campus02.at\/marketing\/#website"},"datePublished":"2017-12-01T10:26:09+00:00","dateModified":"2020-10-28T07:52:55+00:00","breadcrumb":{"@id":"https:\/\/www.campus02.at\/marketing\/internationalisierung\/berufspraktikum\/#breadcrumb"},"inLanguage":"de","potentialAction":[{"@type":"ReadAction","target":["https:\/\/www.campus02.at\/marketing\/internationalisierung\/berufspraktikum\/"]}]},{"@type":"BreadcrumbList","@id":"https:\/\/www.campus02.at\/marketing\/internationalisierung\/berufspraktikum\/#breadcrumb","itemListElement":[{"@type":"ListItem","position":1,"name":"Startseite","item":"https:\/\/www.campus02.at\/marketing\/"},{"@type":"ListItem","position":2,"name":"Internationales","item":"https:\/\/www.campus02.at\/marketing\/internationalisierung\/"},{"@type":"ListItem","position":3,"name":"Berufspraktikum"}]},{"@type":"WebSite","@id":"https:\/\/www.campus02.at\/marketing\/#website","url":"https:\/\/www.campus02.at\/marketing\/","name":"FH CAMPUS 02 - Marketing &amp; Sales","description":"","potentialAction":[{"@type":"SearchAction","target":{"@type":"EntryPoint","urlTemplate":"https:\/\/www.campus02.at\/marketing\/?s={search_term_string}"},"query-input":{"@type":"PropertyValueSpecification","valueRequired":true,"valueName":"search_term_string"}}],"inLanguage":"de"}]}},"_links":{"self":[{"href":"https:\/\/www.campus02.at\/marketing\/wp-json\/wp\/v2\/pages\/3748","targetHints":{"allow":["GET"]}}],"collection":[{"href":"https:\/\/www.campus02.at\/marketing\/wp-json\/wp\/v2\/pages"}],"about":[{"href":"https:\/\/www.campus02.at\/marketing\/wp-json\/wp\/v2\/types\/page"}],"author":[{"embeddable":true,"href":"https:\/\/www.campus02.at\/marketing\/wp-json\/wp\/v2\/users\/94"}],"replies":[{"embeddable":true,"href":"https:\/\/www.campus02.at\/marketing\/wp-json\/wp\/v2\/comments?post=3748"}],"version-history":[{"count":8,"href":"https:\/\/www.campus02.at\/marketing\/wp-json\/wp\/v2\/pages\/3748\/revisions"}],"predecessor-version":[{"id":5902,"href":"https:\/\/www.campus02.at\/marketing\/wp-json\/wp\/v2\/pages\/3748\/revisions\/5902"}],"up":[{"embeddable":true,"href":"https:\/\/www.campus02.at\/marketing\/wp-json\/wp\/v2\/pages\/652"}],"wp:attachment":[{"href":"https:\/\/www.campus02.at\/marketing\/wp-json\/wp\/v2\/media?parent=3748"}],"wp:term":[{"taxonomy":"author","embeddable":true,"href":"https:\/\/www.campus02.at\/marketing\/wp-json\/wp\/v2\/coauthors?post=3748"}],"curies":[{"name":"wp","href":"https:\/\/api.w.org\/{rel}","templated":true}]}}