{"id":1136,"date":"2016-06-30T13:50:00","date_gmt":"2016-06-30T11:50:00","guid":{"rendered":"https:\/\/www.campus02.at\/marketing\/?page_id=1136"},"modified":"2021-05-05T09:32:00","modified_gmt":"2021-05-05T07:32:00","slug":"news-fu","status":"publish","type":"page","link":"https:\/\/www.campus02.at\/marketing\/fue\/news-fu\/","title":{"rendered":"News-FU"},"content":{"rendered":"<div class=\"flex-campus-main flex-campus-main-Text\"><h2><strong>1. \u00d6sterreichisches FU-Symposium &#8211; <\/strong><strong>Familienunternehmen im Fokus\u00a0<\/strong><\/h2>\n<p style=\"text-align: justify;\">Die <strong>FU-Forschung Austria<\/strong>, das Kompetenzzentrum f\u00fcr Familienunternehmen (FU) an der FH CAMPUS 02 hat am 10. Mai 2016 gemeinsam mit Deloitte Wirtschaftspr\u00fcfung Graz, der Raiffeisenlandesbank und Kleine Zeitung das <strong>1. \u00d6sterreichische FU-Symposium<\/strong> organisiert.<\/p>\n<p style=\"text-align: justify;\">In seiner Begr\u00fc\u00dfung nannte <strong>Ing. Josef Herk<\/strong>, Pr\u00e4sident WKO Steiermark und selbst erfolgreicher Familienunternehmer, \u201eFU\u201c das \u201eTafelsilber\u201c der steirischen Wirtschaft.<\/p>\n<p style=\"text-align: justify;\">In ihrer Key Note beantwortete <strong>Prof. Dr.<\/strong> <strong>Nadine Kammerlander<\/strong>, Leitung des Instituts f\u00fcr Familienunternehmen an der Otto-Beisheim School of Management in Vallendar (Deutschland) die Frage \u201eTalent, Wille oder Verwandtschaft? &#8211; Was z\u00e4hlt bei der Nachfolgerauswahl\u201c mit folgenden Worten: \u201eSuchen Sie keinen Superman, sondern Talent, Engagement und Verst\u00e4ndnis f\u00fcr den Familienbetrieb. Stimmen sie ihre Kinder schon fr\u00fch positiv auf das eigene Unternehmen ein.\u201c Kammerlander r\u00e4t \u00fcbergebenden Generationen auch, nach \u00dcbergabe nicht im Betrieb zu verbleiben.<\/p>\n<p style=\"text-align: justify;\"><strong>Mag. Tanja Knapp<\/strong>, Aufsichtsratsmitglied bei Knapp AG, beschrieb als Erfolgsrezept ihres Unternehmens Loyalit\u00e4t und eine Kultur des gegenseitigen Vertrauens.<\/p>\n<p style=\"text-align: justify;\">In vier zeitgleichen <strong>Workshops<\/strong> moderierten und diskutierten <strong>Mag. Friedrich M\u00f6stl und Dr. Gottfried Spitzer<\/strong> (Deloitte) \u00fcber Steuerstrategien zur erfolgreichen Unternehmensnachfolge. <strong>FH-Prof. DI Dr. Martin Duque<\/strong> referierte \u00fcber Nachfolge in Familienunternehmen und Spannungsfelder die sich bei Alleinherrschern, Geschwisterpartnerschaft, Vetternkonsortium, Familiendynastie positiv \u201eaufladen\u201c oder auch kr\u00e4fteraubend \u201eentladen\u201c k\u00f6nnen. <strong>Prok. MMag. Hannes Meixner<\/strong> (RLB) zeigte neue Wege zu frischem Kapital auf. Das Ergebnis des Workshops mit <strong>FH-Prof. Dr. Georg Jungwirth <\/strong>ist, dass Innovation, auch wenn Tradition in FU gro\u00dfgeschrieben wird, ein unumg\u00e4nglicher Faktor f\u00fcr die gesunde Zukunft aller FU darstellt.<\/p>\n<p style=\"text-align: justify;\">Nach einer launigen Laudatio von Schauspieler <strong>August Schm\u00f6lzer<\/strong> verlieh <strong>Dr. Karin Madenberger<\/strong> gemeinsam mit WKO Steiermark Direktor <strong>Dr. Karl-Heinz Dernoscheg <\/strong>den FU-Award an Familie Gaugl als \u00e4ltestes Familienunternehmen der Steiermark (<strong>Landmaschinen Gaugl<\/strong>, Vorau, gegr\u00fcndet 1628, d. h. 388 Jahre lang durchg\u00e4ngig in Familienbesitz) und Familie Gmachl-Hirnb\u00f6ck als \u00e4ltestes Familienunternehmen \u00d6sterreichs (<strong>Romantikhotel Gmachl<\/strong>, Elixhausen, Salzburg, gegr\u00fcndet 1334, d. h. 682 Jahre in Familienbesitz).<\/p>\n<p style=\"text-align: justify;\">Hier einige Eindr\u00fccke zur Veranstaltung:<\/p>\n<\/div><div class=\"flex-campus-main flex-campus-main-Gallery\">    <div id=\"galleryCarousel-1\" class=\"carousel slide\" data-ride=\"carousel\">\n                <ol class=\"carousel-indicators\">\n                        <li data-target=\"#galleryCarousel-1\" data-slide-to=\"0\" class=\"active\"><\/li>\n                        <li data-target=\"#galleryCarousel-1\" data-slide-to=\"1\" ><\/li>\n                        <li data-target=\"#galleryCarousel-1\" data-slide-to=\"2\" ><\/li>\n                        <li data-target=\"#galleryCarousel-1\" data-slide-to=\"3\" ><\/li>\n                        <li data-target=\"#galleryCarousel-1\" data-slide-to=\"4\" ><\/li>\n                        <li data-target=\"#galleryCarousel-1\" data-slide-to=\"5\" ><\/li>\n                        <li data-target=\"#galleryCarousel-1\" data-slide-to=\"6\" ><\/li>\n                        <li data-target=\"#galleryCarousel-1\" data-slide-to=\"7\" ><\/li>\n                        <li data-target=\"#galleryCarousel-1\" data-slide-to=\"8\" ><\/li>\n                        <li data-target=\"#galleryCarousel-1\" data-slide-to=\"9\" ><\/li>\n                        <li data-target=\"#galleryCarousel-1\" data-slide-to=\"10\" ><\/li>\n                        <li data-target=\"#galleryCarousel-1\" data-slide-to=\"11\" ><\/li>\n                        <li data-target=\"#galleryCarousel-1\" data-slide-to=\"12\" ><\/li>\n                        <li data-target=\"#galleryCarousel-1\" data-slide-to=\"13\" ><\/li>\n                        <li data-target=\"#galleryCarousel-1\" data-slide-to=\"14\" ><\/li>\n                        <li data-target=\"#galleryCarousel-1\" data-slide-to=\"15\" ><\/li>\n                        <li data-target=\"#galleryCarousel-1\" data-slide-to=\"16\" ><\/li>\n                        <li data-target=\"#galleryCarousel-1\" data-slide-to=\"17\" ><\/li>\n                        <li data-target=\"#galleryCarousel-1\" data-slide-to=\"18\" ><\/li>\n                    <\/ol>\n                <div class=\"carousel-inner\" role=\"listbox\">\n                        <div class=\"item active\">\n                <div class=\"carousel-image\" style=\"background-image: url(https:\/\/www.campus02.at\/marketing\/wp-content\/uploads\/sites\/7\/2016\/06\/FU-Symposium_2016_1-1024x683.jpg);\"><\/div>\n                <div class=\"carousel-caption\">\n                    \u00a9 FH CAMPUS 02\/Melbinger                <\/div>\n            <\/div>\n                        <div class=\"item \">\n                <div class=\"carousel-image\" style=\"background-image: url(https:\/\/www.campus02.at\/marketing\/wp-content\/uploads\/sites\/7\/2016\/06\/FU-Symposium_2016_2-1024x683.jpg);\"><\/div>\n                <div class=\"carousel-caption\">\n                    \u00a9 FH CAMPUS 02\/Melbinger                <\/div>\n            <\/div>\n                        <div class=\"item \">\n                <div class=\"carousel-image\" style=\"background-image: url(https:\/\/www.campus02.at\/marketing\/wp-content\/uploads\/sites\/7\/2016\/06\/FU-Symposium_2016_3-1024x683.jpg);\"><\/div>\n                <div class=\"carousel-caption\">\n                    \u00a9 FH CAMPUS 02\/Melbinger                <\/div>\n            <\/div>\n                        <div class=\"item \">\n                <div class=\"carousel-image\" style=\"background-image: url(https:\/\/www.campus02.at\/marketing\/wp-content\/uploads\/sites\/7\/2016\/06\/FU-Symposium_2016_4-1024x683.jpg);\"><\/div>\n                <div class=\"carousel-caption\">\n                    \u00a9 FH CAMPUS 02\/Melbinger                <\/div>\n            <\/div>\n                        <div class=\"item \">\n                <div class=\"carousel-image\" style=\"background-image: url(https:\/\/www.campus02.at\/marketing\/wp-content\/uploads\/sites\/7\/2016\/06\/FU-Symposium_2016_5-1024x683.jpg);\"><\/div>\n                <div class=\"carousel-caption\">\n                    \u00a9 FH CAMPUS 02\/Melbinger                <\/div>\n            <\/div>\n                        <div class=\"item \">\n                <div class=\"carousel-image\" style=\"background-image: url(https:\/\/www.campus02.at\/marketing\/wp-content\/uploads\/sites\/7\/2016\/06\/FU-Symposium_2016_6-1024x683.jpg);\"><\/div>\n                <div class=\"carousel-caption\">\n                    \u00a9 FH CAMPUS 02\/Melbinger                <\/div>\n            <\/div>\n                        <div class=\"item \">\n                <div class=\"carousel-image\" style=\"background-image: url(https:\/\/www.campus02.at\/marketing\/wp-content\/uploads\/sites\/7\/2016\/06\/FU-Symposium_2016_7-1024x683.jpg);\"><\/div>\n                <div class=\"carousel-caption\">\n                    \u00a9 FH CAMPUS 02\/Melbinger                <\/div>\n            <\/div>\n                        <div class=\"item \">\n                <div class=\"carousel-image\" style=\"background-image: url(https:\/\/www.campus02.at\/marketing\/wp-content\/uploads\/sites\/7\/2016\/06\/FU-Symposium_2016_8-1024x683.jpg);\"><\/div>\n                <div class=\"carousel-caption\">\n                    \u00a9 FH CAMPUS 02\/Melbinger                <\/div>\n            <\/div>\n                        <div class=\"item \">\n                <div class=\"carousel-image\" style=\"background-image: url(https:\/\/www.campus02.at\/marketing\/wp-content\/uploads\/sites\/7\/2016\/06\/FU-Symposium_2016_9-1024x683.jpg);\"><\/div>\n                <div class=\"carousel-caption\">\n                    \u00a9 FH CAMPUS 02\/Melbinger                <\/div>\n            <\/div>\n                        <div class=\"item \">\n                <div class=\"carousel-image\" style=\"background-image: url(https:\/\/www.campus02.at\/marketing\/wp-content\/uploads\/sites\/7\/2016\/06\/FU-Symposium_2016_10a-1024x683.jpg);\"><\/div>\n                <div class=\"carousel-caption\">\n                    \u00a9 FH CAMPUS 02\/Melbinger                <\/div>\n            <\/div>\n                        <div class=\"item \">\n                <div class=\"carousel-image\" style=\"background-image: url(https:\/\/www.campus02.at\/marketing\/wp-content\/uploads\/sites\/7\/2016\/06\/FU-Symposium_2016_10b-1024x683.jpg);\"><\/div>\n                <div class=\"carousel-caption\">\n                    \u00a9 FH CAMPUS 02\/Melbinger                <\/div>\n            <\/div>\n                        <div class=\"item \">\n                <div class=\"carousel-image\" style=\"background-image: url(https:\/\/www.campus02.at\/marketing\/wp-content\/uploads\/sites\/7\/2016\/06\/FU-Symposium_2016_10c-1024x683.jpg);\"><\/div>\n                <div class=\"carousel-caption\">\n                    \u00a9 FH CAMPUS 02\/Melbinger                <\/div>\n            <\/div>\n                        <div class=\"item \">\n                <div class=\"carousel-image\" style=\"background-image: url(https:\/\/www.campus02.at\/marketing\/wp-content\/uploads\/sites\/7\/2016\/06\/FU-Symposium_2016_12-1024x683.jpg);\"><\/div>\n                <div class=\"carousel-caption\">\n                    \u00a9 FH CAMPUS 02\/Melbinger                <\/div>\n            <\/div>\n                        <div class=\"item \">\n                <div class=\"carousel-image\" style=\"background-image: url(https:\/\/www.campus02.at\/marketing\/wp-content\/uploads\/sites\/7\/2016\/06\/FU-Symposium_2016_13-1024x683.jpg);\"><\/div>\n                <div class=\"carousel-caption\">\n                    \u00a9 FH CAMPUS 02\/Melbinger                <\/div>\n            <\/div>\n                        <div class=\"item \">\n                <div class=\"carousel-image\" style=\"background-image: url(https:\/\/www.campus02.at\/marketing\/wp-content\/uploads\/sites\/7\/2016\/06\/FU-Symposium_2016_14-1024x683.jpg);\"><\/div>\n                <div class=\"carousel-caption\">\n                    \u00a9 FH CAMPUS 02\/Melbinger                <\/div>\n            <\/div>\n                        <div class=\"item \">\n                <div class=\"carousel-image\" style=\"background-image: url(https:\/\/www.campus02.at\/marketing\/wp-content\/uploads\/sites\/7\/2016\/06\/FU-Symposium_2016_15-1024x683.jpg);\"><\/div>\n                <div class=\"carousel-caption\">\n                    \u00a9 FH CAMPUS 02\/Melbinger                <\/div>\n            <\/div>\n                        <div class=\"item \">\n                <div class=\"carousel-image\" style=\"background-image: url(https:\/\/www.campus02.at\/marketing\/wp-content\/uploads\/sites\/7\/2016\/06\/FU-Symposium_2016_16-1024x683.jpg);\"><\/div>\n                <div class=\"carousel-caption\">\n                    \u00a9 FH CAMPUS 02\/Melbinger                <\/div>\n            <\/div>\n                        <div class=\"item \">\n                <div class=\"carousel-image\" style=\"background-image: url(https:\/\/www.campus02.at\/marketing\/wp-content\/uploads\/sites\/7\/2016\/06\/FU-Symposium_2016_17-1024x683.jpg);\"><\/div>\n                <div class=\"carousel-caption\">\n                    \u00a9 FH CAMPUS 02\/Melbinger                <\/div>\n            <\/div>\n                        <div class=\"item \">\n                <div class=\"carousel-image\" style=\"background-image: url(https:\/\/www.campus02.at\/marketing\/wp-content\/uploads\/sites\/7\/2016\/06\/FU-Symposium_2016_18-1024x683.jpg);\"><\/div>\n                <div class=\"carousel-caption\">\n                    \u00a9 FH CAMPUS 02\/Melbinger                <\/div>\n            <\/div>\n                    <\/div>\n        <a class=\"left carousel-control\" href=\"#galleryCarousel-1\" role=\"button\" data-slide=\"prev\">\n            <span class=\"fa fa-chevron-left glyphicon-chevron-left\" aria-hidden=\"true\"><\/span>\n            <span class=\"sr-only\">Zur\u00fcck<\/span>\n        <\/a>\n        <a class=\"right carousel-control\" href=\"#galleryCarousel-1\" role=\"button\" data-slide=\"next\">\n            <span class=\"fa fa-chevron-right glyphicon-chevron-right\" aria-hidden=\"true\"><\/span>\n            <span class=\"sr-only\">Weiter<\/span>\n        <\/a>\n    <\/div>\n<\/div>","protected":false},"excerpt":{"rendered":"<p>1. \u00d6sterreichisches FU-Symposium &#8211; Familienunternehmen im Fokus\u00a0 Die FU-Forschung Austria, das Kompetenzzentrum f\u00fcr <a href=\"https:\/\/www.campus02.at\/marketing\/fue\/news-fu\/\" class=\"more-link\">mehr&hellip;<\/a><\/p>\n","protected":false},"author":86,"featured_media":0,"parent":240,"menu_order":0,"comment_status":"closed","ping_status":"closed","template":"","meta":{"_acf_changed":false,"footnotes":""},"coauthors":[66,72],"class_list":["post-1136","page","type-page","status-publish","hentry"],"acf":[],"yoast_head":"<!-- This site is optimized with the Yoast SEO plugin v26.9 - https:\/\/yoast.com\/product\/yoast-seo-wordpress\/ -->\n<title>News-FU - FH CAMPUS 02 - Marketing &amp; Sales<\/title>\n<meta name=\"robots\" content=\"index, follow, max-snippet:-1, max-image-preview:large, max-video-preview:-1\" \/>\n<link rel=\"canonical\" href=\"https:\/\/www.campus02.at\/marketing\/fue\/news-fu\/\" \/>\n<meta property=\"og:locale\" content=\"de_DE\" \/>\n<meta property=\"og:type\" content=\"article\" \/>\n<meta property=\"og:title\" content=\"News-FU - FH CAMPUS 02 - Marketing &amp; Sales\" \/>\n<meta property=\"og:description\" content=\"1. \u00d6sterreichisches FU-Symposium &#8211; Familienunternehmen im Fokus\u00a0 Die FU-Forschung Austria, das Kompetenzzentrum f\u00fcr mehr&hellip;\" \/>\n<meta property=\"og:url\" content=\"https:\/\/www.campus02.at\/marketing\/fue\/news-fu\/\" \/>\n<meta property=\"og:site_name\" content=\"FH CAMPUS 02 - Marketing &amp; Sales\" \/>\n<meta property=\"article:modified_time\" content=\"2021-05-05T07:32:00+00:00\" \/>\n<meta name=\"twitter:card\" content=\"summary_large_image\" \/>\n<script type=\"application\/ld+json\" class=\"yoast-schema-graph\">{\"@context\":\"https:\/\/schema.org\",\"@graph\":[{\"@type\":\"WebPage\",\"@id\":\"https:\/\/www.campus02.at\/marketing\/fue\/news-fu\/\",\"url\":\"https:\/\/www.campus02.at\/marketing\/fue\/news-fu\/\",\"name\":\"News-FU - FH CAMPUS 02 - Marketing &amp; Sales\",\"isPartOf\":{\"@id\":\"https:\/\/www.campus02.at\/marketing\/#website\"},\"datePublished\":\"2016-06-30T11:50:00+00:00\",\"dateModified\":\"2021-05-05T07:32:00+00:00\",\"breadcrumb\":{\"@id\":\"https:\/\/www.campus02.at\/marketing\/fue\/news-fu\/#breadcrumb\"},\"inLanguage\":\"de\",\"potentialAction\":[{\"@type\":\"ReadAction\",\"target\":[\"https:\/\/www.campus02.at\/marketing\/fue\/news-fu\/\"]}]},{\"@type\":\"BreadcrumbList\",\"@id\":\"https:\/\/www.campus02.at\/marketing\/fue\/news-fu\/#breadcrumb\",\"itemListElement\":[{\"@type\":\"ListItem\",\"position\":1,\"name\":\"Startseite\",\"item\":\"https:\/\/www.campus02.at\/marketing\/\"},{\"@type\":\"ListItem\",\"position\":2,\"name\":\"Forschung &amp; Entwicklung\",\"item\":\"https:\/\/www.campus02.at\/marketing\/fue\/\"},{\"@type\":\"ListItem\",\"position\":3,\"name\":\"News-FU\"}]},{\"@type\":\"WebSite\",\"@id\":\"https:\/\/www.campus02.at\/marketing\/#website\",\"url\":\"https:\/\/www.campus02.at\/marketing\/\",\"name\":\"FH CAMPUS 02 - Marketing &amp; Sales\",\"description\":\"\",\"potentialAction\":[{\"@type\":\"SearchAction\",\"target\":{\"@type\":\"EntryPoint\",\"urlTemplate\":\"https:\/\/www.campus02.at\/marketing\/?s={search_term_string}\"},\"query-input\":{\"@type\":\"PropertyValueSpecification\",\"valueRequired\":true,\"valueName\":\"search_term_string\"}}],\"inLanguage\":\"de\"}]}<\/script>\n<!-- \/ Yoast SEO plugin. -->","yoast_head_json":{"title":"News-FU - FH CAMPUS 02 - Marketing &amp; Sales","robots":{"index":"index","follow":"follow","max-snippet":"max-snippet:-1","max-image-preview":"max-image-preview:large","max-video-preview":"max-video-preview:-1"},"canonical":"https:\/\/www.campus02.at\/marketing\/fue\/news-fu\/","og_locale":"de_DE","og_type":"article","og_title":"News-FU - FH CAMPUS 02 - Marketing &amp; Sales","og_description":"1. \u00d6sterreichisches FU-Symposium &#8211; Familienunternehmen im Fokus\u00a0 Die FU-Forschung Austria, das Kompetenzzentrum f\u00fcr mehr&hellip;","og_url":"https:\/\/www.campus02.at\/marketing\/fue\/news-fu\/","og_site_name":"FH CAMPUS 02 - Marketing &amp; Sales","article_modified_time":"2021-05-05T07:32:00+00:00","twitter_card":"summary_large_image","schema":{"@context":"https:\/\/schema.org","@graph":[{"@type":"WebPage","@id":"https:\/\/www.campus02.at\/marketing\/fue\/news-fu\/","url":"https:\/\/www.campus02.at\/marketing\/fue\/news-fu\/","name":"News-FU - FH CAMPUS 02 - Marketing &amp; Sales","isPartOf":{"@id":"https:\/\/www.campus02.at\/marketing\/#website"},"datePublished":"2016-06-30T11:50:00+00:00","dateModified":"2021-05-05T07:32:00+00:00","breadcrumb":{"@id":"https:\/\/www.campus02.at\/marketing\/fue\/news-fu\/#breadcrumb"},"inLanguage":"de","potentialAction":[{"@type":"ReadAction","target":["https:\/\/www.campus02.at\/marketing\/fue\/news-fu\/"]}]},{"@type":"BreadcrumbList","@id":"https:\/\/www.campus02.at\/marketing\/fue\/news-fu\/#breadcrumb","itemListElement":[{"@type":"ListItem","position":1,"name":"Startseite","item":"https:\/\/www.campus02.at\/marketing\/"},{"@type":"ListItem","position":2,"name":"Forschung &amp; Entwicklung","item":"https:\/\/www.campus02.at\/marketing\/fue\/"},{"@type":"ListItem","position":3,"name":"News-FU"}]},{"@type":"WebSite","@id":"https:\/\/www.campus02.at\/marketing\/#website","url":"https:\/\/www.campus02.at\/marketing\/","name":"FH CAMPUS 02 - Marketing &amp; Sales","description":"","potentialAction":[{"@type":"SearchAction","target":{"@type":"EntryPoint","urlTemplate":"https:\/\/www.campus02.at\/marketing\/?s={search_term_string}"},"query-input":{"@type":"PropertyValueSpecification","valueRequired":true,"valueName":"search_term_string"}}],"inLanguage":"de"}]}},"_links":{"self":[{"href":"https:\/\/www.campus02.at\/marketing\/wp-json\/wp\/v2\/pages\/1136","targetHints":{"allow":["GET"]}}],"collection":[{"href":"https:\/\/www.campus02.at\/marketing\/wp-json\/wp\/v2\/pages"}],"about":[{"href":"https:\/\/www.campus02.at\/marketing\/wp-json\/wp\/v2\/types\/page"}],"author":[{"embeddable":true,"href":"https:\/\/www.campus02.at\/marketing\/wp-json\/wp\/v2\/users\/86"}],"replies":[{"embeddable":true,"href":"https:\/\/www.campus02.at\/marketing\/wp-json\/wp\/v2\/comments?post=1136"}],"version-history":[{"count":7,"href":"https:\/\/www.campus02.at\/marketing\/wp-json\/wp\/v2\/pages\/1136\/revisions"}],"predecessor-version":[{"id":8815,"href":"https:\/\/www.campus02.at\/marketing\/wp-json\/wp\/v2\/pages\/1136\/revisions\/8815"}],"up":[{"embeddable":true,"href":"https:\/\/www.campus02.at\/marketing\/wp-json\/wp\/v2\/pages\/240"}],"wp:attachment":[{"href":"https:\/\/www.campus02.at\/marketing\/wp-json\/wp\/v2\/media?parent=1136"}],"wp:term":[{"taxonomy":"author","embeddable":true,"href":"https:\/\/www.campus02.at\/marketing\/wp-json\/wp\/v2\/coauthors?post=1136"}],"curies":[{"name":"wp","href":"https:\/\/api.w.org\/{rel}","templated":true}]}}