{"id":848,"date":"2016-09-11T19:14:43","date_gmt":"2016-09-11T17:14:43","guid":{"rendered":"https:\/\/www.campus02.at\/innovationsmanagement\/?page_id=848"},"modified":"2022-07-21T10:32:13","modified_gmt":"2022-07-21T08:32:13","slug":"internationales","status":"publish","type":"page","link":"https:\/\/www.campus02.at\/innovationsmanagement\/internationales\/","title":{"rendered":"Internationales"},"content":{"rendered":"<div class=\"flex-campus-main flex-campus-main-Text\"><h1>Internationales<\/h1>\n<p>In einer zunehmend globalisierten Welt sind Menschen mit Auslandserfahrung sehr gefragt. Internationale Erfahrung f\u00f6rdert die berufliche und pers\u00f6nliche Weiterentwicklung, eine Verbesserung der Fremdsprachenkenntnisse, das Kennenlernen anderer Kulturen und erm\u00f6glicht nicht zuletzt das Kn\u00fcpfen von studien- und beruflich-relevanten internationalen Kontakten.<br \/>\nWir f\u00f6rdern Studierendenmobilit\u00e4t in Form von Studienaufenthalten und Berufspraktika. Dar\u00fcber hinaus bieten wir &#8211; aufgrund der starken Ausrichtung auf berufsbegleitende Studienprogramme &#8211; Studierenden, denen es nicht m\u00f6glich ist f\u00fcr zumindest 2 Monate ins Ausland zu gehen, alternative M\u00f6glichkeiten der Mobilit\u00e4t: Summer Schools, Studien- und Sprachreisen.<\/p>\n<\/div><div class=\"flex-campus-main flex-campus-main-Image\"><figure><a href=\"https:\/\/www.campus02.at\/innovationsmanagement\/wp-content\/uploads\/sites\/4\/2015\/10\/Website_Foto6.jpg\"><img decoding=\"async\" src=\"https:\/\/www.campus02.at\/innovationsmanagement\/wp-content\/uploads\/sites\/4\/2015\/10\/Website_Foto6-1024x205.jpg\" class=\"img-responsive\" alt=\"\" \/><\/a><\/figure><\/div><div class=\"flex-campus-main flex-campus-main-Text\"><h3>Studienreise<\/h3>\n<p>Im Rahmen des Studiums haben die Studierenden die M\u00f6glichkeit an einer Studienreise teilzunehmen. Die Destination wird vom Studiengang in Absprache mit den Studierenden ausgesucht. Bedingung ist lediglich, dass diese im europ\u00e4ischen Raum liegt und der Studiengang dort eine Partneruniversit\u00e4t hat bzw. akquirieren kann.<\/p>\n<h3>Sprachreise<\/h3>\n<p>Jedes Jahr l\u00e4dt die FH CAMPUS 02 alle Studierenden zur Teilnahme an der Sprachreise der FH CAMPUS 02 ein, wobei ein Maximum von 24 Pl\u00e4tzen zu vergeben ist. Diese Mobilit\u00e4tsma\u00dfnahme wird mit einem eigenen Stipendium unterst\u00fctzt.<\/p>\n<p>Mehr Informationen finden Sie<a href=\"https:\/\/www.campus02.at\/internationales\/sprachreise\/\"> hier<\/a>.<\/p>\n<h3>Summer Schools<\/h3>\n<p>Die FH CAMPUS 02 unterst\u00fctzt die Teilnahme ihrer Studierenden an ausgew\u00e4hlten <strong>Summer Schools\u00a0<\/strong>mit einem eigenen <strong>Stipendium<\/strong> (Detailinfos dazu siehe <a href=\"https:\/\/www.campus02.at\/innovationsmanagement\/wp-content\/uploads\/sites\/4\/2016\/09\/FHC02_Auslandsstipendienrichtlinie_2016.pdf\">Auslandsstipendienrichtlinie<\/a>).<\/p>\n<p>Die verschiedenen Angebote bieten Ihnen nicht nur die M\u00f6glichkeit, sich fachlich zu vertiefen, sondern sich auch sprachlich weiterzubilden und Ihren interkulturellen Erfahrungshorizont zu erweitern. Aufgrund der verh\u00e4ltnism\u00e4\u00dfig kurzen Dauer ist dies eine Art des Auslandsaufenthaltes, die auch f\u00fcr berufsbegleitende Studierende attraktiv ist.<\/p>\n<h3>Auslandspraktika und Auslandsstudienaufenthalte<\/h3>\n<p>Ein <strong>Studien- oder Praktikumsaufenthalt im<\/strong> <strong>Ausland<\/strong> bietet die M\u00f6glichkeit, Perspektiven zu wechseln, an neuen Aufgaben zu wachsen, Fremdsprachenkenntnisse zu erwerben oder zu vertiefen und in eine fremde Kultur einzutauchen. Die Freundschaften, die in dieser Zeit geschlossen werden, halten oft ein ganzes Leben und stellen nicht nur ein wertvolles privates, sondern auch berufliches internationales Netzwerk dar.<\/p>\n<p>&nbsp;<\/p>\n<h4>Erasmus+<\/h4>\n<p>Das derzeit <strong>umfassendste Stipendienprogramm f\u00fcr Auslandsstudienaufenthalte und -praktika ist Erasmus+<\/strong>. Das EU-Bildungsprogramm unterst\u00fctzt <strong>europaweit\u00a0<\/strong>Menschen jeden Alters bei der Suche nach f\u00f6rdernden Lernm\u00f6glichkeiten. Studierende k\u00f6nnen im Rahmen von Erasmus+ <strong>3 bis 12 Monate<\/strong> an einer europ\u00e4ischen Hochschule\u00a0<strong>studieren<\/strong>, ohne dabei Studienzeit zu verlieren oder Studiengeb\u00fchren zu zahlen. Au\u00dferdem bietet Erasmus+ die einmalige Chance, sich neue Fachkenntnisse und berufliche Kompetenzen in Rahmen eines <strong>Praktikums<\/strong> (<strong>2 bis 12 Monate<\/strong>) anzueignen und zudem die Fertigkeit zur Anpassung an neue Umgebungen auszubauen. Dar\u00fcber hinaus bietet sich die Gelegenheit, Sprachkenntnisse zu verbessern, sich interkulturelle Kompetenz anzueignen und Kontakte zu Hochschulen, Unternehmen und neuen Freund*innen in ganz Europa zu kn\u00fcpfen.<br \/>\nN\u00e4here Informationen finden Sie unter:\u00a0<a href=\"http:\/\/www.erasmusplus.at\/\">erasmusplus.at<\/a><\/p>\n<\/div><div class=\"flex-campus-main flex-campus-main-Accordion\"><div class=\"panel-group\" id=\"flexAccordion-1\" role=\"tablist\" aria-multiselectable=\"true\">\n            <div class=\"panel panel-default\">\n            <div class=\"panel-heading\" role=\"tab\" id=\"flexAccordion-1-0-heading\">\n                <h4 class=\"panel-title\">\n                    <a role=\"button\" data-toggle=\"collapse\" data-parent=\"#flexAccordion-1\" href=\"#flexAccordion-1-0-collapse\" aria-expanded=\"true\"\n                       aria-controls=\"flexAccordion-1-0-collapse\">\n                        Erasmus+ Studierendenmobilit\u00e4t                    <\/a>\n                <\/h4>\n            <\/div>\n            <div id=\"flexAccordion-1-0-collapse\" class=\"panel-collapse collapse \" role=\"tabpanel\" aria-labelledby=\"flexAccordion-1-0-heading\">\n                <div class=\"panel-body\">\n                    <p>Sollten Sie an einer Erasmus+ Studierendenmobilit\u00e4t interessiert sein, empfehlen wir folgenden Ablauf:<\/p>\n<ul>\n<li>Besuchen Sie unter nachfolgendem Link die Kooperationen der FH CAMPUS 02 <i class=\"fa fa-arrow-right \"><\/i>\u00a0<a href=\"https:\/\/www.campus02.at\/internationales\/kooperationen\/\">Hochschulkooperationen<\/a><\/li>\n<li>Sobald Sie sich f\u00fcr eine der angebotenen Universit\u00e4ten oder Hochschulen entschieden haben, sehen Sie sich bitte das Curriculum der entsprechenden Studienrichtung genau an.<\/li>\n<li>Sobald Sie sich mit dem entsprechenden Curriculum der Partneruniversit\u00e4t- oder Hochschule vertraut gemacht haben, nehmen Sie bitte mit Frau Sammtleben Kontakt auf, um eine \u00dcberdeckung der \u00e4quivalenten Lehrveranstaltungen w\u00e4hrend des Studienaufenthaltes zu \u00fcberpr\u00fcfen.\n<ul>\n<li>Bitte \u00fcbersenden Sie dazu eine entsprechende Gegen\u00fcberstellung jener Lehrveranstaltungen, die Sie im Ausland absolvieren m\u00f6chten und jener Lehrveranstaltungen, die stattdessen in Ihrem aktuellen Curriculum an der FH CAMPUS 02 angerechnet werden sollen.\u00a0Das entsprechende Formular \u201eLearning Agreement\u201c finden Sie im <i class=\"fa fa-arrow-right \"><\/i>\u00a0\u00a0\u00a0<a href=\"https:\/\/www.campus02.at\/internationales\/download-bereich\/\">Downloadbereich<\/a><\/li>\n<\/ul>\n<\/li>\n<li>Sobald die Frage nach der Anrechenbarkeit gekl\u00e4rt ist, ersuchen wir um Kontaktaufnahme mit Frau Mag. Maja Zelenik (<a href=\"mailto:international@campus02.at\">international@campus02.at)<\/a>\u00a0um die weiteren Formalit\u00e4ten abzukl\u00e4ren.<\/li>\n<\/ul>\n                <\/div>\n            <\/div>\n        <\/div>\n            <div class=\"panel panel-default\">\n            <div class=\"panel-heading\" role=\"tab\" id=\"flexAccordion-1-1-heading\">\n                <h4 class=\"panel-title\">\n                    <a role=\"button\" data-toggle=\"collapse\" data-parent=\"#flexAccordion-1\" href=\"#flexAccordion-1-1-collapse\" aria-expanded=\"true\"\n                       aria-controls=\"flexAccordion-1-1-collapse\">\n                        Erasmus+ Praktika f\u00fcr Studierende und Alumni                    <\/a>\n                <\/h4>\n            <\/div>\n            <div id=\"flexAccordion-1-1-collapse\" class=\"panel-collapse collapse \" role=\"tabpanel\" aria-labelledby=\"flexAccordion-1-1-heading\">\n                <div class=\"panel-body\">\n                    <p>Studierende und Graduierte k\u00f6nnen ein Praktikum in den Erasmus+ Programml\u00e4ndern absolvieren. Dieses Praktikum kann in Unternehmen, Trainings- und Forschungseinrichtungen oder sonstigen Organisationen absolviert werden, die geeignet sind den vereinbarten Lernfortschritt f\u00fcr das jeweilige Hochschulstudium zu f\u00f6rdern und zu erm\u00f6glichen.<\/p>\n                <\/div>\n            <\/div>\n        <\/div>\n    <\/div>\n<\/div><div class=\"flex-campus-main flex-campus-main-Linklist\"><div class=\"linkcollection\">\n            <h3>Weiterf\u00fchrende Links<\/h3>\n        <p class=\"linkcollection-link\"><a class=\"\" href=\"https:\/\/www.campus02.at\/bologna-ects-2\/\" >Bologna und ECTS<\/a><\/p><p class=\"linkcollection-link\"><a class=\"\" href=\"https:\/\/www.campus02.at\/internationales\/studierendenmobilitaet\/incoming\/finanzielle-unterstuetzung-stipendien\/\" >Stipendien<\/a><\/p><p class=\"linkcollection-link\"><a class=\"\" href=\"https:\/\/www.campus02.at\/internationales\/kooperationen\/\" >Hochschulkooperationen<\/a><\/p><\/div><\/div>","protected":false},"excerpt":{"rendered":"<p>Internationales In einer zunehmend globalisierten Welt sind Menschen mit Auslandserfahrung sehr gefragt. Internationale <a href=\"https:\/\/www.campus02.at\/innovationsmanagement\/internationales\/\" class=\"more-link\">mehr&hellip;<\/a><\/p>\n","protected":false},"author":165,"featured_media":0,"parent":0,"menu_order":0,"comment_status":"closed","ping_status":"closed","template":"","meta":{"_acf_changed":false,"footnotes":""},"coauthors":[46,45],"class_list":["post-848","page","type-page","status-publish","hentry"],"acf":[],"yoast_head":"<!-- This site is optimized with the Yoast SEO plugin v26.9 - https:\/\/yoast.com\/product\/yoast-seo-wordpress\/ -->\n<title>Internationales - FH CAMPUS 02 - Innovationsmanagement<\/title>\n<meta name=\"robots\" content=\"index, follow, max-snippet:-1, max-image-preview:large, max-video-preview:-1\" \/>\n<link rel=\"canonical\" href=\"https:\/\/www.campus02.at\/innovationsmanagement\/internationales\/\" \/>\n<meta property=\"og:locale\" content=\"de_DE\" \/>\n<meta property=\"og:type\" content=\"article\" \/>\n<meta property=\"og:title\" content=\"Internationales - FH CAMPUS 02 - Innovationsmanagement\" \/>\n<meta property=\"og:description\" content=\"Internationales In einer zunehmend globalisierten Welt sind Menschen mit Auslandserfahrung sehr gefragt. Internationale mehr&hellip;\" \/>\n<meta property=\"og:url\" content=\"https:\/\/www.campus02.at\/innovationsmanagement\/internationales\/\" \/>\n<meta property=\"og:site_name\" content=\"FH CAMPUS 02 - Innovationsmanagement\" \/>\n<meta property=\"article:modified_time\" content=\"2022-07-21T08:32:13+00:00\" \/>\n<meta name=\"twitter:card\" content=\"summary_large_image\" \/>\n<meta name=\"twitter:label1\" content=\"Written by\" \/>\n\t<meta name=\"twitter:data1\" content=\"Pilch Sandra, Sandra Zettel\" \/>\n<script type=\"application\/ld+json\" class=\"yoast-schema-graph\">{\"@context\":\"https:\/\/schema.org\",\"@graph\":[{\"@type\":\"WebPage\",\"@id\":\"https:\/\/www.campus02.at\/innovationsmanagement\/internationales\/\",\"url\":\"https:\/\/www.campus02.at\/innovationsmanagement\/internationales\/\",\"name\":\"Internationales - FH CAMPUS 02 - Innovationsmanagement\",\"isPartOf\":{\"@id\":\"https:\/\/www.campus02.at\/innovationsmanagement\/#website\"},\"datePublished\":\"2016-09-11T17:14:43+00:00\",\"dateModified\":\"2022-07-21T08:32:13+00:00\",\"breadcrumb\":{\"@id\":\"https:\/\/www.campus02.at\/innovationsmanagement\/internationales\/#breadcrumb\"},\"inLanguage\":\"de\",\"potentialAction\":[{\"@type\":\"ReadAction\",\"target\":[\"https:\/\/www.campus02.at\/innovationsmanagement\/internationales\/\"]}]},{\"@type\":\"BreadcrumbList\",\"@id\":\"https:\/\/www.campus02.at\/innovationsmanagement\/internationales\/#breadcrumb\",\"itemListElement\":[{\"@type\":\"ListItem\",\"position\":1,\"name\":\"Startseite\",\"item\":\"https:\/\/www.campus02.at\/innovationsmanagement\/\"},{\"@type\":\"ListItem\",\"position\":2,\"name\":\"Internationales\"}]},{\"@type\":\"WebSite\",\"@id\":\"https:\/\/www.campus02.at\/innovationsmanagement\/#website\",\"url\":\"https:\/\/www.campus02.at\/innovationsmanagement\/\",\"name\":\"FH CAMPUS 02 - Innovationsmanagement\",\"description\":\"\",\"potentialAction\":[{\"@type\":\"SearchAction\",\"target\":{\"@type\":\"EntryPoint\",\"urlTemplate\":\"https:\/\/www.campus02.at\/innovationsmanagement\/?s={search_term_string}\"},\"query-input\":{\"@type\":\"PropertyValueSpecification\",\"valueRequired\":true,\"valueName\":\"search_term_string\"}}],\"inLanguage\":\"de\"}]}<\/script>\n<!-- \/ Yoast SEO plugin. -->","yoast_head_json":{"title":"Internationales - FH CAMPUS 02 - Innovationsmanagement","robots":{"index":"index","follow":"follow","max-snippet":"max-snippet:-1","max-image-preview":"max-image-preview:large","max-video-preview":"max-video-preview:-1"},"canonical":"https:\/\/www.campus02.at\/innovationsmanagement\/internationales\/","og_locale":"de_DE","og_type":"article","og_title":"Internationales - FH CAMPUS 02 - Innovationsmanagement","og_description":"Internationales In einer zunehmend globalisierten Welt sind Menschen mit Auslandserfahrung sehr gefragt. Internationale mehr&hellip;","og_url":"https:\/\/www.campus02.at\/innovationsmanagement\/internationales\/","og_site_name":"FH CAMPUS 02 - Innovationsmanagement","article_modified_time":"2022-07-21T08:32:13+00:00","twitter_card":"summary_large_image","twitter_misc":{"Written by":"Pilch Sandra, Sandra Zettel"},"schema":{"@context":"https:\/\/schema.org","@graph":[{"@type":"WebPage","@id":"https:\/\/www.campus02.at\/innovationsmanagement\/internationales\/","url":"https:\/\/www.campus02.at\/innovationsmanagement\/internationales\/","name":"Internationales - FH CAMPUS 02 - Innovationsmanagement","isPartOf":{"@id":"https:\/\/www.campus02.at\/innovationsmanagement\/#website"},"datePublished":"2016-09-11T17:14:43+00:00","dateModified":"2022-07-21T08:32:13+00:00","breadcrumb":{"@id":"https:\/\/www.campus02.at\/innovationsmanagement\/internationales\/#breadcrumb"},"inLanguage":"de","potentialAction":[{"@type":"ReadAction","target":["https:\/\/www.campus02.at\/innovationsmanagement\/internationales\/"]}]},{"@type":"BreadcrumbList","@id":"https:\/\/www.campus02.at\/innovationsmanagement\/internationales\/#breadcrumb","itemListElement":[{"@type":"ListItem","position":1,"name":"Startseite","item":"https:\/\/www.campus02.at\/innovationsmanagement\/"},{"@type":"ListItem","position":2,"name":"Internationales"}]},{"@type":"WebSite","@id":"https:\/\/www.campus02.at\/innovationsmanagement\/#website","url":"https:\/\/www.campus02.at\/innovationsmanagement\/","name":"FH CAMPUS 02 - Innovationsmanagement","description":"","potentialAction":[{"@type":"SearchAction","target":{"@type":"EntryPoint","urlTemplate":"https:\/\/www.campus02.at\/innovationsmanagement\/?s={search_term_string}"},"query-input":{"@type":"PropertyValueSpecification","valueRequired":true,"valueName":"search_term_string"}}],"inLanguage":"de"}]}},"_links":{"self":[{"href":"https:\/\/www.campus02.at\/innovationsmanagement\/wp-json\/wp\/v2\/pages\/848","targetHints":{"allow":["GET"]}}],"collection":[{"href":"https:\/\/www.campus02.at\/innovationsmanagement\/wp-json\/wp\/v2\/pages"}],"about":[{"href":"https:\/\/www.campus02.at\/innovationsmanagement\/wp-json\/wp\/v2\/types\/page"}],"author":[{"embeddable":true,"href":"https:\/\/www.campus02.at\/innovationsmanagement\/wp-json\/wp\/v2\/users\/165"}],"replies":[{"embeddable":true,"href":"https:\/\/www.campus02.at\/innovationsmanagement\/wp-json\/wp\/v2\/comments?post=848"}],"version-history":[{"count":7,"href":"https:\/\/www.campus02.at\/innovationsmanagement\/wp-json\/wp\/v2\/pages\/848\/revisions"}],"predecessor-version":[{"id":4495,"href":"https:\/\/www.campus02.at\/innovationsmanagement\/wp-json\/wp\/v2\/pages\/848\/revisions\/4495"}],"wp:attachment":[{"href":"https:\/\/www.campus02.at\/innovationsmanagement\/wp-json\/wp\/v2\/media?parent=848"}],"wp:term":[{"taxonomy":"author","embeddable":true,"href":"https:\/\/www.campus02.at\/innovationsmanagement\/wp-json\/wp\/v2\/coauthors?post=848"}],"curies":[{"name":"wp","href":"https:\/\/api.w.org\/{rel}","templated":true}]}}