{"id":4460,"date":"2021-12-23T20:24:39","date_gmt":"2021-12-23T19:24:39","guid":{"rendered":"https:\/\/www.campus02.at\/innovationsmanagement\/?page_id=4460"},"modified":"2022-07-21T10:33:32","modified_gmt":"2022-07-21T08:33:32","slug":"startseite-xmas","status":"publish","type":"page","link":"https:\/\/www.campus02.at\/innovationsmanagement\/startseite-xmas\/","title":{"rendered":"Startseite Xmas"},"content":{"rendered":"<div class=\"flex-campus-main flex-campus-main-Text\"><div class=\"xmas-messestand-studienrichtung\">\n[INNOXmas]\n<\/div>\n<\/div><div class=\"flex-campus-main flex-campus-main-Heading\"><h1>Innovationsmanagement<\/h1><\/div><div class=\"flex-campus-main flex-campus-main-Text\"><h2><small>&#8230; damit aus Ideen Erfolge werden!<\/small><\/h2>\n<p>Unternehmen, die sich auf dem Markt nicht nur behaupten, sondern diesen auch beherrschen wollen, setzen immer offensiver auf Innovation. Sie geben sich nicht mit dem Status Quo zufrieden, sondern streben das Ultimative an. Mit Hochdruck suchen sie nach Spezialist*innen mit Leidenschaft und K\u00f6nnen, die Innovieren als ihre Startrampe zum Erfolg begreifen.<\/p>\n<p>Folge uns auf:<\/p>\n<p><a href=\"https:\/\/www.facebook.com\/FHCAMPUS02.INNO\"><img loading=\"lazy\" decoding=\"async\" class=\"alignleft wp-image-2785\" src=\"https:\/\/www.campus02.at\/innovationsmanagement\/wp-content\/uploads\/sites\/4\/2020\/02\/facebook-icon.png\" alt=\"\" width=\"32\" height=\"37\" \/><\/a><\/p>\n<p><a href=\"https:\/\/www.instagram.com\/campus02inno\/\"><img loading=\"lazy\" decoding=\"async\" class=\"wp-image-2730 alignleft\" src=\"https:\/\/www.campus02.at\/innovationsmanagement\/wp-content\/uploads\/sites\/4\/2019\/12\/Instagram-Icon.png\" alt=\"\" width=\"33\" height=\"37\" \/><\/a><\/p>\n<p><a href=\"http:\/\/www.linkedin.com\/company\/campus02inno\"><img loading=\"lazy\" decoding=\"async\" class=\"alignleft wp-image-2743\" src=\"https:\/\/www.campus02.at\/innovationsmanagement\/wp-content\/uploads\/sites\/4\/2019\/12\/LinkedIn_Icon.png\" alt=\"\" width=\"34\" height=\"38\" \/><\/a><\/p>\n<p><a href=\"https:\/\/www.youtube.com\/neustudieren\"><img loading=\"lazy\" decoding=\"async\" loading=\"lazy\" class=\"alignleft wp-image-2789\" src=\"https:\/\/www.campus02.at\/innovationsmanagement\/wp-content\/uploads\/sites\/4\/2020\/02\/Youtube-Icon-1.png\" alt=\"\" width=\"35\" height=\"39\" \/><\/a><\/p>\n<p>&nbsp;<\/p>\n<p>&nbsp;<\/p>\n<p>&nbsp;<\/p>\n<\/div><div class=\"flex-campus-main flex-campus-main-Text\"><div style=\"position: relative; padding-top: 56.25%; height: 0;\"><iframe  style=\"position: absolute; top: 0; border: 0; width: 100%; height: 100%;\" src=\"https:\/\/www.youtube.com\/embed\/zjki9_aEtcI\" frameborder=\"0\" allowfullscreen=\"allowfullscreen\"><\/iframe><\/div>\n<\/div><div class=\"flex-campus-main flex-campus-main-Text\"><p>&nbsp;<\/p>\n<div style=\"position: relative; padding-top: 56.25%; height: 0;\"><iframe style=\"position: absolute; top: 0; border: 0; width: 100%; height: 100%;\" title=\"story embed\" src=\"https:\/\/www.whatchado.com\/de\/embeds\/videos\/campus02-michael-reiterer\"><\/iframe><\/div>\n<\/div><div class=\"flex-campus-main flex-campus-main-Testimonials\">\n    <div class=\"row flex-campus-course-testimonial\">\n        <div class=\"col-md-12\">\n                        <div class=\"testimonials\">\n                                                    <div class=\"row testimonial-item testimonial-item-mainpage\">\n                        <div class=\"col-md-12\">\n                            <div class=\"row\"><div class=\"col-md-4\"><img decoding=\"async\" src=\"https:\/\/www.campus02.at\/innovationsmanagement\/wp-content\/uploads\/sites\/4\/2021\/12\/hans-lercher-200x200.jpg\" class=\"img-responsive\" alt=\"FH-Prof. DI Dr. techn. Hans Lercher\" \/><\/div><div class=\"col-md-8 personcol text-left\"><div>FH-Prof. DI Dr. techn. Hans Lercher<\/div><div class=\"text-muted\">\u201eInnovation ist f\u00fcr uns Herzenssache: Erst systematische Innovation erm\u00f6glicht Wirtschaftswachstum, eine prosperierende Zukunft, Teilhabe an Wohlstand und Lebensqualit\u00e4t. Das gilt f\u00fcr die Region wie f\u00fcr das ganze Land, f\u00fcr Europa und die internationale Staatengemeinschaft. Daf\u00fcr braucht\u2019s treibende Kr\u00e4fte, die Ver\u00e4nderung aus Leidenschaft praktizieren.\u201c<\/div><div class=\"text-muted\">Gr\u00fcnder und Leiter der Studienrichtung Innovationsmanagement<\/div><\/div><\/div><div class=\"row\"><div class=\"col-md-12 text-left\"><div><blockquote ><\/blockquote><\/div><\/div><\/div>                        <\/div>\n                    <\/div>\n                            <\/div>\n        <\/div>\n    <\/div>\n\n<\/div><div class=\"flex-campus-main flex-campus-main-Text\"><p>Als erste Hochschule in \u00d6sterreich mit einer hundertprozentigen Ausrichtung auf \u201eInnovationsmanagement\u201c sind wir stolz auf \u00fcber 500 erfolgreiche AbsolventInnen seit der Einrichtung dieses Studiums im Jahr 2005. Zahlreiche Startups und Gr\u00fcndungen nahmen ihren Anfang im motivierenden Klima der Studienrichtung Innovationsmanagement an der FH CAMPUS 02 in Graz.<\/p>\n<\/div><div class=\"flex-campus-main flex-campus-main-Text\"><h2><a href=\"https:\/\/www.campus02.at\/innovationsmanagement\/bachelor\/\">Bachelor Innovationsmanagement<\/a><\/h2>\n<h4>SYSTEMATIC INNOVATION &#8211; Interdisziplin\u00e4res Verst\u00e4ndnis von Technik und Wirtschaft mit absoluter Fachkompetenz im systematischen Innovieren<\/h4>\n<p>Mit einem erfolgreich absolvierten Bachelorstudium Innovationsmanagement qualifizieren Sie sich als WirtschaftsingenieurIn mit der ausgepr\u00e4gten Spezialkompetenz des Innovierens. Mit diesem Fachwissen, kombiniert mit sozialen Skills, vernetztem Denken, Teamf\u00e4higkeit und interdisziplin\u00e4rer Sichtweise verf\u00fcgen Sie \u00fcber das Handwerkszeug, die Gestaltung eines neuen Produkts (oder einer Dienstleistung) \u2013 von der Idee \u00fcber die Realisierung bis zur Vermarktung \u2013 pr\u00e4gend zu begleiten. Bereits w\u00e4hrend des Studiums setzen Sie Ihr erarbeitetes Wissen in praxisorientierten Projekten um.<\/p>\n<\/div><div class=\"flex-campus-main flex-campus-main-Button\"><a class=\"btn btn-branch btn-lg btn-block\" href=\"https:\/\/www.campus02.at\/innovationsmanagement\/wp-content\/uploads\/sites\/4\/2020\/01\/LVMapBAC_2020_de_v17.pdf\" ><i class=\"fa fa-file-pdf-o\"><\/i>Download Lehrveranstaltungs\u00fcbersicht Bachelorstudium Innovationsmanagement<\/a><\/div><div class=\"flex-campus-main flex-campus-main-Button\"><a class=\"btn btn-branch btn-lg btn-block\" href=\"https:\/\/online.campus02.at\/C02online\/ee\/ui\/ca2\/app\/desktop\/#\/pl\/ui\/$ctx\/wbSelbstRegPerson.register?$ctx=design=ca2;header=max;lang=en\" target=\"_blank\"><i class=\"fa fa-external-link-square\"><\/i>Jetzt f\u00fcr das Bachelor-Studium bewerben<\/a><\/div><div class=\"flex-campus-main flex-campus-main-Text\"><h2><a href=\"https:\/\/www.campus02.at\/innovationsmanagement\/master\/\">Master Innovationsmanagement<\/a><\/h2>\n<h4>INNOVATION LEADERSHIP &#8211; Gesch\u00e4ftsmodelle und Innovationsstrategien entwickeln, umsetzen, F\u00fchrungsverantwortung \u00fcbernehmen.<\/h4>\n<p>Die Lehrinhalte des Masterstudiums orientieren sich eng an den hohen Anforderungen im gehobenen Business Management. Als Studierende\/r erwerben Sie hohe Kompetenz in strategischer Unternehmensf\u00fchrung und in der Entwicklung und Umsetzung von Innovationsstrategien innerhalb eines Unternehmens oder einer Organisation. Durch die Durchdringung der Disziplinen Business Development, Identifizierung und Nutzung von unternehmerischen Markttrends sowie die Aneignung von Methoden und Tools zur Entwicklung neuer Gesch\u00e4ftsmodelle pr\u00e4destinieren sich die AbsolventInnen dieses Masterstudiums als hochqualifizierte F\u00fchrungskr\u00e4fte. Das Masterstudium Innovationsmanagement beweist sich daher immer wieder auch als das ideale Erg\u00e4nzungsstudium f\u00fcr TechnikerInnen!<\/p>\n<\/div><div class=\"flex-campus-main flex-campus-main-Button\"><a class=\"btn btn-branch btn-lg btn-block\" href=\"https:\/\/www.campus02.at\/innovationsmanagement\/wp-content\/uploads\/sites\/4\/2020\/01\/LVMapMAS__2020_v06.pdf\" ><i class=\"fa fa-file-pdf-o\"><\/i>Download Lehrveranstaltungs\u00fcbersicht Masterstudium Innovationsmanagement<\/a><\/div><div class=\"flex-campus-main flex-campus-main-Button\"><a class=\"btn btn-branch btn-lg btn-block\" href=\"https:\/\/online.campus02.at\/C02online\/ee\/ui\/ca2\/app\/desktop\/#\/pl\/ui\/$ctx\/wbSelbstRegPerson.register?$ctx=design=ca2;header=max;lang=en\" target=\"_blank\"><i class=\"fa fa-external-link-square\"><\/i>Jetzt f\u00fcr das Masterstudium bewerben<\/a><\/div>","protected":false},"excerpt":{"rendered":"<p>[INNOXmas] Innovationsmanagement&#8230; damit aus Ideen Erfolge werden! Unternehmen, die sich auf dem Markt nicht nur <a href=\"https:\/\/www.campus02.at\/innovationsmanagement\/startseite-xmas\/\" class=\"more-link\">mehr&hellip;<\/a><\/p>\n","protected":false},"author":165,"featured_media":0,"parent":0,"menu_order":0,"comment_status":"closed","ping_status":"closed","template":"custom-frontpage-course.php","meta":{"_acf_changed":false,"footnotes":""},"coauthors":[46,45],"class_list":["post-4460","page","type-page","status-publish","hentry"],"acf":[],"yoast_head":"<!-- This site is optimized with the Yoast SEO plugin v26.9 - https:\/\/yoast.com\/product\/yoast-seo-wordpress\/ -->\n<title>FH CAMPUS 02 - Innovationsmanagement<\/title>\n<meta name=\"robots\" content=\"index, follow, max-snippet:-1, max-image-preview:large, max-video-preview:-1\" \/>\n<link rel=\"canonical\" href=\"https:\/\/www.campus02.at\/innovationsmanagement\/startseite-xmas\/\" \/>\n<meta property=\"og:locale\" content=\"de_DE\" \/>\n<meta property=\"og:type\" content=\"article\" \/>\n<meta property=\"og:title\" content=\"FH CAMPUS 02 - Innovationsmanagement\" \/>\n<meta property=\"og:description\" content=\"[INNOXmas] Innovationsmanagement&#8230; damit aus Ideen Erfolge werden! Unternehmen, die sich auf dem Markt nicht nur mehr&hellip;\" \/>\n<meta property=\"og:url\" content=\"https:\/\/www.campus02.at\/innovationsmanagement\/startseite-xmas\/\" \/>\n<meta property=\"og:site_name\" content=\"FH CAMPUS 02 - Innovationsmanagement\" \/>\n<meta property=\"article:modified_time\" content=\"2022-07-21T08:33:32+00:00\" \/>\n<meta name=\"twitter:card\" content=\"summary_large_image\" \/>\n<meta name=\"twitter:label1\" content=\"Written by\" \/>\n\t<meta name=\"twitter:data1\" content=\"Pilch Sandra, Sandra Zettel\" \/>\n<script type=\"application\/ld+json\" class=\"yoast-schema-graph\">{\"@context\":\"https:\/\/schema.org\",\"@graph\":[{\"@type\":\"WebPage\",\"@id\":\"https:\/\/www.campus02.at\/innovationsmanagement\/startseite-xmas\/\",\"url\":\"https:\/\/www.campus02.at\/innovationsmanagement\/startseite-xmas\/\",\"name\":\"FH CAMPUS 02 - Innovationsmanagement\",\"isPartOf\":{\"@id\":\"https:\/\/www.campus02.at\/innovationsmanagement\/#website\"},\"datePublished\":\"2021-12-23T19:24:39+00:00\",\"dateModified\":\"2022-07-21T08:33:32+00:00\",\"breadcrumb\":{\"@id\":\"https:\/\/www.campus02.at\/innovationsmanagement\/startseite-xmas\/#breadcrumb\"},\"inLanguage\":\"de\",\"potentialAction\":[{\"@type\":\"ReadAction\",\"target\":[\"https:\/\/www.campus02.at\/innovationsmanagement\/startseite-xmas\/\"]}]},{\"@type\":\"BreadcrumbList\",\"@id\":\"https:\/\/www.campus02.at\/innovationsmanagement\/startseite-xmas\/#breadcrumb\",\"itemListElement\":[{\"@type\":\"ListItem\",\"position\":1,\"name\":\"Startseite\",\"item\":\"https:\/\/www.campus02.at\/innovationsmanagement\/\"},{\"@type\":\"ListItem\",\"position\":2,\"name\":\"Startseite Xmas\"}]},{\"@type\":\"WebSite\",\"@id\":\"https:\/\/www.campus02.at\/innovationsmanagement\/#website\",\"url\":\"https:\/\/www.campus02.at\/innovationsmanagement\/\",\"name\":\"FH CAMPUS 02 - Innovationsmanagement\",\"description\":\"\",\"potentialAction\":[{\"@type\":\"SearchAction\",\"target\":{\"@type\":\"EntryPoint\",\"urlTemplate\":\"https:\/\/www.campus02.at\/innovationsmanagement\/?s={search_term_string}\"},\"query-input\":{\"@type\":\"PropertyValueSpecification\",\"valueRequired\":true,\"valueName\":\"search_term_string\"}}],\"inLanguage\":\"de\"}]}<\/script>\n<!-- \/ Yoast SEO plugin. -->","yoast_head_json":{"title":"FH CAMPUS 02 - Innovationsmanagement","robots":{"index":"index","follow":"follow","max-snippet":"max-snippet:-1","max-image-preview":"max-image-preview:large","max-video-preview":"max-video-preview:-1"},"canonical":"https:\/\/www.campus02.at\/innovationsmanagement\/startseite-xmas\/","og_locale":"de_DE","og_type":"article","og_title":"FH CAMPUS 02 - Innovationsmanagement","og_description":"[INNOXmas] Innovationsmanagement&#8230; damit aus Ideen Erfolge werden! Unternehmen, die sich auf dem Markt nicht nur mehr&hellip;","og_url":"https:\/\/www.campus02.at\/innovationsmanagement\/startseite-xmas\/","og_site_name":"FH CAMPUS 02 - Innovationsmanagement","article_modified_time":"2022-07-21T08:33:32+00:00","twitter_card":"summary_large_image","twitter_misc":{"Written by":"Pilch Sandra, Sandra Zettel"},"schema":{"@context":"https:\/\/schema.org","@graph":[{"@type":"WebPage","@id":"https:\/\/www.campus02.at\/innovationsmanagement\/startseite-xmas\/","url":"https:\/\/www.campus02.at\/innovationsmanagement\/startseite-xmas\/","name":"FH CAMPUS 02 - Innovationsmanagement","isPartOf":{"@id":"https:\/\/www.campus02.at\/innovationsmanagement\/#website"},"datePublished":"2021-12-23T19:24:39+00:00","dateModified":"2022-07-21T08:33:32+00:00","breadcrumb":{"@id":"https:\/\/www.campus02.at\/innovationsmanagement\/startseite-xmas\/#breadcrumb"},"inLanguage":"de","potentialAction":[{"@type":"ReadAction","target":["https:\/\/www.campus02.at\/innovationsmanagement\/startseite-xmas\/"]}]},{"@type":"BreadcrumbList","@id":"https:\/\/www.campus02.at\/innovationsmanagement\/startseite-xmas\/#breadcrumb","itemListElement":[{"@type":"ListItem","position":1,"name":"Startseite","item":"https:\/\/www.campus02.at\/innovationsmanagement\/"},{"@type":"ListItem","position":2,"name":"Startseite Xmas"}]},{"@type":"WebSite","@id":"https:\/\/www.campus02.at\/innovationsmanagement\/#website","url":"https:\/\/www.campus02.at\/innovationsmanagement\/","name":"FH CAMPUS 02 - Innovationsmanagement","description":"","potentialAction":[{"@type":"SearchAction","target":{"@type":"EntryPoint","urlTemplate":"https:\/\/www.campus02.at\/innovationsmanagement\/?s={search_term_string}"},"query-input":{"@type":"PropertyValueSpecification","valueRequired":true,"valueName":"search_term_string"}}],"inLanguage":"de"}]}},"_links":{"self":[{"href":"https:\/\/www.campus02.at\/innovationsmanagement\/wp-json\/wp\/v2\/pages\/4460","targetHints":{"allow":["GET"]}}],"collection":[{"href":"https:\/\/www.campus02.at\/innovationsmanagement\/wp-json\/wp\/v2\/pages"}],"about":[{"href":"https:\/\/www.campus02.at\/innovationsmanagement\/wp-json\/wp\/v2\/types\/page"}],"author":[{"embeddable":true,"href":"https:\/\/www.campus02.at\/innovationsmanagement\/wp-json\/wp\/v2\/users\/165"}],"replies":[{"embeddable":true,"href":"https:\/\/www.campus02.at\/innovationsmanagement\/wp-json\/wp\/v2\/comments?post=4460"}],"version-history":[{"count":2,"href":"https:\/\/www.campus02.at\/innovationsmanagement\/wp-json\/wp\/v2\/pages\/4460\/revisions"}],"predecessor-version":[{"id":4462,"href":"https:\/\/www.campus02.at\/innovationsmanagement\/wp-json\/wp\/v2\/pages\/4460\/revisions\/4462"}],"wp:attachment":[{"href":"https:\/\/www.campus02.at\/innovationsmanagement\/wp-json\/wp\/v2\/media?parent=4460"}],"wp:term":[{"taxonomy":"author","embeddable":true,"href":"https:\/\/www.campus02.at\/innovationsmanagement\/wp-json\/wp\/v2\/coauthors?post=4460"}],"curies":[{"name":"wp","href":"https:\/\/api.w.org\/{rel}","templated":true}]}}