{"id":4234,"date":"2021-06-25T13:58:05","date_gmt":"2021-06-25T11:58:05","guid":{"rendered":"https:\/\/www.campus02.at\/innovationsmanagement\/?page_id=4234"},"modified":"2021-06-25T14:03:45","modified_gmt":"2021-06-25T12:03:45","slug":"von-der-idee-zum-prototyp-maker-spaces-in-graz","status":"publish","type":"page","link":"https:\/\/www.campus02.at\/innovationsmanagement\/bachelor\/von-der-idee-zum-prototyp-maker-spaces-in-graz\/","title":{"rendered":"Von der Idee zum Prototyp \u2013 Maker Spaces in Graz"},"content":{"rendered":"<div class=\"flex-campus-main flex-campus-main-Heading\"><h1>Von der Idee zum Prototyp <\/h1><\/div><div class=\"flex-campus-main flex-campus-main-Heading\"><h2>Maker Spaces in Graz  <\/h2><\/div><div class=\"flex-campus-main flex-campus-main-Text\"><p>Die Studienrichtung Innovationsmanagement begleitet ihre Studierenden von der Ideenfindung bis zur Markteinf\u00fchrung. Dabei ist die rasche und unkomplizierte Erstellung eines Prototyps ein wichtiger Erfolgsfaktor. Damit die Umsetzung der eigenen Idee keine H\u00fcrde im Innovationsprozess darstellt, haben wir also die wichtigsten Informationen \u00fcber alle Maker Spaces und Werkst\u00e4tten im Raum Graz in der unten stehenden Liste zusammengefasst.<\/p>\n<p>Ist ein Maker Space, den Sie kennen noch nicht enthalten? Dann bitten wir Sie um ein Mail an\u00a0<a href=\"mailto:inno@campus02.at\">inno@campus02.at<\/a><\/p>\n<\/div><div class=\"flex-campus-main flex-campus-main-Linklist\"><div class=\"linkcollection\">\n        <p class=\"linkcollection-link\"><a class=\"\" href=\"https:\/\/www.campus02.at\/innovationsmanagement\/wp-content\/uploads\/sites\/4\/2021\/06\/MakerSpaces_Graz_fin.pdf\" ><i class=\"fa fa-file-pdf-o\"><\/i>Maker Spaces in Graz  <\/a><\/p><\/div><\/div>","protected":false},"excerpt":{"rendered":"<p>Von der Idee zum Prototyp Maker Spaces in Graz Die Studienrichtung Innovationsmanagement begleitet ihre Studierenden von der <a href=\"https:\/\/www.campus02.at\/innovationsmanagement\/bachelor\/von-der-idee-zum-prototyp-maker-spaces-in-graz\/\" class=\"more-link\">mehr&hellip;<\/a><\/p>\n","protected":false},"author":135,"featured_media":0,"parent":5,"menu_order":0,"comment_status":"closed","ping_status":"closed","template":"","meta":{"_acf_changed":false,"footnotes":""},"coauthors":[41],"class_list":["post-4234","page","type-page","status-publish","hentry"],"acf":[],"yoast_head":"<!-- This site is optimized with the Yoast SEO plugin v26.9 - https:\/\/yoast.com\/product\/yoast-seo-wordpress\/ -->\n<title>Von der Idee zum Prototyp \u2013 Maker Spaces in Graz - FH CAMPUS 02 - Innovationsmanagement<\/title>\n<meta name=\"robots\" content=\"index, follow, max-snippet:-1, max-image-preview:large, max-video-preview:-1\" \/>\n<link rel=\"canonical\" href=\"https:\/\/www.campus02.at\/innovationsmanagement\/bachelor\/von-der-idee-zum-prototyp-maker-spaces-in-graz\/\" \/>\n<meta property=\"og:locale\" content=\"de_DE\" \/>\n<meta property=\"og:type\" content=\"article\" \/>\n<meta property=\"og:title\" content=\"Von der Idee zum Prototyp \u2013 Maker Spaces in Graz - FH CAMPUS 02 - Innovationsmanagement\" \/>\n<meta property=\"og:description\" content=\"Von der Idee zum Prototyp Maker Spaces in Graz Die Studienrichtung Innovationsmanagement begleitet ihre Studierenden von der mehr&hellip;\" \/>\n<meta property=\"og:url\" content=\"https:\/\/www.campus02.at\/innovationsmanagement\/bachelor\/von-der-idee-zum-prototyp-maker-spaces-in-graz\/\" \/>\n<meta property=\"og:site_name\" content=\"FH CAMPUS 02 - Innovationsmanagement\" \/>\n<meta property=\"article:modified_time\" content=\"2021-06-25T12:03:45+00:00\" \/>\n<meta name=\"twitter:card\" content=\"summary_large_image\" \/>\n<script type=\"application\/ld+json\" class=\"yoast-schema-graph\">{\"@context\":\"https:\/\/schema.org\",\"@graph\":[{\"@type\":\"WebPage\",\"@id\":\"https:\/\/www.campus02.at\/innovationsmanagement\/bachelor\/von-der-idee-zum-prototyp-maker-spaces-in-graz\/\",\"url\":\"https:\/\/www.campus02.at\/innovationsmanagement\/bachelor\/von-der-idee-zum-prototyp-maker-spaces-in-graz\/\",\"name\":\"Von der Idee zum Prototyp \u2013 Maker Spaces in Graz - FH CAMPUS 02 - Innovationsmanagement\",\"isPartOf\":{\"@id\":\"https:\/\/www.campus02.at\/innovationsmanagement\/#website\"},\"datePublished\":\"2021-06-25T11:58:05+00:00\",\"dateModified\":\"2021-06-25T12:03:45+00:00\",\"breadcrumb\":{\"@id\":\"https:\/\/www.campus02.at\/innovationsmanagement\/bachelor\/von-der-idee-zum-prototyp-maker-spaces-in-graz\/#breadcrumb\"},\"inLanguage\":\"de\",\"potentialAction\":[{\"@type\":\"ReadAction\",\"target\":[\"https:\/\/www.campus02.at\/innovationsmanagement\/bachelor\/von-der-idee-zum-prototyp-maker-spaces-in-graz\/\"]}]},{\"@type\":\"BreadcrumbList\",\"@id\":\"https:\/\/www.campus02.at\/innovationsmanagement\/bachelor\/von-der-idee-zum-prototyp-maker-spaces-in-graz\/#breadcrumb\",\"itemListElement\":[{\"@type\":\"ListItem\",\"position\":1,\"name\":\"Startseite\",\"item\":\"https:\/\/www.campus02.at\/innovationsmanagement\/\"},{\"@type\":\"ListItem\",\"position\":2,\"name\":\"Bachelor\",\"item\":\"https:\/\/www.campus02.at\/innovationsmanagement\/bachelor\/\"},{\"@type\":\"ListItem\",\"position\":3,\"name\":\"Von der Idee zum Prototyp \u2013 Maker Spaces in Graz\"}]},{\"@type\":\"WebSite\",\"@id\":\"https:\/\/www.campus02.at\/innovationsmanagement\/#website\",\"url\":\"https:\/\/www.campus02.at\/innovationsmanagement\/\",\"name\":\"FH CAMPUS 02 - Innovationsmanagement\",\"description\":\"\",\"potentialAction\":[{\"@type\":\"SearchAction\",\"target\":{\"@type\":\"EntryPoint\",\"urlTemplate\":\"https:\/\/www.campus02.at\/innovationsmanagement\/?s={search_term_string}\"},\"query-input\":{\"@type\":\"PropertyValueSpecification\",\"valueRequired\":true,\"valueName\":\"search_term_string\"}}],\"inLanguage\":\"de\"}]}<\/script>\n<!-- \/ Yoast SEO plugin. -->","yoast_head_json":{"title":"Von der Idee zum Prototyp \u2013 Maker Spaces in Graz - FH CAMPUS 02 - Innovationsmanagement","robots":{"index":"index","follow":"follow","max-snippet":"max-snippet:-1","max-image-preview":"max-image-preview:large","max-video-preview":"max-video-preview:-1"},"canonical":"https:\/\/www.campus02.at\/innovationsmanagement\/bachelor\/von-der-idee-zum-prototyp-maker-spaces-in-graz\/","og_locale":"de_DE","og_type":"article","og_title":"Von der Idee zum Prototyp \u2013 Maker Spaces in Graz - FH CAMPUS 02 - Innovationsmanagement","og_description":"Von der Idee zum Prototyp Maker Spaces in Graz Die Studienrichtung Innovationsmanagement begleitet ihre Studierenden von der mehr&hellip;","og_url":"https:\/\/www.campus02.at\/innovationsmanagement\/bachelor\/von-der-idee-zum-prototyp-maker-spaces-in-graz\/","og_site_name":"FH CAMPUS 02 - Innovationsmanagement","article_modified_time":"2021-06-25T12:03:45+00:00","twitter_card":"summary_large_image","schema":{"@context":"https:\/\/schema.org","@graph":[{"@type":"WebPage","@id":"https:\/\/www.campus02.at\/innovationsmanagement\/bachelor\/von-der-idee-zum-prototyp-maker-spaces-in-graz\/","url":"https:\/\/www.campus02.at\/innovationsmanagement\/bachelor\/von-der-idee-zum-prototyp-maker-spaces-in-graz\/","name":"Von der Idee zum Prototyp \u2013 Maker Spaces in Graz - FH CAMPUS 02 - Innovationsmanagement","isPartOf":{"@id":"https:\/\/www.campus02.at\/innovationsmanagement\/#website"},"datePublished":"2021-06-25T11:58:05+00:00","dateModified":"2021-06-25T12:03:45+00:00","breadcrumb":{"@id":"https:\/\/www.campus02.at\/innovationsmanagement\/bachelor\/von-der-idee-zum-prototyp-maker-spaces-in-graz\/#breadcrumb"},"inLanguage":"de","potentialAction":[{"@type":"ReadAction","target":["https:\/\/www.campus02.at\/innovationsmanagement\/bachelor\/von-der-idee-zum-prototyp-maker-spaces-in-graz\/"]}]},{"@type":"BreadcrumbList","@id":"https:\/\/www.campus02.at\/innovationsmanagement\/bachelor\/von-der-idee-zum-prototyp-maker-spaces-in-graz\/#breadcrumb","itemListElement":[{"@type":"ListItem","position":1,"name":"Startseite","item":"https:\/\/www.campus02.at\/innovationsmanagement\/"},{"@type":"ListItem","position":2,"name":"Bachelor","item":"https:\/\/www.campus02.at\/innovationsmanagement\/bachelor\/"},{"@type":"ListItem","position":3,"name":"Von der Idee zum Prototyp \u2013 Maker Spaces in Graz"}]},{"@type":"WebSite","@id":"https:\/\/www.campus02.at\/innovationsmanagement\/#website","url":"https:\/\/www.campus02.at\/innovationsmanagement\/","name":"FH CAMPUS 02 - Innovationsmanagement","description":"","potentialAction":[{"@type":"SearchAction","target":{"@type":"EntryPoint","urlTemplate":"https:\/\/www.campus02.at\/innovationsmanagement\/?s={search_term_string}"},"query-input":{"@type":"PropertyValueSpecification","valueRequired":true,"valueName":"search_term_string"}}],"inLanguage":"de"}]}},"_links":{"self":[{"href":"https:\/\/www.campus02.at\/innovationsmanagement\/wp-json\/wp\/v2\/pages\/4234","targetHints":{"allow":["GET"]}}],"collection":[{"href":"https:\/\/www.campus02.at\/innovationsmanagement\/wp-json\/wp\/v2\/pages"}],"about":[{"href":"https:\/\/www.campus02.at\/innovationsmanagement\/wp-json\/wp\/v2\/types\/page"}],"author":[{"embeddable":true,"href":"https:\/\/www.campus02.at\/innovationsmanagement\/wp-json\/wp\/v2\/users\/135"}],"replies":[{"embeddable":true,"href":"https:\/\/www.campus02.at\/innovationsmanagement\/wp-json\/wp\/v2\/comments?post=4234"}],"version-history":[{"count":5,"href":"https:\/\/www.campus02.at\/innovationsmanagement\/wp-json\/wp\/v2\/pages\/4234\/revisions"}],"predecessor-version":[{"id":4241,"href":"https:\/\/www.campus02.at\/innovationsmanagement\/wp-json\/wp\/v2\/pages\/4234\/revisions\/4241"}],"up":[{"embeddable":true,"href":"https:\/\/www.campus02.at\/innovationsmanagement\/wp-json\/wp\/v2\/pages\/5"}],"wp:attachment":[{"href":"https:\/\/www.campus02.at\/innovationsmanagement\/wp-json\/wp\/v2\/media?parent=4234"}],"wp:term":[{"taxonomy":"author","embeddable":true,"href":"https:\/\/www.campus02.at\/innovationsmanagement\/wp-json\/wp\/v2\/coauthors?post=4234"}],"curies":[{"name":"wp","href":"https:\/\/api.w.org\/{rel}","templated":true}]}}