{"id":9580,"date":"2023-10-17T10:28:56","date_gmt":"2023-10-17T08:28:56","guid":{"rendered":"https:\/\/www.campus02.at\/hochschuldidaktik\/?page_id=9580"},"modified":"2024-09-27T14:31:42","modified_gmt":"2024-09-27T12:31:42","slug":"das-interaktive-buch-zur-aufbereitung-von-lehrinhalten","status":"publish","type":"page","link":"https:\/\/www.campus02.at\/hochschuldidaktik\/erfolgsgeschichten\/gastkommentar\/das-interaktive-buch-zur-aufbereitung-von-lehrinhalten\/","title":{"rendered":"Das interaktive Buch zur Aufbereitung von Lehrinhalten"},"content":{"rendered":"<div class=\"flex-campus-main flex-campus-main-Text\"><h3>Das interaktive Buch zur Aufbereitung von Lehrinhalten<\/h3>\n<p>Autorin: Anna Waldner<\/p>\n<p>F\u00fcr die Lehrveranstaltung \u201eAccounting Cases\u201c, welche ich gemeinsam mit G\u00fcnter Zullus und Gregor Reautschnig im ersten Semester Master halte, haben wir uns dazu entschlossen Lernunterlagen mit dem interaktiven Buch in Moodle aufzubereiten. Ziel der Lehrveranstaltung ist es, dass Studierende nach Absolvierung wesentliche Instrumente des Controllings praktisch anwenden und Finanzberichte erstellen und interpretieren k\u00f6nnen. Die Herausforderung in dieser Lehrveranstaltung f\u00fcr uns Lehrenden ist es, diejenigen Studierenden, welche in ihrem Bachelor weniger Lehrinhalte in diesen Bereichen hatten, nicht zu \u00fcberfordern und die Studierenden mit viel Vorwissen nicht zu langweilen.<\/p>\n<p>Das Interaktive Buch in Moodle kann dazu beitragen, die Herausforderungen einer heterogenen Gruppe zu bew\u00e4ltigen. Die Studierenden k\u00f6nnen in ihrem eigenen Tempo durch das interaktive Buch navigieren und bei Bedarf k\u00f6nnen sie durch die direkt verlinkten B\u00fccher der Bibliothek die Lehrinhalte weiter vertiefen. Mit dem Interaktiven Buch von Moodle k\u00f6nnen nicht nur Texte, sondern auch Videos, Bilder, Audio-Dateien, Image Hotspots und andere multimediale Elemente eingebunden werden. Das macht den Lernprozess vielf\u00e4ltiger und ansprechender. Dies spricht unterschiedliche Lernstile an und erm\u00f6glicht es den Lernenden, auf verschiedenste Weisen zu lernen. Studierende k\u00f6nnen direkt im Buch interagieren. Dies kann beispielsweise durch Wahr oder Falsch, Multiple Choice oder Drag and Drop Fragen gemacht werden, oder aber auch durch Bildwahl oder durch Verlinkungen zu anderen Ressourcen geschehen. Das f\u00f6rdert die aktive Beteiligung und das eigenst\u00e4ndige Lernen. Lernmaterialien sind rund um die Uhr und von \u00fcberall aus zug\u00e4nglich, vorausgesetzt nat\u00fcrlich es steht ein internetf\u00e4higes Ger\u00e4t zur Verf\u00fcgung. Zus\u00e4tzlich k\u00f6nnen eingebaute Feedback-Mechanismen genutzt werden, um den Fortschritt der Studierenden zu \u00fcberwachen und ihnen sofortiges Feedback zu geben. Die Studierenden k\u00f6nnen ihren Lernfortschritt \u00fcberwachen und es erm\u00f6glicht ihnen zu verstehen, in welchen Bereichen sie zus\u00e4tzliche Informationen ben\u00f6tigen. Ein weiterer Vorteil ist, dass man leicht Anpassungen vornehmen kann.<\/p>\n<p>Als negativ ist anzumerken, dass die Erstellung viel Zeit in Anspruch nimmt und so \u00fcbersichtlich und schick das fertige Interaktive Buch auch ist, die Erstellung ist es nicht.<\/p>\n<p>Die Anlage eines Interaktiven Buches in Moodle befindet sich bei der Navigationsleiste unter \u201eMehr\u201c beim Inhaltsspeicher. Im Inhaltsspeicher kann unter Hinzuf\u00fcgen das Interaktive Buch ausgew\u00e4hlt werden.<\/p>\n<p><img fetchpriority=\"high\" decoding=\"async\" fetchpriority=\"high\" class=\"alignnone size-full wp-image-9582\" src=\"https:\/\/www.campus02.at\/hochschuldidaktik\/wp-content\/uploads\/sites\/20\/2023\/10\/Inhaltsspeicher-Waldner.png\" alt=\"\" width=\"605\" height=\"124\" srcset=\"https:\/\/www.campus02.at\/hochschuldidaktik\/wp-content\/uploads\/sites\/20\/2023\/10\/Inhaltsspeicher-Waldner.png 605w, https:\/\/www.campus02.at\/hochschuldidaktik\/wp-content\/uploads\/sites\/20\/2023\/10\/Inhaltsspeicher-Waldner-300x61.png 300w\" sizes=\"(max-width: 605px) 100vw, 605px\" \/><\/p>\n<p>Im Bild sieht man ein Beispiel f\u00fcr ein Interaktive Buch. Links befindet sich eine Navigationsleiste, um schnell zwischen den Kapiteln zu wechseln. Im Inhaltsteil ist eine Drag and Drop Interaktion zu sehen.<\/p>\n<p><img loading=\"lazy\" decoding=\"async\" class=\"alignnone size-full wp-image-9581\" src=\"https:\/\/www.campus02.at\/hochschuldidaktik\/wp-content\/uploads\/sites\/20\/2023\/10\/Example.png\" alt=\"\" width=\"605\" height=\"263\" srcset=\"https:\/\/www.campus02.at\/hochschuldidaktik\/wp-content\/uploads\/sites\/20\/2023\/10\/Example.png 605w, https:\/\/www.campus02.at\/hochschuldidaktik\/wp-content\/uploads\/sites\/20\/2023\/10\/Example-300x130.png 300w\" sizes=\"(max-width: 605px) 100vw, 605px\" \/><\/p>\n<p>Alles in allem bieten interaktive B\u00fccher in Moodle eine moderne, abwechslungsreiche und effektive M\u00f6glichkeit, Lehrinhalte zu pr\u00e4sentieren und den Lernprozess zu verbessern.<\/p>\n<h3><\/h3>\n<h3>\u00dcBER DIE AUTORIN<\/h3>\n<p>Anna Waldner ist seit zwei Jahren hauptberufliche Lektorin am Department \u201eRechnungswesen &amp; Controlling\u201c. Ihre Lehrveranstaltungen umfassen Bilanzierung und Bilanzsteuerrecht, Bilanzierung nach IAS\/IFRS, Investitionsentscheidungen, Accounting Cases und Unternehmensbewertung.<\/p>\n<p><img loading=\"lazy\" decoding=\"async\" class=\"alignnone size-medium wp-image-9583\" src=\"https:\/\/www.campus02.at\/hochschuldidaktik\/wp-content\/uploads\/sites\/20\/2023\/10\/Anna-Waldner-300x200.jpg\" alt=\"\" width=\"300\" height=\"200\" srcset=\"https:\/\/www.campus02.at\/hochschuldidaktik\/wp-content\/uploads\/sites\/20\/2023\/10\/Anna-Waldner-300x200.jpg 300w, https:\/\/www.campus02.at\/hochschuldidaktik\/wp-content\/uploads\/sites\/20\/2023\/10\/Anna-Waldner-1024x683.jpg 1024w, https:\/\/www.campus02.at\/hochschuldidaktik\/wp-content\/uploads\/sites\/20\/2023\/10\/Anna-Waldner-768x512.jpg 768w, https:\/\/www.campus02.at\/hochschuldidaktik\/wp-content\/uploads\/sites\/20\/2023\/10\/Anna-Waldner-1536x1024.jpg 1536w, https:\/\/www.campus02.at\/hochschuldidaktik\/wp-content\/uploads\/sites\/20\/2023\/10\/Anna-Waldner-2048x1366.jpg 2048w, https:\/\/www.campus02.at\/hochschuldidaktik\/wp-content\/uploads\/sites\/20\/2023\/10\/Anna-Waldner-1920x1280.jpg 1920w\" sizes=\"(max-width: 300px) 100vw, 300px\" \/><\/p>\n<\/div>","protected":false},"excerpt":{"rendered":"<p>Das interaktive Buch zur Aufbereitung von Lehrinhalten Autorin: Anna Waldner F\u00fcr die Lehrveranstaltung \u201eAccounting Cases\u201c, <a href=\"https:\/\/www.campus02.at\/hochschuldidaktik\/erfolgsgeschichten\/gastkommentar\/das-interaktive-buch-zur-aufbereitung-von-lehrinhalten\/\" class=\"more-link\">mehr&hellip;<\/a><\/p>\n","protected":false},"author":183,"featured_media":9581,"parent":4272,"menu_order":5,"comment_status":"closed","ping_status":"closed","template":"","meta":{"_acf_changed":false,"footnotes":""},"coauthors":[62],"class_list":["post-9580","page","type-page","status-publish","has-post-thumbnail","hentry"],"acf":[],"yoast_head":"<!-- This site is optimized with the Yoast SEO plugin v26.9 - https:\/\/yoast.com\/product\/yoast-seo-wordpress\/ -->\n<title>Das interaktive Buch zur Aufbereitung von Lehrinhalten - Zentrum f\u00fcr Hochschuldidaktik (Campus02)<\/title>\n<meta name=\"robots\" content=\"index, follow, max-snippet:-1, max-image-preview:large, max-video-preview:-1\" \/>\n<link rel=\"canonical\" href=\"https:\/\/www.campus02.at\/hochschuldidaktik\/erfolgsgeschichten\/gastkommentar\/das-interaktive-buch-zur-aufbereitung-von-lehrinhalten\/\" \/>\n<meta property=\"og:locale\" content=\"de_DE\" \/>\n<meta property=\"og:type\" content=\"article\" \/>\n<meta property=\"og:title\" content=\"Das interaktive Buch zur Aufbereitung von Lehrinhalten - Zentrum f\u00fcr Hochschuldidaktik (Campus02)\" \/>\n<meta property=\"og:description\" content=\"Das interaktive Buch zur Aufbereitung von Lehrinhalten Autorin: Anna Waldner F\u00fcr die Lehrveranstaltung \u201eAccounting Cases\u201c, mehr&hellip;\" \/>\n<meta property=\"og:url\" content=\"https:\/\/www.campus02.at\/hochschuldidaktik\/erfolgsgeschichten\/gastkommentar\/das-interaktive-buch-zur-aufbereitung-von-lehrinhalten\/\" \/>\n<meta property=\"og:site_name\" content=\"Zentrum f\u00fcr Hochschuldidaktik (Campus02)\" \/>\n<meta property=\"article:modified_time\" content=\"2024-09-27T12:31:42+00:00\" \/>\n<meta property=\"og:image\" content=\"https:\/\/www.campus02.at\/hochschuldidaktik\/wp-content\/uploads\/sites\/20\/2023\/10\/Example.png\" \/>\n\t<meta property=\"og:image:width\" content=\"605\" \/>\n\t<meta property=\"og:image:height\" content=\"263\" \/>\n\t<meta property=\"og:image:type\" content=\"image\/png\" \/>\n<meta name=\"twitter:card\" content=\"summary_large_image\" \/>\n<meta name=\"twitter:label1\" content=\"Written by\" \/>\n\t<meta name=\"twitter:data1\" content=\"Egger Christina\" \/>\n<script type=\"application\/ld+json\" class=\"yoast-schema-graph\">{\"@context\":\"https:\/\/schema.org\",\"@graph\":[{\"@type\":\"WebPage\",\"@id\":\"https:\/\/www.campus02.at\/hochschuldidaktik\/erfolgsgeschichten\/gastkommentar\/das-interaktive-buch-zur-aufbereitung-von-lehrinhalten\/\",\"url\":\"https:\/\/www.campus02.at\/hochschuldidaktik\/erfolgsgeschichten\/gastkommentar\/das-interaktive-buch-zur-aufbereitung-von-lehrinhalten\/\",\"name\":\"Das interaktive Buch zur Aufbereitung von Lehrinhalten - Zentrum f\u00fcr Hochschuldidaktik (Campus02)\",\"isPartOf\":{\"@id\":\"https:\/\/www.campus02.at\/hochschuldidaktik\/#website\"},\"primaryImageOfPage\":{\"@id\":\"https:\/\/www.campus02.at\/hochschuldidaktik\/erfolgsgeschichten\/gastkommentar\/das-interaktive-buch-zur-aufbereitung-von-lehrinhalten\/#primaryimage\"},\"image\":{\"@id\":\"https:\/\/www.campus02.at\/hochschuldidaktik\/erfolgsgeschichten\/gastkommentar\/das-interaktive-buch-zur-aufbereitung-von-lehrinhalten\/#primaryimage\"},\"thumbnailUrl\":\"https:\/\/www.campus02.at\/hochschuldidaktik\/wp-content\/uploads\/sites\/20\/2023\/10\/Example.png\",\"datePublished\":\"2023-10-17T08:28:56+00:00\",\"dateModified\":\"2024-09-27T12:31:42+00:00\",\"breadcrumb\":{\"@id\":\"https:\/\/www.campus02.at\/hochschuldidaktik\/erfolgsgeschichten\/gastkommentar\/das-interaktive-buch-zur-aufbereitung-von-lehrinhalten\/#breadcrumb\"},\"inLanguage\":\"de\",\"potentialAction\":[{\"@type\":\"ReadAction\",\"target\":[\"https:\/\/www.campus02.at\/hochschuldidaktik\/erfolgsgeschichten\/gastkommentar\/das-interaktive-buch-zur-aufbereitung-von-lehrinhalten\/\"]}]},{\"@type\":\"ImageObject\",\"inLanguage\":\"de\",\"@id\":\"https:\/\/www.campus02.at\/hochschuldidaktik\/erfolgsgeschichten\/gastkommentar\/das-interaktive-buch-zur-aufbereitung-von-lehrinhalten\/#primaryimage\",\"url\":\"https:\/\/www.campus02.at\/hochschuldidaktik\/wp-content\/uploads\/sites\/20\/2023\/10\/Example.png\",\"contentUrl\":\"https:\/\/www.campus02.at\/hochschuldidaktik\/wp-content\/uploads\/sites\/20\/2023\/10\/Example.png\",\"width\":605,\"height\":263,\"caption\":\"Finazierung\"},{\"@type\":\"BreadcrumbList\",\"@id\":\"https:\/\/www.campus02.at\/hochschuldidaktik\/erfolgsgeschichten\/gastkommentar\/das-interaktive-buch-zur-aufbereitung-von-lehrinhalten\/#breadcrumb\",\"itemListElement\":[{\"@type\":\"ListItem\",\"position\":1,\"name\":\"Startseite\",\"item\":\"https:\/\/www.campus02.at\/hochschuldidaktik\/\"},{\"@type\":\"ListItem\",\"position\":2,\"name\":\"Erfolgsgeschichten\",\"item\":\"https:\/\/www.campus02.at\/hochschuldidaktik\/erfolgsgeschichten\/\"},{\"@type\":\"ListItem\",\"position\":3,\"name\":\"Stimmen aus der Lehre\",\"item\":\"https:\/\/www.campus02.at\/hochschuldidaktik\/erfolgsgeschichten\/gastkommentar\/\"},{\"@type\":\"ListItem\",\"position\":4,\"name\":\"Das interaktive Buch zur Aufbereitung von Lehrinhalten\"}]},{\"@type\":\"WebSite\",\"@id\":\"https:\/\/www.campus02.at\/hochschuldidaktik\/#website\",\"url\":\"https:\/\/www.campus02.at\/hochschuldidaktik\/\",\"name\":\"Zentrum f\u00fcr Hochschuldidaktik (Campus02)\",\"description\":\"Eine weitere Campus02 Website\",\"publisher\":{\"@id\":\"https:\/\/www.campus02.at\/hochschuldidaktik\/#organization\"},\"potentialAction\":[{\"@type\":\"SearchAction\",\"target\":{\"@type\":\"EntryPoint\",\"urlTemplate\":\"https:\/\/www.campus02.at\/hochschuldidaktik\/?s={search_term_string}\"},\"query-input\":{\"@type\":\"PropertyValueSpecification\",\"valueRequired\":true,\"valueName\":\"search_term_string\"}}],\"inLanguage\":\"de\"},{\"@type\":\"Organization\",\"@id\":\"https:\/\/www.campus02.at\/hochschuldidaktik\/#organization\",\"name\":\"Zentrum f\u00fcr Hochschuldidaktik (Campus02)\",\"url\":\"https:\/\/www.campus02.at\/hochschuldidaktik\/\",\"logo\":{\"@type\":\"ImageObject\",\"inLanguage\":\"de\",\"@id\":\"https:\/\/www.campus02.at\/hochschuldidaktik\/#\/schema\/logo\/image\/\",\"url\":\"https:\/\/www.campus02.at\/hochschuldidaktik\/wp-content\/uploads\/sites\/20\/2023\/01\/logo-campus02.svg\",\"contentUrl\":\"https:\/\/www.campus02.at\/hochschuldidaktik\/wp-content\/uploads\/sites\/20\/2023\/01\/logo-campus02.svg\",\"width\":770,\"height\":249,\"caption\":\"Zentrum f\u00fcr Hochschuldidaktik (Campus02)\"},\"image\":{\"@id\":\"https:\/\/www.campus02.at\/hochschuldidaktik\/#\/schema\/logo\/image\/\"}}]}<\/script>\n<!-- \/ Yoast SEO plugin. -->","yoast_head_json":{"title":"Das interaktive Buch zur Aufbereitung von Lehrinhalten - Zentrum f\u00fcr Hochschuldidaktik (Campus02)","robots":{"index":"index","follow":"follow","max-snippet":"max-snippet:-1","max-image-preview":"max-image-preview:large","max-video-preview":"max-video-preview:-1"},"canonical":"https:\/\/www.campus02.at\/hochschuldidaktik\/erfolgsgeschichten\/gastkommentar\/das-interaktive-buch-zur-aufbereitung-von-lehrinhalten\/","og_locale":"de_DE","og_type":"article","og_title":"Das interaktive Buch zur Aufbereitung von Lehrinhalten - Zentrum f\u00fcr Hochschuldidaktik (Campus02)","og_description":"Das interaktive Buch zur Aufbereitung von Lehrinhalten Autorin: Anna Waldner F\u00fcr die Lehrveranstaltung \u201eAccounting Cases\u201c, mehr&hellip;","og_url":"https:\/\/www.campus02.at\/hochschuldidaktik\/erfolgsgeschichten\/gastkommentar\/das-interaktive-buch-zur-aufbereitung-von-lehrinhalten\/","og_site_name":"Zentrum f\u00fcr Hochschuldidaktik (Campus02)","article_modified_time":"2024-09-27T12:31:42+00:00","og_image":[{"width":605,"height":263,"url":"https:\/\/www.campus02.at\/hochschuldidaktik\/wp-content\/uploads\/sites\/20\/2023\/10\/Example.png","type":"image\/png"}],"twitter_card":"summary_large_image","twitter_misc":{"Written by":"Egger Christina"},"schema":{"@context":"https:\/\/schema.org","@graph":[{"@type":"WebPage","@id":"https:\/\/www.campus02.at\/hochschuldidaktik\/erfolgsgeschichten\/gastkommentar\/das-interaktive-buch-zur-aufbereitung-von-lehrinhalten\/","url":"https:\/\/www.campus02.at\/hochschuldidaktik\/erfolgsgeschichten\/gastkommentar\/das-interaktive-buch-zur-aufbereitung-von-lehrinhalten\/","name":"Das interaktive Buch zur Aufbereitung von Lehrinhalten - Zentrum f\u00fcr Hochschuldidaktik (Campus02)","isPartOf":{"@id":"https:\/\/www.campus02.at\/hochschuldidaktik\/#website"},"primaryImageOfPage":{"@id":"https:\/\/www.campus02.at\/hochschuldidaktik\/erfolgsgeschichten\/gastkommentar\/das-interaktive-buch-zur-aufbereitung-von-lehrinhalten\/#primaryimage"},"image":{"@id":"https:\/\/www.campus02.at\/hochschuldidaktik\/erfolgsgeschichten\/gastkommentar\/das-interaktive-buch-zur-aufbereitung-von-lehrinhalten\/#primaryimage"},"thumbnailUrl":"https:\/\/www.campus02.at\/hochschuldidaktik\/wp-content\/uploads\/sites\/20\/2023\/10\/Example.png","datePublished":"2023-10-17T08:28:56+00:00","dateModified":"2024-09-27T12:31:42+00:00","breadcrumb":{"@id":"https:\/\/www.campus02.at\/hochschuldidaktik\/erfolgsgeschichten\/gastkommentar\/das-interaktive-buch-zur-aufbereitung-von-lehrinhalten\/#breadcrumb"},"inLanguage":"de","potentialAction":[{"@type":"ReadAction","target":["https:\/\/www.campus02.at\/hochschuldidaktik\/erfolgsgeschichten\/gastkommentar\/das-interaktive-buch-zur-aufbereitung-von-lehrinhalten\/"]}]},{"@type":"ImageObject","inLanguage":"de","@id":"https:\/\/www.campus02.at\/hochschuldidaktik\/erfolgsgeschichten\/gastkommentar\/das-interaktive-buch-zur-aufbereitung-von-lehrinhalten\/#primaryimage","url":"https:\/\/www.campus02.at\/hochschuldidaktik\/wp-content\/uploads\/sites\/20\/2023\/10\/Example.png","contentUrl":"https:\/\/www.campus02.at\/hochschuldidaktik\/wp-content\/uploads\/sites\/20\/2023\/10\/Example.png","width":605,"height":263,"caption":"Finazierung"},{"@type":"BreadcrumbList","@id":"https:\/\/www.campus02.at\/hochschuldidaktik\/erfolgsgeschichten\/gastkommentar\/das-interaktive-buch-zur-aufbereitung-von-lehrinhalten\/#breadcrumb","itemListElement":[{"@type":"ListItem","position":1,"name":"Startseite","item":"https:\/\/www.campus02.at\/hochschuldidaktik\/"},{"@type":"ListItem","position":2,"name":"Erfolgsgeschichten","item":"https:\/\/www.campus02.at\/hochschuldidaktik\/erfolgsgeschichten\/"},{"@type":"ListItem","position":3,"name":"Stimmen aus der Lehre","item":"https:\/\/www.campus02.at\/hochschuldidaktik\/erfolgsgeschichten\/gastkommentar\/"},{"@type":"ListItem","position":4,"name":"Das interaktive Buch zur Aufbereitung von Lehrinhalten"}]},{"@type":"WebSite","@id":"https:\/\/www.campus02.at\/hochschuldidaktik\/#website","url":"https:\/\/www.campus02.at\/hochschuldidaktik\/","name":"Zentrum f\u00fcr Hochschuldidaktik (Campus02)","description":"Eine weitere Campus02 Website","publisher":{"@id":"https:\/\/www.campus02.at\/hochschuldidaktik\/#organization"},"potentialAction":[{"@type":"SearchAction","target":{"@type":"EntryPoint","urlTemplate":"https:\/\/www.campus02.at\/hochschuldidaktik\/?s={search_term_string}"},"query-input":{"@type":"PropertyValueSpecification","valueRequired":true,"valueName":"search_term_string"}}],"inLanguage":"de"},{"@type":"Organization","@id":"https:\/\/www.campus02.at\/hochschuldidaktik\/#organization","name":"Zentrum f\u00fcr Hochschuldidaktik (Campus02)","url":"https:\/\/www.campus02.at\/hochschuldidaktik\/","logo":{"@type":"ImageObject","inLanguage":"de","@id":"https:\/\/www.campus02.at\/hochschuldidaktik\/#\/schema\/logo\/image\/","url":"https:\/\/www.campus02.at\/hochschuldidaktik\/wp-content\/uploads\/sites\/20\/2023\/01\/logo-campus02.svg","contentUrl":"https:\/\/www.campus02.at\/hochschuldidaktik\/wp-content\/uploads\/sites\/20\/2023\/01\/logo-campus02.svg","width":770,"height":249,"caption":"Zentrum f\u00fcr Hochschuldidaktik (Campus02)"},"image":{"@id":"https:\/\/www.campus02.at\/hochschuldidaktik\/#\/schema\/logo\/image\/"}}]}},"_links":{"self":[{"href":"https:\/\/www.campus02.at\/hochschuldidaktik\/wp-json\/wp\/v2\/pages\/9580","targetHints":{"allow":["GET"]}}],"collection":[{"href":"https:\/\/www.campus02.at\/hochschuldidaktik\/wp-json\/wp\/v2\/pages"}],"about":[{"href":"https:\/\/www.campus02.at\/hochschuldidaktik\/wp-json\/wp\/v2\/types\/page"}],"author":[{"embeddable":true,"href":"https:\/\/www.campus02.at\/hochschuldidaktik\/wp-json\/wp\/v2\/users\/183"}],"replies":[{"embeddable":true,"href":"https:\/\/www.campus02.at\/hochschuldidaktik\/wp-json\/wp\/v2\/comments?post=9580"}],"version-history":[{"count":3,"href":"https:\/\/www.campus02.at\/hochschuldidaktik\/wp-json\/wp\/v2\/pages\/9580\/revisions"}],"predecessor-version":[{"id":13459,"href":"https:\/\/www.campus02.at\/hochschuldidaktik\/wp-json\/wp\/v2\/pages\/9580\/revisions\/13459"}],"up":[{"embeddable":true,"href":"https:\/\/www.campus02.at\/hochschuldidaktik\/wp-json\/wp\/v2\/pages\/4272"}],"wp:featuredmedia":[{"embeddable":true,"href":"https:\/\/www.campus02.at\/hochschuldidaktik\/wp-json\/wp\/v2\/media\/9581"}],"wp:attachment":[{"href":"https:\/\/www.campus02.at\/hochschuldidaktik\/wp-json\/wp\/v2\/media?parent=9580"}],"wp:term":[{"taxonomy":"author","embeddable":true,"href":"https:\/\/www.campus02.at\/hochschuldidaktik\/wp-json\/wp\/v2\/coauthors?post=9580"}],"curies":[{"name":"wp","href":"https:\/\/api.w.org\/{rel}","templated":true}]}}