{"id":5677,"date":"2023-04-13T09:01:32","date_gmt":"2023-04-13T07:01:32","guid":{"rendered":"https:\/\/www.campus02.at\/hochschuldidaktik\/?page_id=5677"},"modified":"2024-03-26T13:37:30","modified_gmt":"2024-03-26T12:37:30","slug":"das-poster-als-alternative-leistungsfeststellung","status":"publish","type":"page","link":"https:\/\/www.campus02.at\/hochschuldidaktik\/erfolgsgeschichten\/gastkommentar\/das-poster-als-alternative-leistungsfeststellung\/","title":{"rendered":"Das Poster &#8211; eine untersch\u00e4tzte Alternative zur klassischen Leistungsfeststellung"},"content":{"rendered":"<div class=\"flex-campus-main flex-campus-main-Text\"><h3><img fetchpriority=\"high\" decoding=\"async\" fetchpriority=\"high\" class=\"alignnone wp-image-5678 size-medium\" src=\"https:\/\/www.campus02.at\/hochschuldidaktik\/wp-content\/uploads\/sites\/20\/2023\/04\/stephan-heckmann-300x200.jpg\" alt=\"\" width=\"300\" height=\"200\" srcset=\"https:\/\/www.campus02.at\/hochschuldidaktik\/wp-content\/uploads\/sites\/20\/2023\/04\/stephan-heckmann-300x200.jpg 300w, https:\/\/www.campus02.at\/hochschuldidaktik\/wp-content\/uploads\/sites\/20\/2023\/04\/stephan-heckmann-1024x683.jpg 1024w, https:\/\/www.campus02.at\/hochschuldidaktik\/wp-content\/uploads\/sites\/20\/2023\/04\/stephan-heckmann-768x512.jpg 768w, https:\/\/www.campus02.at\/hochschuldidaktik\/wp-content\/uploads\/sites\/20\/2023\/04\/stephan-heckmann-1536x1024.jpg 1536w, https:\/\/www.campus02.at\/hochschuldidaktik\/wp-content\/uploads\/sites\/20\/2023\/04\/stephan-heckmann-2048x1366.jpg 2048w, https:\/\/www.campus02.at\/hochschuldidaktik\/wp-content\/uploads\/sites\/20\/2023\/04\/stephan-heckmann-1920x1280.jpg 1920w\" sizes=\"(max-width: 300px) 100vw, 300px\" \/><\/h3>\n<h3>Das Poster &#8211; eine untersch\u00e4tzte Alternative zur klassischen Leistungsfeststellung<\/h3>\n<p>Autor: Stephan Heckmann<\/p>\n<p>F\u00fcr den nachhaltigen Lernerfolg ist eine geeignete Leistungsfeststellung ebenso wichtig wie die didaktisch-fundierte und auf Lernziele abgestimmte Art und Form des Unterrichts.<br \/>\nAus verschiedenen Gr\u00fcnden haben sich Klausur, Pr\u00e4sentation und die schriftliche Arbeit nachhaltig als Leistungsfeststellung durchgesetzt.<\/p>\n<p>Anforderungen an die Leistungsfeststellung sind jedoch vielf\u00e4ltig. Diese muss zu den Lernzielen passen und die M\u00f6glichkeit bieten verschiedene Taxonomiestufen abzudecken: So muss sie nicht nur Gelerntes abfragen, Verbindungen zu anderen F\u00e4chern und Themen erlauben, sondern manchmal auch die Kreativit\u00e4t und Pr\u00e4sentationsf\u00e4higkeit zeigen und \u2013 besonders an einer Fachhochschule \u2013 die praktische \u00dcberleitung zur Anwendung in der Wirtschaft herstellen.<\/p>\n<p>In der Lehrveranstaltung \u201aNew Technologies\u2018 in den Masterprogrammen Sales Management und Digital Marketing Management haben mein Kollege Willhelm Loibl und ich uns dazu entschlossen ein Poster als Leistungsfeststellung zu w\u00e4hlen.<\/p>\n<p><strong>Das Poster!<\/strong><\/p>\n<p>Aus dem <a href=\"https:\/\/www.campus02.at\/hochschuldidaktik\/leistungsbeurteilungsmethoden\/poster\/\">Infomaterial des ZHD<\/a>:<\/p>\n<p>\u201eIm Rahmen eines Posters bzw. einer Posterpr\u00e4sentation sollen Studierende nachweisen, dass sie Informationen verarbeiten k\u00f6nnen und in der Lage sind, wesentliche Themen\/Arbeitsergebnisse auf einem Poster zu visualisieren (schriftliche Leistung) und dieses gegebenenfalls auch vor einem Publikum in angemessener Form und Zeit zu pr\u00e4sentieren (m\u00fcndliche Leistung). (Manukjan und Wendt 2017, S.5) Die Studierenden sollen im Rahmen einer etwaigen Pr\u00e4sentation beweisen, dass sie in der Lage sind, sowohl mit inhaltlichen als auch konzeptionellen Fragen umzugehen. F\u00fcr eine realit\u00e4tsnahe Pr\u00fcfungssituation ist es ebenfalls m\u00f6glich, andere Studierende oder Fachleute einzuladen (Pr\u00fcfungssenat oder Peer-Review). Die Pr\u00fcfung kann als Einzel- oder Gruppenpr\u00fcfung erfolgen. Die Beurteilung ist nachvollziehbar zu dokumentieren. (Manukjan und Wendt 2017, S.5)\u201c<\/p>\n<p>Im Rahmen der Lehrveranstaltung sollen sich Studierende mit Zukunftsthemen und -technologien auseinandersetzen, die einen Einfluss darauf haben k\u00f6nnen, wie Marketing &amp; Sales der Zukunft aussieht. Folgende Fragen dienen hierf\u00fcr als Denkansto\u00df: Wie erkenne ich solche Technologien fr\u00fchzeitig, wie bewerte ich diese, wie kann ich Ableitungen f\u00fcr das Berufsbild der Zukunft treffen und welche Ma\u00dfnahmen kann man heute setzen, um darauf vorbereitet zu sein. Die systematische und wissenschaftlich fundierter Herangehensweise der Studierenden ist uns hier wichtig. Es geht darum den Prozess zu verinnerlichen, um ihn auf andere F\u00e4lle und Bereiche anwenden zu k\u00f6nnen. Gleichzeitig wollen wir der Ideenvielfalt und Kreativit\u00e4t der Studierenden freien Lauf lassen.<\/p>\n<p>Das Poster ist hier die ideale Kombination: Studierende erarbeiten ein wissenschaftlich fundiertes aber gleichzeitig kreatives Konferenzposter zu einem Thema ihrer Wahl und pr\u00e4sentieren dieses im Rahmen einer Konferenz (Abschlusseinheit der Lehrveranstaltung). Die angewandten Beurteilungskriterien sind der Praxisbezug, die Vernetzung mit weiteren Lehrveranstaltungen &amp; die \u00fcber den Tellerrand hinausgehende, wissenschaftliche Herangehensweise und Darstellungsform.<\/p>\n<p>Wir stellen auf Moodle Hilfsmittel und Beispiele f\u00fcr die Erstellung solcher Poster zur Verf\u00fcgung und haben vor der eigentlichen \u201eKonferenz\u201c noch Q&amp;A Sessions mit den Studierenden.<br \/>\nInhaltlich legen wir Wert auf:<\/p>\n<ul>\n<li>Auswahl eines Trends\/ einer Technologie inkl. Beschreibung mit Vor- &amp; Nachteilen, Entwicklung, Stand der Forschung<\/li>\n<li>Bewertung hinsichtlich Relevanz, Durchdringung, \u2026 anhand geeigneter Methoden, die wir im Rahmen der LV besprochen haben (Studierende k\u00f6nnen aber auch eigene bew\u00e4hrte Methoden einbringen)<\/li>\n<li>Potenzielle Use Cases (breit &amp; kreativ)<\/li>\n<li>Ableitung konkreter potenzieller \u00c4nderungen von Prozessen &amp; Aufgaben im Marketing &amp; Sales der Zukunft<\/li>\n<\/ul>\n<p>&nbsp;<\/p>\n<h3>\u00dcBER DEN AUTOR<\/h3>\n<p>Stephan Heckmann ist stellvertretender Studiengangsleiter des Departments Marketing &amp; Sales und hauptberuflicher Lektor an der FH CAMPUS 02.<\/p>\n<\/div>","protected":false},"excerpt":{"rendered":"<p>Das Poster &#8211; eine untersch\u00e4tzte Alternative zur klassischen Leistungsfeststellung Autor: Stephan Heckmann F\u00fcr den <a href=\"https:\/\/www.campus02.at\/hochschuldidaktik\/erfolgsgeschichten\/gastkommentar\/das-poster-als-alternative-leistungsfeststellung\/\" class=\"more-link\">mehr&hellip;<\/a><\/p>\n","protected":false},"author":183,"featured_media":11859,"parent":4272,"menu_order":5,"comment_status":"closed","ping_status":"closed","template":"","meta":{"_acf_changed":false,"footnotes":""},"coauthors":[62],"class_list":["post-5677","page","type-page","status-publish","has-post-thumbnail","hentry"],"acf":[],"yoast_head":"<!-- This site is optimized with the Yoast SEO plugin v26.9 - https:\/\/yoast.com\/product\/yoast-seo-wordpress\/ -->\n<title>Das Poster - eine untersch\u00e4tzte Alternative zur klassischen Leistungsfeststellung - Zentrum f\u00fcr Hochschuldidaktik (Campus02)<\/title>\n<meta name=\"robots\" content=\"index, follow, max-snippet:-1, max-image-preview:large, max-video-preview:-1\" \/>\n<link rel=\"canonical\" href=\"https:\/\/www.campus02.at\/hochschuldidaktik\/erfolgsgeschichten\/gastkommentar\/das-poster-als-alternative-leistungsfeststellung\/\" \/>\n<meta property=\"og:locale\" content=\"de_DE\" \/>\n<meta property=\"og:type\" content=\"article\" \/>\n<meta property=\"og:title\" content=\"Das Poster - eine untersch\u00e4tzte Alternative zur klassischen Leistungsfeststellung - Zentrum f\u00fcr Hochschuldidaktik (Campus02)\" \/>\n<meta property=\"og:description\" content=\"Das Poster &#8211; eine untersch\u00e4tzte Alternative zur klassischen Leistungsfeststellung Autor: Stephan Heckmann F\u00fcr den mehr&hellip;\" \/>\n<meta property=\"og:url\" content=\"https:\/\/www.campus02.at\/hochschuldidaktik\/erfolgsgeschichten\/gastkommentar\/das-poster-als-alternative-leistungsfeststellung\/\" \/>\n<meta property=\"og:site_name\" content=\"Zentrum f\u00fcr Hochschuldidaktik (Campus02)\" \/>\n<meta property=\"article:modified_time\" content=\"2024-03-26T12:37:30+00:00\" \/>\n<meta property=\"og:image\" content=\"https:\/\/www.campus02.at\/hochschuldidaktik\/wp-content\/uploads\/sites\/20\/2023\/12\/AdobeStock_665888738-scaled.jpeg\" \/>\n\t<meta property=\"og:image:width\" content=\"2560\" \/>\n\t<meta property=\"og:image:height\" content=\"1707\" \/>\n\t<meta property=\"og:image:type\" content=\"image\/jpeg\" \/>\n<meta name=\"twitter:card\" content=\"summary_large_image\" \/>\n<meta name=\"twitter:label1\" content=\"Written by\" \/>\n\t<meta name=\"twitter:data1\" content=\"Egger Christina\" \/>\n<script type=\"application\/ld+json\" class=\"yoast-schema-graph\">{\"@context\":\"https:\/\/schema.org\",\"@graph\":[{\"@type\":\"WebPage\",\"@id\":\"https:\/\/www.campus02.at\/hochschuldidaktik\/erfolgsgeschichten\/gastkommentar\/das-poster-als-alternative-leistungsfeststellung\/\",\"url\":\"https:\/\/www.campus02.at\/hochschuldidaktik\/erfolgsgeschichten\/gastkommentar\/das-poster-als-alternative-leistungsfeststellung\/\",\"name\":\"Das Poster - eine untersch\u00e4tzte Alternative zur klassischen Leistungsfeststellung - Zentrum f\u00fcr Hochschuldidaktik (Campus02)\",\"isPartOf\":{\"@id\":\"https:\/\/www.campus02.at\/hochschuldidaktik\/#website\"},\"primaryImageOfPage\":{\"@id\":\"https:\/\/www.campus02.at\/hochschuldidaktik\/erfolgsgeschichten\/gastkommentar\/das-poster-als-alternative-leistungsfeststellung\/#primaryimage\"},\"image\":{\"@id\":\"https:\/\/www.campus02.at\/hochschuldidaktik\/erfolgsgeschichten\/gastkommentar\/das-poster-als-alternative-leistungsfeststellung\/#primaryimage\"},\"thumbnailUrl\":\"https:\/\/www.campus02.at\/hochschuldidaktik\/wp-content\/uploads\/sites\/20\/2023\/12\/AdobeStock_665888738-scaled.jpeg\",\"datePublished\":\"2023-04-13T07:01:32+00:00\",\"dateModified\":\"2024-03-26T12:37:30+00:00\",\"breadcrumb\":{\"@id\":\"https:\/\/www.campus02.at\/hochschuldidaktik\/erfolgsgeschichten\/gastkommentar\/das-poster-als-alternative-leistungsfeststellung\/#breadcrumb\"},\"inLanguage\":\"de\",\"potentialAction\":[{\"@type\":\"ReadAction\",\"target\":[\"https:\/\/www.campus02.at\/hochschuldidaktik\/erfolgsgeschichten\/gastkommentar\/das-poster-als-alternative-leistungsfeststellung\/\"]}]},{\"@type\":\"ImageObject\",\"inLanguage\":\"de\",\"@id\":\"https:\/\/www.campus02.at\/hochschuldidaktik\/erfolgsgeschichten\/gastkommentar\/das-poster-als-alternative-leistungsfeststellung\/#primaryimage\",\"url\":\"https:\/\/www.campus02.at\/hochschuldidaktik\/wp-content\/uploads\/sites\/20\/2023\/12\/AdobeStock_665888738-scaled.jpeg\",\"contentUrl\":\"https:\/\/www.campus02.at\/hochschuldidaktik\/wp-content\/uploads\/sites\/20\/2023\/12\/AdobeStock_665888738-scaled.jpeg\",\"width\":2560,\"height\":1707,\"caption\":\"3d illustration school and education set: school bag, globe, open book, brush, pencil, pen, graduation hat, glasses, generative ai\"},{\"@type\":\"BreadcrumbList\",\"@id\":\"https:\/\/www.campus02.at\/hochschuldidaktik\/erfolgsgeschichten\/gastkommentar\/das-poster-als-alternative-leistungsfeststellung\/#breadcrumb\",\"itemListElement\":[{\"@type\":\"ListItem\",\"position\":1,\"name\":\"Startseite\",\"item\":\"https:\/\/www.campus02.at\/hochschuldidaktik\/\"},{\"@type\":\"ListItem\",\"position\":2,\"name\":\"Erfolgsgeschichten\",\"item\":\"https:\/\/www.campus02.at\/hochschuldidaktik\/erfolgsgeschichten\/\"},{\"@type\":\"ListItem\",\"position\":3,\"name\":\"Stimmen aus der Lehre\",\"item\":\"https:\/\/www.campus02.at\/hochschuldidaktik\/erfolgsgeschichten\/gastkommentar\/\"},{\"@type\":\"ListItem\",\"position\":4,\"name\":\"Das Poster &#8211; eine untersch\u00e4tzte Alternative zur klassischen Leistungsfeststellung\"}]},{\"@type\":\"WebSite\",\"@id\":\"https:\/\/www.campus02.at\/hochschuldidaktik\/#website\",\"url\":\"https:\/\/www.campus02.at\/hochschuldidaktik\/\",\"name\":\"Zentrum f\u00fcr Hochschuldidaktik (Campus02)\",\"description\":\"Eine weitere Campus02 Website\",\"publisher\":{\"@id\":\"https:\/\/www.campus02.at\/hochschuldidaktik\/#organization\"},\"potentialAction\":[{\"@type\":\"SearchAction\",\"target\":{\"@type\":\"EntryPoint\",\"urlTemplate\":\"https:\/\/www.campus02.at\/hochschuldidaktik\/?s={search_term_string}\"},\"query-input\":{\"@type\":\"PropertyValueSpecification\",\"valueRequired\":true,\"valueName\":\"search_term_string\"}}],\"inLanguage\":\"de\"},{\"@type\":\"Organization\",\"@id\":\"https:\/\/www.campus02.at\/hochschuldidaktik\/#organization\",\"name\":\"Zentrum f\u00fcr Hochschuldidaktik (Campus02)\",\"url\":\"https:\/\/www.campus02.at\/hochschuldidaktik\/\",\"logo\":{\"@type\":\"ImageObject\",\"inLanguage\":\"de\",\"@id\":\"https:\/\/www.campus02.at\/hochschuldidaktik\/#\/schema\/logo\/image\/\",\"url\":\"https:\/\/www.campus02.at\/hochschuldidaktik\/wp-content\/uploads\/sites\/20\/2023\/01\/logo-campus02.svg\",\"contentUrl\":\"https:\/\/www.campus02.at\/hochschuldidaktik\/wp-content\/uploads\/sites\/20\/2023\/01\/logo-campus02.svg\",\"width\":770,\"height\":249,\"caption\":\"Zentrum f\u00fcr Hochschuldidaktik (Campus02)\"},\"image\":{\"@id\":\"https:\/\/www.campus02.at\/hochschuldidaktik\/#\/schema\/logo\/image\/\"}}]}<\/script>\n<!-- \/ Yoast SEO plugin. -->","yoast_head_json":{"title":"Das Poster - eine untersch\u00e4tzte Alternative zur klassischen Leistungsfeststellung - Zentrum f\u00fcr Hochschuldidaktik (Campus02)","robots":{"index":"index","follow":"follow","max-snippet":"max-snippet:-1","max-image-preview":"max-image-preview:large","max-video-preview":"max-video-preview:-1"},"canonical":"https:\/\/www.campus02.at\/hochschuldidaktik\/erfolgsgeschichten\/gastkommentar\/das-poster-als-alternative-leistungsfeststellung\/","og_locale":"de_DE","og_type":"article","og_title":"Das Poster - eine untersch\u00e4tzte Alternative zur klassischen Leistungsfeststellung - Zentrum f\u00fcr Hochschuldidaktik (Campus02)","og_description":"Das Poster &#8211; eine untersch\u00e4tzte Alternative zur klassischen Leistungsfeststellung Autor: Stephan Heckmann F\u00fcr den mehr&hellip;","og_url":"https:\/\/www.campus02.at\/hochschuldidaktik\/erfolgsgeschichten\/gastkommentar\/das-poster-als-alternative-leistungsfeststellung\/","og_site_name":"Zentrum f\u00fcr Hochschuldidaktik (Campus02)","article_modified_time":"2024-03-26T12:37:30+00:00","og_image":[{"width":2560,"height":1707,"url":"https:\/\/www.campus02.at\/hochschuldidaktik\/wp-content\/uploads\/sites\/20\/2023\/12\/AdobeStock_665888738-scaled.jpeg","type":"image\/jpeg"}],"twitter_card":"summary_large_image","twitter_misc":{"Written by":"Egger Christina"},"schema":{"@context":"https:\/\/schema.org","@graph":[{"@type":"WebPage","@id":"https:\/\/www.campus02.at\/hochschuldidaktik\/erfolgsgeschichten\/gastkommentar\/das-poster-als-alternative-leistungsfeststellung\/","url":"https:\/\/www.campus02.at\/hochschuldidaktik\/erfolgsgeschichten\/gastkommentar\/das-poster-als-alternative-leistungsfeststellung\/","name":"Das Poster - eine untersch\u00e4tzte Alternative zur klassischen Leistungsfeststellung - Zentrum f\u00fcr Hochschuldidaktik (Campus02)","isPartOf":{"@id":"https:\/\/www.campus02.at\/hochschuldidaktik\/#website"},"primaryImageOfPage":{"@id":"https:\/\/www.campus02.at\/hochschuldidaktik\/erfolgsgeschichten\/gastkommentar\/das-poster-als-alternative-leistungsfeststellung\/#primaryimage"},"image":{"@id":"https:\/\/www.campus02.at\/hochschuldidaktik\/erfolgsgeschichten\/gastkommentar\/das-poster-als-alternative-leistungsfeststellung\/#primaryimage"},"thumbnailUrl":"https:\/\/www.campus02.at\/hochschuldidaktik\/wp-content\/uploads\/sites\/20\/2023\/12\/AdobeStock_665888738-scaled.jpeg","datePublished":"2023-04-13T07:01:32+00:00","dateModified":"2024-03-26T12:37:30+00:00","breadcrumb":{"@id":"https:\/\/www.campus02.at\/hochschuldidaktik\/erfolgsgeschichten\/gastkommentar\/das-poster-als-alternative-leistungsfeststellung\/#breadcrumb"},"inLanguage":"de","potentialAction":[{"@type":"ReadAction","target":["https:\/\/www.campus02.at\/hochschuldidaktik\/erfolgsgeschichten\/gastkommentar\/das-poster-als-alternative-leistungsfeststellung\/"]}]},{"@type":"ImageObject","inLanguage":"de","@id":"https:\/\/www.campus02.at\/hochschuldidaktik\/erfolgsgeschichten\/gastkommentar\/das-poster-als-alternative-leistungsfeststellung\/#primaryimage","url":"https:\/\/www.campus02.at\/hochschuldidaktik\/wp-content\/uploads\/sites\/20\/2023\/12\/AdobeStock_665888738-scaled.jpeg","contentUrl":"https:\/\/www.campus02.at\/hochschuldidaktik\/wp-content\/uploads\/sites\/20\/2023\/12\/AdobeStock_665888738-scaled.jpeg","width":2560,"height":1707,"caption":"3d illustration school and education set: school bag, globe, open book, brush, pencil, pen, graduation hat, glasses, generative ai"},{"@type":"BreadcrumbList","@id":"https:\/\/www.campus02.at\/hochschuldidaktik\/erfolgsgeschichten\/gastkommentar\/das-poster-als-alternative-leistungsfeststellung\/#breadcrumb","itemListElement":[{"@type":"ListItem","position":1,"name":"Startseite","item":"https:\/\/www.campus02.at\/hochschuldidaktik\/"},{"@type":"ListItem","position":2,"name":"Erfolgsgeschichten","item":"https:\/\/www.campus02.at\/hochschuldidaktik\/erfolgsgeschichten\/"},{"@type":"ListItem","position":3,"name":"Stimmen aus der Lehre","item":"https:\/\/www.campus02.at\/hochschuldidaktik\/erfolgsgeschichten\/gastkommentar\/"},{"@type":"ListItem","position":4,"name":"Das Poster &#8211; eine untersch\u00e4tzte Alternative zur klassischen Leistungsfeststellung"}]},{"@type":"WebSite","@id":"https:\/\/www.campus02.at\/hochschuldidaktik\/#website","url":"https:\/\/www.campus02.at\/hochschuldidaktik\/","name":"Zentrum f\u00fcr Hochschuldidaktik (Campus02)","description":"Eine weitere Campus02 Website","publisher":{"@id":"https:\/\/www.campus02.at\/hochschuldidaktik\/#organization"},"potentialAction":[{"@type":"SearchAction","target":{"@type":"EntryPoint","urlTemplate":"https:\/\/www.campus02.at\/hochschuldidaktik\/?s={search_term_string}"},"query-input":{"@type":"PropertyValueSpecification","valueRequired":true,"valueName":"search_term_string"}}],"inLanguage":"de"},{"@type":"Organization","@id":"https:\/\/www.campus02.at\/hochschuldidaktik\/#organization","name":"Zentrum f\u00fcr Hochschuldidaktik (Campus02)","url":"https:\/\/www.campus02.at\/hochschuldidaktik\/","logo":{"@type":"ImageObject","inLanguage":"de","@id":"https:\/\/www.campus02.at\/hochschuldidaktik\/#\/schema\/logo\/image\/","url":"https:\/\/www.campus02.at\/hochschuldidaktik\/wp-content\/uploads\/sites\/20\/2023\/01\/logo-campus02.svg","contentUrl":"https:\/\/www.campus02.at\/hochschuldidaktik\/wp-content\/uploads\/sites\/20\/2023\/01\/logo-campus02.svg","width":770,"height":249,"caption":"Zentrum f\u00fcr Hochschuldidaktik (Campus02)"},"image":{"@id":"https:\/\/www.campus02.at\/hochschuldidaktik\/#\/schema\/logo\/image\/"}}]}},"_links":{"self":[{"href":"https:\/\/www.campus02.at\/hochschuldidaktik\/wp-json\/wp\/v2\/pages\/5677","targetHints":{"allow":["GET"]}}],"collection":[{"href":"https:\/\/www.campus02.at\/hochschuldidaktik\/wp-json\/wp\/v2\/pages"}],"about":[{"href":"https:\/\/www.campus02.at\/hochschuldidaktik\/wp-json\/wp\/v2\/types\/page"}],"author":[{"embeddable":true,"href":"https:\/\/www.campus02.at\/hochschuldidaktik\/wp-json\/wp\/v2\/users\/183"}],"replies":[{"embeddable":true,"href":"https:\/\/www.campus02.at\/hochschuldidaktik\/wp-json\/wp\/v2\/comments?post=5677"}],"version-history":[{"count":3,"href":"https:\/\/www.campus02.at\/hochschuldidaktik\/wp-json\/wp\/v2\/pages\/5677\/revisions"}],"predecessor-version":[{"id":12581,"href":"https:\/\/www.campus02.at\/hochschuldidaktik\/wp-json\/wp\/v2\/pages\/5677\/revisions\/12581"}],"up":[{"embeddable":true,"href":"https:\/\/www.campus02.at\/hochschuldidaktik\/wp-json\/wp\/v2\/pages\/4272"}],"wp:featuredmedia":[{"embeddable":true,"href":"https:\/\/www.campus02.at\/hochschuldidaktik\/wp-json\/wp\/v2\/media\/11859"}],"wp:attachment":[{"href":"https:\/\/www.campus02.at\/hochschuldidaktik\/wp-json\/wp\/v2\/media?parent=5677"}],"wp:term":[{"taxonomy":"author","embeddable":true,"href":"https:\/\/www.campus02.at\/hochschuldidaktik\/wp-json\/wp\/v2\/coauthors?post=5677"}],"curies":[{"name":"wp","href":"https:\/\/api.w.org\/{rel}","templated":true}]}}