{"id":5285,"date":"2023-01-10T12:53:31","date_gmt":"2023-01-10T11:53:31","guid":{"rendered":"https:\/\/www.campus02.at\/hochschuldidaktik\/?page_id=5285"},"modified":"2024-03-26T13:38:23","modified_gmt":"2024-03-26T12:38:23","slug":"up2date","status":"publish","type":"page","link":"https:\/\/www.campus02.at\/hochschuldidaktik\/erfolgsgeschichten\/gastkommentar\/up2date\/","title":{"rendered":"Sind wir Up2Date?"},"content":{"rendered":"<div class=\"flex-campus-main flex-campus-main-Text\"><h3><img fetchpriority=\"high\" decoding=\"async\" fetchpriority=\"high\" class=\"alignnone size-medium wp-image-5286\" src=\"https:\/\/www.campus02.at\/hochschuldidaktik\/wp-content\/uploads\/sites\/20\/2023\/01\/HARRIS1-300x200.jpg\" alt=\"\" width=\"300\" height=\"200\" srcset=\"https:\/\/www.campus02.at\/hochschuldidaktik\/wp-content\/uploads\/sites\/20\/2023\/01\/HARRIS1-300x200.jpg 300w, https:\/\/www.campus02.at\/hochschuldidaktik\/wp-content\/uploads\/sites\/20\/2023\/01\/HARRIS1-1024x683.jpg 1024w, https:\/\/www.campus02.at\/hochschuldidaktik\/wp-content\/uploads\/sites\/20\/2023\/01\/HARRIS1-768x512.jpg 768w, https:\/\/www.campus02.at\/hochschuldidaktik\/wp-content\/uploads\/sites\/20\/2023\/01\/HARRIS1-1536x1025.jpg 1536w, https:\/\/www.campus02.at\/hochschuldidaktik\/wp-content\/uploads\/sites\/20\/2023\/01\/HARRIS1-2048x1366.jpg 2048w, https:\/\/www.campus02.at\/hochschuldidaktik\/wp-content\/uploads\/sites\/20\/2023\/01\/HARRIS1-1920x1281.jpg 1920w\" sizes=\"(max-width: 300px) 100vw, 300px\" \/><\/h3>\n<h3>Sind wir Up2Date?<\/h3>\n<h5>Wer nicht mit der Zeit geht, geht mit der Zeit.<\/h5>\n<p>Autor: Harris Gerzic<\/p>\n<p>Es herrschen turbulente Zeiten, in denen wir Lehrende uns mehr ver\u00e4ndern m\u00fcssen, denn je zuvor. Die letzten Jahre haben gezeigt, dass auch die gr\u00f6\u00dften \u201eTechnikmuffel\u201c sich aufrappeln k\u00f6nnen, wenn sie m\u00fcssen. Bekanntlich macht die Not erfinderisch, da sollten gerade wir als IT-affine Lehrende erst recht an der Spitze dieser neuen digitalisierten IT-Bewegung stehen!<\/p>\n<p>Die k\u00fcnftigen Studierenden sind mit Streaming aufgewachsen, daher ist dies f\u00fcr die j\u00fcngeren Generationen nichts Neues mehr. Nachdem wir nun auch 20% der Lehrveranstaltungen im Semester online abhalten, macht es definitiv Sinn sich \u00fcber das Streaming-Format mehr Gedanken zu machen. Schlussendlich fragt man sich als Lehrender immer wieder, welches Ziel verfolge ich mit dieser Aktion? Eines meiner Ziele ist es, den Unterricht an sich dynamischer zu gestalten und den Studierenden in Sachen Lehrinhaltsvermittlung etwas Zeitgem\u00e4\u00dfes zu bieten, sodass diese bei jeder Unterrichtseinheit interessiert bleiben.<\/p>\n<p>Durch den Onlineunterricht ergeben sich viele neue M\u00f6glichkeiten, durch welche wir ebenfalls eine gro\u00dfe Interaktivit\u00e4t der Studierenden fordern und f\u00f6rdern k\u00f6nnen. Da die Lehreinheiten \u00fcber sechs Monate verteilt liegen, kommt es schon mal vor, dass die letzte Einheit doch zu lange in der Vergangenheit liegt und das Wissen dar\u00fcber aufgefrischt werden sollte. Daher nutze ich am Anfang f\u00fcr voneinander weit entfernte Einheiten das Tool Quizziz, durch welches die letzten Einheiten spielerisch wiederholt werden k\u00f6nnen.<\/p>\n<p><img loading=\"lazy\" decoding=\"async\" class=\"alignnone size-medium wp-image-5287\" src=\"https:\/\/www.campus02.at\/hochschuldidaktik\/wp-content\/uploads\/sites\/20\/2023\/01\/Frage3-300x119.png\" alt=\"\" width=\"300\" height=\"119\" srcset=\"https:\/\/www.campus02.at\/hochschuldidaktik\/wp-content\/uploads\/sites\/20\/2023\/01\/Frage3-300x119.png 300w, https:\/\/www.campus02.at\/hochschuldidaktik\/wp-content\/uploads\/sites\/20\/2023\/01\/Frage3-1024x406.png 1024w, https:\/\/www.campus02.at\/hochschuldidaktik\/wp-content\/uploads\/sites\/20\/2023\/01\/Frage3-768x304.png 768w, https:\/\/www.campus02.at\/hochschuldidaktik\/wp-content\/uploads\/sites\/20\/2023\/01\/Frage3-1536x609.png 1536w, https:\/\/www.campus02.at\/hochschuldidaktik\/wp-content\/uploads\/sites\/20\/2023\/01\/Frage3.png 1908w\" sizes=\"(max-width: 300px) 100vw, 300px\" \/><\/p>\n<p>Es gibt vier Antwortm\u00f6glichkeiten, doch nur eine ist richtig.<\/p>\n<p><img loading=\"lazy\" decoding=\"async\" class=\"alignnone size-medium wp-image-5288\" src=\"https:\/\/www.campus02.at\/hochschuldidaktik\/wp-content\/uploads\/sites\/20\/2023\/01\/Frage4-300x135.png\" alt=\"\" width=\"300\" height=\"135\" srcset=\"https:\/\/www.campus02.at\/hochschuldidaktik\/wp-content\/uploads\/sites\/20\/2023\/01\/Frage4-300x135.png 300w, https:\/\/www.campus02.at\/hochschuldidaktik\/wp-content\/uploads\/sites\/20\/2023\/01\/Frage4-1024x461.png 1024w, https:\/\/www.campus02.at\/hochschuldidaktik\/wp-content\/uploads\/sites\/20\/2023\/01\/Frage4-768x346.png 768w, https:\/\/www.campus02.at\/hochschuldidaktik\/wp-content\/uploads\/sites\/20\/2023\/01\/Frage4-1536x691.png 1536w, https:\/\/www.campus02.at\/hochschuldidaktik\/wp-content\/uploads\/sites\/20\/2023\/01\/Frage4.png 1909w\" sizes=\"(max-width: 300px) 100vw, 300px\" \/><\/p>\n<p>Jede richtig gew\u00e4hlte Antwort bringt Punkte.<\/p>\n<p><img loading=\"lazy\" decoding=\"async\" loading=\"lazy\" class=\"alignnone size-medium wp-image-5289\" src=\"https:\/\/www.campus02.at\/hochschuldidaktik\/wp-content\/uploads\/sites\/20\/2023\/01\/Rangliste-300x250.png\" alt=\"\" width=\"300\" height=\"250\" srcset=\"https:\/\/www.campus02.at\/hochschuldidaktik\/wp-content\/uploads\/sites\/20\/2023\/01\/Rangliste-300x250.png 300w, https:\/\/www.campus02.at\/hochschuldidaktik\/wp-content\/uploads\/sites\/20\/2023\/01\/Rangliste-768x640.png 768w, https:\/\/www.campus02.at\/hochschuldidaktik\/wp-content\/uploads\/sites\/20\/2023\/01\/Rangliste.png 830w\" sizes=\"auto, (max-width: 300px) 100vw, 300px\" \/><\/p>\n<p>Der Punkterang wird zwischendurch immer wieder eingeblendet.<\/p>\n<p>&nbsp;<\/p>\n<p>Ein anderes gro\u00dfartiges Tool f\u00fcr den Onlineunterricht ist Flinga. Es bringt die Studierenden dazu sich interaktiv am Unterricht zu beteiligen und im Anschluss werden die erarbeiteten Inhalte gemeinsam diskutiert.<\/p>\n<p><img loading=\"lazy\" decoding=\"async\" loading=\"lazy\" class=\"alignnone size-medium wp-image-5290\" src=\"https:\/\/www.campus02.at\/hochschuldidaktik\/wp-content\/uploads\/sites\/20\/2023\/01\/Flinga2-300x171.png\" alt=\"\" width=\"300\" height=\"171\" srcset=\"https:\/\/www.campus02.at\/hochschuldidaktik\/wp-content\/uploads\/sites\/20\/2023\/01\/Flinga2-300x170.png 300w, https:\/\/www.campus02.at\/hochschuldidaktik\/wp-content\/uploads\/sites\/20\/2023\/01\/Flinga2.png 602w\" sizes=\"auto, (max-width: 300px) 100vw, 300px\" \/><\/p>\n<p>Gerade Flinga hat einige Vorteile f\u00fcr Lehrende, wie zum Beispiel die \u201eminimalistische\u201c Ansicht, welche nur die wesentlichsten Inhalte aufzeigt. Dadurch lassen sich die Inhalte sehr schnell erstellen, die Ergebnisse werden sofort sichtbar und die Diskussionsrunden k\u00f6nnen starten. F\u00fcr die Lehrenden entsteht hier kein zus\u00e4tzlicher Aufwand, somit bleibt Zeit, den Fokus auf das Wichtigste zu lenken &#8211; die richtige Frage f\u00fcr die Diskussion.<\/p>\n<p>Dank dem ZHD und deren gro\u00dfartiger Unterst\u00fctzung kann sich auch das Feedback der Studierenden f\u00fcr diese Lehreinheit definitiv zeigen lassen. Diese Reaktionen kamen auf den Stream (der \u00fcbrigens im Studio f\u00fcr Innovative Lehre stattfand) und die darin verwendeten Tools (Flinga, Quizziz und Mentimeter) zur\u00fcck:<\/p>\n<p><img loading=\"lazy\" decoding=\"async\" loading=\"lazy\" class=\"alignnone size-medium wp-image-5291\" src=\"https:\/\/www.campus02.at\/hochschuldidaktik\/wp-content\/uploads\/sites\/20\/2023\/01\/Menti-300x224.png\" alt=\"\" width=\"300\" height=\"224\" srcset=\"https:\/\/www.campus02.at\/hochschuldidaktik\/wp-content\/uploads\/sites\/20\/2023\/01\/Menti-300x224.png 300w, https:\/\/www.campus02.at\/hochschuldidaktik\/wp-content\/uploads\/sites\/20\/2023\/01\/Menti.png 368w\" sizes=\"auto, (max-width: 300px) 100vw, 300px\" \/><\/p>\n<p><strong><em>PS<\/em>:<\/strong> Als Feedbacktool wurde, ganz im Sinne des Onlineunterrichts, Mentimeter genutzt.<\/p>\n<p><strong><em>Fazit<\/em><\/strong>: Das Sch\u00f6ne an all den vorgestellten Tools ist, dass sie sich auch perfekt in einen Pr\u00e4senzunterricht integrieren lassen. Somit k\u00f6nnen wir Lehrende die analoge Welt mit der digitalen Welt kombinieren und auch im Lehrsaal das Beste aus beiden Formaten herausholen.<\/p>\n<p>&nbsp;<\/p>\n<h3>\u00dcBER DEN AUTOR<\/h3>\n<p>Harris Gerzic kommt aus der Logistik und war bis vor kurzem als nebenberuflicher Lektor an der FH CAMPUS 02 t\u00e4tig. Mit Anfang diesen Jahres nahm er nun auch die Stelle als hauptberuflicher Lektor, im Department IT &amp; Wirtschaftsinformatik, wahr.<\/p>\n<\/div>","protected":false},"excerpt":{"rendered":"<p>Sind wir Up2Date? Wer nicht mit der Zeit geht, geht mit der Zeit. Autor: Harris Gerzic Es herrschen turbulente Zeiten, in <a href=\"https:\/\/www.campus02.at\/hochschuldidaktik\/erfolgsgeschichten\/gastkommentar\/up2date\/\" class=\"more-link\">mehr&hellip;<\/a><\/p>\n","protected":false},"author":183,"featured_media":11353,"parent":4272,"menu_order":5,"comment_status":"closed","ping_status":"closed","template":"","meta":{"_acf_changed":false,"footnotes":""},"coauthors":[62],"class_list":["post-5285","page","type-page","status-publish","has-post-thumbnail","hentry"],"acf":[],"yoast_head":"<!-- This site is optimized with the Yoast SEO plugin v26.9 - https:\/\/yoast.com\/product\/yoast-seo-wordpress\/ -->\n<title>Sind wir Up2Date? - Zentrum f\u00fcr Hochschuldidaktik (Campus02)<\/title>\n<meta name=\"robots\" content=\"index, follow, max-snippet:-1, max-image-preview:large, max-video-preview:-1\" \/>\n<link rel=\"canonical\" href=\"https:\/\/www.campus02.at\/hochschuldidaktik\/erfolgsgeschichten\/gastkommentar\/up2date\/\" \/>\n<meta property=\"og:locale\" content=\"de_DE\" \/>\n<meta property=\"og:type\" content=\"article\" \/>\n<meta property=\"og:title\" content=\"Sind wir Up2Date? - Zentrum f\u00fcr Hochschuldidaktik (Campus02)\" \/>\n<meta property=\"og:description\" content=\"Sind wir Up2Date? Wer nicht mit der Zeit geht, geht mit der Zeit. Autor: Harris Gerzic Es herrschen turbulente Zeiten, in mehr&hellip;\" \/>\n<meta property=\"og:url\" content=\"https:\/\/www.campus02.at\/hochschuldidaktik\/erfolgsgeschichten\/gastkommentar\/up2date\/\" \/>\n<meta property=\"og:site_name\" content=\"Zentrum f\u00fcr Hochschuldidaktik (Campus02)\" \/>\n<meta property=\"article:modified_time\" content=\"2024-03-26T12:38:23+00:00\" \/>\n<meta property=\"og:image\" content=\"https:\/\/www.campus02.at\/hochschuldidaktik\/wp-content\/uploads\/sites\/20\/2023\/11\/AdobeStock_602843696-scaled.jpeg\" \/>\n\t<meta property=\"og:image:width\" content=\"2560\" \/>\n\t<meta property=\"og:image:height\" content=\"1709\" \/>\n\t<meta property=\"og:image:type\" content=\"image\/jpeg\" \/>\n<meta name=\"twitter:card\" content=\"summary_large_image\" \/>\n<meta name=\"twitter:label1\" content=\"Written by\" \/>\n\t<meta name=\"twitter:data1\" content=\"Egger Christina\" \/>\n<script type=\"application\/ld+json\" class=\"yoast-schema-graph\">{\"@context\":\"https:\/\/schema.org\",\"@graph\":[{\"@type\":\"WebPage\",\"@id\":\"https:\/\/www.campus02.at\/hochschuldidaktik\/erfolgsgeschichten\/gastkommentar\/up2date\/\",\"url\":\"https:\/\/www.campus02.at\/hochschuldidaktik\/erfolgsgeschichten\/gastkommentar\/up2date\/\",\"name\":\"Sind wir Up2Date? - Zentrum f\u00fcr Hochschuldidaktik (Campus02)\",\"isPartOf\":{\"@id\":\"https:\/\/www.campus02.at\/hochschuldidaktik\/#website\"},\"primaryImageOfPage\":{\"@id\":\"https:\/\/www.campus02.at\/hochschuldidaktik\/erfolgsgeschichten\/gastkommentar\/up2date\/#primaryimage\"},\"image\":{\"@id\":\"https:\/\/www.campus02.at\/hochschuldidaktik\/erfolgsgeschichten\/gastkommentar\/up2date\/#primaryimage\"},\"thumbnailUrl\":\"https:\/\/www.campus02.at\/hochschuldidaktik\/wp-content\/uploads\/sites\/20\/2023\/11\/AdobeStock_602843696-scaled.jpeg\",\"datePublished\":\"2023-01-10T11:53:31+00:00\",\"dateModified\":\"2024-03-26T12:38:23+00:00\",\"breadcrumb\":{\"@id\":\"https:\/\/www.campus02.at\/hochschuldidaktik\/erfolgsgeschichten\/gastkommentar\/up2date\/#breadcrumb\"},\"inLanguage\":\"de\",\"potentialAction\":[{\"@type\":\"ReadAction\",\"target\":[\"https:\/\/www.campus02.at\/hochschuldidaktik\/erfolgsgeschichten\/gastkommentar\/up2date\/\"]}]},{\"@type\":\"ImageObject\",\"inLanguage\":\"de\",\"@id\":\"https:\/\/www.campus02.at\/hochschuldidaktik\/erfolgsgeschichten\/gastkommentar\/up2date\/#primaryimage\",\"url\":\"https:\/\/www.campus02.at\/hochschuldidaktik\/wp-content\/uploads\/sites\/20\/2023\/11\/AdobeStock_602843696-scaled.jpeg\",\"contentUrl\":\"https:\/\/www.campus02.at\/hochschuldidaktik\/wp-content\/uploads\/sites\/20\/2023\/11\/AdobeStock_602843696-scaled.jpeg\",\"width\":2560,\"height\":1709,\"caption\":\"Student laptop, phone screen and top view woman typing research project, university paper or study for college exam. School library, floor and e learning person search online for education info.\"},{\"@type\":\"BreadcrumbList\",\"@id\":\"https:\/\/www.campus02.at\/hochschuldidaktik\/erfolgsgeschichten\/gastkommentar\/up2date\/#breadcrumb\",\"itemListElement\":[{\"@type\":\"ListItem\",\"position\":1,\"name\":\"Startseite\",\"item\":\"https:\/\/www.campus02.at\/hochschuldidaktik\/\"},{\"@type\":\"ListItem\",\"position\":2,\"name\":\"Erfolgsgeschichten\",\"item\":\"https:\/\/www.campus02.at\/hochschuldidaktik\/erfolgsgeschichten\/\"},{\"@type\":\"ListItem\",\"position\":3,\"name\":\"Stimmen aus der Lehre\",\"item\":\"https:\/\/www.campus02.at\/hochschuldidaktik\/erfolgsgeschichten\/gastkommentar\/\"},{\"@type\":\"ListItem\",\"position\":4,\"name\":\"Sind wir Up2Date?\"}]},{\"@type\":\"WebSite\",\"@id\":\"https:\/\/www.campus02.at\/hochschuldidaktik\/#website\",\"url\":\"https:\/\/www.campus02.at\/hochschuldidaktik\/\",\"name\":\"Zentrum f\u00fcr Hochschuldidaktik (Campus02)\",\"description\":\"Eine weitere Campus02 Website\",\"publisher\":{\"@id\":\"https:\/\/www.campus02.at\/hochschuldidaktik\/#organization\"},\"potentialAction\":[{\"@type\":\"SearchAction\",\"target\":{\"@type\":\"EntryPoint\",\"urlTemplate\":\"https:\/\/www.campus02.at\/hochschuldidaktik\/?s={search_term_string}\"},\"query-input\":{\"@type\":\"PropertyValueSpecification\",\"valueRequired\":true,\"valueName\":\"search_term_string\"}}],\"inLanguage\":\"de\"},{\"@type\":\"Organization\",\"@id\":\"https:\/\/www.campus02.at\/hochschuldidaktik\/#organization\",\"name\":\"Zentrum f\u00fcr Hochschuldidaktik (Campus02)\",\"url\":\"https:\/\/www.campus02.at\/hochschuldidaktik\/\",\"logo\":{\"@type\":\"ImageObject\",\"inLanguage\":\"de\",\"@id\":\"https:\/\/www.campus02.at\/hochschuldidaktik\/#\/schema\/logo\/image\/\",\"url\":\"https:\/\/www.campus02.at\/hochschuldidaktik\/wp-content\/uploads\/sites\/20\/2023\/01\/logo-campus02.svg\",\"contentUrl\":\"https:\/\/www.campus02.at\/hochschuldidaktik\/wp-content\/uploads\/sites\/20\/2023\/01\/logo-campus02.svg\",\"width\":770,\"height\":249,\"caption\":\"Zentrum f\u00fcr Hochschuldidaktik (Campus02)\"},\"image\":{\"@id\":\"https:\/\/www.campus02.at\/hochschuldidaktik\/#\/schema\/logo\/image\/\"}}]}<\/script>\n<!-- \/ Yoast SEO plugin. -->","yoast_head_json":{"title":"Sind wir Up2Date? - Zentrum f\u00fcr Hochschuldidaktik (Campus02)","robots":{"index":"index","follow":"follow","max-snippet":"max-snippet:-1","max-image-preview":"max-image-preview:large","max-video-preview":"max-video-preview:-1"},"canonical":"https:\/\/www.campus02.at\/hochschuldidaktik\/erfolgsgeschichten\/gastkommentar\/up2date\/","og_locale":"de_DE","og_type":"article","og_title":"Sind wir Up2Date? - Zentrum f\u00fcr Hochschuldidaktik (Campus02)","og_description":"Sind wir Up2Date? Wer nicht mit der Zeit geht, geht mit der Zeit. Autor: Harris Gerzic Es herrschen turbulente Zeiten, in mehr&hellip;","og_url":"https:\/\/www.campus02.at\/hochschuldidaktik\/erfolgsgeschichten\/gastkommentar\/up2date\/","og_site_name":"Zentrum f\u00fcr Hochschuldidaktik (Campus02)","article_modified_time":"2024-03-26T12:38:23+00:00","og_image":[{"width":2560,"height":1709,"url":"https:\/\/www.campus02.at\/hochschuldidaktik\/wp-content\/uploads\/sites\/20\/2023\/11\/AdobeStock_602843696-scaled.jpeg","type":"image\/jpeg"}],"twitter_card":"summary_large_image","twitter_misc":{"Written by":"Egger Christina"},"schema":{"@context":"https:\/\/schema.org","@graph":[{"@type":"WebPage","@id":"https:\/\/www.campus02.at\/hochschuldidaktik\/erfolgsgeschichten\/gastkommentar\/up2date\/","url":"https:\/\/www.campus02.at\/hochschuldidaktik\/erfolgsgeschichten\/gastkommentar\/up2date\/","name":"Sind wir Up2Date? - Zentrum f\u00fcr Hochschuldidaktik (Campus02)","isPartOf":{"@id":"https:\/\/www.campus02.at\/hochschuldidaktik\/#website"},"primaryImageOfPage":{"@id":"https:\/\/www.campus02.at\/hochschuldidaktik\/erfolgsgeschichten\/gastkommentar\/up2date\/#primaryimage"},"image":{"@id":"https:\/\/www.campus02.at\/hochschuldidaktik\/erfolgsgeschichten\/gastkommentar\/up2date\/#primaryimage"},"thumbnailUrl":"https:\/\/www.campus02.at\/hochschuldidaktik\/wp-content\/uploads\/sites\/20\/2023\/11\/AdobeStock_602843696-scaled.jpeg","datePublished":"2023-01-10T11:53:31+00:00","dateModified":"2024-03-26T12:38:23+00:00","breadcrumb":{"@id":"https:\/\/www.campus02.at\/hochschuldidaktik\/erfolgsgeschichten\/gastkommentar\/up2date\/#breadcrumb"},"inLanguage":"de","potentialAction":[{"@type":"ReadAction","target":["https:\/\/www.campus02.at\/hochschuldidaktik\/erfolgsgeschichten\/gastkommentar\/up2date\/"]}]},{"@type":"ImageObject","inLanguage":"de","@id":"https:\/\/www.campus02.at\/hochschuldidaktik\/erfolgsgeschichten\/gastkommentar\/up2date\/#primaryimage","url":"https:\/\/www.campus02.at\/hochschuldidaktik\/wp-content\/uploads\/sites\/20\/2023\/11\/AdobeStock_602843696-scaled.jpeg","contentUrl":"https:\/\/www.campus02.at\/hochschuldidaktik\/wp-content\/uploads\/sites\/20\/2023\/11\/AdobeStock_602843696-scaled.jpeg","width":2560,"height":1709,"caption":"Student laptop, phone screen and top view woman typing research project, university paper or study for college exam. School library, floor and e learning person search online for education info."},{"@type":"BreadcrumbList","@id":"https:\/\/www.campus02.at\/hochschuldidaktik\/erfolgsgeschichten\/gastkommentar\/up2date\/#breadcrumb","itemListElement":[{"@type":"ListItem","position":1,"name":"Startseite","item":"https:\/\/www.campus02.at\/hochschuldidaktik\/"},{"@type":"ListItem","position":2,"name":"Erfolgsgeschichten","item":"https:\/\/www.campus02.at\/hochschuldidaktik\/erfolgsgeschichten\/"},{"@type":"ListItem","position":3,"name":"Stimmen aus der Lehre","item":"https:\/\/www.campus02.at\/hochschuldidaktik\/erfolgsgeschichten\/gastkommentar\/"},{"@type":"ListItem","position":4,"name":"Sind wir Up2Date?"}]},{"@type":"WebSite","@id":"https:\/\/www.campus02.at\/hochschuldidaktik\/#website","url":"https:\/\/www.campus02.at\/hochschuldidaktik\/","name":"Zentrum f\u00fcr Hochschuldidaktik (Campus02)","description":"Eine weitere Campus02 Website","publisher":{"@id":"https:\/\/www.campus02.at\/hochschuldidaktik\/#organization"},"potentialAction":[{"@type":"SearchAction","target":{"@type":"EntryPoint","urlTemplate":"https:\/\/www.campus02.at\/hochschuldidaktik\/?s={search_term_string}"},"query-input":{"@type":"PropertyValueSpecification","valueRequired":true,"valueName":"search_term_string"}}],"inLanguage":"de"},{"@type":"Organization","@id":"https:\/\/www.campus02.at\/hochschuldidaktik\/#organization","name":"Zentrum f\u00fcr Hochschuldidaktik (Campus02)","url":"https:\/\/www.campus02.at\/hochschuldidaktik\/","logo":{"@type":"ImageObject","inLanguage":"de","@id":"https:\/\/www.campus02.at\/hochschuldidaktik\/#\/schema\/logo\/image\/","url":"https:\/\/www.campus02.at\/hochschuldidaktik\/wp-content\/uploads\/sites\/20\/2023\/01\/logo-campus02.svg","contentUrl":"https:\/\/www.campus02.at\/hochschuldidaktik\/wp-content\/uploads\/sites\/20\/2023\/01\/logo-campus02.svg","width":770,"height":249,"caption":"Zentrum f\u00fcr Hochschuldidaktik (Campus02)"},"image":{"@id":"https:\/\/www.campus02.at\/hochschuldidaktik\/#\/schema\/logo\/image\/"}}]}},"_links":{"self":[{"href":"https:\/\/www.campus02.at\/hochschuldidaktik\/wp-json\/wp\/v2\/pages\/5285","targetHints":{"allow":["GET"]}}],"collection":[{"href":"https:\/\/www.campus02.at\/hochschuldidaktik\/wp-json\/wp\/v2\/pages"}],"about":[{"href":"https:\/\/www.campus02.at\/hochschuldidaktik\/wp-json\/wp\/v2\/types\/page"}],"author":[{"embeddable":true,"href":"https:\/\/www.campus02.at\/hochschuldidaktik\/wp-json\/wp\/v2\/users\/183"}],"replies":[{"embeddable":true,"href":"https:\/\/www.campus02.at\/hochschuldidaktik\/wp-json\/wp\/v2\/comments?post=5285"}],"version-history":[{"count":7,"href":"https:\/\/www.campus02.at\/hochschuldidaktik\/wp-json\/wp\/v2\/pages\/5285\/revisions"}],"predecessor-version":[{"id":12583,"href":"https:\/\/www.campus02.at\/hochschuldidaktik\/wp-json\/wp\/v2\/pages\/5285\/revisions\/12583"}],"up":[{"embeddable":true,"href":"https:\/\/www.campus02.at\/hochschuldidaktik\/wp-json\/wp\/v2\/pages\/4272"}],"wp:featuredmedia":[{"embeddable":true,"href":"https:\/\/www.campus02.at\/hochschuldidaktik\/wp-json\/wp\/v2\/media\/11353"}],"wp:attachment":[{"href":"https:\/\/www.campus02.at\/hochschuldidaktik\/wp-json\/wp\/v2\/media?parent=5285"}],"wp:term":[{"taxonomy":"author","embeddable":true,"href":"https:\/\/www.campus02.at\/hochschuldidaktik\/wp-json\/wp\/v2\/coauthors?post=5285"}],"curies":[{"name":"wp","href":"https:\/\/api.w.org\/{rel}","templated":true}]}}