{"id":5153,"date":"2022-11-16T14:50:03","date_gmt":"2022-11-16T13:50:03","guid":{"rendered":"https:\/\/www.campus02.at\/hochschuldidaktik\/?page_id=5153"},"modified":"2024-03-26T13:39:04","modified_gmt":"2024-03-26T12:39:04","slug":"warum-der-praxisbezug-in-der-hochschullehre-nicht-fehlen-darf","status":"publish","type":"page","link":"https:\/\/www.campus02.at\/hochschuldidaktik\/erfolgsgeschichten\/gastkommentar\/warum-der-praxisbezug-in-der-hochschullehre-nicht-fehlen-darf\/","title":{"rendered":"Warum der Praxisbezug in der Hochschullehre nicht fehlen darf"},"content":{"rendered":"<div class=\"flex-campus-main flex-campus-main-Text\"><p><img fetchpriority=\"high\" decoding=\"async\" fetchpriority=\"high\" class=\"alignnone size-medium wp-image-5154\" src=\"https:\/\/www.campus02.at\/hochschuldidaktik\/wp-content\/uploads\/sites\/20\/2022\/11\/bernd-jesenko-1-300x200.jpg\" alt=\"\" width=\"300\" height=\"200\" srcset=\"https:\/\/www.campus02.at\/hochschuldidaktik\/wp-content\/uploads\/sites\/20\/2022\/11\/bernd-jesenko-1-300x200.jpg 300w, https:\/\/www.campus02.at\/hochschuldidaktik\/wp-content\/uploads\/sites\/20\/2022\/11\/bernd-jesenko-1-768x512.jpg 768w, https:\/\/www.campus02.at\/hochschuldidaktik\/wp-content\/uploads\/sites\/20\/2022\/11\/bernd-jesenko-1.jpg 900w\" sizes=\"(max-width: 300px) 100vw, 300px\" \/><\/p>\n<h3>Warum der Praxisbezug in der Hochschullehre nicht fehlen darf<\/h3>\n<p>Autor: Berndt Jesenko<\/p>\n<p>Als ich im Wintersemester 2018\/19 an der Fachhochschule CAMPUS 02 meine erste Lehrveranstaltung \u201eSupply Chain Management\u201c im 6. Semester des berufsbegleitenden Bachelorstudiengangs Wirtschaftsinformatik \u00fcbernommen habe, stand ich \u2013 wie wohl auch die meisten anderen Kolleg*innen, die zum ersten Mal an einer Fachhochschule lehren \u2013 vor der Herausforderung, wie ich die teilweise doch theoretischen Inhalte so mit Praxisbez\u00fcgen versehe, dass sie f\u00fcr die Studierenden \u201egreifbarer\u201c werden. Wir widmen uns in der Lehrveranstaltung unter anderem der Frage, wie Lagerfl\u00e4chen in der Logistik optimal genutzt werden k\u00f6nnen. Um solche Fragen zu l\u00f6sen, besch\u00e4ftigen wir uns im Lehrsaal mit unterschiedlich komplexen Technologien und Techniken, die daf\u00fcr theoretisch und praktisch zum Einsatz kommen.<\/p>\n<p>Zu einem guten Teil lassen sich derartige Problemstellungen nur analytisch l\u00f6sen, der Praxisbezug ist auf den ersten Blick oft nur schwer zu verstehen. Aus diesem Grund habe ich mich dazu entschieden, zum inhaltlichen Abschluss der Lehrveranstaltung gegen Semesterende eine F\u00fchrung bei einem der vielen Logistik-Unternehmen in der Steiermark zu machen. Die erste F\u00fchrung haben wir 2018 beim Postverteilerzentrum der \u00d6sterreichischen Post AG in Karlsdorf bekommen.<\/p>\n<p><img decoding=\"async\" class=\"alignnone size-medium wp-image-5164\" src=\"https:\/\/www.campus02.at\/hochschuldidaktik\/wp-content\/uploads\/sites\/20\/2022\/11\/MicrosoftTeams-image-12-300x225.jpg\" alt=\"Exkursion zur Post AG\" width=\"300\" height=\"225\" srcset=\"https:\/\/www.campus02.at\/hochschuldidaktik\/wp-content\/uploads\/sites\/20\/2022\/11\/MicrosoftTeams-image-12-300x225.jpg 300w, https:\/\/www.campus02.at\/hochschuldidaktik\/wp-content\/uploads\/sites\/20\/2022\/11\/MicrosoftTeams-image-12-1024x768.jpg 1024w, https:\/\/www.campus02.at\/hochschuldidaktik\/wp-content\/uploads\/sites\/20\/2022\/11\/MicrosoftTeams-image-12-768x576.jpg 768w, https:\/\/www.campus02.at\/hochschuldidaktik\/wp-content\/uploads\/sites\/20\/2022\/11\/MicrosoftTeams-image-12-1536x1152.jpg 1536w, https:\/\/www.campus02.at\/hochschuldidaktik\/wp-content\/uploads\/sites\/20\/2022\/11\/MicrosoftTeams-image-12-2048x1536.jpg 2048w, https:\/\/www.campus02.at\/hochschuldidaktik\/wp-content\/uploads\/sites\/20\/2022\/11\/MicrosoftTeams-image-12-1920x1440.jpg 1920w\" sizes=\"(max-width: 300px) 100vw, 300px\" \/><\/p>\n<p>Uns wurde dabei zun\u00e4chst in einem umfangreichen Ausma\u00df gezeigt, wie F\u00f6rder- und Lagertechnik bei der \u00d6sterreichischen Post AG im Detail funktioniert. Im Anschluss an die etwa zweist\u00fcndige F\u00fchrung, gab es auch noch eine Fragerunde mit zwei Managern der Post, die sich mit uns in einer angenehmen Atmosph\u00e4re bei Br\u00f6tchen und Getr\u00e4nken unterhielten und die vielen Fragen der Studierenden (und meinerseits) hervorragend beantworteten. Das ausgezeichnete Feedback der Studierenden, die diese F\u00fchrung auch in der Lehrveranstaltungsevaluierung explizit mit vielen positiven Worten hervorhoben, aber auch seitens der Organisatoren der \u00d6sterreichischen Post AG, die sich \u00fcber unser Interesse sehr erfreut gezeigt haben, haben mir verdeutlicht, dass es die absolut richtige Entscheidung war, den Lehrsaal auch einmal zu verlassen und gemeinsam mit den Studierenden f\u00fcr ein paar Stunden tats\u00e4chlich in die Praxis einzutauchen. F\u00fcr mich war es vor allem sch\u00f6n zu sehen, wie einige Studierende deutlich sichtbare \u201eAha-Erlebnisse\u201c hatten \u2013 die Verkn\u00fcpfung von Theorie und Praxis war gelungen, f\u00fcr mich als Lektor ein voller Erfolg.<\/p>\n<p>Leider gab es dann durch die COVID-19 Pandemie f\u00fcr eine Weile keine M\u00f6glichkeiten mehr, in den Genuss von F\u00fchrungen dieser Art zu kommen. Mit den Lockerungen der Pandemie-Regelungen im Jahr 2022 hat sich das aber wieder ge\u00e4ndert und ich konnte mir wieder Gedanken dar\u00fcber machen, welche Unternehmen wir besuchen sollten. Dadurch, dass ich diese Lehrveranstaltung nun in zwei Studieng\u00e4ngen leiten darf (Wirtschaftsinformatik Bachelor und Business Software Development Bachelor), habe ich mich dazu entschlossen, zwei verschiedene F\u00fchrungen zu machen. Einerseits haben wir mit dem Bachelor-Jahrgang Business Software Development wieder die \u00d6sterreichische Post AG besucht, bei der sich seit unserem Besuch 2018 vor allem mit dem Kauf von DHL \u00d6sterreich enorm viel ver\u00e4ndert hat, und andererseits mit dem berufsbegleitenden Bachelor-Studiengang Wirtschaftsinformatik die Knapp AG in Hart bei Graz, die uns in einer umfangreichen F\u00fchrung ihren neuen Showroom pr\u00e4sentiert hat, der technologisch alles zu bieten hat, was ein Logistiker-Herz h\u00f6her schlagen l\u00e4sst.<\/p>\n<p>Auch diese beiden F\u00fchrungen wurden von den Studierenden wieder \u00e4u\u00dferst positiv hervorgehoben, was mich zu meiner abschlie\u00dfenden Botschaft an meine Kolleg*innen kommen l\u00e4sst:<\/p>\n<p>Wenn ihr das Gef\u00fchl habt, dass es inhaltlich teilweise schwierig ist, einen guten Praxisbezug f\u00fcr die Studierenden herzustellen, geht mit ihnen raus und schaut euch eines der vielen hervorragenden Unternehmen an, die wir in der Steiermark haben \u2013 es wird f\u00fcr beide Seiten eine sch\u00f6ne und wertvolle Erfahrung werden.<\/p>\n<h3><\/h3>\n<h3>\u00dcBER DEN AUTOR<\/h3>\n<p>Berndt Jesenko ist hauptberuflicher Lektor an der FH CAMPUS 02 und selbst\u00e4ndiger Unternehmensberater. Er lehrt \u00fcberwiegend wirtschaftliche F\u00e4cher mit Schwerpunkten in den Bereichen Logistik und Gesch\u00e4ftsmodellentwicklung. Sein Forschungsgebiet sind datengetriebene Dienstleistungen und Innovationen.<\/p>\n<p>&nbsp;<\/p>\n<\/div>","protected":false},"excerpt":{"rendered":"<p>Warum der Praxisbezug in der Hochschullehre nicht fehlen darf Autor: Berndt Jesenko Als ich im Wintersemester 2018\/19 an der <a href=\"https:\/\/www.campus02.at\/hochschuldidaktik\/erfolgsgeschichten\/gastkommentar\/warum-der-praxisbezug-in-der-hochschullehre-nicht-fehlen-darf\/\" class=\"more-link\">mehr&hellip;<\/a><\/p>\n","protected":false},"author":183,"featured_media":11349,"parent":4272,"menu_order":1,"comment_status":"closed","ping_status":"closed","template":"","meta":{"_acf_changed":false,"footnotes":""},"coauthors":[62],"class_list":["post-5153","page","type-page","status-publish","has-post-thumbnail","hentry"],"acf":[],"yoast_head":"<!-- This site is optimized with the Yoast SEO plugin v26.9 - https:\/\/yoast.com\/product\/yoast-seo-wordpress\/ -->\n<title>Warum der Praxisbezug in der Hochschullehre nicht fehlen darf - Zentrum f\u00fcr Hochschuldidaktik (Campus02)<\/title>\n<meta name=\"robots\" content=\"index, follow, max-snippet:-1, max-image-preview:large, max-video-preview:-1\" \/>\n<link rel=\"canonical\" href=\"https:\/\/www.campus02.at\/hochschuldidaktik\/erfolgsgeschichten\/gastkommentar\/warum-der-praxisbezug-in-der-hochschullehre-nicht-fehlen-darf\/\" \/>\n<meta property=\"og:locale\" content=\"de_DE\" \/>\n<meta property=\"og:type\" content=\"article\" \/>\n<meta property=\"og:title\" content=\"Warum der Praxisbezug in der Hochschullehre nicht fehlen darf - Zentrum f\u00fcr Hochschuldidaktik (Campus02)\" \/>\n<meta property=\"og:description\" content=\"Warum der Praxisbezug in der Hochschullehre nicht fehlen darf Autor: Berndt Jesenko Als ich im Wintersemester 2018\/19 an der mehr&hellip;\" \/>\n<meta property=\"og:url\" content=\"https:\/\/www.campus02.at\/hochschuldidaktik\/erfolgsgeschichten\/gastkommentar\/warum-der-praxisbezug-in-der-hochschullehre-nicht-fehlen-darf\/\" \/>\n<meta property=\"og:site_name\" content=\"Zentrum f\u00fcr Hochschuldidaktik (Campus02)\" \/>\n<meta property=\"article:modified_time\" content=\"2024-03-26T12:39:04+00:00\" \/>\n<meta property=\"og:image\" content=\"https:\/\/www.campus02.at\/hochschuldidaktik\/wp-content\/uploads\/sites\/20\/2023\/11\/AdobeStock_633513620-scaled.jpeg\" \/>\n\t<meta property=\"og:image:width\" content=\"2560\" \/>\n\t<meta property=\"og:image:height\" content=\"1707\" \/>\n\t<meta property=\"og:image:type\" content=\"image\/jpeg\" \/>\n<meta name=\"twitter:card\" content=\"summary_large_image\" \/>\n<meta name=\"twitter:label1\" content=\"Written by\" \/>\n\t<meta name=\"twitter:data1\" content=\"Egger Christina\" \/>\n<script type=\"application\/ld+json\" class=\"yoast-schema-graph\">{\"@context\":\"https:\/\/schema.org\",\"@graph\":[{\"@type\":\"WebPage\",\"@id\":\"https:\/\/www.campus02.at\/hochschuldidaktik\/erfolgsgeschichten\/gastkommentar\/warum-der-praxisbezug-in-der-hochschullehre-nicht-fehlen-darf\/\",\"url\":\"https:\/\/www.campus02.at\/hochschuldidaktik\/erfolgsgeschichten\/gastkommentar\/warum-der-praxisbezug-in-der-hochschullehre-nicht-fehlen-darf\/\",\"name\":\"Warum der Praxisbezug in der Hochschullehre nicht fehlen darf - Zentrum f\u00fcr Hochschuldidaktik (Campus02)\",\"isPartOf\":{\"@id\":\"https:\/\/www.campus02.at\/hochschuldidaktik\/#website\"},\"primaryImageOfPage\":{\"@id\":\"https:\/\/www.campus02.at\/hochschuldidaktik\/erfolgsgeschichten\/gastkommentar\/warum-der-praxisbezug-in-der-hochschullehre-nicht-fehlen-darf\/#primaryimage\"},\"image\":{\"@id\":\"https:\/\/www.campus02.at\/hochschuldidaktik\/erfolgsgeschichten\/gastkommentar\/warum-der-praxisbezug-in-der-hochschullehre-nicht-fehlen-darf\/#primaryimage\"},\"thumbnailUrl\":\"https:\/\/www.campus02.at\/hochschuldidaktik\/wp-content\/uploads\/sites\/20\/2023\/11\/AdobeStock_633513620-scaled.jpeg\",\"datePublished\":\"2022-11-16T13:50:03+00:00\",\"dateModified\":\"2024-03-26T12:39:04+00:00\",\"breadcrumb\":{\"@id\":\"https:\/\/www.campus02.at\/hochschuldidaktik\/erfolgsgeschichten\/gastkommentar\/warum-der-praxisbezug-in-der-hochschullehre-nicht-fehlen-darf\/#breadcrumb\"},\"inLanguage\":\"de\",\"potentialAction\":[{\"@type\":\"ReadAction\",\"target\":[\"https:\/\/www.campus02.at\/hochschuldidaktik\/erfolgsgeschichten\/gastkommentar\/warum-der-praxisbezug-in-der-hochschullehre-nicht-fehlen-darf\/\"]}]},{\"@type\":\"ImageObject\",\"inLanguage\":\"de\",\"@id\":\"https:\/\/www.campus02.at\/hochschuldidaktik\/erfolgsgeschichten\/gastkommentar\/warum-der-praxisbezug-in-der-hochschullehre-nicht-fehlen-darf\/#primaryimage\",\"url\":\"https:\/\/www.campus02.at\/hochschuldidaktik\/wp-content\/uploads\/sites\/20\/2023\/11\/AdobeStock_633513620-scaled.jpeg\",\"contentUrl\":\"https:\/\/www.campus02.at\/hochschuldidaktik\/wp-content\/uploads\/sites\/20\/2023\/11\/AdobeStock_633513620-scaled.jpeg\",\"width\":2560,\"height\":1707,\"caption\":\"Modern creative office with a whiteboard with post - it notes and sketches in the background. AI generated\"},{\"@type\":\"BreadcrumbList\",\"@id\":\"https:\/\/www.campus02.at\/hochschuldidaktik\/erfolgsgeschichten\/gastkommentar\/warum-der-praxisbezug-in-der-hochschullehre-nicht-fehlen-darf\/#breadcrumb\",\"itemListElement\":[{\"@type\":\"ListItem\",\"position\":1,\"name\":\"Startseite\",\"item\":\"https:\/\/www.campus02.at\/hochschuldidaktik\/\"},{\"@type\":\"ListItem\",\"position\":2,\"name\":\"Erfolgsgeschichten\",\"item\":\"https:\/\/www.campus02.at\/hochschuldidaktik\/erfolgsgeschichten\/\"},{\"@type\":\"ListItem\",\"position\":3,\"name\":\"Stimmen aus der Lehre\",\"item\":\"https:\/\/www.campus02.at\/hochschuldidaktik\/erfolgsgeschichten\/gastkommentar\/\"},{\"@type\":\"ListItem\",\"position\":4,\"name\":\"Warum der Praxisbezug in der Hochschullehre nicht fehlen darf\"}]},{\"@type\":\"WebSite\",\"@id\":\"https:\/\/www.campus02.at\/hochschuldidaktik\/#website\",\"url\":\"https:\/\/www.campus02.at\/hochschuldidaktik\/\",\"name\":\"Zentrum f\u00fcr Hochschuldidaktik (Campus02)\",\"description\":\"Eine weitere Campus02 Website\",\"publisher\":{\"@id\":\"https:\/\/www.campus02.at\/hochschuldidaktik\/#organization\"},\"potentialAction\":[{\"@type\":\"SearchAction\",\"target\":{\"@type\":\"EntryPoint\",\"urlTemplate\":\"https:\/\/www.campus02.at\/hochschuldidaktik\/?s={search_term_string}\"},\"query-input\":{\"@type\":\"PropertyValueSpecification\",\"valueRequired\":true,\"valueName\":\"search_term_string\"}}],\"inLanguage\":\"de\"},{\"@type\":\"Organization\",\"@id\":\"https:\/\/www.campus02.at\/hochschuldidaktik\/#organization\",\"name\":\"Zentrum f\u00fcr Hochschuldidaktik (Campus02)\",\"url\":\"https:\/\/www.campus02.at\/hochschuldidaktik\/\",\"logo\":{\"@type\":\"ImageObject\",\"inLanguage\":\"de\",\"@id\":\"https:\/\/www.campus02.at\/hochschuldidaktik\/#\/schema\/logo\/image\/\",\"url\":\"https:\/\/www.campus02.at\/hochschuldidaktik\/wp-content\/uploads\/sites\/20\/2023\/01\/logo-campus02.svg\",\"contentUrl\":\"https:\/\/www.campus02.at\/hochschuldidaktik\/wp-content\/uploads\/sites\/20\/2023\/01\/logo-campus02.svg\",\"width\":770,\"height\":249,\"caption\":\"Zentrum f\u00fcr Hochschuldidaktik (Campus02)\"},\"image\":{\"@id\":\"https:\/\/www.campus02.at\/hochschuldidaktik\/#\/schema\/logo\/image\/\"}}]}<\/script>\n<!-- \/ Yoast SEO plugin. -->","yoast_head_json":{"title":"Warum der Praxisbezug in der Hochschullehre nicht fehlen darf - Zentrum f\u00fcr Hochschuldidaktik (Campus02)","robots":{"index":"index","follow":"follow","max-snippet":"max-snippet:-1","max-image-preview":"max-image-preview:large","max-video-preview":"max-video-preview:-1"},"canonical":"https:\/\/www.campus02.at\/hochschuldidaktik\/erfolgsgeschichten\/gastkommentar\/warum-der-praxisbezug-in-der-hochschullehre-nicht-fehlen-darf\/","og_locale":"de_DE","og_type":"article","og_title":"Warum der Praxisbezug in der Hochschullehre nicht fehlen darf - Zentrum f\u00fcr Hochschuldidaktik (Campus02)","og_description":"Warum der Praxisbezug in der Hochschullehre nicht fehlen darf Autor: Berndt Jesenko Als ich im Wintersemester 2018\/19 an der mehr&hellip;","og_url":"https:\/\/www.campus02.at\/hochschuldidaktik\/erfolgsgeschichten\/gastkommentar\/warum-der-praxisbezug-in-der-hochschullehre-nicht-fehlen-darf\/","og_site_name":"Zentrum f\u00fcr Hochschuldidaktik (Campus02)","article_modified_time":"2024-03-26T12:39:04+00:00","og_image":[{"width":2560,"height":1707,"url":"https:\/\/www.campus02.at\/hochschuldidaktik\/wp-content\/uploads\/sites\/20\/2023\/11\/AdobeStock_633513620-scaled.jpeg","type":"image\/jpeg"}],"twitter_card":"summary_large_image","twitter_misc":{"Written by":"Egger Christina"},"schema":{"@context":"https:\/\/schema.org","@graph":[{"@type":"WebPage","@id":"https:\/\/www.campus02.at\/hochschuldidaktik\/erfolgsgeschichten\/gastkommentar\/warum-der-praxisbezug-in-der-hochschullehre-nicht-fehlen-darf\/","url":"https:\/\/www.campus02.at\/hochschuldidaktik\/erfolgsgeschichten\/gastkommentar\/warum-der-praxisbezug-in-der-hochschullehre-nicht-fehlen-darf\/","name":"Warum der Praxisbezug in der Hochschullehre nicht fehlen darf - Zentrum f\u00fcr Hochschuldidaktik (Campus02)","isPartOf":{"@id":"https:\/\/www.campus02.at\/hochschuldidaktik\/#website"},"primaryImageOfPage":{"@id":"https:\/\/www.campus02.at\/hochschuldidaktik\/erfolgsgeschichten\/gastkommentar\/warum-der-praxisbezug-in-der-hochschullehre-nicht-fehlen-darf\/#primaryimage"},"image":{"@id":"https:\/\/www.campus02.at\/hochschuldidaktik\/erfolgsgeschichten\/gastkommentar\/warum-der-praxisbezug-in-der-hochschullehre-nicht-fehlen-darf\/#primaryimage"},"thumbnailUrl":"https:\/\/www.campus02.at\/hochschuldidaktik\/wp-content\/uploads\/sites\/20\/2023\/11\/AdobeStock_633513620-scaled.jpeg","datePublished":"2022-11-16T13:50:03+00:00","dateModified":"2024-03-26T12:39:04+00:00","breadcrumb":{"@id":"https:\/\/www.campus02.at\/hochschuldidaktik\/erfolgsgeschichten\/gastkommentar\/warum-der-praxisbezug-in-der-hochschullehre-nicht-fehlen-darf\/#breadcrumb"},"inLanguage":"de","potentialAction":[{"@type":"ReadAction","target":["https:\/\/www.campus02.at\/hochschuldidaktik\/erfolgsgeschichten\/gastkommentar\/warum-der-praxisbezug-in-der-hochschullehre-nicht-fehlen-darf\/"]}]},{"@type":"ImageObject","inLanguage":"de","@id":"https:\/\/www.campus02.at\/hochschuldidaktik\/erfolgsgeschichten\/gastkommentar\/warum-der-praxisbezug-in-der-hochschullehre-nicht-fehlen-darf\/#primaryimage","url":"https:\/\/www.campus02.at\/hochschuldidaktik\/wp-content\/uploads\/sites\/20\/2023\/11\/AdobeStock_633513620-scaled.jpeg","contentUrl":"https:\/\/www.campus02.at\/hochschuldidaktik\/wp-content\/uploads\/sites\/20\/2023\/11\/AdobeStock_633513620-scaled.jpeg","width":2560,"height":1707,"caption":"Modern creative office with a whiteboard with post - it notes and sketches in the background. AI generated"},{"@type":"BreadcrumbList","@id":"https:\/\/www.campus02.at\/hochschuldidaktik\/erfolgsgeschichten\/gastkommentar\/warum-der-praxisbezug-in-der-hochschullehre-nicht-fehlen-darf\/#breadcrumb","itemListElement":[{"@type":"ListItem","position":1,"name":"Startseite","item":"https:\/\/www.campus02.at\/hochschuldidaktik\/"},{"@type":"ListItem","position":2,"name":"Erfolgsgeschichten","item":"https:\/\/www.campus02.at\/hochschuldidaktik\/erfolgsgeschichten\/"},{"@type":"ListItem","position":3,"name":"Stimmen aus der Lehre","item":"https:\/\/www.campus02.at\/hochschuldidaktik\/erfolgsgeschichten\/gastkommentar\/"},{"@type":"ListItem","position":4,"name":"Warum der Praxisbezug in der Hochschullehre nicht fehlen darf"}]},{"@type":"WebSite","@id":"https:\/\/www.campus02.at\/hochschuldidaktik\/#website","url":"https:\/\/www.campus02.at\/hochschuldidaktik\/","name":"Zentrum f\u00fcr Hochschuldidaktik (Campus02)","description":"Eine weitere Campus02 Website","publisher":{"@id":"https:\/\/www.campus02.at\/hochschuldidaktik\/#organization"},"potentialAction":[{"@type":"SearchAction","target":{"@type":"EntryPoint","urlTemplate":"https:\/\/www.campus02.at\/hochschuldidaktik\/?s={search_term_string}"},"query-input":{"@type":"PropertyValueSpecification","valueRequired":true,"valueName":"search_term_string"}}],"inLanguage":"de"},{"@type":"Organization","@id":"https:\/\/www.campus02.at\/hochschuldidaktik\/#organization","name":"Zentrum f\u00fcr Hochschuldidaktik (Campus02)","url":"https:\/\/www.campus02.at\/hochschuldidaktik\/","logo":{"@type":"ImageObject","inLanguage":"de","@id":"https:\/\/www.campus02.at\/hochschuldidaktik\/#\/schema\/logo\/image\/","url":"https:\/\/www.campus02.at\/hochschuldidaktik\/wp-content\/uploads\/sites\/20\/2023\/01\/logo-campus02.svg","contentUrl":"https:\/\/www.campus02.at\/hochschuldidaktik\/wp-content\/uploads\/sites\/20\/2023\/01\/logo-campus02.svg","width":770,"height":249,"caption":"Zentrum f\u00fcr Hochschuldidaktik (Campus02)"},"image":{"@id":"https:\/\/www.campus02.at\/hochschuldidaktik\/#\/schema\/logo\/image\/"}}]}},"_links":{"self":[{"href":"https:\/\/www.campus02.at\/hochschuldidaktik\/wp-json\/wp\/v2\/pages\/5153","targetHints":{"allow":["GET"]}}],"collection":[{"href":"https:\/\/www.campus02.at\/hochschuldidaktik\/wp-json\/wp\/v2\/pages"}],"about":[{"href":"https:\/\/www.campus02.at\/hochschuldidaktik\/wp-json\/wp\/v2\/types\/page"}],"author":[{"embeddable":true,"href":"https:\/\/www.campus02.at\/hochschuldidaktik\/wp-json\/wp\/v2\/users\/183"}],"replies":[{"embeddable":true,"href":"https:\/\/www.campus02.at\/hochschuldidaktik\/wp-json\/wp\/v2\/comments?post=5153"}],"version-history":[{"count":7,"href":"https:\/\/www.campus02.at\/hochschuldidaktik\/wp-json\/wp\/v2\/pages\/5153\/revisions"}],"predecessor-version":[{"id":12585,"href":"https:\/\/www.campus02.at\/hochschuldidaktik\/wp-json\/wp\/v2\/pages\/5153\/revisions\/12585"}],"up":[{"embeddable":true,"href":"https:\/\/www.campus02.at\/hochschuldidaktik\/wp-json\/wp\/v2\/pages\/4272"}],"wp:featuredmedia":[{"embeddable":true,"href":"https:\/\/www.campus02.at\/hochschuldidaktik\/wp-json\/wp\/v2\/media\/11349"}],"wp:attachment":[{"href":"https:\/\/www.campus02.at\/hochschuldidaktik\/wp-json\/wp\/v2\/media?parent=5153"}],"wp:term":[{"taxonomy":"author","embeddable":true,"href":"https:\/\/www.campus02.at\/hochschuldidaktik\/wp-json\/wp\/v2\/coauthors?post=5153"}],"curies":[{"name":"wp","href":"https:\/\/api.w.org\/{rel}","templated":true}]}}