{"id":4272,"date":"2022-02-28T15:17:45","date_gmt":"2022-02-28T14:17:45","guid":{"rendered":"https:\/\/www.campus02.at\/hochschuldidaktik\/?page_id=4272"},"modified":"2023-11-08T07:56:08","modified_gmt":"2023-11-08T06:56:08","slug":"gastkommentar","status":"publish","type":"page","link":"https:\/\/www.campus02.at\/hochschuldidaktik\/erfolgsgeschichten\/gastkommentar\/","title":{"rendered":"Stimmen aus der Lehre"},"content":{"rendered":"<div class=\"flex-campus-main flex-campus-main-Heading\"><h1>Stimmen aus der Lehre<\/h1><\/div><div class=\"flex-campus-main flex-campus-main-Text\"><p>In unserer Beitragsreihe &#8222;Stimmen aus der Lehre&#8220; erz\u00e4hlen Lehrende der FH CAMPUS 02 von ihren Erfahrungen aus der Lehre. Dabei geben sie nicht nur einen spannenden Einblick in ihre didaktischen \u00dcberlegungen, sondern auch hilfreiche Tipps und kreative L\u00f6sungsans\u00e4tze f\u00fcr altbekannte Probleme in der Lehre.<\/p>\n<p>&nbsp;<\/p>\n<p>&nbsp;<\/p>\n<p><i class=\"fa fa-location-arrow \"><\/i> <strong>Um zu den einzelnen Beitr\u00e4gen zu gelangen, klicken Sie einfach auf das entsprechende Bild.<\/strong><\/p>\n<p>&nbsp;<\/p>\n<\/div><div class=\"flex-campus-main flex-campus-main-Heading\"><h3>Beitr\u00e4ge:<\/h3><\/div><div class=\"flex-campus-main flex-campus-main-Image\"><figure><a href=\"https:\/\/www.campus02.at\/hochschuldidaktik\/erfolgsgeschichten\/gastkommentar\/das-interaktive-buch-zur-aufbereitung-von-lehrinhalten\/\"><img decoding=\"async\" src=\"https:\/\/www.campus02.at\/hochschuldidaktik\/wp-content\/uploads\/sites\/20\/2023\/10\/Waldner-Beitrag.png\" class=\"img-responsive\" alt=\"Stimmen aus der Lehre\" \/><\/a><\/figure><\/div><div class=\"flex-campus-main flex-campus-main-Text\"><h4><a href=\"https:\/\/www.campus02.at\/hochschuldidaktik\/erfolgsgeschichten\/gastkommentar\/das-interaktive-buch-zur-aufbereitung-von-lehrinhalten\/\">Das interaktive Buch zur Aufbereitung von Lehrinhalten<\/a><\/h4>\n<p>Autorin: Anna Waldner<\/p>\n<\/div><div class=\"flex-campus-main flex-campus-main-Image\"><figure><a href=\"https:\/\/www.campus02.at\/hochschuldidaktik\/erfolgsgeschichten\/gastkommentar\/greenscreen-innolab\/\"><img decoding=\"async\" src=\"https:\/\/www.campus02.at\/hochschuldidaktik\/wp-content\/uploads\/sites\/20\/2023\/09\/Schreyer-Beitrag.png\" class=\"img-responsive\" alt=\"Beitrag\" \/><\/a><\/figure><\/div><div class=\"flex-campus-main flex-campus-main-Text\"><h4><a href=\"https:\/\/www.campus02.at\/hochschuldidaktik\/erfolgsgeschichten\/gastkommentar\/greenscreen-innolab\/\">Nicht gr\u00fcn hinter den Ohren: Greenscreen-Knowhow-Aufbau mit dem ZHD<\/a><\/h4>\n<p>Autorin: Elisabeth Schreyer<\/p>\n<\/div><div class=\"flex-campus-main flex-campus-main-Image\"><figure><a href=\"https:\/\/www.campus02.at\/hochschuldidaktik\/erfolgsgeschichten\/gastkommentar\/one-step-closer-projektarbeit-versus-pruefung\/\"><img decoding=\"async\" src=\"https:\/\/www.campus02.at\/hochschuldidaktik\/wp-content\/uploads\/sites\/20\/2023\/07\/Wieser-Beitrag.png\" class=\"img-responsive\" alt=\"Beitrag\" \/><\/a><\/figure><\/div><div class=\"flex-campus-main flex-campus-main-Text\"><h4><a href=\"https:\/\/www.campus02.at\/hochschuldidaktik\/erfolgsgeschichten\/gastkommentar\/one-step-closer-projektarbeit-versus-pruefung\/\">One step closer: Projektarbeit versus Pr\u00fcfung<\/a><\/h4>\n<p>Autor: J\u00fcrgen Wieser<\/p>\n<\/div><div class=\"flex-campus-main flex-campus-main-Image\"><figure><a href=\"https:\/\/www.campus02.at\/hochschuldidaktik\/erfolgsgeschichten\/gastkommentar\/moodle-tests-hochschullehre\/\"><img decoding=\"async\" src=\"https:\/\/www.campus02.at\/hochschuldidaktik\/wp-content\/uploads\/sites\/20\/2023\/06\/Waldbauer-Beitrag.png\" class=\"img-responsive\" alt=\"Beitrag\" \/><\/a><\/figure><\/div><div class=\"flex-campus-main flex-campus-main-Text\"><h4><a href=\"https:\/\/www.campus02.at\/hochschuldidaktik\/erfolgsgeschichten\/gastkommentar\/moodle-tests-hochschullehre\/\">Meine Erfahrungen mit dem Einsatz des &#8222;Moodle-Tests&#8220; in der Hochschullehre<\/a><\/h4>\n<p>Autor: Thomas Waldbauer<\/p>\n<\/div><div class=\"flex-campus-main flex-campus-main-Image\"><figure><a href=\"https:\/\/www.campus02.at\/hochschuldidaktik\/erfolgsgeschichten\/gastkommentar\/next-level-im-management-von-studierendenprojekten\/\"><img decoding=\"async\" src=\"https:\/\/www.campus02.at\/hochschuldidaktik\/wp-content\/uploads\/sites\/20\/2023\/05\/Thaller-Beitrag.png\" class=\"img-responsive\" alt=\"Beitrag\" \/><\/a><\/figure><\/div><div class=\"flex-campus-main flex-campus-main-Text\"><h4><a href=\"https:\/\/www.campus02.at\/hochschuldidaktik\/erfolgsgeschichten\/gastkommentar\/next-level-im-management-von-studierendenprojekten\/\">Next Level im Management von Studierendenprojekten<\/a><\/h4>\n<p>Autoren: Ren\u00e9 Thaller &amp; Tobias Drugowitsch<\/p>\n<\/div><div class=\"flex-campus-main flex-campus-main-Image\"><figure><a href=\"https:\/\/www.campus02.at\/hochschuldidaktik\/erfolgsgeschichten\/gastkommentar\/das-poster-als-alternative-leistungsfeststellung\/\"><img decoding=\"async\" src=\"https:\/\/www.campus02.at\/hochschuldidaktik\/wp-content\/uploads\/sites\/20\/2023\/04\/Das-Poster-alternative-Leistungsfestellung-1.png\" class=\"img-responsive\" alt=\"Beitrag\" \/><\/a><\/figure><\/div><div class=\"flex-campus-main flex-campus-main-Text\"><h4><a href=\"https:\/\/www.campus02.at\/hochschuldidaktik\/erfolgsgeschichten\/gastkommentar\/das-poster-als-alternative-leistungsfeststellung\/\"><strong>Das Poster &#8211; eine untersch\u00e4tzte Alternative zur klassischen Leistungsbeurteilung<\/strong><\/a><\/h4>\n<p>Autor: Stephan Heckmann<\/p>\n<\/div><div class=\"flex-campus-main flex-campus-main-Image\"><figure><a href=\"https:\/\/www.campus02.at\/hochschuldidaktik\/erfolgsgeschichten\/gastkommentar\/ki-in-der-hochschullehre\/\"><img decoding=\"async\" src=\"https:\/\/www.campus02.at\/hochschuldidaktik\/wp-content\/uploads\/sites\/20\/2023\/04\/KI-in-der-Hochschullehre.png\" class=\"img-responsive\" alt=\"Beitrag\" \/><\/a><\/figure><\/div><div class=\"flex-campus-main flex-campus-main-Text\"><h4><a href=\"https:\/\/www.campus02.at\/hochschuldidaktik\/erfolgsgeschichten\/gastkommentar\/ki-in-der-hochschullehre\/\"><strong>K\u00fcnstliche Intelligenz (KI) in der Hochschullehre<\/strong><\/a><\/h4>\n<p>Autorin: Vida Bicman<\/p>\n<\/div><div class=\"flex-campus-main flex-campus-main-Image\"><figure><a href=\"https:\/\/www.campus02.at\/hochschuldidaktik\/erfolgsgeschichten\/gastkommentar\/up2date\/\"><img decoding=\"async\" src=\"https:\/\/www.campus02.at\/hochschuldidaktik\/wp-content\/uploads\/sites\/20\/2023\/01\/Up2Date-Gerzic-.png\" class=\"img-responsive\" alt=\"Beitrag\" \/><\/a><\/figure><\/div><div class=\"flex-campus-main flex-campus-main-Text\"><h4><strong><a href=\"https:\/\/www.campus02.at\/hochschuldidaktik\/erfolgsgeschichten\/gastkommentar\/up2date\/\">Sind wir Up2Date?<\/a><\/strong><\/h4>\n<p>Autor: Harris Gerzic<\/p>\n<\/div><div class=\"flex-campus-main flex-campus-main-Image\"><figure><a href=\"https:\/\/www.campus02.at\/hochschuldidaktik\/erfolgsgeschichten\/gastkommentar\/study-and-sail\/\"><img decoding=\"async\" src=\"https:\/\/www.campus02.at\/hochschuldidaktik\/wp-content\/uploads\/sites\/20\/2022\/12\/Study-and-Sail.png\" class=\"img-responsive\" alt=\"Beitrag\" \/><\/a><\/figure><\/div><div class=\"flex-campus-main flex-campus-main-Text\"><h4><a href=\"https:\/\/www.campus02.at\/hochschuldidaktik\/erfolgsgeschichten\/gastkommentar\/study-and-sail\/\"><b>Study and Sail<\/b><\/a><\/h4>\n<p>Autor: Gernot Hofer<\/p>\n<\/div><div class=\"flex-campus-main flex-campus-main-Image\"><figure><a href=\"https:\/\/www.campus02.at\/hochschuldidaktik\/?page_id=5153&amp;preview=true\"><img decoding=\"async\" src=\"https:\/\/www.campus02.at\/hochschuldidaktik\/wp-content\/uploads\/sites\/20\/2022\/11\/Jesenko_Stimmen-aus-der-Lehre-klein-1.png\" class=\"img-responsive\" alt=\"Beitrag\" \/><\/a><\/figure><\/div><div class=\"flex-campus-main flex-campus-main-Text\"><h4><a href=\"https:\/\/www.campus02.at\/hochschuldidaktik\/?page_id=5153&amp;preview=true\"><b>Warum der Praxisbezug in der Hochschullehre nicht fehlen darf<\/b><\/a><\/h4>\n<p>Autor: Berndt Jesenko<\/p>\n<\/div><div class=\"flex-campus-main flex-campus-main-Image\"><figure><a href=\"https:\/\/www.campus02.at\/hochschuldidaktik\/erfolgsgeschichten\/gastkommentar\/die-verwendung-von-mentimeter-in-der-hochschullehre\/\"><img decoding=\"async\" src=\"https:\/\/www.campus02.at\/hochschuldidaktik\/wp-content\/uploads\/sites\/20\/2022\/08\/Die-Verwendung-von-Mentimeter-in-der-Hochschullehre.png\" class=\"img-responsive\" alt=\"Beitrag\" \/><\/a><\/figure><\/div><div class=\"flex-campus-main flex-campus-main-Text\"><h4><a href=\"https:\/\/www.campus02.at\/hochschuldidaktik\/erfolgsgeschichten\/gastkommentar\/study-and-sail\/\"><b>Die Verwendung von Mentimeter in der Hochschule<\/b><\/a><\/h4>\n<p><a href=\"https:\/\/www.campus02.at\/hochschuldidaktik\/erfolgsgeschichten\/gastkommentar\/study-and-sail\/\">Autorin: Karen Dennis<\/a><\/p>\n<\/div><div class=\"flex-campus-main flex-campus-main-Image\"><figure><a href=\"https:\/\/www.campus02.at\/hochschuldidaktik\/erfolgsgeschichten\/gastkommentar\/vor-und-nachteile-eines-online-kurses\/\"><img decoding=\"async\" src=\"https:\/\/www.campus02.at\/hochschuldidaktik\/wp-content\/uploads\/sites\/20\/2022\/07\/Matuschik_Archan_Stimmen-aus-der-Lehre-e1658303290125.png\" class=\"img-responsive\" alt=\"Beitrag\" \/><\/a><\/figure><\/div><div class=\"flex-campus-main flex-campus-main-Text\"><h4><a href=\"https:\/\/www.campus02.at\/hochschuldidaktik\/erfolgsgeschichten\/gastkommentar\/vor-und-nachteile-eines-online-kurses\/\"><strong>Vor- und Nachteile eines Online-Kurses<\/strong><\/a><\/h4>\n<p>Autorinnen: Birgit Hefner-Matuschik, Dagmar Archan<\/p>\n<p>&nbsp;<\/p>\n<\/div><div class=\"flex-campus-main flex-campus-main-Image\"><figure><a href=\"https:\/\/www.campus02.at\/hochschuldidaktik\/erfolgsgeschichten\/gastkommentar\/oberzaucher-welchen-didaktischen-nutzen-hat-der-einsatz-von-h5p-fuer-mich-in-der-lehre\/\"><img decoding=\"async\" src=\"https:\/\/www.campus02.at\/hochschuldidaktik\/wp-content\/uploads\/sites\/20\/2022\/06\/Oberzaucher_Stimmen-aus-der-Lehre-e1656505817806.png\" class=\"img-responsive\" alt=\"Beitrag\" \/><\/a><\/figure><\/div><div class=\"flex-campus-main flex-campus-main-Text\"><h4><a href=\"https:\/\/www.campus02.at\/hochschuldidaktik\/erfolgsgeschichten\/gastkommentar\/oberzaucher-welchen-didaktischen-nutzen-hat-der-einsatz-von-h5p-fuer-mich-in-der-lehre\/\"><strong>Welchen didaktischen Nutzen hat der Einsatz von H5P f\u00fcr mich in der Lehre?<\/strong><\/a><\/h4>\n<p>Autorin: Astrid Oberzaucher<\/p>\n<p>&nbsp;<\/p>\n<\/div><div class=\"flex-campus-main flex-campus-main-Image\"><figure><a href=\"https:\/\/www.campus02.at\/hochschuldidaktik\/erfolgsgeschichten\/gastkommentar\/loibl-kerschbaumer-kappel-leistungsfeststellung-im-internationalen-vergleich\/\"><img decoding=\"async\" src=\"https:\/\/www.campus02.at\/hochschuldidaktik\/wp-content\/uploads\/sites\/20\/2022\/06\/LoiblKerschbaumerKappel_Stimmen-aus-der-Lehre-Kopie.png\" class=\"img-responsive\" alt=\"Beitrag\" \/><\/a><\/figure><\/div><div class=\"flex-campus-main flex-campus-main-Text\"><h4><a href=\"https:\/\/www.campus02.at\/hochschuldidaktik\/erfolgsgeschichten\/gastkommentar\/loibl-kerschbaumer-kappel-leistungsfeststellung-im-internationalen-vergleich\/\"><b>Leistungsfeststellung im (internationalen) Vergleich<\/b><\/a><\/h4>\n<p>Autoren: Wilhelm Loibl, Ren\u00e9 Hubert Kerschbaumer, Dietmar Kappel<\/p>\n<p>&nbsp;<\/p>\n<\/div><div class=\"flex-campus-main flex-campus-main-Image\"><figure><a href=\"https:\/\/www.campus02.at\/hochschuldidaktik\/erfolgsgeschichten\/gastkommentar\/kann-uns-data-science-helfen-lernende-besser-zu-verstehen\/ \"><img decoding=\"async\" src=\"https:\/\/www.campus02.at\/hochschuldidaktik\/wp-content\/uploads\/sites\/20\/2022\/04\/SOFTIC-Vorschau.png\" class=\"img-responsive\" alt=\"Beitrag\" \/><\/a><\/figure><\/div><div class=\"flex-campus-main flex-campus-main-Text\"><h4><a href=\"https:\/\/www.campus02.at\/hochschuldidaktik\/erfolgsgeschichten\/gastkommentar\/kann-uns-data-science-helfen-lernende-besser-zu-verstehen\/\"><strong>Kann uns Data Science helfen Lernende besser zu verstehen?<\/strong><\/a><\/h4>\n<p>Autor: Selver Softic<\/p>\n<p>&nbsp;<\/p>\n<\/div><div class=\"flex-campus-main flex-campus-main-Image\"><figure><a href=\"https:\/\/www.campus02.at\/hochschuldidaktik\/erfolgsgeschichten\/gastkommentar\/gregor-reautschnig-warum-ich-teams-auch-in-der-praesenz-verwende\/\"><img decoding=\"async\" src=\"https:\/\/www.campus02.at\/hochschuldidaktik\/wp-content\/uploads\/sites\/20\/2022\/03\/Stimmen-aus-der-Lehre-1-e1646328391732.png\" class=\"img-responsive\" alt=\"Beitrag\" \/><\/a><\/figure><\/div><div class=\"flex-campus-main flex-campus-main-Text\"><h4><a href=\"https:\/\/www.campus02.at\/hochschuldidaktik\/erfolgsgeschichten\/gastkommentar\/gregor-reautschnig-warum-ich-teams-auch-in-der-praesenz-verwende\/\"><strong>Warum ich Teams auch in der Pr\u00e4senz verwende (zumindest dann, wenn im H\u00f6rsaal PCs zur Verf\u00fcgung stehen)<\/strong><\/a><\/h4>\n<p>Autor: Gregor Reautschnig<\/p>\n<p>&nbsp;<\/p>\n<\/div>","protected":false},"excerpt":{"rendered":"<p>Stimmen aus der LehreIn unserer Beitragsreihe &#8222;Stimmen aus der Lehre&#8220; erz\u00e4hlen Lehrende der FH CAMPUS 02 von ihren <a href=\"https:\/\/www.campus02.at\/hochschuldidaktik\/erfolgsgeschichten\/gastkommentar\/\" class=\"more-link\">mehr&hellip;<\/a><\/p>\n","protected":false},"author":135,"featured_media":0,"parent":519,"menu_order":3,"comment_status":"closed","ping_status":"closed","template":"","meta":{"_acf_changed":false,"footnotes":""},"coauthors":[40],"class_list":["post-4272","page","type-page","status-publish","hentry"],"acf":[],"yoast_head":"<!-- This site is optimized with the Yoast SEO plugin v26.9 - https:\/\/yoast.com\/product\/yoast-seo-wordpress\/ -->\n<title>Stimmen aus der Lehre - Zentrum f\u00fcr Hochschuldidaktik (Campus02)<\/title>\n<meta name=\"robots\" content=\"index, follow, max-snippet:-1, max-image-preview:large, max-video-preview:-1\" \/>\n<link rel=\"canonical\" href=\"https:\/\/www.campus02.at\/hochschuldidaktik\/erfolgsgeschichten\/gastkommentar\/\" \/>\n<meta property=\"og:locale\" content=\"de_DE\" \/>\n<meta property=\"og:type\" content=\"article\" \/>\n<meta property=\"og:title\" content=\"Stimmen aus der Lehre - Zentrum f\u00fcr Hochschuldidaktik (Campus02)\" \/>\n<meta property=\"og:description\" content=\"Stimmen aus der LehreIn unserer Beitragsreihe &#8222;Stimmen aus der Lehre&#8220; erz\u00e4hlen Lehrende der FH CAMPUS 02 von ihren mehr&hellip;\" \/>\n<meta property=\"og:url\" content=\"https:\/\/www.campus02.at\/hochschuldidaktik\/erfolgsgeschichten\/gastkommentar\/\" \/>\n<meta property=\"og:site_name\" content=\"Zentrum f\u00fcr Hochschuldidaktik (Campus02)\" \/>\n<meta property=\"article:modified_time\" content=\"2023-11-08T06:56:08+00:00\" \/>\n<meta name=\"twitter:card\" content=\"summary_large_image\" \/>\n<script type=\"application\/ld+json\" class=\"yoast-schema-graph\">{\"@context\":\"https:\/\/schema.org\",\"@graph\":[{\"@type\":\"WebPage\",\"@id\":\"https:\/\/www.campus02.at\/hochschuldidaktik\/erfolgsgeschichten\/gastkommentar\/\",\"url\":\"https:\/\/www.campus02.at\/hochschuldidaktik\/erfolgsgeschichten\/gastkommentar\/\",\"name\":\"Stimmen aus der Lehre - Zentrum f\u00fcr Hochschuldidaktik (Campus02)\",\"isPartOf\":{\"@id\":\"https:\/\/www.campus02.at\/hochschuldidaktik\/#website\"},\"datePublished\":\"2022-02-28T14:17:45+00:00\",\"dateModified\":\"2023-11-08T06:56:08+00:00\",\"breadcrumb\":{\"@id\":\"https:\/\/www.campus02.at\/hochschuldidaktik\/erfolgsgeschichten\/gastkommentar\/#breadcrumb\"},\"inLanguage\":\"de\",\"potentialAction\":[{\"@type\":\"ReadAction\",\"target\":[\"https:\/\/www.campus02.at\/hochschuldidaktik\/erfolgsgeschichten\/gastkommentar\/\"]}]},{\"@type\":\"BreadcrumbList\",\"@id\":\"https:\/\/www.campus02.at\/hochschuldidaktik\/erfolgsgeschichten\/gastkommentar\/#breadcrumb\",\"itemListElement\":[{\"@type\":\"ListItem\",\"position\":1,\"name\":\"Startseite\",\"item\":\"https:\/\/www.campus02.at\/hochschuldidaktik\/\"},{\"@type\":\"ListItem\",\"position\":2,\"name\":\"Erfolgsgeschichten\",\"item\":\"https:\/\/www.campus02.at\/hochschuldidaktik\/erfolgsgeschichten\/\"},{\"@type\":\"ListItem\",\"position\":3,\"name\":\"Stimmen aus der Lehre\"}]},{\"@type\":\"WebSite\",\"@id\":\"https:\/\/www.campus02.at\/hochschuldidaktik\/#website\",\"url\":\"https:\/\/www.campus02.at\/hochschuldidaktik\/\",\"name\":\"Zentrum f\u00fcr Hochschuldidaktik (Campus02)\",\"description\":\"Eine weitere Campus02 Website\",\"publisher\":{\"@id\":\"https:\/\/www.campus02.at\/hochschuldidaktik\/#organization\"},\"potentialAction\":[{\"@type\":\"SearchAction\",\"target\":{\"@type\":\"EntryPoint\",\"urlTemplate\":\"https:\/\/www.campus02.at\/hochschuldidaktik\/?s={search_term_string}\"},\"query-input\":{\"@type\":\"PropertyValueSpecification\",\"valueRequired\":true,\"valueName\":\"search_term_string\"}}],\"inLanguage\":\"de\"},{\"@type\":\"Organization\",\"@id\":\"https:\/\/www.campus02.at\/hochschuldidaktik\/#organization\",\"name\":\"Zentrum f\u00fcr Hochschuldidaktik (Campus02)\",\"url\":\"https:\/\/www.campus02.at\/hochschuldidaktik\/\",\"logo\":{\"@type\":\"ImageObject\",\"inLanguage\":\"de\",\"@id\":\"https:\/\/www.campus02.at\/hochschuldidaktik\/#\/schema\/logo\/image\/\",\"url\":\"https:\/\/www.campus02.at\/hochschuldidaktik\/wp-content\/uploads\/sites\/20\/2023\/01\/logo-campus02.svg\",\"contentUrl\":\"https:\/\/www.campus02.at\/hochschuldidaktik\/wp-content\/uploads\/sites\/20\/2023\/01\/logo-campus02.svg\",\"width\":770,\"height\":249,\"caption\":\"Zentrum f\u00fcr Hochschuldidaktik (Campus02)\"},\"image\":{\"@id\":\"https:\/\/www.campus02.at\/hochschuldidaktik\/#\/schema\/logo\/image\/\"}}]}<\/script>\n<!-- \/ Yoast SEO plugin. -->","yoast_head_json":{"title":"Stimmen aus der Lehre - Zentrum f\u00fcr Hochschuldidaktik (Campus02)","robots":{"index":"index","follow":"follow","max-snippet":"max-snippet:-1","max-image-preview":"max-image-preview:large","max-video-preview":"max-video-preview:-1"},"canonical":"https:\/\/www.campus02.at\/hochschuldidaktik\/erfolgsgeschichten\/gastkommentar\/","og_locale":"de_DE","og_type":"article","og_title":"Stimmen aus der Lehre - Zentrum f\u00fcr Hochschuldidaktik (Campus02)","og_description":"Stimmen aus der LehreIn unserer Beitragsreihe &#8222;Stimmen aus der Lehre&#8220; erz\u00e4hlen Lehrende der FH CAMPUS 02 von ihren mehr&hellip;","og_url":"https:\/\/www.campus02.at\/hochschuldidaktik\/erfolgsgeschichten\/gastkommentar\/","og_site_name":"Zentrum f\u00fcr Hochschuldidaktik (Campus02)","article_modified_time":"2023-11-08T06:56:08+00:00","twitter_card":"summary_large_image","schema":{"@context":"https:\/\/schema.org","@graph":[{"@type":"WebPage","@id":"https:\/\/www.campus02.at\/hochschuldidaktik\/erfolgsgeschichten\/gastkommentar\/","url":"https:\/\/www.campus02.at\/hochschuldidaktik\/erfolgsgeschichten\/gastkommentar\/","name":"Stimmen aus der Lehre - Zentrum f\u00fcr Hochschuldidaktik (Campus02)","isPartOf":{"@id":"https:\/\/www.campus02.at\/hochschuldidaktik\/#website"},"datePublished":"2022-02-28T14:17:45+00:00","dateModified":"2023-11-08T06:56:08+00:00","breadcrumb":{"@id":"https:\/\/www.campus02.at\/hochschuldidaktik\/erfolgsgeschichten\/gastkommentar\/#breadcrumb"},"inLanguage":"de","potentialAction":[{"@type":"ReadAction","target":["https:\/\/www.campus02.at\/hochschuldidaktik\/erfolgsgeschichten\/gastkommentar\/"]}]},{"@type":"BreadcrumbList","@id":"https:\/\/www.campus02.at\/hochschuldidaktik\/erfolgsgeschichten\/gastkommentar\/#breadcrumb","itemListElement":[{"@type":"ListItem","position":1,"name":"Startseite","item":"https:\/\/www.campus02.at\/hochschuldidaktik\/"},{"@type":"ListItem","position":2,"name":"Erfolgsgeschichten","item":"https:\/\/www.campus02.at\/hochschuldidaktik\/erfolgsgeschichten\/"},{"@type":"ListItem","position":3,"name":"Stimmen aus der Lehre"}]},{"@type":"WebSite","@id":"https:\/\/www.campus02.at\/hochschuldidaktik\/#website","url":"https:\/\/www.campus02.at\/hochschuldidaktik\/","name":"Zentrum f\u00fcr Hochschuldidaktik (Campus02)","description":"Eine weitere Campus02 Website","publisher":{"@id":"https:\/\/www.campus02.at\/hochschuldidaktik\/#organization"},"potentialAction":[{"@type":"SearchAction","target":{"@type":"EntryPoint","urlTemplate":"https:\/\/www.campus02.at\/hochschuldidaktik\/?s={search_term_string}"},"query-input":{"@type":"PropertyValueSpecification","valueRequired":true,"valueName":"search_term_string"}}],"inLanguage":"de"},{"@type":"Organization","@id":"https:\/\/www.campus02.at\/hochschuldidaktik\/#organization","name":"Zentrum f\u00fcr Hochschuldidaktik (Campus02)","url":"https:\/\/www.campus02.at\/hochschuldidaktik\/","logo":{"@type":"ImageObject","inLanguage":"de","@id":"https:\/\/www.campus02.at\/hochschuldidaktik\/#\/schema\/logo\/image\/","url":"https:\/\/www.campus02.at\/hochschuldidaktik\/wp-content\/uploads\/sites\/20\/2023\/01\/logo-campus02.svg","contentUrl":"https:\/\/www.campus02.at\/hochschuldidaktik\/wp-content\/uploads\/sites\/20\/2023\/01\/logo-campus02.svg","width":770,"height":249,"caption":"Zentrum f\u00fcr Hochschuldidaktik (Campus02)"},"image":{"@id":"https:\/\/www.campus02.at\/hochschuldidaktik\/#\/schema\/logo\/image\/"}}]}},"_links":{"self":[{"href":"https:\/\/www.campus02.at\/hochschuldidaktik\/wp-json\/wp\/v2\/pages\/4272","targetHints":{"allow":["GET"]}}],"collection":[{"href":"https:\/\/www.campus02.at\/hochschuldidaktik\/wp-json\/wp\/v2\/pages"}],"about":[{"href":"https:\/\/www.campus02.at\/hochschuldidaktik\/wp-json\/wp\/v2\/types\/page"}],"author":[{"embeddable":true,"href":"https:\/\/www.campus02.at\/hochschuldidaktik\/wp-json\/wp\/v2\/users\/135"}],"replies":[{"embeddable":true,"href":"https:\/\/www.campus02.at\/hochschuldidaktik\/wp-json\/wp\/v2\/comments?post=4272"}],"version-history":[{"count":7,"href":"https:\/\/www.campus02.at\/hochschuldidaktik\/wp-json\/wp\/v2\/pages\/4272\/revisions"}],"predecessor-version":[{"id":9596,"href":"https:\/\/www.campus02.at\/hochschuldidaktik\/wp-json\/wp\/v2\/pages\/4272\/revisions\/9596"}],"up":[{"embeddable":true,"href":"https:\/\/www.campus02.at\/hochschuldidaktik\/wp-json\/wp\/v2\/pages\/519"}],"wp:attachment":[{"href":"https:\/\/www.campus02.at\/hochschuldidaktik\/wp-json\/wp\/v2\/media?parent=4272"}],"wp:term":[{"taxonomy":"author","embeddable":true,"href":"https:\/\/www.campus02.at\/hochschuldidaktik\/wp-json\/wp\/v2\/coauthors?post=4272"}],"curies":[{"name":"wp","href":"https:\/\/api.w.org\/{rel}","templated":true}]}}