{"id":3947,"date":"2021-12-09T07:43:45","date_gmt":"2021-12-09T06:43:45","guid":{"rendered":"https:\/\/www.campus02.at\/hochschuldidaktik\/?page_id=3947"},"modified":"2023-02-24T13:29:49","modified_gmt":"2023-02-24T12:29:49","slug":"interaktives-buch-mit-dem-book-creator-erstellen-oder-als-arbeitsauftrag-erstellen-lassen","status":"publish","type":"page","link":"https:\/\/www.campus02.at\/hochschuldidaktik\/interaktives-buch-mit-dem-book-creator-erstellen-oder-als-arbeitsauftrag-erstellen-lassen\/","title":{"rendered":"Interaktives Buch erstellen"},"content":{"rendered":"<div class=\"flex-campus-main flex-campus-main-Heading\"><h2>Ein interaktives Buch erstellen<\/h2><\/div><div class=\"flex-campus-main flex-campus-main-Text\"><p style=\"margin: 0cm;margin-bottom: .0001pt\"><em><span lang=\"DE-AT\" style=\"font-size: 11.0pt;color: black\"><strong>Probier mal \u2026<\/strong> ein interaktives Buch zu erstellen. Sei es als Pr\u00e4sentation von Lehrinhalten, sei es zur Anleitung von Aktivit\u00e4ten \u2013 dieses Tool belebt den Unterricht mit Sicherheit!<\/span><\/em><\/p>\n<p style=\"margin: 0cm;margin-bottom: .0001pt\"><span lang=\"DE-AT\" style=\"font-size: 11.0pt;color: black\">\u00a0<\/span><\/p>\n<p style=\"margin: 0cm;margin-bottom: .0001pt\"><span lang=\"DE-AT\" style=\"font-size: 11.0pt;color: black\">\u00a0<\/span><\/p>\n<p style=\"margin: 0cm;margin-bottom: .0001pt\"><span lang=\"DE-AT\" style=\"font-size: 11.0pt;color: black\">Interaktive B\u00fccher k\u00f6nnen in Moodle mittels <strong>H5P<\/strong> erstellt werden, wir m\u00f6chten an dieser Stelle aber auch auf andere Tools verweisen. So k\u00f6nnen mit dem <strong>Book Creator<\/strong> (Link siehe unten) <\/span><span lang=\"DE-AT\" style=\"font-size: 11.0pt;color: black\">B\u00fccher von Lehrenden (aber auch von Studierenden) sehr intuitiv und unter Verwendung verschiedener Vorlagen erstellt werden.<\/span><\/p>\n<p style=\"margin: 0cm;margin-bottom: .0001pt\"><span lang=\"DE-AT\" style=\"font-size: 11.0pt;color: black\">Diese E-Books k\u00f6nnen zur <strong>Vermittlung organisatorischer Informationen<\/strong> oder von <strong>Lehrinhalten<\/strong> verwendet werden. Sie k\u00f6nnen nicht nur durch weiterf\u00fchrende <strong>Verlinkungen, <\/strong>aber\u00a0auch durch das Einbeziehen von <strong>Videos<\/strong> (beispielsweise selbst erstellen Videos der Lehrenden oder Erkl\u00e4rungen durch die Lehrperson) bereichert werden.<\/span><\/p>\n<p>&nbsp;<\/p>\n<p style=\"margin: 0cm;margin-bottom: .0001pt\"><span lang=\"DE-AT\" style=\"font-size: 11.0pt;color: black\">Ein Beispiel f\u00fcr ein derartiges E-Book findet sich <a href=\"https:\/\/read.bookcreator.com\/54B72xDNb4yc6YGl8j2zcwWsOM9CyNEbg_twNJ7MFqE\/W0tZ0wosSSuzAjZywrcnHg\" target=\"_blank\" rel=\"noopener\">hier.<\/a><\/span><\/p>\n<p>&nbsp;<\/p>\n<figure id=\"attachment_3975\" aria-describedby=\"caption-attachment-3975\" style=\"width: 914px\" class=\"wp-caption alignnone\"><img fetchpriority=\"high\" decoding=\"async\" fetchpriority=\"high\" class=\"wp-image-3975\" src=\"https:\/\/www.campus02.at\/hochschuldidaktik\/wp-content\/uploads\/sites\/20\/2021\/12\/E-Book_1-300x111.png\" alt=\"\" width=\"914\" height=\"338\" srcset=\"https:\/\/www.campus02.at\/hochschuldidaktik\/wp-content\/uploads\/sites\/20\/2021\/12\/E-Book_1-300x111.png 300w, https:\/\/www.campus02.at\/hochschuldidaktik\/wp-content\/uploads\/sites\/20\/2021\/12\/E-Book_1-1024x379.png 1024w, https:\/\/www.campus02.at\/hochschuldidaktik\/wp-content\/uploads\/sites\/20\/2021\/12\/E-Book_1-768x284.png 768w, https:\/\/www.campus02.at\/hochschuldidaktik\/wp-content\/uploads\/sites\/20\/2021\/12\/E-Book_1-1536x569.png 1536w, https:\/\/www.campus02.at\/hochschuldidaktik\/wp-content\/uploads\/sites\/20\/2021\/12\/E-Book_1.png 1796w\" sizes=\"(max-width: 914px) 100vw, 914px\" \/><figcaption id=\"caption-attachment-3975\" class=\"wp-caption-text\">E-Book zur Einf\u00fchrung in eine Lehrveranstaltung<\/figcaption><\/figure>\n<p style=\"margin: 0cm;margin-bottom: .0001pt\"><span lang=\"DE-AT\" style=\"font-size: 11.0pt;color: black\">\u00a0<\/span><\/p>\n<p style=\"margin: 0cm;margin-bottom: .0001pt\"><span lang=\"DE-AT\" style=\"font-size: 11.0pt;color: black\">E-Books k\u00f6nnen in der Online-Lehre, aber auch im Pr\u00e4senzunterricht zur Aufgabenstellung verwendet werden. In diesem Fall werden auf den Seiten des E-Books Aufgabenstellungen dargestellt (beispielsweise Aussagen, die diskutiert werden sollten, Vokabeln, die erkl\u00e4rt werden oder Fragen, die in Gruppen beantwortet werden). Im Pr\u00e4senzunterricht k\u00f6nnen Lehrende sich durch das Erstellen von E-Books das Kopieren von Handouts oder das Laminieren von K\u00e4rtchen ersparen und den Studierenden eine optisch anspruchsvolle Alternative bieten.<\/span><\/p>\n<p>&nbsp;<\/p>\n<p><img loading=\"lazy\" decoding=\"async\" class=\"alignnone size-medium wp-image-3977\" src=\"https:\/\/www.campus02.at\/hochschuldidaktik\/wp-content\/uploads\/sites\/20\/2021\/12\/E-Book_2-300x223.png\" alt=\"\" width=\"300\" height=\"223\" srcset=\"https:\/\/www.campus02.at\/hochschuldidaktik\/wp-content\/uploads\/sites\/20\/2021\/12\/E-Book_2-300x223.png 300w, https:\/\/www.campus02.at\/hochschuldidaktik\/wp-content\/uploads\/sites\/20\/2021\/12\/E-Book_2-768x571.png 768w, https:\/\/www.campus02.at\/hochschuldidaktik\/wp-content\/uploads\/sites\/20\/2021\/12\/E-Book_2.png 890w\" sizes=\"(max-width: 300px) 100vw, 300px\" \/> <img loading=\"lazy\" decoding=\"async\" class=\"alignnone size-medium wp-image-3978\" src=\"https:\/\/www.campus02.at\/hochschuldidaktik\/wp-content\/uploads\/sites\/20\/2021\/12\/E-Book_3-300x226.png\" alt=\"\" width=\"300\" height=\"226\" srcset=\"https:\/\/www.campus02.at\/hochschuldidaktik\/wp-content\/uploads\/sites\/20\/2021\/12\/E-Book_3-300x226.png 300w, https:\/\/www.campus02.at\/hochschuldidaktik\/wp-content\/uploads\/sites\/20\/2021\/12\/E-Book_3-768x579.png 768w, https:\/\/www.campus02.at\/hochschuldidaktik\/wp-content\/uploads\/sites\/20\/2021\/12\/E-Book_3.png 902w\" sizes=\"(max-width: 300px) 100vw, 300px\" \/><\/p>\n<p>&nbsp;<\/p>\n<p style=\"margin: 0cm;margin-bottom: .0001pt\"><span lang=\"DE-AT\" style=\"font-size: 11.0pt;color: black\">\u00a0<\/span><\/p>\n<p style=\"margin: 0cm;margin-bottom: .0001pt\"><span lang=\"DE-AT\" style=\"font-size: 11.0pt;color: black\">Beispiele f\u00fcr E-Books finden Sie in der Linkliste \u2013 Probieren Sie es einfach selbst aus!<\/span><\/p>\n<p>&nbsp;<\/p>\n<h3>Links<\/h3>\n<p><strong><i class=\"fa fa-link \"><\/i><a href=\"https:\/\/bookcreator.com\/\">\u00a0Book Creator<\/a><\/strong><\/p>\n<p><strong><i class=\"fa fa-link \"><\/i><a href=\"https:\/\/read.bookcreator.com\/54B72xDNb4yc6YGl8j2zcwWsOM9CyNEbg_twNJ7MFqE\/S93ZmNBmRIWNqrBwdUt2ig\">\u00a0Beispiel f\u00fcr Vokabelspiel mit E-Book<\/a><\/strong><\/p>\n<p><strong><i class=\"fa fa-link \"><\/i> <a href=\"https:\/\/read.bookcreator.com\/54B72xDNb4yc6YGl8j2zcwWsOM9CyNEbg_twNJ7MFqE\/8kPGrl3vQGmBlPKbkwY56g\">E-Book als Diskussionsvorlage<\/a><\/strong><\/p>\n<\/div>","protected":false},"excerpt":{"rendered":"<p>Ein interaktives Buch erstellenProbier mal \u2026 ein interaktives Buch zu erstellen. Sei es als Pr\u00e4sentation von Lehrinhalten, sei <a href=\"https:\/\/www.campus02.at\/hochschuldidaktik\/interaktives-buch-mit-dem-book-creator-erstellen-oder-als-arbeitsauftrag-erstellen-lassen\/\" class=\"more-link\">mehr&hellip;<\/a><\/p>\n","protected":false},"author":175,"featured_media":0,"parent":0,"menu_order":11,"comment_status":"closed","ping_status":"closed","template":"","meta":{"_acf_changed":false,"footnotes":""},"coauthors":[55],"class_list":["post-3947","page","type-page","status-publish","hentry"],"acf":[],"yoast_head":"<!-- This site is optimized with the Yoast SEO plugin v26.9 - https:\/\/yoast.com\/product\/yoast-seo-wordpress\/ -->\n<title>Interaktives Buch erstellen - Zentrum f\u00fcr Hochschuldidaktik (Campus02)<\/title>\n<meta name=\"robots\" content=\"index, follow, max-snippet:-1, max-image-preview:large, max-video-preview:-1\" \/>\n<link rel=\"canonical\" href=\"https:\/\/www.campus02.at\/hochschuldidaktik\/interaktives-buch-mit-dem-book-creator-erstellen-oder-als-arbeitsauftrag-erstellen-lassen\/\" \/>\n<meta property=\"og:locale\" content=\"de_DE\" \/>\n<meta property=\"og:type\" content=\"article\" \/>\n<meta property=\"og:title\" content=\"Interaktives Buch erstellen - Zentrum f\u00fcr Hochschuldidaktik (Campus02)\" \/>\n<meta property=\"og:description\" content=\"Ein interaktives Buch erstellenProbier mal \u2026 ein interaktives Buch zu erstellen. Sei es als Pr\u00e4sentation von Lehrinhalten, sei mehr&hellip;\" \/>\n<meta property=\"og:url\" content=\"https:\/\/www.campus02.at\/hochschuldidaktik\/interaktives-buch-mit-dem-book-creator-erstellen-oder-als-arbeitsauftrag-erstellen-lassen\/\" \/>\n<meta property=\"og:site_name\" content=\"Zentrum f\u00fcr Hochschuldidaktik (Campus02)\" \/>\n<meta property=\"article:modified_time\" content=\"2023-02-24T12:29:49+00:00\" \/>\n<meta name=\"twitter:card\" content=\"summary_large_image\" \/>\n<script type=\"application\/ld+json\" class=\"yoast-schema-graph\">{\"@context\":\"https:\/\/schema.org\",\"@graph\":[{\"@type\":\"WebPage\",\"@id\":\"https:\/\/www.campus02.at\/hochschuldidaktik\/interaktives-buch-mit-dem-book-creator-erstellen-oder-als-arbeitsauftrag-erstellen-lassen\/\",\"url\":\"https:\/\/www.campus02.at\/hochschuldidaktik\/interaktives-buch-mit-dem-book-creator-erstellen-oder-als-arbeitsauftrag-erstellen-lassen\/\",\"name\":\"Interaktives Buch erstellen - Zentrum f\u00fcr Hochschuldidaktik (Campus02)\",\"isPartOf\":{\"@id\":\"https:\/\/www.campus02.at\/hochschuldidaktik\/#website\"},\"datePublished\":\"2021-12-09T06:43:45+00:00\",\"dateModified\":\"2023-02-24T12:29:49+00:00\",\"breadcrumb\":{\"@id\":\"https:\/\/www.campus02.at\/hochschuldidaktik\/interaktives-buch-mit-dem-book-creator-erstellen-oder-als-arbeitsauftrag-erstellen-lassen\/#breadcrumb\"},\"inLanguage\":\"de\",\"potentialAction\":[{\"@type\":\"ReadAction\",\"target\":[\"https:\/\/www.campus02.at\/hochschuldidaktik\/interaktives-buch-mit-dem-book-creator-erstellen-oder-als-arbeitsauftrag-erstellen-lassen\/\"]}]},{\"@type\":\"BreadcrumbList\",\"@id\":\"https:\/\/www.campus02.at\/hochschuldidaktik\/interaktives-buch-mit-dem-book-creator-erstellen-oder-als-arbeitsauftrag-erstellen-lassen\/#breadcrumb\",\"itemListElement\":[{\"@type\":\"ListItem\",\"position\":1,\"name\":\"Startseite\",\"item\":\"https:\/\/www.campus02.at\/hochschuldidaktik\/\"},{\"@type\":\"ListItem\",\"position\":2,\"name\":\"Interaktives Buch erstellen\"}]},{\"@type\":\"WebSite\",\"@id\":\"https:\/\/www.campus02.at\/hochschuldidaktik\/#website\",\"url\":\"https:\/\/www.campus02.at\/hochschuldidaktik\/\",\"name\":\"Zentrum f\u00fcr Hochschuldidaktik (Campus02)\",\"description\":\"Eine weitere Campus02 Website\",\"publisher\":{\"@id\":\"https:\/\/www.campus02.at\/hochschuldidaktik\/#organization\"},\"potentialAction\":[{\"@type\":\"SearchAction\",\"target\":{\"@type\":\"EntryPoint\",\"urlTemplate\":\"https:\/\/www.campus02.at\/hochschuldidaktik\/?s={search_term_string}\"},\"query-input\":{\"@type\":\"PropertyValueSpecification\",\"valueRequired\":true,\"valueName\":\"search_term_string\"}}],\"inLanguage\":\"de\"},{\"@type\":\"Organization\",\"@id\":\"https:\/\/www.campus02.at\/hochschuldidaktik\/#organization\",\"name\":\"Zentrum f\u00fcr Hochschuldidaktik (Campus02)\",\"url\":\"https:\/\/www.campus02.at\/hochschuldidaktik\/\",\"logo\":{\"@type\":\"ImageObject\",\"inLanguage\":\"de\",\"@id\":\"https:\/\/www.campus02.at\/hochschuldidaktik\/#\/schema\/logo\/image\/\",\"url\":\"https:\/\/www.campus02.at\/hochschuldidaktik\/wp-content\/uploads\/sites\/20\/2023\/01\/logo-campus02.svg\",\"contentUrl\":\"https:\/\/www.campus02.at\/hochschuldidaktik\/wp-content\/uploads\/sites\/20\/2023\/01\/logo-campus02.svg\",\"width\":770,\"height\":249,\"caption\":\"Zentrum f\u00fcr Hochschuldidaktik (Campus02)\"},\"image\":{\"@id\":\"https:\/\/www.campus02.at\/hochschuldidaktik\/#\/schema\/logo\/image\/\"}}]}<\/script>\n<!-- \/ Yoast SEO plugin. -->","yoast_head_json":{"title":"Interaktives Buch erstellen - Zentrum f\u00fcr Hochschuldidaktik (Campus02)","robots":{"index":"index","follow":"follow","max-snippet":"max-snippet:-1","max-image-preview":"max-image-preview:large","max-video-preview":"max-video-preview:-1"},"canonical":"https:\/\/www.campus02.at\/hochschuldidaktik\/interaktives-buch-mit-dem-book-creator-erstellen-oder-als-arbeitsauftrag-erstellen-lassen\/","og_locale":"de_DE","og_type":"article","og_title":"Interaktives Buch erstellen - Zentrum f\u00fcr Hochschuldidaktik (Campus02)","og_description":"Ein interaktives Buch erstellenProbier mal \u2026 ein interaktives Buch zu erstellen. Sei es als Pr\u00e4sentation von Lehrinhalten, sei mehr&hellip;","og_url":"https:\/\/www.campus02.at\/hochschuldidaktik\/interaktives-buch-mit-dem-book-creator-erstellen-oder-als-arbeitsauftrag-erstellen-lassen\/","og_site_name":"Zentrum f\u00fcr Hochschuldidaktik (Campus02)","article_modified_time":"2023-02-24T12:29:49+00:00","twitter_card":"summary_large_image","schema":{"@context":"https:\/\/schema.org","@graph":[{"@type":"WebPage","@id":"https:\/\/www.campus02.at\/hochschuldidaktik\/interaktives-buch-mit-dem-book-creator-erstellen-oder-als-arbeitsauftrag-erstellen-lassen\/","url":"https:\/\/www.campus02.at\/hochschuldidaktik\/interaktives-buch-mit-dem-book-creator-erstellen-oder-als-arbeitsauftrag-erstellen-lassen\/","name":"Interaktives Buch erstellen - Zentrum f\u00fcr Hochschuldidaktik (Campus02)","isPartOf":{"@id":"https:\/\/www.campus02.at\/hochschuldidaktik\/#website"},"datePublished":"2021-12-09T06:43:45+00:00","dateModified":"2023-02-24T12:29:49+00:00","breadcrumb":{"@id":"https:\/\/www.campus02.at\/hochschuldidaktik\/interaktives-buch-mit-dem-book-creator-erstellen-oder-als-arbeitsauftrag-erstellen-lassen\/#breadcrumb"},"inLanguage":"de","potentialAction":[{"@type":"ReadAction","target":["https:\/\/www.campus02.at\/hochschuldidaktik\/interaktives-buch-mit-dem-book-creator-erstellen-oder-als-arbeitsauftrag-erstellen-lassen\/"]}]},{"@type":"BreadcrumbList","@id":"https:\/\/www.campus02.at\/hochschuldidaktik\/interaktives-buch-mit-dem-book-creator-erstellen-oder-als-arbeitsauftrag-erstellen-lassen\/#breadcrumb","itemListElement":[{"@type":"ListItem","position":1,"name":"Startseite","item":"https:\/\/www.campus02.at\/hochschuldidaktik\/"},{"@type":"ListItem","position":2,"name":"Interaktives Buch erstellen"}]},{"@type":"WebSite","@id":"https:\/\/www.campus02.at\/hochschuldidaktik\/#website","url":"https:\/\/www.campus02.at\/hochschuldidaktik\/","name":"Zentrum f\u00fcr Hochschuldidaktik (Campus02)","description":"Eine weitere Campus02 Website","publisher":{"@id":"https:\/\/www.campus02.at\/hochschuldidaktik\/#organization"},"potentialAction":[{"@type":"SearchAction","target":{"@type":"EntryPoint","urlTemplate":"https:\/\/www.campus02.at\/hochschuldidaktik\/?s={search_term_string}"},"query-input":{"@type":"PropertyValueSpecification","valueRequired":true,"valueName":"search_term_string"}}],"inLanguage":"de"},{"@type":"Organization","@id":"https:\/\/www.campus02.at\/hochschuldidaktik\/#organization","name":"Zentrum f\u00fcr Hochschuldidaktik (Campus02)","url":"https:\/\/www.campus02.at\/hochschuldidaktik\/","logo":{"@type":"ImageObject","inLanguage":"de","@id":"https:\/\/www.campus02.at\/hochschuldidaktik\/#\/schema\/logo\/image\/","url":"https:\/\/www.campus02.at\/hochschuldidaktik\/wp-content\/uploads\/sites\/20\/2023\/01\/logo-campus02.svg","contentUrl":"https:\/\/www.campus02.at\/hochschuldidaktik\/wp-content\/uploads\/sites\/20\/2023\/01\/logo-campus02.svg","width":770,"height":249,"caption":"Zentrum f\u00fcr Hochschuldidaktik (Campus02)"},"image":{"@id":"https:\/\/www.campus02.at\/hochschuldidaktik\/#\/schema\/logo\/image\/"}}]}},"_links":{"self":[{"href":"https:\/\/www.campus02.at\/hochschuldidaktik\/wp-json\/wp\/v2\/pages\/3947","targetHints":{"allow":["GET"]}}],"collection":[{"href":"https:\/\/www.campus02.at\/hochschuldidaktik\/wp-json\/wp\/v2\/pages"}],"about":[{"href":"https:\/\/www.campus02.at\/hochschuldidaktik\/wp-json\/wp\/v2\/types\/page"}],"author":[{"embeddable":true,"href":"https:\/\/www.campus02.at\/hochschuldidaktik\/wp-json\/wp\/v2\/users\/175"}],"replies":[{"embeddable":true,"href":"https:\/\/www.campus02.at\/hochschuldidaktik\/wp-json\/wp\/v2\/comments?post=3947"}],"version-history":[{"count":8,"href":"https:\/\/www.campus02.at\/hochschuldidaktik\/wp-json\/wp\/v2\/pages\/3947\/revisions"}],"predecessor-version":[{"id":5519,"href":"https:\/\/www.campus02.at\/hochschuldidaktik\/wp-json\/wp\/v2\/pages\/3947\/revisions\/5519"}],"wp:attachment":[{"href":"https:\/\/www.campus02.at\/hochschuldidaktik\/wp-json\/wp\/v2\/media?parent=3947"}],"wp:term":[{"taxonomy":"author","embeddable":true,"href":"https:\/\/www.campus02.at\/hochschuldidaktik\/wp-json\/wp\/v2\/coauthors?post=3947"}],"curies":[{"name":"wp","href":"https:\/\/api.w.org\/{rel}","templated":true}]}}