{"id":3940,"date":"2021-12-09T07:41:45","date_gmt":"2021-12-09T06:41:45","guid":{"rendered":"https:\/\/www.campus02.at\/hochschuldidaktik\/?page_id=3940"},"modified":"2023-02-24T13:26:29","modified_gmt":"2023-02-24T12:26:29","slug":"speeddating-und-kofferpacken","status":"publish","type":"page","link":"https:\/\/www.campus02.at\/hochschuldidaktik\/speeddating-und-kofferpacken\/","title":{"rendered":"&#8222;Speed-Dating&#8220; und Kofferpacken"},"content":{"rendered":"<div class=\"flex-campus-main flex-campus-main-Heading\"><h2>&quot;Speed-Dating&quot; und Kofferpacken<\/h2><\/div><div class=\"flex-campus-main flex-campus-main-Text\"><p><em><strong>Probier mal \u2026<\/strong> Speed-Dating zu Beginn und eine Runde \u201eKoffer packen\u201c zum Ende einer Lehrveranstaltung einzusetzen. Beides ist abwechslungsreich und kann sowohl in der Pr\u00e4senzlehre vor Ort als auch in der Online-Lehre durchgef\u00fchrt werden\u2026\u00a0<\/em><\/p>\n<p>&nbsp;<\/p>\n<p><strong>Speed-Dating<\/strong><br \/>\nDer Begriff des Speed-Datings wird allgemein nicht unbedingt mit Unterricht in Verbindung gebracht, dennoch ergibt es durchaus Sinn, diese Aktivit\u00e4t in der Lehre einzusetzen, beispielsweise zu Beginn einer Lehrveranstaltung. Speed-Dating kann dabei in Pr\u00e4senz und Online-Lehre und sowohl in kleineren als auch gr\u00f6\u00dferen Gruppen durchgef\u00fchrt werden. Die Idee besteht darin, dass jeweils zwei Studierende sich \u00fcber ein vorgegebenes Thema unterhalten (entweder nur, um sich kennenzulernen, oder auch um einen Meinungsaustausch zu fachlichen Fragen anzuregen). Dies geschieht in einem vorgegebenen zeitlichen Rahmen, es empfiehlt sich, daf\u00fcr nicht weniger als zwei und nicht mehr als vier Minuten vorzusehen. In Pr\u00e4senz muss vorab gekl\u00e4rt werden, wie nach Ablauf der Zeit vorgegangen wird (wie die Studierenden die Pl\u00e4tze tauschen, um eine*n neue Partner*in zu finden), zudem sollte das Dating-Thema f\u00fcr die Studierenden sichtbar dargestellt werden, beispielsweise als Projektion auf der Leinwand oder in Form von K\u00e4rtchen auf den Dating-Tischen. Au\u00dferdem sollte der Ablauf der Zeit durch ein akustisches Signal angezeigt werden, damit die Studierenden wissen, dass es Zeit ist, zum*zur n\u00e4chsten Partner*in zu wechseln, auch wenn der L\u00e4rmpegel w\u00e4hrend des Datings steigt.<\/p>\n<figure id=\"attachment_3965\" aria-describedby=\"caption-attachment-3965\" style=\"width: 300px\" class=\"wp-caption alignnone\"><img fetchpriority=\"high\" decoding=\"async\" fetchpriority=\"high\" class=\"wp-image-3965 size-medium\" src=\"https:\/\/www.campus02.at\/hochschuldidaktik\/wp-content\/uploads\/sites\/20\/2021\/12\/Speed-Dating_1-300x228.png\" alt=\"\" width=\"300\" height=\"228\" srcset=\"https:\/\/www.campus02.at\/hochschuldidaktik\/wp-content\/uploads\/sites\/20\/2021\/12\/Speed-Dating_1-300x228.png 300w, https:\/\/www.campus02.at\/hochschuldidaktik\/wp-content\/uploads\/sites\/20\/2021\/12\/Speed-Dating_1-768x583.png 768w, https:\/\/www.campus02.at\/hochschuldidaktik\/wp-content\/uploads\/sites\/20\/2021\/12\/Speed-Dating_1.png 931w\" sizes=\"(max-width: 300px) 100vw, 300px\" \/><figcaption id=\"caption-attachment-3965\" class=\"wp-caption-text\">Erzeugen Sie bildhaft die richtige Stimmung f\u00fcr Ihr Speed-Dating<\/figcaption><\/figure>\n<p>&nbsp;<\/p>\n<p>Im Online-Setting lassen sich die Speed-Dating-P\u00e4rchen einfach und unkompliziert durch zuf\u00e4llig ausgew\u00e4hlte Break-Out-Sessions einteilen. Diese werden dann in einen separaten Raum verschoben. Hier sollte man vorab das Zeitlimit einstellen, damit die Studierenden dann automatisch wieder in den Hauptraum zur\u00fcckkommen (in diesem Fall wird ihnen auch die noch verbleibende Zeit angezeigt). Die zu bearbeitende Frage k\u00f6nnte man vorab einblenden, in den Chat stellen oder durch eine Nachricht an alle Break-Out-R\u00e4ume anzeigen (Achtung, bei manchen Videokonferenzsystemen verschwinden Mitteilungen, die an alle Teilnehmenden in den Break-Out-Sessions geschickt werden, nach ein paar Sekunden wieder).<\/p>\n<figure id=\"attachment_3966\" aria-describedby=\"caption-attachment-3966\" style=\"width: 514px\" class=\"wp-caption alignnone\"><img loading=\"lazy\" decoding=\"async\" class=\" wp-image-3966\" src=\"https:\/\/www.campus02.at\/hochschuldidaktik\/wp-content\/uploads\/sites\/20\/2021\/12\/Speed-Dating_2-300x168.png\" alt=\"\" width=\"514\" height=\"288\" srcset=\"https:\/\/www.campus02.at\/hochschuldidaktik\/wp-content\/uploads\/sites\/20\/2021\/12\/Speed-Dating_2-300x168.png 300w, https:\/\/www.campus02.at\/hochschuldidaktik\/wp-content\/uploads\/sites\/20\/2021\/12\/Speed-Dating_2-1024x575.png 1024w, https:\/\/www.campus02.at\/hochschuldidaktik\/wp-content\/uploads\/sites\/20\/2021\/12\/Speed-Dating_2-768x431.png 768w, https:\/\/www.campus02.at\/hochschuldidaktik\/wp-content\/uploads\/sites\/20\/2021\/12\/Speed-Dating_2.png 1197w\" sizes=\"(max-width: 514px) 100vw, 514px\" \/><figcaption id=\"caption-attachment-3966\" class=\"wp-caption-text\">Beispiel f\u00fcr eine Speed-Dating-Frage in einem Workshop f\u00fcr Lehrende<\/figcaption><\/figure>\n<p>&nbsp;<\/p>\n<p>Das Speed-Dating kann beliebig oft wiederholt werden, es empfehlen sich f\u00fcnf bis acht Durchg\u00e4nge. Der Vorteil besteht darin, dass diese Aktivit\u00e4t sehr abwechslungsreich ist und alle Teilnehmer*innen aktiviert werden und sich auch pers\u00f6nlich besser kennenlernen.<br \/>\nNach Abschluss der P\u00e4rchen-Phase sollte das Speed-Dating im Plenum nochmals besprochen werden (welche Erkenntnisse m\u00f6chten in der Gruppe besprochen werden, wie erging es den Teilnehmenden, etc.).<\/p>\n<p>Allgemeine Informationen zur Methode des Stationenbetriebs (zu dieser kann das Speed-Dating im Prinzip gez\u00e4hlt werden) finden Sie <a href=\"https:\/\/www.campus02.at\/hochschuldidaktik\/lehrmethoden\/stationenbetrieb\/\" target=\"_blank\" rel=\"noopener\">hier<\/a>.<\/p>\n<p>&nbsp;<\/p>\n<p><strong>Koffer packen<\/strong><\/p>\n<p>Eine M\u00f6glichkeit, einen Kurs oder Lehrveranstaltungsblock Revue passieren zu lassen, bietet das \u201eKoffer packen\u201c. Dabei geht es f\u00fcr die Studierenden darum, zu reflektieren, welche Erkenntnisse sie aus der Veranstaltung mitnehmen. Dazu beenden sie den Satz \u201eIch packe meinen Koffer und nehme mit \u2026\u201c in schriftlicher Form. Alternativ kann angef\u00fchrt werden, was die Studierenden nicht mitnehmen (\u201eIch packe meinen Koffer und lasse da \u2026\u201c \u2013 dies kann f\u00fcr die Lehrenden aufschlussreich sein, da die Studierenden hier Aspekte anf\u00fcgen, mit denen sie nichts anfangen k\u00f6nnen oder eventuell Kritik an der Veranstaltung \u00fcben; zudem k\u00f6nnen hier Annahmen angef\u00fchrt werden, die sich im Lauf der Veranstaltung ge\u00e4ndert haben).<\/p>\n<p>In der Pr\u00e4senz kann ein Karton (oder ein echter Koffer) als Koffer fungieren, in den dann K\u00e4rtchen mit den Anmerkungen der Teilnehmer*innen eingeworfen werden. Die Ergebnisse k\u00f6nnen direkt in der Einheit zusammengefasst oder geclustert werden. Alternativ k\u00f6nnte dies auch nach der Veranstaltung geschehen.<\/p>\n<p>Im Online-Unterricht kann diese Art der Reflexion beispielsweise mit einem Padlet durchgef\u00fchrt werden. Auch hier k\u00f6nnen die Studierenden anonym ihre Anmerkungen posten. Wie bei jeder Reflexions\u00fcbung empfiehlt sich, die Vorgehensweise vorab genau zu erkl\u00e4ren (Anonymit\u00e4t, welche Gedanken werden in welchen Koffer gepackt, etc.). So kann das Packen des Koffers die Gedanken, Empfindungen, Anregungen und Verbesserungsvorschl\u00e4ge der Studierenden ermitteln und erkunden, was die Studierenden an Erkenntnissen und Erfahrungen mitnehmen.<\/p>\n<p>\u201eKoffer packen\u201c ist eine von vielen Reflexionsmethoden. <a style=\"background-color: #ffffff\" href=\"https:\/\/www.campus02.at\/hochschuldidaktik\/lehrmethoden\/selbstreflexion\/\" target=\"_blank\" rel=\"noopener\">Weitere Informationen zur Reflexion<\/a> finden Sie in unserer Sammlung von Lehr- und Lernmethoden.<\/p>\n<figure id=\"attachment_3969\" aria-describedby=\"caption-attachment-3969\" style=\"width: 587px\" class=\"wp-caption alignnone\"><img loading=\"lazy\" decoding=\"async\" class=\" wp-image-3969\" src=\"https:\/\/www.campus02.at\/hochschuldidaktik\/wp-content\/uploads\/sites\/20\/2021\/12\/Padlet-300x200.png\" alt=\"\" width=\"587\" height=\"391\" srcset=\"https:\/\/www.campus02.at\/hochschuldidaktik\/wp-content\/uploads\/sites\/20\/2021\/12\/Padlet-300x200.png 300w, https:\/\/www.campus02.at\/hochschuldidaktik\/wp-content\/uploads\/sites\/20\/2021\/12\/Padlet-1024x682.png 1024w, https:\/\/www.campus02.at\/hochschuldidaktik\/wp-content\/uploads\/sites\/20\/2021\/12\/Padlet-768x511.png 768w, https:\/\/www.campus02.at\/hochschuldidaktik\/wp-content\/uploads\/sites\/20\/2021\/12\/Padlet.png 1454w\" sizes=\"(max-width: 587px) 100vw, 587px\" \/><figcaption id=\"caption-attachment-3969\" class=\"wp-caption-text\">Beispiel eines Padlets in einem Workshop f\u00fcr Lehrende<\/figcaption><\/figure>\n<p>&nbsp;<\/p>\n<h3>Links<\/h3>\n<h4 style=\"margin: 0in;font-family: Calibri;font-size: 12.0pt\"><span style=\"font-weight: bold\"><i class=\"fa fa-link \"><\/i> <\/span><a href=\"https:\/\/www.blog.lehren.tum.de\/lehrmethode-speed-dating\/\">Video zum Speed-Dating in der Lehre<\/a><\/h4>\n<\/div>","protected":false},"excerpt":{"rendered":"<p>&quot;Speed-Dating&quot; und KofferpackenProbier mal \u2026 Speed-Dating zu Beginn und eine Runde \u201eKoffer packen\u201c zum Ende einer <a href=\"https:\/\/www.campus02.at\/hochschuldidaktik\/speeddating-und-kofferpacken\/\" class=\"more-link\">mehr&hellip;<\/a><\/p>\n","protected":false},"author":175,"featured_media":0,"parent":0,"menu_order":8,"comment_status":"closed","ping_status":"closed","template":"","meta":{"_acf_changed":false,"footnotes":""},"coauthors":[59],"class_list":["post-3940","page","type-page","status-publish","hentry"],"acf":[],"yoast_head":"<!-- This site is optimized with the Yoast SEO plugin v26.9 - https:\/\/yoast.com\/product\/yoast-seo-wordpress\/ -->\n<title>&quot;Speed-Dating&quot; und Kofferpacken - Zentrum f\u00fcr Hochschuldidaktik (Campus02)<\/title>\n<meta name=\"robots\" content=\"index, follow, max-snippet:-1, max-image-preview:large, max-video-preview:-1\" \/>\n<link rel=\"canonical\" href=\"https:\/\/www.campus02.at\/hochschuldidaktik\/speeddating-und-kofferpacken\/\" \/>\n<meta property=\"og:locale\" content=\"de_DE\" \/>\n<meta property=\"og:type\" content=\"article\" \/>\n<meta property=\"og:title\" content=\"&quot;Speed-Dating&quot; und Kofferpacken - Zentrum f\u00fcr Hochschuldidaktik (Campus02)\" \/>\n<meta property=\"og:description\" content=\"&quot;Speed-Dating&quot; und KofferpackenProbier mal \u2026 Speed-Dating zu Beginn und eine Runde \u201eKoffer packen\u201c zum Ende einer mehr&hellip;\" \/>\n<meta property=\"og:url\" content=\"https:\/\/www.campus02.at\/hochschuldidaktik\/speeddating-und-kofferpacken\/\" \/>\n<meta property=\"og:site_name\" content=\"Zentrum f\u00fcr Hochschuldidaktik (Campus02)\" \/>\n<meta property=\"article:modified_time\" content=\"2023-02-24T12:26:29+00:00\" \/>\n<meta name=\"twitter:card\" content=\"summary_large_image\" \/>\n<meta name=\"twitter:label1\" content=\"Written by\" \/>\n\t<meta name=\"twitter:data1\" content=\"Anastasija Lyubova\" \/>\n<script type=\"application\/ld+json\" class=\"yoast-schema-graph\">{\"@context\":\"https:\/\/schema.org\",\"@graph\":[{\"@type\":\"WebPage\",\"@id\":\"https:\/\/www.campus02.at\/hochschuldidaktik\/speeddating-und-kofferpacken\/\",\"url\":\"https:\/\/www.campus02.at\/hochschuldidaktik\/speeddating-und-kofferpacken\/\",\"name\":\"\\\"Speed-Dating\\\" und Kofferpacken - Zentrum f\u00fcr Hochschuldidaktik (Campus02)\",\"isPartOf\":{\"@id\":\"https:\/\/www.campus02.at\/hochschuldidaktik\/#website\"},\"datePublished\":\"2021-12-09T06:41:45+00:00\",\"dateModified\":\"2023-02-24T12:26:29+00:00\",\"breadcrumb\":{\"@id\":\"https:\/\/www.campus02.at\/hochschuldidaktik\/speeddating-und-kofferpacken\/#breadcrumb\"},\"inLanguage\":\"de\",\"potentialAction\":[{\"@type\":\"ReadAction\",\"target\":[\"https:\/\/www.campus02.at\/hochschuldidaktik\/speeddating-und-kofferpacken\/\"]}]},{\"@type\":\"BreadcrumbList\",\"@id\":\"https:\/\/www.campus02.at\/hochschuldidaktik\/speeddating-und-kofferpacken\/#breadcrumb\",\"itemListElement\":[{\"@type\":\"ListItem\",\"position\":1,\"name\":\"Startseite\",\"item\":\"https:\/\/www.campus02.at\/hochschuldidaktik\/\"},{\"@type\":\"ListItem\",\"position\":2,\"name\":\"&#8222;Speed-Dating&#8220; und Kofferpacken\"}]},{\"@type\":\"WebSite\",\"@id\":\"https:\/\/www.campus02.at\/hochschuldidaktik\/#website\",\"url\":\"https:\/\/www.campus02.at\/hochschuldidaktik\/\",\"name\":\"Zentrum f\u00fcr Hochschuldidaktik (Campus02)\",\"description\":\"Eine weitere Campus02 Website\",\"publisher\":{\"@id\":\"https:\/\/www.campus02.at\/hochschuldidaktik\/#organization\"},\"potentialAction\":[{\"@type\":\"SearchAction\",\"target\":{\"@type\":\"EntryPoint\",\"urlTemplate\":\"https:\/\/www.campus02.at\/hochschuldidaktik\/?s={search_term_string}\"},\"query-input\":{\"@type\":\"PropertyValueSpecification\",\"valueRequired\":true,\"valueName\":\"search_term_string\"}}],\"inLanguage\":\"de\"},{\"@type\":\"Organization\",\"@id\":\"https:\/\/www.campus02.at\/hochschuldidaktik\/#organization\",\"name\":\"Zentrum f\u00fcr Hochschuldidaktik (Campus02)\",\"url\":\"https:\/\/www.campus02.at\/hochschuldidaktik\/\",\"logo\":{\"@type\":\"ImageObject\",\"inLanguage\":\"de\",\"@id\":\"https:\/\/www.campus02.at\/hochschuldidaktik\/#\/schema\/logo\/image\/\",\"url\":\"https:\/\/www.campus02.at\/hochschuldidaktik\/wp-content\/uploads\/sites\/20\/2023\/01\/logo-campus02.svg\",\"contentUrl\":\"https:\/\/www.campus02.at\/hochschuldidaktik\/wp-content\/uploads\/sites\/20\/2023\/01\/logo-campus02.svg\",\"width\":770,\"height\":249,\"caption\":\"Zentrum f\u00fcr Hochschuldidaktik (Campus02)\"},\"image\":{\"@id\":\"https:\/\/www.campus02.at\/hochschuldidaktik\/#\/schema\/logo\/image\/\"}}]}<\/script>\n<!-- \/ Yoast SEO plugin. -->","yoast_head_json":{"title":"\"Speed-Dating\" und Kofferpacken - Zentrum f\u00fcr Hochschuldidaktik (Campus02)","robots":{"index":"index","follow":"follow","max-snippet":"max-snippet:-1","max-image-preview":"max-image-preview:large","max-video-preview":"max-video-preview:-1"},"canonical":"https:\/\/www.campus02.at\/hochschuldidaktik\/speeddating-und-kofferpacken\/","og_locale":"de_DE","og_type":"article","og_title":"\"Speed-Dating\" und Kofferpacken - Zentrum f\u00fcr Hochschuldidaktik (Campus02)","og_description":"&quot;Speed-Dating&quot; und KofferpackenProbier mal \u2026 Speed-Dating zu Beginn und eine Runde \u201eKoffer packen\u201c zum Ende einer mehr&hellip;","og_url":"https:\/\/www.campus02.at\/hochschuldidaktik\/speeddating-und-kofferpacken\/","og_site_name":"Zentrum f\u00fcr Hochschuldidaktik (Campus02)","article_modified_time":"2023-02-24T12:26:29+00:00","twitter_card":"summary_large_image","twitter_misc":{"Written by":"Anastasija Lyubova"},"schema":{"@context":"https:\/\/schema.org","@graph":[{"@type":"WebPage","@id":"https:\/\/www.campus02.at\/hochschuldidaktik\/speeddating-und-kofferpacken\/","url":"https:\/\/www.campus02.at\/hochschuldidaktik\/speeddating-und-kofferpacken\/","name":"\"Speed-Dating\" und Kofferpacken - Zentrum f\u00fcr Hochschuldidaktik (Campus02)","isPartOf":{"@id":"https:\/\/www.campus02.at\/hochschuldidaktik\/#website"},"datePublished":"2021-12-09T06:41:45+00:00","dateModified":"2023-02-24T12:26:29+00:00","breadcrumb":{"@id":"https:\/\/www.campus02.at\/hochschuldidaktik\/speeddating-und-kofferpacken\/#breadcrumb"},"inLanguage":"de","potentialAction":[{"@type":"ReadAction","target":["https:\/\/www.campus02.at\/hochschuldidaktik\/speeddating-und-kofferpacken\/"]}]},{"@type":"BreadcrumbList","@id":"https:\/\/www.campus02.at\/hochschuldidaktik\/speeddating-und-kofferpacken\/#breadcrumb","itemListElement":[{"@type":"ListItem","position":1,"name":"Startseite","item":"https:\/\/www.campus02.at\/hochschuldidaktik\/"},{"@type":"ListItem","position":2,"name":"&#8222;Speed-Dating&#8220; und Kofferpacken"}]},{"@type":"WebSite","@id":"https:\/\/www.campus02.at\/hochschuldidaktik\/#website","url":"https:\/\/www.campus02.at\/hochschuldidaktik\/","name":"Zentrum f\u00fcr Hochschuldidaktik (Campus02)","description":"Eine weitere Campus02 Website","publisher":{"@id":"https:\/\/www.campus02.at\/hochschuldidaktik\/#organization"},"potentialAction":[{"@type":"SearchAction","target":{"@type":"EntryPoint","urlTemplate":"https:\/\/www.campus02.at\/hochschuldidaktik\/?s={search_term_string}"},"query-input":{"@type":"PropertyValueSpecification","valueRequired":true,"valueName":"search_term_string"}}],"inLanguage":"de"},{"@type":"Organization","@id":"https:\/\/www.campus02.at\/hochschuldidaktik\/#organization","name":"Zentrum f\u00fcr Hochschuldidaktik (Campus02)","url":"https:\/\/www.campus02.at\/hochschuldidaktik\/","logo":{"@type":"ImageObject","inLanguage":"de","@id":"https:\/\/www.campus02.at\/hochschuldidaktik\/#\/schema\/logo\/image\/","url":"https:\/\/www.campus02.at\/hochschuldidaktik\/wp-content\/uploads\/sites\/20\/2023\/01\/logo-campus02.svg","contentUrl":"https:\/\/www.campus02.at\/hochschuldidaktik\/wp-content\/uploads\/sites\/20\/2023\/01\/logo-campus02.svg","width":770,"height":249,"caption":"Zentrum f\u00fcr Hochschuldidaktik (Campus02)"},"image":{"@id":"https:\/\/www.campus02.at\/hochschuldidaktik\/#\/schema\/logo\/image\/"}}]}},"_links":{"self":[{"href":"https:\/\/www.campus02.at\/hochschuldidaktik\/wp-json\/wp\/v2\/pages\/3940","targetHints":{"allow":["GET"]}}],"collection":[{"href":"https:\/\/www.campus02.at\/hochschuldidaktik\/wp-json\/wp\/v2\/pages"}],"about":[{"href":"https:\/\/www.campus02.at\/hochschuldidaktik\/wp-json\/wp\/v2\/types\/page"}],"author":[{"embeddable":true,"href":"https:\/\/www.campus02.at\/hochschuldidaktik\/wp-json\/wp\/v2\/users\/175"}],"replies":[{"embeddable":true,"href":"https:\/\/www.campus02.at\/hochschuldidaktik\/wp-json\/wp\/v2\/comments?post=3940"}],"version-history":[{"count":8,"href":"https:\/\/www.campus02.at\/hochschuldidaktik\/wp-json\/wp\/v2\/pages\/3940\/revisions"}],"predecessor-version":[{"id":5518,"href":"https:\/\/www.campus02.at\/hochschuldidaktik\/wp-json\/wp\/v2\/pages\/3940\/revisions\/5518"}],"wp:attachment":[{"href":"https:\/\/www.campus02.at\/hochschuldidaktik\/wp-json\/wp\/v2\/media?parent=3940"}],"wp:term":[{"taxonomy":"author","embeddable":true,"href":"https:\/\/www.campus02.at\/hochschuldidaktik\/wp-json\/wp\/v2\/coauthors?post=3940"}],"curies":[{"name":"wp","href":"https:\/\/api.w.org\/{rel}","templated":true}]}}