{"id":3934,"date":"2021-12-09T07:39:37","date_gmt":"2021-12-09T06:39:37","guid":{"rendered":"https:\/\/www.campus02.at\/hochschuldidaktik\/?page_id=3934"},"modified":"2023-02-24T12:48:18","modified_gmt":"2023-02-24T11:48:18","slug":"tweedback-waehrend-ihres-vortrags-verwenden","status":"publish","type":"page","link":"https:\/\/www.campus02.at\/hochschuldidaktik\/tweedback-waehrend-ihres-vortrags-verwenden\/","title":{"rendered":"Tweedback w\u00e4hrend Ihres Vortrags verwenden"},"content":{"rendered":"<div class=\"flex-campus-main flex-campus-main-Heading\"><h2>Tweedback w\u00e4hrend Ihres Vortrags verwenden<\/h2><\/div><div class=\"flex-campus-main flex-campus-main-Text\"><p><em><strong>Probier mal \u2026<\/strong> <span class=\"TextRun BCX0 SCXW265752134\" lang=\"DE-AT\" xml:lang=\"DE-AT\" data-contrast=\"auto\"><span class=\"NormalTextRun BCX0 SCXW265752134\" data-ccp-parastyle=\"Normal (Web)\">ein Tool zu verwenden, mit dem schnell und anonym Echtzeit-Feedback zum Vortrag eingeholt werden kann. So werden Studierende zu aktiven Teilnehmer*innen!<\/span><\/span><\/em><\/p>\n<p>&nbsp;<\/p>\n<p>Mit dem Audience Response Tool Tweedback k\u00f6nnen Sie einfach und unkompliziert <strong>live-Feedback zu Ihrem Vortrag einhole<\/strong>n und Studierende aktivieren. Die simplen \u2013 aber sehr effektiven \u2013 Features, welche das Tool bietet, hilft Ihnen dabei den Vortrag nach den Bed\u00fcrfnissen der Studierenden auszurichten und ein aktuelles Stimmungsbild einzuholen. Das Tool ist kostenlos nutzbar und sie k\u00f6nnen beliebig viele Sessions erstellen.<\/p>\n<p>Nachdem Sie ein Konto auf der DSGVO-konformen Seite angelegt haben, kann es auch schon losgehen! Die Einfachheit des Tools erlaubt auch, dass es spontan verwendet werden kann, wenn Sie w\u00e4hrend des Unterrichts merken, es besteht Bedarf daf\u00fcr.<\/p>\n<p><img fetchpriority=\"high\" decoding=\"async\" fetchpriority=\"high\" class=\"alignnone wp-image-4001\" src=\"https:\/\/www.campus02.at\/hochschuldidaktik\/wp-content\/uploads\/sites\/20\/2021\/12\/Session-erstellen-300x136.png\" alt=\"\" width=\"872\" height=\"396\" srcset=\"https:\/\/www.campus02.at\/hochschuldidaktik\/wp-content\/uploads\/sites\/20\/2021\/12\/Session-erstellen-300x136.png 300w, https:\/\/www.campus02.at\/hochschuldidaktik\/wp-content\/uploads\/sites\/20\/2021\/12\/Session-erstellen-1536x695.png 1536w\" sizes=\"(max-width: 872px) 100vw, 872px\" \/><\/p>\n<p>&nbsp;<\/p>\n<p>Mit einem Klick auf \u201eSession erstellen\u201c kommen Sie zur Auswahl der Features, die Sie bei Ihrer Session haben m\u00f6chten. Sie k\u00f6nnen diese auch sp\u00e4ter aktivieren. Studierende loggen sich mit der 4-stelligen Session ID auf Tweedbacks Hauptseite ein oder scannen den QR-Code unter dem Reiter \u201eSession\u201c auf der rechten Seite.<\/p>\n<p>&nbsp;<\/p>\n<p><img loading=\"lazy\" decoding=\"async\" class=\"alignnone wp-image-4000\" src=\"https:\/\/www.campus02.at\/hochschuldidaktik\/wp-content\/uploads\/sites\/20\/2021\/12\/Chatwall-Quiz-Panik-300x139.png\" alt=\"\" width=\"872\" height=\"404\" srcset=\"https:\/\/www.campus02.at\/hochschuldidaktik\/wp-content\/uploads\/sites\/20\/2021\/12\/Chatwall-Quiz-Panik-300x139.png 300w, https:\/\/www.campus02.at\/hochschuldidaktik\/wp-content\/uploads\/sites\/20\/2021\/12\/Chatwall-Quiz-Panik-1024x474.png 1024w, https:\/\/www.campus02.at\/hochschuldidaktik\/wp-content\/uploads\/sites\/20\/2021\/12\/Chatwall-Quiz-Panik-768x355.png 768w, https:\/\/www.campus02.at\/hochschuldidaktik\/wp-content\/uploads\/sites\/20\/2021\/12\/Chatwall-Quiz-Panik-1536x710.png 1536w, https:\/\/www.campus02.at\/hochschuldidaktik\/wp-content\/uploads\/sites\/20\/2021\/12\/Chatwall-Quiz-Panik.png 1896w\" sizes=\"(max-width: 872px) 100vw, 872px\" \/><\/p>\n<p>&nbsp;<\/p>\n<p>Mit dem Feature \u201eChatwall\u201c k\u00f6nnen Studierende sich anonym untereinander austauschen und Fragen stellen, ohne den Vortrag zu unterbrechen. Das Quiz beinhaltet eine Frage und bis zu f\u00fcnf Antwortm\u00f6glichkeiten, die als Umfrage oder als Wissensabfrage dienen k\u00f6nnen. Mit dem \u201ePanik\u201c Feature k\u00f6nnen Studierende Feedback zu Ihrem Vortrag geben und dadurch auf diesen Einfluss nehmen. Die Ergebnisse sehen Sie in einer Grafik, wo vermerkt ist, wann und von wie vielen Personen das Feedback kam.<\/p>\n<p>&nbsp;<\/p>\n<p><img loading=\"lazy\" decoding=\"async\" class=\"alignnone wp-image-4004\" src=\"https:\/\/www.campus02.at\/hochschuldidaktik\/wp-content\/uploads\/sites\/20\/2021\/12\/Smartphone-Tweedback-169x300.jpg\" alt=\"\" width=\"243\" height=\"431\" srcset=\"https:\/\/www.campus02.at\/hochschuldidaktik\/wp-content\/uploads\/sites\/20\/2021\/12\/Smartphone-Tweedback-169x300.jpg 169w, https:\/\/www.campus02.at\/hochschuldidaktik\/wp-content\/uploads\/sites\/20\/2021\/12\/Smartphone-Tweedback-576x1024.jpg 576w, https:\/\/www.campus02.at\/hochschuldidaktik\/wp-content\/uploads\/sites\/20\/2021\/12\/Smartphone-Tweedback-768x1365.jpg 768w, https:\/\/www.campus02.at\/hochschuldidaktik\/wp-content\/uploads\/sites\/20\/2021\/12\/Smartphone-Tweedback-864x1536.jpg 864w, https:\/\/www.campus02.at\/hochschuldidaktik\/wp-content\/uploads\/sites\/20\/2021\/12\/Smartphone-Tweedback.jpg 1080w\" sizes=\"(max-width: 243px) 100vw, 243px\" \/><img loading=\"lazy\" decoding=\"async\" loading=\"lazy\" class=\"wp-image-4005 alignright\" src=\"https:\/\/www.campus02.at\/hochschuldidaktik\/wp-content\/uploads\/sites\/20\/2021\/12\/Panik-Modus-1-300x197.png\" alt=\"\" width=\"645\" height=\"423\" srcset=\"https:\/\/www.campus02.at\/hochschuldidaktik\/wp-content\/uploads\/sites\/20\/2021\/12\/Panik-Modus-1-300x197.png 300w, https:\/\/www.campus02.at\/hochschuldidaktik\/wp-content\/uploads\/sites\/20\/2021\/12\/Panik-Modus-1-1024x673.png 1024w, https:\/\/www.campus02.at\/hochschuldidaktik\/wp-content\/uploads\/sites\/20\/2021\/12\/Panik-Modus-1-768x505.png 768w, https:\/\/www.campus02.at\/hochschuldidaktik\/wp-content\/uploads\/sites\/20\/2021\/12\/Panik-Modus-1.png 1393w\" sizes=\"auto, (max-width: 645px) 100vw, 645px\" \/><\/p>\n<p>&nbsp;<\/p>\n<p>Nutzen Sie Tweedback doch bei Ihrem n\u00e4chsten Vortrag! Wir w\u00fcrden uns freuen, von Ihrer Erfahrung mit dem Tool zu h\u00f6ren.<\/p>\n<p>&nbsp;<\/p>\n<h3>Links<\/h3>\n<h4><i class=\"fa fa-link \"><\/i> <a href=\"https:\/\/tweedback.de\/\">Zu Tweedback<\/a><\/h4>\n<h4><i class=\"fa fa-link \"><\/i> <a href=\"https:\/\/www.campus02.at\/hochschuldidaktik\/webbasierte-tools\/tweedback\/\">Tweedback-Eintrag bei unseren TEL-Tools<\/a><\/h4>\n<h4><a href=\"https:\/\/www.campus02.at\/hochschuldidaktik\/lehrmethoden\/vortrag\/\"><i class=\"fa fa-link \"><\/i>\u00a0 Methode \u201eVortrag\u201c\u00a0<\/a><\/h4>\n<h4><i class=\"fa fa-link \"><\/i> <a href=\"https:\/\/e-campus.st\/moodle\/course\/view.php?id=11\">eCampus \u201eAudience-Response-Systeme\u201c<\/a><\/h4>\n<h4><a href=\"https:\/\/e-campus.st\/moodle\/course\/view.php?id=9\"><i class=\"fa fa-link \"><\/i> eCampus \u201eAbstimmungen und Stimmungsbarometer: Gestaltung und Anwendung in der Online-Lehre\u201c<\/a><\/h4>\n<h4><a href=\"https:\/\/e-campus.st\/moodle\/course\/view.php?id=15\"><i class=\"fa fa-link \"><\/i> eCampus \u201eDigitales Feedback in der Pr\u00e4senzeinheit einholen\u201c<\/a><\/h4>\n<h4><\/h4>\n<h3 id=\"yui_3_17_2_1_1639129932842_158\"><\/h3>\n<p>&nbsp;<\/p>\n<\/div>","protected":false},"excerpt":{"rendered":"<p>Tweedback w\u00e4hrend Ihres Vortrags verwendenProbier mal \u2026 ein Tool zu verwenden, mit dem schnell und anonym Echtzeit-Feedback <a href=\"https:\/\/www.campus02.at\/hochschuldidaktik\/tweedback-waehrend-ihres-vortrags-verwenden\/\" class=\"more-link\">mehr&hellip;<\/a><\/p>\n","protected":false},"author":175,"featured_media":0,"parent":0,"menu_order":7,"comment_status":"closed","ping_status":"closed","template":"","meta":{"_acf_changed":false,"footnotes":""},"coauthors":[55],"class_list":["post-3934","page","type-page","status-publish","hentry"],"acf":[],"yoast_head":"<!-- This site is optimized with the Yoast SEO plugin v26.9 - https:\/\/yoast.com\/product\/yoast-seo-wordpress\/ -->\n<title>Tweedback w\u00e4hrend Ihres Vortrags verwenden - Zentrum f\u00fcr Hochschuldidaktik (Campus02)<\/title>\n<meta name=\"robots\" content=\"index, follow, max-snippet:-1, max-image-preview:large, max-video-preview:-1\" \/>\n<link rel=\"canonical\" href=\"https:\/\/www.campus02.at\/hochschuldidaktik\/tweedback-waehrend-ihres-vortrags-verwenden\/\" \/>\n<meta property=\"og:locale\" content=\"de_DE\" \/>\n<meta property=\"og:type\" content=\"article\" \/>\n<meta property=\"og:title\" content=\"Tweedback w\u00e4hrend Ihres Vortrags verwenden - Zentrum f\u00fcr Hochschuldidaktik (Campus02)\" \/>\n<meta property=\"og:description\" content=\"Tweedback w\u00e4hrend Ihres Vortrags verwendenProbier mal \u2026 ein Tool zu verwenden, mit dem schnell und anonym Echtzeit-Feedback mehr&hellip;\" \/>\n<meta property=\"og:url\" content=\"https:\/\/www.campus02.at\/hochschuldidaktik\/tweedback-waehrend-ihres-vortrags-verwenden\/\" \/>\n<meta property=\"og:site_name\" content=\"Zentrum f\u00fcr Hochschuldidaktik (Campus02)\" \/>\n<meta property=\"article:modified_time\" content=\"2023-02-24T11:48:18+00:00\" \/>\n<meta name=\"twitter:card\" content=\"summary_large_image\" \/>\n<script type=\"application\/ld+json\" class=\"yoast-schema-graph\">{\"@context\":\"https:\/\/schema.org\",\"@graph\":[{\"@type\":\"WebPage\",\"@id\":\"https:\/\/www.campus02.at\/hochschuldidaktik\/tweedback-waehrend-ihres-vortrags-verwenden\/\",\"url\":\"https:\/\/www.campus02.at\/hochschuldidaktik\/tweedback-waehrend-ihres-vortrags-verwenden\/\",\"name\":\"Tweedback w\u00e4hrend Ihres Vortrags verwenden - Zentrum f\u00fcr Hochschuldidaktik (Campus02)\",\"isPartOf\":{\"@id\":\"https:\/\/www.campus02.at\/hochschuldidaktik\/#website\"},\"datePublished\":\"2021-12-09T06:39:37+00:00\",\"dateModified\":\"2023-02-24T11:48:18+00:00\",\"breadcrumb\":{\"@id\":\"https:\/\/www.campus02.at\/hochschuldidaktik\/tweedback-waehrend-ihres-vortrags-verwenden\/#breadcrumb\"},\"inLanguage\":\"de\",\"potentialAction\":[{\"@type\":\"ReadAction\",\"target\":[\"https:\/\/www.campus02.at\/hochschuldidaktik\/tweedback-waehrend-ihres-vortrags-verwenden\/\"]}]},{\"@type\":\"BreadcrumbList\",\"@id\":\"https:\/\/www.campus02.at\/hochschuldidaktik\/tweedback-waehrend-ihres-vortrags-verwenden\/#breadcrumb\",\"itemListElement\":[{\"@type\":\"ListItem\",\"position\":1,\"name\":\"Startseite\",\"item\":\"https:\/\/www.campus02.at\/hochschuldidaktik\/\"},{\"@type\":\"ListItem\",\"position\":2,\"name\":\"Tweedback w\u00e4hrend Ihres Vortrags verwenden\"}]},{\"@type\":\"WebSite\",\"@id\":\"https:\/\/www.campus02.at\/hochschuldidaktik\/#website\",\"url\":\"https:\/\/www.campus02.at\/hochschuldidaktik\/\",\"name\":\"Zentrum f\u00fcr Hochschuldidaktik (Campus02)\",\"description\":\"Eine weitere Campus02 Website\",\"publisher\":{\"@id\":\"https:\/\/www.campus02.at\/hochschuldidaktik\/#organization\"},\"potentialAction\":[{\"@type\":\"SearchAction\",\"target\":{\"@type\":\"EntryPoint\",\"urlTemplate\":\"https:\/\/www.campus02.at\/hochschuldidaktik\/?s={search_term_string}\"},\"query-input\":{\"@type\":\"PropertyValueSpecification\",\"valueRequired\":true,\"valueName\":\"search_term_string\"}}],\"inLanguage\":\"de\"},{\"@type\":\"Organization\",\"@id\":\"https:\/\/www.campus02.at\/hochschuldidaktik\/#organization\",\"name\":\"Zentrum f\u00fcr Hochschuldidaktik (Campus02)\",\"url\":\"https:\/\/www.campus02.at\/hochschuldidaktik\/\",\"logo\":{\"@type\":\"ImageObject\",\"inLanguage\":\"de\",\"@id\":\"https:\/\/www.campus02.at\/hochschuldidaktik\/#\/schema\/logo\/image\/\",\"url\":\"https:\/\/www.campus02.at\/hochschuldidaktik\/wp-content\/uploads\/sites\/20\/2023\/01\/logo-campus02.svg\",\"contentUrl\":\"https:\/\/www.campus02.at\/hochschuldidaktik\/wp-content\/uploads\/sites\/20\/2023\/01\/logo-campus02.svg\",\"width\":770,\"height\":249,\"caption\":\"Zentrum f\u00fcr Hochschuldidaktik (Campus02)\"},\"image\":{\"@id\":\"https:\/\/www.campus02.at\/hochschuldidaktik\/#\/schema\/logo\/image\/\"}}]}<\/script>\n<!-- \/ Yoast SEO plugin. -->","yoast_head_json":{"title":"Tweedback w\u00e4hrend Ihres Vortrags verwenden - Zentrum f\u00fcr Hochschuldidaktik (Campus02)","robots":{"index":"index","follow":"follow","max-snippet":"max-snippet:-1","max-image-preview":"max-image-preview:large","max-video-preview":"max-video-preview:-1"},"canonical":"https:\/\/www.campus02.at\/hochschuldidaktik\/tweedback-waehrend-ihres-vortrags-verwenden\/","og_locale":"de_DE","og_type":"article","og_title":"Tweedback w\u00e4hrend Ihres Vortrags verwenden - Zentrum f\u00fcr Hochschuldidaktik (Campus02)","og_description":"Tweedback w\u00e4hrend Ihres Vortrags verwendenProbier mal \u2026 ein Tool zu verwenden, mit dem schnell und anonym Echtzeit-Feedback mehr&hellip;","og_url":"https:\/\/www.campus02.at\/hochschuldidaktik\/tweedback-waehrend-ihres-vortrags-verwenden\/","og_site_name":"Zentrum f\u00fcr Hochschuldidaktik (Campus02)","article_modified_time":"2023-02-24T11:48:18+00:00","twitter_card":"summary_large_image","schema":{"@context":"https:\/\/schema.org","@graph":[{"@type":"WebPage","@id":"https:\/\/www.campus02.at\/hochschuldidaktik\/tweedback-waehrend-ihres-vortrags-verwenden\/","url":"https:\/\/www.campus02.at\/hochschuldidaktik\/tweedback-waehrend-ihres-vortrags-verwenden\/","name":"Tweedback w\u00e4hrend Ihres Vortrags verwenden - Zentrum f\u00fcr Hochschuldidaktik (Campus02)","isPartOf":{"@id":"https:\/\/www.campus02.at\/hochschuldidaktik\/#website"},"datePublished":"2021-12-09T06:39:37+00:00","dateModified":"2023-02-24T11:48:18+00:00","breadcrumb":{"@id":"https:\/\/www.campus02.at\/hochschuldidaktik\/tweedback-waehrend-ihres-vortrags-verwenden\/#breadcrumb"},"inLanguage":"de","potentialAction":[{"@type":"ReadAction","target":["https:\/\/www.campus02.at\/hochschuldidaktik\/tweedback-waehrend-ihres-vortrags-verwenden\/"]}]},{"@type":"BreadcrumbList","@id":"https:\/\/www.campus02.at\/hochschuldidaktik\/tweedback-waehrend-ihres-vortrags-verwenden\/#breadcrumb","itemListElement":[{"@type":"ListItem","position":1,"name":"Startseite","item":"https:\/\/www.campus02.at\/hochschuldidaktik\/"},{"@type":"ListItem","position":2,"name":"Tweedback w\u00e4hrend Ihres Vortrags verwenden"}]},{"@type":"WebSite","@id":"https:\/\/www.campus02.at\/hochschuldidaktik\/#website","url":"https:\/\/www.campus02.at\/hochschuldidaktik\/","name":"Zentrum f\u00fcr Hochschuldidaktik (Campus02)","description":"Eine weitere Campus02 Website","publisher":{"@id":"https:\/\/www.campus02.at\/hochschuldidaktik\/#organization"},"potentialAction":[{"@type":"SearchAction","target":{"@type":"EntryPoint","urlTemplate":"https:\/\/www.campus02.at\/hochschuldidaktik\/?s={search_term_string}"},"query-input":{"@type":"PropertyValueSpecification","valueRequired":true,"valueName":"search_term_string"}}],"inLanguage":"de"},{"@type":"Organization","@id":"https:\/\/www.campus02.at\/hochschuldidaktik\/#organization","name":"Zentrum f\u00fcr Hochschuldidaktik (Campus02)","url":"https:\/\/www.campus02.at\/hochschuldidaktik\/","logo":{"@type":"ImageObject","inLanguage":"de","@id":"https:\/\/www.campus02.at\/hochschuldidaktik\/#\/schema\/logo\/image\/","url":"https:\/\/www.campus02.at\/hochschuldidaktik\/wp-content\/uploads\/sites\/20\/2023\/01\/logo-campus02.svg","contentUrl":"https:\/\/www.campus02.at\/hochschuldidaktik\/wp-content\/uploads\/sites\/20\/2023\/01\/logo-campus02.svg","width":770,"height":249,"caption":"Zentrum f\u00fcr Hochschuldidaktik (Campus02)"},"image":{"@id":"https:\/\/www.campus02.at\/hochschuldidaktik\/#\/schema\/logo\/image\/"}}]}},"_links":{"self":[{"href":"https:\/\/www.campus02.at\/hochschuldidaktik\/wp-json\/wp\/v2\/pages\/3934","targetHints":{"allow":["GET"]}}],"collection":[{"href":"https:\/\/www.campus02.at\/hochschuldidaktik\/wp-json\/wp\/v2\/pages"}],"about":[{"href":"https:\/\/www.campus02.at\/hochschuldidaktik\/wp-json\/wp\/v2\/types\/page"}],"author":[{"embeddable":true,"href":"https:\/\/www.campus02.at\/hochschuldidaktik\/wp-json\/wp\/v2\/users\/175"}],"replies":[{"embeddable":true,"href":"https:\/\/www.campus02.at\/hochschuldidaktik\/wp-json\/wp\/v2\/comments?post=3934"}],"version-history":[{"count":7,"href":"https:\/\/www.campus02.at\/hochschuldidaktik\/wp-json\/wp\/v2\/pages\/3934\/revisions"}],"predecessor-version":[{"id":5517,"href":"https:\/\/www.campus02.at\/hochschuldidaktik\/wp-json\/wp\/v2\/pages\/3934\/revisions\/5517"}],"wp:attachment":[{"href":"https:\/\/www.campus02.at\/hochschuldidaktik\/wp-json\/wp\/v2\/media?parent=3934"}],"wp:term":[{"taxonomy":"author","embeddable":true,"href":"https:\/\/www.campus02.at\/hochschuldidaktik\/wp-json\/wp\/v2\/coauthors?post=3934"}],"curies":[{"name":"wp","href":"https:\/\/api.w.org\/{rel}","templated":true}]}}