{"id":3908,"date":"2021-12-06T11:44:48","date_gmt":"2021-12-06T10:44:48","guid":{"rendered":"https:\/\/www.campus02.at\/hochschuldidaktik\/?page_id=3908"},"modified":"2023-10-25T13:05:33","modified_gmt":"2023-10-25T11:05:33","slug":"youtube-video-mit-h5p-elementen-anreichern","status":"publish","type":"page","link":"https:\/\/www.campus02.at\/hochschuldidaktik\/youtube-video-mit-h5p-elementen-anreichern\/","title":{"rendered":"YouTube-Video mit H5P-Elementen anreichern"},"content":{"rendered":"<div class=\"flex-campus-main flex-campus-main-Heading\"><h2>YouTube-Video mit H5P-Elementen anreichern<\/h2><\/div><div class=\"flex-campus-main flex-campus-main-Text\"><p><em><strong>Probier mal \u2026<\/strong> <span class=\"NormalTextRun BCX0 SCXW39326224\" data-ccp-parastyle=\"Normal (Web)\">Videos auf\u00a0<\/span><span class=\"NormalTextRun SpellingErrorV2 BCX0 SCXW39326224\" data-ccp-parastyle=\"Normal (Web)\">Moodle<\/span><span class=\"NormalTextRun BCX0 SCXW39326224\" data-ccp-parastyle=\"Normal (Web)\">\u00a0mit Fragen anzureichern oder mit Links zu anderen Videos zu versehen. So k\u00f6nnen die Studierenden selbst\u00e4ndig \u00fcberpr\u00fcfen, ob Inhalte verstanden wurden und sich in eigenem Tempo Wissen aneignen. Die Lehrperson kann den Lernprozess zudem \u00fcberblicken.<\/span><\/em><\/p>\n<p>&nbsp;<\/p>\n<p>Mit H5P k\u00f6nnen Sie bei bestehenden Videos Fragen, Links oder zus\u00e4tzliche Informationen bereitstellen. Dadurch haben die Studierenden die M\u00f6glichkeit die Rolle der*des passiven Betrachterin*Betrachters zu verlassen und sich aktiv zu beteiligen. Weiters k\u00f6nnen Sie den Videos Lesezeichen hinzuf\u00fcgen und Studierende k\u00f6nnen die Abspielgeschwindigkeit ihrem eigenen Tempo anpassen. Die Antworten der Studierenden auf Fragen k\u00f6nnen Sie, wie bei einem Moodle-Test, in der Bewertungs\u00fcbersicht einsehen.<\/p>\n<p>Um ein interaktives Video zu erstellen, steht Ihnen H5P in Moodle zur Verf\u00fcgung. Navigieren Sie in Ihren Kurs und klicken Sie in der Navigation auf <strong>Inhaltsspeicher<\/strong>. Danach f\u00fcgen Sie Ihrem Inhaltsspeicher ein <strong>Interactive Video<\/strong> hinzu. Tipp: Neben dem interaktiven Video bietet H5P noch viele weitere spannende Elemente f\u00fcr die Lehre an!<\/p>\n<p><a href=\"https:\/\/www.campus02.at\/hochschuldidaktik\/wp-content\/uploads\/sites\/20\/2021\/12\/H5P_Inhaltsspeicher.png\"><img fetchpriority=\"high\" decoding=\"async\" fetchpriority=\"high\" class=\"alignnone wp-image-3927\" src=\"https:\/\/www.campus02.at\/hochschuldidaktik\/wp-content\/uploads\/sites\/20\/2021\/12\/H5P_Inhaltsspeicher-1024x541.png\" alt=\"\" width=\"700\" height=\"370\" srcset=\"https:\/\/www.campus02.at\/hochschuldidaktik\/wp-content\/uploads\/sites\/20\/2021\/12\/H5P_Inhaltsspeicher-1024x541.png 1024w, https:\/\/www.campus02.at\/hochschuldidaktik\/wp-content\/uploads\/sites\/20\/2021\/12\/H5P_Inhaltsspeicher-300x158.png 300w, https:\/\/www.campus02.at\/hochschuldidaktik\/wp-content\/uploads\/sites\/20\/2021\/12\/H5P_Inhaltsspeicher-768x406.png 768w, https:\/\/www.campus02.at\/hochschuldidaktik\/wp-content\/uploads\/sites\/20\/2021\/12\/H5P_Inhaltsspeicher-1536x811.png 1536w, https:\/\/www.campus02.at\/hochschuldidaktik\/wp-content\/uploads\/sites\/20\/2021\/12\/H5P_Inhaltsspeicher.png 1539w\" sizes=\"(max-width: 700px) 100vw, 700px\" \/><\/a><\/p>\n<p>&nbsp;<\/p>\n<p>W\u00e4hlen Sie im ersten Schritt das YouTube-Video aus. Danach k\u00f6nnen Sie dem Video die Interaktionen hinzuf\u00fcgen. Es stehen dazu verschiedene Fragetypen zur Auswahl und Sie k\u00f6nnen au\u00dferdem Text, Links oder Bilder hinzuf\u00fcgen. Gehen Sie im Video zur Stelle an der Sie eine Interaktion einf\u00fcgen wollen und klicken Sie dann auf das gew\u00fcnschte Element.<\/p>\n<p><a href=\"https:\/\/www.campus02.at\/hochschuldidaktik\/wp-content\/uploads\/sites\/20\/2021\/12\/H5P_Editor.png\"><img loading=\"lazy\" decoding=\"async\" class=\"alignnone wp-image-3929\" src=\"https:\/\/www.campus02.at\/hochschuldidaktik\/wp-content\/uploads\/sites\/20\/2021\/12\/H5P_Editor.png\" alt=\"\" width=\"700\" height=\"634\" srcset=\"https:\/\/www.campus02.at\/hochschuldidaktik\/wp-content\/uploads\/sites\/20\/2021\/12\/H5P_Editor.png 965w, https:\/\/www.campus02.at\/hochschuldidaktik\/wp-content\/uploads\/sites\/20\/2021\/12\/H5P_Editor-300x272.png 300w, https:\/\/www.campus02.at\/hochschuldidaktik\/wp-content\/uploads\/sites\/20\/2021\/12\/H5P_Editor-768x696.png 768w\" sizes=\"(max-width: 700px) 100vw, 700px\" \/><\/a><\/p>\n<p>&nbsp;<\/p>\n<p>Zum Schluss f\u00fcgen Sie das interaktive Video in Ihren Kurs ein. Legen Sie dazu eine neue Aktivit\u00e4t an und w\u00e4hlen Sie H5P aus. Vergeben Sie der Aktivit\u00e4t einen Namen und w\u00e4hlen Sie bei der Dateiauswahl das zuvor erstellte interaktive Video vom Inhaltsspeicher aus.<\/p>\n<p><a href=\"https:\/\/www.campus02.at\/hochschuldidaktik\/wp-content\/uploads\/sites\/20\/2021\/12\/H5P.png\"><img loading=\"lazy\" decoding=\"async\" class=\"alignnone wp-image-3925\" src=\"https:\/\/www.campus02.at\/hochschuldidaktik\/wp-content\/uploads\/sites\/20\/2021\/12\/H5P.png\" alt=\"\" width=\"376\" height=\"340\" srcset=\"https:\/\/www.campus02.at\/hochschuldidaktik\/wp-content\/uploads\/sites\/20\/2021\/12\/H5P.png 813w, https:\/\/www.campus02.at\/hochschuldidaktik\/wp-content\/uploads\/sites\/20\/2021\/12\/H5P-300x272.png 300w, https:\/\/www.campus02.at\/hochschuldidaktik\/wp-content\/uploads\/sites\/20\/2021\/12\/H5P-768x695.png 768w\" sizes=\"(max-width: 376px) 100vw, 376px\" \/><\/a><\/p>\n<h3>Links<\/h3>\n<h4><i class=\"fa fa-link \"><\/i>\u00a0<a href=\"https:\/\/e-campus.st\/moodle\/course\/view.php?id=25\" rel=\"noopener\">eCampus &#8222;Ein Lehrvideo mit interaktiven Elementen anreichern&#8220;<\/a><\/h4>\n<h4><i class=\"fa fa-link \"><\/i>\u00a0<a href=\"https:\/\/docs.moodle.org\/311\/de\/H5P\" rel=\"noopener\">H5P Moodle Dokumentation<\/a><\/h4>\n<h4><i class=\"fa fa-link \"><\/i> <a href=\"https:\/\/www.campus02.at\/hochschuldidaktik\/lehrmethoden\/lehrvideo\/\">Lehrmethode Lehrvideo<\/a><\/h4>\n<h4><i class=\"fa fa-link \"><\/i>\u00a0<a href=\"https:\/\/www.campus02.at\/hochschuldidaktik\/tel-tools\/lehrvideos\/\">TEL-Tool Lehrvideo<\/a><\/h4>\n<\/div><div class=\"flex-campus-main flex-campus-main-Gallery\"><div class=\"row\"><div class=\"col-md-6\"><a href=\"https:\/\/www.campus02.at\/hochschuldidaktik\/wp-content\/uploads\/sites\/20\/2021\/12\/H5P_Editor.png\" rel=\"fancybox-gallery-1\"><img decoding=\"async\" src=\"https:\/\/www.campus02.at\/hochschuldidaktik\/wp-content\/uploads\/sites\/20\/2021\/12\/H5P_Editor-300x300.png\" class=\"img-responsive\" alt=\"Moodle\" \/><\/a><\/div><div class=\"col-md-6\"><a href=\"https:\/\/www.campus02.at\/hochschuldidaktik\/wp-content\/uploads\/sites\/20\/2021\/12\/H5P_Inhaltsspeicher.png\" rel=\"fancybox-gallery-1\"><img decoding=\"async\" src=\"https:\/\/www.campus02.at\/hochschuldidaktik\/wp-content\/uploads\/sites\/20\/2021\/12\/H5P_Inhaltsspeicher-300x300.png\" class=\"img-responsive\" alt=\"Inhaltspeicher\" \/><\/a><\/div><div class=\"col-md-6\"><a href=\"https:\/\/www.campus02.at\/hochschuldidaktik\/wp-content\/uploads\/sites\/20\/2021\/12\/H5P.png\" rel=\"fancybox-gallery-1\"><img decoding=\"async\" src=\"https:\/\/www.campus02.at\/hochschuldidaktik\/wp-content\/uploads\/sites\/20\/2021\/12\/H5P-300x300.png\" class=\"img-responsive\" alt=\"Anleitung\" \/><\/a><\/div><div class=\"col-md-6\"><a href=\"https:\/\/www.campus02.at\/hochschuldidaktik\/wp-content\/uploads\/sites\/20\/2021\/12\/H5P.jpg\" rel=\"fancybox-gallery-1\"><img decoding=\"async\" src=\"https:\/\/www.campus02.at\/hochschuldidaktik\/wp-content\/uploads\/sites\/20\/2021\/12\/H5P.jpg\" class=\"img-responsive\" alt=\"Logo H5P\" \/><\/a><\/div><\/div><\/div>","protected":false},"excerpt":{"rendered":"<p>YouTube-Video mit H5P-Elementen anreichernProbier mal \u2026 Videos auf\u00a0Moodle\u00a0mit Fragen anzureichern oder mit Links zu anderen <a href=\"https:\/\/www.campus02.at\/hochschuldidaktik\/youtube-video-mit-h5p-elementen-anreichern\/\" class=\"more-link\">mehr&hellip;<\/a><\/p>\n","protected":false},"author":135,"featured_media":0,"parent":0,"menu_order":5,"comment_status":"closed","ping_status":"closed","template":"","meta":{"_acf_changed":false,"footnotes":""},"coauthors":[40],"class_list":["post-3908","page","type-page","status-publish","hentry"],"acf":[],"yoast_head":"<!-- This site is optimized with the Yoast SEO plugin v26.9 - https:\/\/yoast.com\/product\/yoast-seo-wordpress\/ -->\n<title>YouTube-Video mit H5P-Elementen anreichern - Zentrum f\u00fcr Hochschuldidaktik (Campus02)<\/title>\n<meta name=\"robots\" content=\"index, follow, max-snippet:-1, max-image-preview:large, max-video-preview:-1\" \/>\n<link rel=\"canonical\" href=\"https:\/\/www.campus02.at\/hochschuldidaktik\/youtube-video-mit-h5p-elementen-anreichern\/\" \/>\n<meta property=\"og:locale\" content=\"de_DE\" \/>\n<meta property=\"og:type\" content=\"article\" \/>\n<meta property=\"og:title\" content=\"YouTube-Video mit H5P-Elementen anreichern - Zentrum f\u00fcr Hochschuldidaktik (Campus02)\" \/>\n<meta property=\"og:description\" content=\"YouTube-Video mit H5P-Elementen anreichernProbier mal \u2026 Videos auf\u00a0Moodle\u00a0mit Fragen anzureichern oder mit Links zu anderen mehr&hellip;\" \/>\n<meta property=\"og:url\" content=\"https:\/\/www.campus02.at\/hochschuldidaktik\/youtube-video-mit-h5p-elementen-anreichern\/\" \/>\n<meta property=\"og:site_name\" content=\"Zentrum f\u00fcr Hochschuldidaktik (Campus02)\" \/>\n<meta property=\"article:modified_time\" content=\"2023-10-25T11:05:33+00:00\" \/>\n<meta name=\"twitter:card\" content=\"summary_large_image\" \/>\n<script type=\"application\/ld+json\" class=\"yoast-schema-graph\">{\"@context\":\"https:\/\/schema.org\",\"@graph\":[{\"@type\":\"WebPage\",\"@id\":\"https:\/\/www.campus02.at\/hochschuldidaktik\/youtube-video-mit-h5p-elementen-anreichern\/\",\"url\":\"https:\/\/www.campus02.at\/hochschuldidaktik\/youtube-video-mit-h5p-elementen-anreichern\/\",\"name\":\"YouTube-Video mit H5P-Elementen anreichern - Zentrum f\u00fcr Hochschuldidaktik (Campus02)\",\"isPartOf\":{\"@id\":\"https:\/\/www.campus02.at\/hochschuldidaktik\/#website\"},\"datePublished\":\"2021-12-06T10:44:48+00:00\",\"dateModified\":\"2023-10-25T11:05:33+00:00\",\"breadcrumb\":{\"@id\":\"https:\/\/www.campus02.at\/hochschuldidaktik\/youtube-video-mit-h5p-elementen-anreichern\/#breadcrumb\"},\"inLanguage\":\"de\",\"potentialAction\":[{\"@type\":\"ReadAction\",\"target\":[\"https:\/\/www.campus02.at\/hochschuldidaktik\/youtube-video-mit-h5p-elementen-anreichern\/\"]}]},{\"@type\":\"BreadcrumbList\",\"@id\":\"https:\/\/www.campus02.at\/hochschuldidaktik\/youtube-video-mit-h5p-elementen-anreichern\/#breadcrumb\",\"itemListElement\":[{\"@type\":\"ListItem\",\"position\":1,\"name\":\"Startseite\",\"item\":\"https:\/\/www.campus02.at\/hochschuldidaktik\/\"},{\"@type\":\"ListItem\",\"position\":2,\"name\":\"YouTube-Video mit H5P-Elementen anreichern\"}]},{\"@type\":\"WebSite\",\"@id\":\"https:\/\/www.campus02.at\/hochschuldidaktik\/#website\",\"url\":\"https:\/\/www.campus02.at\/hochschuldidaktik\/\",\"name\":\"Zentrum f\u00fcr Hochschuldidaktik (Campus02)\",\"description\":\"Eine weitere Campus02 Website\",\"publisher\":{\"@id\":\"https:\/\/www.campus02.at\/hochschuldidaktik\/#organization\"},\"potentialAction\":[{\"@type\":\"SearchAction\",\"target\":{\"@type\":\"EntryPoint\",\"urlTemplate\":\"https:\/\/www.campus02.at\/hochschuldidaktik\/?s={search_term_string}\"},\"query-input\":{\"@type\":\"PropertyValueSpecification\",\"valueRequired\":true,\"valueName\":\"search_term_string\"}}],\"inLanguage\":\"de\"},{\"@type\":\"Organization\",\"@id\":\"https:\/\/www.campus02.at\/hochschuldidaktik\/#organization\",\"name\":\"Zentrum f\u00fcr Hochschuldidaktik (Campus02)\",\"url\":\"https:\/\/www.campus02.at\/hochschuldidaktik\/\",\"logo\":{\"@type\":\"ImageObject\",\"inLanguage\":\"de\",\"@id\":\"https:\/\/www.campus02.at\/hochschuldidaktik\/#\/schema\/logo\/image\/\",\"url\":\"https:\/\/www.campus02.at\/hochschuldidaktik\/wp-content\/uploads\/sites\/20\/2023\/01\/logo-campus02.svg\",\"contentUrl\":\"https:\/\/www.campus02.at\/hochschuldidaktik\/wp-content\/uploads\/sites\/20\/2023\/01\/logo-campus02.svg\",\"width\":770,\"height\":249,\"caption\":\"Zentrum f\u00fcr Hochschuldidaktik (Campus02)\"},\"image\":{\"@id\":\"https:\/\/www.campus02.at\/hochschuldidaktik\/#\/schema\/logo\/image\/\"}}]}<\/script>\n<!-- \/ Yoast SEO plugin. -->","yoast_head_json":{"title":"YouTube-Video mit H5P-Elementen anreichern - Zentrum f\u00fcr Hochschuldidaktik (Campus02)","robots":{"index":"index","follow":"follow","max-snippet":"max-snippet:-1","max-image-preview":"max-image-preview:large","max-video-preview":"max-video-preview:-1"},"canonical":"https:\/\/www.campus02.at\/hochschuldidaktik\/youtube-video-mit-h5p-elementen-anreichern\/","og_locale":"de_DE","og_type":"article","og_title":"YouTube-Video mit H5P-Elementen anreichern - Zentrum f\u00fcr Hochschuldidaktik (Campus02)","og_description":"YouTube-Video mit H5P-Elementen anreichernProbier mal \u2026 Videos auf\u00a0Moodle\u00a0mit Fragen anzureichern oder mit Links zu anderen mehr&hellip;","og_url":"https:\/\/www.campus02.at\/hochschuldidaktik\/youtube-video-mit-h5p-elementen-anreichern\/","og_site_name":"Zentrum f\u00fcr Hochschuldidaktik (Campus02)","article_modified_time":"2023-10-25T11:05:33+00:00","twitter_card":"summary_large_image","schema":{"@context":"https:\/\/schema.org","@graph":[{"@type":"WebPage","@id":"https:\/\/www.campus02.at\/hochschuldidaktik\/youtube-video-mit-h5p-elementen-anreichern\/","url":"https:\/\/www.campus02.at\/hochschuldidaktik\/youtube-video-mit-h5p-elementen-anreichern\/","name":"YouTube-Video mit H5P-Elementen anreichern - Zentrum f\u00fcr Hochschuldidaktik (Campus02)","isPartOf":{"@id":"https:\/\/www.campus02.at\/hochschuldidaktik\/#website"},"datePublished":"2021-12-06T10:44:48+00:00","dateModified":"2023-10-25T11:05:33+00:00","breadcrumb":{"@id":"https:\/\/www.campus02.at\/hochschuldidaktik\/youtube-video-mit-h5p-elementen-anreichern\/#breadcrumb"},"inLanguage":"de","potentialAction":[{"@type":"ReadAction","target":["https:\/\/www.campus02.at\/hochschuldidaktik\/youtube-video-mit-h5p-elementen-anreichern\/"]}]},{"@type":"BreadcrumbList","@id":"https:\/\/www.campus02.at\/hochschuldidaktik\/youtube-video-mit-h5p-elementen-anreichern\/#breadcrumb","itemListElement":[{"@type":"ListItem","position":1,"name":"Startseite","item":"https:\/\/www.campus02.at\/hochschuldidaktik\/"},{"@type":"ListItem","position":2,"name":"YouTube-Video mit H5P-Elementen anreichern"}]},{"@type":"WebSite","@id":"https:\/\/www.campus02.at\/hochschuldidaktik\/#website","url":"https:\/\/www.campus02.at\/hochschuldidaktik\/","name":"Zentrum f\u00fcr Hochschuldidaktik (Campus02)","description":"Eine weitere Campus02 Website","publisher":{"@id":"https:\/\/www.campus02.at\/hochschuldidaktik\/#organization"},"potentialAction":[{"@type":"SearchAction","target":{"@type":"EntryPoint","urlTemplate":"https:\/\/www.campus02.at\/hochschuldidaktik\/?s={search_term_string}"},"query-input":{"@type":"PropertyValueSpecification","valueRequired":true,"valueName":"search_term_string"}}],"inLanguage":"de"},{"@type":"Organization","@id":"https:\/\/www.campus02.at\/hochschuldidaktik\/#organization","name":"Zentrum f\u00fcr Hochschuldidaktik (Campus02)","url":"https:\/\/www.campus02.at\/hochschuldidaktik\/","logo":{"@type":"ImageObject","inLanguage":"de","@id":"https:\/\/www.campus02.at\/hochschuldidaktik\/#\/schema\/logo\/image\/","url":"https:\/\/www.campus02.at\/hochschuldidaktik\/wp-content\/uploads\/sites\/20\/2023\/01\/logo-campus02.svg","contentUrl":"https:\/\/www.campus02.at\/hochschuldidaktik\/wp-content\/uploads\/sites\/20\/2023\/01\/logo-campus02.svg","width":770,"height":249,"caption":"Zentrum f\u00fcr Hochschuldidaktik (Campus02)"},"image":{"@id":"https:\/\/www.campus02.at\/hochschuldidaktik\/#\/schema\/logo\/image\/"}}]}},"_links":{"self":[{"href":"https:\/\/www.campus02.at\/hochschuldidaktik\/wp-json\/wp\/v2\/pages\/3908","targetHints":{"allow":["GET"]}}],"collection":[{"href":"https:\/\/www.campus02.at\/hochschuldidaktik\/wp-json\/wp\/v2\/pages"}],"about":[{"href":"https:\/\/www.campus02.at\/hochschuldidaktik\/wp-json\/wp\/v2\/types\/page"}],"author":[{"embeddable":true,"href":"https:\/\/www.campus02.at\/hochschuldidaktik\/wp-json\/wp\/v2\/users\/135"}],"replies":[{"embeddable":true,"href":"https:\/\/www.campus02.at\/hochschuldidaktik\/wp-json\/wp\/v2\/comments?post=3908"}],"version-history":[{"count":7,"href":"https:\/\/www.campus02.at\/hochschuldidaktik\/wp-json\/wp\/v2\/pages\/3908\/revisions"}],"predecessor-version":[{"id":10749,"href":"https:\/\/www.campus02.at\/hochschuldidaktik\/wp-json\/wp\/v2\/pages\/3908\/revisions\/10749"}],"wp:attachment":[{"href":"https:\/\/www.campus02.at\/hochschuldidaktik\/wp-json\/wp\/v2\/media?parent=3908"}],"wp:term":[{"taxonomy":"author","embeddable":true,"href":"https:\/\/www.campus02.at\/hochschuldidaktik\/wp-json\/wp\/v2\/coauthors?post=3908"}],"curies":[{"name":"wp","href":"https:\/\/api.w.org\/{rel}","templated":true}]}}