{"id":2186,"date":"2020-06-24T11:16:55","date_gmt":"2020-06-24T09:16:55","guid":{"rendered":"https:\/\/www.campus02.at\/hochschuldidaktik\/?page_id=2186"},"modified":"2021-05-05T10:22:44","modified_gmt":"2021-05-05T08:22:44","slug":"umsetzung-stefan-kienzl","status":"publish","type":"page","link":"https:\/\/www.campus02.at\/hochschuldidaktik\/erfolgsgeschichten\/umsetzung-stefan-kienzl\/","title":{"rendered":"Umsetzung Stefan Kienzl"},"content":{"rendered":"<div class=\"flex-campus-main flex-campus-main-Heading\"><h1>Umsetzung Stefan Kienzl<\/h1><\/div><div class=\"flex-campus-main flex-campus-main-Heading\"><h3>Netzwerktechnik 1<\/h3><\/div><div class=\"flex-campus-main flex-campus-main-Text\"><p>DI Stefan Kienzl, BSc, leitet als nebenberuflicher Lehrender die Lehrveranstaltung \u201eNetzwerktechnik 1\u201c im 2. Semester des berufsbegleitenden Bachelorstudiengangs \u201eWirtschaftsinformatik\u201c. Im Zuge des Corona-Lockdowns stellte er seine gesamte Lehrveranstaltung auf Online-Lehre um. Es war ihm jedoch von Beginn an ein Anliegen, im Rahmen von Videokonferenzen nicht nur Folien im geteilten Bildschirm-Modus zu zeigen, sondern den Studierenden ein abwechslungsreiches und spannendes Multimedia-Erlebnis zu bieten und so den Erwartungen der Digital Natives zu entsprechen und die Studierenden in ihren eigenen Lebens- und Erfahrungswelten abzuholen.<\/p>\n<p><a href=\"https:\/\/www.campus02.at\/hochschuldidaktik\/wp-content\/uploads\/sites\/20\/2020\/06\/lv1.png\"><img loading=\"lazy\" decoding=\"async\" class=\"alignleft wp-image-2190 size-medium\" title=\"\u00a9 Stefan Kienzl\" src=\"https:\/\/www.campus02.at\/hochschuldidaktik\/wp-content\/uploads\/sites\/20\/2020\/06\/lv1-300x161.png\" alt=\"\" width=\"300\" height=\"161\" srcset=\"https:\/\/www.campus02.at\/hochschuldidaktik\/wp-content\/uploads\/sites\/20\/2020\/06\/lv1-300x161.png 300w, https:\/\/www.campus02.at\/hochschuldidaktik\/wp-content\/uploads\/sites\/20\/2020\/06\/lv1-1024x549.png 1024w, https:\/\/www.campus02.at\/hochschuldidaktik\/wp-content\/uploads\/sites\/20\/2020\/06\/lv1-768x412.png 768w, https:\/\/www.campus02.at\/hochschuldidaktik\/wp-content\/uploads\/sites\/20\/2020\/06\/lv1-1536x823.png 1536w, https:\/\/www.campus02.at\/hochschuldidaktik\/wp-content\/uploads\/sites\/20\/2020\/06\/lv1.png 1819w\" sizes=\"(max-width: 300px) 100vw, 300px\" \/><\/a><\/p>\n<p><a href=\"https:\/\/www.campus02.at\/hochschuldidaktik\/wp-content\/uploads\/sites\/20\/2020\/06\/lv2.png\"><img fetchpriority=\"high\" decoding=\"async\" fetchpriority=\"high\" class=\"alignleft wp-image-2191\" title=\"\u00a9 Stefan Kienzl\" src=\"https:\/\/www.campus02.at\/hochschuldidaktik\/wp-content\/uploads\/sites\/20\/2020\/06\/lv2-300x157.png\" alt=\"\" width=\"310\" height=\"162\" srcset=\"https:\/\/www.campus02.at\/hochschuldidaktik\/wp-content\/uploads\/sites\/20\/2020\/06\/lv2-300x157.png 300w, https:\/\/www.campus02.at\/hochschuldidaktik\/wp-content\/uploads\/sites\/20\/2020\/06\/lv2-1024x536.png 1024w, https:\/\/www.campus02.at\/hochschuldidaktik\/wp-content\/uploads\/sites\/20\/2020\/06\/lv2-768x402.png 768w, https:\/\/www.campus02.at\/hochschuldidaktik\/wp-content\/uploads\/sites\/20\/2020\/06\/lv2-1536x805.png 1536w, https:\/\/www.campus02.at\/hochschuldidaktik\/wp-content\/uploads\/sites\/20\/2020\/06\/lv2.png 1758w\" sizes=\"(max-width: 310px) 100vw, 310px\" \/><\/a><a href=\"https:\/\/www.campus02.at\/hochschuldidaktik\/wp-content\/uploads\/sites\/20\/2020\/06\/lv3.png\"><img loading=\"lazy\" decoding=\"async\" class=\"alignleft wp-image-2192 size-medium\" title=\"\u00a9 Stefan Kienzl\" src=\"https:\/\/www.campus02.at\/hochschuldidaktik\/wp-content\/uploads\/sites\/20\/2020\/06\/lv3-300x157.png\" alt=\"\" width=\"300\" height=\"157\" srcset=\"https:\/\/www.campus02.at\/hochschuldidaktik\/wp-content\/uploads\/sites\/20\/2020\/06\/lv3-300x157.png 300w, https:\/\/www.campus02.at\/hochschuldidaktik\/wp-content\/uploads\/sites\/20\/2020\/06\/lv3-1024x536.png 1024w, https:\/\/www.campus02.at\/hochschuldidaktik\/wp-content\/uploads\/sites\/20\/2020\/06\/lv3-768x402.png 768w, https:\/\/www.campus02.at\/hochschuldidaktik\/wp-content\/uploads\/sites\/20\/2020\/06\/lv3-1536x805.png 1536w, https:\/\/www.campus02.at\/hochschuldidaktik\/wp-content\/uploads\/sites\/20\/2020\/06\/lv3.png 1758w\" sizes=\"(max-width: 300px) 100vw, 300px\" \/><\/a><\/p>\n<p>&nbsp;<\/p>\n<p>&nbsp;<\/p>\n<p>&nbsp;<\/p>\n<p>&nbsp;<\/p>\n<p>&nbsp;<\/p>\n<p>&nbsp;<\/p>\n<p>&nbsp;<\/p>\n<p>Zu diesem Zweck richtete er einerseits ein professionelles Aufnahmestudio mit bester Licht-, Video- und Tonqualit\u00e4t ein und nutzte zus\u00e4tzlich die Software OBS, um seine Vortr\u00e4ge multimedial anzureichern. OBS steht f\u00fcr Open Broadcaster Software \u2013 dabei handelt es sich um eine freie Software, die dazu verwendet werden kann, Bildschirminhalte aufzunehmen und zu streamen. Nun ist es dem Lektor m\u00f6glich, unterschiedlichen Kamerapositionen, Bildschirminhalte, Videos, \u00dcberblendungen usw. in unterschiedlichen Szenen darzustellen und zwischen diesen zu wechseln und den Studierenden auf diese Art und Weise ein professionelles und innovatives Lehrveranstaltungserlebnis zu bieten.<\/p>\n<p><a href=\"https:\/\/www.campus02.at\/hochschuldidaktik\/wp-content\/uploads\/sites\/20\/2020\/06\/lv4.png\"><img loading=\"lazy\" decoding=\"async\" loading=\"lazy\" class=\"alignleft wp-image-2193 size-medium\" title=\"\u00a9 Stefan Kienzl\" src=\"https:\/\/www.campus02.at\/hochschuldidaktik\/wp-content\/uploads\/sites\/20\/2020\/06\/lv4-300x173.png\" alt=\"\" width=\"300\" height=\"173\" srcset=\"https:\/\/www.campus02.at\/hochschuldidaktik\/wp-content\/uploads\/sites\/20\/2020\/06\/lv4-300x173.png 300w, https:\/\/www.campus02.at\/hochschuldidaktik\/wp-content\/uploads\/sites\/20\/2020\/06\/lv4-1024x589.png 1024w, https:\/\/www.campus02.at\/hochschuldidaktik\/wp-content\/uploads\/sites\/20\/2020\/06\/lv4-768x442.png 768w, https:\/\/www.campus02.at\/hochschuldidaktik\/wp-content\/uploads\/sites\/20\/2020\/06\/lv4-1536x884.png 1536w, https:\/\/www.campus02.at\/hochschuldidaktik\/wp-content\/uploads\/sites\/20\/2020\/06\/lv4.png 1728w\" sizes=\"auto, (max-width: 300px) 100vw, 300px\" \/><\/a> <a href=\"https:\/\/www.campus02.at\/hochschuldidaktik\/wp-content\/uploads\/sites\/20\/2020\/06\/lv5.png\"><img loading=\"lazy\" decoding=\"async\" loading=\"lazy\" class=\"alignleft wp-image-2194 size-medium\" title=\"\u00a9 Stefan Kienzl\" src=\"https:\/\/www.campus02.at\/hochschuldidaktik\/wp-content\/uploads\/sites\/20\/2020\/06\/lv5-300x171.png\" alt=\"\" width=\"300\" height=\"171\" srcset=\"https:\/\/www.campus02.at\/hochschuldidaktik\/wp-content\/uploads\/sites\/20\/2020\/06\/lv5-300x170.png 300w, https:\/\/www.campus02.at\/hochschuldidaktik\/wp-content\/uploads\/sites\/20\/2020\/06\/lv5-1024x583.png 1024w, https:\/\/www.campus02.at\/hochschuldidaktik\/wp-content\/uploads\/sites\/20\/2020\/06\/lv5-768x437.png 768w, https:\/\/www.campus02.at\/hochschuldidaktik\/wp-content\/uploads\/sites\/20\/2020\/06\/lv5-1536x875.png 1536w, https:\/\/www.campus02.at\/hochschuldidaktik\/wp-content\/uploads\/sites\/20\/2020\/06\/lv5.png 1728w\" sizes=\"auto, (max-width: 300px) 100vw, 300px\" \/><\/a><\/p>\n<p>&nbsp;<\/p>\n<p>&nbsp;<\/p>\n<p>&nbsp;<\/p>\n<p>&nbsp;<\/p>\n<p>&nbsp;<\/p>\n<p>&nbsp;<\/p>\n<p>&nbsp;<\/p>\n<p>Die Lehrveranstaltung zeichnet sich vor allem durch die Professionalit\u00e4t des Medieneinsatzes und das Bestreben des Lehrenden nach einer didaktisch ansprechenden L\u00f6sung der synchronen Online-Lehre aus.<\/p>\n<p><a href=\"https:\/\/www.campus02.at\/hochschuldidaktik\/wp-content\/uploads\/sites\/20\/2020\/06\/lv6-scaled.jpg\"><img loading=\"lazy\" decoding=\"async\" loading=\"lazy\" class=\"alignleft wp-image-2189 size-medium\" title=\"\u00a9 Stefan Kienzl\" src=\"https:\/\/www.campus02.at\/hochschuldidaktik\/wp-content\/uploads\/sites\/20\/2020\/06\/lv6-300x225.jpg\" alt=\"\" width=\"300\" height=\"225\" srcset=\"https:\/\/www.campus02.at\/hochschuldidaktik\/wp-content\/uploads\/sites\/20\/2020\/06\/lv6-300x225.jpg 300w, https:\/\/www.campus02.at\/hochschuldidaktik\/wp-content\/uploads\/sites\/20\/2020\/06\/lv6-1024x768.jpg 1024w, https:\/\/www.campus02.at\/hochschuldidaktik\/wp-content\/uploads\/sites\/20\/2020\/06\/lv6-768x576.jpg 768w, https:\/\/www.campus02.at\/hochschuldidaktik\/wp-content\/uploads\/sites\/20\/2020\/06\/lv6-1536x1152.jpg 1536w, https:\/\/www.campus02.at\/hochschuldidaktik\/wp-content\/uploads\/sites\/20\/2020\/06\/lv6-2048x1536.jpg 2048w, https:\/\/www.campus02.at\/hochschuldidaktik\/wp-content\/uploads\/sites\/20\/2020\/06\/lv6-1920x1440.jpg 1920w\" sizes=\"auto, (max-width: 300px) 100vw, 300px\" \/><\/a><\/p>\n<\/div>","protected":false},"excerpt":{"rendered":"<p>Umsetzung Stefan KienzlNetzwerktechnik 1DI Stefan Kienzl, BSc, leitet als nebenberuflicher Lehrender die Lehrveranstaltung <a href=\"https:\/\/www.campus02.at\/hochschuldidaktik\/erfolgsgeschichten\/umsetzung-stefan-kienzl\/\" class=\"more-link\">mehr&hellip;<\/a><\/p>\n","protected":false},"author":135,"featured_media":0,"parent":519,"menu_order":2,"comment_status":"closed","ping_status":"closed","template":"","meta":{"_acf_changed":false,"footnotes":""},"coauthors":[24],"class_list":["post-2186","page","type-page","status-publish","hentry"],"acf":[],"yoast_head":"<!-- This site is optimized with the Yoast SEO plugin v26.9 - https:\/\/yoast.com\/product\/yoast-seo-wordpress\/ -->\n<title>Umsetzung Stefan Kienzl - Zentrum f\u00fcr Hochschuldidaktik (Campus02)<\/title>\n<meta name=\"robots\" content=\"index, follow, max-snippet:-1, max-image-preview:large, max-video-preview:-1\" \/>\n<link rel=\"canonical\" href=\"https:\/\/www.campus02.at\/hochschuldidaktik\/erfolgsgeschichten\/lehrprojekte__trashed\/umsetzung-stefan-kienzl\/\" \/>\n<meta property=\"og:locale\" content=\"de_DE\" \/>\n<meta property=\"og:type\" content=\"article\" \/>\n<meta property=\"og:title\" content=\"Umsetzung Stefan Kienzl - Zentrum f\u00fcr Hochschuldidaktik (Campus02)\" \/>\n<meta property=\"og:description\" content=\"Umsetzung Stefan KienzlNetzwerktechnik 1DI Stefan Kienzl, BSc, leitet als nebenberuflicher Lehrender die Lehrveranstaltung mehr&hellip;\" \/>\n<meta property=\"og:url\" content=\"https:\/\/www.campus02.at\/hochschuldidaktik\/erfolgsgeschichten\/lehrprojekte__trashed\/umsetzung-stefan-kienzl\/\" \/>\n<meta property=\"og:site_name\" content=\"Zentrum f\u00fcr Hochschuldidaktik (Campus02)\" \/>\n<meta property=\"article:modified_time\" content=\"2021-05-05T08:22:44+00:00\" \/>\n<meta name=\"twitter:card\" content=\"summary_large_image\" \/>\n<script type=\"application\/ld+json\" class=\"yoast-schema-graph\">{\"@context\":\"https:\/\/schema.org\",\"@graph\":[{\"@type\":\"WebPage\",\"@id\":\"https:\/\/www.campus02.at\/hochschuldidaktik\/erfolgsgeschichten\/lehrprojekte__trashed\/umsetzung-stefan-kienzl\/\",\"url\":\"https:\/\/www.campus02.at\/hochschuldidaktik\/erfolgsgeschichten\/lehrprojekte__trashed\/umsetzung-stefan-kienzl\/\",\"name\":\"Umsetzung Stefan Kienzl - Zentrum f\u00fcr Hochschuldidaktik (Campus02)\",\"isPartOf\":{\"@id\":\"https:\/\/www.campus02.at\/hochschuldidaktik\/#website\"},\"datePublished\":\"2020-06-24T09:16:55+00:00\",\"dateModified\":\"2021-05-05T08:22:44+00:00\",\"breadcrumb\":{\"@id\":\"https:\/\/www.campus02.at\/hochschuldidaktik\/erfolgsgeschichten\/lehrprojekte__trashed\/umsetzung-stefan-kienzl\/#breadcrumb\"},\"inLanguage\":\"de\",\"potentialAction\":[{\"@type\":\"ReadAction\",\"target\":[\"https:\/\/www.campus02.at\/hochschuldidaktik\/erfolgsgeschichten\/lehrprojekte__trashed\/umsetzung-stefan-kienzl\/\"]}]},{\"@type\":\"BreadcrumbList\",\"@id\":\"https:\/\/www.campus02.at\/hochschuldidaktik\/erfolgsgeschichten\/lehrprojekte__trashed\/umsetzung-stefan-kienzl\/#breadcrumb\",\"itemListElement\":[{\"@type\":\"ListItem\",\"position\":1,\"name\":\"Startseite\",\"item\":\"https:\/\/www.campus02.at\/hochschuldidaktik\/\"},{\"@type\":\"ListItem\",\"position\":2,\"name\":\"Erfolgsgeschichten\",\"item\":\"https:\/\/www.campus02.at\/hochschuldidaktik\/erfolgsgeschichten\/\"},{\"@type\":\"ListItem\",\"position\":3,\"name\":\"Umsetzung Stefan Kienzl\"}]},{\"@type\":\"WebSite\",\"@id\":\"https:\/\/www.campus02.at\/hochschuldidaktik\/#website\",\"url\":\"https:\/\/www.campus02.at\/hochschuldidaktik\/\",\"name\":\"Zentrum f\u00fcr Hochschuldidaktik (Campus02)\",\"description\":\"Eine weitere Campus02 Website\",\"publisher\":{\"@id\":\"https:\/\/www.campus02.at\/hochschuldidaktik\/#organization\"},\"potentialAction\":[{\"@type\":\"SearchAction\",\"target\":{\"@type\":\"EntryPoint\",\"urlTemplate\":\"https:\/\/www.campus02.at\/hochschuldidaktik\/?s={search_term_string}\"},\"query-input\":{\"@type\":\"PropertyValueSpecification\",\"valueRequired\":true,\"valueName\":\"search_term_string\"}}],\"inLanguage\":\"de\"},{\"@type\":\"Organization\",\"@id\":\"https:\/\/www.campus02.at\/hochschuldidaktik\/#organization\",\"name\":\"Zentrum f\u00fcr Hochschuldidaktik (Campus02)\",\"url\":\"https:\/\/www.campus02.at\/hochschuldidaktik\/\",\"logo\":{\"@type\":\"ImageObject\",\"inLanguage\":\"de\",\"@id\":\"https:\/\/www.campus02.at\/hochschuldidaktik\/#\/schema\/logo\/image\/\",\"url\":\"https:\/\/www.campus02.at\/hochschuldidaktik\/wp-content\/uploads\/sites\/20\/2023\/01\/logo-campus02.svg\",\"contentUrl\":\"https:\/\/www.campus02.at\/hochschuldidaktik\/wp-content\/uploads\/sites\/20\/2023\/01\/logo-campus02.svg\",\"width\":770,\"height\":249,\"caption\":\"Zentrum f\u00fcr Hochschuldidaktik (Campus02)\"},\"image\":{\"@id\":\"https:\/\/www.campus02.at\/hochschuldidaktik\/#\/schema\/logo\/image\/\"}}]}<\/script>\n<!-- \/ Yoast SEO plugin. -->","yoast_head_json":{"title":"Umsetzung Stefan Kienzl - Zentrum f\u00fcr Hochschuldidaktik (Campus02)","robots":{"index":"index","follow":"follow","max-snippet":"max-snippet:-1","max-image-preview":"max-image-preview:large","max-video-preview":"max-video-preview:-1"},"canonical":"https:\/\/www.campus02.at\/hochschuldidaktik\/erfolgsgeschichten\/lehrprojekte__trashed\/umsetzung-stefan-kienzl\/","og_locale":"de_DE","og_type":"article","og_title":"Umsetzung Stefan Kienzl - Zentrum f\u00fcr Hochschuldidaktik (Campus02)","og_description":"Umsetzung Stefan KienzlNetzwerktechnik 1DI Stefan Kienzl, BSc, leitet als nebenberuflicher Lehrender die Lehrveranstaltung mehr&hellip;","og_url":"https:\/\/www.campus02.at\/hochschuldidaktik\/erfolgsgeschichten\/lehrprojekte__trashed\/umsetzung-stefan-kienzl\/","og_site_name":"Zentrum f\u00fcr Hochschuldidaktik (Campus02)","article_modified_time":"2021-05-05T08:22:44+00:00","twitter_card":"summary_large_image","schema":{"@context":"https:\/\/schema.org","@graph":[{"@type":"WebPage","@id":"https:\/\/www.campus02.at\/hochschuldidaktik\/erfolgsgeschichten\/lehrprojekte__trashed\/umsetzung-stefan-kienzl\/","url":"https:\/\/www.campus02.at\/hochschuldidaktik\/erfolgsgeschichten\/lehrprojekte__trashed\/umsetzung-stefan-kienzl\/","name":"Umsetzung Stefan Kienzl - Zentrum f\u00fcr Hochschuldidaktik (Campus02)","isPartOf":{"@id":"https:\/\/www.campus02.at\/hochschuldidaktik\/#website"},"datePublished":"2020-06-24T09:16:55+00:00","dateModified":"2021-05-05T08:22:44+00:00","breadcrumb":{"@id":"https:\/\/www.campus02.at\/hochschuldidaktik\/erfolgsgeschichten\/lehrprojekte__trashed\/umsetzung-stefan-kienzl\/#breadcrumb"},"inLanguage":"de","potentialAction":[{"@type":"ReadAction","target":["https:\/\/www.campus02.at\/hochschuldidaktik\/erfolgsgeschichten\/lehrprojekte__trashed\/umsetzung-stefan-kienzl\/"]}]},{"@type":"BreadcrumbList","@id":"https:\/\/www.campus02.at\/hochschuldidaktik\/erfolgsgeschichten\/lehrprojekte__trashed\/umsetzung-stefan-kienzl\/#breadcrumb","itemListElement":[{"@type":"ListItem","position":1,"name":"Startseite","item":"https:\/\/www.campus02.at\/hochschuldidaktik\/"},{"@type":"ListItem","position":2,"name":"Erfolgsgeschichten","item":"https:\/\/www.campus02.at\/hochschuldidaktik\/erfolgsgeschichten\/"},{"@type":"ListItem","position":3,"name":"Umsetzung Stefan Kienzl"}]},{"@type":"WebSite","@id":"https:\/\/www.campus02.at\/hochschuldidaktik\/#website","url":"https:\/\/www.campus02.at\/hochschuldidaktik\/","name":"Zentrum f\u00fcr Hochschuldidaktik (Campus02)","description":"Eine weitere Campus02 Website","publisher":{"@id":"https:\/\/www.campus02.at\/hochschuldidaktik\/#organization"},"potentialAction":[{"@type":"SearchAction","target":{"@type":"EntryPoint","urlTemplate":"https:\/\/www.campus02.at\/hochschuldidaktik\/?s={search_term_string}"},"query-input":{"@type":"PropertyValueSpecification","valueRequired":true,"valueName":"search_term_string"}}],"inLanguage":"de"},{"@type":"Organization","@id":"https:\/\/www.campus02.at\/hochschuldidaktik\/#organization","name":"Zentrum f\u00fcr Hochschuldidaktik (Campus02)","url":"https:\/\/www.campus02.at\/hochschuldidaktik\/","logo":{"@type":"ImageObject","inLanguage":"de","@id":"https:\/\/www.campus02.at\/hochschuldidaktik\/#\/schema\/logo\/image\/","url":"https:\/\/www.campus02.at\/hochschuldidaktik\/wp-content\/uploads\/sites\/20\/2023\/01\/logo-campus02.svg","contentUrl":"https:\/\/www.campus02.at\/hochschuldidaktik\/wp-content\/uploads\/sites\/20\/2023\/01\/logo-campus02.svg","width":770,"height":249,"caption":"Zentrum f\u00fcr Hochschuldidaktik (Campus02)"},"image":{"@id":"https:\/\/www.campus02.at\/hochschuldidaktik\/#\/schema\/logo\/image\/"}}]}},"_links":{"self":[{"href":"https:\/\/www.campus02.at\/hochschuldidaktik\/wp-json\/wp\/v2\/pages\/2186","targetHints":{"allow":["GET"]}}],"collection":[{"href":"https:\/\/www.campus02.at\/hochschuldidaktik\/wp-json\/wp\/v2\/pages"}],"about":[{"href":"https:\/\/www.campus02.at\/hochschuldidaktik\/wp-json\/wp\/v2\/types\/page"}],"author":[{"embeddable":true,"href":"https:\/\/www.campus02.at\/hochschuldidaktik\/wp-json\/wp\/v2\/users\/135"}],"replies":[{"embeddable":true,"href":"https:\/\/www.campus02.at\/hochschuldidaktik\/wp-json\/wp\/v2\/comments?post=2186"}],"version-history":[{"count":7,"href":"https:\/\/www.campus02.at\/hochschuldidaktik\/wp-json\/wp\/v2\/pages\/2186\/revisions"}],"predecessor-version":[{"id":3101,"href":"https:\/\/www.campus02.at\/hochschuldidaktik\/wp-json\/wp\/v2\/pages\/2186\/revisions\/3101"}],"up":[{"embeddable":true,"href":"https:\/\/www.campus02.at\/hochschuldidaktik\/wp-json\/wp\/v2\/pages\/519"}],"wp:attachment":[{"href":"https:\/\/www.campus02.at\/hochschuldidaktik\/wp-json\/wp\/v2\/media?parent=2186"}],"wp:term":[{"taxonomy":"author","embeddable":true,"href":"https:\/\/www.campus02.at\/hochschuldidaktik\/wp-json\/wp\/v2\/coauthors?post=2186"}],"curies":[{"name":"wp","href":"https:\/\/api.w.org\/{rel}","templated":true}]}}