{"id":5965,"date":"2023-07-17T08:33:58","date_gmt":"2023-07-17T06:33:58","guid":{"rendered":"https:\/\/www.campus02.at\/hochschuldidaktik\/?page_id=5965"},"modified":"2024-03-26T13:35:56","modified_gmt":"2024-03-26T12:35:56","slug":"one-step-closer-projektarbeit-versus-pruefung","status":"publish","type":"page","link":"https:\/\/www.campus02.at\/hochschuldidaktik\/en\/erfolgsgeschichten\/gastkommentar\/one-step-closer-projektarbeit-versus-pruefung\/","title":{"rendered":"One step closer: Projektarbeit versus Pr\u00fcfung"},"content":{"rendered":"<div class=\"flex-campus-main flex-campus-main-Text\"><h3>One step closer: Projektarbeit versus Pr\u00fcfung<\/h3>\n<p>Autor: J\u00fcrgen Wieser<\/p>\n<p>Eine Frage hat mich in meiner 10-j\u00e4hrigen Lehrt\u00e4tigkeit an der FH CAMPUS 02 st\u00e4ndig begleitet: Welche wichtigen Kompetenzen sollen meine Studierenden nach Absolvierung meiner Lehrveranstaltung wirklich besitzen? Was brauchen sie, um im realen Business voranzukommen und zielorientierte L\u00f6sungen in Marketing &amp; Sales zu liefern? Eine Schwachstelle (wir nennen sie im Business-Kontext Pain Points) beobachten wir seit 2009, dem Gr\u00fcndungsjahr unserer Firma Limbio Business, in allen Branchen und allen Hierarchiestufen von Unternehmen, egal ob KMU oder Milliardenkonzern. Es ist der Mangel an Pr\u00e4sentationskompetenz. H\u00e4ufig sehen wir dabei die Angst vor Anderen zu sprechen, fehlenden strategischen Aufbau der Inhalte und einen groben Mangel an emotionaler Relevanz aus Kundensicht. Der Leidensdruck in der Wirtschaft ist dabei jedenfalls sehr gro\u00df. Die negativen Konsequenzen sind Auftragsverluste, schwache closing rates oder geringe Effekte der Neukund*innengewinnung.<\/p>\n<p>Um hier einen zuk\u00fcnftigen und nachhaltigen Beitrag zu liefern, entwickelte ich die Idee, statt der klassischen Pr\u00fcfung eine Gruppenarbeit in Form eines realen Business Cases in den Unterricht zu implementieren. Dank Unterst\u00fctzung von Eva Koban-R\u00f6ss wurde es m\u00f6glich, diese Idee in die Praxis umzusetzen. Im SS 2023 war der Startschuss zu dieser f\u00fcr mich neuen Leistungsbeurteilung. Ich bin derzeit noch mitten in der Korrekturphase. Die Aufgabenstellung in 4-er oder -5-er Gruppen (Zuordnung nach Wunsch der Studierenden) lautet folgenderma\u00dfen: Suchen Sie sich ein Produkt oder eine Dienstleistung nach freier Wahl und gestalten Sie eine limbische Pr\u00e4sentation mit dem Ziel, dass diese zielorientiert und \u00fcberzeugend auf das Zielpublikum wirkt. Kurz gesagt: Die Pr\u00e4sentation muss verkaufen!<\/p>\n<p><img fetchpriority=\"high\" decoding=\"async\" class=\"alignnone size-large wp-image-5968\" src=\"https:\/\/www.campus02.at\/hochschuldidaktik\/wp-content\/uploads\/sites\/20\/2023\/07\/Wieser-Juergen_Scaling-Day-072023-1024x683.jpg\" alt=\"\" width=\"1024\" height=\"683\" srcset=\"https:\/\/www.campus02.at\/hochschuldidaktik\/wp-content\/uploads\/sites\/20\/2023\/07\/Wieser-Juergen_Scaling-Day-072023-1024x683.jpg 1024w, https:\/\/www.campus02.at\/hochschuldidaktik\/wp-content\/uploads\/sites\/20\/2023\/07\/Wieser-Juergen_Scaling-Day-072023-300x200.jpg 300w, https:\/\/www.campus02.at\/hochschuldidaktik\/wp-content\/uploads\/sites\/20\/2023\/07\/Wieser-Juergen_Scaling-Day-072023-768x512.jpg 768w, https:\/\/www.campus02.at\/hochschuldidaktik\/wp-content\/uploads\/sites\/20\/2023\/07\/Wieser-Juergen_Scaling-Day-072023-1536x1024.jpg 1536w, https:\/\/www.campus02.at\/hochschuldidaktik\/wp-content\/uploads\/sites\/20\/2023\/07\/Wieser-Juergen_Scaling-Day-072023-2048x1365.jpg 2048w, https:\/\/www.campus02.at\/hochschuldidaktik\/wp-content\/uploads\/sites\/20\/2023\/07\/Wieser-Juergen_Scaling-Day-072023-1920x1280.jpg 1920w\" sizes=\"(max-width: 1024px) 100vw, 1024px\" \/><\/p>\n<p>Die Ausarbeitung umfasst folgende 4 Kernbereiche:<\/p>\n<ol>\n<li>Videoerstellung einer 5 Minuten Pr\u00e4sentation [eine Person aus der Gruppe pr\u00e4sentiert]<\/li>\n<li>180 Sekunden Pr\u00e4sentation [mit einer Powerpoint-Folienvorlage werden die Highlights der Pr\u00e4sentation visuell dargestellt und der gesprochene Text in den Notizenseiten geschrieben. Dient der Fokussierung auf das Wesentliche.]<\/li>\n<li>Erarbeitung von 3 Motion Points [\u00dcberzeugungstreiber]<\/li>\n<li>2-seitiges Handout mit Quellenangabe [Hintergr\u00fcnde, Strategien und wissenschaftliche Erkenntnisse]<\/li>\n<\/ol>\n<p>Folgende Erfahrungen konnte ich im ersten Jahr dieser Umstellung machen:<\/p>\n<ul>\n<li>Obwohl es keine klassische Pr\u00fcfung mehr gab, war die Aufmerksamkeit und das Interesse am Thema \u201eNeuromarketing\u201c durch alle Lehreinheiten sehr hoch.<\/li>\n<li>Die Studierenden (sowohl Vollzeit, als auch berufsbegleitend) taten sich allerdings sehr schwer bei der Realisierung des Videos. Dies hat mich \u00fcberrascht, da es sich ja um eine Zielgruppe handelt, die mit Instagram, Facebook &amp; Co, also audiovisuell, sehr affin ist.<\/li>\n<li>Den Studierenden war das Angebot vom ZHD mit der Studiom\u00f6glichkeit zu wenig bekannt (an sich nicht verwunderlich, handelt es sich dabei ja prim\u00e4r um ein Service f\u00fcr Lehrende).<\/li>\n<li>Das Feedback zur Projektarbeit wurde in folgenden Bereichen positiv gesehen: \u201eInteressante Themenstellung\u201c, \u201eneue Inputs in Gruppenarbeit umsetzen und voneinander lernen\u201c, \u201eheraus aus dem Tunnelblick\u201c und \u201edie Arbeit hat Spa\u00df gemacht\u201c.<\/li>\n<li>Das Feedback zur Projektarbeit wurde in folgenden Bereichen negativ gesehen: \u201edie Projektbeschreibung noch deutlicher formulieren und in einem Dokument darstellen\u201c (Vorschlag: Videoanleitung), die technische Umsetzung des Videos wurde als schwierig gesehen, ebenso die Gruppenkoordination (vor allem bei berufsbegleitend Studierenden).<\/li>\n<\/ul>\n<p>Spannend war f\u00fcr mich auch das Feedback einiger Studierenden, dass es ihnen leichter falle, eine Einzelarbeit abzugeben, als in der Gruppe eine Projektarbeit zu erstellen. Dieser Wunsch schmerzt mich etwas, da ich wei\u00df, wie wichtig es ist, im realen Wirtschaftsleben in Teams zu agieren und gemeinsame Erfolg zu erleben.<\/p>\n<p><img loading=\"lazy\" decoding=\"async\" class=\"alignnone size-large wp-image-5979\" src=\"https:\/\/www.campus02.at\/hochschuldidaktik\/wp-content\/uploads\/sites\/20\/2023\/07\/Gruppenarbeit_Teamfoto_-Produkt-Filterbaby-1024x462.jpg\" alt=\"\" width=\"1024\" height=\"462\" srcset=\"https:\/\/www.campus02.at\/hochschuldidaktik\/wp-content\/uploads\/sites\/20\/2023\/07\/Gruppenarbeit_Teamfoto_-Produkt-Filterbaby-1024x462.jpg 1024w, https:\/\/www.campus02.at\/hochschuldidaktik\/wp-content\/uploads\/sites\/20\/2023\/07\/Gruppenarbeit_Teamfoto_-Produkt-Filterbaby-300x135.jpg 300w, https:\/\/www.campus02.at\/hochschuldidaktik\/wp-content\/uploads\/sites\/20\/2023\/07\/Gruppenarbeit_Teamfoto_-Produkt-Filterbaby-768x346.jpg 768w, https:\/\/www.campus02.at\/hochschuldidaktik\/wp-content\/uploads\/sites\/20\/2023\/07\/Gruppenarbeit_Teamfoto_-Produkt-Filterbaby-1536x692.jpg 1536w, https:\/\/www.campus02.at\/hochschuldidaktik\/wp-content\/uploads\/sites\/20\/2023\/07\/Gruppenarbeit_Teamfoto_-Produkt-Filterbaby-2048x923.jpg 2048w, https:\/\/www.campus02.at\/hochschuldidaktik\/wp-content\/uploads\/sites\/20\/2023\/07\/Gruppenarbeit_Teamfoto_-Produkt-Filterbaby-1920x865.jpg 1920w\" sizes=\"(max-width: 1024px) 100vw, 1024px\" \/><\/p>\n<p><strong>Von links nach rechts:<\/strong> Christina Bergler, Florina Sch\u00f6ttel, Ylvi-Luzia Glawogger, Verena Mautner<\/p>\n<p><strong>Titel:<\/strong> Limbische Produktpr\u00e4sentation Filterbaby<\/p>\n<h3>\u00dcBER DEN AUTOR<\/h3>\n<p>J\u00fcrgen Wieser ist CEO der Limbio Group und nebenberuflich Lehrender am Department \u201eMarketing &amp; Sales\u201c. Er gibt seine Erfahrungen aus dem Portfolio seiner \u00fcber 200 Kunden in den DACH-Staaten an Studierende in der LV \u201eNeuromarketing\u201c im 2. Semester weiter. Im Fokus stehen dabei Ergebnisse eigener Hirnscan-Projekte f\u00fcr Marken und Konzerne, die er regelm\u00e4\u00dfig an der Christian Doppler Klinik in Salzburg durchf\u00fchrt.<\/p>\n<p>Die Limbio Group mit Sitz in Kapfenberg ist im Hirnscan Marketing, Neuro Learning, Limbisch Pr\u00e4sentieren und Neuro Recruiting im DACH-Raum t\u00e4tig.<\/p>\n<p><a href=\"http:\/\/www.limbiogroup.at\">www.limbiogroup.at<\/a><\/p>\n<p><a href=\"http:\/\/www.limbio.media\">www.limbio.media<\/a><\/p>\n<p><img loading=\"lazy\" decoding=\"async\" class=\"alignnone size-medium wp-image-5967\" src=\"https:\/\/www.campus02.at\/hochschuldidaktik\/wp-content\/uploads\/sites\/20\/2023\/07\/Wieser-Juergen-2-200x300.jpg\" alt=\"\" width=\"200\" height=\"300\" srcset=\"https:\/\/www.campus02.at\/hochschuldidaktik\/wp-content\/uploads\/sites\/20\/2023\/07\/Wieser-Juergen-2-200x300.jpg 200w, https:\/\/www.campus02.at\/hochschuldidaktik\/wp-content\/uploads\/sites\/20\/2023\/07\/Wieser-Juergen-2-683x1024.jpg 683w, https:\/\/www.campus02.at\/hochschuldidaktik\/wp-content\/uploads\/sites\/20\/2023\/07\/Wieser-Juergen-2-768x1151.jpg 768w, https:\/\/www.campus02.at\/hochschuldidaktik\/wp-content\/uploads\/sites\/20\/2023\/07\/Wieser-Juergen-2-1025x1536.jpg 1025w, https:\/\/www.campus02.at\/hochschuldidaktik\/wp-content\/uploads\/sites\/20\/2023\/07\/Wieser-Juergen-2-1367x2048.jpg 1367w, https:\/\/www.campus02.at\/hochschuldidaktik\/wp-content\/uploads\/sites\/20\/2023\/07\/Wieser-Juergen-2-1920x2877.jpg 1920w, https:\/\/www.campus02.at\/hochschuldidaktik\/wp-content\/uploads\/sites\/20\/2023\/07\/Wieser-Juergen-2-scaled.jpg 1709w\" sizes=\"(max-width: 200px) 100vw, 200px\" \/><\/p>\n<\/div>","protected":false},"excerpt":{"rendered":"<p>One step closer: Projektarbeit versus Pr\u00fcfung Autor: J\u00fcrgen Wieser Eine Frage hat mich in meiner 10-j\u00e4hrigen Lehrt\u00e4tigkeit an <a href=\"https:\/\/www.campus02.at\/hochschuldidaktik\/en\/erfolgsgeschichten\/gastkommentar\/one-step-closer-projektarbeit-versus-pruefung\/\" class=\"more-link\">more&hellip;<\/a><\/p>","protected":false},"author":183,"featured_media":11354,"parent":4272,"menu_order":5,"comment_status":"closed","ping_status":"closed","template":"","meta":{"_acf_changed":false,"footnotes":""},"coauthors":[62],"class_list":["post-5965","page","type-page","status-publish","has-post-thumbnail","hentry"],"acf":[],"yoast_head":"<!-- This site is optimized with the Yoast SEO plugin v26.9 - https:\/\/yoast.com\/product\/yoast-seo-wordpress\/ -->\n<title>One step closer: Projektarbeit versus Pr\u00fcfung - Zentrum f\u00fcr Hochschuldidaktik (Campus02)<\/title>\n<meta name=\"robots\" content=\"index, follow, max-snippet:-1, max-image-preview:large, max-video-preview:-1\" \/>\n<link rel=\"canonical\" href=\"https:\/\/www.campus02.at\/hochschuldidaktik\/en\/erfolgsgeschichten\/gastkommentar\/one-step-closer-projektarbeit-versus-pruefung\/\" \/>\n<meta property=\"og:locale\" content=\"en_GB\" \/>\n<meta property=\"og:type\" content=\"article\" \/>\n<meta property=\"og:title\" content=\"One step closer: Projektarbeit versus Pr\u00fcfung - Zentrum f\u00fcr Hochschuldidaktik (Campus02)\" \/>\n<meta property=\"og:description\" content=\"One step closer: Projektarbeit versus Pr\u00fcfung Autor: J\u00fcrgen Wieser Eine Frage hat mich in meiner 10-j\u00e4hrigen Lehrt\u00e4tigkeit an more&hellip;\" \/>\n<meta property=\"og:url\" content=\"https:\/\/www.campus02.at\/hochschuldidaktik\/en\/erfolgsgeschichten\/gastkommentar\/one-step-closer-projektarbeit-versus-pruefung\/\" \/>\n<meta property=\"og:site_name\" content=\"Zentrum f\u00fcr Hochschuldidaktik (Campus02)\" \/>\n<meta property=\"article:modified_time\" content=\"2024-03-26T12:35:56+00:00\" \/>\n<meta property=\"og:image\" content=\"https:\/\/www.campus02.at\/hochschuldidaktik\/wp-content\/uploads\/sites\/20\/2023\/11\/AdobeStock_580958408-scaled.jpeg\" \/>\n\t<meta property=\"og:image:width\" content=\"2560\" \/>\n\t<meta property=\"og:image:height\" content=\"1708\" \/>\n\t<meta property=\"og:image:type\" content=\"image\/jpeg\" \/>\n<meta name=\"twitter:card\" content=\"summary_large_image\" \/>\n<meta name=\"twitter:label1\" content=\"Written by\" \/>\n\t<meta name=\"twitter:data1\" content=\"Egger Christina\" \/>\n<script type=\"application\/ld+json\" class=\"yoast-schema-graph\">{\"@context\":\"https:\/\/schema.org\",\"@graph\":[{\"@type\":\"WebPage\",\"@id\":\"https:\/\/www.campus02.at\/hochschuldidaktik\/erfolgsgeschichten\/gastkommentar\/one-step-closer-projektarbeit-versus-pruefung\/\",\"url\":\"https:\/\/www.campus02.at\/hochschuldidaktik\/erfolgsgeschichten\/gastkommentar\/one-step-closer-projektarbeit-versus-pruefung\/\",\"name\":\"One step closer: Projektarbeit versus Pr\u00fcfung - Zentrum f\u00fcr Hochschuldidaktik (Campus02)\",\"isPartOf\":{\"@id\":\"https:\/\/www.campus02.at\/hochschuldidaktik\/#website\"},\"primaryImageOfPage\":{\"@id\":\"https:\/\/www.campus02.at\/hochschuldidaktik\/erfolgsgeschichten\/gastkommentar\/one-step-closer-projektarbeit-versus-pruefung\/#primaryimage\"},\"image\":{\"@id\":\"https:\/\/www.campus02.at\/hochschuldidaktik\/erfolgsgeschichten\/gastkommentar\/one-step-closer-projektarbeit-versus-pruefung\/#primaryimage\"},\"thumbnailUrl\":\"https:\/\/www.campus02.at\/hochschuldidaktik\/wp-content\/uploads\/sites\/20\/2023\/11\/AdobeStock_580958408-scaled.jpeg\",\"datePublished\":\"2023-07-17T06:33:58+00:00\",\"dateModified\":\"2024-03-26T12:35:56+00:00\",\"breadcrumb\":{\"@id\":\"https:\/\/www.campus02.at\/hochschuldidaktik\/erfolgsgeschichten\/gastkommentar\/one-step-closer-projektarbeit-versus-pruefung\/#breadcrumb\"},\"inLanguage\":\"en-GB\",\"potentialAction\":[{\"@type\":\"ReadAction\",\"target\":[\"https:\/\/www.campus02.at\/hochschuldidaktik\/erfolgsgeschichten\/gastkommentar\/one-step-closer-projektarbeit-versus-pruefung\/\"]}]},{\"@type\":\"ImageObject\",\"inLanguage\":\"en-GB\",\"@id\":\"https:\/\/www.campus02.at\/hochschuldidaktik\/erfolgsgeschichten\/gastkommentar\/one-step-closer-projektarbeit-versus-pruefung\/#primaryimage\",\"url\":\"https:\/\/www.campus02.at\/hochschuldidaktik\/wp-content\/uploads\/sites\/20\/2023\/11\/AdobeStock_580958408-scaled.jpeg\",\"contentUrl\":\"https:\/\/www.campus02.at\/hochschuldidaktik\/wp-content\/uploads\/sites\/20\/2023\/11\/AdobeStock_580958408-scaled.jpeg\",\"width\":2560,\"height\":1708,\"caption\":\"Collaborative process of multicultural skilled people during brainstorming meeting in office.Diverse team of young people cooperating on developing project\"},{\"@type\":\"BreadcrumbList\",\"@id\":\"https:\/\/www.campus02.at\/hochschuldidaktik\/erfolgsgeschichten\/gastkommentar\/one-step-closer-projektarbeit-versus-pruefung\/#breadcrumb\",\"itemListElement\":[{\"@type\":\"ListItem\",\"position\":1,\"name\":\"Startseite\",\"item\":\"https:\/\/www.campus02.at\/hochschuldidaktik\/\"},{\"@type\":\"ListItem\",\"position\":2,\"name\":\"Erfolgsgeschichten\",\"item\":\"https:\/\/www.campus02.at\/hochschuldidaktik\/erfolgsgeschichten\/\"},{\"@type\":\"ListItem\",\"position\":3,\"name\":\"Stimmen aus der Lehre\",\"item\":\"https:\/\/www.campus02.at\/hochschuldidaktik\/erfolgsgeschichten\/gastkommentar\/\"},{\"@type\":\"ListItem\",\"position\":4,\"name\":\"One step closer: Projektarbeit versus Pr\u00fcfung\"}]},{\"@type\":\"WebSite\",\"@id\":\"https:\/\/www.campus02.at\/hochschuldidaktik\/#website\",\"url\":\"https:\/\/www.campus02.at\/hochschuldidaktik\/\",\"name\":\"Zentrum f\u00fcr Hochschuldidaktik (Campus02)\",\"description\":\"Eine weitere Campus02 Website\",\"publisher\":{\"@id\":\"https:\/\/www.campus02.at\/hochschuldidaktik\/#organization\"},\"potentialAction\":[{\"@type\":\"SearchAction\",\"target\":{\"@type\":\"EntryPoint\",\"urlTemplate\":\"https:\/\/www.campus02.at\/hochschuldidaktik\/?s={search_term_string}\"},\"query-input\":{\"@type\":\"PropertyValueSpecification\",\"valueRequired\":true,\"valueName\":\"search_term_string\"}}],\"inLanguage\":\"en-GB\"},{\"@type\":\"Organization\",\"@id\":\"https:\/\/www.campus02.at\/hochschuldidaktik\/#organization\",\"name\":\"Zentrum f\u00fcr Hochschuldidaktik (Campus02)\",\"url\":\"https:\/\/www.campus02.at\/hochschuldidaktik\/\",\"logo\":{\"@type\":\"ImageObject\",\"inLanguage\":\"en-GB\",\"@id\":\"https:\/\/www.campus02.at\/hochschuldidaktik\/#\/schema\/logo\/image\/\",\"url\":\"https:\/\/www.campus02.at\/hochschuldidaktik\/wp-content\/uploads\/sites\/20\/2023\/01\/logo-campus02.svg\",\"contentUrl\":\"https:\/\/www.campus02.at\/hochschuldidaktik\/wp-content\/uploads\/sites\/20\/2023\/01\/logo-campus02.svg\",\"width\":770,\"height\":249,\"caption\":\"Zentrum f\u00fcr Hochschuldidaktik (Campus02)\"},\"image\":{\"@id\":\"https:\/\/www.campus02.at\/hochschuldidaktik\/#\/schema\/logo\/image\/\"}}]}<\/script>\n<!-- \/ Yoast SEO plugin. -->","yoast_head_json":{"title":"One step closer: Projektarbeit versus Pr\u00fcfung - Zentrum f\u00fcr Hochschuldidaktik (Campus02)","robots":{"index":"index","follow":"follow","max-snippet":"max-snippet:-1","max-image-preview":"max-image-preview:large","max-video-preview":"max-video-preview:-1"},"canonical":"https:\/\/www.campus02.at\/hochschuldidaktik\/en\/erfolgsgeschichten\/gastkommentar\/one-step-closer-projektarbeit-versus-pruefung\/","og_locale":"en_GB","og_type":"article","og_title":"One step closer: Projektarbeit versus Pr\u00fcfung - Zentrum f\u00fcr Hochschuldidaktik (Campus02)","og_description":"One step closer: Projektarbeit versus Pr\u00fcfung Autor: J\u00fcrgen Wieser Eine Frage hat mich in meiner 10-j\u00e4hrigen Lehrt\u00e4tigkeit an more&hellip;","og_url":"https:\/\/www.campus02.at\/hochschuldidaktik\/en\/erfolgsgeschichten\/gastkommentar\/one-step-closer-projektarbeit-versus-pruefung\/","og_site_name":"Zentrum f\u00fcr Hochschuldidaktik (Campus02)","article_modified_time":"2024-03-26T12:35:56+00:00","og_image":[{"width":2560,"height":1708,"url":"https:\/\/www.campus02.at\/hochschuldidaktik\/wp-content\/uploads\/sites\/20\/2023\/11\/AdobeStock_580958408-scaled.jpeg","type":"image\/jpeg"}],"twitter_card":"summary_large_image","twitter_misc":{"Written by":"Egger Christina"},"schema":{"@context":"https:\/\/schema.org","@graph":[{"@type":"WebPage","@id":"https:\/\/www.campus02.at\/hochschuldidaktik\/erfolgsgeschichten\/gastkommentar\/one-step-closer-projektarbeit-versus-pruefung\/","url":"https:\/\/www.campus02.at\/hochschuldidaktik\/erfolgsgeschichten\/gastkommentar\/one-step-closer-projektarbeit-versus-pruefung\/","name":"One step closer: Projektarbeit versus Pr\u00fcfung - Zentrum f\u00fcr Hochschuldidaktik (Campus02)","isPartOf":{"@id":"https:\/\/www.campus02.at\/hochschuldidaktik\/#website"},"primaryImageOfPage":{"@id":"https:\/\/www.campus02.at\/hochschuldidaktik\/erfolgsgeschichten\/gastkommentar\/one-step-closer-projektarbeit-versus-pruefung\/#primaryimage"},"image":{"@id":"https:\/\/www.campus02.at\/hochschuldidaktik\/erfolgsgeschichten\/gastkommentar\/one-step-closer-projektarbeit-versus-pruefung\/#primaryimage"},"thumbnailUrl":"https:\/\/www.campus02.at\/hochschuldidaktik\/wp-content\/uploads\/sites\/20\/2023\/11\/AdobeStock_580958408-scaled.jpeg","datePublished":"2023-07-17T06:33:58+00:00","dateModified":"2024-03-26T12:35:56+00:00","breadcrumb":{"@id":"https:\/\/www.campus02.at\/hochschuldidaktik\/erfolgsgeschichten\/gastkommentar\/one-step-closer-projektarbeit-versus-pruefung\/#breadcrumb"},"inLanguage":"en-GB","potentialAction":[{"@type":"ReadAction","target":["https:\/\/www.campus02.at\/hochschuldidaktik\/erfolgsgeschichten\/gastkommentar\/one-step-closer-projektarbeit-versus-pruefung\/"]}]},{"@type":"ImageObject","inLanguage":"en-GB","@id":"https:\/\/www.campus02.at\/hochschuldidaktik\/erfolgsgeschichten\/gastkommentar\/one-step-closer-projektarbeit-versus-pruefung\/#primaryimage","url":"https:\/\/www.campus02.at\/hochschuldidaktik\/wp-content\/uploads\/sites\/20\/2023\/11\/AdobeStock_580958408-scaled.jpeg","contentUrl":"https:\/\/www.campus02.at\/hochschuldidaktik\/wp-content\/uploads\/sites\/20\/2023\/11\/AdobeStock_580958408-scaled.jpeg","width":2560,"height":1708,"caption":"Collaborative process of multicultural skilled people during brainstorming meeting in office.Diverse team of young people cooperating on developing project"},{"@type":"BreadcrumbList","@id":"https:\/\/www.campus02.at\/hochschuldidaktik\/erfolgsgeschichten\/gastkommentar\/one-step-closer-projektarbeit-versus-pruefung\/#breadcrumb","itemListElement":[{"@type":"ListItem","position":1,"name":"Startseite","item":"https:\/\/www.campus02.at\/hochschuldidaktik\/"},{"@type":"ListItem","position":2,"name":"Erfolgsgeschichten","item":"https:\/\/www.campus02.at\/hochschuldidaktik\/erfolgsgeschichten\/"},{"@type":"ListItem","position":3,"name":"Stimmen aus der Lehre","item":"https:\/\/www.campus02.at\/hochschuldidaktik\/erfolgsgeschichten\/gastkommentar\/"},{"@type":"ListItem","position":4,"name":"One step closer: Projektarbeit versus Pr\u00fcfung"}]},{"@type":"WebSite","@id":"https:\/\/www.campus02.at\/hochschuldidaktik\/#website","url":"https:\/\/www.campus02.at\/hochschuldidaktik\/","name":"Zentrum f\u00fcr Hochschuldidaktik (Campus02)","description":"Eine weitere Campus02 Website","publisher":{"@id":"https:\/\/www.campus02.at\/hochschuldidaktik\/#organization"},"potentialAction":[{"@type":"SearchAction","target":{"@type":"EntryPoint","urlTemplate":"https:\/\/www.campus02.at\/hochschuldidaktik\/?s={search_term_string}"},"query-input":{"@type":"PropertyValueSpecification","valueRequired":true,"valueName":"search_term_string"}}],"inLanguage":"en-GB"},{"@type":"Organization","@id":"https:\/\/www.campus02.at\/hochschuldidaktik\/#organization","name":"Zentrum f\u00fcr Hochschuldidaktik (Campus02)","url":"https:\/\/www.campus02.at\/hochschuldidaktik\/","logo":{"@type":"ImageObject","inLanguage":"en-GB","@id":"https:\/\/www.campus02.at\/hochschuldidaktik\/#\/schema\/logo\/image\/","url":"https:\/\/www.campus02.at\/hochschuldidaktik\/wp-content\/uploads\/sites\/20\/2023\/01\/logo-campus02.svg","contentUrl":"https:\/\/www.campus02.at\/hochschuldidaktik\/wp-content\/uploads\/sites\/20\/2023\/01\/logo-campus02.svg","width":770,"height":249,"caption":"Zentrum f\u00fcr Hochschuldidaktik (Campus02)"},"image":{"@id":"https:\/\/www.campus02.at\/hochschuldidaktik\/#\/schema\/logo\/image\/"}}]}},"_links":{"self":[{"href":"https:\/\/www.campus02.at\/hochschuldidaktik\/en\/wp-json\/wp\/v2\/pages\/5965","targetHints":{"allow":["GET"]}}],"collection":[{"href":"https:\/\/www.campus02.at\/hochschuldidaktik\/en\/wp-json\/wp\/v2\/pages"}],"about":[{"href":"https:\/\/www.campus02.at\/hochschuldidaktik\/en\/wp-json\/wp\/v2\/types\/page"}],"author":[{"embeddable":true,"href":"https:\/\/www.campus02.at\/hochschuldidaktik\/en\/wp-json\/wp\/v2\/users\/183"}],"replies":[{"embeddable":true,"href":"https:\/\/www.campus02.at\/hochschuldidaktik\/en\/wp-json\/wp\/v2\/comments?post=5965"}],"version-history":[{"count":7,"href":"https:\/\/www.campus02.at\/hochschuldidaktik\/en\/wp-json\/wp\/v2\/pages\/5965\/revisions"}],"predecessor-version":[{"id":12578,"href":"https:\/\/www.campus02.at\/hochschuldidaktik\/en\/wp-json\/wp\/v2\/pages\/5965\/revisions\/12578"}],"up":[{"embeddable":true,"href":"https:\/\/www.campus02.at\/hochschuldidaktik\/en\/wp-json\/wp\/v2\/pages\/4272"}],"wp:featuredmedia":[{"embeddable":true,"href":"https:\/\/www.campus02.at\/hochschuldidaktik\/en\/wp-json\/wp\/v2\/media\/11354"}],"wp:attachment":[{"href":"https:\/\/www.campus02.at\/hochschuldidaktik\/en\/wp-json\/wp\/v2\/media?parent=5965"}],"wp:term":[{"taxonomy":"author","embeddable":true,"href":"https:\/\/www.campus02.at\/hochschuldidaktik\/en\/wp-json\/wp\/v2\/coauthors?post=5965"}],"curies":[{"name":"wp","href":"https:\/\/api.w.org\/{rel}","templated":true}]}}