{"id":5757,"date":"2023-05-16T17:44:11","date_gmt":"2023-05-16T15:44:11","guid":{"rendered":"https:\/\/www.campus02.at\/hochschuldidaktik\/?page_id=5757"},"modified":"2024-03-26T13:36:52","modified_gmt":"2024-03-26T12:36:52","slug":"next-level-im-management-von-studierendenprojekten","status":"publish","type":"page","link":"https:\/\/www.campus02.at\/hochschuldidaktik\/en\/erfolgsgeschichten\/gastkommentar\/next-level-im-management-von-studierendenprojekten\/","title":{"rendered":"Next Level im Management von Studierendenprojekten"},"content":{"rendered":"<div class=\"flex-campus-main flex-campus-main-Text\"><h3><\/h3>\n<p><img fetchpriority=\"high\" decoding=\"async\" class=\"alignnone size-medium wp-image-5759\" src=\"https:\/\/www.campus02.at\/hochschuldidaktik\/wp-content\/uploads\/sites\/20\/2023\/05\/Thaller-Drugowitsch-225x300.jpg\" alt=\"\" width=\"225\" height=\"300\" srcset=\"https:\/\/www.campus02.at\/hochschuldidaktik\/wp-content\/uploads\/sites\/20\/2023\/05\/Thaller-Drugowitsch-225x300.jpg 225w, https:\/\/www.campus02.at\/hochschuldidaktik\/wp-content\/uploads\/sites\/20\/2023\/05\/Thaller-Drugowitsch.jpg 484w\" sizes=\"(max-width: 225px) 100vw, 225px\" \/><\/p>\n<h3>Next Level im Management von Studierendenprojekten<\/h3>\n<p>Autoren: Ren\u00e9 Thaller &amp; Tobias Drugowitsch<\/p>\n<p>Sowohl im Bachelor- als auch im Masterstudium des Departments \u201eRechnungswesen &amp; Controlling\u201c haben Studierende im Rahmen der Lehrveranstaltung \u201ePraxisprojekt\u201c ein Projekt mit konkretem Anwendungsbezug abzuwickeln. Unternehmen oder \u00f6ffentliche Institutionen beauftragen unsere Projektteams mit Themen aus unseren Kernkompetenzen Buchhaltung, Bilanzierung, Steuern, Controlling, Corporate Finance und allgemeine Betriebswirtschaftslehre. Studierende k\u00f6nnen in den Praxisprojekten beweisen, dass sie im H\u00f6rsaal erworbene Kompetenzen zielgerichtet anwenden k\u00f6nnen.<\/p>\n<p>Neben den fachlichen Kompetenzen ist es uns wichtig, dass die Studierenden auch im Projektmanagement professionell vorgehen. Aktuell setzen wir im Projektmanagement ausschlie\u00dflich Microsoft 365 mit den Apps Planner, Teams, SharePoint, OneNote und Outlook ein. Durch die gro\u00dfz\u00fcgige Unterst\u00fctzung von ONEPOINT Projects GmbH mit Sitz in Raaba setzen wir ab dem Wintersemester 2023\/24 den n\u00e4chsten Schritt in der Professionalisierung unseres Projektmanagements. Mit Einf\u00fchrung von Planforge k\u00f6nnen wir unseren Studierenden eine Software anbieten, die den bei uns gelehrten IPMA-Standard vollumf\u00e4nglich unterst\u00fctzt. Durch die Integration s\u00e4mtlicher Projektpl\u00e4ne fallen zudem Schnittstellen weg. Durch den Einsatz von Planforge k\u00f6nnen wir unsere Studierenden noch praxisnaher im Projektmanagement ausbilden.<\/p>\n<p>Als Vorbereitung auf die Abwicklung der Praxisprojekte werden den Studierenden auch jetzt bereits Videos zum Umgang mit den Projektmanagement-Apps zur Verf\u00fcgung gestellt. Durch die Einf\u00fchrung von Planforge gilt es nun, die Videoreihe zu aktualisieren. Der Inhalt der Videos startet mit einer kompakten Auffrischung zentraler Projektmanagement-Theorie und geht \u00fcber das Aufzeigen von unseren \u201eSpielregeln\u201c im Management der Praxisprojekte hin zur konkreten Anwendung von Planforge in den Phasen Projektstart, Projektkoordination, Projektcontrolling und Projektabschluss.<\/p>\n<p>Die ersten Videosequenzen sind bereits abgedreht. Dazu haben wir das \u201eStudio f\u00fcr innovative Lehre\u201c (StiL) unseres Zentrums f\u00fcr Hochschuldidaktik (ZHD) genutzt. Wir haben dabei kein ausformuliertes Drehbuch verwendet, sondern haben eine Mindmap mit den zu vermittelnden Inhalten erstellt. Durch den Einsatz des Green Screens konnten wir die mittels PowerPoint visualisierten Inhalte nicht nur mit Sprache kommentieren, sondern parallel mit Mimik und Gestik unterstreichen. Die weiteren Sequenzen werden wir sowohl wieder im StiL als auch im Home Office produzieren. Zur Gew\u00e4hrleistung der Tonqualit\u00e4t im Home Office wird uns das ZHD mit entsprechenden Mikrofonen unterst\u00fctzen. Die Postproduktion erfolgt mit Camtasia 2022. Corporate Design-konforme Vorlagen f\u00fcr Intro, Outro, \u00dcberg\u00e4nge und Bauchbinden haben wir durch eine Agentur bereits gestalten lassen.<\/p>\n<p>Wir bedanken uns beim ZHD f\u00fcr die gro\u00dfartige Unterst\u00fctzung. Wir w\u00fcnschen allen Lehrenden viel Spa\u00df und Erfolg bei ihrer Filmkarriere. Wir sehen uns bei den Oscars. Film ab!<\/p>\n<p>&nbsp;<\/p>\n<h3>\u00dcBER DIE AUTOREN<\/h3>\n<p>Ren\u00e9 Thaller (rechts im Bild) ist hauptberuflich Lehrender am Department \u201eRechnungswesen &amp; Controlling\u201c. Er koordiniert den Fachbereich \u201eTransfer\u201c im Bachelor- und im Masterstudiengang sowie den Master-Fachbereich \u201eGeneral Management\u201c.<\/p>\n<p><a href=\"mailto:rene.thaller@campus02.at\">rene.thaller@campus02.at<\/a><br \/>\n<a href=\"http:\/\/www.campus02.at\/hochschuldidaktik\/en\/rechnungswesen\/transfer\/\">www.campus02.at\/rechnungswesen\/transfer<\/a><\/p>\n<p>Tobias Drugowitsch (links im Bild) ist Consultant und Mitgesellschafter bei der PMCC Consulting GmbH. Er lehrt Projekt- und Prozessmanagement an mehreren Departments der FH CAMPUS 02.<\/p>\n<p><a href=\"mailto:tobias.drugowitsch@pmcc-consulting.com\">tobias.drugowitsch@pmcc-consulting.com<\/a><br \/>\n<a href=\"http:\/\/www.pmcc-consulting.com\">www.pmcc-consulting.com<\/a><\/p>\n<p>Praxisnahe Vermittlung von Projektmanagement-Kompetenzen am Department \u201eRechnungswesen &amp; Controlling\u201c mit gro\u00dfz\u00fcgiger Unterst\u00fctzung von <a href=\"http:\/\/www.planforge.io\">www.planforge.io<\/a><\/p>\n<p><img decoding=\"async\" class=\"alignnone size-medium wp-image-5758\" src=\"https:\/\/www.campus02.at\/hochschuldidaktik\/wp-content\/uploads\/sites\/20\/2023\/05\/Planforge-300x85.png\" alt=\"\" width=\"300\" height=\"85\" srcset=\"https:\/\/www.campus02.at\/hochschuldidaktik\/wp-content\/uploads\/sites\/20\/2023\/05\/Planforge-300x85.png 300w, https:\/\/www.campus02.at\/hochschuldidaktik\/wp-content\/uploads\/sites\/20\/2023\/05\/Planforge.png 486w\" sizes=\"(max-width: 300px) 100vw, 300px\" \/><\/p>\n<\/div>","protected":false},"excerpt":{"rendered":"<p>Next Level im Management von Studierendenprojekten Autoren: Ren\u00e9 Thaller &amp; Tobias Drugowitsch Sowohl im Bachelor- als auch <a href=\"https:\/\/www.campus02.at\/hochschuldidaktik\/en\/erfolgsgeschichten\/gastkommentar\/next-level-im-management-von-studierendenprojekten\/\" class=\"more-link\">more&hellip;<\/a><\/p>","protected":false},"author":183,"featured_media":11351,"parent":4272,"menu_order":5,"comment_status":"closed","ping_status":"closed","template":"","meta":{"_acf_changed":false,"footnotes":""},"coauthors":[62],"class_list":["post-5757","page","type-page","status-publish","has-post-thumbnail","hentry"],"acf":[],"yoast_head":"<!-- This site is optimized with the Yoast SEO plugin v26.9 - https:\/\/yoast.com\/product\/yoast-seo-wordpress\/ -->\n<title>Next Level im Management von Studierendenprojekten - Zentrum f\u00fcr Hochschuldidaktik (Campus02)<\/title>\n<meta name=\"robots\" content=\"index, follow, max-snippet:-1, max-image-preview:large, max-video-preview:-1\" \/>\n<link rel=\"canonical\" href=\"https:\/\/www.campus02.at\/hochschuldidaktik\/en\/erfolgsgeschichten\/gastkommentar\/next-level-im-management-von-studierendenprojekten\/\" \/>\n<meta property=\"og:locale\" content=\"en_GB\" \/>\n<meta property=\"og:type\" content=\"article\" \/>\n<meta property=\"og:title\" content=\"Next Level im Management von Studierendenprojekten - Zentrum f\u00fcr Hochschuldidaktik (Campus02)\" \/>\n<meta property=\"og:description\" content=\"Next Level im Management von Studierendenprojekten Autoren: Ren\u00e9 Thaller &amp; Tobias Drugowitsch Sowohl im Bachelor- als auch more&hellip;\" \/>\n<meta property=\"og:url\" content=\"https:\/\/www.campus02.at\/hochschuldidaktik\/en\/erfolgsgeschichten\/gastkommentar\/next-level-im-management-von-studierendenprojekten\/\" \/>\n<meta property=\"og:site_name\" content=\"Zentrum f\u00fcr Hochschuldidaktik (Campus02)\" \/>\n<meta property=\"article:modified_time\" content=\"2024-03-26T12:36:52+00:00\" \/>\n<meta property=\"og:image\" content=\"https:\/\/www.campus02.at\/hochschuldidaktik\/wp-content\/uploads\/sites\/20\/2023\/11\/AdobeStock_628484944-scaled.jpeg\" \/>\n\t<meta property=\"og:image:width\" content=\"2560\" \/>\n\t<meta property=\"og:image:height\" content=\"1707\" \/>\n\t<meta property=\"og:image:type\" content=\"image\/jpeg\" \/>\n<meta name=\"twitter:card\" content=\"summary_large_image\" \/>\n<meta name=\"twitter:label1\" content=\"Written by\" \/>\n\t<meta name=\"twitter:data1\" content=\"Egger Christina\" \/>\n<script type=\"application\/ld+json\" class=\"yoast-schema-graph\">{\"@context\":\"https:\/\/schema.org\",\"@graph\":[{\"@type\":\"WebPage\",\"@id\":\"https:\/\/www.campus02.at\/hochschuldidaktik\/erfolgsgeschichten\/gastkommentar\/next-level-im-management-von-studierendenprojekten\/\",\"url\":\"https:\/\/www.campus02.at\/hochschuldidaktik\/erfolgsgeschichten\/gastkommentar\/next-level-im-management-von-studierendenprojekten\/\",\"name\":\"Next Level im Management von Studierendenprojekten - Zentrum f\u00fcr Hochschuldidaktik (Campus02)\",\"isPartOf\":{\"@id\":\"https:\/\/www.campus02.at\/hochschuldidaktik\/#website\"},\"primaryImageOfPage\":{\"@id\":\"https:\/\/www.campus02.at\/hochschuldidaktik\/erfolgsgeschichten\/gastkommentar\/next-level-im-management-von-studierendenprojekten\/#primaryimage\"},\"image\":{\"@id\":\"https:\/\/www.campus02.at\/hochschuldidaktik\/erfolgsgeschichten\/gastkommentar\/next-level-im-management-von-studierendenprojekten\/#primaryimage\"},\"thumbnailUrl\":\"https:\/\/www.campus02.at\/hochschuldidaktik\/wp-content\/uploads\/sites\/20\/2023\/11\/AdobeStock_628484944-scaled.jpeg\",\"datePublished\":\"2023-05-16T15:44:11+00:00\",\"dateModified\":\"2024-03-26T12:36:52+00:00\",\"breadcrumb\":{\"@id\":\"https:\/\/www.campus02.at\/hochschuldidaktik\/erfolgsgeschichten\/gastkommentar\/next-level-im-management-von-studierendenprojekten\/#breadcrumb\"},\"inLanguage\":\"en-GB\",\"potentialAction\":[{\"@type\":\"ReadAction\",\"target\":[\"https:\/\/www.campus02.at\/hochschuldidaktik\/erfolgsgeschichten\/gastkommentar\/next-level-im-management-von-studierendenprojekten\/\"]}]},{\"@type\":\"ImageObject\",\"inLanguage\":\"en-GB\",\"@id\":\"https:\/\/www.campus02.at\/hochschuldidaktik\/erfolgsgeschichten\/gastkommentar\/next-level-im-management-von-studierendenprojekten\/#primaryimage\",\"url\":\"https:\/\/www.campus02.at\/hochschuldidaktik\/wp-content\/uploads\/sites\/20\/2023\/11\/AdobeStock_628484944-scaled.jpeg\",\"contentUrl\":\"https:\/\/www.campus02.at\/hochschuldidaktik\/wp-content\/uploads\/sites\/20\/2023\/11\/AdobeStock_628484944-scaled.jpeg\",\"width\":2560,\"height\":1707,\"caption\":\"Asian office team brainstorming, plan for solution idea, Group of asia creative teamwork and woman leader at business meeting for developing mobile phone app, ux, ui start up, small business.\"},{\"@type\":\"BreadcrumbList\",\"@id\":\"https:\/\/www.campus02.at\/hochschuldidaktik\/erfolgsgeschichten\/gastkommentar\/next-level-im-management-von-studierendenprojekten\/#breadcrumb\",\"itemListElement\":[{\"@type\":\"ListItem\",\"position\":1,\"name\":\"Startseite\",\"item\":\"https:\/\/www.campus02.at\/hochschuldidaktik\/\"},{\"@type\":\"ListItem\",\"position\":2,\"name\":\"Erfolgsgeschichten\",\"item\":\"https:\/\/www.campus02.at\/hochschuldidaktik\/erfolgsgeschichten\/\"},{\"@type\":\"ListItem\",\"position\":3,\"name\":\"Stimmen aus der Lehre\",\"item\":\"https:\/\/www.campus02.at\/hochschuldidaktik\/erfolgsgeschichten\/gastkommentar\/\"},{\"@type\":\"ListItem\",\"position\":4,\"name\":\"Next Level im Management von Studierendenprojekten\"}]},{\"@type\":\"WebSite\",\"@id\":\"https:\/\/www.campus02.at\/hochschuldidaktik\/#website\",\"url\":\"https:\/\/www.campus02.at\/hochschuldidaktik\/\",\"name\":\"Zentrum f\u00fcr Hochschuldidaktik (Campus02)\",\"description\":\"Eine weitere Campus02 Website\",\"publisher\":{\"@id\":\"https:\/\/www.campus02.at\/hochschuldidaktik\/#organization\"},\"potentialAction\":[{\"@type\":\"SearchAction\",\"target\":{\"@type\":\"EntryPoint\",\"urlTemplate\":\"https:\/\/www.campus02.at\/hochschuldidaktik\/?s={search_term_string}\"},\"query-input\":{\"@type\":\"PropertyValueSpecification\",\"valueRequired\":true,\"valueName\":\"search_term_string\"}}],\"inLanguage\":\"en-GB\"},{\"@type\":\"Organization\",\"@id\":\"https:\/\/www.campus02.at\/hochschuldidaktik\/#organization\",\"name\":\"Zentrum f\u00fcr Hochschuldidaktik (Campus02)\",\"url\":\"https:\/\/www.campus02.at\/hochschuldidaktik\/\",\"logo\":{\"@type\":\"ImageObject\",\"inLanguage\":\"en-GB\",\"@id\":\"https:\/\/www.campus02.at\/hochschuldidaktik\/#\/schema\/logo\/image\/\",\"url\":\"https:\/\/www.campus02.at\/hochschuldidaktik\/wp-content\/uploads\/sites\/20\/2023\/01\/logo-campus02.svg\",\"contentUrl\":\"https:\/\/www.campus02.at\/hochschuldidaktik\/wp-content\/uploads\/sites\/20\/2023\/01\/logo-campus02.svg\",\"width\":770,\"height\":249,\"caption\":\"Zentrum f\u00fcr Hochschuldidaktik (Campus02)\"},\"image\":{\"@id\":\"https:\/\/www.campus02.at\/hochschuldidaktik\/#\/schema\/logo\/image\/\"}}]}<\/script>\n<!-- \/ Yoast SEO plugin. -->","yoast_head_json":{"title":"Next Level im Management von Studierendenprojekten - Zentrum f\u00fcr Hochschuldidaktik (Campus02)","robots":{"index":"index","follow":"follow","max-snippet":"max-snippet:-1","max-image-preview":"max-image-preview:large","max-video-preview":"max-video-preview:-1"},"canonical":"https:\/\/www.campus02.at\/hochschuldidaktik\/en\/erfolgsgeschichten\/gastkommentar\/next-level-im-management-von-studierendenprojekten\/","og_locale":"en_GB","og_type":"article","og_title":"Next Level im Management von Studierendenprojekten - Zentrum f\u00fcr Hochschuldidaktik (Campus02)","og_description":"Next Level im Management von Studierendenprojekten Autoren: Ren\u00e9 Thaller &amp; Tobias Drugowitsch Sowohl im Bachelor- als auch more&hellip;","og_url":"https:\/\/www.campus02.at\/hochschuldidaktik\/en\/erfolgsgeschichten\/gastkommentar\/next-level-im-management-von-studierendenprojekten\/","og_site_name":"Zentrum f\u00fcr Hochschuldidaktik (Campus02)","article_modified_time":"2024-03-26T12:36:52+00:00","og_image":[{"width":2560,"height":1707,"url":"https:\/\/www.campus02.at\/hochschuldidaktik\/wp-content\/uploads\/sites\/20\/2023\/11\/AdobeStock_628484944-scaled.jpeg","type":"image\/jpeg"}],"twitter_card":"summary_large_image","twitter_misc":{"Written by":"Egger Christina"},"schema":{"@context":"https:\/\/schema.org","@graph":[{"@type":"WebPage","@id":"https:\/\/www.campus02.at\/hochschuldidaktik\/erfolgsgeschichten\/gastkommentar\/next-level-im-management-von-studierendenprojekten\/","url":"https:\/\/www.campus02.at\/hochschuldidaktik\/erfolgsgeschichten\/gastkommentar\/next-level-im-management-von-studierendenprojekten\/","name":"Next Level im Management von Studierendenprojekten - Zentrum f\u00fcr Hochschuldidaktik (Campus02)","isPartOf":{"@id":"https:\/\/www.campus02.at\/hochschuldidaktik\/#website"},"primaryImageOfPage":{"@id":"https:\/\/www.campus02.at\/hochschuldidaktik\/erfolgsgeschichten\/gastkommentar\/next-level-im-management-von-studierendenprojekten\/#primaryimage"},"image":{"@id":"https:\/\/www.campus02.at\/hochschuldidaktik\/erfolgsgeschichten\/gastkommentar\/next-level-im-management-von-studierendenprojekten\/#primaryimage"},"thumbnailUrl":"https:\/\/www.campus02.at\/hochschuldidaktik\/wp-content\/uploads\/sites\/20\/2023\/11\/AdobeStock_628484944-scaled.jpeg","datePublished":"2023-05-16T15:44:11+00:00","dateModified":"2024-03-26T12:36:52+00:00","breadcrumb":{"@id":"https:\/\/www.campus02.at\/hochschuldidaktik\/erfolgsgeschichten\/gastkommentar\/next-level-im-management-von-studierendenprojekten\/#breadcrumb"},"inLanguage":"en-GB","potentialAction":[{"@type":"ReadAction","target":["https:\/\/www.campus02.at\/hochschuldidaktik\/erfolgsgeschichten\/gastkommentar\/next-level-im-management-von-studierendenprojekten\/"]}]},{"@type":"ImageObject","inLanguage":"en-GB","@id":"https:\/\/www.campus02.at\/hochschuldidaktik\/erfolgsgeschichten\/gastkommentar\/next-level-im-management-von-studierendenprojekten\/#primaryimage","url":"https:\/\/www.campus02.at\/hochschuldidaktik\/wp-content\/uploads\/sites\/20\/2023\/11\/AdobeStock_628484944-scaled.jpeg","contentUrl":"https:\/\/www.campus02.at\/hochschuldidaktik\/wp-content\/uploads\/sites\/20\/2023\/11\/AdobeStock_628484944-scaled.jpeg","width":2560,"height":1707,"caption":"Asian office team brainstorming, plan for solution idea, Group of asia creative teamwork and woman leader at business meeting for developing mobile phone app, ux, ui start up, small business."},{"@type":"BreadcrumbList","@id":"https:\/\/www.campus02.at\/hochschuldidaktik\/erfolgsgeschichten\/gastkommentar\/next-level-im-management-von-studierendenprojekten\/#breadcrumb","itemListElement":[{"@type":"ListItem","position":1,"name":"Startseite","item":"https:\/\/www.campus02.at\/hochschuldidaktik\/"},{"@type":"ListItem","position":2,"name":"Erfolgsgeschichten","item":"https:\/\/www.campus02.at\/hochschuldidaktik\/erfolgsgeschichten\/"},{"@type":"ListItem","position":3,"name":"Stimmen aus der Lehre","item":"https:\/\/www.campus02.at\/hochschuldidaktik\/erfolgsgeschichten\/gastkommentar\/"},{"@type":"ListItem","position":4,"name":"Next Level im Management von Studierendenprojekten"}]},{"@type":"WebSite","@id":"https:\/\/www.campus02.at\/hochschuldidaktik\/#website","url":"https:\/\/www.campus02.at\/hochschuldidaktik\/","name":"Zentrum f\u00fcr Hochschuldidaktik (Campus02)","description":"Eine weitere Campus02 Website","publisher":{"@id":"https:\/\/www.campus02.at\/hochschuldidaktik\/#organization"},"potentialAction":[{"@type":"SearchAction","target":{"@type":"EntryPoint","urlTemplate":"https:\/\/www.campus02.at\/hochschuldidaktik\/?s={search_term_string}"},"query-input":{"@type":"PropertyValueSpecification","valueRequired":true,"valueName":"search_term_string"}}],"inLanguage":"en-GB"},{"@type":"Organization","@id":"https:\/\/www.campus02.at\/hochschuldidaktik\/#organization","name":"Zentrum f\u00fcr Hochschuldidaktik (Campus02)","url":"https:\/\/www.campus02.at\/hochschuldidaktik\/","logo":{"@type":"ImageObject","inLanguage":"en-GB","@id":"https:\/\/www.campus02.at\/hochschuldidaktik\/#\/schema\/logo\/image\/","url":"https:\/\/www.campus02.at\/hochschuldidaktik\/wp-content\/uploads\/sites\/20\/2023\/01\/logo-campus02.svg","contentUrl":"https:\/\/www.campus02.at\/hochschuldidaktik\/wp-content\/uploads\/sites\/20\/2023\/01\/logo-campus02.svg","width":770,"height":249,"caption":"Zentrum f\u00fcr Hochschuldidaktik (Campus02)"},"image":{"@id":"https:\/\/www.campus02.at\/hochschuldidaktik\/#\/schema\/logo\/image\/"}}]}},"_links":{"self":[{"href":"https:\/\/www.campus02.at\/hochschuldidaktik\/en\/wp-json\/wp\/v2\/pages\/5757","targetHints":{"allow":["GET"]}}],"collection":[{"href":"https:\/\/www.campus02.at\/hochschuldidaktik\/en\/wp-json\/wp\/v2\/pages"}],"about":[{"href":"https:\/\/www.campus02.at\/hochschuldidaktik\/en\/wp-json\/wp\/v2\/types\/page"}],"author":[{"embeddable":true,"href":"https:\/\/www.campus02.at\/hochschuldidaktik\/en\/wp-json\/wp\/v2\/users\/183"}],"replies":[{"embeddable":true,"href":"https:\/\/www.campus02.at\/hochschuldidaktik\/en\/wp-json\/wp\/v2\/comments?post=5757"}],"version-history":[{"count":3,"href":"https:\/\/www.campus02.at\/hochschuldidaktik\/en\/wp-json\/wp\/v2\/pages\/5757\/revisions"}],"predecessor-version":[{"id":12580,"href":"https:\/\/www.campus02.at\/hochschuldidaktik\/en\/wp-json\/wp\/v2\/pages\/5757\/revisions\/12580"}],"up":[{"embeddable":true,"href":"https:\/\/www.campus02.at\/hochschuldidaktik\/en\/wp-json\/wp\/v2\/pages\/4272"}],"wp:featuredmedia":[{"embeddable":true,"href":"https:\/\/www.campus02.at\/hochschuldidaktik\/en\/wp-json\/wp\/v2\/media\/11351"}],"wp:attachment":[{"href":"https:\/\/www.campus02.at\/hochschuldidaktik\/en\/wp-json\/wp\/v2\/media?parent=5757"}],"wp:term":[{"taxonomy":"author","embeddable":true,"href":"https:\/\/www.campus02.at\/hochschuldidaktik\/en\/wp-json\/wp\/v2\/coauthors?post=5757"}],"curies":[{"name":"wp","href":"https:\/\/api.w.org\/{rel}","templated":true}]}}