{"id":3943,"date":"2021-12-09T07:42:21","date_gmt":"2021-12-09T06:42:21","guid":{"rendered":"https:\/\/www.campus02.at\/hochschuldidaktik\/?page_id=3943"},"modified":"2023-02-24T12:42:16","modified_gmt":"2023-02-24T11:42:16","slug":"feedback-mittels-screencast-geben","status":"publish","type":"page","link":"https:\/\/www.campus02.at\/hochschuldidaktik\/en\/feedback-mittels-screencast-geben\/","title":{"rendered":"Feedback mittels Screencast geben"},"content":{"rendered":"<div class=\"flex-campus-main flex-campus-main-Heading\"><h2>Feedback mittels Screencast geben<\/h2><\/div><div class=\"flex-campus-main flex-campus-main-Text\"><p><em><strong>Probier mal \u2026<\/strong> <span class=\"NormalTextRun BCX0 SCXW32996348\" data-ccp-parastyle=\"Normal (Web)\">Feedback nicht nur schriftlich, sondern individuell und pers\u00f6nlich\u00a0<\/span><span class=\"NormalTextRun ContextualSpellingAndGrammarErrorV2 BCX0 SCXW32996348\" data-ccp-parastyle=\"Normal (Web)\">mittels Screencast<\/span><span class=\"NormalTextRun BCX0 SCXW32996348\" data-ccp-parastyle=\"Normal (Web)\">\u00a0zu geben. Das unterst\u00fctzt den Lernprozess, verbessert die Beziehung zu den Studierenden und muss nicht immer mehr Arbeit sein \u2026<\/span><\/em><\/p>\n<p>&nbsp;<\/p>\n<p>Screencasts, also Aufnahmen von Ihrem PC-Bildschirm, k\u00f6nnen nicht nur zur Erkl\u00e4rung von Aufgaben oder Wissensvermittlung eingesetzt werden, sondern auch um Feedback zu Arbeitsauftr\u00e4gen zu geben. Anstatt eine Abgabe mit Kommentaren zu versehen, k\u00f6nnen Sie diese auf Ihrem Bildschirm \u00f6ffnen, eine Aufnahme starten und m\u00fcndliches Feedback geben. Oft ist das weniger aufw\u00e4ndig als schriftliches Feedback und f\u00fcr Studierende kann es viel aufschlussreicher sein.<\/p>\n<p>Es gibt einige M\u00f6glichkeiten, den Bildschirm aufzuzeichnen. Mit der <strong>Tastenkombination Windowstaste + G<\/strong> k\u00f6nnen Sie den Bildschirm aufnehmen, sofern die entsprechende Funktion auf Ihrem Rechner installiert ist. Eine weitere M\u00f6glichkeit ist die Software <strong>Camtasia<\/strong>, die auf dem PC im <a href=\"https:\/\/www.campus02.at\/hochschuldidaktik\/en\/infrastruktur\/stil-studio-fuer-innovative-lehre\/\">Studio f\u00fcr Innovative Lehre<\/a> installiert ist. Nachdem die Aufnahme beendet wurde, k\u00f6nnen Sie sie direkt mit Camtasia bearbeiten.<\/p>\n<p><img fetchpriority=\"high\" decoding=\"async\" class=\"wp-image-4015 aligncenter\" src=\"https:\/\/www.campus02.at\/hochschuldidaktik\/wp-content\/uploads\/sites\/20\/2021\/12\/Camtasia-300x242.png\" alt=\"\" width=\"719\" height=\"580\" srcset=\"https:\/\/www.campus02.at\/hochschuldidaktik\/wp-content\/uploads\/sites\/20\/2021\/12\/Camtasia-300x242.png 300w, https:\/\/www.campus02.at\/hochschuldidaktik\/wp-content\/uploads\/sites\/20\/2021\/12\/Camtasia-768x618.png 768w, https:\/\/www.campus02.at\/hochschuldidaktik\/wp-content\/uploads\/sites\/20\/2021\/12\/Camtasia.png 996w\" sizes=\"(max-width: 719px) 100vw, 719px\" \/><\/p>\n<p>&nbsp;<\/p>\n<p>Eine weitere M\u00f6glichkeit bietet <strong>Powerpoint<\/strong>. Unter dem Reiter &#8222;Einf\u00fcgen&#8220;, k\u00f6nnen Sie eine Bildschirmaufnahme starten. Die Aufnahme wird anschlie\u00dfend auf eine Folie hinzugef\u00fcgt.<\/p>\n<p>&nbsp;<\/p>\n<p><img loading=\"lazy\" decoding=\"async\" class=\"wp-image-4014 aligncenter\" src=\"https:\/\/www.campus02.at\/hochschuldidaktik\/wp-content\/uploads\/sites\/20\/2021\/12\/PPT-Aufzeichnung-300x51.png\" alt=\"\" width=\"1053\" height=\"179\" srcset=\"https:\/\/www.campus02.at\/hochschuldidaktik\/wp-content\/uploads\/sites\/20\/2021\/12\/PPT-Aufzeichnung-300x51.png 300w, https:\/\/www.campus02.at\/hochschuldidaktik\/wp-content\/uploads\/sites\/20\/2021\/12\/PPT-Aufzeichnung-1024x175.png 1024w, https:\/\/www.campus02.at\/hochschuldidaktik\/wp-content\/uploads\/sites\/20\/2021\/12\/PPT-Aufzeichnung-768x131.png 768w, https:\/\/www.campus02.at\/hochschuldidaktik\/wp-content\/uploads\/sites\/20\/2021\/12\/PPT-Aufzeichnung-1536x262.png 1536w, https:\/\/www.campus02.at\/hochschuldidaktik\/wp-content\/uploads\/sites\/20\/2021\/12\/PPT-Aufzeichnung.png 1920w\" sizes=\"(max-width: 1053px) 100vw, 1053px\" \/><\/p>\n<p>Ein Online-Tool, welches aufgrund seiner einfachen Bedienung h\u00e4ufig f\u00fcr Bildschirmaufnahmen verwendet wird, ist <strong>Screencast-O-Matic<\/strong>. Mit der kostenlosen Version k\u00f6nnen Sie bis zu 15 Minuten aufnehmen. Sobald Sie auf der Screencast-O-Matic Webseite auf \u201eLaunch Free Recorder\u201c klicken, wird eine Datei auf Ihren PC heruntergeladen. Sie m\u00fcssen allerdings nichts installieren, die Software startet von selbst.<\/p>\n<p><img loading=\"lazy\" decoding=\"async\" class=\"wp-image-4016 aligncenter\" src=\"https:\/\/www.campus02.at\/hochschuldidaktik\/wp-content\/uploads\/sites\/20\/2021\/12\/Launch-recorder-300x237.png\" alt=\"\" width=\"605\" height=\"478\" srcset=\"https:\/\/www.campus02.at\/hochschuldidaktik\/wp-content\/uploads\/sites\/20\/2021\/12\/Launch-recorder-300x237.png 300w, https:\/\/www.campus02.at\/hochschuldidaktik\/wp-content\/uploads\/sites\/20\/2021\/12\/Launch-recorder-768x607.png 768w, https:\/\/www.campus02.at\/hochschuldidaktik\/wp-content\/uploads\/sites\/20\/2021\/12\/Launch-recorder.png 833w\" sizes=\"(max-width: 605px) 100vw, 605px\" \/><\/p>\n<p>Der gro\u00dfe Vorteil dieses Tools gegen\u00fcber anderen ist es, dass Sie zus\u00e4tzlich eine <strong>Webcam-Aufzeichnung<\/strong> starten, eingebaute <strong>Tools zum Hervorheben<\/strong>, beispielsweise Textmarker oder Bildschirmlupe, verwenden und die <strong>Aufnahme jederzeit pausieren<\/strong> und anschlie\u00dfend wieder aufnehmen k\u00f6nnen. Die Tools k\u00f6nnen Sie auch w\u00e4hrend der Aufnahme ein- und ausschalten.<\/p>\n<p><img loading=\"lazy\" decoding=\"async\" class=\"wp-image-4013 aligncenter\" src=\"https:\/\/www.campus02.at\/hochschuldidaktik\/wp-content\/uploads\/sites\/20\/2021\/12\/sCREENCASTOMATIC-300x168.jpg\" alt=\"\" width=\"1082\" height=\"606\" srcset=\"https:\/\/www.campus02.at\/hochschuldidaktik\/wp-content\/uploads\/sites\/20\/2021\/12\/sCREENCASTOMATIC-300x168.jpg 300w, https:\/\/www.campus02.at\/hochschuldidaktik\/wp-content\/uploads\/sites\/20\/2021\/12\/sCREENCASTOMATIC-1024x573.jpg 1024w, https:\/\/www.campus02.at\/hochschuldidaktik\/wp-content\/uploads\/sites\/20\/2021\/12\/sCREENCASTOMATIC-768x430.jpg 768w, https:\/\/www.campus02.at\/hochschuldidaktik\/wp-content\/uploads\/sites\/20\/2021\/12\/sCREENCASTOMATIC-1536x860.jpg 1536w, https:\/\/www.campus02.at\/hochschuldidaktik\/wp-content\/uploads\/sites\/20\/2021\/12\/sCREENCASTOMATIC-2048x1146.jpg 2048w, https:\/\/www.campus02.at\/hochschuldidaktik\/wp-content\/uploads\/sites\/20\/2021\/12\/sCREENCASTOMATIC-1920x1075.jpg 1920w\" sizes=\"auto, (max-width: 1082px) 100vw, 1082px\" \/><\/p>\n<p>&nbsp;<\/p>\n<p>Bevor Sie die Aufnahme starten, k\u00f6nnen Sie anpassen, welcher Teil des Bildschirms aufgezeichnet wird, indem Sie den schwarz-wei\u00dfen Rahmen verschieben. Sobald die Aufnahme l\u00e4uft, erscheint dieser als rot-wei\u00df. Klicken Sie auf den Pause-Knopf, um die Aufnahme zu pausieren. Sie setzen die Aufnahme fort, indem Sie den roten Knopf anklicken. Wenn Sie auf \u201eFertig\u201c klicken, k\u00f6nnen Sie die Datei entweder auf YouTube oder Google Drive hochladen oder sie auf Ihrem Rechner speichern. Die Option \u201eVideo bearbeiten\u201c ist nur in der kostenpflichtigen Version verf\u00fcgbar.<\/p>\n<p><img loading=\"lazy\" decoding=\"async\" class=\"wp-image-4019 aligncenter\" src=\"https:\/\/www.campus02.at\/hochschuldidaktik\/wp-content\/uploads\/sites\/20\/2021\/12\/Aufnahme-pausiert-fertig-1-300x176.png\" alt=\"\" width=\"614\" height=\"360\" srcset=\"https:\/\/www.campus02.at\/hochschuldidaktik\/wp-content\/uploads\/sites\/20\/2021\/12\/Aufnahme-pausiert-fertig-1-300x176.png 300w, https:\/\/www.campus02.at\/hochschuldidaktik\/wp-content\/uploads\/sites\/20\/2021\/12\/Aufnahme-pausiert-fertig-1-768x451.png 768w, https:\/\/www.campus02.at\/hochschuldidaktik\/wp-content\/uploads\/sites\/20\/2021\/12\/Aufnahme-pausiert-fertig-1.png 812w\" sizes=\"auto, (max-width: 614px) 100vw, 614px\" \/><\/p>\n<p>&nbsp;<\/p>\n<p>Gerne unterst\u00fctzen wir Sie bei der Auswahl des richtigen Tools und beim Umsetzen der Aufnahme.<\/p>\n<p>&nbsp;<\/p>\n<h3>Links<\/h3>\n<h4><a href=\"https:\/\/www.campus02.at\/hochschuldidaktik\/en\/infrastruktur\/stil-studio-fuer-innovative-lehre\/\"><i class=\"fa fa-link\"><\/i> Studio f\u00fcr innovative Lehre<\/a><\/h4>\n<h4><a href=\"https:\/\/www.campus02.at\/hochschuldidaktik\/en\/infrastruktur\/stil-studio-fuer-innovative-lehre\/\"><i class=\"fa fa-link\"><\/i> <\/a><a href=\"https:\/\/screencast-o-matic.com\/screen-recorder\">Screencast-O-Matic<\/a><\/h4>\n<h4><a href=\"https:\/\/www.campus02.at\/hochschuldidaktik\/en\/infrastruktur\/stil-studio-fuer-innovative-lehre\/\"><i class=\"fa fa-link\"><\/i><\/a><a href=\"https:\/\/e-campus.st\/moodle\/course\/view.php?id=29\"> eCampus &#8222;Konstruktives Feedback digital und effizient&#8220;<\/a><\/h4>\n<h4><a href=\"https:\/\/www.campus02.at\/hochschuldidaktik\/en\/infrastruktur\/stil-studio-fuer-innovative-lehre\/\"><i class=\"fa fa-link\"><\/i><\/a><a href=\"https:\/\/e-campus.st\/moodle\/course\/view.php?id=41\"> eCampus &#8222;Screencasts in der Lehre einsetzen&#8220;<\/a><\/h4>\n<\/div>","protected":false},"excerpt":{"rendered":"<p>Feedback mittels Screencast gebenProbier mal \u2026 Feedback nicht nur schriftlich, sondern individuell und pers\u00f6nlich\u00a0mittels <a href=\"https:\/\/www.campus02.at\/hochschuldidaktik\/en\/feedback-mittels-screencast-geben\/\" class=\"more-link\">more&hellip;<\/a><\/p>","protected":false},"author":175,"featured_media":0,"parent":0,"menu_order":9,"comment_status":"closed","ping_status":"closed","template":"","meta":{"_acf_changed":false,"footnotes":""},"coauthors":[55],"class_list":["post-3943","page","type-page","status-publish","hentry"],"acf":[],"yoast_head":"<!-- This site is optimized with the Yoast SEO plugin v26.9 - https:\/\/yoast.com\/product\/yoast-seo-wordpress\/ -->\n<title>Feedback mittels Screencast geben - Zentrum f\u00fcr Hochschuldidaktik (Campus02)<\/title>\n<meta name=\"robots\" content=\"index, follow, max-snippet:-1, max-image-preview:large, max-video-preview:-1\" \/>\n<link rel=\"canonical\" href=\"https:\/\/www.campus02.at\/hochschuldidaktik\/en\/feedback-mittels-screencast-geben\/\" \/>\n<meta property=\"og:locale\" content=\"en_GB\" \/>\n<meta property=\"og:type\" content=\"article\" \/>\n<meta property=\"og:title\" content=\"Feedback mittels Screencast geben - Zentrum f\u00fcr Hochschuldidaktik (Campus02)\" \/>\n<meta property=\"og:description\" content=\"Feedback mittels Screencast gebenProbier mal \u2026 Feedback nicht nur schriftlich, sondern individuell und pers\u00f6nlich\u00a0mittels more&hellip;\" \/>\n<meta property=\"og:url\" content=\"https:\/\/www.campus02.at\/hochschuldidaktik\/en\/feedback-mittels-screencast-geben\/\" \/>\n<meta property=\"og:site_name\" content=\"Zentrum f\u00fcr Hochschuldidaktik (Campus02)\" \/>\n<meta property=\"article:modified_time\" content=\"2023-02-24T11:42:16+00:00\" \/>\n<meta name=\"twitter:card\" content=\"summary_large_image\" \/>\n<script type=\"application\/ld+json\" class=\"yoast-schema-graph\">{\"@context\":\"https:\/\/schema.org\",\"@graph\":[{\"@type\":\"WebPage\",\"@id\":\"https:\/\/www.campus02.at\/hochschuldidaktik\/feedback-mittels-screencast-geben\/\",\"url\":\"https:\/\/www.campus02.at\/hochschuldidaktik\/feedback-mittels-screencast-geben\/\",\"name\":\"Feedback mittels Screencast geben - Zentrum f\u00fcr Hochschuldidaktik (Campus02)\",\"isPartOf\":{\"@id\":\"https:\/\/www.campus02.at\/hochschuldidaktik\/#website\"},\"datePublished\":\"2021-12-09T06:42:21+00:00\",\"dateModified\":\"2023-02-24T11:42:16+00:00\",\"breadcrumb\":{\"@id\":\"https:\/\/www.campus02.at\/hochschuldidaktik\/feedback-mittels-screencast-geben\/#breadcrumb\"},\"inLanguage\":\"en-GB\",\"potentialAction\":[{\"@type\":\"ReadAction\",\"target\":[\"https:\/\/www.campus02.at\/hochschuldidaktik\/feedback-mittels-screencast-geben\/\"]}]},{\"@type\":\"BreadcrumbList\",\"@id\":\"https:\/\/www.campus02.at\/hochschuldidaktik\/feedback-mittels-screencast-geben\/#breadcrumb\",\"itemListElement\":[{\"@type\":\"ListItem\",\"position\":1,\"name\":\"Startseite\",\"item\":\"https:\/\/www.campus02.at\/hochschuldidaktik\/\"},{\"@type\":\"ListItem\",\"position\":2,\"name\":\"Feedback mittels Screencast geben\"}]},{\"@type\":\"WebSite\",\"@id\":\"https:\/\/www.campus02.at\/hochschuldidaktik\/#website\",\"url\":\"https:\/\/www.campus02.at\/hochschuldidaktik\/\",\"name\":\"Zentrum f\u00fcr Hochschuldidaktik (Campus02)\",\"description\":\"Eine weitere Campus02 Website\",\"publisher\":{\"@id\":\"https:\/\/www.campus02.at\/hochschuldidaktik\/#organization\"},\"potentialAction\":[{\"@type\":\"SearchAction\",\"target\":{\"@type\":\"EntryPoint\",\"urlTemplate\":\"https:\/\/www.campus02.at\/hochschuldidaktik\/?s={search_term_string}\"},\"query-input\":{\"@type\":\"PropertyValueSpecification\",\"valueRequired\":true,\"valueName\":\"search_term_string\"}}],\"inLanguage\":\"en-GB\"},{\"@type\":\"Organization\",\"@id\":\"https:\/\/www.campus02.at\/hochschuldidaktik\/#organization\",\"name\":\"Zentrum f\u00fcr Hochschuldidaktik (Campus02)\",\"url\":\"https:\/\/www.campus02.at\/hochschuldidaktik\/\",\"logo\":{\"@type\":\"ImageObject\",\"inLanguage\":\"en-GB\",\"@id\":\"https:\/\/www.campus02.at\/hochschuldidaktik\/#\/schema\/logo\/image\/\",\"url\":\"https:\/\/www.campus02.at\/hochschuldidaktik\/wp-content\/uploads\/sites\/20\/2023\/01\/logo-campus02.svg\",\"contentUrl\":\"https:\/\/www.campus02.at\/hochschuldidaktik\/wp-content\/uploads\/sites\/20\/2023\/01\/logo-campus02.svg\",\"width\":770,\"height\":249,\"caption\":\"Zentrum f\u00fcr Hochschuldidaktik (Campus02)\"},\"image\":{\"@id\":\"https:\/\/www.campus02.at\/hochschuldidaktik\/#\/schema\/logo\/image\/\"}}]}<\/script>\n<!-- \/ Yoast SEO plugin. -->","yoast_head_json":{"title":"Feedback mittels Screencast geben - Zentrum f\u00fcr Hochschuldidaktik (Campus02)","robots":{"index":"index","follow":"follow","max-snippet":"max-snippet:-1","max-image-preview":"max-image-preview:large","max-video-preview":"max-video-preview:-1"},"canonical":"https:\/\/www.campus02.at\/hochschuldidaktik\/en\/feedback-mittels-screencast-geben\/","og_locale":"en_GB","og_type":"article","og_title":"Feedback mittels Screencast geben - Zentrum f\u00fcr Hochschuldidaktik (Campus02)","og_description":"Feedback mittels Screencast gebenProbier mal \u2026 Feedback nicht nur schriftlich, sondern individuell und pers\u00f6nlich\u00a0mittels more&hellip;","og_url":"https:\/\/www.campus02.at\/hochschuldidaktik\/en\/feedback-mittels-screencast-geben\/","og_site_name":"Zentrum f\u00fcr Hochschuldidaktik (Campus02)","article_modified_time":"2023-02-24T11:42:16+00:00","twitter_card":"summary_large_image","schema":{"@context":"https:\/\/schema.org","@graph":[{"@type":"WebPage","@id":"https:\/\/www.campus02.at\/hochschuldidaktik\/feedback-mittels-screencast-geben\/","url":"https:\/\/www.campus02.at\/hochschuldidaktik\/feedback-mittels-screencast-geben\/","name":"Feedback mittels Screencast geben - Zentrum f\u00fcr Hochschuldidaktik (Campus02)","isPartOf":{"@id":"https:\/\/www.campus02.at\/hochschuldidaktik\/#website"},"datePublished":"2021-12-09T06:42:21+00:00","dateModified":"2023-02-24T11:42:16+00:00","breadcrumb":{"@id":"https:\/\/www.campus02.at\/hochschuldidaktik\/feedback-mittels-screencast-geben\/#breadcrumb"},"inLanguage":"en-GB","potentialAction":[{"@type":"ReadAction","target":["https:\/\/www.campus02.at\/hochschuldidaktik\/feedback-mittels-screencast-geben\/"]}]},{"@type":"BreadcrumbList","@id":"https:\/\/www.campus02.at\/hochschuldidaktik\/feedback-mittels-screencast-geben\/#breadcrumb","itemListElement":[{"@type":"ListItem","position":1,"name":"Startseite","item":"https:\/\/www.campus02.at\/hochschuldidaktik\/"},{"@type":"ListItem","position":2,"name":"Feedback mittels Screencast geben"}]},{"@type":"WebSite","@id":"https:\/\/www.campus02.at\/hochschuldidaktik\/#website","url":"https:\/\/www.campus02.at\/hochschuldidaktik\/","name":"Zentrum f\u00fcr Hochschuldidaktik (Campus02)","description":"Eine weitere Campus02 Website","publisher":{"@id":"https:\/\/www.campus02.at\/hochschuldidaktik\/#organization"},"potentialAction":[{"@type":"SearchAction","target":{"@type":"EntryPoint","urlTemplate":"https:\/\/www.campus02.at\/hochschuldidaktik\/?s={search_term_string}"},"query-input":{"@type":"PropertyValueSpecification","valueRequired":true,"valueName":"search_term_string"}}],"inLanguage":"en-GB"},{"@type":"Organization","@id":"https:\/\/www.campus02.at\/hochschuldidaktik\/#organization","name":"Zentrum f\u00fcr Hochschuldidaktik (Campus02)","url":"https:\/\/www.campus02.at\/hochschuldidaktik\/","logo":{"@type":"ImageObject","inLanguage":"en-GB","@id":"https:\/\/www.campus02.at\/hochschuldidaktik\/#\/schema\/logo\/image\/","url":"https:\/\/www.campus02.at\/hochschuldidaktik\/wp-content\/uploads\/sites\/20\/2023\/01\/logo-campus02.svg","contentUrl":"https:\/\/www.campus02.at\/hochschuldidaktik\/wp-content\/uploads\/sites\/20\/2023\/01\/logo-campus02.svg","width":770,"height":249,"caption":"Zentrum f\u00fcr Hochschuldidaktik (Campus02)"},"image":{"@id":"https:\/\/www.campus02.at\/hochschuldidaktik\/#\/schema\/logo\/image\/"}}]}},"_links":{"self":[{"href":"https:\/\/www.campus02.at\/hochschuldidaktik\/en\/wp-json\/wp\/v2\/pages\/3943","targetHints":{"allow":["GET"]}}],"collection":[{"href":"https:\/\/www.campus02.at\/hochschuldidaktik\/en\/wp-json\/wp\/v2\/pages"}],"about":[{"href":"https:\/\/www.campus02.at\/hochschuldidaktik\/en\/wp-json\/wp\/v2\/types\/page"}],"author":[{"embeddable":true,"href":"https:\/\/www.campus02.at\/hochschuldidaktik\/en\/wp-json\/wp\/v2\/users\/175"}],"replies":[{"embeddable":true,"href":"https:\/\/www.campus02.at\/hochschuldidaktik\/en\/wp-json\/wp\/v2\/comments?post=3943"}],"version-history":[{"count":7,"href":"https:\/\/www.campus02.at\/hochschuldidaktik\/en\/wp-json\/wp\/v2\/pages\/3943\/revisions"}],"predecessor-version":[{"id":5516,"href":"https:\/\/www.campus02.at\/hochschuldidaktik\/en\/wp-json\/wp\/v2\/pages\/3943\/revisions\/5516"}],"wp:attachment":[{"href":"https:\/\/www.campus02.at\/hochschuldidaktik\/en\/wp-json\/wp\/v2\/media?parent=3943"}],"wp:term":[{"taxonomy":"author","embeddable":true,"href":"https:\/\/www.campus02.at\/hochschuldidaktik\/en\/wp-json\/wp\/v2\/coauthors?post=3943"}],"curies":[{"name":"wp","href":"https:\/\/api.w.org\/{rel}","templated":true}]}}