{"id":12434,"date":"2024-03-13T12:43:23","date_gmt":"2024-03-13T11:43:23","guid":{"rendered":"https:\/\/www.campus02.at\/hochschuldidaktik\/?page_id=12434"},"modified":"2024-03-26T13:46:43","modified_gmt":"2024-03-26T12:46:43","slug":"krsmanovic","status":"publish","type":"page","link":"https:\/\/www.campus02.at\/hochschuldidaktik\/en\/erfolgsgeschichten\/gastkommentar\/krsmanovic\/","title":{"rendered":"Current Research and Innovation Trends in Austria: My CAMPUS 02 Post-doc Story"},"content":{"rendered":"<div class=\"flex-campus-main flex-campus-main-Text\"><h3>CURRENT RESEARCH AND INNOVATION TRENDS IN AUSTRIA: MY CAMPUS 02 POST-DOC STORY<\/h3>\n<p>Author: Dr. Ivana Krsmanovi\u0107<\/p>\n<p>&nbsp;<\/p>\n<div><strong>If you are an EU researcher and you are looking for excellent research infrastructure \u2013 you should come to Austria! Here\u2019s a story about me finding my research campus \u2013 CAMPUS 02!<\/strong><\/div>\n<p>&nbsp;<\/p>\n<div><\/div>\n<div>Back in 2022, when I got the idea that I could apply for the<em> Joint Excellence in Sciences and Humanities Scholarship<\/em> generously supported by the Austrian Academy of Sciences, I knew that I wanted to come to Austria. I had already been to Graz through CEEPUS mobilities, and over time, I succeeded in establishing a small, but sustainable network of like-minded colleagues, who, as time would show, were people of academic integrity and mutual trust. The only dilemma I was faced with at that moment was: is it possible to do small-scale research at a university of applied studies, in which, per definition, humanities could be perceived as a limitation, in terms of scope? I decided to give it a try.<\/div>\n<p>&nbsp;<\/p>\n<div><\/div>\n<div>I wanted to write an application demonstrating a strong intellectual promise and robust, innovative potential, aiming to back up my ideas with relevant, cutting-edge evidence. As a person who knows \u201cthe tricks of the trade\u201d, I decided to \u201cdo my homework\u201d: I meticulously read the Austrian Research and Technology report for 2021 searching for specific information. Not surprisingly, the report pinpointed that, based on the available data and in terms of current research conditions, Austria ranks as one of the most desirable places for researchers from both EU and non-EU countries.<\/div>\n<p>&nbsp;<\/p>\n<div><\/div>\n<div><strong>#How it started<\/strong><\/div>\n<p>&nbsp;<\/p>\n<div><\/div>\n<div>Besides focusing on universities and institutes, as key components of Austrian research and innovation, this report also illuminated several key priorities related to the universities of applied sciences for their further research promotion and innovative positioning. In that sense, the Federal Ministry of Education, Science and Research (BMBWF) launched a broad-based participatory process, and, among the core directives, several were highlighted \u2013 internationalization of the research teams, promotion of non-traditional and innovative forms of partnerships and mobilities, inclusivity of under-represented groups. Technology transfer and exploitation at the universities of applied sciences were also clear goals, as stated in the measures.<\/div>\n<p>&nbsp;<\/p>\n<div><\/div>\n<div>Finally, the report stated that universities of applied sciences should take an application-oriented approach to teaching and research, their core areas of expertise, because at these institutions, research not only helps to generate knowledge but also provides new insights while potential tangible applications are also being conceived to create innovative products and services. To my unwavering delight, one of the universities listed in the report was FH CAMPUS 02, University of Applied Sciences. Not only did I prioritize CAMPUS 02 in my application, but I also addressed the constraints that middle-career researchers often face when applying for various post-docs, such as explaining a career trajectory or finding the right fit, which, if I may, all sometimes make mid-career researchers look either overqualified or with gaps in their skillsets. Generally speaking, potential-wise, the goal of the JESH Postdoctoral Fellowship was to enhance the creative and innovative potential of middle-career researchers, wishing to diversify their competence in terms of skill acquisition through advanced training and international mobility. In that way, the fellowship would also promote the career restart of promising researchers who show great potential. This might work well, I thought. The newly established Center for Teaching Excellence at CAMPUS 02, expertly led by Dr Dagmar Archan, responded positively to my invitation to collaborate on the proposal. Six months after submission, our proposal was approved.<\/div>\n<p>&nbsp;<\/p>\n<div><\/div>\n<div><strong>#How it\u2019s going<\/strong><\/div>\n<p>&nbsp;<\/p>\n<div><\/div>\n<div>Now, that I am at the beginning of my Research stay at CAMPUS 02, I decided to check how much of the prior statistics on Austrian research have changed. To the best of my knowledge, and based on available statistical data, not much. Austria still stands out as a highly sought-after destination for researchers coming from both EU member states and beyond.<\/div>\n<p>&nbsp;<\/p>\n<div><\/div>\n<div>Needless to say, the Federal Chancellery of the Republic of Austria timely introduced the RTI Strategy 2030 (back in 2020), intending to position Austria as a leading research, technology and innovation country by systematically addressing societal challenges in the post-pandemic EU. The shift to the Austrian \u201cnew normal\u201d in terms of research and innovation has been confirmed by the recording of 3.22% of research intensity, estimated for 2023, and higher than ever before. According to the analysis, Austria is in third place behind the long-time leader Sweden (3.36%) and Belgium (3.22%), but continuously improving ranks since 2019. What is more, 10 times in a row, Austria has been above the European target value of 3% (source: RTI Report 2023). Not much commentary is needed here \u2013 surpassing the European target value of 3% for ten consecutive years underscores Austria\u2019s sustained commitment to excellence in research and innovation. Sustainable research, which includes not only the effectiveness of research policies but also the longevity of research practice might be the new phrase coined for the \u201ccase of Austria\u201d.<\/div>\n<p>&nbsp;<\/p>\n<div><\/div>\n<div><img fetchpriority=\"high\" decoding=\"async\" class=\"size-full wp-image-12435 aligncenter\" src=\"https:\/\/www.campus02.at\/hochschuldidaktik\/wp-content\/uploads\/sites\/20\/2024\/03\/Figure-1.png\" alt=\"\" width=\"578\" height=\"292\" srcset=\"https:\/\/www.campus02.at\/hochschuldidaktik\/wp-content\/uploads\/sites\/20\/2024\/03\/Figure-1.png 578w, https:\/\/www.campus02.at\/hochschuldidaktik\/wp-content\/uploads\/sites\/20\/2024\/03\/Figure-1-300x152.png 300w\" sizes=\"(max-width: 578px) 100vw, 578px\" \/><\/div>\n<p>&nbsp;<\/p>\n<div style=\"text-align: center;\"><em>Figure 1. RTI Report 2023 Highlights<\/em><\/div>\n<p>&nbsp;<\/p>\n<div><\/div>\n<div>Next, the goal formulated in RTI Strategy 2030 of the Austrian research and innovation sector being among the top 10 in the realm of ERC grants was again confirmed with third place in 2023.\u00a0 Interestingly, Austria\u2019s success rate is significantly higher in ERC than in the predecessor program Horizon 2020 and just above the EU average of 22%. Besides companies, it needs to be mentioned, higher education institutions and non-university research institutions were also the most significant contributors to Austria\u2019s success in Horizon 2020.<\/div>\n<p>&nbsp;<\/p>\n<div><\/div>\n<div>Finally, of particular significance is Austria\u2019s leadership in the Internet of Things adoption among businesses. Regarding the indicators in the areas of Artificial Intelligence, the Internet of Things and quantum technology, Austria is above the EU average in each. What is more, in Austria, about every second company used IoT in 2021 (51%), making Austria first in the EU. The industrial leadership pillar firmly remains the domain of Austria\u2019s EU influence. Sustainable ecosystem? Indeed.<\/div>\n<p>&nbsp;<\/p>\n<div><\/div>\n<div>To conclude, what a careful observer might notice is that, from a holistic perspective, by integrating sustainability principles into its research and innovation agenda, Austria is both enhancing its competitiveness and also contributing to the broader EU goals of creating a prosperous future for all.\u00a0 And what\u2019s even better? They\u2019re not just focused on short-term gains. To put it bluntly, Austria isn\u2019t just playing \u201cthe research and innovation game\u201d \u2013 they are dominating it. And, it is not merely about outshining the competition; it\u2019s about paving the way for a future where everyone wins. Indeed, (risking that it might be interpreted wrong), \u201cNo researcher left behind\u201d could rightly be seen as a motto underscoring the inclusivity of the Austrian research policy. Its true value is best found in its capacity to offer innovative initiatives viewed through the multiplinarian lens, within the wide range of research scopes and diverse educational fields. Crucially, it is worth noting that universities of applied sciences have a fair share in the Austrian research landscape, and that their role in the overall research and innovation potential cannot be neglected.<\/div>\n<p>&nbsp;<\/p>\n<div><\/div>\n<div><strong>#How it will end<\/strong><\/div>\n<p>&nbsp;<\/p>\n<div><\/div>\n<div>Under the mentorship of Dr Dagmar Archan, the Head of the Center for Teaching Excellence and an accomplished English lecturer, my post-doc stay has proven to be both engaging and profoundly inspiring. The proposed project we are collaboratively working on centres around improving the instruction of English for specific purposes in a hybrid teaching setting, by designing a set of instructional strategies based on the Community of Inquiry (CoI) model. Upskilling of English language instructors in digital competences and their training in how to establish successful online learning communities appear as important as any other training in teacher pedagogy. We eagerly await the first research results.<\/div>\n<p>&nbsp;<\/p>\n<div><\/div>\n<div>To fellow researchers interested in conducting research in Austria \u2013 I extend an invitation to all of you to channel your potential towards fostering inclusive environments within Austrian research institutions. Just search for the right \u201ccampus\u201d. I wish you the best of luck!<\/div>\n<p>&nbsp;<\/p>\n<div><\/div>\n<div><strong>#THANK YOU NOTES<\/strong><\/div>\n<p>&nbsp;<\/p>\n<div><\/div>\n<div>I wish to express my heartfelt gratitude to Dr Dagmar Archan and FH CAMPUS 02 Graz for generously providing the resources essential for conducting this research. Their unwavering support serves as a testament to their commitment to academic excellence and innovation.<\/div>\n<p>&nbsp;<\/p>\n<div><\/div>\n<div>A big thank you to Joint Excellence in Sciences and Humanities (JESH) and the Austrian Academy of Sciences for their contribution to nurturing scientific thought beyond borders.<\/div>\n<p>&nbsp;<\/p>\n<div><\/div>\n<div>Dr Ivana Krsmanovi\u0107, professor of applied studies<\/div>\n<div>University of Kragujevac, Serbia<\/div>\n<div>Faculty of Technical Sciences \u010ca\u010dak<\/div>\n<p>&nbsp;<\/p>\n<div><\/div>\n<div>#campus02 #jesh #austrianacademyofsciences #graz #researchandinnovation #austria<\/div>\n<p>&nbsp;<\/p>\n<div><\/div>\n<div><strong>Resources cited:<\/strong><\/div>\n<ol>\n<li>RTI Report 2023: https:\/\/www.bmk.gv.at\/en\/topics\/innovation\/publications\/technology_reports.html<\/li>\n<li>RTI Strategy 2023 https:\/\/www.bundeskanzleramt.gv.at\/themen\/forschungskoordination_fti.html .<\/li>\n<li>RTI Report 2021 https:\/\/www.bmk.gv.at\/en\/topics\/innovation\/publications\/technology_reports.html<\/li>\n<li>JESH, Joint Excellence in Sciences and Humanities https:\/\/www.oeaw.ac.at\/foerderungen\/joint-excellence-in-science-humanities<\/li>\n<\/ol>\n<p>&nbsp;<\/p>\n<h3>About the author<\/h3>\n<div>Dr. Ivana Krsmanovi\u0107 is a professor of applied sciences affiliated with the Faculty of Technical Sciences \u010ca\u010dak, University of Kragujevac, Serbia, where she also holds the position of Head of the Department for Humanities and Social Sciences. She is a recipient of the prestigious Joint Excellence in Sciences and Humanities (JESH) scholarship (2023), awarded by the Austrian Academy of Sciences. Dr. Krsmanovi\u0107\u2019s scholarly pursuits focus on English as a Foreign Language (EFL) instruction, Computer-assisted language learning, and Digital Humanities.<\/div>\n<p>&nbsp;<\/p>\n<div><\/div>\n<div><img decoding=\"async\" class=\"alignnone size-full wp-image-12436\" src=\"https:\/\/www.campus02.at\/hochschuldidaktik\/wp-content\/uploads\/sites\/20\/2024\/03\/Ivana_C02-scaled.jpg\" alt=\"\" width=\"2560\" height=\"1440\" srcset=\"https:\/\/www.campus02.at\/hochschuldidaktik\/wp-content\/uploads\/sites\/20\/2024\/03\/Ivana_C02-scaled.jpg 2560w, https:\/\/www.campus02.at\/hochschuldidaktik\/wp-content\/uploads\/sites\/20\/2024\/03\/Ivana_C02-300x170.jpg 300w, https:\/\/www.campus02.at\/hochschuldidaktik\/wp-content\/uploads\/sites\/20\/2024\/03\/Ivana_C02-1024x576.jpg 1024w, https:\/\/www.campus02.at\/hochschuldidaktik\/wp-content\/uploads\/sites\/20\/2024\/03\/Ivana_C02-768x432.jpg 768w, https:\/\/www.campus02.at\/hochschuldidaktik\/wp-content\/uploads\/sites\/20\/2024\/03\/Ivana_C02-1536x864.jpg 1536w, https:\/\/www.campus02.at\/hochschuldidaktik\/wp-content\/uploads\/sites\/20\/2024\/03\/Ivana_C02-2048x1152.jpg 2048w, https:\/\/www.campus02.at\/hochschuldidaktik\/wp-content\/uploads\/sites\/20\/2024\/03\/Ivana_C02-1920x1080.jpg 1920w\" sizes=\"(max-width: 2560px) 100vw, 2560px\" \/><\/div>\n<p>&nbsp;<\/p>\n<\/div>","protected":false},"excerpt":{"rendered":"<p>CURRENT RESEARCH AND INNOVATION TRENDS IN AUSTRIA: MY CAMPUS 02 POST-DOC STORY Author: Dr. Ivana Krsmanovi\u0107 &nbsp; If you are <a href=\"https:\/\/www.campus02.at\/hochschuldidaktik\/en\/erfolgsgeschichten\/gastkommentar\/krsmanovic\/\" class=\"more-link\">more&hellip;<\/a><\/p>","protected":false},"author":183,"featured_media":12437,"parent":4272,"menu_order":5,"comment_status":"closed","ping_status":"closed","template":"","meta":{"_acf_changed":false,"footnotes":""},"coauthors":[62],"class_list":["post-12434","page","type-page","status-publish","has-post-thumbnail","hentry"],"acf":[],"yoast_head":"<!-- This site is optimized with the Yoast SEO plugin v26.9 - https:\/\/yoast.com\/product\/yoast-seo-wordpress\/ -->\n<title>Current Research and Innovation Trends in Austria: My CAMPUS 02 Post-doc Story - Zentrum f\u00fcr Hochschuldidaktik (Campus02)<\/title>\n<meta name=\"robots\" content=\"index, follow, max-snippet:-1, max-image-preview:large, max-video-preview:-1\" \/>\n<link rel=\"canonical\" href=\"https:\/\/www.campus02.at\/hochschuldidaktik\/en\/erfolgsgeschichten\/gastkommentar\/krsmanovic\/\" \/>\n<meta property=\"og:locale\" content=\"en_GB\" \/>\n<meta property=\"og:type\" content=\"article\" \/>\n<meta property=\"og:title\" content=\"Current Research and Innovation Trends in Austria: My CAMPUS 02 Post-doc Story - Zentrum f\u00fcr Hochschuldidaktik (Campus02)\" \/>\n<meta property=\"og:description\" content=\"CURRENT RESEARCH AND INNOVATION TRENDS IN AUSTRIA: MY CAMPUS 02 POST-DOC STORY Author: Dr. Ivana Krsmanovi\u0107 &nbsp; If you are more&hellip;\" \/>\n<meta property=\"og:url\" content=\"https:\/\/www.campus02.at\/hochschuldidaktik\/en\/erfolgsgeschichten\/gastkommentar\/krsmanovic\/\" \/>\n<meta property=\"og:site_name\" content=\"Zentrum f\u00fcr Hochschuldidaktik (Campus02)\" \/>\n<meta property=\"article:modified_time\" content=\"2024-03-26T12:46:43+00:00\" \/>\n<meta property=\"og:image\" content=\"https:\/\/www.campus02.at\/hochschuldidaktik\/wp-content\/uploads\/sites\/20\/2024\/03\/Ivana_1-scaled.jpg\" \/>\n\t<meta property=\"og:image:width\" content=\"2560\" \/>\n\t<meta property=\"og:image:height\" content=\"1440\" \/>\n\t<meta property=\"og:image:type\" content=\"image\/jpeg\" \/>\n<meta name=\"twitter:card\" content=\"summary_large_image\" \/>\n<meta name=\"twitter:label1\" content=\"Written by\" \/>\n\t<meta name=\"twitter:data1\" content=\"Egger Christina\" \/>\n<script type=\"application\/ld+json\" class=\"yoast-schema-graph\">{\"@context\":\"https:\/\/schema.org\",\"@graph\":[{\"@type\":\"WebPage\",\"@id\":\"https:\/\/www.campus02.at\/hochschuldidaktik\/erfolgsgeschichten\/gastkommentar\/krsmanovic\/\",\"url\":\"https:\/\/www.campus02.at\/hochschuldidaktik\/erfolgsgeschichten\/gastkommentar\/krsmanovic\/\",\"name\":\"Current Research and Innovation Trends in Austria: My CAMPUS 02 Post-doc Story - Zentrum f\u00fcr Hochschuldidaktik (Campus02)\",\"isPartOf\":{\"@id\":\"https:\/\/www.campus02.at\/hochschuldidaktik\/#website\"},\"primaryImageOfPage\":{\"@id\":\"https:\/\/www.campus02.at\/hochschuldidaktik\/erfolgsgeschichten\/gastkommentar\/krsmanovic\/#primaryimage\"},\"image\":{\"@id\":\"https:\/\/www.campus02.at\/hochschuldidaktik\/erfolgsgeschichten\/gastkommentar\/krsmanovic\/#primaryimage\"},\"thumbnailUrl\":\"https:\/\/www.campus02.at\/hochschuldidaktik\/wp-content\/uploads\/sites\/20\/2024\/03\/Ivana_1-scaled.jpg\",\"datePublished\":\"2024-03-13T11:43:23+00:00\",\"dateModified\":\"2024-03-26T12:46:43+00:00\",\"breadcrumb\":{\"@id\":\"https:\/\/www.campus02.at\/hochschuldidaktik\/erfolgsgeschichten\/gastkommentar\/krsmanovic\/#breadcrumb\"},\"inLanguage\":\"en-GB\",\"potentialAction\":[{\"@type\":\"ReadAction\",\"target\":[\"https:\/\/www.campus02.at\/hochschuldidaktik\/erfolgsgeschichten\/gastkommentar\/krsmanovic\/\"]}]},{\"@type\":\"ImageObject\",\"inLanguage\":\"en-GB\",\"@id\":\"https:\/\/www.campus02.at\/hochschuldidaktik\/erfolgsgeschichten\/gastkommentar\/krsmanovic\/#primaryimage\",\"url\":\"https:\/\/www.campus02.at\/hochschuldidaktik\/wp-content\/uploads\/sites\/20\/2024\/03\/Ivana_1-scaled.jpg\",\"contentUrl\":\"https:\/\/www.campus02.at\/hochschuldidaktik\/wp-content\/uploads\/sites\/20\/2024\/03\/Ivana_1-scaled.jpg\",\"width\":2560,\"height\":1440,\"caption\":\"zwei Frauen in der Bibliothek\"},{\"@type\":\"BreadcrumbList\",\"@id\":\"https:\/\/www.campus02.at\/hochschuldidaktik\/erfolgsgeschichten\/gastkommentar\/krsmanovic\/#breadcrumb\",\"itemListElement\":[{\"@type\":\"ListItem\",\"position\":1,\"name\":\"Startseite\",\"item\":\"https:\/\/www.campus02.at\/hochschuldidaktik\/\"},{\"@type\":\"ListItem\",\"position\":2,\"name\":\"Erfolgsgeschichten\",\"item\":\"https:\/\/www.campus02.at\/hochschuldidaktik\/erfolgsgeschichten\/\"},{\"@type\":\"ListItem\",\"position\":3,\"name\":\"Stimmen aus der Lehre\",\"item\":\"https:\/\/www.campus02.at\/hochschuldidaktik\/erfolgsgeschichten\/gastkommentar\/\"},{\"@type\":\"ListItem\",\"position\":4,\"name\":\"Current Research and Innovation Trends in Austria: My CAMPUS 02 Post-doc Story\"}]},{\"@type\":\"WebSite\",\"@id\":\"https:\/\/www.campus02.at\/hochschuldidaktik\/#website\",\"url\":\"https:\/\/www.campus02.at\/hochschuldidaktik\/\",\"name\":\"Zentrum f\u00fcr Hochschuldidaktik (Campus02)\",\"description\":\"Eine weitere Campus02 Website\",\"publisher\":{\"@id\":\"https:\/\/www.campus02.at\/hochschuldidaktik\/#organization\"},\"potentialAction\":[{\"@type\":\"SearchAction\",\"target\":{\"@type\":\"EntryPoint\",\"urlTemplate\":\"https:\/\/www.campus02.at\/hochschuldidaktik\/?s={search_term_string}\"},\"query-input\":{\"@type\":\"PropertyValueSpecification\",\"valueRequired\":true,\"valueName\":\"search_term_string\"}}],\"inLanguage\":\"en-GB\"},{\"@type\":\"Organization\",\"@id\":\"https:\/\/www.campus02.at\/hochschuldidaktik\/#organization\",\"name\":\"Zentrum f\u00fcr Hochschuldidaktik (Campus02)\",\"url\":\"https:\/\/www.campus02.at\/hochschuldidaktik\/\",\"logo\":{\"@type\":\"ImageObject\",\"inLanguage\":\"en-GB\",\"@id\":\"https:\/\/www.campus02.at\/hochschuldidaktik\/#\/schema\/logo\/image\/\",\"url\":\"https:\/\/www.campus02.at\/hochschuldidaktik\/wp-content\/uploads\/sites\/20\/2023\/01\/logo-campus02.svg\",\"contentUrl\":\"https:\/\/www.campus02.at\/hochschuldidaktik\/wp-content\/uploads\/sites\/20\/2023\/01\/logo-campus02.svg\",\"width\":770,\"height\":249,\"caption\":\"Zentrum f\u00fcr Hochschuldidaktik (Campus02)\"},\"image\":{\"@id\":\"https:\/\/www.campus02.at\/hochschuldidaktik\/#\/schema\/logo\/image\/\"}}]}<\/script>\n<!-- \/ Yoast SEO plugin. -->","yoast_head_json":{"title":"Current Research and Innovation Trends in Austria: My CAMPUS 02 Post-doc Story - Zentrum f\u00fcr Hochschuldidaktik (Campus02)","robots":{"index":"index","follow":"follow","max-snippet":"max-snippet:-1","max-image-preview":"max-image-preview:large","max-video-preview":"max-video-preview:-1"},"canonical":"https:\/\/www.campus02.at\/hochschuldidaktik\/en\/erfolgsgeschichten\/gastkommentar\/krsmanovic\/","og_locale":"en_GB","og_type":"article","og_title":"Current Research and Innovation Trends in Austria: My CAMPUS 02 Post-doc Story - Zentrum f\u00fcr Hochschuldidaktik (Campus02)","og_description":"CURRENT RESEARCH AND INNOVATION TRENDS IN AUSTRIA: MY CAMPUS 02 POST-DOC STORY Author: Dr. Ivana Krsmanovi\u0107 &nbsp; If you are more&hellip;","og_url":"https:\/\/www.campus02.at\/hochschuldidaktik\/en\/erfolgsgeschichten\/gastkommentar\/krsmanovic\/","og_site_name":"Zentrum f\u00fcr Hochschuldidaktik (Campus02)","article_modified_time":"2024-03-26T12:46:43+00:00","og_image":[{"width":2560,"height":1440,"url":"https:\/\/www.campus02.at\/hochschuldidaktik\/wp-content\/uploads\/sites\/20\/2024\/03\/Ivana_1-scaled.jpg","type":"image\/jpeg"}],"twitter_card":"summary_large_image","twitter_misc":{"Written by":"Egger Christina"},"schema":{"@context":"https:\/\/schema.org","@graph":[{"@type":"WebPage","@id":"https:\/\/www.campus02.at\/hochschuldidaktik\/erfolgsgeschichten\/gastkommentar\/krsmanovic\/","url":"https:\/\/www.campus02.at\/hochschuldidaktik\/erfolgsgeschichten\/gastkommentar\/krsmanovic\/","name":"Current Research and Innovation Trends in Austria: My CAMPUS 02 Post-doc Story - Zentrum f\u00fcr Hochschuldidaktik (Campus02)","isPartOf":{"@id":"https:\/\/www.campus02.at\/hochschuldidaktik\/#website"},"primaryImageOfPage":{"@id":"https:\/\/www.campus02.at\/hochschuldidaktik\/erfolgsgeschichten\/gastkommentar\/krsmanovic\/#primaryimage"},"image":{"@id":"https:\/\/www.campus02.at\/hochschuldidaktik\/erfolgsgeschichten\/gastkommentar\/krsmanovic\/#primaryimage"},"thumbnailUrl":"https:\/\/www.campus02.at\/hochschuldidaktik\/wp-content\/uploads\/sites\/20\/2024\/03\/Ivana_1-scaled.jpg","datePublished":"2024-03-13T11:43:23+00:00","dateModified":"2024-03-26T12:46:43+00:00","breadcrumb":{"@id":"https:\/\/www.campus02.at\/hochschuldidaktik\/erfolgsgeschichten\/gastkommentar\/krsmanovic\/#breadcrumb"},"inLanguage":"en-GB","potentialAction":[{"@type":"ReadAction","target":["https:\/\/www.campus02.at\/hochschuldidaktik\/erfolgsgeschichten\/gastkommentar\/krsmanovic\/"]}]},{"@type":"ImageObject","inLanguage":"en-GB","@id":"https:\/\/www.campus02.at\/hochschuldidaktik\/erfolgsgeschichten\/gastkommentar\/krsmanovic\/#primaryimage","url":"https:\/\/www.campus02.at\/hochschuldidaktik\/wp-content\/uploads\/sites\/20\/2024\/03\/Ivana_1-scaled.jpg","contentUrl":"https:\/\/www.campus02.at\/hochschuldidaktik\/wp-content\/uploads\/sites\/20\/2024\/03\/Ivana_1-scaled.jpg","width":2560,"height":1440,"caption":"zwei Frauen in der Bibliothek"},{"@type":"BreadcrumbList","@id":"https:\/\/www.campus02.at\/hochschuldidaktik\/erfolgsgeschichten\/gastkommentar\/krsmanovic\/#breadcrumb","itemListElement":[{"@type":"ListItem","position":1,"name":"Startseite","item":"https:\/\/www.campus02.at\/hochschuldidaktik\/"},{"@type":"ListItem","position":2,"name":"Erfolgsgeschichten","item":"https:\/\/www.campus02.at\/hochschuldidaktik\/erfolgsgeschichten\/"},{"@type":"ListItem","position":3,"name":"Stimmen aus der Lehre","item":"https:\/\/www.campus02.at\/hochschuldidaktik\/erfolgsgeschichten\/gastkommentar\/"},{"@type":"ListItem","position":4,"name":"Current Research and Innovation Trends in Austria: My CAMPUS 02 Post-doc Story"}]},{"@type":"WebSite","@id":"https:\/\/www.campus02.at\/hochschuldidaktik\/#website","url":"https:\/\/www.campus02.at\/hochschuldidaktik\/","name":"Zentrum f\u00fcr Hochschuldidaktik (Campus02)","description":"Eine weitere Campus02 Website","publisher":{"@id":"https:\/\/www.campus02.at\/hochschuldidaktik\/#organization"},"potentialAction":[{"@type":"SearchAction","target":{"@type":"EntryPoint","urlTemplate":"https:\/\/www.campus02.at\/hochschuldidaktik\/?s={search_term_string}"},"query-input":{"@type":"PropertyValueSpecification","valueRequired":true,"valueName":"search_term_string"}}],"inLanguage":"en-GB"},{"@type":"Organization","@id":"https:\/\/www.campus02.at\/hochschuldidaktik\/#organization","name":"Zentrum f\u00fcr Hochschuldidaktik (Campus02)","url":"https:\/\/www.campus02.at\/hochschuldidaktik\/","logo":{"@type":"ImageObject","inLanguage":"en-GB","@id":"https:\/\/www.campus02.at\/hochschuldidaktik\/#\/schema\/logo\/image\/","url":"https:\/\/www.campus02.at\/hochschuldidaktik\/wp-content\/uploads\/sites\/20\/2023\/01\/logo-campus02.svg","contentUrl":"https:\/\/www.campus02.at\/hochschuldidaktik\/wp-content\/uploads\/sites\/20\/2023\/01\/logo-campus02.svg","width":770,"height":249,"caption":"Zentrum f\u00fcr Hochschuldidaktik (Campus02)"},"image":{"@id":"https:\/\/www.campus02.at\/hochschuldidaktik\/#\/schema\/logo\/image\/"}}]}},"_links":{"self":[{"href":"https:\/\/www.campus02.at\/hochschuldidaktik\/en\/wp-json\/wp\/v2\/pages\/12434","targetHints":{"allow":["GET"]}}],"collection":[{"href":"https:\/\/www.campus02.at\/hochschuldidaktik\/en\/wp-json\/wp\/v2\/pages"}],"about":[{"href":"https:\/\/www.campus02.at\/hochschuldidaktik\/en\/wp-json\/wp\/v2\/types\/page"}],"author":[{"embeddable":true,"href":"https:\/\/www.campus02.at\/hochschuldidaktik\/en\/wp-json\/wp\/v2\/users\/183"}],"replies":[{"embeddable":true,"href":"https:\/\/www.campus02.at\/hochschuldidaktik\/en\/wp-json\/wp\/v2\/comments?post=12434"}],"version-history":[{"count":7,"href":"https:\/\/www.campus02.at\/hochschuldidaktik\/en\/wp-json\/wp\/v2\/pages\/12434\/revisions"}],"predecessor-version":[{"id":12598,"href":"https:\/\/www.campus02.at\/hochschuldidaktik\/en\/wp-json\/wp\/v2\/pages\/12434\/revisions\/12598"}],"up":[{"embeddable":true,"href":"https:\/\/www.campus02.at\/hochschuldidaktik\/en\/wp-json\/wp\/v2\/pages\/4272"}],"wp:featuredmedia":[{"embeddable":true,"href":"https:\/\/www.campus02.at\/hochschuldidaktik\/en\/wp-json\/wp\/v2\/media\/12437"}],"wp:attachment":[{"href":"https:\/\/www.campus02.at\/hochschuldidaktik\/en\/wp-json\/wp\/v2\/media?parent=12434"}],"wp:term":[{"taxonomy":"author","embeddable":true,"href":"https:\/\/www.campus02.at\/hochschuldidaktik\/en\/wp-json\/wp\/v2\/coauthors?post=12434"}],"curies":[{"name":"wp","href":"https:\/\/api.w.org\/{rel}","templated":true}]}}