{"id":11780,"date":"2023-12-04T11:55:44","date_gmt":"2023-12-04T10:55:44","guid":{"rendered":"https:\/\/www.campus02.at\/hochschuldidaktik\/?page_id=11780"},"modified":"2024-03-26T13:46:22","modified_gmt":"2024-03-26T12:46:22","slug":"exkursion-innovative-lehr-lernmethode","status":"publish","type":"page","link":"https:\/\/www.campus02.at\/hochschuldidaktik\/en\/erfolgsgeschichten\/gastkommentar\/exkursion-innovative-lehr-lernmethode\/","title":{"rendered":"Die Exkursion als innovative Lehr- und Lernmethode"},"content":{"rendered":"<div class=\"flex-campus-main flex-campus-main-Text\"><h3>Die Exkursion als innovative Lehr- und Lernmethode: Studierende entwickeln auf einer Innovationsreise durch Berlin Konzepte f\u00fcr die Smart City von morgen.<\/h3>\n<p>Autorinnen: Birte Sammtleben &amp; Magdalena Diem<\/p>\n<p><img fetchpriority=\"high\" decoding=\"async\" class=\"size-medium wp-image-11783 alignleft\" src=\"https:\/\/www.campus02.at\/hochschuldidaktik\/wp-content\/uploads\/sites\/20\/2023\/12\/PXL_20230927_111612959-169x300.jpg\" alt=\"\" width=\"169\" height=\"300\" srcset=\"https:\/\/www.campus02.at\/hochschuldidaktik\/wp-content\/uploads\/sites\/20\/2023\/12\/PXL_20230927_111612959-169x300.jpg 169w, https:\/\/www.campus02.at\/hochschuldidaktik\/wp-content\/uploads\/sites\/20\/2023\/12\/PXL_20230927_111612959-576x1024.jpg 576w, https:\/\/www.campus02.at\/hochschuldidaktik\/wp-content\/uploads\/sites\/20\/2023\/12\/PXL_20230927_111612959-768x1365.jpg 768w, https:\/\/www.campus02.at\/hochschuldidaktik\/wp-content\/uploads\/sites\/20\/2023\/12\/PXL_20230927_111612959-864x1536.jpg 864w, https:\/\/www.campus02.at\/hochschuldidaktik\/wp-content\/uploads\/sites\/20\/2023\/12\/PXL_20230927_111612959-1152x2048.jpg 1152w, https:\/\/www.campus02.at\/hochschuldidaktik\/wp-content\/uploads\/sites\/20\/2023\/12\/PXL_20230927_111612959-1920x3413.jpg 1920w, https:\/\/www.campus02.at\/hochschuldidaktik\/wp-content\/uploads\/sites\/20\/2023\/12\/PXL_20230927_111612959-scaled.jpg 1440w\" sizes=\"(max-width: 169px) 100vw, 169px\" \/><\/p>\n<p style=\"font-weight: 400;\">Berlin \u2013 die deutsche Hauptstadt, ein Treffpunkt verschiedener Kulturen und zugleich ein Hotspot der Start-up-Szene. Vom 27. bis 30. September 2023 erkundeten Studierende des 5. Semesters im Bachelorstudiengang und Studierende des 3. Semesters im Masterstudiengang Innovationsmanagement im Rahmen einer Lehrveranstaltung die Stadt. Vor Ort entwickelten sie Konzepte f\u00fcr eine nachhaltige digitale Innovation, die Berlin zur f\u00fchrenden Smart City in Europa machen k\u00f6nnte.<\/p>\n<p style=\"font-weight: 400;\">Die Lehrveranstaltung, begleitet von einem Moodlekurs, f\u00fchrte die Studierenden durch mehrere Aufgabenpakete \u2013 vom kreativen Ideenfindungsprozess bis hin zum \u00fcberzeugenden Elevator Pitch. Im Moodlekurs wurden den Studierenden nicht nur Informationen zur Verf\u00fcgung gestellt, sie konnten sich auch f\u00fcr Exkursionen anmelden und ein Peer-Review der anderen Konzepte durchf\u00fchren. Zu diesem Zweck wurden weitere Werkzeuge wie Padlet integriert. Doch das Start-up-Planspiel war nicht der einzige Programmpunkt in Berlin.<\/p>\n<p style=\"font-weight: 400;\">K\u00fcnstliche Intelligenz bildete den Auftakt unserer Reise, mit einem fesselnden Gastvortrag vom technischen Gesch\u00e4ftsf\u00fchrer eines deutschen Start-ups. Sein Vortrag beleuchtete die Welt der k\u00fcnstlichen Intelligenz, sowohl ihre Potenziale als auch ihre Grenzen.<\/p>\n<p><img loading=\"lazy\" decoding=\"async\" class=\"size-medium wp-image-11785 alignright\" src=\"https:\/\/www.campus02.at\/hochschuldidaktik\/wp-content\/uploads\/sites\/20\/2023\/12\/PXL_20230930_123352968-300x169.jpg\" alt=\"\" width=\"300\" height=\"169\" srcset=\"https:\/\/www.campus02.at\/hochschuldidaktik\/wp-content\/uploads\/sites\/20\/2023\/12\/PXL_20230930_123352968-300x170.jpg 300w, https:\/\/www.campus02.at\/hochschuldidaktik\/wp-content\/uploads\/sites\/20\/2023\/12\/PXL_20230930_123352968-1024x576.jpg 1024w, https:\/\/www.campus02.at\/hochschuldidaktik\/wp-content\/uploads\/sites\/20\/2023\/12\/PXL_20230930_123352968-768x432.jpg 768w, https:\/\/www.campus02.at\/hochschuldidaktik\/wp-content\/uploads\/sites\/20\/2023\/12\/PXL_20230930_123352968-1536x864.jpg 1536w, https:\/\/www.campus02.at\/hochschuldidaktik\/wp-content\/uploads\/sites\/20\/2023\/12\/PXL_20230930_123352968-2048x1152.jpg 2048w, https:\/\/www.campus02.at\/hochschuldidaktik\/wp-content\/uploads\/sites\/20\/2023\/12\/PXL_20230930_123352968-1920x1080.jpg 1920w\" sizes=\"(max-width: 300px) 100vw, 300px\" \/><\/p>\n<p style=\"font-weight: 400;\">Die Verbindung von Vergangenheit und Zukunft war ein essenzieller Bestandteil unseres Programms. Historische Einblicke gab es bei den ehemaligen Flugh\u00e4fen Tempelhof und Tegel \u2013 zwei Schaupl\u00e4tze, die die Geschichte Berlins von der Teilung bis zur Wiedervereinigung erz\u00e4hlen. Tempelhof, einst ein US-Luftwaffenst\u00fctzpunkt, ist heute ein beliebtes Naherholungsgebiet. Tegel hingegen befindet sich mitten im Wandel und soll zu einem Zentrum f\u00fcr Wissenschaft und Technologie werden.<\/p>\n<p>&nbsp;<\/p>\n<p style=\"font-weight: 400;\">Ein anderes Highlight war der Besuch eines weiteren Gasts aus Berlin in unseren Arbeitsr\u00e4umen. Eine Professorin und Forscherin der HTW<\/p>\n<p>&nbsp;<\/p>\n<p style=\"font-weight: 400;\">Berlin f\u00fchrte uns in die Welt des &#8222;gamified TRIZ&#8220; ein. Mit einem spielerischen Ansatz sollte das Problem des schwer zu \u00f6ffnenden Marmeladenglases gel\u00f6st werden.<\/p>\n<p>&nbsp;<\/p>\n<p><img loading=\"lazy\" decoding=\"async\" class=\"size-medium wp-image-11784 alignright\" src=\"https:\/\/www.campus02.at\/hochschuldidaktik\/wp-content\/uploads\/sites\/20\/2023\/12\/PXL_20230930_121359665-300x169.jpg\" alt=\"\" width=\"300\" height=\"169\" srcset=\"https:\/\/www.campus02.at\/hochschuldidaktik\/wp-content\/uploads\/sites\/20\/2023\/12\/PXL_20230930_121359665-300x170.jpg 300w, https:\/\/www.campus02.at\/hochschuldidaktik\/wp-content\/uploads\/sites\/20\/2023\/12\/PXL_20230930_121359665-1024x576.jpg 1024w, https:\/\/www.campus02.at\/hochschuldidaktik\/wp-content\/uploads\/sites\/20\/2023\/12\/PXL_20230930_121359665-768x432.jpg 768w, https:\/\/www.campus02.at\/hochschuldidaktik\/wp-content\/uploads\/sites\/20\/2023\/12\/PXL_20230930_121359665-1536x864.jpg 1536w, https:\/\/www.campus02.at\/hochschuldidaktik\/wp-content\/uploads\/sites\/20\/2023\/12\/PXL_20230930_121359665-2048x1152.jpg 2048w, https:\/\/www.campus02.at\/hochschuldidaktik\/wp-content\/uploads\/sites\/20\/2023\/12\/PXL_20230930_121359665-1920x1080.jpg 1920w\" sizes=\"(max-width: 300px) 100vw, 300px\" \/><\/p>\n<p style=\"font-weight: 400;\">Nach drei intensiven Tagen war es an der Zeit, die entwickelten Konzepte einer vierk\u00f6pfigen Expert*innenjury zu pr\u00e4sentieren. Die Gesch\u00e4ftsideen spiegelten die Vielfalt der Stadt wider, von einer App f\u00fcr die gemeinschaftliche Nutzung urbaner G\u00e4rten \u00fcber einen intelligenten M\u00fclleimer mit Pfandsystem bis hin zu einer ganzheitlichen L\u00f6sung f\u00fcr die effiziente Nutzung des \u00f6ffentlichen Nahverkehrs. Die Studierenden hatten die M\u00f6glichkeit, ihren Kommiliton*innen direkt im Anschluss der Pitches Fragen zu stellen oder ihre Anmerkungen und Fragen bereits w\u00e4hrend der Vortr\u00e4ge in einem Padlet zu sammeln. Nach den Pr\u00e4sentationen und der Beantwortung offener Fragen erfolgte die Bewertung der Gesch\u00e4ftskonzepte. Dabei wurden zwei Gruppen ausgezeichnet \u2013 eine durch die Jury und die andere durch die Studierenden selbst, die \u00fcber ein interaktives Mentimeter f\u00fcr das beste Konzept abstimmen konnten.<\/p>\n<p><img loading=\"lazy\" decoding=\"async\" class=\"size-medium wp-image-11782 alignright\" src=\"https:\/\/www.campus02.at\/hochschuldidaktik\/wp-content\/uploads\/sites\/20\/2023\/12\/PXL_20230927_110343189-300x169.jpg\" alt=\"\" width=\"300\" height=\"169\" srcset=\"https:\/\/www.campus02.at\/hochschuldidaktik\/wp-content\/uploads\/sites\/20\/2023\/12\/PXL_20230927_110343189-300x170.jpg 300w, https:\/\/www.campus02.at\/hochschuldidaktik\/wp-content\/uploads\/sites\/20\/2023\/12\/PXL_20230927_110343189-1024x576.jpg 1024w, https:\/\/www.campus02.at\/hochschuldidaktik\/wp-content\/uploads\/sites\/20\/2023\/12\/PXL_20230927_110343189-768x432.jpg 768w, https:\/\/www.campus02.at\/hochschuldidaktik\/wp-content\/uploads\/sites\/20\/2023\/12\/PXL_20230927_110343189-1536x864.jpg 1536w, https:\/\/www.campus02.at\/hochschuldidaktik\/wp-content\/uploads\/sites\/20\/2023\/12\/PXL_20230927_110343189-2048x1152.jpg 2048w, https:\/\/www.campus02.at\/hochschuldidaktik\/wp-content\/uploads\/sites\/20\/2023\/12\/PXL_20230927_110343189-1920x1080.jpg 1920w\" sizes=\"auto, (max-width: 300px) 100vw, 300px\" \/><\/p>\n<p>&nbsp;<\/p>\n<p style=\"font-weight: 400;\">Unsere Reise nach Berlin diente nicht nur als Inspiration f\u00fcr unsere Start-up-Simulation, sondern sie war auch Quelle f\u00fcr neue Denkweisen und Perspektiven. Von der Ideengenerierung \u00fcber die Durchf\u00fchrung von Kund*innenbefragungen bis hin zur Pr\u00e4sentation sammelten die Studierenden wertvolle Erfahrungen in der Konzeptentwicklung digitaler Innovationen. Ein weiterer Mehrwert ergab sich durch die interdisziplin\u00e4ren Arbeitsgruppen, in denen alle Studierenden ihr pers\u00f6nliches Hintergrundwissen einbringen und voneinander profitieren konnten.<\/p>\n<p>&nbsp;<\/p>\n<h3>\u00dcBER DIE AUTORINNEN<\/h3>\n<h4>Birte Sammtleben, MA<\/h4>\n<p>Sie ist am Department Innovationsmanagement t\u00e4tig und unterrichtet u.a. im Bereich Wissenschaftliches Arbeiten und Kreativit\u00e4tstechniken. Sie ist f\u00fcr die Innoschool verantwortlich und vermittelt Sch\u00fcler*innen im Rahmen von Workshops erste Zug\u00e4nge zu Kreativit\u00e4tsmethoden, Unternehmertum und innovativen Denkans\u00e4tzen.<\/p>\n<p><img loading=\"lazy\" decoding=\"async\" class=\"alignnone size-medium wp-image-11786\" src=\"https:\/\/www.campus02.at\/hochschuldidaktik\/wp-content\/uploads\/sites\/20\/2023\/12\/sammtleben-300x200.jpg\" alt=\"\" width=\"300\" height=\"200\" srcset=\"https:\/\/www.campus02.at\/hochschuldidaktik\/wp-content\/uploads\/sites\/20\/2023\/12\/sammtleben-300x200.jpg 300w, https:\/\/www.campus02.at\/hochschuldidaktik\/wp-content\/uploads\/sites\/20\/2023\/12\/sammtleben-1024x683.jpg 1024w, https:\/\/www.campus02.at\/hochschuldidaktik\/wp-content\/uploads\/sites\/20\/2023\/12\/sammtleben-768x512.jpg 768w, https:\/\/www.campus02.at\/hochschuldidaktik\/wp-content\/uploads\/sites\/20\/2023\/12\/sammtleben-1536x1024.jpg 1536w, https:\/\/www.campus02.at\/hochschuldidaktik\/wp-content\/uploads\/sites\/20\/2023\/12\/sammtleben-2048x1366.jpg 2048w, https:\/\/www.campus02.at\/hochschuldidaktik\/wp-content\/uploads\/sites\/20\/2023\/12\/sammtleben-1920x1280.jpg 1920w\" sizes=\"auto, (max-width: 300px) 100vw, 300px\" \/><\/p>\n<h4>Magdalena Diem, MSc.<\/h4>\n<p>Assistentin in Forschung und Lehre am Department Innovationsmanagement. Sie unterst\u00fctzt im Masterstudiengang Innovationsmanagement und ist f\u00fcr die Organisation und Administration der akademischen Weiterbildung am Department zust\u00e4ndig.<\/p>\n<p><img loading=\"lazy\" decoding=\"async\" class=\"alignnone size-medium wp-image-11781\" src=\"https:\/\/www.campus02.at\/hochschuldidaktik\/wp-content\/uploads\/sites\/20\/2023\/12\/magdalena-diem-300x200.jpg\" alt=\"\" width=\"300\" height=\"200\" srcset=\"https:\/\/www.campus02.at\/hochschuldidaktik\/wp-content\/uploads\/sites\/20\/2023\/12\/magdalena-diem-300x200.jpg 300w, https:\/\/www.campus02.at\/hochschuldidaktik\/wp-content\/uploads\/sites\/20\/2023\/12\/magdalena-diem-1024x683.jpg 1024w, https:\/\/www.campus02.at\/hochschuldidaktik\/wp-content\/uploads\/sites\/20\/2023\/12\/magdalena-diem-768x512.jpg 768w, https:\/\/www.campus02.at\/hochschuldidaktik\/wp-content\/uploads\/sites\/20\/2023\/12\/magdalena-diem-1536x1024.jpg 1536w, https:\/\/www.campus02.at\/hochschuldidaktik\/wp-content\/uploads\/sites\/20\/2023\/12\/magdalena-diem-2048x1365.jpg 2048w, https:\/\/www.campus02.at\/hochschuldidaktik\/wp-content\/uploads\/sites\/20\/2023\/12\/magdalena-diem-1920x1280.jpg 1920w\" sizes=\"auto, (max-width: 300px) 100vw, 300px\" \/><\/p>\n<\/div>","protected":false},"excerpt":{"rendered":"<p>Die Exkursion als innovative Lehr- und Lernmethode: Studierende entwickeln auf einer Innovationsreise durch Berlin Konzepte <a href=\"https:\/\/www.campus02.at\/hochschuldidaktik\/en\/erfolgsgeschichten\/gastkommentar\/exkursion-innovative-lehr-lernmethode\/\" class=\"more-link\">more&hellip;<\/a><\/p>","protected":false},"author":183,"featured_media":11789,"parent":4272,"menu_order":1,"comment_status":"closed","ping_status":"closed","template":"","meta":{"_acf_changed":false,"footnotes":""},"coauthors":[62],"class_list":["post-11780","page","type-page","status-publish","has-post-thumbnail","hentry"],"acf":[],"yoast_head":"<!-- This site is optimized with the Yoast SEO plugin v26.9 - https:\/\/yoast.com\/product\/yoast-seo-wordpress\/ -->\n<title>Die Exkursion als innovative Lehr- und Lernmethode - Zentrum f\u00fcr Hochschuldidaktik (Campus02)<\/title>\n<meta name=\"robots\" content=\"index, follow, max-snippet:-1, max-image-preview:large, max-video-preview:-1\" \/>\n<link rel=\"canonical\" href=\"https:\/\/www.campus02.at\/hochschuldidaktik\/en\/erfolgsgeschichten\/gastkommentar\/exkursion-innovative-lehr-lernmethode\/\" \/>\n<meta property=\"og:locale\" content=\"en_GB\" \/>\n<meta property=\"og:type\" content=\"article\" \/>\n<meta property=\"og:title\" content=\"Die Exkursion als innovative Lehr- und Lernmethode - Zentrum f\u00fcr Hochschuldidaktik (Campus02)\" \/>\n<meta property=\"og:description\" content=\"Die Exkursion als innovative Lehr- und Lernmethode: Studierende entwickeln auf einer Innovationsreise durch Berlin Konzepte more&hellip;\" \/>\n<meta property=\"og:url\" content=\"https:\/\/www.campus02.at\/hochschuldidaktik\/en\/erfolgsgeschichten\/gastkommentar\/exkursion-innovative-lehr-lernmethode\/\" \/>\n<meta property=\"og:site_name\" content=\"Zentrum f\u00fcr Hochschuldidaktik (Campus02)\" \/>\n<meta property=\"article:modified_time\" content=\"2024-03-26T12:46:22+00:00\" \/>\n<meta property=\"og:image\" content=\"https:\/\/www.campus02.at\/hochschuldidaktik\/wp-content\/uploads\/sites\/20\/2023\/12\/AdobeStock_91600450-scaled.jpeg\" \/>\n\t<meta property=\"og:image:width\" content=\"2560\" \/>\n\t<meta property=\"og:image:height\" content=\"1659\" \/>\n\t<meta property=\"og:image:type\" content=\"image\/jpeg\" \/>\n<meta name=\"twitter:card\" content=\"summary_large_image\" \/>\n<meta name=\"twitter:label1\" content=\"Written by\" \/>\n\t<meta name=\"twitter:data1\" content=\"Egger Christina\" \/>\n<script type=\"application\/ld+json\" class=\"yoast-schema-graph\">{\"@context\":\"https:\/\/schema.org\",\"@graph\":[{\"@type\":\"WebPage\",\"@id\":\"https:\/\/www.campus02.at\/hochschuldidaktik\/erfolgsgeschichten\/gastkommentar\/exkursion-innovative-lehr-lernmethode\/\",\"url\":\"https:\/\/www.campus02.at\/hochschuldidaktik\/erfolgsgeschichten\/gastkommentar\/exkursion-innovative-lehr-lernmethode\/\",\"name\":\"Die Exkursion als innovative Lehr- und Lernmethode - Zentrum f\u00fcr Hochschuldidaktik (Campus02)\",\"isPartOf\":{\"@id\":\"https:\/\/www.campus02.at\/hochschuldidaktik\/#website\"},\"primaryImageOfPage\":{\"@id\":\"https:\/\/www.campus02.at\/hochschuldidaktik\/erfolgsgeschichten\/gastkommentar\/exkursion-innovative-lehr-lernmethode\/#primaryimage\"},\"image\":{\"@id\":\"https:\/\/www.campus02.at\/hochschuldidaktik\/erfolgsgeschichten\/gastkommentar\/exkursion-innovative-lehr-lernmethode\/#primaryimage\"},\"thumbnailUrl\":\"https:\/\/www.campus02.at\/hochschuldidaktik\/wp-content\/uploads\/sites\/20\/2023\/12\/AdobeStock_91600450-scaled.jpeg\",\"datePublished\":\"2023-12-04T10:55:44+00:00\",\"dateModified\":\"2024-03-26T12:46:22+00:00\",\"breadcrumb\":{\"@id\":\"https:\/\/www.campus02.at\/hochschuldidaktik\/erfolgsgeschichten\/gastkommentar\/exkursion-innovative-lehr-lernmethode\/#breadcrumb\"},\"inLanguage\":\"en-GB\",\"potentialAction\":[{\"@type\":\"ReadAction\",\"target\":[\"https:\/\/www.campus02.at\/hochschuldidaktik\/erfolgsgeschichten\/gastkommentar\/exkursion-innovative-lehr-lernmethode\/\"]}]},{\"@type\":\"ImageObject\",\"inLanguage\":\"en-GB\",\"@id\":\"https:\/\/www.campus02.at\/hochschuldidaktik\/erfolgsgeschichten\/gastkommentar\/exkursion-innovative-lehr-lernmethode\/#primaryimage\",\"url\":\"https:\/\/www.campus02.at\/hochschuldidaktik\/wp-content\/uploads\/sites\/20\/2023\/12\/AdobeStock_91600450-scaled.jpeg\",\"contentUrl\":\"https:\/\/www.campus02.at\/hochschuldidaktik\/wp-content\/uploads\/sites\/20\/2023\/12\/AdobeStock_91600450-scaled.jpeg\",\"width\":2560,\"height\":1659,\"caption\":\"Berline Skyline\"},{\"@type\":\"BreadcrumbList\",\"@id\":\"https:\/\/www.campus02.at\/hochschuldidaktik\/erfolgsgeschichten\/gastkommentar\/exkursion-innovative-lehr-lernmethode\/#breadcrumb\",\"itemListElement\":[{\"@type\":\"ListItem\",\"position\":1,\"name\":\"Startseite\",\"item\":\"https:\/\/www.campus02.at\/hochschuldidaktik\/\"},{\"@type\":\"ListItem\",\"position\":2,\"name\":\"Erfolgsgeschichten\",\"item\":\"https:\/\/www.campus02.at\/hochschuldidaktik\/erfolgsgeschichten\/\"},{\"@type\":\"ListItem\",\"position\":3,\"name\":\"Stimmen aus der Lehre\",\"item\":\"https:\/\/www.campus02.at\/hochschuldidaktik\/erfolgsgeschichten\/gastkommentar\/\"},{\"@type\":\"ListItem\",\"position\":4,\"name\":\"Die Exkursion als innovative Lehr- und Lernmethode\"}]},{\"@type\":\"WebSite\",\"@id\":\"https:\/\/www.campus02.at\/hochschuldidaktik\/#website\",\"url\":\"https:\/\/www.campus02.at\/hochschuldidaktik\/\",\"name\":\"Zentrum f\u00fcr Hochschuldidaktik (Campus02)\",\"description\":\"Eine weitere Campus02 Website\",\"publisher\":{\"@id\":\"https:\/\/www.campus02.at\/hochschuldidaktik\/#organization\"},\"potentialAction\":[{\"@type\":\"SearchAction\",\"target\":{\"@type\":\"EntryPoint\",\"urlTemplate\":\"https:\/\/www.campus02.at\/hochschuldidaktik\/?s={search_term_string}\"},\"query-input\":{\"@type\":\"PropertyValueSpecification\",\"valueRequired\":true,\"valueName\":\"search_term_string\"}}],\"inLanguage\":\"en-GB\"},{\"@type\":\"Organization\",\"@id\":\"https:\/\/www.campus02.at\/hochschuldidaktik\/#organization\",\"name\":\"Zentrum f\u00fcr Hochschuldidaktik (Campus02)\",\"url\":\"https:\/\/www.campus02.at\/hochschuldidaktik\/\",\"logo\":{\"@type\":\"ImageObject\",\"inLanguage\":\"en-GB\",\"@id\":\"https:\/\/www.campus02.at\/hochschuldidaktik\/#\/schema\/logo\/image\/\",\"url\":\"https:\/\/www.campus02.at\/hochschuldidaktik\/wp-content\/uploads\/sites\/20\/2023\/01\/logo-campus02.svg\",\"contentUrl\":\"https:\/\/www.campus02.at\/hochschuldidaktik\/wp-content\/uploads\/sites\/20\/2023\/01\/logo-campus02.svg\",\"width\":770,\"height\":249,\"caption\":\"Zentrum f\u00fcr Hochschuldidaktik (Campus02)\"},\"image\":{\"@id\":\"https:\/\/www.campus02.at\/hochschuldidaktik\/#\/schema\/logo\/image\/\"}}]}<\/script>\n<!-- \/ Yoast SEO plugin. -->","yoast_head_json":{"title":"Die Exkursion als innovative Lehr- und Lernmethode - Zentrum f\u00fcr Hochschuldidaktik (Campus02)","robots":{"index":"index","follow":"follow","max-snippet":"max-snippet:-1","max-image-preview":"max-image-preview:large","max-video-preview":"max-video-preview:-1"},"canonical":"https:\/\/www.campus02.at\/hochschuldidaktik\/en\/erfolgsgeschichten\/gastkommentar\/exkursion-innovative-lehr-lernmethode\/","og_locale":"en_GB","og_type":"article","og_title":"Die Exkursion als innovative Lehr- und Lernmethode - Zentrum f\u00fcr Hochschuldidaktik (Campus02)","og_description":"Die Exkursion als innovative Lehr- und Lernmethode: Studierende entwickeln auf einer Innovationsreise durch Berlin Konzepte more&hellip;","og_url":"https:\/\/www.campus02.at\/hochschuldidaktik\/en\/erfolgsgeschichten\/gastkommentar\/exkursion-innovative-lehr-lernmethode\/","og_site_name":"Zentrum f\u00fcr Hochschuldidaktik (Campus02)","article_modified_time":"2024-03-26T12:46:22+00:00","og_image":[{"width":2560,"height":1659,"url":"https:\/\/www.campus02.at\/hochschuldidaktik\/wp-content\/uploads\/sites\/20\/2023\/12\/AdobeStock_91600450-scaled.jpeg","type":"image\/jpeg"}],"twitter_card":"summary_large_image","twitter_misc":{"Written by":"Egger Christina"},"schema":{"@context":"https:\/\/schema.org","@graph":[{"@type":"WebPage","@id":"https:\/\/www.campus02.at\/hochschuldidaktik\/erfolgsgeschichten\/gastkommentar\/exkursion-innovative-lehr-lernmethode\/","url":"https:\/\/www.campus02.at\/hochschuldidaktik\/erfolgsgeschichten\/gastkommentar\/exkursion-innovative-lehr-lernmethode\/","name":"Die Exkursion als innovative Lehr- und Lernmethode - Zentrum f\u00fcr Hochschuldidaktik (Campus02)","isPartOf":{"@id":"https:\/\/www.campus02.at\/hochschuldidaktik\/#website"},"primaryImageOfPage":{"@id":"https:\/\/www.campus02.at\/hochschuldidaktik\/erfolgsgeschichten\/gastkommentar\/exkursion-innovative-lehr-lernmethode\/#primaryimage"},"image":{"@id":"https:\/\/www.campus02.at\/hochschuldidaktik\/erfolgsgeschichten\/gastkommentar\/exkursion-innovative-lehr-lernmethode\/#primaryimage"},"thumbnailUrl":"https:\/\/www.campus02.at\/hochschuldidaktik\/wp-content\/uploads\/sites\/20\/2023\/12\/AdobeStock_91600450-scaled.jpeg","datePublished":"2023-12-04T10:55:44+00:00","dateModified":"2024-03-26T12:46:22+00:00","breadcrumb":{"@id":"https:\/\/www.campus02.at\/hochschuldidaktik\/erfolgsgeschichten\/gastkommentar\/exkursion-innovative-lehr-lernmethode\/#breadcrumb"},"inLanguage":"en-GB","potentialAction":[{"@type":"ReadAction","target":["https:\/\/www.campus02.at\/hochschuldidaktik\/erfolgsgeschichten\/gastkommentar\/exkursion-innovative-lehr-lernmethode\/"]}]},{"@type":"ImageObject","inLanguage":"en-GB","@id":"https:\/\/www.campus02.at\/hochschuldidaktik\/erfolgsgeschichten\/gastkommentar\/exkursion-innovative-lehr-lernmethode\/#primaryimage","url":"https:\/\/www.campus02.at\/hochschuldidaktik\/wp-content\/uploads\/sites\/20\/2023\/12\/AdobeStock_91600450-scaled.jpeg","contentUrl":"https:\/\/www.campus02.at\/hochschuldidaktik\/wp-content\/uploads\/sites\/20\/2023\/12\/AdobeStock_91600450-scaled.jpeg","width":2560,"height":1659,"caption":"Berline Skyline"},{"@type":"BreadcrumbList","@id":"https:\/\/www.campus02.at\/hochschuldidaktik\/erfolgsgeschichten\/gastkommentar\/exkursion-innovative-lehr-lernmethode\/#breadcrumb","itemListElement":[{"@type":"ListItem","position":1,"name":"Startseite","item":"https:\/\/www.campus02.at\/hochschuldidaktik\/"},{"@type":"ListItem","position":2,"name":"Erfolgsgeschichten","item":"https:\/\/www.campus02.at\/hochschuldidaktik\/erfolgsgeschichten\/"},{"@type":"ListItem","position":3,"name":"Stimmen aus der Lehre","item":"https:\/\/www.campus02.at\/hochschuldidaktik\/erfolgsgeschichten\/gastkommentar\/"},{"@type":"ListItem","position":4,"name":"Die Exkursion als innovative Lehr- und Lernmethode"}]},{"@type":"WebSite","@id":"https:\/\/www.campus02.at\/hochschuldidaktik\/#website","url":"https:\/\/www.campus02.at\/hochschuldidaktik\/","name":"Zentrum f\u00fcr Hochschuldidaktik (Campus02)","description":"Eine weitere Campus02 Website","publisher":{"@id":"https:\/\/www.campus02.at\/hochschuldidaktik\/#organization"},"potentialAction":[{"@type":"SearchAction","target":{"@type":"EntryPoint","urlTemplate":"https:\/\/www.campus02.at\/hochschuldidaktik\/?s={search_term_string}"},"query-input":{"@type":"PropertyValueSpecification","valueRequired":true,"valueName":"search_term_string"}}],"inLanguage":"en-GB"},{"@type":"Organization","@id":"https:\/\/www.campus02.at\/hochschuldidaktik\/#organization","name":"Zentrum f\u00fcr Hochschuldidaktik (Campus02)","url":"https:\/\/www.campus02.at\/hochschuldidaktik\/","logo":{"@type":"ImageObject","inLanguage":"en-GB","@id":"https:\/\/www.campus02.at\/hochschuldidaktik\/#\/schema\/logo\/image\/","url":"https:\/\/www.campus02.at\/hochschuldidaktik\/wp-content\/uploads\/sites\/20\/2023\/01\/logo-campus02.svg","contentUrl":"https:\/\/www.campus02.at\/hochschuldidaktik\/wp-content\/uploads\/sites\/20\/2023\/01\/logo-campus02.svg","width":770,"height":249,"caption":"Zentrum f\u00fcr Hochschuldidaktik (Campus02)"},"image":{"@id":"https:\/\/www.campus02.at\/hochschuldidaktik\/#\/schema\/logo\/image\/"}}]}},"_links":{"self":[{"href":"https:\/\/www.campus02.at\/hochschuldidaktik\/en\/wp-json\/wp\/v2\/pages\/11780","targetHints":{"allow":["GET"]}}],"collection":[{"href":"https:\/\/www.campus02.at\/hochschuldidaktik\/en\/wp-json\/wp\/v2\/pages"}],"about":[{"href":"https:\/\/www.campus02.at\/hochschuldidaktik\/en\/wp-json\/wp\/v2\/types\/page"}],"author":[{"embeddable":true,"href":"https:\/\/www.campus02.at\/hochschuldidaktik\/en\/wp-json\/wp\/v2\/users\/183"}],"replies":[{"embeddable":true,"href":"https:\/\/www.campus02.at\/hochschuldidaktik\/en\/wp-json\/wp\/v2\/comments?post=11780"}],"version-history":[{"count":3,"href":"https:\/\/www.campus02.at\/hochschuldidaktik\/en\/wp-json\/wp\/v2\/pages\/11780\/revisions"}],"predecessor-version":[{"id":12597,"href":"https:\/\/www.campus02.at\/hochschuldidaktik\/en\/wp-json\/wp\/v2\/pages\/11780\/revisions\/12597"}],"up":[{"embeddable":true,"href":"https:\/\/www.campus02.at\/hochschuldidaktik\/en\/wp-json\/wp\/v2\/pages\/4272"}],"wp:featuredmedia":[{"embeddable":true,"href":"https:\/\/www.campus02.at\/hochschuldidaktik\/en\/wp-json\/wp\/v2\/media\/11789"}],"wp:attachment":[{"href":"https:\/\/www.campus02.at\/hochschuldidaktik\/en\/wp-json\/wp\/v2\/media?parent=11780"}],"wp:term":[{"taxonomy":"author","embeddable":true,"href":"https:\/\/www.campus02.at\/hochschuldidaktik\/en\/wp-json\/wp\/v2\/coauthors?post=11780"}],"curies":[{"name":"wp","href":"https:\/\/api.w.org\/{rel}","templated":true}]}}