{"id":98136,"date":"2017-09-26T09:59:29","date_gmt":"2017-09-26T07:59:29","guid":{"rendered":"https:\/\/www.campus02.at\/?page_id=98136"},"modified":"2021-05-10T15:33:37","modified_gmt":"2021-05-10T13:33:37","slug":"praevention-und-sicherheitshinweise","status":"publish","type":"page","link":"https:\/\/www.campus02.at\/en\/unsere-hochschule\/zentrale-services\/infopoint\/praevention-und-sicherheitshinweise\/","title":{"rendered":"Prevention &amp; Safety Instructions"},"content":{"rendered":"<div class=\"flex-campus-main flex-campus-main-Heading\"><h1>Prevention and safety instructions<\/h1><\/div><div class=\"flex-campus-main flex-campus-main-Text\"><p>Austria compares favourably with other countries in the OECD's Better Life Index (2016) in terms of quality of life. Austria's scores are above average in the areas of work and income, subjective well-being, safety, social relationships, environment and education. In Austria, 81.2% say they feel safe, which is higher than the OECD average of 68.3%. Read <a href=\"http:\/\/www.oecdbetterlifeindex.org\/de\/countries\/austria-de\/\">more.<\/a><\/p>\n<p>In order to maintain this feeling of safety, we would like to inform you about the following safety instructions and emergency numbers.<\/p>\n<p><strong>Emergency numbers - save them in your mobile phone! <\/strong><\/p>\n<ul>\n<li><strong>Fire brigade: 122 <\/strong><\/li>\n<li><strong>Police: 133 <\/strong><\/li>\n<li><strong>Ambulance: 144 <\/strong><\/li>\n<li><strong>European emergency call: 112 <\/strong><\/li>\n<li><strong>Emergency call for women: +43 1 71 71 9 <\/strong><\/li>\n<li><strong>Telephone counselling service: 142 <\/strong><\/li>\n<\/ul>\n<p>Also see: <a href=\"http:\/\/www.bmi.gv.at\/cms\/bmi\/notruf\/\">www.bmi.gv.at\/cms\/bmi\/notruf\/<\/a><\/p>\n<\/div><div class=\"flex-campus-main flex-campus-main-Accordion\"><div class=\"panel-group\" id=\"flexAccordion-1\" role=\"tablist\" aria-multiselectable=\"true\">\n            <div class=\"panel panel-default\">\n            <div class=\"panel-heading\" role=\"tab\" id=\"flexAccordion-1-0-heading\">\n                <h4 class=\"panel-title\">\n                    <a role=\"button\" data-toggle=\"collapse\" data-parent=\"#flexAccordion-1\" href=\"#flexAccordion-1-0-collapse\" aria-expanded=\"true\"\n                       aria-controls=\"flexAccordion-1-0-collapse\">\n                        Helpful apps                    <\/a>\n                <\/h4>\n            <\/div>\n            <div id=\"flexAccordion-1-0-collapse\" class=\"panel-collapse collapse\" role=\"tabpanel\" aria-labelledby=\"flexAccordion-1-0-heading\">\n                <div class=\"panel-body\">\n                    <p><strong>Polizei.AT<\/strong><\/p>\n<p>Polizei.AT is Austria's official police app. In addition to the latest news, prevention tips and emergency numbers, the app offers helpful information from the police sector. The app is compatible with all common operating systems (ios, android and windows) and can be downloaded free of charge from the app stores:\u00a0<a href=\"http:\/\/www.bmi.gv.at\/612\/start.aspx\"> http:\/\/www.bmi.gv.at\/cms\/bmi\/sicherheitsapp\/<\/a><\/p>\n<p>&nbsp;<\/p>\n<p><strong>The virtual companion- Komm Gut Heim app<\/strong><\/p>\n<p>Let friends and family accompany you in real time. Ensure greater safety and react quickly in an emergency. Your location is only shared with selected contacts. They will be notified by push message when you set off and as soon as you arrive safely. Available free of charge for your smartphone:\u00a0 <a href=\"http:\/\/www.kommgutheim.eu\/\">http:\/\/www.kommgutheim.eu\/ \u00a0<\/a><\/p>\n                <\/div>\n            <\/div>\n        <\/div>\n            <div class=\"panel panel-default\">\n            <div class=\"panel-heading\" role=\"tab\" id=\"flexAccordion-1-1-heading\">\n                <h4 class=\"panel-title\">\n                    <a role=\"button\" data-toggle=\"collapse\" data-parent=\"#flexAccordion-1\" href=\"#flexAccordion-1-1-collapse\" aria-expanded=\"true\"\n                       aria-controls=\"flexAccordion-1-1-collapse\">\n                        Theft of the mobile phone*                    <\/a>\n                <\/h4>\n            <\/div>\n            <div id=\"flexAccordion-1-1-collapse\" class=\"panel-collapse collapse\" role=\"tabpanel\" aria-labelledby=\"flexAccordion-1-1-heading\">\n                <div class=\"panel-body\">\n                    <p>Ever newer developments and the associated even more convenient usage options make the mobile phone a sought-after prey for thieves.<\/p>\n<p><strong>Suggestions:\u00a0\u00a0<\/strong><\/p>\n<ul>\n<li>Secure your mobile phone with a PIN code! This should be a matter of course and is a good way for every mobile phone owner to protect themselves from harm.<\/li>\n<li>Do not write down the PIN or PUK codes on the mobile phone or SIM card.<\/li>\n<li>Do not leave mobile phones openly on tables, benches or counters in restaurants.<\/li>\n<li>Do not leave mobile phones in jackets, coats or rucksacks when visiting a pub and then leave them unattended in the cloakroom.<\/li>\n<li>If you have a prepaid mobile phone, register it with your network operator!<\/li>\n<\/ul>\n<p>&nbsp;<\/p>\n<p><strong>In case of theft: <\/strong><\/p>\n<p>Report it to the police immediately! The 15-digit device number (IMEI number - International Mobile Equipment Identity) is important when making a report. This number can be used to identify a mobile phone. Make a note of the IMEI number and keep it separate from the mobile phone!<\/p>\n<p>Where and how can I find the IMEI number?<\/p>\n<ul>\n<li>on the original packaging<\/li>\n<li>on the mobile phone bill<\/li>\n<li>on the device (usually under the battery compartment)<\/li>\n<li>by pressing the key combination *#06#<\/li>\n<\/ul>\n<p>Have registered mobile phones blocked immediately by the network operator.<\/p>\n<p>A1: +43-800-664-100<br \/>\nDrei: +43-660-30 30 30<br \/>\nT-Mobile: +43-676-2000<\/p>\n                <\/div>\n            <\/div>\n        <\/div>\n            <div class=\"panel panel-default\">\n            <div class=\"panel-heading\" role=\"tab\" id=\"flexAccordion-1-2-heading\">\n                <h4 class=\"panel-title\">\n                    <a role=\"button\" data-toggle=\"collapse\" data-parent=\"#flexAccordion-1\" href=\"#flexAccordion-1-2-collapse\" aria-expanded=\"true\"\n                       aria-controls=\"flexAccordion-1-2-collapse\">\n                        Stalking*                    <\/a>\n                <\/h4>\n            <\/div>\n            <div id=\"flexAccordion-1-2-collapse\" class=\"panel-collapse collapse\" role=\"tabpanel\" aria-labelledby=\"flexAccordion-1-2-heading\">\n                <div class=\"panel-body\">\n                    <p>A \u2018stalker\u2019 in Austria is a person who persistently and continuously pursues a person over a longer period of time in a manner that is likely to unreasonably impair their lifestyle, in particular by seeking out their physical proximity (e.g. stalking), contacting them by means of telecommunications or other means of communication or via third parties (e.g. by text message or email), ordering goods or services for them using their personal data (e.g. from mail order companies) or using their personal data to induce third parties to contact them (e.g. through personal adverts).<\/p>\n<p>&nbsp;<\/p>\n<p><strong>What should you do if you become a victim of stalking?<\/strong><\/p>\n<ul>\n<li>Make it clear to the stalker, if possible in the presence of a witness, in no uncertain terms and only once, that you no longer want any further contact with them. Then consistently ignore the person!<\/li>\n<li>Document everything the stalker does. Every contact, communication and save evidence such as letters, text messages, emails, etc. This is important in the event of legal action.<\/li>\n<li>Inform your private and professional environment that you are being \u2018stalked\u2019 so that contacting the stalker via your circle of acquaintances (new telephone number, address) does not lead to success.<\/li>\n<li>If you are followed by car, drive directly to the nearest police station.<\/li>\n<li>In specific threatening situations, always alert the police by dialling 133.<\/li>\n<\/ul>\n                <\/div>\n            <\/div>\n        <\/div>\n    <\/div>\n<\/div><div class=\"flex-campus-main flex-campus-main-Heading\"><h3>Weitere Sicherheitstipps*<\/h3><\/div><div class=\"flex-campus-main flex-campus-main-Text\"><p>The more attentive someone is to their surroundings, the better they can react to a (potentially) dangerous situation. In many cases, victims have a window of opportunity in which they can still take active measures themselves. People should actively use this time - which usually only lasts a few seconds - and call the emergency number \u2018133\u2019.<\/p>\n<\/div><div class=\"flex-campus-main flex-campus-main-Accordion\"><div class=\"panel-group\" id=\"flexAccordion-2\" role=\"tablist\" aria-multiselectable=\"true\">\n            <div class=\"panel panel-default\">\n            <div class=\"panel-heading\" role=\"tab\" id=\"flexAccordion-2-0-heading\">\n                <h4 class=\"panel-title\">\n                    <a role=\"button\" data-toggle=\"collapse\" data-parent=\"#flexAccordion-2\" href=\"#flexAccordion-2-0-collapse\" aria-expanded=\"true\"\n                       aria-controls=\"flexAccordion-2-0-collapse\">\n                        Paths                    <\/a>\n                <\/h4>\n            <\/div>\n            <div id=\"flexAccordion-2-0-collapse\" class=\"panel-collapse collapse\" role=\"tabpanel\" aria-labelledby=\"flexAccordion-2-0-heading\">\n                <div class=\"panel-body\">\n                    <ul>\n<li>A conscious \u2018environment check\u2019 helps in advance. This means: LIGHT - look out for well-lit places at night, even if this means taking a diversion.<\/li>\n<li>In an emergency, draw attention to yourself by making NOISE and approach PERSONS directly for assistance.<\/li>\n<li>Be aware in advance which \u2018safety islands\u2019 are on the (recurring) route.<\/li>\n<\/ul>\n                <\/div>\n            <\/div>\n        <\/div>\n            <div class=\"panel panel-default\">\n            <div class=\"panel-heading\" role=\"tab\" id=\"flexAccordion-2-1-heading\">\n                <h4 class=\"panel-title\">\n                    <a role=\"button\" data-toggle=\"collapse\" data-parent=\"#flexAccordion-2\" href=\"#flexAccordion-2-1-collapse\" aria-expanded=\"true\"\n                       aria-controls=\"flexAccordion-2-1-collapse\">\n                        When withdrawing money                    <\/a>\n                <\/h4>\n            <\/div>\n            <div id=\"flexAccordion-2-1-collapse\" class=\"panel-collapse collapse\" role=\"tabpanel\" aria-labelledby=\"flexAccordion-2-1-heading\">\n                <div class=\"panel-body\">\n                    <ul>\n<li>If possible, withdraw money during the day and in the foyer of the bank.<\/li>\n<li>Pay attention to the surroundings when lifting<\/li>\n<li>Do not obviously count money for others<\/li>\n<li>Always stow everything well and securely before leaving the vending machine<\/li>\n<\/ul>\n                <\/div>\n            <\/div>\n        <\/div>\n            <div class=\"panel panel-default\">\n            <div class=\"panel-heading\" role=\"tab\" id=\"flexAccordion-2-2-heading\">\n                <h4 class=\"panel-title\">\n                    <a role=\"button\" data-toggle=\"collapse\" data-parent=\"#flexAccordion-2\" href=\"#flexAccordion-2-2-collapse\" aria-expanded=\"true\"\n                       aria-controls=\"flexAccordion-2-2-collapse\">\n                        Underground station, S-Bahn station, railway station, bus stop                    <\/a>\n                <\/h4>\n            <\/div>\n            <div id=\"flexAccordion-2-2-collapse\" class=\"panel-collapse collapse\" role=\"tabpanel\" aria-labelledby=\"flexAccordion-2-2-heading\">\n                <div class=\"panel-body\">\n                    <ul>\n<li>Know the timetable - avoid unnecessary waiting times<\/li>\n<li>Get your ticket at the ticket counter if possible, otherwise have small change in your hand<\/li>\n<li>Orientate yourself as to where the nearest entrances\/exits are<\/li>\n<li>Waiting where people are already standing<\/li>\n<li>Watching waiting passengers<\/li>\n<li>Wait outside the bus shelter in the dark<\/li>\n<li>Choose your train compartment wisely<\/li>\n<li>If possible, choose one-person seats or aisle seats + close to the bus driver<\/li>\n<\/ul>\n                <\/div>\n            <\/div>\n        <\/div>\n            <div class=\"panel panel-default\">\n            <div class=\"panel-heading\" role=\"tab\" id=\"flexAccordion-2-3-heading\">\n                <h4 class=\"panel-title\">\n                    <a role=\"button\" data-toggle=\"collapse\" data-parent=\"#flexAccordion-2\" href=\"#flexAccordion-2-3-collapse\" aria-expanded=\"true\"\n                       aria-controls=\"flexAccordion-2-3-collapse\">\n                        Please also note:                    <\/a>\n                <\/h4>\n            <\/div>\n            <div id=\"flexAccordion-2-3-collapse\" class=\"panel-collapse collapse\" role=\"tabpanel\" aria-labelledby=\"flexAccordion-2-3-heading\">\n                <div class=\"panel-body\">\n                    <ul>\n<li>Take particular care in crowded places (mass events, shopping centres, amusement parks, Christmas markets, etc.)<\/li>\n<li>Store the wallet in the front trouser pockets or inside pockets<\/li>\n<li>If possible, carry your handbag tucked under your arm. Use a shoulder strap if necessary. Also be careful with your rucksack, offenders can also steal from it unnoticed!<\/li>\n<li>When using (public) toilets, open the door fully when entering so that the entire cubicle can be seen. Make sure that the door is properly locked. Also be careful when leaving toilets - be prepared for someone to be standing outside.<\/li>\n<li>For your own protection, a \u2018pocket alarm\u2019 is recommended, which - when activated - triggers a loud siren that helps to alert other people to the situation.<\/li>\n<li>NEVER let strangers into your apartment\/house.<\/li>\n<\/ul>\n                <\/div>\n            <\/div>\n        <\/div>\n            <div class=\"panel panel-default\">\n            <div class=\"panel-heading\" role=\"tab\" id=\"flexAccordion-2-4-heading\">\n                <h4 class=\"panel-title\">\n                    <a role=\"button\" data-toggle=\"collapse\" data-parent=\"#flexAccordion-2\" href=\"#flexAccordion-2-4-collapse\" aria-expanded=\"true\"\n                       aria-controls=\"flexAccordion-2-4-collapse\">\n                        In the event of a specific threat \/ commission of an offence                    <\/a>\n                <\/h4>\n            <\/div>\n            <div id=\"flexAccordion-2-4-collapse\" class=\"panel-collapse collapse\" role=\"tabpanel\" aria-labelledby=\"flexAccordion-2-4-heading\">\n                <div class=\"panel-body\">\n                    <ul>\n<li>A firm \u2018NO\u2019, an energetic dismissal of an uninvited visitor or a loud cry for help can prevent a criminal offence!<\/li>\n<li>Never address the perpetrator as \u2018you\u2019, otherwise witnesses will think that the victim and the perpetrator know each other and will not help. Therefore, in such cases, always address the perpetrator as \u2018you\u2019 so that everyone knows that this is not a friendship or acquaintance relationship.<\/li>\n<li>In the event of \u2018harassment\u2019 on public transport (verbal abuse, physical assault, theft, sexual harassment, discrimination through words\/actions, etc.), shout loudly for help, ask other passengers for help and even pull the \u2018emergency brake\u2019 on the vehicle. Of course, the police emergency number \u2018133\u2019 can also be dialled at any time.<\/li>\n<li>If you have the feeling that you are being followed in an underground car park, quickly dial the emergency number \u2018133\u2019.  If there is no reception, activate the fire alarm: There are red metal boxes measuring 10 x 10 centimetres hanging on the walls. Break the thin glass pane and press the button.<\/li>\n<li>If someone is the victim of sexual assault, even if they feel very ashamed, immediately call the emergency services on 144 and\/or the police on 133. It is important to know that women are only questioned by women at the police station. Victims can also take a trusted person, for example a friend, with them!<\/li>\n<\/ul>\n                <\/div>\n            <\/div>\n        <\/div>\n    <\/div>\n<\/div><div class=\"flex-campus-main flex-campus-main-Textbox\"><div class=\"alert bg-yellow\">\n            <h3>Zusammengefasst:<\/h3>\n        <p>Get into the habit of activating your attention radar in advance and checking your surroundings. Trust your own feelings and act accordingly (possibly take a diversion, form a group when leaving the university, take special care of your valuables, etc.). Familiarise yourself with emergency call facilities and memorise them in the speed dial button on your phone. A firm \u2018NO\u2019, vigorously turning away an uninvited visitor or a loud cry for help can prevent a criminal offence.<\/p>\n    <\/div><\/div><div class=\"flex-campus-main flex-campus-main-Text\"><p>* Vienna Provincial Police Department, and information from G\u00fcnther Ebenschweiger, President of the Austrian Centre for Crime Prevention<\/p>\n<\/div>","protected":false},"excerpt":{"rendered":"<p>Pr\u00e4vention und Sicherheitshinweise\u00d6sterreich schneidet bei der Bewertung der Lebensqualit\u00e4t im Vergleich zu anderen L\u00e4ndern <a href=\"https:\/\/www.campus02.at\/en\/unsere-hochschule\/zentrale-services\/infopoint\/praevention-und-sicherheitshinweise\/\" class=\"more-link\">more&hellip;<\/a><\/p>","protected":false},"author":21,"featured_media":0,"parent":7978,"menu_order":3,"comment_status":"closed","ping_status":"closed","template":"","meta":{"_acf_changed":false,"footnotes":""},"coauthors":[89],"class_list":["post-98136","page","type-page","status-publish","hentry"],"acf":[],"yoast_head":"<!-- This site is optimized with the Yoast SEO plugin v26.9 - https:\/\/yoast.com\/product\/yoast-seo-wordpress\/ -->\n<title>Pr\u00e4vention &amp; Sicherheitshinweise - FH CAMPUS 02<\/title>\n<meta name=\"robots\" content=\"index, follow, max-snippet:-1, max-image-preview:large, max-video-preview:-1\" \/>\n<link rel=\"canonical\" href=\"https:\/\/www.campus02.at\/en\/unsere-hochschule\/zentrale-services\/infopoint\/praevention-und-sicherheitshinweise\/\" \/>\n<meta property=\"og:locale\" content=\"en_GB\" \/>\n<meta property=\"og:type\" content=\"article\" \/>\n<meta property=\"og:title\" content=\"Pr\u00e4vention &amp; Sicherheitshinweise - FH CAMPUS 02\" \/>\n<meta property=\"og:description\" content=\"Pr\u00e4vention und Sicherheitshinweise\u00d6sterreich schneidet bei der Bewertung der Lebensqualit\u00e4t im Vergleich zu anderen L\u00e4ndern more&hellip;\" \/>\n<meta property=\"og:url\" content=\"https:\/\/www.campus02.at\/en\/unsere-hochschule\/zentrale-services\/infopoint\/praevention-und-sicherheitshinweise\/\" \/>\n<meta property=\"og:site_name\" content=\"FH CAMPUS 02\" \/>\n<meta property=\"article:modified_time\" content=\"2021-05-10T13:33:37+00:00\" \/>\n<meta property=\"og:image\" content=\"https:\/\/www.campus02.at\/wp-content\/uploads\/2015\/10\/T_LEI2980.jpg\" \/>\n\t<meta property=\"og:image:width\" content=\"1200\" \/>\n\t<meta property=\"og:image:height\" content=\"630\" \/>\n\t<meta property=\"og:image:type\" content=\"image\/jpeg\" \/>\n<meta name=\"twitter:card\" content=\"summary_large_image\" \/>\n<meta name=\"twitter:label1\" content=\"Written by\" \/>\n\t<meta name=\"twitter:data1\" content=\"zimmer\" \/>\n<script type=\"application\/ld+json\" class=\"yoast-schema-graph\">{\"@context\":\"https:\/\/schema.org\",\"@graph\":[{\"@type\":\"WebPage\",\"@id\":\"https:\/\/www.campus02.at\/unsere-hochschule\/zentrale-services\/infopoint\/praevention-und-sicherheitshinweise\/\",\"url\":\"https:\/\/www.campus02.at\/unsere-hochschule\/zentrale-services\/infopoint\/praevention-und-sicherheitshinweise\/\",\"name\":\"Pr\u00e4vention & Sicherheitshinweise - FH CAMPUS 02\",\"isPartOf\":{\"@id\":\"https:\/\/www.campus02.at\/#website\"},\"datePublished\":\"2017-09-26T07:59:29+00:00\",\"dateModified\":\"2021-05-10T13:33:37+00:00\",\"breadcrumb\":{\"@id\":\"https:\/\/www.campus02.at\/unsere-hochschule\/zentrale-services\/infopoint\/praevention-und-sicherheitshinweise\/#breadcrumb\"},\"inLanguage\":\"en-GB\",\"potentialAction\":[{\"@type\":\"ReadAction\",\"target\":[\"https:\/\/www.campus02.at\/unsere-hochschule\/zentrale-services\/infopoint\/praevention-und-sicherheitshinweise\/\"]}]},{\"@type\":\"BreadcrumbList\",\"@id\":\"https:\/\/www.campus02.at\/unsere-hochschule\/zentrale-services\/infopoint\/praevention-und-sicherheitshinweise\/#breadcrumb\",\"itemListElement\":[{\"@type\":\"ListItem\",\"position\":1,\"name\":\"Startseite\",\"item\":\"https:\/\/www.campus02.at\/\"},{\"@type\":\"ListItem\",\"position\":2,\"name\":\"Organisation\",\"item\":\"https:\/\/www.campus02.at\/unsere-hochschule\/\"},{\"@type\":\"ListItem\",\"position\":3,\"name\":\"Zentrale Services\",\"item\":\"https:\/\/www.campus02.at\/unsere-hochschule\/zentrale-services\/\"},{\"@type\":\"ListItem\",\"position\":4,\"name\":\"Infopoint\",\"item\":\"https:\/\/www.campus02.at\/unsere-hochschule\/zentrale-services\/infopoint\/\"},{\"@type\":\"ListItem\",\"position\":5,\"name\":\"Pr\u00e4vention &#038; Sicherheitshinweise\"}]},{\"@type\":\"WebSite\",\"@id\":\"https:\/\/www.campus02.at\/#website\",\"url\":\"https:\/\/www.campus02.at\/\",\"name\":\"FH CAMPUS 02\",\"description\":\"\",\"publisher\":{\"@id\":\"https:\/\/www.campus02.at\/#organization\"},\"potentialAction\":[{\"@type\":\"SearchAction\",\"target\":{\"@type\":\"EntryPoint\",\"urlTemplate\":\"https:\/\/www.campus02.at\/?s={search_term_string}\"},\"query-input\":{\"@type\":\"PropertyValueSpecification\",\"valueRequired\":true,\"valueName\":\"search_term_string\"}}],\"inLanguage\":\"en-GB\"},{\"@type\":\"Organization\",\"@id\":\"https:\/\/www.campus02.at\/#organization\",\"name\":\"FH CAMPUS 02\",\"url\":\"https:\/\/www.campus02.at\/\",\"logo\":{\"@type\":\"ImageObject\",\"inLanguage\":\"en-GB\",\"@id\":\"https:\/\/www.campus02.at\/#\/schema\/logo\/image\/\",\"url\":\"https:\/\/www.campus02.at\/wp-content\/uploads\/2016\/10\/Logo.jpg\",\"contentUrl\":\"https:\/\/www.campus02.at\/wp-content\/uploads\/2016\/10\/Logo.jpg\",\"width\":1108,\"height\":440,\"caption\":\"FH CAMPUS 02\"},\"image\":{\"@id\":\"https:\/\/www.campus02.at\/#\/schema\/logo\/image\/\"}}]}<\/script>\n<!-- \/ Yoast SEO plugin. -->","yoast_head_json":{"title":"Pr\u00e4vention & Sicherheitshinweise - FH CAMPUS 02","robots":{"index":"index","follow":"follow","max-snippet":"max-snippet:-1","max-image-preview":"max-image-preview:large","max-video-preview":"max-video-preview:-1"},"canonical":"https:\/\/www.campus02.at\/en\/unsere-hochschule\/zentrale-services\/infopoint\/praevention-und-sicherheitshinweise\/","og_locale":"en_GB","og_type":"article","og_title":"Pr\u00e4vention & Sicherheitshinweise - FH CAMPUS 02","og_description":"Pr\u00e4vention und Sicherheitshinweise\u00d6sterreich schneidet bei der Bewertung der Lebensqualit\u00e4t im Vergleich zu anderen L\u00e4ndern more&hellip;","og_url":"https:\/\/www.campus02.at\/en\/unsere-hochschule\/zentrale-services\/infopoint\/praevention-und-sicherheitshinweise\/","og_site_name":"FH CAMPUS 02","article_modified_time":"2021-05-10T13:33:37+00:00","og_image":[{"width":1200,"height":630,"url":"https:\/\/www.campus02.at\/wp-content\/uploads\/2015\/10\/T_LEI2980.jpg","type":"image\/jpeg"}],"twitter_card":"summary_large_image","twitter_misc":{"Written by":"zimmer"},"schema":{"@context":"https:\/\/schema.org","@graph":[{"@type":"WebPage","@id":"https:\/\/www.campus02.at\/unsere-hochschule\/zentrale-services\/infopoint\/praevention-und-sicherheitshinweise\/","url":"https:\/\/www.campus02.at\/unsere-hochschule\/zentrale-services\/infopoint\/praevention-und-sicherheitshinweise\/","name":"Pr\u00e4vention & Sicherheitshinweise - FH CAMPUS 02","isPartOf":{"@id":"https:\/\/www.campus02.at\/#website"},"datePublished":"2017-09-26T07:59:29+00:00","dateModified":"2021-05-10T13:33:37+00:00","breadcrumb":{"@id":"https:\/\/www.campus02.at\/unsere-hochschule\/zentrale-services\/infopoint\/praevention-und-sicherheitshinweise\/#breadcrumb"},"inLanguage":"en-GB","potentialAction":[{"@type":"ReadAction","target":["https:\/\/www.campus02.at\/unsere-hochschule\/zentrale-services\/infopoint\/praevention-und-sicherheitshinweise\/"]}]},{"@type":"BreadcrumbList","@id":"https:\/\/www.campus02.at\/unsere-hochschule\/zentrale-services\/infopoint\/praevention-und-sicherheitshinweise\/#breadcrumb","itemListElement":[{"@type":"ListItem","position":1,"name":"Startseite","item":"https:\/\/www.campus02.at\/"},{"@type":"ListItem","position":2,"name":"Organisation","item":"https:\/\/www.campus02.at\/unsere-hochschule\/"},{"@type":"ListItem","position":3,"name":"Zentrale Services","item":"https:\/\/www.campus02.at\/unsere-hochschule\/zentrale-services\/"},{"@type":"ListItem","position":4,"name":"Infopoint","item":"https:\/\/www.campus02.at\/unsere-hochschule\/zentrale-services\/infopoint\/"},{"@type":"ListItem","position":5,"name":"Pr\u00e4vention &#038; Sicherheitshinweise"}]},{"@type":"WebSite","@id":"https:\/\/www.campus02.at\/#website","url":"https:\/\/www.campus02.at\/","name":"CAMPUS 02 UAS","description":"","publisher":{"@id":"https:\/\/www.campus02.at\/#organization"},"potentialAction":[{"@type":"SearchAction","target":{"@type":"EntryPoint","urlTemplate":"https:\/\/www.campus02.at\/?s={search_term_string}"},"query-input":{"@type":"PropertyValueSpecification","valueRequired":true,"valueName":"search_term_string"}}],"inLanguage":"en-GB"},{"@type":"Organization","@id":"https:\/\/www.campus02.at\/#organization","name":"CAMPUS 02 UAS","url":"https:\/\/www.campus02.at\/","logo":{"@type":"ImageObject","inLanguage":"en-GB","@id":"https:\/\/www.campus02.at\/#\/schema\/logo\/image\/","url":"https:\/\/www.campus02.at\/wp-content\/uploads\/2016\/10\/Logo.jpg","contentUrl":"https:\/\/www.campus02.at\/wp-content\/uploads\/2016\/10\/Logo.jpg","width":1108,"height":440,"caption":"FH CAMPUS 02"},"image":{"@id":"https:\/\/www.campus02.at\/#\/schema\/logo\/image\/"}}]}},"_links":{"self":[{"href":"https:\/\/www.campus02.at\/en\/wp-json\/wp\/v2\/pages\/98136","targetHints":{"allow":["GET"]}}],"collection":[{"href":"https:\/\/www.campus02.at\/en\/wp-json\/wp\/v2\/pages"}],"about":[{"href":"https:\/\/www.campus02.at\/en\/wp-json\/wp\/v2\/types\/page"}],"author":[{"embeddable":true,"href":"https:\/\/www.campus02.at\/en\/wp-json\/wp\/v2\/users\/21"}],"replies":[{"embeddable":true,"href":"https:\/\/www.campus02.at\/en\/wp-json\/wp\/v2\/comments?post=98136"}],"version-history":[{"count":7,"href":"https:\/\/www.campus02.at\/en\/wp-json\/wp\/v2\/pages\/98136\/revisions"}],"predecessor-version":[{"id":118188,"href":"https:\/\/www.campus02.at\/en\/wp-json\/wp\/v2\/pages\/98136\/revisions\/118188"}],"up":[{"embeddable":true,"href":"https:\/\/www.campus02.at\/en\/wp-json\/wp\/v2\/pages\/7978"}],"wp:attachment":[{"href":"https:\/\/www.campus02.at\/en\/wp-json\/wp\/v2\/media?parent=98136"}],"wp:term":[{"taxonomy":"author","embeddable":true,"href":"https:\/\/www.campus02.at\/en\/wp-json\/wp\/v2\/coauthors?post=98136"}],"curies":[{"name":"wp","href":"https:\/\/api.w.org\/{rel}","templated":true}]}}