{"id":8102,"date":"2016-10-17T12:47:25","date_gmt":"2016-10-17T10:47:25","guid":{"rendered":"https:\/\/www.campus02.at\/?page_id=8102"},"modified":"2023-08-09T16:27:26","modified_gmt":"2023-08-09T14:27:26","slug":"anfahrtsplan","status":"publish","type":"page","link":"https:\/\/www.campus02.at\/en\/unsere-hochschule\/zentrale-services\/infopoint\/anfahrtsplan\/","title":{"rendered":"Location Plan"},"content":{"rendered":"<div class=\"flex-campus-main flex-campus-main-Heading\"><h1>Location Plan<\/h1><\/div><div class=\"flex-campus-main flex-campus-main-Text\"><div class=\"cookieconsent-optout-marketing\">Bitte <a>akzeptieren Sie Marketing-Cookies<\/a>, um Google Maps zu laden.<\/div>\n<p><iframe style=\"border: 0;\" width=\"550\" height=\"400\" allowfullscreen=\"allowfullscreen\" data-cookieblock-src=\"https:\/\/www.google.com\/maps\/embed?pb=!1m14!1m8!1m3!1d10867.560000456779!2d15.4382322!3d47.0816207!3m2!1i1024!2i768!4f13.1!3m3!1m2!1s0x476e35922c6e4339%3A0x3a8102a9f0786f13!2sFH%20CAMPUS%2002!5e0!3m2!1sde!2sat!4v1663074718808!5m2!1sde!2sat\" data-cookieconsent=\"marketing\"><\/iframe><\/p>\n<\/div><div class=\"flex-campus-main flex-campus-main-Textbox\"><div class=\"alert bg-yellow\">\n        <h4 style=\"text-align: center;\"><a href=\"https:\/\/www.campus02.at\/wp-content\/uploads\/2022\/10\/Lageplan-A4_DE_aktualisiert-Web-2022-LS.pdf\">Location Plan Download<\/a><\/h4>\n    <\/div><\/div><div class=\"flex-campus-main flex-campus-main-Table\"><table class=\"table table-striped design-default\">\n    <tbody>\n            <tr>\n                    <td><h4><strong>Bus<\/strong><\/h4><\/td>\n                    <td>Line 39 ends directly in front of the Styrian Chamber of Commerce.<p><\/p>Line 41 also has a stop directly on Grabenstra\u00dfe or Bergmanngasse in the WIFI area. <p> <\/p> Line 62 serves the west of Graz and runs from Puntigam station to a stop in Hochsteingasse near CAMPUS 02 University of Applied Sciences. <p><\/p><p> Die Linie 62 oder 62X, ein Schnellbus vom Hauptbahnhof, begrenzt auf einige Fahrten am Tag f\u00fchrt zu einer Haltestelle in der Hochsteingasse in der N\u00e4he der FH CAMPUS 02.<\/p><p><\/p>\n<\/td>\n                <\/tr>\n            <tr>\n                    <td><h4><strong>By car<\/strong><\/h4><\/td>\n                    <td><p>Exit the A2 motorway at Graz Ost, follow M\u00fcnzgrabenstra\u00dfe for 1 km, cross Schl\u00f6glgasse and Kaiser Josef Platz onto Glacisstra\u00dfe heading north.<\/p><p>Continue straight ahead across Geidorfplatz into Bergmanngasse and after approx. 1 km turn right after the Shell petrol station into the WK site.<\/p><p>Follow the road (1 x left, 2 x right) and take the steep path on the left opposite the main chamber entrance into the campus grounds. There is a car park there.<\/p><\/td>\n                <\/tr>\n            <tr>\n                    <td><h4><strong>Delivery<\/strong><\/h4><\/td>\n                    <td>Attention! Suppliers please drive via Hochsteingasse and turn into Zusertalgasse to get to the main entrance of CAMPUS 02 UAS.<\/td>\n                <\/tr>\n        <\/tbody>\n<\/table><\/div><div class=\"flex-campus-main flex-campus-main-Textbox\"><div class=\"alert bg-yellow\">\n        <p class=\"translation-block\">For more information about the various buildings, lecture halls, and offices, please visit <a href=\"https:\/\/www.campus02.ac.at\/en\/our-university\/central-services\/facility-management\/\" target=\"_self\">here<\/a>.<\/p>\n    <\/div><\/div>","protected":false},"excerpt":{"rendered":"<p>AnfahrtsplanBitte akzeptieren Sie Marketing-Cookies, um Google Maps zu laden. Lageplan Download Bus Die Linie 39 endet direkt <a href=\"https:\/\/www.campus02.at\/en\/unsere-hochschule\/zentrale-services\/infopoint\/anfahrtsplan\/\" class=\"more-link\">more&hellip;<\/a><\/p>","protected":false},"author":109,"featured_media":0,"parent":7978,"menu_order":0,"comment_status":"closed","ping_status":"closed","template":"","meta":{"_acf_changed":false,"footnotes":""},"coauthors":[696],"class_list":["post-8102","page","type-page","status-publish","hentry"],"acf":[],"yoast_head":"<!-- This site is optimized with the Yoast SEO plugin v26.9 - https:\/\/yoast.com\/product\/yoast-seo-wordpress\/ -->\n<title>Anfahrtsplan - FH CAMPUS 02<\/title>\n<meta name=\"robots\" content=\"index, follow, max-snippet:-1, max-image-preview:large, max-video-preview:-1\" \/>\n<link rel=\"canonical\" href=\"https:\/\/www.campus02.at\/en\/unsere-hochschule\/zentrale-services\/infopoint\/anfahrtsplan\/\" \/>\n<meta property=\"og:locale\" content=\"en_GB\" \/>\n<meta property=\"og:type\" content=\"article\" \/>\n<meta property=\"og:title\" content=\"Anfahrtsplan - FH CAMPUS 02\" \/>\n<meta property=\"og:description\" content=\"AnfahrtsplanBitte akzeptieren Sie Marketing-Cookies, um Google Maps zu laden. Lageplan Download Bus Die Linie 39 endet direkt more&hellip;\" \/>\n<meta property=\"og:url\" content=\"https:\/\/www.campus02.at\/en\/unsere-hochschule\/zentrale-services\/infopoint\/anfahrtsplan\/\" \/>\n<meta property=\"og:site_name\" content=\"FH CAMPUS 02\" \/>\n<meta property=\"article:modified_time\" content=\"2023-08-09T14:27:26+00:00\" \/>\n<meta property=\"og:image\" content=\"https:\/\/www.campus02.at\/wp-content\/uploads\/2015\/10\/T_LEI2980.jpg\" \/>\n\t<meta property=\"og:image:width\" content=\"1200\" \/>\n\t<meta property=\"og:image:height\" content=\"630\" \/>\n\t<meta property=\"og:image:type\" content=\"image\/jpeg\" \/>\n<meta name=\"twitter:card\" content=\"summary_large_image\" \/>\n<meta name=\"twitter:label1\" content=\"Written by\" \/>\n\t<meta name=\"twitter:data1\" content=\"inge.dunkl\" \/>\n<script type=\"application\/ld+json\" class=\"yoast-schema-graph\">{\"@context\":\"https:\/\/schema.org\",\"@graph\":[{\"@type\":\"WebPage\",\"@id\":\"https:\/\/www.campus02.at\/unsere-hochschule\/zentrale-services\/infopoint\/anfahrtsplan\/\",\"url\":\"https:\/\/www.campus02.at\/unsere-hochschule\/zentrale-services\/infopoint\/anfahrtsplan\/\",\"name\":\"Anfahrtsplan - FH CAMPUS 02\",\"isPartOf\":{\"@id\":\"https:\/\/www.campus02.at\/#website\"},\"datePublished\":\"2016-10-17T10:47:25+00:00\",\"dateModified\":\"2023-08-09T14:27:26+00:00\",\"breadcrumb\":{\"@id\":\"https:\/\/www.campus02.at\/unsere-hochschule\/zentrale-services\/infopoint\/anfahrtsplan\/#breadcrumb\"},\"inLanguage\":\"en-GB\",\"potentialAction\":[{\"@type\":\"ReadAction\",\"target\":[\"https:\/\/www.campus02.at\/unsere-hochschule\/zentrale-services\/infopoint\/anfahrtsplan\/\"]}]},{\"@type\":\"BreadcrumbList\",\"@id\":\"https:\/\/www.campus02.at\/unsere-hochschule\/zentrale-services\/infopoint\/anfahrtsplan\/#breadcrumb\",\"itemListElement\":[{\"@type\":\"ListItem\",\"position\":1,\"name\":\"Startseite\",\"item\":\"https:\/\/www.campus02.at\/\"},{\"@type\":\"ListItem\",\"position\":2,\"name\":\"Organisation\",\"item\":\"https:\/\/www.campus02.at\/unsere-hochschule\/\"},{\"@type\":\"ListItem\",\"position\":3,\"name\":\"Zentrale Services\",\"item\":\"https:\/\/www.campus02.at\/unsere-hochschule\/zentrale-services\/\"},{\"@type\":\"ListItem\",\"position\":4,\"name\":\"Infopoint\",\"item\":\"https:\/\/www.campus02.at\/unsere-hochschule\/zentrale-services\/infopoint\/\"},{\"@type\":\"ListItem\",\"position\":5,\"name\":\"Anfahrtsplan\"}]},{\"@type\":\"WebSite\",\"@id\":\"https:\/\/www.campus02.at\/#website\",\"url\":\"https:\/\/www.campus02.at\/\",\"name\":\"FH CAMPUS 02\",\"description\":\"\",\"publisher\":{\"@id\":\"https:\/\/www.campus02.at\/#organization\"},\"potentialAction\":[{\"@type\":\"SearchAction\",\"target\":{\"@type\":\"EntryPoint\",\"urlTemplate\":\"https:\/\/www.campus02.at\/?s={search_term_string}\"},\"query-input\":{\"@type\":\"PropertyValueSpecification\",\"valueRequired\":true,\"valueName\":\"search_term_string\"}}],\"inLanguage\":\"en-GB\"},{\"@type\":\"Organization\",\"@id\":\"https:\/\/www.campus02.at\/#organization\",\"name\":\"FH CAMPUS 02\",\"url\":\"https:\/\/www.campus02.at\/\",\"logo\":{\"@type\":\"ImageObject\",\"inLanguage\":\"en-GB\",\"@id\":\"https:\/\/www.campus02.at\/#\/schema\/logo\/image\/\",\"url\":\"https:\/\/www.campus02.at\/wp-content\/uploads\/2016\/10\/Logo.jpg\",\"contentUrl\":\"https:\/\/www.campus02.at\/wp-content\/uploads\/2016\/10\/Logo.jpg\",\"width\":1108,\"height\":440,\"caption\":\"FH CAMPUS 02\"},\"image\":{\"@id\":\"https:\/\/www.campus02.at\/#\/schema\/logo\/image\/\"}}]}<\/script>\n<!-- \/ Yoast SEO plugin. -->","yoast_head_json":{"title":"Anfahrtsplan - FH CAMPUS 02","robots":{"index":"index","follow":"follow","max-snippet":"max-snippet:-1","max-image-preview":"max-image-preview:large","max-video-preview":"max-video-preview:-1"},"canonical":"https:\/\/www.campus02.at\/en\/unsere-hochschule\/zentrale-services\/infopoint\/anfahrtsplan\/","og_locale":"en_GB","og_type":"article","og_title":"Anfahrtsplan - FH CAMPUS 02","og_description":"AnfahrtsplanBitte akzeptieren Sie Marketing-Cookies, um Google Maps zu laden. Lageplan Download Bus Die Linie 39 endet direkt more&hellip;","og_url":"https:\/\/www.campus02.at\/en\/unsere-hochschule\/zentrale-services\/infopoint\/anfahrtsplan\/","og_site_name":"FH CAMPUS 02","article_modified_time":"2023-08-09T14:27:26+00:00","og_image":[{"width":1200,"height":630,"url":"https:\/\/www.campus02.at\/wp-content\/uploads\/2015\/10\/T_LEI2980.jpg","type":"image\/jpeg"}],"twitter_card":"summary_large_image","twitter_misc":{"Written by":"inge.dunkl"},"schema":{"@context":"https:\/\/schema.org","@graph":[{"@type":"WebPage","@id":"https:\/\/www.campus02.at\/unsere-hochschule\/zentrale-services\/infopoint\/anfahrtsplan\/","url":"https:\/\/www.campus02.at\/unsere-hochschule\/zentrale-services\/infopoint\/anfahrtsplan\/","name":"Anfahrtsplan - FH CAMPUS 02","isPartOf":{"@id":"https:\/\/www.campus02.at\/#website"},"datePublished":"2016-10-17T10:47:25+00:00","dateModified":"2023-08-09T14:27:26+00:00","breadcrumb":{"@id":"https:\/\/www.campus02.at\/unsere-hochschule\/zentrale-services\/infopoint\/anfahrtsplan\/#breadcrumb"},"inLanguage":"en-GB","potentialAction":[{"@type":"ReadAction","target":["https:\/\/www.campus02.at\/unsere-hochschule\/zentrale-services\/infopoint\/anfahrtsplan\/"]}]},{"@type":"BreadcrumbList","@id":"https:\/\/www.campus02.at\/unsere-hochschule\/zentrale-services\/infopoint\/anfahrtsplan\/#breadcrumb","itemListElement":[{"@type":"ListItem","position":1,"name":"Startseite","item":"https:\/\/www.campus02.at\/"},{"@type":"ListItem","position":2,"name":"Organisation","item":"https:\/\/www.campus02.at\/unsere-hochschule\/"},{"@type":"ListItem","position":3,"name":"Zentrale Services","item":"https:\/\/www.campus02.at\/unsere-hochschule\/zentrale-services\/"},{"@type":"ListItem","position":4,"name":"Infopoint","item":"https:\/\/www.campus02.at\/unsere-hochschule\/zentrale-services\/infopoint\/"},{"@type":"ListItem","position":5,"name":"Anfahrtsplan"}]},{"@type":"WebSite","@id":"https:\/\/www.campus02.at\/#website","url":"https:\/\/www.campus02.at\/","name":"CAMPUS 02 UAS","description":"","publisher":{"@id":"https:\/\/www.campus02.at\/#organization"},"potentialAction":[{"@type":"SearchAction","target":{"@type":"EntryPoint","urlTemplate":"https:\/\/www.campus02.at\/?s={search_term_string}"},"query-input":{"@type":"PropertyValueSpecification","valueRequired":true,"valueName":"search_term_string"}}],"inLanguage":"en-GB"},{"@type":"Organization","@id":"https:\/\/www.campus02.at\/#organization","name":"CAMPUS 02 UAS","url":"https:\/\/www.campus02.at\/","logo":{"@type":"ImageObject","inLanguage":"en-GB","@id":"https:\/\/www.campus02.at\/#\/schema\/logo\/image\/","url":"https:\/\/www.campus02.at\/wp-content\/uploads\/2016\/10\/Logo.jpg","contentUrl":"https:\/\/www.campus02.at\/wp-content\/uploads\/2016\/10\/Logo.jpg","width":1108,"height":440,"caption":"FH CAMPUS 02"},"image":{"@id":"https:\/\/www.campus02.at\/#\/schema\/logo\/image\/"}}]}},"_links":{"self":[{"href":"https:\/\/www.campus02.at\/en\/wp-json\/wp\/v2\/pages\/8102","targetHints":{"allow":["GET"]}}],"collection":[{"href":"https:\/\/www.campus02.at\/en\/wp-json\/wp\/v2\/pages"}],"about":[{"href":"https:\/\/www.campus02.at\/en\/wp-json\/wp\/v2\/types\/page"}],"author":[{"embeddable":true,"href":"https:\/\/www.campus02.at\/en\/wp-json\/wp\/v2\/users\/109"}],"replies":[{"embeddable":true,"href":"https:\/\/www.campus02.at\/en\/wp-json\/wp\/v2\/comments?post=8102"}],"version-history":[{"count":8,"href":"https:\/\/www.campus02.at\/en\/wp-json\/wp\/v2\/pages\/8102\/revisions"}],"predecessor-version":[{"id":135963,"href":"https:\/\/www.campus02.at\/en\/wp-json\/wp\/v2\/pages\/8102\/revisions\/135963"}],"up":[{"embeddable":true,"href":"https:\/\/www.campus02.at\/en\/wp-json\/wp\/v2\/pages\/7978"}],"wp:attachment":[{"href":"https:\/\/www.campus02.at\/en\/wp-json\/wp\/v2\/media?parent=8102"}],"wp:term":[{"taxonomy":"author","embeddable":true,"href":"https:\/\/www.campus02.at\/en\/wp-json\/wp\/v2\/coauthors?post=8102"}],"curies":[{"name":"wp","href":"https:\/\/api.w.org\/{rel}","templated":true}]}}