{"id":7467,"date":"2016-10-10T11:11:54","date_gmt":"2016-10-10T09:11:54","guid":{"rendered":"https:\/\/www.campus02.at\/?page_id=7467"},"modified":"2022-10-10T08:59:40","modified_gmt":"2022-10-10T06:59:40","slug":"barrierefreiheit-aufnahme-1","status":"publish","type":"page","link":"https:\/\/www.campus02.at\/en\/unsere-hochschule\/zentrale-services\/gender-diversity-management\/barrierefreiheit\/barrierefreiheit-aufnahme-1\/","title":{"rendered":"Barrierefreies Aufnahmeverfahren"},"content":{"rendered":"<div class=\"flex-campus-main flex-campus-main-Heading\"><h1>Barrierefreies Aufnahmeverfahren<\/h1><\/div><div class=\"flex-campus-main flex-campus-main-Contentpart\">\n    <div class=\"flex-campus-main flex-campus-main-Textbox\"><div class=\"alert bg-grey\">\n        <p>Wir sind bem\u00fcht, Bewerber*innen mit einer Behinderung oder chronischen Erkrankung im Aufnahmeverfahren bestm\u00f6glich entgegen zukommen.<\/p>\n    <\/div><\/div><div class=\"flex-campus-main flex-campus-main-Text\"><p>Unsere Koordinator*in f\u00fcr Gender&amp;Diversity Management bietet Ihnen diesbez\u00fcglich Beratung zu m\u00f6glichen Sonderregelungen beim Aufnahmeverfahren (zB durch Adaptierung der Rahmenbedingungen) an, falls Sie aufgrund Ihrer Beeintr\u00e4chtigung nicht am regul\u00e4ren Verfahren teilnehmen k\u00f6nnen oder benachteiligt w\u00e4ren.<\/p>\n<p>Wenden Sie sich diesbez\u00fcglich im Vorfeld bitte per Telefon oder per E-Mail an die Koordinator*in f\u00fcr Gender &amp; Diversity Management.<\/p>\n<\/div>\n<\/div>","protected":false},"excerpt":{"rendered":"<p>Wir sind bem\u00fcht, Bewerber*innen mit einer Behinderung oder chronischen Erkrankung im Aufnahmeverfahren bestm\u00f6glich entgegen <a href=\"https:\/\/www.campus02.at\/en\/campus_contentpart\/barrierefreiheit-aufnahmeverfahren\/\" class=\"more-link\">more&hellip;<\/a><\/p>","protected":false},"author":135,"featured_media":0,"parent":1455,"menu_order":0,"comment_status":"closed","ping_status":"closed","template":"","meta":{"_acf_changed":false,"footnotes":""},"coauthors":[700,1036,1063,1067,1141],"class_list":["post-7467","page","type-page","status-publish","hentry"],"acf":[],"yoast_head":"<!-- This site is optimized with the Yoast SEO plugin v26.9 - https:\/\/yoast.com\/product\/yoast-seo-wordpress\/ -->\n<title>Barrierefreies Aufnahmeverfahren - FH CAMPUS 02<\/title>\n<meta name=\"robots\" content=\"index, follow, max-snippet:-1, max-image-preview:large, max-video-preview:-1\" \/>\n<link rel=\"canonical\" href=\"https:\/\/www.campus02.at\/en\/unsere-hochschule\/zentrale-services\/gender-diversity-management\/barrierefreiheit\/barrierefreiheit-aufnahme-1\/\" \/>\n<meta property=\"og:locale\" content=\"en_GB\" \/>\n<meta property=\"og:type\" content=\"article\" \/>\n<meta property=\"og:title\" content=\"Barrierefreies Aufnahmeverfahren - FH CAMPUS 02\" \/>\n<meta property=\"og:description\" content=\"Wir sind bem\u00fcht, Bewerber*innen mit einer Behinderung oder chronischen Erkrankung im Aufnahmeverfahren bestm\u00f6glich entgegen more&hellip;\" \/>\n<meta property=\"og:url\" content=\"https:\/\/www.campus02.at\/en\/unsere-hochschule\/zentrale-services\/gender-diversity-management\/barrierefreiheit\/barrierefreiheit-aufnahme-1\/\" \/>\n<meta property=\"og:site_name\" content=\"FH CAMPUS 02\" \/>\n<meta property=\"article:modified_time\" content=\"2022-10-10T06:59:40+00:00\" \/>\n<meta property=\"og:image\" content=\"https:\/\/www.campus02.at\/wp-content\/uploads\/2015\/10\/T_LEI2980.jpg\" \/>\n\t<meta property=\"og:image:width\" content=\"1200\" \/>\n\t<meta property=\"og:image:height\" content=\"630\" \/>\n\t<meta property=\"og:image:type\" content=\"image\/jpeg\" \/>\n<meta name=\"twitter:card\" content=\"summary_large_image\" \/>\n<script type=\"application\/ld+json\" class=\"yoast-schema-graph\">{\"@context\":\"https:\/\/schema.org\",\"@graph\":[{\"@type\":\"WebPage\",\"@id\":\"https:\/\/www.campus02.at\/unsere-hochschule\/zentrale-services\/gender-diversity-management\/barrierefreiheit\/barrierefreiheit-aufnahme-1\/\",\"url\":\"https:\/\/www.campus02.at\/unsere-hochschule\/zentrale-services\/gender-diversity-management\/barrierefreiheit\/barrierefreiheit-aufnahme-1\/\",\"name\":\"Barrierefreies Aufnahmeverfahren - FH CAMPUS 02\",\"isPartOf\":{\"@id\":\"https:\/\/www.campus02.at\/#website\"},\"datePublished\":\"2016-10-10T09:11:54+00:00\",\"dateModified\":\"2022-10-10T06:59:40+00:00\",\"breadcrumb\":{\"@id\":\"https:\/\/www.campus02.at\/unsere-hochschule\/zentrale-services\/gender-diversity-management\/barrierefreiheit\/barrierefreiheit-aufnahme-1\/#breadcrumb\"},\"inLanguage\":\"en-GB\",\"potentialAction\":[{\"@type\":\"ReadAction\",\"target\":[\"https:\/\/www.campus02.at\/unsere-hochschule\/zentrale-services\/gender-diversity-management\/barrierefreiheit\/barrierefreiheit-aufnahme-1\/\"]}]},{\"@type\":\"BreadcrumbList\",\"@id\":\"https:\/\/www.campus02.at\/unsere-hochschule\/zentrale-services\/gender-diversity-management\/barrierefreiheit\/barrierefreiheit-aufnahme-1\/#breadcrumb\",\"itemListElement\":[{\"@type\":\"ListItem\",\"position\":1,\"name\":\"Startseite\",\"item\":\"https:\/\/www.campus02.at\/\"},{\"@type\":\"ListItem\",\"position\":2,\"name\":\"Organisation\",\"item\":\"https:\/\/www.campus02.at\/unsere-hochschule\/\"},{\"@type\":\"ListItem\",\"position\":3,\"name\":\"Zentrale Services\",\"item\":\"https:\/\/www.campus02.at\/unsere-hochschule\/zentrale-services\/\"},{\"@type\":\"ListItem\",\"position\":4,\"name\":\"Gender &#038; Diversity Management\",\"item\":\"https:\/\/www.campus02.at\/unsere-hochschule\/zentrale-services\/gender-diversity-management\/\"},{\"@type\":\"ListItem\",\"position\":5,\"name\":\"Barrierefreiheit\",\"item\":\"https:\/\/www.campus02.at\/unsere-hochschule\/zentrale-services\/gender-diversity-management\/barrierefreiheit\/\"},{\"@type\":\"ListItem\",\"position\":6,\"name\":\"Barrierefreies Aufnahmeverfahren\"}]},{\"@type\":\"WebSite\",\"@id\":\"https:\/\/www.campus02.at\/#website\",\"url\":\"https:\/\/www.campus02.at\/\",\"name\":\"FH CAMPUS 02\",\"description\":\"\",\"publisher\":{\"@id\":\"https:\/\/www.campus02.at\/#organization\"},\"potentialAction\":[{\"@type\":\"SearchAction\",\"target\":{\"@type\":\"EntryPoint\",\"urlTemplate\":\"https:\/\/www.campus02.at\/?s={search_term_string}\"},\"query-input\":{\"@type\":\"PropertyValueSpecification\",\"valueRequired\":true,\"valueName\":\"search_term_string\"}}],\"inLanguage\":\"en-GB\"},{\"@type\":\"Organization\",\"@id\":\"https:\/\/www.campus02.at\/#organization\",\"name\":\"FH CAMPUS 02\",\"url\":\"https:\/\/www.campus02.at\/\",\"logo\":{\"@type\":\"ImageObject\",\"inLanguage\":\"en-GB\",\"@id\":\"https:\/\/www.campus02.at\/#\/schema\/logo\/image\/\",\"url\":\"https:\/\/www.campus02.at\/wp-content\/uploads\/2016\/10\/Logo.jpg\",\"contentUrl\":\"https:\/\/www.campus02.at\/wp-content\/uploads\/2016\/10\/Logo.jpg\",\"width\":1108,\"height\":440,\"caption\":\"FH CAMPUS 02\"},\"image\":{\"@id\":\"https:\/\/www.campus02.at\/#\/schema\/logo\/image\/\"}}]}<\/script>\n<!-- \/ Yoast SEO plugin. -->","yoast_head_json":{"title":"Barrierefreies Aufnahmeverfahren - FH CAMPUS 02","robots":{"index":"index","follow":"follow","max-snippet":"max-snippet:-1","max-image-preview":"max-image-preview:large","max-video-preview":"max-video-preview:-1"},"canonical":"https:\/\/www.campus02.at\/en\/unsere-hochschule\/zentrale-services\/gender-diversity-management\/barrierefreiheit\/barrierefreiheit-aufnahme-1\/","og_locale":"en_GB","og_type":"article","og_title":"Barrierefreies Aufnahmeverfahren - FH CAMPUS 02","og_description":"Wir sind bem\u00fcht, Bewerber*innen mit einer Behinderung oder chronischen Erkrankung im Aufnahmeverfahren bestm\u00f6glich entgegen more&hellip;","og_url":"https:\/\/www.campus02.at\/en\/unsere-hochschule\/zentrale-services\/gender-diversity-management\/barrierefreiheit\/barrierefreiheit-aufnahme-1\/","og_site_name":"FH CAMPUS 02","article_modified_time":"2022-10-10T06:59:40+00:00","og_image":[{"width":1200,"height":630,"url":"https:\/\/www.campus02.at\/wp-content\/uploads\/2015\/10\/T_LEI2980.jpg","type":"image\/jpeg"}],"twitter_card":"summary_large_image","schema":{"@context":"https:\/\/schema.org","@graph":[{"@type":"WebPage","@id":"https:\/\/www.campus02.at\/unsere-hochschule\/zentrale-services\/gender-diversity-management\/barrierefreiheit\/barrierefreiheit-aufnahme-1\/","url":"https:\/\/www.campus02.at\/unsere-hochschule\/zentrale-services\/gender-diversity-management\/barrierefreiheit\/barrierefreiheit-aufnahme-1\/","name":"Barrierefreies Aufnahmeverfahren - FH CAMPUS 02","isPartOf":{"@id":"https:\/\/www.campus02.at\/#website"},"datePublished":"2016-10-10T09:11:54+00:00","dateModified":"2022-10-10T06:59:40+00:00","breadcrumb":{"@id":"https:\/\/www.campus02.at\/unsere-hochschule\/zentrale-services\/gender-diversity-management\/barrierefreiheit\/barrierefreiheit-aufnahme-1\/#breadcrumb"},"inLanguage":"en-GB","potentialAction":[{"@type":"ReadAction","target":["https:\/\/www.campus02.at\/unsere-hochschule\/zentrale-services\/gender-diversity-management\/barrierefreiheit\/barrierefreiheit-aufnahme-1\/"]}]},{"@type":"BreadcrumbList","@id":"https:\/\/www.campus02.at\/unsere-hochschule\/zentrale-services\/gender-diversity-management\/barrierefreiheit\/barrierefreiheit-aufnahme-1\/#breadcrumb","itemListElement":[{"@type":"ListItem","position":1,"name":"Startseite","item":"https:\/\/www.campus02.at\/"},{"@type":"ListItem","position":2,"name":"Organisation","item":"https:\/\/www.campus02.at\/unsere-hochschule\/"},{"@type":"ListItem","position":3,"name":"Zentrale Services","item":"https:\/\/www.campus02.at\/unsere-hochschule\/zentrale-services\/"},{"@type":"ListItem","position":4,"name":"Gender &#038; Diversity Management","item":"https:\/\/www.campus02.at\/unsere-hochschule\/zentrale-services\/gender-diversity-management\/"},{"@type":"ListItem","position":5,"name":"Barrierefreiheit","item":"https:\/\/www.campus02.at\/unsere-hochschule\/zentrale-services\/gender-diversity-management\/barrierefreiheit\/"},{"@type":"ListItem","position":6,"name":"Barrierefreies Aufnahmeverfahren"}]},{"@type":"WebSite","@id":"https:\/\/www.campus02.at\/#website","url":"https:\/\/www.campus02.at\/","name":"CAMPUS 02 UAS","description":"","publisher":{"@id":"https:\/\/www.campus02.at\/#organization"},"potentialAction":[{"@type":"SearchAction","target":{"@type":"EntryPoint","urlTemplate":"https:\/\/www.campus02.at\/?s={search_term_string}"},"query-input":{"@type":"PropertyValueSpecification","valueRequired":true,"valueName":"search_term_string"}}],"inLanguage":"en-GB"},{"@type":"Organization","@id":"https:\/\/www.campus02.at\/#organization","name":"CAMPUS 02 UAS","url":"https:\/\/www.campus02.at\/","logo":{"@type":"ImageObject","inLanguage":"en-GB","@id":"https:\/\/www.campus02.at\/#\/schema\/logo\/image\/","url":"https:\/\/www.campus02.at\/wp-content\/uploads\/2016\/10\/Logo.jpg","contentUrl":"https:\/\/www.campus02.at\/wp-content\/uploads\/2016\/10\/Logo.jpg","width":1108,"height":440,"caption":"FH CAMPUS 02"},"image":{"@id":"https:\/\/www.campus02.at\/#\/schema\/logo\/image\/"}}]}},"_links":{"self":[{"href":"https:\/\/www.campus02.at\/en\/wp-json\/wp\/v2\/pages\/7467","targetHints":{"allow":["GET"]}}],"collection":[{"href":"https:\/\/www.campus02.at\/en\/wp-json\/wp\/v2\/pages"}],"about":[{"href":"https:\/\/www.campus02.at\/en\/wp-json\/wp\/v2\/types\/page"}],"author":[{"embeddable":true,"href":"https:\/\/www.campus02.at\/en\/wp-json\/wp\/v2\/users\/135"}],"replies":[{"embeddable":true,"href":"https:\/\/www.campus02.at\/en\/wp-json\/wp\/v2\/comments?post=7467"}],"version-history":[{"count":6,"href":"https:\/\/www.campus02.at\/en\/wp-json\/wp\/v2\/pages\/7467\/revisions"}],"predecessor-version":[{"id":105889,"href":"https:\/\/www.campus02.at\/en\/wp-json\/wp\/v2\/pages\/7467\/revisions\/105889"}],"up":[{"embeddable":true,"href":"https:\/\/www.campus02.at\/en\/wp-json\/wp\/v2\/pages\/1455"}],"wp:attachment":[{"href":"https:\/\/www.campus02.at\/en\/wp-json\/wp\/v2\/media?parent=7467"}],"wp:term":[{"taxonomy":"author","embeddable":true,"href":"https:\/\/www.campus02.at\/en\/wp-json\/wp\/v2\/coauthors?post=7467"}],"curies":[{"name":"wp","href":"https:\/\/api.w.org\/{rel}","templated":true}]}}