{"id":5176,"date":"2016-07-12T11:17:47","date_gmt":"2016-07-12T09:17:47","guid":{"rendered":"https:\/\/www.campus02.at\/studium-lehre\/services-fuer-lehrende\/evaluierung\/"},"modified":"2023-10-17T09:13:31","modified_gmt":"2023-10-17T07:13:31","slug":"evaluierung-2","status":"publish","type":"page","link":"https:\/\/www.campus02.at\/en\/services-fuer-lehrende\/evaluierung-2\/","title":{"rendered":"Evaluation"},"content":{"rendered":"<div class=\"flex-campus-main flex-campus-main-Heading\"><h1>Studentische Evaluierung<\/h1><\/div><div class=\"flex-campus-main flex-campus-main-Textbox\"><div class=\"alert bg-grey\">\n        <p>Durch die studentische Lehrveranstaltungsevaluierung erhalten Sie als Lehrende*r ein direktes Feedback Ihrer Studierenden.<\/p>\n    <\/div><\/div><div class=\"flex-campus-main flex-campus-main-Text\"><p>Die Studierenden\u00a0bewerten Ihre\u00a0Lehrveranstaltungen mit Hilfe eines Online-Fragebogens. Wir bitten Sie den Studierenden daf\u00fcr am Ende der letzten Pr\u00e4senzeinheit (vor der Pr\u00fcfung) ausreichend Zeit einzur\u00e4umen.<\/p>\n<p>Die Ergebnisse werden Ihnen von Ihrem Department zur Verf\u00fcgung gestellt \u2013 das allerdings erst nach Eintragung und Freigabe der Noten in C02online und wenn mindesten 50 % Ihrer Studierenden Ihre Lehrveranstaltung positiv abgeschlossen haben. Daneben werden die Ergebnisse im Rahmen des hochschulischen Qualit\u00e4tsmanagements auch der Studiengangsleitung, den Fachbereichskoordinator*innen Ihres Departments und den Jahrgangsvertreter*innen zur Verf\u00fcgung gestellt.<\/p>\n<\/div><div class=\"flex-campus-main flex-campus-main-Linklist\"><div class=\"linkcollection\">\n            <h3>Further Information<\/h3>\n        <p class=\"linkcollection-link\"><a class=\"\" href=\"https:\/\/www.campus02.at\/wp-content\/uploads\/2023\/10\/Frageboegen_Evaluierung.pdf\" ><i class=\"fa fa-file-pdf-o\"><\/i>Online-Frageb\u00f6gen<\/a><\/p><\/div><\/div>","protected":false},"excerpt":{"rendered":"<p>Studentische Evaluierung Durch die studentische Lehrveranstaltungsevaluierung erhalten Sie als Lehrende*r ein direktes <a href=\"https:\/\/www.campus02.at\/en\/services-fuer-lehrende\/evaluierung-2\/\" class=\"more-link\">more&hellip;<\/a><\/p>","protected":false},"author":135,"featured_media":0,"parent":1579,"menu_order":3,"comment_status":"closed","ping_status":"closed","template":"","meta":{"_acf_changed":false,"footnotes":""},"coauthors":[1063,676],"class_list":["post-5176","page","type-page","status-publish","hentry"],"acf":[],"yoast_head":"<!-- This site is optimized with the Yoast SEO plugin v26.9 - https:\/\/yoast.com\/product\/yoast-seo-wordpress\/ -->\n<title>Evaluierung - FH CAMPUS 02<\/title>\n<meta name=\"robots\" content=\"index, follow, max-snippet:-1, max-image-preview:large, max-video-preview:-1\" \/>\n<link rel=\"canonical\" href=\"https:\/\/www.campus02.at\/en\/studium-lehre__trashed\/services-fuer-lehrende\/evaluierung-2\/\" \/>\n<meta property=\"og:locale\" content=\"en_GB\" \/>\n<meta property=\"og:type\" content=\"article\" \/>\n<meta property=\"og:title\" content=\"Evaluierung - FH CAMPUS 02\" \/>\n<meta property=\"og:description\" content=\"Studentische Evaluierung Durch die studentische Lehrveranstaltungsevaluierung erhalten Sie als Lehrende*r ein direktes more&hellip;\" \/>\n<meta property=\"og:url\" content=\"https:\/\/www.campus02.at\/en\/studium-lehre__trashed\/services-fuer-lehrende\/evaluierung-2\/\" \/>\n<meta property=\"og:site_name\" content=\"FH CAMPUS 02\" \/>\n<meta property=\"article:modified_time\" content=\"2023-10-17T07:13:31+00:00\" \/>\n<meta property=\"og:image\" content=\"https:\/\/www.campus02.at\/wp-content\/uploads\/2015\/10\/T_LEI2980.jpg\" \/>\n\t<meta property=\"og:image:width\" content=\"1200\" \/>\n\t<meta property=\"og:image:height\" content=\"630\" \/>\n\t<meta property=\"og:image:type\" content=\"image\/jpeg\" \/>\n<meta name=\"twitter:card\" content=\"summary_large_image\" \/>\n<meta name=\"twitter:label1\" content=\"Written by\" \/>\n\t<meta name=\"twitter:data1\" content=\"Zullus G\u00fcnter\" \/>\n<script type=\"application\/ld+json\" class=\"yoast-schema-graph\">{\"@context\":\"https:\/\/schema.org\",\"@graph\":[{\"@type\":\"WebPage\",\"@id\":\"https:\/\/www.campus02.at\/studium-lehre__trashed\/services-fuer-lehrende\/evaluierung-2\/\",\"url\":\"https:\/\/www.campus02.at\/studium-lehre__trashed\/services-fuer-lehrende\/evaluierung-2\/\",\"name\":\"Evaluierung - FH CAMPUS 02\",\"isPartOf\":{\"@id\":\"https:\/\/www.campus02.at\/#website\"},\"datePublished\":\"2016-07-12T09:17:47+00:00\",\"dateModified\":\"2023-10-17T07:13:31+00:00\",\"breadcrumb\":{\"@id\":\"https:\/\/www.campus02.at\/studium-lehre__trashed\/services-fuer-lehrende\/evaluierung-2\/#breadcrumb\"},\"inLanguage\":\"en-GB\",\"potentialAction\":[{\"@type\":\"ReadAction\",\"target\":[\"https:\/\/www.campus02.at\/studium-lehre__trashed\/services-fuer-lehrende\/evaluierung-2\/\"]}]},{\"@type\":\"BreadcrumbList\",\"@id\":\"https:\/\/www.campus02.at\/studium-lehre__trashed\/services-fuer-lehrende\/evaluierung-2\/#breadcrumb\",\"itemListElement\":[{\"@type\":\"ListItem\",\"position\":1,\"name\":\"Startseite\",\"item\":\"https:\/\/www.campus02.at\/\"},{\"@type\":\"ListItem\",\"position\":2,\"name\":\"Services f\u00fcr Lehrende\",\"item\":\"https:\/\/www.campus02.at\/studium-lehre__trashed\/services-fuer-lehrende\/\"},{\"@type\":\"ListItem\",\"position\":3,\"name\":\"Evaluierung\"}]},{\"@type\":\"WebSite\",\"@id\":\"https:\/\/www.campus02.at\/#website\",\"url\":\"https:\/\/www.campus02.at\/\",\"name\":\"FH CAMPUS 02\",\"description\":\"\",\"publisher\":{\"@id\":\"https:\/\/www.campus02.at\/#organization\"},\"potentialAction\":[{\"@type\":\"SearchAction\",\"target\":{\"@type\":\"EntryPoint\",\"urlTemplate\":\"https:\/\/www.campus02.at\/?s={search_term_string}\"},\"query-input\":{\"@type\":\"PropertyValueSpecification\",\"valueRequired\":true,\"valueName\":\"search_term_string\"}}],\"inLanguage\":\"en-GB\"},{\"@type\":\"Organization\",\"@id\":\"https:\/\/www.campus02.at\/#organization\",\"name\":\"FH CAMPUS 02\",\"url\":\"https:\/\/www.campus02.at\/\",\"logo\":{\"@type\":\"ImageObject\",\"inLanguage\":\"en-GB\",\"@id\":\"https:\/\/www.campus02.at\/#\/schema\/logo\/image\/\",\"url\":\"https:\/\/www.campus02.at\/wp-content\/uploads\/2016\/10\/Logo.jpg\",\"contentUrl\":\"https:\/\/www.campus02.at\/wp-content\/uploads\/2016\/10\/Logo.jpg\",\"width\":1108,\"height\":440,\"caption\":\"FH CAMPUS 02\"},\"image\":{\"@id\":\"https:\/\/www.campus02.at\/#\/schema\/logo\/image\/\"}}]}<\/script>\n<!-- \/ Yoast SEO plugin. -->","yoast_head_json":{"title":"Evaluierung - FH CAMPUS 02","robots":{"index":"index","follow":"follow","max-snippet":"max-snippet:-1","max-image-preview":"max-image-preview:large","max-video-preview":"max-video-preview:-1"},"canonical":"https:\/\/www.campus02.at\/en\/studium-lehre__trashed\/services-fuer-lehrende\/evaluierung-2\/","og_locale":"en_GB","og_type":"article","og_title":"Evaluierung - FH CAMPUS 02","og_description":"Studentische Evaluierung Durch die studentische Lehrveranstaltungsevaluierung erhalten Sie als Lehrende*r ein direktes more&hellip;","og_url":"https:\/\/www.campus02.at\/en\/studium-lehre__trashed\/services-fuer-lehrende\/evaluierung-2\/","og_site_name":"FH CAMPUS 02","article_modified_time":"2023-10-17T07:13:31+00:00","og_image":[{"width":1200,"height":630,"url":"https:\/\/www.campus02.at\/wp-content\/uploads\/2015\/10\/T_LEI2980.jpg","type":"image\/jpeg"}],"twitter_card":"summary_large_image","twitter_misc":{"Written by":"Zullus G\u00fcnter"},"schema":{"@context":"https:\/\/schema.org","@graph":[{"@type":"WebPage","@id":"https:\/\/www.campus02.at\/studium-lehre__trashed\/services-fuer-lehrende\/evaluierung-2\/","url":"https:\/\/www.campus02.at\/studium-lehre__trashed\/services-fuer-lehrende\/evaluierung-2\/","name":"Evaluierung - FH CAMPUS 02","isPartOf":{"@id":"https:\/\/www.campus02.at\/#website"},"datePublished":"2016-07-12T09:17:47+00:00","dateModified":"2023-10-17T07:13:31+00:00","breadcrumb":{"@id":"https:\/\/www.campus02.at\/studium-lehre__trashed\/services-fuer-lehrende\/evaluierung-2\/#breadcrumb"},"inLanguage":"en-GB","potentialAction":[{"@type":"ReadAction","target":["https:\/\/www.campus02.at\/studium-lehre__trashed\/services-fuer-lehrende\/evaluierung-2\/"]}]},{"@type":"BreadcrumbList","@id":"https:\/\/www.campus02.at\/studium-lehre__trashed\/services-fuer-lehrende\/evaluierung-2\/#breadcrumb","itemListElement":[{"@type":"ListItem","position":1,"name":"Startseite","item":"https:\/\/www.campus02.at\/"},{"@type":"ListItem","position":2,"name":"Services f\u00fcr Lehrende","item":"https:\/\/www.campus02.at\/studium-lehre__trashed\/services-fuer-lehrende\/"},{"@type":"ListItem","position":3,"name":"Evaluierung"}]},{"@type":"WebSite","@id":"https:\/\/www.campus02.at\/#website","url":"https:\/\/www.campus02.at\/","name":"CAMPUS 02 UAS","description":"","publisher":{"@id":"https:\/\/www.campus02.at\/#organization"},"potentialAction":[{"@type":"SearchAction","target":{"@type":"EntryPoint","urlTemplate":"https:\/\/www.campus02.at\/?s={search_term_string}"},"query-input":{"@type":"PropertyValueSpecification","valueRequired":true,"valueName":"search_term_string"}}],"inLanguage":"en-GB"},{"@type":"Organization","@id":"https:\/\/www.campus02.at\/#organization","name":"CAMPUS 02 UAS","url":"https:\/\/www.campus02.at\/","logo":{"@type":"ImageObject","inLanguage":"en-GB","@id":"https:\/\/www.campus02.at\/#\/schema\/logo\/image\/","url":"https:\/\/www.campus02.at\/wp-content\/uploads\/2016\/10\/Logo.jpg","contentUrl":"https:\/\/www.campus02.at\/wp-content\/uploads\/2016\/10\/Logo.jpg","width":1108,"height":440,"caption":"FH CAMPUS 02"},"image":{"@id":"https:\/\/www.campus02.at\/#\/schema\/logo\/image\/"}}]}},"_links":{"self":[{"href":"https:\/\/www.campus02.at\/en\/wp-json\/wp\/v2\/pages\/5176","targetHints":{"allow":["GET"]}}],"collection":[{"href":"https:\/\/www.campus02.at\/en\/wp-json\/wp\/v2\/pages"}],"about":[{"href":"https:\/\/www.campus02.at\/en\/wp-json\/wp\/v2\/types\/page"}],"author":[{"embeddable":true,"href":"https:\/\/www.campus02.at\/en\/wp-json\/wp\/v2\/users\/135"}],"replies":[{"embeddable":true,"href":"https:\/\/www.campus02.at\/en\/wp-json\/wp\/v2\/comments?post=5176"}],"version-history":[{"count":8,"href":"https:\/\/www.campus02.at\/en\/wp-json\/wp\/v2\/pages\/5176\/revisions"}],"predecessor-version":[{"id":142374,"href":"https:\/\/www.campus02.at\/en\/wp-json\/wp\/v2\/pages\/5176\/revisions\/142374"}],"up":[{"embeddable":true,"href":"https:\/\/www.campus02.at\/en\/wp-json\/wp\/v2\/pages\/1579"}],"wp:attachment":[{"href":"https:\/\/www.campus02.at\/en\/wp-json\/wp\/v2\/media?parent=5176"}],"wp:term":[{"taxonomy":"author","embeddable":true,"href":"https:\/\/www.campus02.at\/en\/wp-json\/wp\/v2\/coauthors?post=5176"}],"curies":[{"name":"wp","href":"https:\/\/api.w.org\/{rel}","templated":true}]}}