{"id":5162,"date":"2016-07-12T10:51:27","date_gmt":"2016-07-12T08:51:27","guid":{"rendered":"https:\/\/www.campus02.at\/studium-lehre\/services-studierende\/barrierefrei-studieren\/"},"modified":"2022-07-18T14:39:02","modified_gmt":"2022-07-18T12:39:02","slug":"barrierefreiheit-studium-1","status":"publish","type":"page","link":"https:\/\/www.campus02.at\/en\/unsere-hochschule\/zentrale-services\/gender-diversity-management\/barrierefreiheit\/barrierefreiheit-studium-1\/","title":{"rendered":"Barrierefreies Studium"},"content":{"rendered":"<div class=\"flex-campus-main flex-campus-main-Heading\"><h1>Study without barriers<\/h1><\/div><div class=\"flex-campus-main flex-campus-main-Contentpart\">\n    <div class=\"flex-campus-main flex-campus-main-Textbox\"><div class=\"alert bg-grey\">\n        <p><strong>A disability, chronic illness or other impairment can make studying more complicated, as many things require more effort and commitment. However, it is important to us that this does not represent a barrier to successfully completing a degree programme!<\/strong><\/p>\n    <\/div><\/div><div class=\"flex-campus-main flex-campus-main-Text\"><p>Many obstacles can be overcome by informing everyone involved in good time, good preparation, suitable aids and a few special regulations. Inform your head of degree programme about your disability or chronic illness, especially if your impairment is not obvious. This is the only way you can get the support you need! Your details will be treated confidentially.<\/p>\n<p>If you find it difficult to talk to the head of the degree programme about your impairment, you can also contact our Gender &amp; Diversity Management Coordinator and find out about the support options available in your particular case. Anonymous telephone counselling is also possible!<\/p>\n<\/div><div class=\"flex-campus-main flex-campus-main-Heading\"><h3>Unsere Services f\u00fcr Studierende mit Beeintr\u00e4chtigungen<\/h3><\/div><div class=\"flex-campus-main flex-campus-main-Accordion\"><div class=\"panel-group\" id=\"flexAccordion-1\" role=\"tablist\" aria-multiselectable=\"true\">\n            <div class=\"panel panel-default\">\n            <div class=\"panel-heading\" role=\"tab\" id=\"flexAccordion-1-0-heading\">\n                <h4 class=\"panel-title\">\n                    <a role=\"button\" data-toggle=\"collapse\" data-parent=\"#flexAccordion-1\" href=\"#flexAccordion-1-0-collapse\" aria-expanded=\"true\"\n                       aria-controls=\"flexAccordion-1-0-collapse\">\n                        Councelling                    <\/a>\n                <\/h4>\n            <\/div>\n            <div id=\"flexAccordion-1-0-collapse\" class=\"panel-collapse collapse\" role=\"tabpanel\" aria-labelledby=\"flexAccordion-1-0-heading\">\n                <div class=\"panel-body\">\n                    <p>Wir bieten Ihnen Beratung zu den folgenden Themenstellungen an:<\/p>\n<h5 style=\"padding-left: 30px;\"><strong>Lehrveranstaltungsunterlagen<\/strong><\/h5>\n<p style=\"padding-left: 30px;\">An der FH CAMPUS 02 befinden sich die Lernunterlagen wie PowerPoint-Folien und\/oder Skripten auf der Lernplattform Moodle. Wollen Sie selbst Audio- oder Videomitschnitte von Lehrveranstaltungen anfertigen, so m\u00fcssen Sie vorher den*die Lehrende um deren Einverst\u00e4ndnis ersuchen.<\/p>\n<p style=\"padding-left: 30px;\">Wir informieren Sie gerne \u00fcber M\u00f6glichkeiten der\u00a0Bereitstellung von Studien-\/Kursunterlagen in alternativem Format (zB <a href=\"http:\/\/www.robobraille.org\/de\" target=\"_blank\" rel=\"noopener\">RoboBraille<\/a>).<\/p>\n<h5 style=\"padding-left: 30px;\"><strong>Individuelle Pr\u00fcfungsbedingungen<\/strong><\/h5>\n<p style=\"padding-left: 30px;\">Gerne informieren wir Sie auch \u00fcber die M\u00f6glichkeit von individuellen Pr\u00fcfungsbedingungen &#8211; das bedeutet, Sie erbringen zwar dieselbe Leistung wie Ihre Studienkolleg*innen, aber auf anderem Weg bzw. mit einer anderen Methode.<\/p>\n<h5 style=\"padding-left: 30px;\"><strong>Pr\u00fcfungsabwicklung und -laptop<\/strong><\/h5>\n<p style=\"padding-left: 30px;\">Die Anpassung der Pr\u00fcfungsmethode und Rahmenbedingungen der Pr\u00fcfung passiert in Abstimmung mit dem jeweiligen Studiengang. Sollten Sie neben Ihrer eigenen technischen Ausstattung zus\u00e4tzliches Equipment ben\u00f6tigen, so geben Sie dies bitte bei Beginn Ihres Studiums\/Einschreibung bekannt.<\/p>\n<h5 style=\"padding-left: 30px;\"><strong>Sonstige individuelle Unterst\u00fctzung im Studienalltag<\/strong><\/h5>\n<p style=\"padding-left: 30px;\">Mobile induktive H\u00f6ranlagen<br \/>\nVermittlung von Lehrveranstaltungsnotizen und Abschriften<br \/>\nKopieren, Scannen<br \/>\nTransport von Gegenst\u00e4nden<br \/>\nUnterst\u00fctzung in Labors<br \/>\nOrientierungshilfe bzw. Begleitung zu gew\u00fcnschten Orten an der FH und in die Bibliothek<br \/>\n&#8230;<\/p>\n                <\/div>\n            <\/div>\n        <\/div>\n            <div class=\"panel panel-default\">\n            <div class=\"panel-heading\" role=\"tab\" id=\"flexAccordion-1-1-heading\">\n                <h4 class=\"panel-title\">\n                    <a role=\"button\" data-toggle=\"collapse\" data-parent=\"#flexAccordion-1\" href=\"#flexAccordion-1-1-collapse\" aria-expanded=\"true\"\n                       aria-controls=\"flexAccordion-1-1-collapse\">\n                        Safety measures                    <\/a>\n                <\/h4>\n            <\/div>\n            <div id=\"flexAccordion-1-1-collapse\" class=\"panel-collapse collapse\" role=\"tabpanel\" aria-labelledby=\"flexAccordion-1-1-heading\">\n                <div class=\"panel-body\">\n                    <p>In the event of danger, such as a fire, you need to react quickly. For students with disabilities, dangerous situations sometimes require special precautions. We hope that you will never be in danger. But if this does happen, we want you to be able to reach competent help quickly.<\/p>\n<p>CAMPUS 02 UAS has therefore drawn up an emergency plan that describes rescue measures for students with disabilities or chronic illnesses in the event of danger.<\/p>\n<h5 style=\"padding-left: 30px;\"><strong>Studierende mit Mobilit\u00e4tseinschr\u00e4nkung<\/strong><\/h5>\n<p style=\"padding-left: 30px;\">Studierenden mit Behinderung stehen die H\u00f6rs\u00e4le am Campus Zusertal, K\u00f6rblergasse 126, im Neubau zur Verf\u00fcgung. Dies sind die H\u00f6rs\u00e4le im Erdgeschoss, CZ 001-004, einerseits mit ebenerdigen Ausgang in das Freigel\u00e4nde und andererseits in Richtung Aula bzw. Aulavorplatz. Die H\u00f6rs\u00e4le im 1. Stock Neubau, CZ 102-110, sind mittels Lift zu erreichen und haben einen Ausgang in den Freibereich zwischen den H\u00f6rsaal CZ 106 und CZ 107. Die Raumbuchung erfolgt in Absprache mit der Studienrichtung und dem Infopoint.<\/p>\n<h5 style=\"padding-left: 30px;\"><strong>Studierende mit H\u00f6rbeeintr\u00e4chtigungen bzw. Sehbeeintr\u00e4chtigungen<\/strong><\/h5>\n<p style=\"padding-left: 30px;\">Organisatorische Ma\u00dfnahmen werden \u00fcber die Lehrenden und den Infopoint getroffen. Aus Sicherheitsgr\u00fcnden ist eine Benutzung der H\u00f6rs\u00e4le zum Lernen ohne weitere im Raum anwesende Personen nicht m\u00f6glich. Alternativ stehen die Computerpl\u00e4tze in der Aula bzw. die Studierendenarbeitspl\u00e4tze in der Bibliothek zur Verf\u00fcgung. In der Bibliothek ist zu den \u00d6ffnungszeiten immer ein*e Mitarbeiter*in anwesend.<\/p>\n                <\/div>\n            <\/div>\n        <\/div>\n            <div class=\"panel panel-default\">\n            <div class=\"panel-heading\" role=\"tab\" id=\"flexAccordion-1-2-heading\">\n                <h4 class=\"panel-title\">\n                    <a role=\"button\" data-toggle=\"collapse\" data-parent=\"#flexAccordion-1\" href=\"#flexAccordion-1-2-collapse\" aria-expanded=\"true\"\n                       aria-controls=\"flexAccordion-1-2-collapse\">\n                        Barrier-free web                    <\/a>\n                <\/h4>\n            <\/div>\n            <div id=\"flexAccordion-1-2-collapse\" class=\"panel-collapse collapse\" role=\"tabpanel\" aria-labelledby=\"flexAccordion-1-2-heading\">\n                <div class=\"panel-body\">\n                    <p>Accessible web means that all information provided online is accessible to all people with disabilities in the same quality. This applies to people with sensory impairments as well as people with mobility impairments who use special output and input software on their PC.<\/p>\n<p>In order to ensure this accessibility, guidelines for accessible web content (WCAG) from the World Wide Web Consortium (w3c) must be taken into account when designing websites or offerings on learning platforms such as Moodle. WCAG 2.0 is based on 4 principles to which the 12 guidelines are assigned. For each guideline, WCAG 2.0 defines success criteria (61 in total) that must be fulfilled. Each success criterion is assigned a priority (A, AA or AAA), which indicates how important the fulfilment of this success criterion is for people with disabilities.<\/p>\n                <\/div>\n            <\/div>\n        <\/div>\n    <\/div>\n<\/div><div class=\"flex-campus-main flex-campus-main-Heading\"><h3>Feedback<\/h3><\/div><div class=\"flex-campus-main flex-campus-main-Textbox\"><div class=\"alert bg-yellow\">\n        <p><strong>Your feedback is very important to us. To enable you to study without barriers, we are particularly dependent on your feedback!<\/strong><\/p>\n    <\/div><\/div><div class=\"flex-campus-main flex-campus-main-Text\"><p>Durch Ihre Erfahrung haben wir die Chance, uns kontinuierlich zu verbessern und eventuelle Benachteiligungen von Studierenden mit Behinderung oder chronischen Erkrankungen auszur\u00e4umen bzw. L\u00f6sungen nachhaltig in den Steuerungsmechanismen unserer Fachhochschule zu verankern. Bitte schreiben Sie uns ein E-Mail oder rufen Sie uns an!<\/p>\n<p>&nbsp;<\/p>\n<\/div><div class=\"flex-campus-main flex-campus-main-Linklist\"><div class=\"linkcollection\">\n            <h3>Further Information<\/h3>\n        <p class=\"linkcollection-link\"><a class=\"\" href=\"http:\/\/www.uniability.org\" target=\"_blank\"><i class=\"fa fa-external-link-square\"><\/i>Uniability: Working group for equal opportunities for people with disabilities and chronic illnesses at Austrian universities and colleges<\/a><\/p><p class=\"linkcollection-link\"><a class=\"\" href=\"http:\/\/www.hochschulombudsmann.at\/wp-content\/uploads\/2018\/08\/Stichwort_Studieren_mit_Behinderung-Stand-April-2018.pdf\" target=\"_blank\"><i class=\"fa fa-external-link-square\"><\/i>Ratgeber f\u00fcr behinderte und chronisch kranke Studierende<\/a><\/p><p class=\"linkcollection-link\"><a class=\"\" href=\"http:\/\/www.studieren.at\/studieren-mit-behinderung\" target=\"_blank\"><i class=\"fa fa-external-link-square\"><\/i>Studying with a disability<\/a><\/p><p class=\"linkcollection-link\"><a class=\"\" href=\"http:\/\/www.studierendenberatung.at\" target=\"_blank\"><i class=\"fa fa-external-link-square\"><\/i>Psychological counselling for students<\/a><\/p><p class=\"linkcollection-link\"><a class=\"\" href=\"https:\/\/www.sozialministeriumservice.at\/\" target=\"_blank\"><i class=\"fa fa-external-link-square\"><\/i>Ministry of Social Affairs Service<\/a><\/p><p class=\"linkcollection-link\"><a class=\"\" href=\"https:\/\/www.help.gv.at\/Portal.Node\/hlpd\/public\/content\/132\/Seite.1320000.html\" target=\"_blank\"><i class=\"fa fa-external-link-square\"><\/i>Infos zum Thema &quot;Studium und Behinderung&quot; auf www.help.gv.at<\/a><\/p><p class=\"linkcollection-link\"><a class=\"\" href=\"https:\/\/www.stipendium.at\/studienfoerderung\/studienbeihilfe\/behinderung\/\" target=\"_blank\"><i class=\"fa fa-external-link-square\"><\/i>Student financial aid<\/a><\/p><\/div><\/div>\n<\/div>","protected":false},"excerpt":{"rendered":"<p>Eine Behinderung, chronische Erkrankung oder sonstige Beeintr\u00e4chtigung kann\u00a0ein Studium verkomplizieren, denn vieles ist mit <a href=\"https:\/\/www.campus02.at\/en\/campus_contentpart\/barrierefreiheit-studium\/\" class=\"more-link\">more&hellip;<\/a><\/p>","protected":false},"author":135,"featured_media":0,"parent":1455,"menu_order":4,"comment_status":"closed","ping_status":"closed","template":"","meta":{"_acf_changed":false,"footnotes":""},"coauthors":[700,1094,1063],"class_list":["post-5162","page","type-page","status-publish","hentry"],"acf":[],"yoast_head":"<!-- This site is optimized with the Yoast SEO plugin v26.9 - https:\/\/yoast.com\/product\/yoast-seo-wordpress\/ -->\n<title>Barrierefreies Studium - FH CAMPUS 02<\/title>\n<meta name=\"robots\" content=\"index, follow, max-snippet:-1, max-image-preview:large, max-video-preview:-1\" \/>\n<link rel=\"canonical\" href=\"https:\/\/www.campus02.at\/en\/unsere-hochschule\/zentrale-services\/gender-diversity-management\/barrierefreiheit\/barrierefreiheit-studium-1\/\" \/>\n<meta property=\"og:locale\" content=\"en_GB\" \/>\n<meta property=\"og:type\" content=\"article\" \/>\n<meta property=\"og:title\" content=\"Barrierefreies Studium - FH CAMPUS 02\" \/>\n<meta property=\"og:description\" content=\"Eine Behinderung, chronische Erkrankung oder sonstige Beeintr\u00e4chtigung kann\u00a0ein Studium verkomplizieren, denn vieles ist mit more&hellip;\" \/>\n<meta property=\"og:url\" content=\"https:\/\/www.campus02.at\/en\/unsere-hochschule\/zentrale-services\/gender-diversity-management\/barrierefreiheit\/barrierefreiheit-studium-1\/\" \/>\n<meta property=\"og:site_name\" content=\"FH CAMPUS 02\" \/>\n<meta property=\"article:modified_time\" content=\"2022-07-18T12:39:02+00:00\" \/>\n<meta property=\"og:image\" content=\"https:\/\/www.campus02.at\/wp-content\/uploads\/2015\/10\/T_LEI2980.jpg\" \/>\n\t<meta property=\"og:image:width\" content=\"1200\" \/>\n\t<meta property=\"og:image:height\" content=\"630\" \/>\n\t<meta property=\"og:image:type\" content=\"image\/jpeg\" \/>\n<meta name=\"twitter:card\" content=\"summary_large_image\" \/>\n<script type=\"application\/ld+json\" class=\"yoast-schema-graph\">{\"@context\":\"https:\/\/schema.org\",\"@graph\":[{\"@type\":\"WebPage\",\"@id\":\"https:\/\/www.campus02.at\/unsere-hochschule\/zentrale-services\/gender-diversity-management\/barrierefreiheit\/barrierefreiheit-studium-1\/\",\"url\":\"https:\/\/www.campus02.at\/unsere-hochschule\/zentrale-services\/gender-diversity-management\/barrierefreiheit\/barrierefreiheit-studium-1\/\",\"name\":\"Barrierefreies Studium - FH CAMPUS 02\",\"isPartOf\":{\"@id\":\"https:\/\/www.campus02.at\/#website\"},\"datePublished\":\"2016-07-12T08:51:27+00:00\",\"dateModified\":\"2022-07-18T12:39:02+00:00\",\"breadcrumb\":{\"@id\":\"https:\/\/www.campus02.at\/unsere-hochschule\/zentrale-services\/gender-diversity-management\/barrierefreiheit\/barrierefreiheit-studium-1\/#breadcrumb\"},\"inLanguage\":\"en-GB\",\"potentialAction\":[{\"@type\":\"ReadAction\",\"target\":[\"https:\/\/www.campus02.at\/unsere-hochschule\/zentrale-services\/gender-diversity-management\/barrierefreiheit\/barrierefreiheit-studium-1\/\"]}]},{\"@type\":\"BreadcrumbList\",\"@id\":\"https:\/\/www.campus02.at\/unsere-hochschule\/zentrale-services\/gender-diversity-management\/barrierefreiheit\/barrierefreiheit-studium-1\/#breadcrumb\",\"itemListElement\":[{\"@type\":\"ListItem\",\"position\":1,\"name\":\"Startseite\",\"item\":\"https:\/\/www.campus02.at\/\"},{\"@type\":\"ListItem\",\"position\":2,\"name\":\"Organisation\",\"item\":\"https:\/\/www.campus02.at\/unsere-hochschule\/\"},{\"@type\":\"ListItem\",\"position\":3,\"name\":\"Zentrale Services\",\"item\":\"https:\/\/www.campus02.at\/unsere-hochschule\/zentrale-services\/\"},{\"@type\":\"ListItem\",\"position\":4,\"name\":\"Gender &#038; Diversity Management\",\"item\":\"https:\/\/www.campus02.at\/unsere-hochschule\/zentrale-services\/gender-diversity-management\/\"},{\"@type\":\"ListItem\",\"position\":5,\"name\":\"Barrierefreiheit\",\"item\":\"https:\/\/www.campus02.at\/unsere-hochschule\/zentrale-services\/gender-diversity-management\/barrierefreiheit\/\"},{\"@type\":\"ListItem\",\"position\":6,\"name\":\"Barrierefreies Studium\"}]},{\"@type\":\"WebSite\",\"@id\":\"https:\/\/www.campus02.at\/#website\",\"url\":\"https:\/\/www.campus02.at\/\",\"name\":\"FH CAMPUS 02\",\"description\":\"\",\"publisher\":{\"@id\":\"https:\/\/www.campus02.at\/#organization\"},\"potentialAction\":[{\"@type\":\"SearchAction\",\"target\":{\"@type\":\"EntryPoint\",\"urlTemplate\":\"https:\/\/www.campus02.at\/?s={search_term_string}\"},\"query-input\":{\"@type\":\"PropertyValueSpecification\",\"valueRequired\":true,\"valueName\":\"search_term_string\"}}],\"inLanguage\":\"en-GB\"},{\"@type\":\"Organization\",\"@id\":\"https:\/\/www.campus02.at\/#organization\",\"name\":\"FH CAMPUS 02\",\"url\":\"https:\/\/www.campus02.at\/\",\"logo\":{\"@type\":\"ImageObject\",\"inLanguage\":\"en-GB\",\"@id\":\"https:\/\/www.campus02.at\/#\/schema\/logo\/image\/\",\"url\":\"https:\/\/www.campus02.at\/wp-content\/uploads\/2016\/10\/Logo.jpg\",\"contentUrl\":\"https:\/\/www.campus02.at\/wp-content\/uploads\/2016\/10\/Logo.jpg\",\"width\":1108,\"height\":440,\"caption\":\"FH CAMPUS 02\"},\"image\":{\"@id\":\"https:\/\/www.campus02.at\/#\/schema\/logo\/image\/\"}}]}<\/script>\n<!-- \/ Yoast SEO plugin. -->","yoast_head_json":{"title":"Barrierefreies Studium - FH CAMPUS 02","robots":{"index":"index","follow":"follow","max-snippet":"max-snippet:-1","max-image-preview":"max-image-preview:large","max-video-preview":"max-video-preview:-1"},"canonical":"https:\/\/www.campus02.at\/en\/unsere-hochschule\/zentrale-services\/gender-diversity-management\/barrierefreiheit\/barrierefreiheit-studium-1\/","og_locale":"en_GB","og_type":"article","og_title":"Barrierefreies Studium - FH CAMPUS 02","og_description":"Eine Behinderung, chronische Erkrankung oder sonstige Beeintr\u00e4chtigung kann\u00a0ein Studium verkomplizieren, denn vieles ist mit more&hellip;","og_url":"https:\/\/www.campus02.at\/en\/unsere-hochschule\/zentrale-services\/gender-diversity-management\/barrierefreiheit\/barrierefreiheit-studium-1\/","og_site_name":"FH CAMPUS 02","article_modified_time":"2022-07-18T12:39:02+00:00","og_image":[{"width":1200,"height":630,"url":"https:\/\/www.campus02.at\/wp-content\/uploads\/2015\/10\/T_LEI2980.jpg","type":"image\/jpeg"}],"twitter_card":"summary_large_image","schema":{"@context":"https:\/\/schema.org","@graph":[{"@type":"WebPage","@id":"https:\/\/www.campus02.at\/unsere-hochschule\/zentrale-services\/gender-diversity-management\/barrierefreiheit\/barrierefreiheit-studium-1\/","url":"https:\/\/www.campus02.at\/unsere-hochschule\/zentrale-services\/gender-diversity-management\/barrierefreiheit\/barrierefreiheit-studium-1\/","name":"Barrierefreies Studium - FH CAMPUS 02","isPartOf":{"@id":"https:\/\/www.campus02.at\/#website"},"datePublished":"2016-07-12T08:51:27+00:00","dateModified":"2022-07-18T12:39:02+00:00","breadcrumb":{"@id":"https:\/\/www.campus02.at\/unsere-hochschule\/zentrale-services\/gender-diversity-management\/barrierefreiheit\/barrierefreiheit-studium-1\/#breadcrumb"},"inLanguage":"en-GB","potentialAction":[{"@type":"ReadAction","target":["https:\/\/www.campus02.at\/unsere-hochschule\/zentrale-services\/gender-diversity-management\/barrierefreiheit\/barrierefreiheit-studium-1\/"]}]},{"@type":"BreadcrumbList","@id":"https:\/\/www.campus02.at\/unsere-hochschule\/zentrale-services\/gender-diversity-management\/barrierefreiheit\/barrierefreiheit-studium-1\/#breadcrumb","itemListElement":[{"@type":"ListItem","position":1,"name":"Startseite","item":"https:\/\/www.campus02.at\/"},{"@type":"ListItem","position":2,"name":"Organisation","item":"https:\/\/www.campus02.at\/unsere-hochschule\/"},{"@type":"ListItem","position":3,"name":"Zentrale Services","item":"https:\/\/www.campus02.at\/unsere-hochschule\/zentrale-services\/"},{"@type":"ListItem","position":4,"name":"Gender &#038; Diversity Management","item":"https:\/\/www.campus02.at\/unsere-hochschule\/zentrale-services\/gender-diversity-management\/"},{"@type":"ListItem","position":5,"name":"Barrierefreiheit","item":"https:\/\/www.campus02.at\/unsere-hochschule\/zentrale-services\/gender-diversity-management\/barrierefreiheit\/"},{"@type":"ListItem","position":6,"name":"Barrierefreies Studium"}]},{"@type":"WebSite","@id":"https:\/\/www.campus02.at\/#website","url":"https:\/\/www.campus02.at\/","name":"CAMPUS 02 UAS","description":"","publisher":{"@id":"https:\/\/www.campus02.at\/#organization"},"potentialAction":[{"@type":"SearchAction","target":{"@type":"EntryPoint","urlTemplate":"https:\/\/www.campus02.at\/?s={search_term_string}"},"query-input":{"@type":"PropertyValueSpecification","valueRequired":true,"valueName":"search_term_string"}}],"inLanguage":"en-GB"},{"@type":"Organization","@id":"https:\/\/www.campus02.at\/#organization","name":"CAMPUS 02 UAS","url":"https:\/\/www.campus02.at\/","logo":{"@type":"ImageObject","inLanguage":"en-GB","@id":"https:\/\/www.campus02.at\/#\/schema\/logo\/image\/","url":"https:\/\/www.campus02.at\/wp-content\/uploads\/2016\/10\/Logo.jpg","contentUrl":"https:\/\/www.campus02.at\/wp-content\/uploads\/2016\/10\/Logo.jpg","width":1108,"height":440,"caption":"FH CAMPUS 02"},"image":{"@id":"https:\/\/www.campus02.at\/#\/schema\/logo\/image\/"}}]}},"_links":{"self":[{"href":"https:\/\/www.campus02.at\/en\/wp-json\/wp\/v2\/pages\/5162","targetHints":{"allow":["GET"]}}],"collection":[{"href":"https:\/\/www.campus02.at\/en\/wp-json\/wp\/v2\/pages"}],"about":[{"href":"https:\/\/www.campus02.at\/en\/wp-json\/wp\/v2\/types\/page"}],"author":[{"embeddable":true,"href":"https:\/\/www.campus02.at\/en\/wp-json\/wp\/v2\/users\/135"}],"replies":[{"embeddable":true,"href":"https:\/\/www.campus02.at\/en\/wp-json\/wp\/v2\/comments?post=5162"}],"version-history":[{"count":7,"href":"https:\/\/www.campus02.at\/en\/wp-json\/wp\/v2\/pages\/5162\/revisions"}],"predecessor-version":[{"id":105893,"href":"https:\/\/www.campus02.at\/en\/wp-json\/wp\/v2\/pages\/5162\/revisions\/105893"}],"up":[{"embeddable":true,"href":"https:\/\/www.campus02.at\/en\/wp-json\/wp\/v2\/pages\/1455"}],"wp:attachment":[{"href":"https:\/\/www.campus02.at\/en\/wp-json\/wp\/v2\/media?parent=5162"}],"wp:term":[{"taxonomy":"author","embeddable":true,"href":"https:\/\/www.campus02.at\/en\/wp-json\/wp\/v2\/coauthors?post=5162"}],"curies":[{"name":"wp","href":"https:\/\/api.w.org\/{rel}","templated":true}]}}