{"id":3365,"date":"2016-06-30T09:32:43","date_gmt":"2016-06-30T07:32:43","guid":{"rendered":"https:\/\/www.campus02.at\/?page_id=3365"},"modified":"2022-06-13T14:58:08","modified_gmt":"2022-06-13T12:58:08","slug":"versicherung","status":"publish","type":"page","link":"https:\/\/www.campus02.at\/en\/internationales\/studierendenmobilitaet\/incoming\/versicherung\/","title":{"rendered":"Insurance"},"content":{"rendered":"<div class=\"flex-campus-main flex-campus-main-Heading\"><h1>Insurance<\/h1><\/div><div class=\"flex-campus-main flex-campus-main-Text\"><p style=\"text-align: justify;\">Wie bei jeder Auslandsreise, empfiehlt es sich auch f\u00fcr einen l\u00e4ngeren Studienaufenthalt eine <strong>ausreichende, in \u00d6sterreich g\u00fcltige Versicherung<\/strong> abzuschlie\u00dfen. Neben einer <strong>Health Insurance<\/strong> sollten sie <strong>weiters<\/strong> eine <strong>Reise- und R\u00fccktransportversicherung<\/strong> und gegebenenfalls auch einer <strong>Unfall- und Haftpflichtversicherung (insbesondere bei Praktika)<\/strong> abschlie\u00dfen.<\/p>\n<p style=\"text-align: justify;\">\u00d6sterreich verf\u00fcgt \u00fcber ein gut funktionierendes, \u00f6ffentliches <strong>Sozialversicherungssystem<\/strong>. <strong>EU\/EWR-B\u00fcrger*innen<\/strong>, welche im Heimatland \u00fcber eine aufrechte staatliche Krankenversicherung verf\u00fcgen, m\u00fcssen im Krankheitsfall die <strong>Europ\u00e4ische Krankenversicherungskarte (E-Card)<\/strong> im Krankenhaus oder in der Arztpraxis vorweisen, um \u00e4rztliche Leistungen kostenlos beanspruchen zu k\u00f6nnen.<\/p>\n<p style=\"text-align: justify;\">Studierende aus <strong>Nicht-EU\/EWR-Staaten<\/strong> m\u00fcssen eine <strong><a href=\"http:\/\/www.stgkk.at\/portal27\/portal\/stgkkportal\/content\/contentWindow?action=2&amp;viewmode=content&amp;contentid=10007.711969\">Selbstversicherung f\u00fcr Studierende<\/a> bei der <a href=\"http:\/\/www.stgkk.at\/portal27\/portal\/stgkkportal\/content\/contentWindow?contentid=10007.711349&amp;action=2&amp;viewmode=content\">Steierm\u00e4rkischen Gebietskrankenkasse (GKK)<\/a><\/strong>, am Josef-Pongratz Platz 1, abschlie\u00dfen. Diese kostet f\u00fcr Studierende derzeit <strong>\u20ac 55,40 pro Monat<\/strong> und deckt auch Besuche bei Augen\u00e4rzt*innen und Zahn\u00e4rzt*innen ab. Es sind jedoch Einkommensobergrenzen und die Einhaltung bestimmter Bedingungen (Studienzeiten und Studienwechsel) zu ber\u00fccksichtigen. Nach Abschluss der Versicherung bei der GKK wird die E-Card per Post zugesandt, welche weitere, einmalige <strong>\u20ac 11,-<\/strong> kostet. Die E-Card muss bei jedem Arzt- oder Krankenhausbesuch mitgenommen werden.<\/p>\n<p style=\"text-align: justify;\">Auch <strong>private Krankenversicherungen<\/strong> sind m\u00f6glich. Da der Leistungsumfang dieser Versicherungen jedoch sehr unterschiedlich ist, sollte das Angebot vor Versicherungsabschluss genau gepr\u00fcft werden. Der Vorteil von Privatversicherungen besteht darin, dass der <strong>G\u00fcltigkeitsbereich ganz \u00d6sterreich umfasst<\/strong> und ausreichend Schutz f\u00fcr verschiedene Krankheitsf\u00e4lle (meist auch mit R\u00fcckholung) gegeben ist.<\/p>\n<p style=\"text-align: justify;\"><strong>Detaillierte Informationen<\/strong> zum Thema Versicherungen finden Sie auf der <a href=\"https:\/\/oead.at\/de\/nach-oesterreich\/einreise-und-aufenthalt\/krankenversicherung\/\">Webseite des OeAD<\/a>.<\/p>\n<\/div><div class=\"flex-campus-main flex-campus-main-Image\"><figure><a href=\"https:\/\/www.campus02.at\/wp-content\/uploads\/2016\/01\/LEI3425.jpg\"><img decoding=\"async\" src=\"https:\/\/www.campus02.at\/wp-content\/uploads\/2016\/01\/LEI3425-1024x768.jpg\" class=\"img-responsive\" alt=\"\u00a9 FH CAMPUS 02\/Leitner\" \/><\/a><\/figure><\/div>","protected":false},"excerpt":{"rendered":"<p>VersicherungWie bei jeder Auslandsreise, empfiehlt es sich auch f\u00fcr einen l\u00e4ngeren Studienaufenthalt eine ausreichende, in <a href=\"https:\/\/www.campus02.at\/en\/internationales\/studierendenmobilitaet\/incoming\/versicherung\/\" class=\"more-link\">more&hellip;<\/a><\/p>","protected":false},"author":169,"featured_media":0,"parent":1650,"menu_order":4,"comment_status":"closed","ping_status":"closed","template":"","meta":{"_acf_changed":false,"footnotes":""},"coauthors":[1067,664],"class_list":["post-3365","page","type-page","status-publish","hentry"],"acf":[],"yoast_head":"<!-- This site is optimized with the Yoast SEO plugin v26.9 - https:\/\/yoast.com\/product\/yoast-seo-wordpress\/ -->\n<title>Versicherung - FH CAMPUS 02<\/title>\n<meta name=\"robots\" content=\"index, follow, max-snippet:-1, max-image-preview:large, max-video-preview:-1\" \/>\n<link rel=\"canonical\" href=\"https:\/\/www.campus02.at\/en\/internationales\/studierendenmobilitaet\/incoming\/versicherung\/\" \/>\n<meta property=\"og:locale\" content=\"en_GB\" \/>\n<meta property=\"og:type\" content=\"article\" \/>\n<meta property=\"og:title\" content=\"Versicherung - FH CAMPUS 02\" \/>\n<meta property=\"og:description\" content=\"VersicherungWie bei jeder Auslandsreise, empfiehlt es sich auch f\u00fcr einen l\u00e4ngeren Studienaufenthalt eine ausreichende, in more&hellip;\" \/>\n<meta property=\"og:url\" content=\"https:\/\/www.campus02.at\/en\/internationales\/studierendenmobilitaet\/incoming\/versicherung\/\" \/>\n<meta property=\"og:site_name\" content=\"FH CAMPUS 02\" \/>\n<meta property=\"article:modified_time\" content=\"2022-06-13T12:58:08+00:00\" \/>\n<meta property=\"og:image\" content=\"https:\/\/www.campus02.at\/wp-content\/uploads\/2015\/10\/T_LEI2980.jpg\" \/>\n\t<meta property=\"og:image:width\" content=\"1200\" \/>\n\t<meta property=\"og:image:height\" content=\"630\" \/>\n\t<meta property=\"og:image:type\" content=\"image\/jpeg\" \/>\n<meta name=\"twitter:card\" content=\"summary_large_image\" \/>\n<meta name=\"twitter:label1\" content=\"Written by\" \/>\n\t<meta name=\"twitter:data1\" content=\"Zelenik Maja\" \/>\n<script type=\"application\/ld+json\" class=\"yoast-schema-graph\">{\"@context\":\"https:\/\/schema.org\",\"@graph\":[{\"@type\":\"WebPage\",\"@id\":\"https:\/\/www.campus02.at\/internationales\/studierendenmobilitaet\/incoming\/versicherung\/\",\"url\":\"https:\/\/www.campus02.at\/internationales\/studierendenmobilitaet\/incoming\/versicherung\/\",\"name\":\"Versicherung - FH CAMPUS 02\",\"isPartOf\":{\"@id\":\"https:\/\/www.campus02.at\/#website\"},\"datePublished\":\"2016-06-30T07:32:43+00:00\",\"dateModified\":\"2022-06-13T12:58:08+00:00\",\"breadcrumb\":{\"@id\":\"https:\/\/www.campus02.at\/internationales\/studierendenmobilitaet\/incoming\/versicherung\/#breadcrumb\"},\"inLanguage\":\"en-GB\",\"potentialAction\":[{\"@type\":\"ReadAction\",\"target\":[\"https:\/\/www.campus02.at\/internationales\/studierendenmobilitaet\/incoming\/versicherung\/\"]}]},{\"@type\":\"BreadcrumbList\",\"@id\":\"https:\/\/www.campus02.at\/internationales\/studierendenmobilitaet\/incoming\/versicherung\/#breadcrumb\",\"itemListElement\":[{\"@type\":\"ListItem\",\"position\":1,\"name\":\"Startseite\",\"item\":\"https:\/\/www.campus02.at\/\"},{\"@type\":\"ListItem\",\"position\":2,\"name\":\"Internationales\",\"item\":\"https:\/\/www.campus02.at\/internationales\/\"},{\"@type\":\"ListItem\",\"position\":3,\"name\":\"Studierendenmobilit\u00e4t\",\"item\":\"https:\/\/www.campus02.at\/internationales\/studierendenmobilitaet\/\"},{\"@type\":\"ListItem\",\"position\":4,\"name\":\"Incoming\",\"item\":\"https:\/\/www.campus02.at\/internationales\/studierendenmobilitaet\/incoming\/\"},{\"@type\":\"ListItem\",\"position\":5,\"name\":\"Versicherung\"}]},{\"@type\":\"WebSite\",\"@id\":\"https:\/\/www.campus02.at\/#website\",\"url\":\"https:\/\/www.campus02.at\/\",\"name\":\"FH CAMPUS 02\",\"description\":\"\",\"publisher\":{\"@id\":\"https:\/\/www.campus02.at\/#organization\"},\"potentialAction\":[{\"@type\":\"SearchAction\",\"target\":{\"@type\":\"EntryPoint\",\"urlTemplate\":\"https:\/\/www.campus02.at\/?s={search_term_string}\"},\"query-input\":{\"@type\":\"PropertyValueSpecification\",\"valueRequired\":true,\"valueName\":\"search_term_string\"}}],\"inLanguage\":\"en-GB\"},{\"@type\":\"Organization\",\"@id\":\"https:\/\/www.campus02.at\/#organization\",\"name\":\"FH CAMPUS 02\",\"url\":\"https:\/\/www.campus02.at\/\",\"logo\":{\"@type\":\"ImageObject\",\"inLanguage\":\"en-GB\",\"@id\":\"https:\/\/www.campus02.at\/#\/schema\/logo\/image\/\",\"url\":\"https:\/\/www.campus02.at\/wp-content\/uploads\/2016\/10\/Logo.jpg\",\"contentUrl\":\"https:\/\/www.campus02.at\/wp-content\/uploads\/2016\/10\/Logo.jpg\",\"width\":1108,\"height\":440,\"caption\":\"FH CAMPUS 02\"},\"image\":{\"@id\":\"https:\/\/www.campus02.at\/#\/schema\/logo\/image\/\"}}]}<\/script>\n<!-- \/ Yoast SEO plugin. -->","yoast_head_json":{"title":"Versicherung - FH CAMPUS 02","robots":{"index":"index","follow":"follow","max-snippet":"max-snippet:-1","max-image-preview":"max-image-preview:large","max-video-preview":"max-video-preview:-1"},"canonical":"https:\/\/www.campus02.at\/en\/internationales\/studierendenmobilitaet\/incoming\/versicherung\/","og_locale":"en_GB","og_type":"article","og_title":"Versicherung - FH CAMPUS 02","og_description":"VersicherungWie bei jeder Auslandsreise, empfiehlt es sich auch f\u00fcr einen l\u00e4ngeren Studienaufenthalt eine ausreichende, in more&hellip;","og_url":"https:\/\/www.campus02.at\/en\/internationales\/studierendenmobilitaet\/incoming\/versicherung\/","og_site_name":"FH CAMPUS 02","article_modified_time":"2022-06-13T12:58:08+00:00","og_image":[{"width":1200,"height":630,"url":"https:\/\/www.campus02.at\/wp-content\/uploads\/2015\/10\/T_LEI2980.jpg","type":"image\/jpeg"}],"twitter_card":"summary_large_image","twitter_misc":{"Written by":"Zelenik Maja"},"schema":{"@context":"https:\/\/schema.org","@graph":[{"@type":"WebPage","@id":"https:\/\/www.campus02.at\/internationales\/studierendenmobilitaet\/incoming\/versicherung\/","url":"https:\/\/www.campus02.at\/internationales\/studierendenmobilitaet\/incoming\/versicherung\/","name":"Versicherung - FH CAMPUS 02","isPartOf":{"@id":"https:\/\/www.campus02.at\/#website"},"datePublished":"2016-06-30T07:32:43+00:00","dateModified":"2022-06-13T12:58:08+00:00","breadcrumb":{"@id":"https:\/\/www.campus02.at\/internationales\/studierendenmobilitaet\/incoming\/versicherung\/#breadcrumb"},"inLanguage":"en-GB","potentialAction":[{"@type":"ReadAction","target":["https:\/\/www.campus02.at\/internationales\/studierendenmobilitaet\/incoming\/versicherung\/"]}]},{"@type":"BreadcrumbList","@id":"https:\/\/www.campus02.at\/internationales\/studierendenmobilitaet\/incoming\/versicherung\/#breadcrumb","itemListElement":[{"@type":"ListItem","position":1,"name":"Startseite","item":"https:\/\/www.campus02.at\/"},{"@type":"ListItem","position":2,"name":"Internationales","item":"https:\/\/www.campus02.at\/internationales\/"},{"@type":"ListItem","position":3,"name":"Studierendenmobilit\u00e4t","item":"https:\/\/www.campus02.at\/internationales\/studierendenmobilitaet\/"},{"@type":"ListItem","position":4,"name":"Incoming","item":"https:\/\/www.campus02.at\/internationales\/studierendenmobilitaet\/incoming\/"},{"@type":"ListItem","position":5,"name":"Versicherung"}]},{"@type":"WebSite","@id":"https:\/\/www.campus02.at\/#website","url":"https:\/\/www.campus02.at\/","name":"CAMPUS 02 UAS","description":"","publisher":{"@id":"https:\/\/www.campus02.at\/#organization"},"potentialAction":[{"@type":"SearchAction","target":{"@type":"EntryPoint","urlTemplate":"https:\/\/www.campus02.at\/?s={search_term_string}"},"query-input":{"@type":"PropertyValueSpecification","valueRequired":true,"valueName":"search_term_string"}}],"inLanguage":"en-GB"},{"@type":"Organization","@id":"https:\/\/www.campus02.at\/#organization","name":"CAMPUS 02 UAS","url":"https:\/\/www.campus02.at\/","logo":{"@type":"ImageObject","inLanguage":"en-GB","@id":"https:\/\/www.campus02.at\/#\/schema\/logo\/image\/","url":"https:\/\/www.campus02.at\/wp-content\/uploads\/2016\/10\/Logo.jpg","contentUrl":"https:\/\/www.campus02.at\/wp-content\/uploads\/2016\/10\/Logo.jpg","width":1108,"height":440,"caption":"FH CAMPUS 02"},"image":{"@id":"https:\/\/www.campus02.at\/#\/schema\/logo\/image\/"}}]}},"_links":{"self":[{"href":"https:\/\/www.campus02.at\/en\/wp-json\/wp\/v2\/pages\/3365","targetHints":{"allow":["GET"]}}],"collection":[{"href":"https:\/\/www.campus02.at\/en\/wp-json\/wp\/v2\/pages"}],"about":[{"href":"https:\/\/www.campus02.at\/en\/wp-json\/wp\/v2\/types\/page"}],"author":[{"embeddable":true,"href":"https:\/\/www.campus02.at\/en\/wp-json\/wp\/v2\/users\/169"}],"replies":[{"embeddable":true,"href":"https:\/\/www.campus02.at\/en\/wp-json\/wp\/v2\/comments?post=3365"}],"version-history":[{"count":7,"href":"https:\/\/www.campus02.at\/en\/wp-json\/wp\/v2\/pages\/3365\/revisions"}],"predecessor-version":[{"id":117753,"href":"https:\/\/www.campus02.at\/en\/wp-json\/wp\/v2\/pages\/3365\/revisions\/117753"}],"up":[{"embeddable":true,"href":"https:\/\/www.campus02.at\/en\/wp-json\/wp\/v2\/pages\/1650"}],"wp:attachment":[{"href":"https:\/\/www.campus02.at\/en\/wp-json\/wp\/v2\/media?parent=3365"}],"wp:term":[{"taxonomy":"author","embeddable":true,"href":"https:\/\/www.campus02.at\/en\/wp-json\/wp\/v2\/coauthors?post=3365"}],"curies":[{"name":"wp","href":"https:\/\/api.w.org\/{rel}","templated":true}]}}