{"id":3341,"date":"2016-06-30T09:29:51","date_gmt":"2016-06-30T07:29:51","guid":{"rendered":"https:\/\/www.campus02.at\/?page_id=3341"},"modified":"2022-06-13T14:57:55","modified_gmt":"2022-06-13T12:57:55","slug":"studentische-einrichtungen","status":"publish","type":"page","link":"https:\/\/www.campus02.at\/en\/internationales\/studierendenmobilitaet\/incoming\/studentische-einrichtungen\/","title":{"rendered":"Student housing"},"content":{"rendered":"<div class=\"flex-campus-main flex-campus-main-Heading\"><h1>Student housing<\/h1><\/div><div class=\"flex-campus-main flex-campus-main-Textbox\"><div class=\"alert bg-yellow\">\n            <h3>\u00d6H FH CAMPUS 02<\/h3>\n        <p style=\"text-align: justify;\">Breda University of Applied Sciences ( <strong>\u00d6sterreichische Hochsch\u00fcler*innenschaft (\u00d6H) der FH CAMPUS 02<\/strong> sieht sich als <strong>Ansprechpartner*in<\/strong> der Studierenden bei Fragen und Anliegen aller Art und versteht sich dar\u00fcber hinaus als <strong>Mittler*in<\/strong> zwischen FH CAMPUS 02 Studierenden und der Institution. Sie organisiert <strong>verschiedene Aktivit\u00e4ten<\/strong> f\u00fcr Studierende, wobei besonders die FH CAMPUS 02 <strong>Summer Academy<\/strong> hervorzuheben ist.<\/p>\n<p style=\"text-align: justify;\">N\u00e4here Informationen dazu auf der Webseite der <a href=\"http:\/\/oeh.campus02.at\">\u00d6H FH CAMPUS 02<\/a>.<\/p>\n    <\/div><\/div><div class=\"flex-campus-main flex-campus-main-Image\"><figure><a href=\"https:\/\/www.campus02.at\/wp-content\/uploads\/2016\/05\/m120508c178.jpg\"><img decoding=\"async\" src=\"https:\/\/www.campus02.at\/wp-content\/uploads\/2016\/05\/m120508c178-1024x683.jpg\" class=\"img-responsive\" alt=\"\u00a9 FH CAMPUS 02\/Melbinger\" \/><\/a><\/figure><\/div><div class=\"flex-campus-main flex-campus-main-Textbox\"><div class=\"alert bg-yellow\">\n            <h3>Referat f\u00fcr Internationales und ESN<\/h3>\n        <p style=\"text-align: justify;\">Das <strong>Referat f\u00fcr Internationales<\/strong> der \u00d6sterreichischen Hochsch\u00fcler*innenschaft der Universit\u00e4t Graz arbeitet eng mit dem <strong>International Erasmus Student Network<\/strong> zusammen. Es organisiert <strong>zahlreiche Aktivit\u00e4ten<\/strong> und bietet hilfreiche <strong>Angebote f\u00fcr Austauschstudierende<\/strong> in Graz an. Zudem findet <strong>alle zwei Wochen ein Stammtisch<\/strong> f\u00fcr Austauschstudierende statt.<\/p>\n<p style=\"text-align: justify;\">W\u00e4hrend der \u00d6ffnungszeiten besteht die M\u00f6glichkeit, um <strong>\u20ac 5,- eine ESN-Card<\/strong> zu kaufen, mit welcher man <strong>Preisrabatte<\/strong> in einigen Grazer Lokalen und Gesch\u00e4ften erh\u00e4lt. Dazu gibt es eine <strong>kostenlose SIM-Karte<\/strong>.<\/p>\n<p style=\"text-align: justify;\"><strong>Web:<\/strong> <a href=\"http:\/\/unigraz.esnaustria.org\/\">http:\/\/unigraz.esnaustria.org\/<\/a><\/p>\n<p style=\"text-align: justify;\"><strong>\u00d6ffnungszeiten:<\/strong><\/p>\n<ul>\n<li style=\"text-align: justify;\">Schubertstra\u00dfe 6a (1. Stock): Di 18.30 \u2013 20.00 \/ Fr 11.00 \u2013 12.00<\/li>\n<li style=\"text-align: justify;\">Rechbauerstra\u00dfe 12 (EG): Mi 19.30 \u2013 20.30<\/li>\n<\/ul>\n<p><strong>Eventkalender:<\/strong> <a href=\"http:\/\/unigraz.esnaustria.org\/calendar\">http:\/\/unigraz.esnaustria.org\/calendar<\/a><\/p>\n    <\/div><\/div>","protected":false},"excerpt":{"rendered":"<p>Studentische Einrichtungen \u00d6H FH CAMPUS 02 Die \u00d6sterreichische Hochsch\u00fcler*innenschaft (\u00d6H) der FH CAMPUS 02 sieht sich als <a href=\"https:\/\/www.campus02.at\/en\/internationales\/studierendenmobilitaet\/incoming\/studentische-einrichtungen\/\" class=\"more-link\">more&hellip;<\/a><\/p>","protected":false},"author":169,"featured_media":0,"parent":1650,"menu_order":3,"comment_status":"closed","ping_status":"closed","template":"","meta":{"_acf_changed":false,"footnotes":""},"coauthors":[1067,664],"class_list":["post-3341","page","type-page","status-publish","hentry"],"acf":[],"yoast_head":"<!-- This site is optimized with the Yoast SEO plugin v26.9 - https:\/\/yoast.com\/product\/yoast-seo-wordpress\/ -->\n<title>Studentische Einrichtungen - FH CAMPUS 02<\/title>\n<meta name=\"robots\" content=\"index, follow, max-snippet:-1, max-image-preview:large, max-video-preview:-1\" \/>\n<link rel=\"canonical\" href=\"https:\/\/www.campus02.at\/en\/internationales\/studierendenmobilitaet\/incoming\/studentische-einrichtungen\/\" \/>\n<meta property=\"og:locale\" content=\"en_GB\" \/>\n<meta property=\"og:type\" content=\"article\" \/>\n<meta property=\"og:title\" content=\"Studentische Einrichtungen - FH CAMPUS 02\" \/>\n<meta property=\"og:description\" content=\"Studentische Einrichtungen \u00d6H FH CAMPUS 02 Die \u00d6sterreichische Hochsch\u00fcler*innenschaft (\u00d6H) der FH CAMPUS 02 sieht sich als more&hellip;\" \/>\n<meta property=\"og:url\" content=\"https:\/\/www.campus02.at\/en\/internationales\/studierendenmobilitaet\/incoming\/studentische-einrichtungen\/\" \/>\n<meta property=\"og:site_name\" content=\"FH CAMPUS 02\" \/>\n<meta property=\"article:modified_time\" content=\"2022-06-13T12:57:55+00:00\" \/>\n<meta property=\"og:image\" content=\"https:\/\/www.campus02.at\/wp-content\/uploads\/2015\/10\/T_LEI2980.jpg\" \/>\n\t<meta property=\"og:image:width\" content=\"1200\" \/>\n\t<meta property=\"og:image:height\" content=\"630\" \/>\n\t<meta property=\"og:image:type\" content=\"image\/jpeg\" \/>\n<meta name=\"twitter:card\" content=\"summary_large_image\" \/>\n<meta name=\"twitter:label1\" content=\"Written by\" \/>\n\t<meta name=\"twitter:data1\" content=\"Zelenik Maja\" \/>\n<script type=\"application\/ld+json\" class=\"yoast-schema-graph\">{\"@context\":\"https:\/\/schema.org\",\"@graph\":[{\"@type\":\"WebPage\",\"@id\":\"https:\/\/www.campus02.at\/internationales\/studierendenmobilitaet\/incoming\/studentische-einrichtungen\/\",\"url\":\"https:\/\/www.campus02.at\/internationales\/studierendenmobilitaet\/incoming\/studentische-einrichtungen\/\",\"name\":\"Studentische Einrichtungen - FH CAMPUS 02\",\"isPartOf\":{\"@id\":\"https:\/\/www.campus02.at\/#website\"},\"datePublished\":\"2016-06-30T07:29:51+00:00\",\"dateModified\":\"2022-06-13T12:57:55+00:00\",\"breadcrumb\":{\"@id\":\"https:\/\/www.campus02.at\/internationales\/studierendenmobilitaet\/incoming\/studentische-einrichtungen\/#breadcrumb\"},\"inLanguage\":\"en-GB\",\"potentialAction\":[{\"@type\":\"ReadAction\",\"target\":[\"https:\/\/www.campus02.at\/internationales\/studierendenmobilitaet\/incoming\/studentische-einrichtungen\/\"]}]},{\"@type\":\"BreadcrumbList\",\"@id\":\"https:\/\/www.campus02.at\/internationales\/studierendenmobilitaet\/incoming\/studentische-einrichtungen\/#breadcrumb\",\"itemListElement\":[{\"@type\":\"ListItem\",\"position\":1,\"name\":\"Startseite\",\"item\":\"https:\/\/www.campus02.at\/\"},{\"@type\":\"ListItem\",\"position\":2,\"name\":\"Internationales\",\"item\":\"https:\/\/www.campus02.at\/internationales\/\"},{\"@type\":\"ListItem\",\"position\":3,\"name\":\"Studierendenmobilit\u00e4t\",\"item\":\"https:\/\/www.campus02.at\/internationales\/studierendenmobilitaet\/\"},{\"@type\":\"ListItem\",\"position\":4,\"name\":\"Incoming\",\"item\":\"https:\/\/www.campus02.at\/internationales\/studierendenmobilitaet\/incoming\/\"},{\"@type\":\"ListItem\",\"position\":5,\"name\":\"Studentische Einrichtungen\"}]},{\"@type\":\"WebSite\",\"@id\":\"https:\/\/www.campus02.at\/#website\",\"url\":\"https:\/\/www.campus02.at\/\",\"name\":\"FH CAMPUS 02\",\"description\":\"\",\"publisher\":{\"@id\":\"https:\/\/www.campus02.at\/#organization\"},\"potentialAction\":[{\"@type\":\"SearchAction\",\"target\":{\"@type\":\"EntryPoint\",\"urlTemplate\":\"https:\/\/www.campus02.at\/?s={search_term_string}\"},\"query-input\":{\"@type\":\"PropertyValueSpecification\",\"valueRequired\":true,\"valueName\":\"search_term_string\"}}],\"inLanguage\":\"en-GB\"},{\"@type\":\"Organization\",\"@id\":\"https:\/\/www.campus02.at\/#organization\",\"name\":\"FH CAMPUS 02\",\"url\":\"https:\/\/www.campus02.at\/\",\"logo\":{\"@type\":\"ImageObject\",\"inLanguage\":\"en-GB\",\"@id\":\"https:\/\/www.campus02.at\/#\/schema\/logo\/image\/\",\"url\":\"https:\/\/www.campus02.at\/wp-content\/uploads\/2016\/10\/Logo.jpg\",\"contentUrl\":\"https:\/\/www.campus02.at\/wp-content\/uploads\/2016\/10\/Logo.jpg\",\"width\":1108,\"height\":440,\"caption\":\"FH CAMPUS 02\"},\"image\":{\"@id\":\"https:\/\/www.campus02.at\/#\/schema\/logo\/image\/\"}}]}<\/script>\n<!-- \/ Yoast SEO plugin. -->","yoast_head_json":{"title":"Studentische Einrichtungen - FH CAMPUS 02","robots":{"index":"index","follow":"follow","max-snippet":"max-snippet:-1","max-image-preview":"max-image-preview:large","max-video-preview":"max-video-preview:-1"},"canonical":"https:\/\/www.campus02.at\/en\/internationales\/studierendenmobilitaet\/incoming\/studentische-einrichtungen\/","og_locale":"en_GB","og_type":"article","og_title":"Studentische Einrichtungen - FH CAMPUS 02","og_description":"Studentische Einrichtungen \u00d6H FH CAMPUS 02 Die \u00d6sterreichische Hochsch\u00fcler*innenschaft (\u00d6H) der FH CAMPUS 02 sieht sich als more&hellip;","og_url":"https:\/\/www.campus02.at\/en\/internationales\/studierendenmobilitaet\/incoming\/studentische-einrichtungen\/","og_site_name":"FH CAMPUS 02","article_modified_time":"2022-06-13T12:57:55+00:00","og_image":[{"width":1200,"height":630,"url":"https:\/\/www.campus02.at\/wp-content\/uploads\/2015\/10\/T_LEI2980.jpg","type":"image\/jpeg"}],"twitter_card":"summary_large_image","twitter_misc":{"Written by":"Zelenik Maja"},"schema":{"@context":"https:\/\/schema.org","@graph":[{"@type":"WebPage","@id":"https:\/\/www.campus02.at\/internationales\/studierendenmobilitaet\/incoming\/studentische-einrichtungen\/","url":"https:\/\/www.campus02.at\/internationales\/studierendenmobilitaet\/incoming\/studentische-einrichtungen\/","name":"Studentische Einrichtungen - FH CAMPUS 02","isPartOf":{"@id":"https:\/\/www.campus02.at\/#website"},"datePublished":"2016-06-30T07:29:51+00:00","dateModified":"2022-06-13T12:57:55+00:00","breadcrumb":{"@id":"https:\/\/www.campus02.at\/internationales\/studierendenmobilitaet\/incoming\/studentische-einrichtungen\/#breadcrumb"},"inLanguage":"en-GB","potentialAction":[{"@type":"ReadAction","target":["https:\/\/www.campus02.at\/internationales\/studierendenmobilitaet\/incoming\/studentische-einrichtungen\/"]}]},{"@type":"BreadcrumbList","@id":"https:\/\/www.campus02.at\/internationales\/studierendenmobilitaet\/incoming\/studentische-einrichtungen\/#breadcrumb","itemListElement":[{"@type":"ListItem","position":1,"name":"Startseite","item":"https:\/\/www.campus02.at\/"},{"@type":"ListItem","position":2,"name":"Internationales","item":"https:\/\/www.campus02.at\/internationales\/"},{"@type":"ListItem","position":3,"name":"Studierendenmobilit\u00e4t","item":"https:\/\/www.campus02.at\/internationales\/studierendenmobilitaet\/"},{"@type":"ListItem","position":4,"name":"Incoming","item":"https:\/\/www.campus02.at\/internationales\/studierendenmobilitaet\/incoming\/"},{"@type":"ListItem","position":5,"name":"Studentische Einrichtungen"}]},{"@type":"WebSite","@id":"https:\/\/www.campus02.at\/#website","url":"https:\/\/www.campus02.at\/","name":"CAMPUS 02 UAS","description":"","publisher":{"@id":"https:\/\/www.campus02.at\/#organization"},"potentialAction":[{"@type":"SearchAction","target":{"@type":"EntryPoint","urlTemplate":"https:\/\/www.campus02.at\/?s={search_term_string}"},"query-input":{"@type":"PropertyValueSpecification","valueRequired":true,"valueName":"search_term_string"}}],"inLanguage":"en-GB"},{"@type":"Organization","@id":"https:\/\/www.campus02.at\/#organization","name":"CAMPUS 02 UAS","url":"https:\/\/www.campus02.at\/","logo":{"@type":"ImageObject","inLanguage":"en-GB","@id":"https:\/\/www.campus02.at\/#\/schema\/logo\/image\/","url":"https:\/\/www.campus02.at\/wp-content\/uploads\/2016\/10\/Logo.jpg","contentUrl":"https:\/\/www.campus02.at\/wp-content\/uploads\/2016\/10\/Logo.jpg","width":1108,"height":440,"caption":"FH CAMPUS 02"},"image":{"@id":"https:\/\/www.campus02.at\/#\/schema\/logo\/image\/"}}]}},"_links":{"self":[{"href":"https:\/\/www.campus02.at\/en\/wp-json\/wp\/v2\/pages\/3341","targetHints":{"allow":["GET"]}}],"collection":[{"href":"https:\/\/www.campus02.at\/en\/wp-json\/wp\/v2\/pages"}],"about":[{"href":"https:\/\/www.campus02.at\/en\/wp-json\/wp\/v2\/types\/page"}],"author":[{"embeddable":true,"href":"https:\/\/www.campus02.at\/en\/wp-json\/wp\/v2\/users\/169"}],"replies":[{"embeddable":true,"href":"https:\/\/www.campus02.at\/en\/wp-json\/wp\/v2\/comments?post=3341"}],"version-history":[{"count":7,"href":"https:\/\/www.campus02.at\/en\/wp-json\/wp\/v2\/pages\/3341\/revisions"}],"predecessor-version":[{"id":118378,"href":"https:\/\/www.campus02.at\/en\/wp-json\/wp\/v2\/pages\/3341\/revisions\/118378"}],"up":[{"embeddable":true,"href":"https:\/\/www.campus02.at\/en\/wp-json\/wp\/v2\/pages\/1650"}],"wp:attachment":[{"href":"https:\/\/www.campus02.at\/en\/wp-json\/wp\/v2\/media?parent=3341"}],"wp:term":[{"taxonomy":"author","embeddable":true,"href":"https:\/\/www.campus02.at\/en\/wp-json\/wp\/v2\/coauthors?post=3341"}],"curies":[{"name":"wp","href":"https:\/\/api.w.org\/{rel}","templated":true}]}}