{"id":3335,"date":"2016-06-30T09:23:42","date_gmt":"2016-06-30T07:23:42","guid":{"rendered":"https:\/\/www.campus02.at\/?page_id=3335"},"modified":"2022-06-13T14:57:41","modified_gmt":"2022-06-13T12:57:41","slug":"praktika-und-jobs","status":"publish","type":"page","link":"https:\/\/www.campus02.at\/en\/internationales\/studierendenmobilitaet\/incoming\/praktika-und-jobs\/","title":{"rendered":"Praktika und Jobs"},"content":{"rendered":"<div class=\"flex-campus-main flex-campus-main-Heading\"><h1>Praktika und Jobs<\/h1><\/div><div class=\"flex-campus-main flex-campus-main-Textbox\"><div class=\"alert bg-yellow\">\n            <h3>Jobs f\u00fcr Studierende<\/h3>\n        <p style=\"text-align: justify;\">Sehr viele Studierende in \u00d6sterreich haben noch neben dem Studium einen <strong>Nebenjob<\/strong>, um sich dieses leichter <strong>finanzieren<\/strong> zu k\u00f6nnen. Insbesondere <strong>in Kombination mit einem berufsbegleitenden Studienprogramm<\/strong> stellt dies eine attraktive Alternative zum traditionellen Auslandsstudienaufenthalt dar. Ausl\u00e4ndische Studierende sollten in jedem Fall die <strong>vorherrschenden rechtlichen Bestimmungen beachten<\/strong>.<\/p>\n<p style=\"text-align: justify;\">Der <strong>OeAD<\/strong> und die <strong>\u00d6H<\/strong> bieten umfangreiche Information auf ihren Webseiten an. Da es ein sehr komplexes Thema ist, empfiehlt es sich, sich im konkreten Fall zus\u00e4tzlich an die empfohlenen Beratungsstellen zu wenden.<\/p>\n<ul>\n<li style=\"text-align: justify;\"><a href=\"https:\/\/oead.at\/fileadmin\/Dokumente\/oead.at\/KIM\/Nach_Oesterreich\/Einreise_und_Aufenthalt\/Datenbank_Einreise_Aufenthalt\/Infoblaetter\/Deutsch\/Allgemeine_Info_-_Arbeiten.pdf\">Information des OeAD f\u00fcr ausl\u00e4ndische Studierende<\/a><\/li>\n<li style=\"text-align: justify;\"><a href=\"https:\/\/www.oeh.ac.at\/studieren\/arbeiten\">Information studieren und arbeiten in \u00d6sterreich der \u00d6H<\/a><\/li>\n<li style=\"text-align: justify;\"><a href=\"https:\/\/schwarzesbrett.oeh.ac.at\/jobs\/\">Job Suchmaschine der \u00d6H<\/a><\/li>\n<li style=\"text-align: justify;\"><a href=\"http:\/\/www.studenteninserate.at\/kleinanzeigen\/studentenjobs\/graz.d\/\">Studierendenjobs in Graz<\/a><\/li>\n<\/ul>\n    <\/div><\/div><div class=\"flex-campus-main flex-campus-main-Image\"><figure><a href=\"https:\/\/www.campus02.at\/wp-content\/uploads\/2016\/01\/LEI3534.jpg\"><img decoding=\"async\" src=\"https:\/\/www.campus02.at\/wp-content\/uploads\/2016\/01\/LEI3534-1024x768.jpg\" class=\"img-responsive\" alt=\"\u00a9 FH CAMPUS 02\/Leitner\" \/><\/a><\/figure><\/div><div class=\"flex-campus-main flex-campus-main-Textbox\"><div class=\"alert bg-grey\">\n            <h3>Praktika f\u00fcr Studierende<\/h3>\n        <p style=\"text-align: justify;\">Ein <strong>Praktikum<\/strong> unterscheidet sich von anderen Arten der Erwerbst\u00e4tigkeit darin, dass es Studierenden im Lehr- oder Studienplan vorgeschrieben ist. In diesem Fall ist keine <strong>Besch\u00e4ftigungsbewilligung<\/strong> erforderlich. Allerdings ist der Arbeitgeber verpflichtet, die Besch\u00e4ftigung <strong>mindestens 2 Wochen vor Beginn der T\u00e4tigkeit beim Arbeitsmarktservice (AMS) und der Abgabenbeh\u00f6rde zu melden<\/strong>.<\/p>\n<p style=\"text-align: justify;\">Es gibt verschiedene Organisationen, die Studierende bei der Suche nach Praktika unterst\u00fctzen. In den meisten F\u00e4llen ist hier aber mit Vermittlungsgeb\u00fchren, Mitgliedsbeitr\u00e4gen u.\u00e4. zu rechnen.<\/p>\n<ul>\n<li style=\"text-align: justify;\"><a href=\"http:\/\/www.iaeste.org\/\">IAESTE<\/a> (Praktika f\u00fcr technische und naturwissenschafltiche Studienrichtungen)<\/li>\n<li style=\"text-align: justify;\"><a href=\"http:\/\/aiesec.at\/\">AIESEC<\/a> (Praktika f\u00fcr wirtschaftliche Studienrichtungen)<\/li>\n<\/ul>\n<p style=\"text-align: justify;\">Breda University of Applied Sciences ( <strong>Studienrichtung IWI und die Studienrichtung AT<\/strong> der FH CAMPUS 02 bieten interessierten Studierenden in einem <strong>Pilotprojekt<\/strong> die M\u00f6glichkeit eines <strong>integrierten Praktikums<\/strong>. Die Studierenden absolvieren ihr Praktikum unter der Woche und studieren gleich wie \u00f6sterreichische berufsbegleitende Studierende freitags und samstags. Die Studienrichtungen unterst\u00fctzen Sie nicht nur bei der Praktikumssuche, sondern betreuen auch das laufende Praktikum.<\/p>\n<p style=\"text-align: justify;\">N\u00e4here Informationen dazu erhalten Sie im <a href=\"https:\/\/www.campus02.at\/en\/internationales\/kontakt\/\">B\u00fcro f\u00fcr Internationales und\/oder bei dem\/der jeweiligen StudienrichtungskoordinatorIn f\u00fcr Internationales<\/a>.<\/p>\n    <\/div><\/div>","protected":false},"excerpt":{"rendered":"<p>Praktika und Jobs Jobs f\u00fcr Studierende Sehr viele Studierende in \u00d6sterreich haben noch neben dem Studium einen Nebenjob, um <a href=\"https:\/\/www.campus02.at\/en\/internationales\/studierendenmobilitaet\/incoming\/praktika-und-jobs\/\" class=\"more-link\">more&hellip;<\/a><\/p>","protected":false},"author":169,"featured_media":0,"parent":1650,"menu_order":2,"comment_status":"closed","ping_status":"closed","template":"","meta":{"_acf_changed":false,"footnotes":""},"coauthors":[1067,664],"class_list":["post-3335","page","type-page","status-publish","hentry"],"acf":[],"yoast_head":"<!-- This site is optimized with the Yoast SEO plugin v26.9 - https:\/\/yoast.com\/product\/yoast-seo-wordpress\/ -->\n<title>Praktika und Jobs - FH CAMPUS 02<\/title>\n<meta name=\"robots\" content=\"index, follow, max-snippet:-1, max-image-preview:large, max-video-preview:-1\" \/>\n<link rel=\"canonical\" href=\"https:\/\/www.campus02.at\/en\/internationales\/studierendenmobilitaet\/incoming\/praktika-und-jobs\/\" \/>\n<meta property=\"og:locale\" content=\"en_GB\" \/>\n<meta property=\"og:type\" content=\"article\" \/>\n<meta property=\"og:title\" content=\"Praktika und Jobs - FH CAMPUS 02\" \/>\n<meta property=\"og:description\" content=\"Praktika und Jobs Jobs f\u00fcr Studierende Sehr viele Studierende in \u00d6sterreich haben noch neben dem Studium einen Nebenjob, um more&hellip;\" \/>\n<meta property=\"og:url\" content=\"https:\/\/www.campus02.at\/en\/internationales\/studierendenmobilitaet\/incoming\/praktika-und-jobs\/\" \/>\n<meta property=\"og:site_name\" content=\"FH CAMPUS 02\" \/>\n<meta property=\"article:modified_time\" content=\"2022-06-13T12:57:41+00:00\" \/>\n<meta property=\"og:image\" content=\"https:\/\/www.campus02.at\/wp-content\/uploads\/2015\/10\/T_LEI2980.jpg\" \/>\n\t<meta property=\"og:image:width\" content=\"1200\" \/>\n\t<meta property=\"og:image:height\" content=\"630\" \/>\n\t<meta property=\"og:image:type\" content=\"image\/jpeg\" \/>\n<meta name=\"twitter:card\" content=\"summary_large_image\" \/>\n<meta name=\"twitter:label1\" content=\"Written by\" \/>\n\t<meta name=\"twitter:data1\" content=\"Zelenik Maja\" \/>\n<script type=\"application\/ld+json\" class=\"yoast-schema-graph\">{\"@context\":\"https:\/\/schema.org\",\"@graph\":[{\"@type\":\"WebPage\",\"@id\":\"https:\/\/www.campus02.at\/internationales\/studierendenmobilitaet\/incoming\/praktika-und-jobs\/\",\"url\":\"https:\/\/www.campus02.at\/internationales\/studierendenmobilitaet\/incoming\/praktika-und-jobs\/\",\"name\":\"Praktika und Jobs - FH CAMPUS 02\",\"isPartOf\":{\"@id\":\"https:\/\/www.campus02.at\/#website\"},\"datePublished\":\"2016-06-30T07:23:42+00:00\",\"dateModified\":\"2022-06-13T12:57:41+00:00\",\"breadcrumb\":{\"@id\":\"https:\/\/www.campus02.at\/internationales\/studierendenmobilitaet\/incoming\/praktika-und-jobs\/#breadcrumb\"},\"inLanguage\":\"en-GB\",\"potentialAction\":[{\"@type\":\"ReadAction\",\"target\":[\"https:\/\/www.campus02.at\/internationales\/studierendenmobilitaet\/incoming\/praktika-und-jobs\/\"]}]},{\"@type\":\"BreadcrumbList\",\"@id\":\"https:\/\/www.campus02.at\/internationales\/studierendenmobilitaet\/incoming\/praktika-und-jobs\/#breadcrumb\",\"itemListElement\":[{\"@type\":\"ListItem\",\"position\":1,\"name\":\"Startseite\",\"item\":\"https:\/\/www.campus02.at\/\"},{\"@type\":\"ListItem\",\"position\":2,\"name\":\"Internationales\",\"item\":\"https:\/\/www.campus02.at\/internationales\/\"},{\"@type\":\"ListItem\",\"position\":3,\"name\":\"Studierendenmobilit\u00e4t\",\"item\":\"https:\/\/www.campus02.at\/internationales\/studierendenmobilitaet\/\"},{\"@type\":\"ListItem\",\"position\":4,\"name\":\"Incoming\",\"item\":\"https:\/\/www.campus02.at\/internationales\/studierendenmobilitaet\/incoming\/\"},{\"@type\":\"ListItem\",\"position\":5,\"name\":\"Praktika und Jobs\"}]},{\"@type\":\"WebSite\",\"@id\":\"https:\/\/www.campus02.at\/#website\",\"url\":\"https:\/\/www.campus02.at\/\",\"name\":\"FH CAMPUS 02\",\"description\":\"\",\"publisher\":{\"@id\":\"https:\/\/www.campus02.at\/#organization\"},\"potentialAction\":[{\"@type\":\"SearchAction\",\"target\":{\"@type\":\"EntryPoint\",\"urlTemplate\":\"https:\/\/www.campus02.at\/?s={search_term_string}\"},\"query-input\":{\"@type\":\"PropertyValueSpecification\",\"valueRequired\":true,\"valueName\":\"search_term_string\"}}],\"inLanguage\":\"en-GB\"},{\"@type\":\"Organization\",\"@id\":\"https:\/\/www.campus02.at\/#organization\",\"name\":\"FH CAMPUS 02\",\"url\":\"https:\/\/www.campus02.at\/\",\"logo\":{\"@type\":\"ImageObject\",\"inLanguage\":\"en-GB\",\"@id\":\"https:\/\/www.campus02.at\/#\/schema\/logo\/image\/\",\"url\":\"https:\/\/www.campus02.at\/wp-content\/uploads\/2016\/10\/Logo.jpg\",\"contentUrl\":\"https:\/\/www.campus02.at\/wp-content\/uploads\/2016\/10\/Logo.jpg\",\"width\":1108,\"height\":440,\"caption\":\"FH CAMPUS 02\"},\"image\":{\"@id\":\"https:\/\/www.campus02.at\/#\/schema\/logo\/image\/\"}}]}<\/script>\n<!-- \/ Yoast SEO plugin. -->","yoast_head_json":{"title":"Praktika und Jobs - FH CAMPUS 02","robots":{"index":"index","follow":"follow","max-snippet":"max-snippet:-1","max-image-preview":"max-image-preview:large","max-video-preview":"max-video-preview:-1"},"canonical":"https:\/\/www.campus02.at\/en\/internationales\/studierendenmobilitaet\/incoming\/praktika-und-jobs\/","og_locale":"en_GB","og_type":"article","og_title":"Praktika und Jobs - FH CAMPUS 02","og_description":"Praktika und Jobs Jobs f\u00fcr Studierende Sehr viele Studierende in \u00d6sterreich haben noch neben dem Studium einen Nebenjob, um more&hellip;","og_url":"https:\/\/www.campus02.at\/en\/internationales\/studierendenmobilitaet\/incoming\/praktika-und-jobs\/","og_site_name":"FH CAMPUS 02","article_modified_time":"2022-06-13T12:57:41+00:00","og_image":[{"width":1200,"height":630,"url":"https:\/\/www.campus02.at\/wp-content\/uploads\/2015\/10\/T_LEI2980.jpg","type":"image\/jpeg"}],"twitter_card":"summary_large_image","twitter_misc":{"Written by":"Zelenik Maja"},"schema":{"@context":"https:\/\/schema.org","@graph":[{"@type":"WebPage","@id":"https:\/\/www.campus02.at\/internationales\/studierendenmobilitaet\/incoming\/praktika-und-jobs\/","url":"https:\/\/www.campus02.at\/internationales\/studierendenmobilitaet\/incoming\/praktika-und-jobs\/","name":"Praktika und Jobs - FH CAMPUS 02","isPartOf":{"@id":"https:\/\/www.campus02.at\/#website"},"datePublished":"2016-06-30T07:23:42+00:00","dateModified":"2022-06-13T12:57:41+00:00","breadcrumb":{"@id":"https:\/\/www.campus02.at\/internationales\/studierendenmobilitaet\/incoming\/praktika-und-jobs\/#breadcrumb"},"inLanguage":"en-GB","potentialAction":[{"@type":"ReadAction","target":["https:\/\/www.campus02.at\/internationales\/studierendenmobilitaet\/incoming\/praktika-und-jobs\/"]}]},{"@type":"BreadcrumbList","@id":"https:\/\/www.campus02.at\/internationales\/studierendenmobilitaet\/incoming\/praktika-und-jobs\/#breadcrumb","itemListElement":[{"@type":"ListItem","position":1,"name":"Startseite","item":"https:\/\/www.campus02.at\/"},{"@type":"ListItem","position":2,"name":"Internationales","item":"https:\/\/www.campus02.at\/internationales\/"},{"@type":"ListItem","position":3,"name":"Studierendenmobilit\u00e4t","item":"https:\/\/www.campus02.at\/internationales\/studierendenmobilitaet\/"},{"@type":"ListItem","position":4,"name":"Incoming","item":"https:\/\/www.campus02.at\/internationales\/studierendenmobilitaet\/incoming\/"},{"@type":"ListItem","position":5,"name":"Praktika und Jobs"}]},{"@type":"WebSite","@id":"https:\/\/www.campus02.at\/#website","url":"https:\/\/www.campus02.at\/","name":"CAMPUS 02 UAS","description":"","publisher":{"@id":"https:\/\/www.campus02.at\/#organization"},"potentialAction":[{"@type":"SearchAction","target":{"@type":"EntryPoint","urlTemplate":"https:\/\/www.campus02.at\/?s={search_term_string}"},"query-input":{"@type":"PropertyValueSpecification","valueRequired":true,"valueName":"search_term_string"}}],"inLanguage":"en-GB"},{"@type":"Organization","@id":"https:\/\/www.campus02.at\/#organization","name":"CAMPUS 02 UAS","url":"https:\/\/www.campus02.at\/","logo":{"@type":"ImageObject","inLanguage":"en-GB","@id":"https:\/\/www.campus02.at\/#\/schema\/logo\/image\/","url":"https:\/\/www.campus02.at\/wp-content\/uploads\/2016\/10\/Logo.jpg","contentUrl":"https:\/\/www.campus02.at\/wp-content\/uploads\/2016\/10\/Logo.jpg","width":1108,"height":440,"caption":"FH CAMPUS 02"},"image":{"@id":"https:\/\/www.campus02.at\/#\/schema\/logo\/image\/"}}]}},"_links":{"self":[{"href":"https:\/\/www.campus02.at\/en\/wp-json\/wp\/v2\/pages\/3335","targetHints":{"allow":["GET"]}}],"collection":[{"href":"https:\/\/www.campus02.at\/en\/wp-json\/wp\/v2\/pages"}],"about":[{"href":"https:\/\/www.campus02.at\/en\/wp-json\/wp\/v2\/types\/page"}],"author":[{"embeddable":true,"href":"https:\/\/www.campus02.at\/en\/wp-json\/wp\/v2\/users\/169"}],"replies":[{"embeddable":true,"href":"https:\/\/www.campus02.at\/en\/wp-json\/wp\/v2\/comments?post=3335"}],"version-history":[{"count":7,"href":"https:\/\/www.campus02.at\/en\/wp-json\/wp\/v2\/pages\/3335\/revisions"}],"predecessor-version":[{"id":118377,"href":"https:\/\/www.campus02.at\/en\/wp-json\/wp\/v2\/pages\/3335\/revisions\/118377"}],"up":[{"embeddable":true,"href":"https:\/\/www.campus02.at\/en\/wp-json\/wp\/v2\/pages\/1650"}],"wp:attachment":[{"href":"https:\/\/www.campus02.at\/en\/wp-json\/wp\/v2\/media?parent=3335"}],"wp:term":[{"taxonomy":"author","embeddable":true,"href":"https:\/\/www.campus02.at\/en\/wp-json\/wp\/v2\/coauthors?post=3335"}],"curies":[{"name":"wp","href":"https:\/\/api.w.org\/{rel}","templated":true}]}}