{"id":3286,"date":"2016-06-30T09:29:12","date_gmt":"2016-06-30T07:29:12","guid":{"rendered":"https:\/\/www.campus02.at\/?page_id=3286"},"modified":"2022-06-13T14:59:42","modified_gmt":"2022-06-13T12:59:42","slug":"anmeldebescheinigung","status":"publish","type":"page","link":"https:\/\/www.campus02.at\/en\/internationales\/studierendenmobilitaet\/incoming\/anmeldebescheinigung\/","title":{"rendered":"Confirmation of registration"},"content":{"rendered":"<div class=\"flex-campus-main flex-campus-main-Heading\"><h1>Anmeldebescheinigung EU\/EWR Studierende<\/h1><\/div><div class=\"flex-campus-main flex-campus-main-Text\"><p style=\"text-align: justify;\"><strong>EU\/EWR Studierende<\/strong>, die sich<strong> l\u00e4nger als 3 Monate in \u00d6sterreich<\/strong> aufhalten, <strong>m\u00fcssen<\/strong> zus\u00e4tzlich an der Steierm\u00e4rkischen Landesregierung, Abteilung 3 (Paulustorgasse 4, 8010 Graz), eine <strong>Confirmation of registration<\/strong> beantragen.<\/p>\n<p style=\"text-align: justify;\">Kosten (derzeit): <strong>\u20ac 15,-<br \/>\n<\/strong><\/p>\n<p style=\"text-align: justify;\"><strong>ACHTUNG!<\/strong>\u00a0F\u00fcr die Vorlage ausl\u00e4ndischer Reisedokumente und Personenstandsurkunden (z.B. Geburtsurkunde, Heiratsurkunde, F\u00fchrungszeugnis) k\u00f6nnen zus\u00e4tzliche Geb\u00fchren anfallen (je nach Art des Dokuments\u00a07,20 Euro oder\u00a014,30 Euro).<\/p>\n<p style=\"text-align: justify;\"><strong>\u00a0<\/strong><\/p>\n<p style=\"text-align: justify;\">Folgende Unterlagen sind einzureichen:<\/p>\n<ol style=\"text-align: justify;\">\n<li><a href=\"http:\/\/www.bmi.gv.at\/cms\/BMI_Niederlassung\/Formulare_2014\/Anmeldebescheinigung_Aufenthaltskarte_Formular.pdf\">Antragsformular<\/a><\/li>\n<li>Reisepass oder Personalausweis (Original + Kopie)<\/li>\n<li>Aufnahmebest\u00e4tigung der FH CAMPUS 02<\/li>\n<li>Nachweis der Unterbringung (Meldezettel + Mietvertrag)<\/li>\n<li>Nachweis \u00fcber eine ausreichende Krankenversicherung<\/li>\n<li>Nachweis \u00fcber ausreichende finanzielle Mittel (z.B. Erasmus+ Stipendium)<\/li>\n<\/ol>\n<p style=\"text-align: justify;\">Wer die Anmeldebescheinigung <strong>nicht innerhalb der ersten 4 Monate nach Ankunft<\/strong> beantragt, begeht eine <strong>Verwaltungs\u00fcbertretung (bis zu \u20ac 200,- Strafe)!<\/strong><\/p>\n<p style=\"text-align: justify;\"><strong>Vor der Abreise<\/strong> muss die Anmeldebescheinigung an die Steierm\u00e4rkische Landesregierung Abteilung 3 <strong>zur\u00fcckgegeben<\/strong> werden.<\/p>\n<\/div><div class=\"flex-campus-main flex-campus-main-Image\"><figure><a href=\"https:\/\/www.campus02.at\/wp-content\/uploads\/2015\/11\/LEI3066.jpg\"><img decoding=\"async\" src=\"https:\/\/www.campus02.at\/wp-content\/uploads\/2015\/11\/LEI3066-1024x768.jpg\" class=\"img-responsive\" alt=\"\u00a9 FH CAMPUS 02\/Leitner\" \/><\/a><\/figure><\/div>","protected":false},"excerpt":{"rendered":"<p>Anmeldebescheinigung EU\/EWR StudierendeEU\/EWR Studierende, die sich l\u00e4nger als 3 Monate in \u00d6sterreich aufhalten, m\u00fcssen <a href=\"https:\/\/www.campus02.at\/en\/internationales\/studierendenmobilitaet\/incoming\/anmeldebescheinigung\/\" class=\"more-link\">more&hellip;<\/a><\/p>","protected":false},"author":169,"featured_media":0,"parent":1650,"menu_order":11,"comment_status":"closed","ping_status":"closed","template":"","meta":{"_acf_changed":false,"footnotes":""},"coauthors":[1067,664],"class_list":["post-3286","page","type-page","status-publish","hentry"],"acf":[],"yoast_head":"<!-- This site is optimized with the Yoast SEO plugin v26.9 - https:\/\/yoast.com\/product\/yoast-seo-wordpress\/ -->\n<title>Anmeldebescheinigung - FH CAMPUS 02<\/title>\n<meta name=\"robots\" content=\"index, follow, max-snippet:-1, max-image-preview:large, max-video-preview:-1\" \/>\n<link rel=\"canonical\" href=\"https:\/\/www.campus02.at\/en\/internationales\/studierendenmobilitaet\/incoming\/anmeldebescheinigung\/\" \/>\n<meta property=\"og:locale\" content=\"en_GB\" \/>\n<meta property=\"og:type\" content=\"article\" \/>\n<meta property=\"og:title\" content=\"Anmeldebescheinigung - FH CAMPUS 02\" \/>\n<meta property=\"og:description\" content=\"Anmeldebescheinigung EU\/EWR StudierendeEU\/EWR Studierende, die sich l\u00e4nger als 3 Monate in \u00d6sterreich aufhalten, m\u00fcssen more&hellip;\" \/>\n<meta property=\"og:url\" content=\"https:\/\/www.campus02.at\/en\/internationales\/studierendenmobilitaet\/incoming\/anmeldebescheinigung\/\" \/>\n<meta property=\"og:site_name\" content=\"FH CAMPUS 02\" \/>\n<meta property=\"article:modified_time\" content=\"2022-06-13T12:59:42+00:00\" \/>\n<meta property=\"og:image\" content=\"https:\/\/www.campus02.at\/wp-content\/uploads\/2015\/10\/T_LEI2980.jpg\" \/>\n\t<meta property=\"og:image:width\" content=\"1200\" \/>\n\t<meta property=\"og:image:height\" content=\"630\" \/>\n\t<meta property=\"og:image:type\" content=\"image\/jpeg\" \/>\n<meta name=\"twitter:card\" content=\"summary_large_image\" \/>\n<meta name=\"twitter:label1\" content=\"Written by\" \/>\n\t<meta name=\"twitter:data1\" content=\"Zelenik Maja\" \/>\n<script type=\"application\/ld+json\" class=\"yoast-schema-graph\">{\"@context\":\"https:\/\/schema.org\",\"@graph\":[{\"@type\":\"WebPage\",\"@id\":\"https:\/\/www.campus02.at\/internationales\/studierendenmobilitaet\/incoming\/anmeldebescheinigung\/\",\"url\":\"https:\/\/www.campus02.at\/internationales\/studierendenmobilitaet\/incoming\/anmeldebescheinigung\/\",\"name\":\"Anmeldebescheinigung - FH CAMPUS 02\",\"isPartOf\":{\"@id\":\"https:\/\/www.campus02.at\/#website\"},\"datePublished\":\"2016-06-30T07:29:12+00:00\",\"dateModified\":\"2022-06-13T12:59:42+00:00\",\"breadcrumb\":{\"@id\":\"https:\/\/www.campus02.at\/internationales\/studierendenmobilitaet\/incoming\/anmeldebescheinigung\/#breadcrumb\"},\"inLanguage\":\"en-GB\",\"potentialAction\":[{\"@type\":\"ReadAction\",\"target\":[\"https:\/\/www.campus02.at\/internationales\/studierendenmobilitaet\/incoming\/anmeldebescheinigung\/\"]}]},{\"@type\":\"BreadcrumbList\",\"@id\":\"https:\/\/www.campus02.at\/internationales\/studierendenmobilitaet\/incoming\/anmeldebescheinigung\/#breadcrumb\",\"itemListElement\":[{\"@type\":\"ListItem\",\"position\":1,\"name\":\"Startseite\",\"item\":\"https:\/\/www.campus02.at\/\"},{\"@type\":\"ListItem\",\"position\":2,\"name\":\"Internationales\",\"item\":\"https:\/\/www.campus02.at\/internationales\/\"},{\"@type\":\"ListItem\",\"position\":3,\"name\":\"Studierendenmobilit\u00e4t\",\"item\":\"https:\/\/www.campus02.at\/internationales\/studierendenmobilitaet\/\"},{\"@type\":\"ListItem\",\"position\":4,\"name\":\"Incoming\",\"item\":\"https:\/\/www.campus02.at\/internationales\/studierendenmobilitaet\/incoming\/\"},{\"@type\":\"ListItem\",\"position\":5,\"name\":\"Anmeldebescheinigung\"}]},{\"@type\":\"WebSite\",\"@id\":\"https:\/\/www.campus02.at\/#website\",\"url\":\"https:\/\/www.campus02.at\/\",\"name\":\"FH CAMPUS 02\",\"description\":\"\",\"publisher\":{\"@id\":\"https:\/\/www.campus02.at\/#organization\"},\"potentialAction\":[{\"@type\":\"SearchAction\",\"target\":{\"@type\":\"EntryPoint\",\"urlTemplate\":\"https:\/\/www.campus02.at\/?s={search_term_string}\"},\"query-input\":{\"@type\":\"PropertyValueSpecification\",\"valueRequired\":true,\"valueName\":\"search_term_string\"}}],\"inLanguage\":\"en-GB\"},{\"@type\":\"Organization\",\"@id\":\"https:\/\/www.campus02.at\/#organization\",\"name\":\"FH CAMPUS 02\",\"url\":\"https:\/\/www.campus02.at\/\",\"logo\":{\"@type\":\"ImageObject\",\"inLanguage\":\"en-GB\",\"@id\":\"https:\/\/www.campus02.at\/#\/schema\/logo\/image\/\",\"url\":\"https:\/\/www.campus02.at\/wp-content\/uploads\/2016\/10\/Logo.jpg\",\"contentUrl\":\"https:\/\/www.campus02.at\/wp-content\/uploads\/2016\/10\/Logo.jpg\",\"width\":1108,\"height\":440,\"caption\":\"FH CAMPUS 02\"},\"image\":{\"@id\":\"https:\/\/www.campus02.at\/#\/schema\/logo\/image\/\"}}]}<\/script>\n<!-- \/ Yoast SEO plugin. -->","yoast_head_json":{"title":"Anmeldebescheinigung - FH CAMPUS 02","robots":{"index":"index","follow":"follow","max-snippet":"max-snippet:-1","max-image-preview":"max-image-preview:large","max-video-preview":"max-video-preview:-1"},"canonical":"https:\/\/www.campus02.at\/en\/internationales\/studierendenmobilitaet\/incoming\/anmeldebescheinigung\/","og_locale":"en_GB","og_type":"article","og_title":"Anmeldebescheinigung - FH CAMPUS 02","og_description":"Anmeldebescheinigung EU\/EWR StudierendeEU\/EWR Studierende, die sich l\u00e4nger als 3 Monate in \u00d6sterreich aufhalten, m\u00fcssen more&hellip;","og_url":"https:\/\/www.campus02.at\/en\/internationales\/studierendenmobilitaet\/incoming\/anmeldebescheinigung\/","og_site_name":"FH CAMPUS 02","article_modified_time":"2022-06-13T12:59:42+00:00","og_image":[{"width":1200,"height":630,"url":"https:\/\/www.campus02.at\/wp-content\/uploads\/2015\/10\/T_LEI2980.jpg","type":"image\/jpeg"}],"twitter_card":"summary_large_image","twitter_misc":{"Written by":"Zelenik Maja"},"schema":{"@context":"https:\/\/schema.org","@graph":[{"@type":"WebPage","@id":"https:\/\/www.campus02.at\/internationales\/studierendenmobilitaet\/incoming\/anmeldebescheinigung\/","url":"https:\/\/www.campus02.at\/internationales\/studierendenmobilitaet\/incoming\/anmeldebescheinigung\/","name":"Anmeldebescheinigung - FH CAMPUS 02","isPartOf":{"@id":"https:\/\/www.campus02.at\/#website"},"datePublished":"2016-06-30T07:29:12+00:00","dateModified":"2022-06-13T12:59:42+00:00","breadcrumb":{"@id":"https:\/\/www.campus02.at\/internationales\/studierendenmobilitaet\/incoming\/anmeldebescheinigung\/#breadcrumb"},"inLanguage":"en-GB","potentialAction":[{"@type":"ReadAction","target":["https:\/\/www.campus02.at\/internationales\/studierendenmobilitaet\/incoming\/anmeldebescheinigung\/"]}]},{"@type":"BreadcrumbList","@id":"https:\/\/www.campus02.at\/internationales\/studierendenmobilitaet\/incoming\/anmeldebescheinigung\/#breadcrumb","itemListElement":[{"@type":"ListItem","position":1,"name":"Startseite","item":"https:\/\/www.campus02.at\/"},{"@type":"ListItem","position":2,"name":"Internationales","item":"https:\/\/www.campus02.at\/internationales\/"},{"@type":"ListItem","position":3,"name":"Studierendenmobilit\u00e4t","item":"https:\/\/www.campus02.at\/internationales\/studierendenmobilitaet\/"},{"@type":"ListItem","position":4,"name":"Incoming","item":"https:\/\/www.campus02.at\/internationales\/studierendenmobilitaet\/incoming\/"},{"@type":"ListItem","position":5,"name":"Anmeldebescheinigung"}]},{"@type":"WebSite","@id":"https:\/\/www.campus02.at\/#website","url":"https:\/\/www.campus02.at\/","name":"CAMPUS 02 UAS","description":"","publisher":{"@id":"https:\/\/www.campus02.at\/#organization"},"potentialAction":[{"@type":"SearchAction","target":{"@type":"EntryPoint","urlTemplate":"https:\/\/www.campus02.at\/?s={search_term_string}"},"query-input":{"@type":"PropertyValueSpecification","valueRequired":true,"valueName":"search_term_string"}}],"inLanguage":"en-GB"},{"@type":"Organization","@id":"https:\/\/www.campus02.at\/#organization","name":"CAMPUS 02 UAS","url":"https:\/\/www.campus02.at\/","logo":{"@type":"ImageObject","inLanguage":"en-GB","@id":"https:\/\/www.campus02.at\/#\/schema\/logo\/image\/","url":"https:\/\/www.campus02.at\/wp-content\/uploads\/2016\/10\/Logo.jpg","contentUrl":"https:\/\/www.campus02.at\/wp-content\/uploads\/2016\/10\/Logo.jpg","width":1108,"height":440,"caption":"FH CAMPUS 02"},"image":{"@id":"https:\/\/www.campus02.at\/#\/schema\/logo\/image\/"}}]}},"_links":{"self":[{"href":"https:\/\/www.campus02.at\/en\/wp-json\/wp\/v2\/pages\/3286","targetHints":{"allow":["GET"]}}],"collection":[{"href":"https:\/\/www.campus02.at\/en\/wp-json\/wp\/v2\/pages"}],"about":[{"href":"https:\/\/www.campus02.at\/en\/wp-json\/wp\/v2\/types\/page"}],"author":[{"embeddable":true,"href":"https:\/\/www.campus02.at\/en\/wp-json\/wp\/v2\/users\/169"}],"replies":[{"embeddable":true,"href":"https:\/\/www.campus02.at\/en\/wp-json\/wp\/v2\/comments?post=3286"}],"version-history":[{"count":9,"href":"https:\/\/www.campus02.at\/en\/wp-json\/wp\/v2\/pages\/3286\/revisions"}],"predecessor-version":[{"id":103455,"href":"https:\/\/www.campus02.at\/en\/wp-json\/wp\/v2\/pages\/3286\/revisions\/103455"}],"up":[{"embeddable":true,"href":"https:\/\/www.campus02.at\/en\/wp-json\/wp\/v2\/pages\/1650"}],"wp:attachment":[{"href":"https:\/\/www.campus02.at\/en\/wp-json\/wp\/v2\/media?parent=3286"}],"wp:term":[{"taxonomy":"author","embeddable":true,"href":"https:\/\/www.campus02.at\/en\/wp-json\/wp\/v2\/coauthors?post=3286"}],"curies":[{"name":"wp","href":"https:\/\/api.w.org\/{rel}","templated":true}]}}