{"id":3275,"date":"2016-06-30T09:33:00","date_gmt":"2016-06-30T07:33:00","guid":{"rendered":"https:\/\/www.campus02.at\/?page_id=3275"},"modified":"2022-06-13T14:59:30","modified_gmt":"2022-06-13T12:59:30","slug":"melden-in-graz","status":"publish","type":"page","link":"https:\/\/www.campus02.at\/en\/internationales\/studierendenmobilitaet\/incoming\/melden-in-graz\/","title":{"rendered":"Registering in Graz"},"content":{"rendered":"<div class=\"flex-campus-main flex-campus-main-Heading\"><h1>Registering in Graz<\/h1><\/div><div class=\"flex-campus-main flex-campus-main-Text\"><p><strong>Alle<\/strong> Studierende m\u00fcssen sich <strong>innerhalb der ersten drei Tage des Aufenthalts<\/strong> bei der Stadt Graz anmelden.<\/p>\n<ol>\n<li>Das <strong>Antragsformular<\/strong> zum Meldezettel ist im Service Center der Stadt Graz oder als <a href=\"https:\/\/www.graz.at\/cms\/dokumente\/10022850_7744229\/d706c826\/meldezettel_neu__.pdf\">Download<\/a> erh\u00e4ltlich (<a href=\"https:\/\/www.graz.at\/cms\/dokumente\/10022850_7744229\/fff60861\/meldezettel-hilfe_eng%20_2_.pdf\">Ausf\u00fcllhilfe<\/a>, nur auf Englisch).<\/li>\n<li><strong>Ausgef\u00fclltes Formular<\/strong> von VermieterIn oder Wohnheimleitung <strong>unterschreiben lassen<\/strong> und gemeinsam mit folgenden Unterlagen einreichen:\n<ul>\n<li><strong>amtlicher Lichtbildausweis<\/strong>, aus dem die Staatsb\u00fcrgerschaft hervorgeht<\/li>\n<li><strong>Confirmation of registration from the Central Populatin Register (ZMR)<\/strong>, erh\u00e4ltlich &#8211; direkt in den Meldebeh\u00f6rden &#8211; in einigen Trafiken &#8211; zum Downloaden (s.o.)<\/li>\n<li>urkundlicher Nachweis <strong>akademischer Grade<\/strong><\/li>\n<li>f\u00fcr Unterkunftsnehmer*innen, die keine \u00f6sterreichische Staatsb\u00fcrgerschaft besitzen (&#8222;Fremde&#8220;) zus\u00e4tzlich: <strong>Reisedokument (z.B. Reisepass)<\/strong>.<\/li>\n<\/ul>\n<\/li>\n<\/ol>\n<h5 style=\"text-align: center;\"><strong>Annahmeschluss: 30 Minuten vor Schlie\u00dfung!<\/strong><\/h5>\n<\/div><div class=\"flex-campus-main flex-campus-main-Textbox\"><div class=\"alert bg-yellow\">\n            <h3>Service Center der Stadt Graz (Amtshaus)<\/h3>\n        <p>Schmiedgasse 26, Parterre, 8011 Graz<\/p>\n<p>Tel: +43\/316\/872-6690\u00a0 \u00a0Fax: +43\/316\/872-6699<\/p>\n<p>servicestelle@stadt.graz.at<\/p>\n<p>Mo + Mi, 07.00 &#8211; 17.00 \/ Di, Do, Fr, 07.00 &#8211; 13.00<\/p>\n    <\/div><\/div><div class=\"flex-campus-main flex-campus-main-Text\"><p style=\"text-align: justify;\">Die An-, Ab- und Ummeldung ist <strong>geb\u00fchrenfrei<\/strong>.<\/p>\n<p style=\"text-align: justify;\"><strong>Nicht vergessen:<\/strong> Vor der Abreise aus Graz wieder abmelden!<\/p>\n<p style=\"text-align: justify;\"><strong>Adress-\u00c4nderung:<\/strong> Sollte sich Ihre Adresse im Laufe des Aufenthalts \u00e4ndern, so ist eine Ummeldung notwendig. Teilen Sie nach der erfolgten Ummeldung Ihre neue Adresse dem B\u00fcro f\u00fcr Internationales mit.<\/p>\n<\/div><div class=\"flex-campus-main flex-campus-main-Image\"><figure><a href=\"https:\/\/www.campus02.at\/wp-content\/uploads\/2016\/01\/LEI3002.jpg\"><img decoding=\"async\" src=\"https:\/\/www.campus02.at\/wp-content\/uploads\/2016\/01\/LEI3002-1024x768.jpg\" class=\"img-responsive\" alt=\"\u00a9 FH CAMPUS 02\/Leitner\" \/><\/a><\/figure><\/div>","protected":false},"excerpt":{"rendered":"<p>Melden in GrazAlle Studierende m\u00fcssen sich innerhalb der ersten drei Tage des Aufenthalts bei der Stadt Graz anmelden. Das <a href=\"https:\/\/www.campus02.at\/en\/internationales\/studierendenmobilitaet\/incoming\/melden-in-graz\/\" class=\"more-link\">more&hellip;<\/a><\/p>","protected":false},"author":169,"featured_media":0,"parent":1650,"menu_order":10,"comment_status":"closed","ping_status":"closed","template":"","meta":{"_acf_changed":false,"footnotes":""},"coauthors":[1067,664],"class_list":["post-3275","page","type-page","status-publish","hentry"],"acf":[],"yoast_head":"<!-- This site is optimized with the Yoast SEO plugin v26.9 - https:\/\/yoast.com\/product\/yoast-seo-wordpress\/ -->\n<title>Melden in Graz - FH CAMPUS 02<\/title>\n<meta name=\"robots\" content=\"index, follow, max-snippet:-1, max-image-preview:large, max-video-preview:-1\" \/>\n<link rel=\"canonical\" href=\"https:\/\/www.campus02.at\/en\/internationales\/studierendenmobilitaet\/incoming\/melden-in-graz\/\" \/>\n<meta property=\"og:locale\" content=\"en_GB\" \/>\n<meta property=\"og:type\" content=\"article\" \/>\n<meta property=\"og:title\" content=\"Melden in Graz - FH CAMPUS 02\" \/>\n<meta property=\"og:description\" content=\"Melden in GrazAlle Studierende m\u00fcssen sich innerhalb der ersten drei Tage des Aufenthalts bei der Stadt Graz anmelden. Das more&hellip;\" \/>\n<meta property=\"og:url\" content=\"https:\/\/www.campus02.at\/en\/internationales\/studierendenmobilitaet\/incoming\/melden-in-graz\/\" \/>\n<meta property=\"og:site_name\" content=\"FH CAMPUS 02\" \/>\n<meta property=\"article:modified_time\" content=\"2022-06-13T12:59:30+00:00\" \/>\n<meta property=\"og:image\" content=\"https:\/\/www.campus02.at\/wp-content\/uploads\/2015\/10\/T_LEI2980.jpg\" \/>\n\t<meta property=\"og:image:width\" content=\"1200\" \/>\n\t<meta property=\"og:image:height\" content=\"630\" \/>\n\t<meta property=\"og:image:type\" content=\"image\/jpeg\" \/>\n<meta name=\"twitter:card\" content=\"summary_large_image\" \/>\n<meta name=\"twitter:label1\" content=\"Written by\" \/>\n\t<meta name=\"twitter:data1\" content=\"Zelenik Maja\" \/>\n<script type=\"application\/ld+json\" class=\"yoast-schema-graph\">{\"@context\":\"https:\/\/schema.org\",\"@graph\":[{\"@type\":\"WebPage\",\"@id\":\"https:\/\/www.campus02.at\/internationales\/studierendenmobilitaet\/incoming\/melden-in-graz\/\",\"url\":\"https:\/\/www.campus02.at\/internationales\/studierendenmobilitaet\/incoming\/melden-in-graz\/\",\"name\":\"Melden in Graz - FH CAMPUS 02\",\"isPartOf\":{\"@id\":\"https:\/\/www.campus02.at\/#website\"},\"datePublished\":\"2016-06-30T07:33:00+00:00\",\"dateModified\":\"2022-06-13T12:59:30+00:00\",\"breadcrumb\":{\"@id\":\"https:\/\/www.campus02.at\/internationales\/studierendenmobilitaet\/incoming\/melden-in-graz\/#breadcrumb\"},\"inLanguage\":\"en-GB\",\"potentialAction\":[{\"@type\":\"ReadAction\",\"target\":[\"https:\/\/www.campus02.at\/internationales\/studierendenmobilitaet\/incoming\/melden-in-graz\/\"]}]},{\"@type\":\"BreadcrumbList\",\"@id\":\"https:\/\/www.campus02.at\/internationales\/studierendenmobilitaet\/incoming\/melden-in-graz\/#breadcrumb\",\"itemListElement\":[{\"@type\":\"ListItem\",\"position\":1,\"name\":\"Startseite\",\"item\":\"https:\/\/www.campus02.at\/\"},{\"@type\":\"ListItem\",\"position\":2,\"name\":\"Internationales\",\"item\":\"https:\/\/www.campus02.at\/internationales\/\"},{\"@type\":\"ListItem\",\"position\":3,\"name\":\"Studierendenmobilit\u00e4t\",\"item\":\"https:\/\/www.campus02.at\/internationales\/studierendenmobilitaet\/\"},{\"@type\":\"ListItem\",\"position\":4,\"name\":\"Incoming\",\"item\":\"https:\/\/www.campus02.at\/internationales\/studierendenmobilitaet\/incoming\/\"},{\"@type\":\"ListItem\",\"position\":5,\"name\":\"Melden in Graz\"}]},{\"@type\":\"WebSite\",\"@id\":\"https:\/\/www.campus02.at\/#website\",\"url\":\"https:\/\/www.campus02.at\/\",\"name\":\"FH CAMPUS 02\",\"description\":\"\",\"publisher\":{\"@id\":\"https:\/\/www.campus02.at\/#organization\"},\"potentialAction\":[{\"@type\":\"SearchAction\",\"target\":{\"@type\":\"EntryPoint\",\"urlTemplate\":\"https:\/\/www.campus02.at\/?s={search_term_string}\"},\"query-input\":{\"@type\":\"PropertyValueSpecification\",\"valueRequired\":true,\"valueName\":\"search_term_string\"}}],\"inLanguage\":\"en-GB\"},{\"@type\":\"Organization\",\"@id\":\"https:\/\/www.campus02.at\/#organization\",\"name\":\"FH CAMPUS 02\",\"url\":\"https:\/\/www.campus02.at\/\",\"logo\":{\"@type\":\"ImageObject\",\"inLanguage\":\"en-GB\",\"@id\":\"https:\/\/www.campus02.at\/#\/schema\/logo\/image\/\",\"url\":\"https:\/\/www.campus02.at\/wp-content\/uploads\/2016\/10\/Logo.jpg\",\"contentUrl\":\"https:\/\/www.campus02.at\/wp-content\/uploads\/2016\/10\/Logo.jpg\",\"width\":1108,\"height\":440,\"caption\":\"FH CAMPUS 02\"},\"image\":{\"@id\":\"https:\/\/www.campus02.at\/#\/schema\/logo\/image\/\"}}]}<\/script>\n<!-- \/ Yoast SEO plugin. -->","yoast_head_json":{"title":"Melden in Graz - FH CAMPUS 02","robots":{"index":"index","follow":"follow","max-snippet":"max-snippet:-1","max-image-preview":"max-image-preview:large","max-video-preview":"max-video-preview:-1"},"canonical":"https:\/\/www.campus02.at\/en\/internationales\/studierendenmobilitaet\/incoming\/melden-in-graz\/","og_locale":"en_GB","og_type":"article","og_title":"Melden in Graz - FH CAMPUS 02","og_description":"Melden in GrazAlle Studierende m\u00fcssen sich innerhalb der ersten drei Tage des Aufenthalts bei der Stadt Graz anmelden. Das more&hellip;","og_url":"https:\/\/www.campus02.at\/en\/internationales\/studierendenmobilitaet\/incoming\/melden-in-graz\/","og_site_name":"FH CAMPUS 02","article_modified_time":"2022-06-13T12:59:30+00:00","og_image":[{"width":1200,"height":630,"url":"https:\/\/www.campus02.at\/wp-content\/uploads\/2015\/10\/T_LEI2980.jpg","type":"image\/jpeg"}],"twitter_card":"summary_large_image","twitter_misc":{"Written by":"Zelenik Maja"},"schema":{"@context":"https:\/\/schema.org","@graph":[{"@type":"WebPage","@id":"https:\/\/www.campus02.at\/internationales\/studierendenmobilitaet\/incoming\/melden-in-graz\/","url":"https:\/\/www.campus02.at\/internationales\/studierendenmobilitaet\/incoming\/melden-in-graz\/","name":"Melden in Graz - FH CAMPUS 02","isPartOf":{"@id":"https:\/\/www.campus02.at\/#website"},"datePublished":"2016-06-30T07:33:00+00:00","dateModified":"2022-06-13T12:59:30+00:00","breadcrumb":{"@id":"https:\/\/www.campus02.at\/internationales\/studierendenmobilitaet\/incoming\/melden-in-graz\/#breadcrumb"},"inLanguage":"en-GB","potentialAction":[{"@type":"ReadAction","target":["https:\/\/www.campus02.at\/internationales\/studierendenmobilitaet\/incoming\/melden-in-graz\/"]}]},{"@type":"BreadcrumbList","@id":"https:\/\/www.campus02.at\/internationales\/studierendenmobilitaet\/incoming\/melden-in-graz\/#breadcrumb","itemListElement":[{"@type":"ListItem","position":1,"name":"Startseite","item":"https:\/\/www.campus02.at\/"},{"@type":"ListItem","position":2,"name":"Internationales","item":"https:\/\/www.campus02.at\/internationales\/"},{"@type":"ListItem","position":3,"name":"Studierendenmobilit\u00e4t","item":"https:\/\/www.campus02.at\/internationales\/studierendenmobilitaet\/"},{"@type":"ListItem","position":4,"name":"Incoming","item":"https:\/\/www.campus02.at\/internationales\/studierendenmobilitaet\/incoming\/"},{"@type":"ListItem","position":5,"name":"Melden in Graz"}]},{"@type":"WebSite","@id":"https:\/\/www.campus02.at\/#website","url":"https:\/\/www.campus02.at\/","name":"CAMPUS 02 UAS","description":"","publisher":{"@id":"https:\/\/www.campus02.at\/#organization"},"potentialAction":[{"@type":"SearchAction","target":{"@type":"EntryPoint","urlTemplate":"https:\/\/www.campus02.at\/?s={search_term_string}"},"query-input":{"@type":"PropertyValueSpecification","valueRequired":true,"valueName":"search_term_string"}}],"inLanguage":"en-GB"},{"@type":"Organization","@id":"https:\/\/www.campus02.at\/#organization","name":"CAMPUS 02 UAS","url":"https:\/\/www.campus02.at\/","logo":{"@type":"ImageObject","inLanguage":"en-GB","@id":"https:\/\/www.campus02.at\/#\/schema\/logo\/image\/","url":"https:\/\/www.campus02.at\/wp-content\/uploads\/2016\/10\/Logo.jpg","contentUrl":"https:\/\/www.campus02.at\/wp-content\/uploads\/2016\/10\/Logo.jpg","width":1108,"height":440,"caption":"FH CAMPUS 02"},"image":{"@id":"https:\/\/www.campus02.at\/#\/schema\/logo\/image\/"}}]}},"_links":{"self":[{"href":"https:\/\/www.campus02.at\/en\/wp-json\/wp\/v2\/pages\/3275","targetHints":{"allow":["GET"]}}],"collection":[{"href":"https:\/\/www.campus02.at\/en\/wp-json\/wp\/v2\/pages"}],"about":[{"href":"https:\/\/www.campus02.at\/en\/wp-json\/wp\/v2\/types\/page"}],"author":[{"embeddable":true,"href":"https:\/\/www.campus02.at\/en\/wp-json\/wp\/v2\/users\/169"}],"replies":[{"embeddable":true,"href":"https:\/\/www.campus02.at\/en\/wp-json\/wp\/v2\/comments?post=3275"}],"version-history":[{"count":7,"href":"https:\/\/www.campus02.at\/en\/wp-json\/wp\/v2\/pages\/3275\/revisions"}],"predecessor-version":[{"id":118993,"href":"https:\/\/www.campus02.at\/en\/wp-json\/wp\/v2\/pages\/3275\/revisions\/118993"}],"up":[{"embeddable":true,"href":"https:\/\/www.campus02.at\/en\/wp-json\/wp\/v2\/pages\/1650"}],"wp:attachment":[{"href":"https:\/\/www.campus02.at\/en\/wp-json\/wp\/v2\/media?parent=3275"}],"wp:term":[{"taxonomy":"author","embeddable":true,"href":"https:\/\/www.campus02.at\/en\/wp-json\/wp\/v2\/coauthors?post=3275"}],"curies":[{"name":"wp","href":"https:\/\/api.w.org\/{rel}","templated":true}]}}