{"id":3218,"date":"2016-06-30T09:32:23","date_gmt":"2016-06-30T07:32:23","guid":{"rendered":"https:\/\/www.campus02.at\/?page_id=3218"},"modified":"2022-06-13T14:58:52","modified_gmt":"2022-06-13T12:58:52","slug":"finanzielle-unterstuetzung-stipendien","status":"publish","type":"page","link":"https:\/\/www.campus02.at\/en\/internationales\/studierendenmobilitaet\/incoming\/finanzielle-unterstuetzung-stipendien\/","title":{"rendered":"Finanzielle Unterst\u00fctzung \/ Stipendien"},"content":{"rendered":"<div class=\"flex-campus-main flex-campus-main-Heading\"><h1>Finanzielle Unterst\u00fctzung \/ Stipendien<\/h1><\/div><div class=\"flex-campus-main flex-campus-main-Textbox\"><div class=\"alert bg-yellow\">\n        <p style=\"text-align: justify;\">Da ein Auslandsaufenthalt immer mit Mehrkosten verbunden ist, gibt es eine Reihe von <strong>Stipendienprogrammen<\/strong>, die Studierende bei ihren Auslandsvorhaben <strong>unterst\u00fctzen<\/strong>. In den meisten F\u00e4llen informiert das B\u00fcro f\u00fcr Internationales der Heimathochschule \u00fcber M\u00f6glichkeiten. In der Regel wird die Bewerbung \u00fcber das B\u00fcro f\u00fcr Internationales auch abgewickelt.<\/p>\n<p style=\"text-align: justify;\">Informieren Sie sich <strong>rechtzeitig<\/strong> vor Antritt Ihres Auslandsaufenthaltes \u00fcber die M\u00f6glichkeiten <strong>finanzieller Unterst\u00fctzung!<\/strong><\/p>\n<p style=\"text-align: justify;\">Hier ein <strong>\u00dcberblick<\/strong> \u00fcber Stipendienm\u00f6glichkeiten f\u00fcr einen Auslandstudienaufenthalt an der FH CAMPUS 02:<\/p>\n    <\/div><\/div><div class=\"flex-campus-main flex-campus-main-Accordion\"><div class=\"panel-group\" id=\"flexAccordion-1\" role=\"tablist\" aria-multiselectable=\"true\">\n            <div class=\"panel panel-default\">\n            <div class=\"panel-heading\" role=\"tab\" id=\"flexAccordion-1-0-heading\">\n                <h4 class=\"panel-title\">\n                    <a role=\"button\" data-toggle=\"collapse\" data-parent=\"#flexAccordion-1\" href=\"#flexAccordion-1-0-collapse\" aria-expanded=\"true\"\n                       aria-controls=\"flexAccordion-1-0-collapse\">\n                        Erasmus+                    <\/a>\n                <\/h4>\n            <\/div>\n            <div id=\"flexAccordion-1-0-collapse\" class=\"panel-collapse collapse\" role=\"tabpanel\" aria-labelledby=\"flexAccordion-1-0-heading\">\n                <div class=\"panel-body\">\n                    <p style=\"text-align: justify;\">Das EU-Bildungsprogramm <strong>Erasmus+<\/strong> unterst\u00fctzt europaweit Studierende, Absolvent*innen und Bedienstete des <strong>Hochschulbereichs<\/strong> bei der Suche nach f\u00f6rdernden Lernm\u00f6glichkeiten. Das seit 1992 in \u00d6sterreich aktive <strong>Stipendienprogramm<\/strong> f\u00fcr Auslandsaufenthalte f\u00f6rdert j\u00e4hrlich um die <strong>4.000 \u00f6sterreichische Studierende<\/strong> bei ihren Auslandsvorhaben. So werden nicht nur die akademischen Aspekte des studentischen Lebens bereichert, sondern auch der Spracherwerb, der Erwerb interkultureller wie pers\u00f6nlicher Kompetenz und die Selbst\u00e4ndigkeit gef\u00f6rdert.<\/p>\n<p style=\"text-align: justify;\"><a href=\"https:\/\/www.campus02.at\/en\/internationales\/studierendenmobilitaet\/incoming\/erasmus\/\">Hier<\/a> geht es zur Erasmus+ Bewerbung an der FH CAMPUS 02.<\/p>\n                <\/div>\n            <\/div>\n        <\/div>\n            <div class=\"panel panel-default\">\n            <div class=\"panel-heading\" role=\"tab\" id=\"flexAccordion-1-1-heading\">\n                <h4 class=\"panel-title\">\n                    <a role=\"button\" data-toggle=\"collapse\" data-parent=\"#flexAccordion-1\" href=\"#flexAccordion-1-1-collapse\" aria-expanded=\"true\"\n                       aria-controls=\"flexAccordion-1-1-collapse\">\n                        CEEPUS                    <\/a>\n                <\/h4>\n            <\/div>\n            <div id=\"flexAccordion-1-1-collapse\" class=\"panel-collapse collapse\" role=\"tabpanel\" aria-labelledby=\"flexAccordion-1-1-heading\">\n                <div class=\"panel-body\">\n                    <p style=\"text-align: justify;\">Das EU-Programm <strong>CEEPUS &#8211; Central European Exchange Program for University Studies<\/strong> &#8211; f\u00f6rdert Studierendenmobilit\u00e4t zwischen folgenden Staaten: Albanien, Bosnien-Herzegowina, Bulgarien, Kroatien, Mazedonien, Montenegro, \u00d6sterreich, Polen, Rum\u00e4nien, Serbien, Slowakische Republik, Slowenien, Tschechische Republik und Ungarn.<\/p>\n<p style=\"text-align: justify;\">Derzeit ist die Teilnahme an diesem Programm nur <strong>Studierenden der Studienrichtung Automatisierungstechnik<\/strong> m\u00f6glich. Es besteht die M\u00f6glichkeit, im Rahmen von <strong>Netzwerken<\/strong> oder als <strong>Free Mover<\/strong> teilzunehmen. N\u00e4here Informationen dazu bzw. Bewerbung bei dem*der <a href=\"https:\/\/www.campus02.at\/en\/internationales\/kontakt\/\">AT Studienrichtungskoordinator*in f\u00fcr Internationales<\/a> and <a href=\"https:\/\/oead.at\/de\/der-oead\/unsere-programme-von-a-bis-z\/#ceepus-incoming\">here.<\/a><\/p>\n                <\/div>\n            <\/div>\n        <\/div>\n            <div class=\"panel panel-default\">\n            <div class=\"panel-heading\" role=\"tab\" id=\"flexAccordion-1-2-heading\">\n                <h4 class=\"panel-title\">\n                    <a role=\"button\" data-toggle=\"collapse\" data-parent=\"#flexAccordion-1\" href=\"#flexAccordion-1-2-collapse\" aria-expanded=\"true\"\n                       aria-controls=\"flexAccordion-1-2-collapse\">\n                        Ernst Mach-Stipendium                    <\/a>\n                <\/h4>\n            <\/div>\n            <div id=\"flexAccordion-1-2-collapse\" class=\"panel-collapse collapse\" role=\"tabpanel\" aria-labelledby=\"flexAccordion-1-2-heading\">\n                <div class=\"panel-body\">\n                    <p style=\"text-align: justify;\">Das <strong>Ernst Mach-Stipendium f\u00fcr Studierende aus au\u00dfereurop\u00e4ischen L\u00e4ndern<\/strong> zum Studium an einer \u00f6sterreichischen Fachhochschule kann von Studierenden beantragt werden, deren Heimathochschule ein <strong>Kooperationsabkommen<\/strong> mit der FH CAMPUS 02 haben. Sollte es noch kein bestehendes Abkommen geben, wenden Sie sich an das B\u00fcro f\u00fcr Internationales Ihrer Heimathochschule, um entsprechende Schritte in die Wege zu leiten.<\/p>\n<p style=\"text-align: justify;\"><a href=\"https:\/\/oead.at\/de\/der-oead\/unsere-programme-von-a-bis-z\/#ernst-mach-stipendium-zum-studium-an-einer-oesterreichischen-fachhochschule-international\">Hier<\/a> finden Sie detaillierte Informationen zum Ernst Mach-Stipendium.<\/p>\n                <\/div>\n            <\/div>\n        <\/div>\n            <div class=\"panel panel-default\">\n            <div class=\"panel-heading\" role=\"tab\" id=\"flexAccordion-1-3-heading\">\n                <h4 class=\"panel-title\">\n                    <a role=\"button\" data-toggle=\"collapse\" data-parent=\"#flexAccordion-1\" href=\"#flexAccordion-1-3-collapse\" aria-expanded=\"true\"\n                       aria-controls=\"flexAccordion-1-3-collapse\">\n                        Stipendiendatenbank OeAD                    <\/a>\n                <\/h4>\n            <\/div>\n            <div id=\"flexAccordion-1-3-collapse\" class=\"panel-collapse collapse\" role=\"tabpanel\" aria-labelledby=\"flexAccordion-1-3-heading\">\n                <div class=\"panel-body\">\n                    <p style=\"text-align: justify;\">Weitere <strong>individuelle F\u00f6rderm\u00f6glichkeiten<\/strong> finden Sie in der <strong><a href=\"http:\/\/grants.at\/\">Scholarship Database of OeAD<\/a><\/strong>. &#8222;Sie bietet F\u00f6rderungen f\u00fcr Studierende [&#8230;] innerhalb \u00d6sterreichs, sowie Incoming- (nach \u00d6sterreich) und Outgoing- (von \u00d6sterreich) Stipendien [&#8230;]. Die Informationen beinhalten neben Details zu Einreichbedingungen (Einreichfrist und -stelle) auch Hinweise zu Dauer, Kontingent und Finanzierungsleistung der jeweiligen F\u00f6rderung.&#8220;<\/p>\n                <\/div>\n            <\/div>\n        <\/div>\n    <\/div>\n<\/div><div class=\"flex-campus-main flex-campus-main-Image\"><figure><a href=\"https:\/\/www.campus02.at\/wp-content\/uploads\/2015\/11\/LEI3088.jpg\"><img decoding=\"async\" src=\"https:\/\/www.campus02.at\/wp-content\/uploads\/2015\/11\/LEI3088-1024x768.jpg\" class=\"img-responsive\" alt=\"\u00a9 FH CAMPUS 02\/Leitner\" \/><\/a><\/figure><\/div>","protected":false},"excerpt":{"rendered":"<p>Finanzielle Unterst\u00fctzung \/ Stipendien Da ein Auslandsaufenthalt immer mit Mehrkosten verbunden ist, gibt es eine Reihe von <a href=\"https:\/\/www.campus02.at\/en\/internationales\/studierendenmobilitaet\/incoming\/finanzielle-unterstuetzung-stipendien\/\" class=\"more-link\">more&hellip;<\/a><\/p>","protected":false},"author":169,"featured_media":0,"parent":1650,"menu_order":7,"comment_status":"closed","ping_status":"closed","template":"","meta":{"_acf_changed":false,"footnotes":""},"coauthors":[1067,664],"class_list":["post-3218","page","type-page","status-publish","hentry"],"acf":[],"yoast_head":"<!-- This site is optimized with the Yoast SEO plugin v26.9 - https:\/\/yoast.com\/product\/yoast-seo-wordpress\/ -->\n<title>Finanzielle Unterst\u00fctzung \/ Stipendien - FH CAMPUS 02<\/title>\n<meta name=\"robots\" content=\"index, follow, max-snippet:-1, max-image-preview:large, max-video-preview:-1\" \/>\n<link rel=\"canonical\" href=\"https:\/\/www.campus02.at\/en\/internationales\/studierendenmobilitaet\/incoming\/finanzielle-unterstuetzung-stipendien\/\" \/>\n<meta property=\"og:locale\" content=\"en_GB\" \/>\n<meta property=\"og:type\" content=\"article\" \/>\n<meta property=\"og:title\" content=\"Finanzielle Unterst\u00fctzung \/ Stipendien - FH CAMPUS 02\" \/>\n<meta property=\"og:description\" content=\"Finanzielle Unterst\u00fctzung \/ Stipendien Da ein Auslandsaufenthalt immer mit Mehrkosten verbunden ist, gibt es eine Reihe von more&hellip;\" \/>\n<meta property=\"og:url\" content=\"https:\/\/www.campus02.at\/en\/internationales\/studierendenmobilitaet\/incoming\/finanzielle-unterstuetzung-stipendien\/\" \/>\n<meta property=\"og:site_name\" content=\"FH CAMPUS 02\" \/>\n<meta property=\"article:modified_time\" content=\"2022-06-13T12:58:52+00:00\" \/>\n<meta property=\"og:image\" content=\"https:\/\/www.campus02.at\/wp-content\/uploads\/2015\/10\/T_LEI2980.jpg\" \/>\n\t<meta property=\"og:image:width\" content=\"1200\" \/>\n\t<meta property=\"og:image:height\" content=\"630\" \/>\n\t<meta property=\"og:image:type\" content=\"image\/jpeg\" \/>\n<meta name=\"twitter:card\" content=\"summary_large_image\" \/>\n<meta name=\"twitter:label1\" content=\"Written by\" \/>\n\t<meta name=\"twitter:data1\" content=\"Zelenik Maja\" \/>\n<script type=\"application\/ld+json\" class=\"yoast-schema-graph\">{\"@context\":\"https:\/\/schema.org\",\"@graph\":[{\"@type\":\"WebPage\",\"@id\":\"https:\/\/www.campus02.at\/internationales\/studierendenmobilitaet\/incoming\/finanzielle-unterstuetzung-stipendien\/\",\"url\":\"https:\/\/www.campus02.at\/internationales\/studierendenmobilitaet\/incoming\/finanzielle-unterstuetzung-stipendien\/\",\"name\":\"Finanzielle Unterst\u00fctzung \/ Stipendien - FH CAMPUS 02\",\"isPartOf\":{\"@id\":\"https:\/\/www.campus02.at\/#website\"},\"datePublished\":\"2016-06-30T07:32:23+00:00\",\"dateModified\":\"2022-06-13T12:58:52+00:00\",\"breadcrumb\":{\"@id\":\"https:\/\/www.campus02.at\/internationales\/studierendenmobilitaet\/incoming\/finanzielle-unterstuetzung-stipendien\/#breadcrumb\"},\"inLanguage\":\"en-GB\",\"potentialAction\":[{\"@type\":\"ReadAction\",\"target\":[\"https:\/\/www.campus02.at\/internationales\/studierendenmobilitaet\/incoming\/finanzielle-unterstuetzung-stipendien\/\"]}]},{\"@type\":\"BreadcrumbList\",\"@id\":\"https:\/\/www.campus02.at\/internationales\/studierendenmobilitaet\/incoming\/finanzielle-unterstuetzung-stipendien\/#breadcrumb\",\"itemListElement\":[{\"@type\":\"ListItem\",\"position\":1,\"name\":\"Startseite\",\"item\":\"https:\/\/www.campus02.at\/\"},{\"@type\":\"ListItem\",\"position\":2,\"name\":\"Internationales\",\"item\":\"https:\/\/www.campus02.at\/internationales\/\"},{\"@type\":\"ListItem\",\"position\":3,\"name\":\"Studierendenmobilit\u00e4t\",\"item\":\"https:\/\/www.campus02.at\/internationales\/studierendenmobilitaet\/\"},{\"@type\":\"ListItem\",\"position\":4,\"name\":\"Incoming\",\"item\":\"https:\/\/www.campus02.at\/internationales\/studierendenmobilitaet\/incoming\/\"},{\"@type\":\"ListItem\",\"position\":5,\"name\":\"Finanzielle Unterst\u00fctzung \/ Stipendien\"}]},{\"@type\":\"WebSite\",\"@id\":\"https:\/\/www.campus02.at\/#website\",\"url\":\"https:\/\/www.campus02.at\/\",\"name\":\"FH CAMPUS 02\",\"description\":\"\",\"publisher\":{\"@id\":\"https:\/\/www.campus02.at\/#organization\"},\"potentialAction\":[{\"@type\":\"SearchAction\",\"target\":{\"@type\":\"EntryPoint\",\"urlTemplate\":\"https:\/\/www.campus02.at\/?s={search_term_string}\"},\"query-input\":{\"@type\":\"PropertyValueSpecification\",\"valueRequired\":true,\"valueName\":\"search_term_string\"}}],\"inLanguage\":\"en-GB\"},{\"@type\":\"Organization\",\"@id\":\"https:\/\/www.campus02.at\/#organization\",\"name\":\"FH CAMPUS 02\",\"url\":\"https:\/\/www.campus02.at\/\",\"logo\":{\"@type\":\"ImageObject\",\"inLanguage\":\"en-GB\",\"@id\":\"https:\/\/www.campus02.at\/#\/schema\/logo\/image\/\",\"url\":\"https:\/\/www.campus02.at\/wp-content\/uploads\/2016\/10\/Logo.jpg\",\"contentUrl\":\"https:\/\/www.campus02.at\/wp-content\/uploads\/2016\/10\/Logo.jpg\",\"width\":1108,\"height\":440,\"caption\":\"FH CAMPUS 02\"},\"image\":{\"@id\":\"https:\/\/www.campus02.at\/#\/schema\/logo\/image\/\"}}]}<\/script>\n<!-- \/ Yoast SEO plugin. -->","yoast_head_json":{"title":"Finanzielle Unterst\u00fctzung \/ Stipendien - FH CAMPUS 02","robots":{"index":"index","follow":"follow","max-snippet":"max-snippet:-1","max-image-preview":"max-image-preview:large","max-video-preview":"max-video-preview:-1"},"canonical":"https:\/\/www.campus02.at\/en\/internationales\/studierendenmobilitaet\/incoming\/finanzielle-unterstuetzung-stipendien\/","og_locale":"en_GB","og_type":"article","og_title":"Finanzielle Unterst\u00fctzung \/ Stipendien - FH CAMPUS 02","og_description":"Finanzielle Unterst\u00fctzung \/ Stipendien Da ein Auslandsaufenthalt immer mit Mehrkosten verbunden ist, gibt es eine Reihe von more&hellip;","og_url":"https:\/\/www.campus02.at\/en\/internationales\/studierendenmobilitaet\/incoming\/finanzielle-unterstuetzung-stipendien\/","og_site_name":"FH CAMPUS 02","article_modified_time":"2022-06-13T12:58:52+00:00","og_image":[{"width":1200,"height":630,"url":"https:\/\/www.campus02.at\/wp-content\/uploads\/2015\/10\/T_LEI2980.jpg","type":"image\/jpeg"}],"twitter_card":"summary_large_image","twitter_misc":{"Written by":"Zelenik Maja"},"schema":{"@context":"https:\/\/schema.org","@graph":[{"@type":"WebPage","@id":"https:\/\/www.campus02.at\/internationales\/studierendenmobilitaet\/incoming\/finanzielle-unterstuetzung-stipendien\/","url":"https:\/\/www.campus02.at\/internationales\/studierendenmobilitaet\/incoming\/finanzielle-unterstuetzung-stipendien\/","name":"Finanzielle Unterst\u00fctzung \/ Stipendien - FH CAMPUS 02","isPartOf":{"@id":"https:\/\/www.campus02.at\/#website"},"datePublished":"2016-06-30T07:32:23+00:00","dateModified":"2022-06-13T12:58:52+00:00","breadcrumb":{"@id":"https:\/\/www.campus02.at\/internationales\/studierendenmobilitaet\/incoming\/finanzielle-unterstuetzung-stipendien\/#breadcrumb"},"inLanguage":"en-GB","potentialAction":[{"@type":"ReadAction","target":["https:\/\/www.campus02.at\/internationales\/studierendenmobilitaet\/incoming\/finanzielle-unterstuetzung-stipendien\/"]}]},{"@type":"BreadcrumbList","@id":"https:\/\/www.campus02.at\/internationales\/studierendenmobilitaet\/incoming\/finanzielle-unterstuetzung-stipendien\/#breadcrumb","itemListElement":[{"@type":"ListItem","position":1,"name":"Startseite","item":"https:\/\/www.campus02.at\/"},{"@type":"ListItem","position":2,"name":"Internationales","item":"https:\/\/www.campus02.at\/internationales\/"},{"@type":"ListItem","position":3,"name":"Studierendenmobilit\u00e4t","item":"https:\/\/www.campus02.at\/internationales\/studierendenmobilitaet\/"},{"@type":"ListItem","position":4,"name":"Incoming","item":"https:\/\/www.campus02.at\/internationales\/studierendenmobilitaet\/incoming\/"},{"@type":"ListItem","position":5,"name":"Finanzielle Unterst\u00fctzung \/ Stipendien"}]},{"@type":"WebSite","@id":"https:\/\/www.campus02.at\/#website","url":"https:\/\/www.campus02.at\/","name":"CAMPUS 02 UAS","description":"","publisher":{"@id":"https:\/\/www.campus02.at\/#organization"},"potentialAction":[{"@type":"SearchAction","target":{"@type":"EntryPoint","urlTemplate":"https:\/\/www.campus02.at\/?s={search_term_string}"},"query-input":{"@type":"PropertyValueSpecification","valueRequired":true,"valueName":"search_term_string"}}],"inLanguage":"en-GB"},{"@type":"Organization","@id":"https:\/\/www.campus02.at\/#organization","name":"CAMPUS 02 UAS","url":"https:\/\/www.campus02.at\/","logo":{"@type":"ImageObject","inLanguage":"en-GB","@id":"https:\/\/www.campus02.at\/#\/schema\/logo\/image\/","url":"https:\/\/www.campus02.at\/wp-content\/uploads\/2016\/10\/Logo.jpg","contentUrl":"https:\/\/www.campus02.at\/wp-content\/uploads\/2016\/10\/Logo.jpg","width":1108,"height":440,"caption":"FH CAMPUS 02"},"image":{"@id":"https:\/\/www.campus02.at\/#\/schema\/logo\/image\/"}}]}},"_links":{"self":[{"href":"https:\/\/www.campus02.at\/en\/wp-json\/wp\/v2\/pages\/3218","targetHints":{"allow":["GET"]}}],"collection":[{"href":"https:\/\/www.campus02.at\/en\/wp-json\/wp\/v2\/pages"}],"about":[{"href":"https:\/\/www.campus02.at\/en\/wp-json\/wp\/v2\/types\/page"}],"author":[{"embeddable":true,"href":"https:\/\/www.campus02.at\/en\/wp-json\/wp\/v2\/users\/169"}],"replies":[{"embeddable":true,"href":"https:\/\/www.campus02.at\/en\/wp-json\/wp\/v2\/comments?post=3218"}],"version-history":[{"count":7,"href":"https:\/\/www.campus02.at\/en\/wp-json\/wp\/v2\/pages\/3218\/revisions"}],"predecessor-version":[{"id":117748,"href":"https:\/\/www.campus02.at\/en\/wp-json\/wp\/v2\/pages\/3218\/revisions\/117748"}],"up":[{"embeddable":true,"href":"https:\/\/www.campus02.at\/en\/wp-json\/wp\/v2\/pages\/1650"}],"wp:attachment":[{"href":"https:\/\/www.campus02.at\/en\/wp-json\/wp\/v2\/media?parent=3218"}],"wp:term":[{"taxonomy":"author","embeddable":true,"href":"https:\/\/www.campus02.at\/en\/wp-json\/wp\/v2\/coauthors?post=3218"}],"curies":[{"name":"wp","href":"https:\/\/api.w.org\/{rel}","templated":true}]}}