{"id":3109,"date":"2016-06-30T09:32:02","date_gmt":"2016-06-30T07:32:02","guid":{"rendered":"https:\/\/www.campus02.at\/?page_id=3109"},"modified":"2024-07-01T13:00:57","modified_gmt":"2024-07-01T11:00:57","slug":"erasmus","status":"publish","type":"page","link":"https:\/\/www.campus02.at\/en\/internationales\/studierendenmobilitaet\/incoming\/erasmus\/","title":{"rendered":"Erasmus+"},"content":{"rendered":"<div class=\"flex-campus-main flex-campus-main-Heading\"><h1>Erasmus+<\/h1><\/div><div class=\"flex-campus-main flex-campus-main-Text\"><p style=\"text-align: justify;\">Voraussetzung f\u00fcr die Durchf\u00fchrung von einem Mobilit\u00e4tssemester \/ -jahr an der FH CAMPUS 02 ist ein bestehendes <strong>Erasmus+ Abkommen<\/strong> zwischen Ihrer Heimathochschule und der FH CAMPUS 02. Informieren Sie sich rechtzeitig, ob ein solches Abkommen besteht, oder ob gegebenenfalls vom B\u00fcro f\u00fcr Internationales Ihrer Heimathochschule entsprechende Schritte in die Wege geleitet werden k\u00f6nnen.<\/p>\n<p style=\"text-align: justify;\">Beachten Sie au\u00dferdem, dass f\u00fcr gew\u00f6hnlich eine Bewerbung an mehreren Stellen erforderlich ist (Fakult\u00e4t oder Studiengang Ihrer Heimathochschule, B\u00fcro f\u00fcr Internationales Ihrer Heimathochschule, B\u00fcro f\u00fcr Internationales der Gasthochschule). Beachten Sie dabei auch die jeweils erforderlichen <strong>Unterlagen<\/strong> und die entsprechenden <strong>Fristen<\/strong>.<\/p>\n<\/div><div class=\"flex-campus-main flex-campus-main-Gallery\">    <div id=\"galleryCarousel-1\" class=\"carousel slide\" data-ride=\"carousel\">\n                <ol class=\"carousel-indicators\">\n                        <li data-target=\"#galleryCarousel-1\" data-slide-to=\"0\" class=\"active\"><\/li>\n                        <li data-target=\"#galleryCarousel-1\" data-slide-to=\"1\" ><\/li>\n                        <li data-target=\"#galleryCarousel-1\" data-slide-to=\"2\" ><\/li>\n                        <li data-target=\"#galleryCarousel-1\" data-slide-to=\"3\" ><\/li>\n                        <li data-target=\"#galleryCarousel-1\" data-slide-to=\"4\" ><\/li>\n                        <li data-target=\"#galleryCarousel-1\" data-slide-to=\"5\" ><\/li>\n                        <li data-target=\"#galleryCarousel-1\" data-slide-to=\"6\" ><\/li>\n                        <li data-target=\"#galleryCarousel-1\" data-slide-to=\"7\" ><\/li>\n                    <\/ol>\n                <div class=\"carousel-inner\" role=\"listbox\">\n                        <div class=\"item active\">\n                <div class=\"carousel-image\" style=\"background-image: url(https:\/\/www.campus02.at\/wp-content\/uploads\/2016\/03\/m130701c101-1024x683.jpg);\"><\/div>\n                <div class=\"carousel-caption\">\n                    \u00a9 FH CAMPUS 02\/Melbinger                <\/div>\n            <\/div>\n                        <div class=\"item\">\n                <div class=\"carousel-image\" style=\"background-image: url(https:\/\/www.campus02.at\/wp-content\/uploads\/2016\/01\/LEI3339-1024x768.jpg);\"><\/div>\n                <div class=\"carousel-caption\">\n                    \u00a9 FH CAMPUS 02\/Leitner                <\/div>\n            <\/div>\n                        <div class=\"item\">\n                <div class=\"carousel-image\" style=\"background-image: url(https:\/\/www.campus02.at\/wp-content\/uploads\/2016\/01\/LEI3121-1024x768.jpg);\"><\/div>\n                <div class=\"carousel-caption\">\n                    \u00a9 FH CAMPUS 02\/Leitner                <\/div>\n            <\/div>\n                        <div class=\"item\">\n                <div class=\"carousel-image\" style=\"background-image: url(https:\/\/www.campus02.at\/wp-content\/uploads\/2016\/03\/1_WEB.jpg);\"><\/div>\n                <div class=\"carousel-caption\">\n                    \u00a9 FH CAMPUS 02\/Marhl                <\/div>\n            <\/div>\n                        <div class=\"item\">\n                <div class=\"carousel-image\" style=\"background-image: url(https:\/\/www.campus02.at\/wp-content\/uploads\/2016\/01\/LEI2486-1024x768.jpg);\"><\/div>\n                <div class=\"carousel-caption\">\n                    \u00a9 FH CAMPUS 02\/Leitner                <\/div>\n            <\/div>\n                        <div class=\"item\">\n                <div class=\"carousel-image\" style=\"background-image: url(https:\/\/www.campus02.at\/wp-content\/uploads\/2016\/05\/m120508c103-1024x683.jpg);\"><\/div>\n                <div class=\"carousel-caption\">\n                    \u00a9 FH CAMPUS 02\/Melbinger                <\/div>\n            <\/div>\n                        <div class=\"item\">\n                <div class=\"carousel-image\" style=\"background-image: url(https:\/\/www.campus02.at\/wp-content\/uploads\/2016\/01\/LEI3181-1024x768.jpg);\"><\/div>\n                <div class=\"carousel-caption\">\n                    \u00a9 FH CAMPUS 02\/Leitner                <\/div>\n            <\/div>\n                        <div class=\"item\">\n                <div class=\"carousel-image\" style=\"background-image: url(https:\/\/www.campus02.at\/wp-content\/uploads\/2016\/01\/LEI3290-1024x768.jpg);\"><\/div>\n                <div class=\"carousel-caption\">\n                    \u00a9 FH CAMPUS 02\/Leitner                <\/div>\n            <\/div>\n                    <\/div>\n        <a class=\"left carousel-control\" href=\"#galleryCarousel-1\" role=\"button\" data-slide=\"prev\">\n            <span class=\"fa fa-chevron-left glyphicon-chevron-left\" aria-hidden=\"true\"><\/span>\n            <span class=\"sr-only\">Zur\u00fcck<\/span>\n        <\/a>\n        <a class=\"right carousel-control\" href=\"#galleryCarousel-1\" role=\"button\" data-slide=\"next\">\n            <span class=\"fa fa-chevron-right glyphicon-chevron-right\" aria-hidden=\"true\"><\/span>\n            <span class=\"sr-only\"><strong>\"Continue\".<\/strong><\/span>\n        <\/a>\n    <\/div>\n<\/div><div class=\"flex-campus-main flex-campus-main-Accordion\"><div class=\"panel-group\" id=\"flexAccordion-1\" role=\"tablist\" aria-multiselectable=\"true\">\n            <div class=\"panel panel-default\">\n            <div class=\"panel-heading\" role=\"tab\" id=\"flexAccordion-1-0-heading\">\n                <h4 class=\"panel-title\">\n                    <a role=\"button\" data-toggle=\"collapse\" data-parent=\"#flexAccordion-1\" href=\"#flexAccordion-1-0-collapse\" aria-expanded=\"true\"\n                       aria-controls=\"flexAccordion-1-0-collapse\">\n                        Application process                    <\/a>\n                <\/h4>\n            <\/div>\n            <div id=\"flexAccordion-1-0-collapse\" class=\"panel-collapse collapse\" role=\"tabpanel\" aria-labelledby=\"flexAccordion-1-0-heading\">\n                <div class=\"panel-body\">\n                    <ol>\n<li style=\"text-align: justify;\">Sie <strong>bewerben<\/strong> sich an Ihrer <strong>Heimathochschule<\/strong>.<\/li>\n<li style=\"text-align: justify;\">Ihre Heimathochschule <strong>genehmigt<\/strong> Ihnen einen <strong>Studienplatz<\/strong> f\u00fcr 1 bis 2 Semester an der FH CAMPUS 02.<\/li>\n<li style=\"text-align: justify;\">Die zust\u00e4ndige Person Ihrer Heimathochschule <strong>nominiert<\/strong> Sie an das B\u00fcro f\u00fcr Internationales der FH CAMPUS 02 (Wintersemester:<strong>15. Mai<\/strong> \/ Sommersemester: <strong>15. Oktober<\/strong>).<\/li>\n<li style=\"text-align: justify;\">Sie erhalten eine <strong>Nominierungsbest\u00e4tigung<\/strong> vom B\u00fcro f\u00fcr Internationales der FH CAMPUS 02.<\/li>\n<li style=\"text-align: justify;\">Das B\u00fcro f\u00fcr Internationales Ihrer Heimathochschule \u00fcbermittelt die erforderlichen Bewerbungsunterlagen an das B\u00fcro f\u00fcr Internationales der FH CAMPUS 02 (Wintersemester: <strong>1. Juni<\/strong> \/ Sommersemester: <strong>1. November<\/strong>):\n<ul>\n<li><a href=\"https:\/\/www.campus02.at\/wp-content\/uploads\/2024\/03\/ERASMUS_SMS_Appl_Form_24_25_Incomings_AGRAZ10.docx\">Bewerbungsformular<\/a> f\u00fcr das Studienjahr 2024\/25<\/li>\n<li>Erasmus+ Online Learning Agreement for Studies<\/li>\n<li>Proof of academic achievement<\/li>\n<\/ul>\n<\/li>\n<li style=\"text-align: justify;\">Ihre Bewerbung wird nach vollst\u00e4ndiger Abgabe <strong>bearbeitet<\/strong>.<\/li>\n<\/ol>\n                <\/div>\n            <\/div>\n        <\/div>\n            <div class=\"panel panel-default\">\n            <div class=\"panel-heading\" role=\"tab\" id=\"flexAccordion-1-1-heading\">\n                <h4 class=\"panel-title\">\n                    <a role=\"button\" data-toggle=\"collapse\" data-parent=\"#flexAccordion-1\" href=\"#flexAccordion-1-1-collapse\" aria-expanded=\"true\"\n                       aria-controls=\"flexAccordion-1-1-collapse\">\n                        Further steps                    <\/a>\n                <\/h4>\n            <\/div>\n            <div id=\"flexAccordion-1-1-collapse\" class=\"panel-collapse collapse\" role=\"tabpanel\" aria-labelledby=\"flexAccordion-1-1-heading\">\n                <div class=\"panel-body\">\n                    <p style=\"text-align: justify;\">Sobald Sie die <strong>Nominierungsbest\u00e4tigung<\/strong> des B\u00fcros f\u00fcr Internationales der FH CAMPUS 02 erhalten haben, k\u00f6nnen Sie sich auf der Webseite der <strong>OeAD Wohnraumverwaltung<\/strong> oder auf der Webseite der <strong>\u00d6sterreichischen Hochsch\u00fcler*innenschaft (\u00d6H)<\/strong> f\u00fcr einen Wohnheimplatz bewerben. Weitere praktische Informationen, die Ihnen bei der Planung Ihres Auslandsstudienaufenthaltes helfen werden, finden Sie auf der Seite <a href=\"https:\/\/www.campus02.at\/en\/internationales\/studierendenmobilitaet\/incoming\/\"><strong>&#8222;Incoming&#8220;<\/strong><\/a>.<\/p>\n<p style=\"text-align: justify;\">Bitte beachten Sie auch die in \u00d6sterreich geltenden <strong>Einreise- und Aufenthaltsbestimmungen<\/strong> sowie die geltende <strong>&#8222;Meldepflicht&#8220;<\/strong>.<\/p>\n                <\/div>\n            <\/div>\n        <\/div>\n            <div class=\"panel panel-default\">\n            <div class=\"panel-heading\" role=\"tab\" id=\"flexAccordion-1-2-heading\">\n                <h4 class=\"panel-title\">\n                    <a role=\"button\" data-toggle=\"collapse\" data-parent=\"#flexAccordion-1\" href=\"#flexAccordion-1-2-collapse\" aria-expanded=\"true\"\n                       aria-controls=\"flexAccordion-1-2-collapse\">\n                        Arrival                    <\/a>\n                <\/h4>\n            <\/div>\n            <div id=\"flexAccordion-1-2-collapse\" class=\"panel-collapse collapse\" role=\"tabpanel\" aria-labelledby=\"flexAccordion-1-2-heading\">\n                <div class=\"panel-body\">\n                    <p style=\"text-align: justify;\">Das B\u00fcro f\u00fcr Internationales wird Sie \u00fcber die Termine f\u00fcr den verpflichtenden <strong>Introduction Day<\/strong> und f\u00fcr die <strong>Einf\u00fchrungsgespr\u00e4che mit Ihren Studiengangskoordinator*innen<\/strong> vor Ihrer Abreise informieren.<\/p>\n<p style=\"text-align: justify;\">Bei den <strong>Einf\u00fchrungsgespr\u00e4chen<\/strong> mit Ihren Studiengangskoordinator*innen werden Sie Ihren <strong>Stundenplan<\/strong> besprechen, eventuelle \u00c4nderungen im Learning Agreement vornehmen und sich in die ausgew\u00e4hlten <strong>Lehrveranstaltungen einschreiben<\/strong>.<\/p>\n<p style=\"text-align: justify;\" class=\"translation-block\">If you arrive before the specified date, please schedule an appointment with the International Office (<a href=\"mailto:international@campus02.at\" target=\"_self\"><span style=\"text-decoration: underline\"><strong>international@campus02.at<\/strong><\/span><\/a>).<\/p>\n                <\/div>\n            <\/div>\n        <\/div>\n            <div class=\"panel panel-default\">\n            <div class=\"panel-heading\" role=\"tab\" id=\"flexAccordion-1-3-heading\">\n                <h4 class=\"panel-title\">\n                    <a role=\"button\" data-toggle=\"collapse\" data-parent=\"#flexAccordion-1\" href=\"#flexAccordion-1-3-collapse\" aria-expanded=\"true\"\n                       aria-controls=\"flexAccordion-1-3-collapse\">\n                        After your stay                    <\/a>\n                <\/h4>\n            <\/div>\n            <div id=\"flexAccordion-1-3-collapse\" class=\"panel-collapse collapse\" role=\"tabpanel\" aria-labelledby=\"flexAccordion-1-3-heading\">\n                <div class=\"panel-body\">\n                    <p style=\"text-align: justify;\" class=\"translation-block\">Don't forget to collect your <strong>Confirmation of Stay<\/strong> from the International Office before the end of your stay. This can be issued no earlier than one week before the end of your stay. Your <strong>Transcript of Records<\/strong> will be provided either together with your Confirmation of Stay or, if not all grades are available in the system, it will be sent to you later by the International Office.<\/p>\n                <\/div>\n            <\/div>\n        <\/div>\n    <\/div>\n<\/div>","protected":false},"excerpt":{"rendered":"<p>Erasmus+Voraussetzung f\u00fcr die Durchf\u00fchrung von einem Mobilit\u00e4tssemester \/ -jahr an der FH CAMPUS 02 ist ein bestehendes <a href=\"https:\/\/www.campus02.at\/en\/internationales\/studierendenmobilitaet\/incoming\/erasmus\/\" class=\"more-link\">more&hellip;<\/a><\/p>","protected":false},"author":169,"featured_media":0,"parent":1650,"menu_order":0,"comment_status":"closed","ping_status":"closed","template":"","meta":{"_acf_changed":false,"footnotes":""},"coauthors":[1067],"class_list":["post-3109","page","type-page","status-publish","hentry"],"acf":[],"yoast_head":"<!-- This site is optimized with the Yoast SEO plugin v26.9 - https:\/\/yoast.com\/product\/yoast-seo-wordpress\/ -->\n<title>Erasmus+ - FH CAMPUS 02<\/title>\n<meta name=\"robots\" content=\"index, follow, max-snippet:-1, max-image-preview:large, max-video-preview:-1\" \/>\n<link rel=\"canonical\" href=\"https:\/\/www.campus02.at\/en\/internationales\/studierendenmobilitaet\/incoming\/erasmus\/\" \/>\n<meta property=\"og:locale\" content=\"en_GB\" \/>\n<meta property=\"og:type\" content=\"article\" \/>\n<meta property=\"og:title\" content=\"Erasmus+ - FH CAMPUS 02\" \/>\n<meta property=\"og:description\" content=\"Erasmus+Voraussetzung f\u00fcr die Durchf\u00fchrung von einem Mobilit\u00e4tssemester \/ -jahr an der FH CAMPUS 02 ist ein bestehendes more&hellip;\" \/>\n<meta property=\"og:url\" content=\"https:\/\/www.campus02.at\/en\/internationales\/studierendenmobilitaet\/incoming\/erasmus\/\" \/>\n<meta property=\"og:site_name\" content=\"FH CAMPUS 02\" \/>\n<meta property=\"article:modified_time\" content=\"2024-07-01T11:00:57+00:00\" \/>\n<meta property=\"og:image\" content=\"https:\/\/www.campus02.at\/wp-content\/uploads\/2015\/10\/T_LEI2980.jpg\" \/>\n\t<meta property=\"og:image:width\" content=\"1200\" \/>\n\t<meta property=\"og:image:height\" content=\"630\" \/>\n\t<meta property=\"og:image:type\" content=\"image\/jpeg\" \/>\n<meta name=\"twitter:card\" content=\"summary_large_image\" \/>\n<meta name=\"twitter:label1\" content=\"Written by\" \/>\n\t<meta name=\"twitter:data1\" content=\"Zelenik Maja\" \/>\n<script type=\"application\/ld+json\" class=\"yoast-schema-graph\">{\"@context\":\"https:\/\/schema.org\",\"@graph\":[{\"@type\":\"WebPage\",\"@id\":\"https:\/\/www.campus02.at\/internationales\/studierendenmobilitaet\/incoming\/erasmus\/\",\"url\":\"https:\/\/www.campus02.at\/internationales\/studierendenmobilitaet\/incoming\/erasmus\/\",\"name\":\"Erasmus+ - FH CAMPUS 02\",\"isPartOf\":{\"@id\":\"https:\/\/www.campus02.at\/#website\"},\"datePublished\":\"2016-06-30T07:32:02+00:00\",\"dateModified\":\"2024-07-01T11:00:57+00:00\",\"breadcrumb\":{\"@id\":\"https:\/\/www.campus02.at\/internationales\/studierendenmobilitaet\/incoming\/erasmus\/#breadcrumb\"},\"inLanguage\":\"en-GB\",\"potentialAction\":[{\"@type\":\"ReadAction\",\"target\":[\"https:\/\/www.campus02.at\/internationales\/studierendenmobilitaet\/incoming\/erasmus\/\"]}]},{\"@type\":\"BreadcrumbList\",\"@id\":\"https:\/\/www.campus02.at\/internationales\/studierendenmobilitaet\/incoming\/erasmus\/#breadcrumb\",\"itemListElement\":[{\"@type\":\"ListItem\",\"position\":1,\"name\":\"Startseite\",\"item\":\"https:\/\/www.campus02.at\/\"},{\"@type\":\"ListItem\",\"position\":2,\"name\":\"Internationales\",\"item\":\"https:\/\/www.campus02.at\/internationales\/\"},{\"@type\":\"ListItem\",\"position\":3,\"name\":\"Studierendenmobilit\u00e4t\",\"item\":\"https:\/\/www.campus02.at\/internationales\/studierendenmobilitaet\/\"},{\"@type\":\"ListItem\",\"position\":4,\"name\":\"Incoming\",\"item\":\"https:\/\/www.campus02.at\/internationales\/studierendenmobilitaet\/incoming\/\"},{\"@type\":\"ListItem\",\"position\":5,\"name\":\"Erasmus+\"}]},{\"@type\":\"WebSite\",\"@id\":\"https:\/\/www.campus02.at\/#website\",\"url\":\"https:\/\/www.campus02.at\/\",\"name\":\"FH CAMPUS 02\",\"description\":\"\",\"publisher\":{\"@id\":\"https:\/\/www.campus02.at\/#organization\"},\"potentialAction\":[{\"@type\":\"SearchAction\",\"target\":{\"@type\":\"EntryPoint\",\"urlTemplate\":\"https:\/\/www.campus02.at\/?s={search_term_string}\"},\"query-input\":{\"@type\":\"PropertyValueSpecification\",\"valueRequired\":true,\"valueName\":\"search_term_string\"}}],\"inLanguage\":\"en-GB\"},{\"@type\":\"Organization\",\"@id\":\"https:\/\/www.campus02.at\/#organization\",\"name\":\"FH CAMPUS 02\",\"url\":\"https:\/\/www.campus02.at\/\",\"logo\":{\"@type\":\"ImageObject\",\"inLanguage\":\"en-GB\",\"@id\":\"https:\/\/www.campus02.at\/#\/schema\/logo\/image\/\",\"url\":\"https:\/\/www.campus02.at\/wp-content\/uploads\/2016\/10\/Logo.jpg\",\"contentUrl\":\"https:\/\/www.campus02.at\/wp-content\/uploads\/2016\/10\/Logo.jpg\",\"width\":1108,\"height\":440,\"caption\":\"FH CAMPUS 02\"},\"image\":{\"@id\":\"https:\/\/www.campus02.at\/#\/schema\/logo\/image\/\"}}]}<\/script>\n<!-- \/ Yoast SEO plugin. -->","yoast_head_json":{"title":"Erasmus+ - FH CAMPUS 02","robots":{"index":"index","follow":"follow","max-snippet":"max-snippet:-1","max-image-preview":"max-image-preview:large","max-video-preview":"max-video-preview:-1"},"canonical":"https:\/\/www.campus02.at\/en\/internationales\/studierendenmobilitaet\/incoming\/erasmus\/","og_locale":"en_GB","og_type":"article","og_title":"Erasmus+ - FH CAMPUS 02","og_description":"Erasmus+Voraussetzung f\u00fcr die Durchf\u00fchrung von einem Mobilit\u00e4tssemester \/ -jahr an der FH CAMPUS 02 ist ein bestehendes more&hellip;","og_url":"https:\/\/www.campus02.at\/en\/internationales\/studierendenmobilitaet\/incoming\/erasmus\/","og_site_name":"FH CAMPUS 02","article_modified_time":"2024-07-01T11:00:57+00:00","og_image":[{"width":1200,"height":630,"url":"https:\/\/www.campus02.at\/wp-content\/uploads\/2015\/10\/T_LEI2980.jpg","type":"image\/jpeg"}],"twitter_card":"summary_large_image","twitter_misc":{"Written by":"Zelenik Maja"},"schema":{"@context":"https:\/\/schema.org","@graph":[{"@type":"WebPage","@id":"https:\/\/www.campus02.at\/internationales\/studierendenmobilitaet\/incoming\/erasmus\/","url":"https:\/\/www.campus02.at\/internationales\/studierendenmobilitaet\/incoming\/erasmus\/","name":"Erasmus+ - FH CAMPUS 02","isPartOf":{"@id":"https:\/\/www.campus02.at\/#website"},"datePublished":"2016-06-30T07:32:02+00:00","dateModified":"2024-07-01T11:00:57+00:00","breadcrumb":{"@id":"https:\/\/www.campus02.at\/internationales\/studierendenmobilitaet\/incoming\/erasmus\/#breadcrumb"},"inLanguage":"en-GB","potentialAction":[{"@type":"ReadAction","target":["https:\/\/www.campus02.at\/internationales\/studierendenmobilitaet\/incoming\/erasmus\/"]}]},{"@type":"BreadcrumbList","@id":"https:\/\/www.campus02.at\/internationales\/studierendenmobilitaet\/incoming\/erasmus\/#breadcrumb","itemListElement":[{"@type":"ListItem","position":1,"name":"Startseite","item":"https:\/\/www.campus02.at\/"},{"@type":"ListItem","position":2,"name":"Internationales","item":"https:\/\/www.campus02.at\/internationales\/"},{"@type":"ListItem","position":3,"name":"Studierendenmobilit\u00e4t","item":"https:\/\/www.campus02.at\/internationales\/studierendenmobilitaet\/"},{"@type":"ListItem","position":4,"name":"Incoming","item":"https:\/\/www.campus02.at\/internationales\/studierendenmobilitaet\/incoming\/"},{"@type":"ListItem","position":5,"name":"Erasmus+"}]},{"@type":"WebSite","@id":"https:\/\/www.campus02.at\/#website","url":"https:\/\/www.campus02.at\/","name":"CAMPUS 02 UAS","description":"","publisher":{"@id":"https:\/\/www.campus02.at\/#organization"},"potentialAction":[{"@type":"SearchAction","target":{"@type":"EntryPoint","urlTemplate":"https:\/\/www.campus02.at\/?s={search_term_string}"},"query-input":{"@type":"PropertyValueSpecification","valueRequired":true,"valueName":"search_term_string"}}],"inLanguage":"en-GB"},{"@type":"Organization","@id":"https:\/\/www.campus02.at\/#organization","name":"CAMPUS 02 UAS","url":"https:\/\/www.campus02.at\/","logo":{"@type":"ImageObject","inLanguage":"en-GB","@id":"https:\/\/www.campus02.at\/#\/schema\/logo\/image\/","url":"https:\/\/www.campus02.at\/wp-content\/uploads\/2016\/10\/Logo.jpg","contentUrl":"https:\/\/www.campus02.at\/wp-content\/uploads\/2016\/10\/Logo.jpg","width":1108,"height":440,"caption":"FH CAMPUS 02"},"image":{"@id":"https:\/\/www.campus02.at\/#\/schema\/logo\/image\/"}}]}},"_links":{"self":[{"href":"https:\/\/www.campus02.at\/en\/wp-json\/wp\/v2\/pages\/3109","targetHints":{"allow":["GET"]}}],"collection":[{"href":"https:\/\/www.campus02.at\/en\/wp-json\/wp\/v2\/pages"}],"about":[{"href":"https:\/\/www.campus02.at\/en\/wp-json\/wp\/v2\/types\/page"}],"author":[{"embeddable":true,"href":"https:\/\/www.campus02.at\/en\/wp-json\/wp\/v2\/users\/169"}],"replies":[{"embeddable":true,"href":"https:\/\/www.campus02.at\/en\/wp-json\/wp\/v2\/comments?post=3109"}],"version-history":[{"count":7,"href":"https:\/\/www.campus02.at\/en\/wp-json\/wp\/v2\/pages\/3109\/revisions"}],"predecessor-version":[{"id":148835,"href":"https:\/\/www.campus02.at\/en\/wp-json\/wp\/v2\/pages\/3109\/revisions\/148835"}],"up":[{"embeddable":true,"href":"https:\/\/www.campus02.at\/en\/wp-json\/wp\/v2\/pages\/1650"}],"wp:attachment":[{"href":"https:\/\/www.campus02.at\/en\/wp-json\/wp\/v2\/media?parent=3109"}],"wp:term":[{"taxonomy":"author","embeddable":true,"href":"https:\/\/www.campus02.at\/en\/wp-json\/wp\/v2\/coauthors?post=3109"}],"curies":[{"name":"wp","href":"https:\/\/api.w.org\/{rel}","templated":true}]}}