{"id":1882,"date":"2016-03-02T19:28:10","date_gmt":"2016-03-02T18:28:10","guid":{"rendered":"https:\/\/www.campus02.at\/?page_id=1882"},"modified":"2022-08-30T15:51:37","modified_gmt":"2022-08-30T13:51:37","slug":"fe-aktivitaeten-initiativen","status":"publish","type":"page","link":"https:\/\/www.campus02.at\/en\/fue\/fe-projekte\/fe-aktivitaeten-initiativen\/","title":{"rendered":"Aktivit\u00e4ten &amp; Initiativen"},"content":{"rendered":"<div class=\"flex-campus-main flex-campus-main-Heading\"><h1>Aktivit\u00e4ten &amp; Initiativen<\/h1><\/div><div class=\"flex-campus-main flex-campus-main-Image\"><figure><a href=\"https:\/\/www.campus02.at\/wp-content\/uploads\/2016\/10\/T_LEI2129.jpg\"><img decoding=\"async\" src=\"https:\/\/www.campus02.at\/wp-content\/uploads\/2016\/10\/T_LEI2129-1024x341.jpg\" class=\"img-responsive\" alt=\"\u00a9 FH CAMPUS 02\/Leitner\" \/><\/a><\/figure><\/div><div class=\"flex-campus-main flex-campus-main-Heading\"><h3>Transferaktivit\u00e4ten<\/h3><\/div><div class=\"flex-campus-main flex-campus-main-Text\"><p>CAMPUS 02 University of Applied Sciences provides the knowledge to make new technologies and developments usable for Styrian companies. In order to actively transfer this knowledge to the economy, various activities are organised in addition to cooperative R&amp;D projects in order to disseminate information to entrepreneurs.<\/p>\n<p>Die Breite der Aktivit\u00e4ten spannt sich von regelm\u00e4\u00dfigen anerkannten Fachveranstaltungen wie der &#8222;ServTec&#8220; f\u00fcr Service Engineering und Smart Services oder\u00a0der &#8222;Innovation for Automation&#8220; der Automatisierungstechnik bis zu l\u00e4ngerfristigen Projekten zur Unterst\u00fctzung der Innovationsleistung in der Steiermark, wie dem &#8222;Innolab&#8220; und den zahlreichen Innovationsleitf\u00e4den f\u00fcr KMU der FH CAMPUS 02.<\/p>\n<\/div><div class=\"flex-campus-main flex-campus-main-Heading\"><h3>Initiatives<\/h3><\/div>","protected":false},"excerpt":{"rendered":"<p>Aktivit\u00e4ten &amp; InitiativenTransferaktivit\u00e4tenDie FH CAMPUS 02 liefert das Wissen um neue Technologien und Entwicklungen f\u00fcr <a href=\"https:\/\/www.campus02.at\/en\/fue\/fe-projekte\/fe-aktivitaeten-initiativen\/\" class=\"more-link\">more&hellip;<\/a><\/p>","protected":false},"author":186,"featured_media":0,"parent":1869,"menu_order":5,"comment_status":"closed","ping_status":"closed","template":"custom-projects.php","meta":{"_acf_changed":false,"footnotes":""},"coauthors":[1113,679],"class_list":["post-1882","page","type-page","status-publish","hentry"],"acf":[],"yoast_head":"<!-- This site is optimized with the Yoast SEO plugin v26.9 - https:\/\/yoast.com\/product\/yoast-seo-wordpress\/ -->\n<title>Aktivit\u00e4ten &amp; Initiativen - FH CAMPUS 02<\/title>\n<meta name=\"robots\" content=\"index, follow, max-snippet:-1, max-image-preview:large, max-video-preview:-1\" \/>\n<link rel=\"canonical\" href=\"https:\/\/www.campus02.at\/en\/fue\/fe-projekte\/fe-aktivitaeten-initiativen\/\" \/>\n<meta property=\"og:locale\" content=\"en_GB\" \/>\n<meta property=\"og:type\" content=\"article\" \/>\n<meta property=\"og:title\" content=\"Aktivit\u00e4ten &amp; Initiativen - FH CAMPUS 02\" \/>\n<meta property=\"og:description\" content=\"Aktivit\u00e4ten &amp; InitiativenTransferaktivit\u00e4tenDie FH CAMPUS 02 liefert das Wissen um neue Technologien und Entwicklungen f\u00fcr more&hellip;\" \/>\n<meta property=\"og:url\" content=\"https:\/\/www.campus02.at\/en\/fue\/fe-projekte\/fe-aktivitaeten-initiativen\/\" \/>\n<meta property=\"og:site_name\" content=\"FH CAMPUS 02\" \/>\n<meta property=\"article:modified_time\" content=\"2022-08-30T13:51:37+00:00\" \/>\n<meta property=\"og:image\" content=\"https:\/\/www.campus02.at\/wp-content\/uploads\/2015\/10\/T_LEI2980.jpg\" \/>\n\t<meta property=\"og:image:width\" content=\"1200\" \/>\n\t<meta property=\"og:image:height\" content=\"630\" \/>\n\t<meta property=\"og:image:type\" content=\"image\/jpeg\" \/>\n<meta name=\"twitter:card\" content=\"summary_large_image\" \/>\n<meta name=\"twitter:label1\" content=\"Written by\" \/>\n\t<meta name=\"twitter:data1\" content=\"Wolf Wilfried\" \/>\n<script type=\"application\/ld+json\" class=\"yoast-schema-graph\">{\"@context\":\"https:\/\/schema.org\",\"@graph\":[{\"@type\":\"WebPage\",\"@id\":\"https:\/\/www.campus02.at\/fue\/fe-projekte\/fe-aktivitaeten-initiativen\/\",\"url\":\"https:\/\/www.campus02.at\/fue\/fe-projekte\/fe-aktivitaeten-initiativen\/\",\"name\":\"Aktivit\u00e4ten &amp; Initiativen - FH CAMPUS 02\",\"isPartOf\":{\"@id\":\"https:\/\/www.campus02.at\/#website\"},\"datePublished\":\"2016-03-02T18:28:10+00:00\",\"dateModified\":\"2022-08-30T13:51:37+00:00\",\"breadcrumb\":{\"@id\":\"https:\/\/www.campus02.at\/fue\/fe-projekte\/fe-aktivitaeten-initiativen\/#breadcrumb\"},\"inLanguage\":\"en-GB\",\"potentialAction\":[{\"@type\":\"ReadAction\",\"target\":[\"https:\/\/www.campus02.at\/fue\/fe-projekte\/fe-aktivitaeten-initiativen\/\"]}]},{\"@type\":\"BreadcrumbList\",\"@id\":\"https:\/\/www.campus02.at\/fue\/fe-projekte\/fe-aktivitaeten-initiativen\/#breadcrumb\",\"itemListElement\":[{\"@type\":\"ListItem\",\"position\":1,\"name\":\"Startseite\",\"item\":\"https:\/\/www.campus02.at\/\"},{\"@type\":\"ListItem\",\"position\":2,\"name\":\"Forschung &amp; Entwicklung\",\"item\":\"https:\/\/www.campus02.at\/fue\/\"},{\"@type\":\"ListItem\",\"position\":3,\"name\":\"Projekte\",\"item\":\"https:\/\/www.campus02.at\/fue\/fe-projekte\/\"},{\"@type\":\"ListItem\",\"position\":4,\"name\":\"Aktivit\u00e4ten &amp; Initiativen\"}]},{\"@type\":\"WebSite\",\"@id\":\"https:\/\/www.campus02.at\/#website\",\"url\":\"https:\/\/www.campus02.at\/\",\"name\":\"FH CAMPUS 02\",\"description\":\"\",\"publisher\":{\"@id\":\"https:\/\/www.campus02.at\/#organization\"},\"potentialAction\":[{\"@type\":\"SearchAction\",\"target\":{\"@type\":\"EntryPoint\",\"urlTemplate\":\"https:\/\/www.campus02.at\/?s={search_term_string}\"},\"query-input\":{\"@type\":\"PropertyValueSpecification\",\"valueRequired\":true,\"valueName\":\"search_term_string\"}}],\"inLanguage\":\"en-GB\"},{\"@type\":\"Organization\",\"@id\":\"https:\/\/www.campus02.at\/#organization\",\"name\":\"FH CAMPUS 02\",\"url\":\"https:\/\/www.campus02.at\/\",\"logo\":{\"@type\":\"ImageObject\",\"inLanguage\":\"en-GB\",\"@id\":\"https:\/\/www.campus02.at\/#\/schema\/logo\/image\/\",\"url\":\"https:\/\/www.campus02.at\/wp-content\/uploads\/2016\/10\/Logo.jpg\",\"contentUrl\":\"https:\/\/www.campus02.at\/wp-content\/uploads\/2016\/10\/Logo.jpg\",\"width\":1108,\"height\":440,\"caption\":\"FH CAMPUS 02\"},\"image\":{\"@id\":\"https:\/\/www.campus02.at\/#\/schema\/logo\/image\/\"}}]}<\/script>\n<!-- \/ Yoast SEO plugin. -->","yoast_head_json":{"title":"Aktivit\u00e4ten &amp; Initiativen - FH CAMPUS 02","robots":{"index":"index","follow":"follow","max-snippet":"max-snippet:-1","max-image-preview":"max-image-preview:large","max-video-preview":"max-video-preview:-1"},"canonical":"https:\/\/www.campus02.at\/en\/fue\/fe-projekte\/fe-aktivitaeten-initiativen\/","og_locale":"en_GB","og_type":"article","og_title":"Aktivit\u00e4ten &amp; Initiativen - FH CAMPUS 02","og_description":"Aktivit\u00e4ten &amp; InitiativenTransferaktivit\u00e4tenDie FH CAMPUS 02 liefert das Wissen um neue Technologien und Entwicklungen f\u00fcr more&hellip;","og_url":"https:\/\/www.campus02.at\/en\/fue\/fe-projekte\/fe-aktivitaeten-initiativen\/","og_site_name":"FH CAMPUS 02","article_modified_time":"2022-08-30T13:51:37+00:00","og_image":[{"width":1200,"height":630,"url":"https:\/\/www.campus02.at\/wp-content\/uploads\/2015\/10\/T_LEI2980.jpg","type":"image\/jpeg"}],"twitter_card":"summary_large_image","twitter_misc":{"Written by":"Wolf Wilfried"},"schema":{"@context":"https:\/\/schema.org","@graph":[{"@type":"WebPage","@id":"https:\/\/www.campus02.at\/fue\/fe-projekte\/fe-aktivitaeten-initiativen\/","url":"https:\/\/www.campus02.at\/fue\/fe-projekte\/fe-aktivitaeten-initiativen\/","name":"Aktivit\u00e4ten &amp; Initiativen - FH CAMPUS 02","isPartOf":{"@id":"https:\/\/www.campus02.at\/#website"},"datePublished":"2016-03-02T18:28:10+00:00","dateModified":"2022-08-30T13:51:37+00:00","breadcrumb":{"@id":"https:\/\/www.campus02.at\/fue\/fe-projekte\/fe-aktivitaeten-initiativen\/#breadcrumb"},"inLanguage":"en-GB","potentialAction":[{"@type":"ReadAction","target":["https:\/\/www.campus02.at\/fue\/fe-projekte\/fe-aktivitaeten-initiativen\/"]}]},{"@type":"BreadcrumbList","@id":"https:\/\/www.campus02.at\/fue\/fe-projekte\/fe-aktivitaeten-initiativen\/#breadcrumb","itemListElement":[{"@type":"ListItem","position":1,"name":"Startseite","item":"https:\/\/www.campus02.at\/"},{"@type":"ListItem","position":2,"name":"Forschung &amp; Entwicklung","item":"https:\/\/www.campus02.at\/fue\/"},{"@type":"ListItem","position":3,"name":"Projekte","item":"https:\/\/www.campus02.at\/fue\/fe-projekte\/"},{"@type":"ListItem","position":4,"name":"Aktivit\u00e4ten &amp; Initiativen"}]},{"@type":"WebSite","@id":"https:\/\/www.campus02.at\/#website","url":"https:\/\/www.campus02.at\/","name":"CAMPUS 02 UAS","description":"","publisher":{"@id":"https:\/\/www.campus02.at\/#organization"},"potentialAction":[{"@type":"SearchAction","target":{"@type":"EntryPoint","urlTemplate":"https:\/\/www.campus02.at\/?s={search_term_string}"},"query-input":{"@type":"PropertyValueSpecification","valueRequired":true,"valueName":"search_term_string"}}],"inLanguage":"en-GB"},{"@type":"Organization","@id":"https:\/\/www.campus02.at\/#organization","name":"CAMPUS 02 UAS","url":"https:\/\/www.campus02.at\/","logo":{"@type":"ImageObject","inLanguage":"en-GB","@id":"https:\/\/www.campus02.at\/#\/schema\/logo\/image\/","url":"https:\/\/www.campus02.at\/wp-content\/uploads\/2016\/10\/Logo.jpg","contentUrl":"https:\/\/www.campus02.at\/wp-content\/uploads\/2016\/10\/Logo.jpg","width":1108,"height":440,"caption":"FH CAMPUS 02"},"image":{"@id":"https:\/\/www.campus02.at\/#\/schema\/logo\/image\/"}}]}},"_links":{"self":[{"href":"https:\/\/www.campus02.at\/en\/wp-json\/wp\/v2\/pages\/1882","targetHints":{"allow":["GET"]}}],"collection":[{"href":"https:\/\/www.campus02.at\/en\/wp-json\/wp\/v2\/pages"}],"about":[{"href":"https:\/\/www.campus02.at\/en\/wp-json\/wp\/v2\/types\/page"}],"author":[{"embeddable":true,"href":"https:\/\/www.campus02.at\/en\/wp-json\/wp\/v2\/users\/186"}],"replies":[{"embeddable":true,"href":"https:\/\/www.campus02.at\/en\/wp-json\/wp\/v2\/comments?post=1882"}],"version-history":[{"count":8,"href":"https:\/\/www.campus02.at\/en\/wp-json\/wp\/v2\/pages\/1882\/revisions"}],"predecessor-version":[{"id":117694,"href":"https:\/\/www.campus02.at\/en\/wp-json\/wp\/v2\/pages\/1882\/revisions\/117694"}],"up":[{"embeddable":true,"href":"https:\/\/www.campus02.at\/en\/wp-json\/wp\/v2\/pages\/1869"}],"wp:attachment":[{"href":"https:\/\/www.campus02.at\/en\/wp-json\/wp\/v2\/media?parent=1882"}],"wp:term":[{"taxonomy":"author","embeddable":true,"href":"https:\/\/www.campus02.at\/en\/wp-json\/wp\/v2\/coauthors?post=1882"}],"curies":[{"name":"wp","href":"https:\/\/api.w.org\/{rel}","templated":true}]}}