{"id":1763,"date":"2016-03-02T19:16:24","date_gmt":"2016-03-02T18:16:24","guid":{"rendered":"https:\/\/www.campus02.at\/?page_id=1763"},"modified":"2023-01-30T15:18:38","modified_gmt":"2023-01-30T14:18:38","slug":"teilnahme-an-ausgewaehlten-lvs","status":"publish","type":"page","link":"https:\/\/www.campus02.at\/en\/alumni-center\/teilnahme-an-ausgewaehlten-lvs\/","title":{"rendered":"Teilnahme an ausgew\u00e4hlten Lehrveranstaltungen"},"content":{"rendered":"<div class=\"flex-campus-main flex-campus-main-Heading\"><h1>Teilnahme an ausgew\u00e4hlten Lehrveranstaltungen<\/h1><\/div><div class=\"flex-campus-main flex-campus-main-Text\"><p style=\"text-align: justify;\">Are you an alumna or alumnus and would like to participate in a course that was not available during your studies, or do you wish to specifically expand or deepen your skills in a different field?<\/p>\n<p style=\"text-align: justify;\">Would you perhaps like to pursue a degree in this discipline in the future and take a course that could be credited towards your studies at our university of applied sciences if you successfully pass the admission procedure?<\/p>\n<p style=\"text-align: justify;\">Or would you like to specifically acquire theoretical foundational knowledge for projects from your everyday work?<\/p>\n<p style=\"text-align: justify;\">Then you have the opportunity to participate in classes of a degree programme as an external student* for a fee**. The number of LLL participants per class is determined by the programme director to ensure the quality of teaching.<\/p>\n<p style=\"text-align: justify;\">Your attendance at each class you have attended will be documented in a 'Certificate' (Course Title, Course Content, Number of Teaching Units, ECTS Credits ***) provided you meet the attendance requirements.<\/p>\n<hr \/>\n<p style=\"text-align: justify;\"><em>*You can also take an exam if you meet the entry requirements for the respective educational programme.<\/em><\/p>\n<p style=\"text-align: justify;\"><em>**EUR 150.00 for economic bachelor\u2019s programmes or EUR 166.67 for all other programmes per ECTS credit, plus \u00d6H contribution.<\/em><\/p>\n<p style=\"text-align: justify;\"><em>***ECTS credits are awarded upon successful completion of an exam.<\/em><\/p>\n<p style=\"text-align: justify;\"><span style=\"color: #000000;\">Die AGB finden Sie\u00a0<a href=\"https:\/\/www.campus02.at\/wp-content\/uploads\/2016\/03\/Allgemeine-Gesch\u00e4ftsbedingungen_LLL_final-Februar-2016.pdf\"><!-- not translated --><\/a><\/span><\/p>\n<\/div><div class=\"flex-campus-main flex-campus-main-Textbox\"><div class=\"alert bg-grey\">\n        <p><span style=\"color: #000000;\">Haben wir Ihr Interesse geweckt? Dann kontaktieren Sie die AnsprechpartnerInnen in den Studienrichtungen direkt:<\/span><\/p>\n<ul>\n<li style=\"text-align: justify;\"><span style=\"color: #000000;\"><a style=\"color: #000000;\" href=\"mailto:at@campus02.at\"><u>Contact AT<\/u><\/a><\/span><\/li>\n<li style=\"text-align: justify;\"><span style=\"color: #000000;\"><a style=\"color: #000000;\" href=\"mailto:iwi@campus02.at\"><u>Contact IWI<\/u><\/a><\/span><\/li>\n<li style=\"text-align: justify;\"><span style=\"color: #000000;\"><a style=\"color: #000000;\" href=\"mailto:inno@campus02.at\"><u>Contact INNO<\/u><\/a><\/span><\/li>\n<li style=\"text-align: justify;\"><span style=\"color: #000000;\"><a style=\"color: #000000;\" href=\"mailto:ms@campus02.at\"><u>Contact M&amp;S<\/u><\/a><\/span><\/li>\n<li style=\"text-align: justify;\"><span style=\"color: #000000;\"><a style=\"color: #000000;\" href=\"mailto:rwc@campus02.at\"><u> Contact RWC<\/u><\/a><\/span><\/li>\n<\/ul>\n    <\/div><\/div>","protected":false},"excerpt":{"rendered":"<p>Teilnahme an ausgew\u00e4hlten LehrveranstaltungenSind Sie Absolvent*in und m\u00f6chten an einer Lehrveranstaltung teilnehmen, die es <a href=\"https:\/\/www.campus02.at\/en\/alumni-center\/teilnahme-an-ausgewaehlten-lvs\/\" class=\"more-link\">more&hellip;<\/a><\/p>","protected":false},"author":135,"featured_media":0,"parent":1741,"menu_order":1,"comment_status":"closed","ping_status":"closed","template":"","meta":{"_acf_changed":false,"footnotes":""},"coauthors":[700,664],"class_list":["post-1763","page","type-page","status-publish","hentry"],"acf":[],"yoast_head":"<!-- This site is optimized with the Yoast SEO plugin v26.9 - https:\/\/yoast.com\/product\/yoast-seo-wordpress\/ -->\n<title>Teilnahme an ausgew\u00e4hlten Lehrveranstaltungen - FH CAMPUS 02<\/title>\n<meta name=\"robots\" content=\"index, follow, max-snippet:-1, max-image-preview:large, max-video-preview:-1\" \/>\n<link rel=\"canonical\" href=\"https:\/\/www.campus02.at\/en\/alumni-center\/lifelong-learning__trashed\/teilnahme-an-ausgewaehlten-lvs\/\" \/>\n<meta property=\"og:locale\" content=\"en_GB\" \/>\n<meta property=\"og:type\" content=\"article\" \/>\n<meta property=\"og:title\" content=\"Teilnahme an ausgew\u00e4hlten Lehrveranstaltungen - FH CAMPUS 02\" \/>\n<meta property=\"og:description\" content=\"Teilnahme an ausgew\u00e4hlten LehrveranstaltungenSind Sie Absolvent*in und m\u00f6chten an einer Lehrveranstaltung teilnehmen, die es more&hellip;\" \/>\n<meta property=\"og:url\" content=\"https:\/\/www.campus02.at\/en\/alumni-center\/lifelong-learning__trashed\/teilnahme-an-ausgewaehlten-lvs\/\" \/>\n<meta property=\"og:site_name\" content=\"FH CAMPUS 02\" \/>\n<meta property=\"article:modified_time\" content=\"2023-01-30T14:18:38+00:00\" \/>\n<meta property=\"og:image\" content=\"https:\/\/www.campus02.at\/wp-content\/uploads\/2015\/10\/T_LEI2980.jpg\" \/>\n\t<meta property=\"og:image:width\" content=\"1200\" \/>\n\t<meta property=\"og:image:height\" content=\"630\" \/>\n\t<meta property=\"og:image:type\" content=\"image\/jpeg\" \/>\n<meta name=\"twitter:card\" content=\"summary_large_image\" \/>\n<script type=\"application\/ld+json\" class=\"yoast-schema-graph\">{\"@context\":\"https:\/\/schema.org\",\"@graph\":[{\"@type\":\"WebPage\",\"@id\":\"https:\/\/www.campus02.at\/alumni-center\/lifelong-learning__trashed\/teilnahme-an-ausgewaehlten-lvs\/\",\"url\":\"https:\/\/www.campus02.at\/alumni-center\/lifelong-learning__trashed\/teilnahme-an-ausgewaehlten-lvs\/\",\"name\":\"Teilnahme an ausgew\u00e4hlten Lehrveranstaltungen - FH CAMPUS 02\",\"isPartOf\":{\"@id\":\"https:\/\/www.campus02.at\/#website\"},\"datePublished\":\"2016-03-02T18:16:24+00:00\",\"dateModified\":\"2023-01-30T14:18:38+00:00\",\"breadcrumb\":{\"@id\":\"https:\/\/www.campus02.at\/alumni-center\/lifelong-learning__trashed\/teilnahme-an-ausgewaehlten-lvs\/#breadcrumb\"},\"inLanguage\":\"en-GB\",\"potentialAction\":[{\"@type\":\"ReadAction\",\"target\":[\"https:\/\/www.campus02.at\/alumni-center\/lifelong-learning__trashed\/teilnahme-an-ausgewaehlten-lvs\/\"]}]},{\"@type\":\"BreadcrumbList\",\"@id\":\"https:\/\/www.campus02.at\/alumni-center\/lifelong-learning__trashed\/teilnahme-an-ausgewaehlten-lvs\/#breadcrumb\",\"itemListElement\":[{\"@type\":\"ListItem\",\"position\":1,\"name\":\"Startseite\",\"item\":\"https:\/\/www.campus02.at\/\"},{\"@type\":\"ListItem\",\"position\":2,\"name\":\"Alumni Management\",\"item\":\"https:\/\/www.campus02.at\/alumni-center\/\"},{\"@type\":\"ListItem\",\"position\":3,\"name\":\"Teilnahme an ausgew\u00e4hlten Lehrveranstaltungen\"}]},{\"@type\":\"WebSite\",\"@id\":\"https:\/\/www.campus02.at\/#website\",\"url\":\"https:\/\/www.campus02.at\/\",\"name\":\"FH CAMPUS 02\",\"description\":\"\",\"publisher\":{\"@id\":\"https:\/\/www.campus02.at\/#organization\"},\"potentialAction\":[{\"@type\":\"SearchAction\",\"target\":{\"@type\":\"EntryPoint\",\"urlTemplate\":\"https:\/\/www.campus02.at\/?s={search_term_string}\"},\"query-input\":{\"@type\":\"PropertyValueSpecification\",\"valueRequired\":true,\"valueName\":\"search_term_string\"}}],\"inLanguage\":\"en-GB\"},{\"@type\":\"Organization\",\"@id\":\"https:\/\/www.campus02.at\/#organization\",\"name\":\"FH CAMPUS 02\",\"url\":\"https:\/\/www.campus02.at\/\",\"logo\":{\"@type\":\"ImageObject\",\"inLanguage\":\"en-GB\",\"@id\":\"https:\/\/www.campus02.at\/#\/schema\/logo\/image\/\",\"url\":\"https:\/\/www.campus02.at\/wp-content\/uploads\/2016\/10\/Logo.jpg\",\"contentUrl\":\"https:\/\/www.campus02.at\/wp-content\/uploads\/2016\/10\/Logo.jpg\",\"width\":1108,\"height\":440,\"caption\":\"FH CAMPUS 02\"},\"image\":{\"@id\":\"https:\/\/www.campus02.at\/#\/schema\/logo\/image\/\"}}]}<\/script>\n<!-- \/ Yoast SEO plugin. -->","yoast_head_json":{"title":"Teilnahme an ausgew\u00e4hlten Lehrveranstaltungen - FH CAMPUS 02","robots":{"index":"index","follow":"follow","max-snippet":"max-snippet:-1","max-image-preview":"max-image-preview:large","max-video-preview":"max-video-preview:-1"},"canonical":"https:\/\/www.campus02.at\/en\/alumni-center\/lifelong-learning__trashed\/teilnahme-an-ausgewaehlten-lvs\/","og_locale":"en_GB","og_type":"article","og_title":"Teilnahme an ausgew\u00e4hlten Lehrveranstaltungen - FH CAMPUS 02","og_description":"Teilnahme an ausgew\u00e4hlten LehrveranstaltungenSind Sie Absolvent*in und m\u00f6chten an einer Lehrveranstaltung teilnehmen, die es more&hellip;","og_url":"https:\/\/www.campus02.at\/en\/alumni-center\/lifelong-learning__trashed\/teilnahme-an-ausgewaehlten-lvs\/","og_site_name":"FH CAMPUS 02","article_modified_time":"2023-01-30T14:18:38+00:00","og_image":[{"width":1200,"height":630,"url":"https:\/\/www.campus02.at\/wp-content\/uploads\/2015\/10\/T_LEI2980.jpg","type":"image\/jpeg"}],"twitter_card":"summary_large_image","schema":{"@context":"https:\/\/schema.org","@graph":[{"@type":"WebPage","@id":"https:\/\/www.campus02.at\/alumni-center\/lifelong-learning__trashed\/teilnahme-an-ausgewaehlten-lvs\/","url":"https:\/\/www.campus02.at\/alumni-center\/lifelong-learning__trashed\/teilnahme-an-ausgewaehlten-lvs\/","name":"Teilnahme an ausgew\u00e4hlten Lehrveranstaltungen - FH CAMPUS 02","isPartOf":{"@id":"https:\/\/www.campus02.at\/#website"},"datePublished":"2016-03-02T18:16:24+00:00","dateModified":"2023-01-30T14:18:38+00:00","breadcrumb":{"@id":"https:\/\/www.campus02.at\/alumni-center\/lifelong-learning__trashed\/teilnahme-an-ausgewaehlten-lvs\/#breadcrumb"},"inLanguage":"en-GB","potentialAction":[{"@type":"ReadAction","target":["https:\/\/www.campus02.at\/alumni-center\/lifelong-learning__trashed\/teilnahme-an-ausgewaehlten-lvs\/"]}]},{"@type":"BreadcrumbList","@id":"https:\/\/www.campus02.at\/alumni-center\/lifelong-learning__trashed\/teilnahme-an-ausgewaehlten-lvs\/#breadcrumb","itemListElement":[{"@type":"ListItem","position":1,"name":"Startseite","item":"https:\/\/www.campus02.at\/"},{"@type":"ListItem","position":2,"name":"Alumni Management","item":"https:\/\/www.campus02.at\/alumni-center\/"},{"@type":"ListItem","position":3,"name":"Teilnahme an ausgew\u00e4hlten Lehrveranstaltungen"}]},{"@type":"WebSite","@id":"https:\/\/www.campus02.at\/#website","url":"https:\/\/www.campus02.at\/","name":"CAMPUS 02 UAS","description":"","publisher":{"@id":"https:\/\/www.campus02.at\/#organization"},"potentialAction":[{"@type":"SearchAction","target":{"@type":"EntryPoint","urlTemplate":"https:\/\/www.campus02.at\/?s={search_term_string}"},"query-input":{"@type":"PropertyValueSpecification","valueRequired":true,"valueName":"search_term_string"}}],"inLanguage":"en-GB"},{"@type":"Organization","@id":"https:\/\/www.campus02.at\/#organization","name":"CAMPUS 02 UAS","url":"https:\/\/www.campus02.at\/","logo":{"@type":"ImageObject","inLanguage":"en-GB","@id":"https:\/\/www.campus02.at\/#\/schema\/logo\/image\/","url":"https:\/\/www.campus02.at\/wp-content\/uploads\/2016\/10\/Logo.jpg","contentUrl":"https:\/\/www.campus02.at\/wp-content\/uploads\/2016\/10\/Logo.jpg","width":1108,"height":440,"caption":"FH CAMPUS 02"},"image":{"@id":"https:\/\/www.campus02.at\/#\/schema\/logo\/image\/"}}]}},"_links":{"self":[{"href":"https:\/\/www.campus02.at\/en\/wp-json\/wp\/v2\/pages\/1763","targetHints":{"allow":["GET"]}}],"collection":[{"href":"https:\/\/www.campus02.at\/en\/wp-json\/wp\/v2\/pages"}],"about":[{"href":"https:\/\/www.campus02.at\/en\/wp-json\/wp\/v2\/types\/page"}],"author":[{"embeddable":true,"href":"https:\/\/www.campus02.at\/en\/wp-json\/wp\/v2\/users\/135"}],"replies":[{"embeddable":true,"href":"https:\/\/www.campus02.at\/en\/wp-json\/wp\/v2\/comments?post=1763"}],"version-history":[{"count":7,"href":"https:\/\/www.campus02.at\/en\/wp-json\/wp\/v2\/pages\/1763\/revisions"}],"predecessor-version":[{"id":135191,"href":"https:\/\/www.campus02.at\/en\/wp-json\/wp\/v2\/pages\/1763\/revisions\/135191"}],"up":[{"embeddable":true,"href":"https:\/\/www.campus02.at\/en\/wp-json\/wp\/v2\/pages\/1741"}],"wp:attachment":[{"href":"https:\/\/www.campus02.at\/en\/wp-json\/wp\/v2\/media?parent=1763"}],"wp:term":[{"taxonomy":"author","embeddable":true,"href":"https:\/\/www.campus02.at\/en\/wp-json\/wp\/v2\/coauthors?post=1763"}],"curies":[{"name":"wp","href":"https:\/\/api.w.org\/{rel}","templated":true}]}}