{"id":1700,"date":"2016-03-02T19:08:27","date_gmt":"2016-03-02T18:08:27","guid":{"rendered":"https:\/\/www.campus02.at\/?page_id=1700"},"modified":"2024-07-01T12:59:42","modified_gmt":"2024-07-01T10:59:42","slug":"impressionen","status":"publish","type":"page","link":"https:\/\/www.campus02.at\/en\/internationales\/sprachreise\/impressionen\/","title":{"rendered":"Impressionen"},"content":{"rendered":"<div class=\"flex-campus-main flex-campus-main-Heading\"><h1>Impressionen<\/h1><\/div><div class=\"flex-campus-main flex-campus-main-Textbox\"><div class=\"alert bg-grey\">\n        <p>Erfahrungsberichte aus dem Jahr 2017<\/p>\n    <\/div><\/div><div class=\"flex-campus-main flex-campus-main-Text\"><p><a href=\"https:\/\/www.campus02.at\/wp-content\/uploads\/2018\/01\/Freidl-Spreitzer-Traussnig.jpg\"><img fetchpriority=\"high\" decoding=\"async\" class=\"wp-image-100264 alignnone\" src=\"https:\/\/www.campus02.at\/wp-content\/uploads\/2018\/01\/Freidl-Spreitzer-Traussnig-300x225.jpg\" alt=\"\" width=\"260\" height=\"195\" srcset=\"https:\/\/www.campus02.at\/wp-content\/uploads\/2018\/01\/Freidl-Spreitzer-Traussnig-300x225.jpg 300w, https:\/\/www.campus02.at\/wp-content\/uploads\/2018\/01\/Freidl-Spreitzer-Traussnig-768x576.jpg 768w, https:\/\/www.campus02.at\/wp-content\/uploads\/2018\/01\/Freidl-Spreitzer-Traussnig-1024x768.jpg 1024w, https:\/\/www.campus02.at\/wp-content\/uploads\/2018\/01\/Freidl-Spreitzer-Traussnig.jpg 1600w\" sizes=\"(max-width: 260px) 100vw, 260px\" \/><\/a><\/p>\n<p>Dublin und das Temple Bar-Viertel sind definitiv einen Besuch wert \u2013 da kann man sogar ein Rikscha-Wettrennen machen, wer h\u00e4tte das gedacht? Das Wochenende verbrachten wir in dem Universit\u00e4tsst\u00e4dtchen Galway \u2013 nat\u00fcrlich durfte auch ein Abstecher zu den Cliffs of Moher nicht fehlen. An der Sprachreise hat uns besonders gefallen, dass wir mit Menschen, die wir vorher nicht kannten, eine sehr lustige und erlebnisreiche Zeit in einem wundersch\u00f6nen Land verbringen durften.<\/p>\n<p>Magdalena Trausner, Julia Spreitzer, Nicole Freidl<\/p>\n<p>&nbsp;<\/p>\n<p><a href=\"https:\/\/www.campus02.at\/wp-content\/uploads\/2018\/01\/Senada-Kovacevic.jpg\"><img loading=\"lazy\" decoding=\"async\" class=\"alignleft wp-image-100265\" src=\"https:\/\/www.campus02.at\/wp-content\/uploads\/2018\/01\/Senada-Kovacevic-300x206.jpg\" alt=\"\" width=\"252\" height=\"173\" srcset=\"https:\/\/www.campus02.at\/wp-content\/uploads\/2018\/01\/Senada-Kovacevic-300x206.jpg 300w, https:\/\/www.campus02.at\/wp-content\/uploads\/2018\/01\/Senada-Kovacevic-768x527.jpg 768w, https:\/\/www.campus02.at\/wp-content\/uploads\/2018\/01\/Senada-Kovacevic-1024x703.jpg 1024w, https:\/\/www.campus02.at\/wp-content\/uploads\/2018\/01\/Senada-Kovacevic-1920x1319.jpg 1920w\" sizes=\"(max-width: 252px) 100vw, 252px\" \/><\/a><\/p>\n<p>&nbsp;<\/p>\n<p>&nbsp;<\/p>\n<p>&nbsp;<\/p>\n<p>&nbsp;<\/p>\n<p>&nbsp;<\/p>\n<p>&nbsp;<\/p>\n<p>&nbsp;<\/p>\n<p>Mir haben es besonders die Landschaft in Irland und die irische Architektur angetan. Begeistert war ich auch vom K\u00fcstenst\u00e4dtchen Howth, das definitiv einen Ausflug wert ist. Wenn man in Dublin ist, sollte man die Jameson Distillery besuchen \u2013 die F\u00fchrung dort war interessant, modern und sehr unterhaltsam.<\/p>\n<p>Senada Kovacevic<\/p>\n<p><a href=\"https:\/\/www.campus02.at\/wp-content\/uploads\/2018\/01\/Philipp-Rappold.jpg\"><img loading=\"lazy\" decoding=\"async\" class=\"wp-image-100266 alignnone\" src=\"https:\/\/www.campus02.at\/wp-content\/uploads\/2018\/01\/Philipp-Rappold-300x225.jpg\" alt=\"\" width=\"245\" height=\"184\" srcset=\"https:\/\/www.campus02.at\/wp-content\/uploads\/2018\/01\/Philipp-Rappold-300x225.jpg 300w, https:\/\/www.campus02.at\/wp-content\/uploads\/2018\/01\/Philipp-Rappold-768x576.jpg 768w, https:\/\/www.campus02.at\/wp-content\/uploads\/2018\/01\/Philipp-Rappold-1024x768.jpg 1024w, https:\/\/www.campus02.at\/wp-content\/uploads\/2018\/01\/Philipp-Rappold-1920x1440.jpg 1920w\" sizes=\"(max-width: 245px) 100vw, 245px\" \/><\/a><\/p>\n<p>Die irische Landschaft muss man fast einmal gesehen haben, vor allem die m\u00e4chtigen Klippen und die ewig gr\u00fcnen Weiden und Wiesen. Dublin selbst ist sehr belebt, st\u00e4ndig ist etwas los. Mein Tipp: Fish &amp; Chips mit einem Pint Guinness in einem traditionellen Pub!<\/p>\n<p>Philipp Rappold<\/p>\n<\/div><div class=\"flex-campus-main flex-campus-main-Textbox\"><div class=\"alert bg-grey\">\n        <p>Bewegende Momente in bewegten Bildern &#8211; die TeilnehmerInnen der Sprachreise 2016 stellen ihren Aufenthalt in Irland vor<\/p>\n    <\/div><\/div><div class=\"flex-campus-main flex-campus-main-Text\">\n<div class=\"li-wp-embed-container\">\n<div class=\"li-wp-embed-oembed\"><iframe title=\"Impressionen von der Sprachreise nach Irland 2016\" width=\"500\" height=\"281\" src=\"https:\/\/www.youtube.com\/embed\/prY_6YN7uMM?feature=oembed\" frameborder=\"0\" allow=\"accelerometer; autoplay; clipboard-write; encrypted-media; gyroscope; picture-in-picture; web-share\" referrerpolicy=\"strict-origin-when-cross-origin\" allowfullscreen><\/iframe><\/div>\n<div class=\"li-wp-embed-cookie-notice translation-block\">Our embedded content is not displaying correctly for you? <a href=\"Cookiebot.renew()\/en\/\" target=\"_self\">Renew or change your cookie consent (Allow cookies)<\/a> or <a href=\"https:\/\/www.youtube.com\/watch?v=QYjbdyxssGk\" target=\"_blank\">view the content directly<\/a>.<\/div>\n<\/p><\/div>\n<\/div><div class=\"flex-campus-main flex-campus-main-Textbox\"><div class=\"alert bg-grey\">\n        <p>Sammeln Sie hier einige Eindr\u00fccke von Land und Leuten<\/p>\n    <\/div><\/div><div class=\"flex-campus-main flex-campus-main-Gallery\">    <div id=\"galleryCarousel-1\" class=\"carousel slide\" data-ride=\"carousel\">\n                <ol class=\"carousel-indicators\">\n                        <li data-target=\"#galleryCarousel-1\" data-slide-to=\"0\" class=\"active\"><\/li>\n                        <li data-target=\"#galleryCarousel-1\" data-slide-to=\"1\" ><\/li>\n                        <li data-target=\"#galleryCarousel-1\" data-slide-to=\"2\" ><\/li>\n                        <li data-target=\"#galleryCarousel-1\" data-slide-to=\"3\" ><\/li>\n                        <li data-target=\"#galleryCarousel-1\" data-slide-to=\"4\" ><\/li>\n                        <li data-target=\"#galleryCarousel-1\" data-slide-to=\"5\" ><\/li>\n                        <li data-target=\"#galleryCarousel-1\" data-slide-to=\"6\" ><\/li>\n                        <li data-target=\"#galleryCarousel-1\" data-slide-to=\"7\" ><\/li>\n                        <li data-target=\"#galleryCarousel-1\" data-slide-to=\"8\" ><\/li>\n                        <li data-target=\"#galleryCarousel-1\" data-slide-to=\"9\" ><\/li>\n                        <li data-target=\"#galleryCarousel-1\" data-slide-to=\"10\" ><\/li>\n                        <li data-target=\"#galleryCarousel-1\" data-slide-to=\"11\" ><\/li>\n                        <li data-target=\"#galleryCarousel-1\" data-slide-to=\"12\" ><\/li>\n                        <li data-target=\"#galleryCarousel-1\" data-slide-to=\"13\" ><\/li>\n                        <li data-target=\"#galleryCarousel-1\" data-slide-to=\"14\" ><\/li>\n                        <li data-target=\"#galleryCarousel-1\" data-slide-to=\"15\" ><\/li>\n                        <li data-target=\"#galleryCarousel-1\" data-slide-to=\"16\" ><\/li>\n                        <li data-target=\"#galleryCarousel-1\" data-slide-to=\"17\" ><\/li>\n                        <li data-target=\"#galleryCarousel-1\" data-slide-to=\"18\" ><\/li>\n                    <\/ol>\n                <div class=\"carousel-inner\" role=\"listbox\">\n                        <div class=\"item active\">\n                <div class=\"carousel-image\" style=\"background-image: url(https:\/\/www.campus02.at\/wp-content\/uploads\/2016\/03\/Sprachreise_Impressionen_Giants-Causeway-1024x683.jpg);\"><\/div>\n                <div class=\"carousel-caption\">\n                                    <\/div>\n            <\/div>\n                        <div class=\"item\">\n                <div class=\"carousel-image\" style=\"background-image: url(https:\/\/www.campus02.at\/wp-content\/uploads\/2016\/03\/Sprachreise_Impressionen_Lake-Guinness-1024x683.jpg);\"><\/div>\n                <div class=\"carousel-caption\">\n                                    <\/div>\n            <\/div>\n                        <div class=\"item\">\n                <div class=\"carousel-image\" style=\"background-image: url(https:\/\/www.campus02.at\/wp-content\/uploads\/2016\/03\/Sprachreise_Impressionen_Strand-1024x683.jpg);\"><\/div>\n                <div class=\"carousel-caption\">\n                                    <\/div>\n            <\/div>\n                        <div class=\"item\">\n                <div class=\"carousel-image\" style=\"background-image: url(https:\/\/www.campus02.at\/wp-content\/uploads\/2017\/01\/IMG_9622-1024x683.jpg);\"><\/div>\n                <div class=\"carousel-caption\">\n                    \u00a9 Dominik Geiger                <\/div>\n            <\/div>\n                        <div class=\"item\">\n                <div class=\"carousel-image\" style=\"background-image: url(https:\/\/www.campus02.at\/wp-content\/uploads\/2017\/01\/IMG_4276-1024x768.jpg);\"><\/div>\n                <div class=\"carousel-caption\">\n                    \u00a9 Dominik Geiger                <\/div>\n            <\/div>\n                        <div class=\"item\">\n                <div class=\"carousel-image\" style=\"background-image: url(https:\/\/www.campus02.at\/wp-content\/uploads\/2017\/01\/IMG_3835-1024x683.jpg);\"><\/div>\n                <div class=\"carousel-caption\">\n                    \u00a9 Dominik Geiger                <\/div>\n            <\/div>\n                        <div class=\"item\">\n                <div class=\"carousel-image\" style=\"background-image: url(https:\/\/www.campus02.at\/wp-content\/uploads\/2017\/01\/IMG_3815-1024x683.jpg);\"><\/div>\n                <div class=\"carousel-caption\">\n                    \u00a9 Dominik Geiger                <\/div>\n            <\/div>\n                        <div class=\"item\">\n                <div class=\"carousel-image\" style=\"background-image: url(https:\/\/www.campus02.at\/wp-content\/uploads\/2017\/01\/IMG_3743-1024x683.jpg);\"><\/div>\n                <div class=\"carousel-caption\">\n                    \u00a9 Dominik Geiger                <\/div>\n            <\/div>\n                        <div class=\"item\">\n                <div class=\"carousel-image\" style=\"background-image: url(https:\/\/www.campus02.at\/wp-content\/uploads\/2017\/01\/IMG_3715-1024x683.jpg);\"><\/div>\n                <div class=\"carousel-caption\">\n                    \u00a9 Dominik Geiger                <\/div>\n            <\/div>\n                        <div class=\"item\">\n                <div class=\"carousel-image\" style=\"background-image: url(https:\/\/www.campus02.at\/wp-content\/uploads\/2017\/01\/IMG_3604-1024x683.jpg);\"><\/div>\n                <div class=\"carousel-caption\">\n                    \u00a9 Dominik Geiger                <\/div>\n            <\/div>\n                        <div class=\"item\">\n                <div class=\"carousel-image\" style=\"background-image: url(https:\/\/www.campus02.at\/wp-content\/uploads\/2017\/01\/IMG_3557-1024x683.jpg);\"><\/div>\n                <div class=\"carousel-caption\">\n                    \u00a9 Dominik Geiger                <\/div>\n            <\/div>\n                        <div class=\"item\">\n                <div class=\"carousel-image\" style=\"background-image: url(https:\/\/www.campus02.at\/wp-content\/uploads\/2017\/01\/IMG_3451-1024x683.jpg);\"><\/div>\n                <div class=\"carousel-caption\">\n                    \u00a9 Dominik Geiger                <\/div>\n            <\/div>\n                        <div class=\"item\">\n                <div class=\"carousel-image\" style=\"background-image: url(https:\/\/www.campus02.at\/wp-content\/uploads\/2017\/01\/GOPR4664-1024x768.jpg);\"><\/div>\n                <div class=\"carousel-caption\">\n                    \u00a9 Dominik Geiger                <\/div>\n            <\/div>\n                        <div class=\"item\">\n                <div class=\"carousel-image\" style=\"background-image: url(https:\/\/www.campus02.at\/wp-content\/uploads\/2017\/01\/GOPR4624-1024x768.jpg);\"><\/div>\n                <div class=\"carousel-caption\">\n                    \u00a9 Dominik Geiger                <\/div>\n            <\/div>\n                        <div class=\"item\">\n                <div class=\"carousel-image\" style=\"background-image: url(https:\/\/www.campus02.at\/wp-content\/uploads\/2017\/01\/G0274981-1024x768.jpg);\"><\/div>\n                <div class=\"carousel-caption\">\n                    \u00a9 Dominik Geiger                <\/div>\n            <\/div>\n                        <div class=\"item\">\n                <div class=\"carousel-image\" style=\"background-image: url(https:\/\/www.campus02.at\/wp-content\/uploads\/2017\/01\/20160911_111657307_iOS-1024x768.jpg);\"><\/div>\n                <div class=\"carousel-caption\">\n                    \u00a9 Dominik Geiger                <\/div>\n            <\/div>\n                        <div class=\"item\">\n                <div class=\"carousel-image\" style=\"background-image: url(https:\/\/www.campus02.at\/wp-content\/uploads\/2017\/01\/20160905_155509-1024x576.jpg);\"><\/div>\n                <div class=\"carousel-caption\">\n                    Temple Bar, ein beliebtes Stadtviertel in Dublin                <\/div>\n            <\/div>\n                        <div class=\"item\">\n                <div class=\"carousel-image\" style=\"background-image: url(https:\/\/www.campus02.at\/wp-content\/uploads\/2017\/01\/01_IMG_9522-1024x683.jpg);\"><\/div>\n                <div class=\"carousel-caption\">\n                    \u00a9 Dominik Geiger                <\/div>\n            <\/div>\n                        <div class=\"item\">\n                <div class=\"carousel-image\" style=\"background-image: url(https:\/\/www.campus02.at\/wp-content\/uploads\/2016\/03\/CIMG7674-1024x683.jpg);\"><\/div>\n                <div class=\"carousel-caption\">\n                                    <\/div>\n            <\/div>\n                    <\/div>\n        <a class=\"left carousel-control\" href=\"#galleryCarousel-1\" role=\"button\" data-slide=\"prev\">\n            <span class=\"fa fa-chevron-left glyphicon-chevron-left\" aria-hidden=\"true\"><\/span>\n            <span class=\"sr-only\">Zur\u00fcck<\/span>\n        <\/a>\n        <a class=\"right carousel-control\" href=\"#galleryCarousel-1\" role=\"button\" data-slide=\"next\">\n            <span class=\"fa fa-chevron-right glyphicon-chevron-right\" aria-hidden=\"true\"><\/span>\n            <span class=\"sr-only\"><strong>\"Continue\".<\/strong><\/span>\n        <\/a>\n    <\/div>\n<\/div>","protected":false},"excerpt":{"rendered":"<p>Impressionen Erfahrungsberichte aus dem Jahr 2017 Dublin und das Temple Bar-Viertel sind definitiv einen Besuch wert \u2013 da kann <a href=\"https:\/\/www.campus02.at\/en\/internationales\/sprachreise\/impressionen\/\" class=\"more-link\">more&hellip;<\/a><\/p>","protected":false},"author":135,"featured_media":0,"parent":2424,"menu_order":3,"comment_status":"closed","ping_status":"closed","template":"","meta":{"_acf_changed":false,"footnotes":""},"coauthors":[688,679],"class_list":["post-1700","page","type-page","status-publish","hentry"],"acf":[],"yoast_head":"<!-- This site is optimized with the Yoast SEO plugin v26.9 - https:\/\/yoast.com\/product\/yoast-seo-wordpress\/ -->\n<title>Impressionen - FH CAMPUS 02<\/title>\n<meta name=\"robots\" content=\"index, follow, max-snippet:-1, max-image-preview:large, max-video-preview:-1\" \/>\n<link rel=\"canonical\" href=\"https:\/\/www.campus02.at\/en\/internationales\/sprachreise\/impressionen\/\" \/>\n<meta property=\"og:locale\" content=\"en_GB\" \/>\n<meta property=\"og:type\" content=\"article\" \/>\n<meta property=\"og:title\" content=\"Impressionen - FH CAMPUS 02\" \/>\n<meta property=\"og:description\" content=\"Impressionen Erfahrungsberichte aus dem Jahr 2017 Dublin und das Temple Bar-Viertel sind definitiv einen Besuch wert \u2013 da kann more&hellip;\" \/>\n<meta property=\"og:url\" content=\"https:\/\/www.campus02.at\/en\/internationales\/sprachreise\/impressionen\/\" \/>\n<meta property=\"og:site_name\" content=\"FH CAMPUS 02\" \/>\n<meta property=\"article:modified_time\" content=\"2024-07-01T10:59:42+00:00\" \/>\n<meta property=\"og:image\" content=\"https:\/\/www.campus02.at\/wp-content\/uploads\/2015\/10\/T_LEI2980.jpg\" \/>\n\t<meta property=\"og:image:width\" content=\"1200\" \/>\n\t<meta property=\"og:image:height\" content=\"630\" \/>\n\t<meta property=\"og:image:type\" content=\"image\/jpeg\" \/>\n<meta name=\"twitter:card\" content=\"summary_large_image\" \/>\n<script type=\"application\/ld+json\" class=\"yoast-schema-graph\">{\"@context\":\"https:\/\/schema.org\",\"@graph\":[{\"@type\":\"WebPage\",\"@id\":\"https:\/\/www.campus02.at\/internationales\/sprachreise\/impressionen\/\",\"url\":\"https:\/\/www.campus02.at\/internationales\/sprachreise\/impressionen\/\",\"name\":\"Impressionen - FH CAMPUS 02\",\"isPartOf\":{\"@id\":\"https:\/\/www.campus02.at\/#website\"},\"datePublished\":\"2016-03-02T18:08:27+00:00\",\"dateModified\":\"2024-07-01T10:59:42+00:00\",\"breadcrumb\":{\"@id\":\"https:\/\/www.campus02.at\/internationales\/sprachreise\/impressionen\/#breadcrumb\"},\"inLanguage\":\"en-GB\",\"potentialAction\":[{\"@type\":\"ReadAction\",\"target\":[\"https:\/\/www.campus02.at\/internationales\/sprachreise\/impressionen\/\"]}]},{\"@type\":\"BreadcrumbList\",\"@id\":\"https:\/\/www.campus02.at\/internationales\/sprachreise\/impressionen\/#breadcrumb\",\"itemListElement\":[{\"@type\":\"ListItem\",\"position\":1,\"name\":\"Startseite\",\"item\":\"https:\/\/www.campus02.at\/\"},{\"@type\":\"ListItem\",\"position\":2,\"name\":\"Internationales\",\"item\":\"https:\/\/www.campus02.at\/internationales\/\"},{\"@type\":\"ListItem\",\"position\":3,\"name\":\"Sprachreise\",\"item\":\"https:\/\/www.campus02.at\/internationales\/sprachreise\/\"},{\"@type\":\"ListItem\",\"position\":4,\"name\":\"Impressionen\"}]},{\"@type\":\"WebSite\",\"@id\":\"https:\/\/www.campus02.at\/#website\",\"url\":\"https:\/\/www.campus02.at\/\",\"name\":\"FH CAMPUS 02\",\"description\":\"\",\"publisher\":{\"@id\":\"https:\/\/www.campus02.at\/#organization\"},\"potentialAction\":[{\"@type\":\"SearchAction\",\"target\":{\"@type\":\"EntryPoint\",\"urlTemplate\":\"https:\/\/www.campus02.at\/?s={search_term_string}\"},\"query-input\":{\"@type\":\"PropertyValueSpecification\",\"valueRequired\":true,\"valueName\":\"search_term_string\"}}],\"inLanguage\":\"en-GB\"},{\"@type\":\"Organization\",\"@id\":\"https:\/\/www.campus02.at\/#organization\",\"name\":\"FH CAMPUS 02\",\"url\":\"https:\/\/www.campus02.at\/\",\"logo\":{\"@type\":\"ImageObject\",\"inLanguage\":\"en-GB\",\"@id\":\"https:\/\/www.campus02.at\/#\/schema\/logo\/image\/\",\"url\":\"https:\/\/www.campus02.at\/wp-content\/uploads\/2016\/10\/Logo.jpg\",\"contentUrl\":\"https:\/\/www.campus02.at\/wp-content\/uploads\/2016\/10\/Logo.jpg\",\"width\":1108,\"height\":440,\"caption\":\"FH CAMPUS 02\"},\"image\":{\"@id\":\"https:\/\/www.campus02.at\/#\/schema\/logo\/image\/\"}}]}<\/script>\n<!-- \/ Yoast SEO plugin. -->","yoast_head_json":{"title":"Impressionen - FH CAMPUS 02","robots":{"index":"index","follow":"follow","max-snippet":"max-snippet:-1","max-image-preview":"max-image-preview:large","max-video-preview":"max-video-preview:-1"},"canonical":"https:\/\/www.campus02.at\/en\/internationales\/sprachreise\/impressionen\/","og_locale":"en_GB","og_type":"article","og_title":"Impressionen - FH CAMPUS 02","og_description":"Impressionen Erfahrungsberichte aus dem Jahr 2017 Dublin und das Temple Bar-Viertel sind definitiv einen Besuch wert \u2013 da kann more&hellip;","og_url":"https:\/\/www.campus02.at\/en\/internationales\/sprachreise\/impressionen\/","og_site_name":"FH CAMPUS 02","article_modified_time":"2024-07-01T10:59:42+00:00","og_image":[{"width":1200,"height":630,"url":"https:\/\/www.campus02.at\/wp-content\/uploads\/2015\/10\/T_LEI2980.jpg","type":"image\/jpeg"}],"twitter_card":"summary_large_image","schema":{"@context":"https:\/\/schema.org","@graph":[{"@type":"WebPage","@id":"https:\/\/www.campus02.at\/internationales\/sprachreise\/impressionen\/","url":"https:\/\/www.campus02.at\/internationales\/sprachreise\/impressionen\/","name":"Impressionen - FH CAMPUS 02","isPartOf":{"@id":"https:\/\/www.campus02.at\/#website"},"datePublished":"2016-03-02T18:08:27+00:00","dateModified":"2024-07-01T10:59:42+00:00","breadcrumb":{"@id":"https:\/\/www.campus02.at\/internationales\/sprachreise\/impressionen\/#breadcrumb"},"inLanguage":"en-GB","potentialAction":[{"@type":"ReadAction","target":["https:\/\/www.campus02.at\/internationales\/sprachreise\/impressionen\/"]}]},{"@type":"BreadcrumbList","@id":"https:\/\/www.campus02.at\/internationales\/sprachreise\/impressionen\/#breadcrumb","itemListElement":[{"@type":"ListItem","position":1,"name":"Startseite","item":"https:\/\/www.campus02.at\/"},{"@type":"ListItem","position":2,"name":"Internationales","item":"https:\/\/www.campus02.at\/internationales\/"},{"@type":"ListItem","position":3,"name":"Sprachreise","item":"https:\/\/www.campus02.at\/internationales\/sprachreise\/"},{"@type":"ListItem","position":4,"name":"Impressionen"}]},{"@type":"WebSite","@id":"https:\/\/www.campus02.at\/#website","url":"https:\/\/www.campus02.at\/","name":"CAMPUS 02 UAS","description":"","publisher":{"@id":"https:\/\/www.campus02.at\/#organization"},"potentialAction":[{"@type":"SearchAction","target":{"@type":"EntryPoint","urlTemplate":"https:\/\/www.campus02.at\/?s={search_term_string}"},"query-input":{"@type":"PropertyValueSpecification","valueRequired":true,"valueName":"search_term_string"}}],"inLanguage":"en-GB"},{"@type":"Organization","@id":"https:\/\/www.campus02.at\/#organization","name":"CAMPUS 02 UAS","url":"https:\/\/www.campus02.at\/","logo":{"@type":"ImageObject","inLanguage":"en-GB","@id":"https:\/\/www.campus02.at\/#\/schema\/logo\/image\/","url":"https:\/\/www.campus02.at\/wp-content\/uploads\/2016\/10\/Logo.jpg","contentUrl":"https:\/\/www.campus02.at\/wp-content\/uploads\/2016\/10\/Logo.jpg","width":1108,"height":440,"caption":"FH CAMPUS 02"},"image":{"@id":"https:\/\/www.campus02.at\/#\/schema\/logo\/image\/"}}]}},"_links":{"self":[{"href":"https:\/\/www.campus02.at\/en\/wp-json\/wp\/v2\/pages\/1700","targetHints":{"allow":["GET"]}}],"collection":[{"href":"https:\/\/www.campus02.at\/en\/wp-json\/wp\/v2\/pages"}],"about":[{"href":"https:\/\/www.campus02.at\/en\/wp-json\/wp\/v2\/types\/page"}],"author":[{"embeddable":true,"href":"https:\/\/www.campus02.at\/en\/wp-json\/wp\/v2\/users\/135"}],"replies":[{"embeddable":true,"href":"https:\/\/www.campus02.at\/en\/wp-json\/wp\/v2\/comments?post=1700"}],"version-history":[{"count":7,"href":"https:\/\/www.campus02.at\/en\/wp-json\/wp\/v2\/pages\/1700\/revisions"}],"predecessor-version":[{"id":148831,"href":"https:\/\/www.campus02.at\/en\/wp-json\/wp\/v2\/pages\/1700\/revisions\/148831"}],"up":[{"embeddable":true,"href":"https:\/\/www.campus02.at\/en\/wp-json\/wp\/v2\/pages\/2424"}],"wp:attachment":[{"href":"https:\/\/www.campus02.at\/en\/wp-json\/wp\/v2\/media?parent=1700"}],"wp:term":[{"taxonomy":"author","embeddable":true,"href":"https:\/\/www.campus02.at\/en\/wp-json\/wp\/v2\/coauthors?post=1700"}],"curies":[{"name":"wp","href":"https:\/\/api.w.org\/{rel}","templated":true}]}}