{"id":1677,"date":"2016-03-02T19:06:11","date_gmt":"2016-03-02T18:06:11","guid":{"rendered":"https:\/\/www.campus02.at\/?page_id=1677"},"modified":"2024-07-01T13:00:51","modified_gmt":"2024-07-01T11:00:51","slug":"summer-schools","status":"publish","type":"page","link":"https:\/\/www.campus02.at\/en\/internationales\/studierendenmobilitaet\/outgoing\/summer-schools\/","title":{"rendered":"Summer Schools"},"content":{"rendered":"<div class=\"flex-campus-main flex-campus-main-Heading\"><h1>Summer Schools<\/h1><\/div><div class=\"flex-campus-main flex-campus-main-Textbox\"><div class=\"alert bg-yellow\">\n        <ul>\n<li style=\"text-align: justify;\">Sie m\u00f6chten Ihren <strong>Sommer<\/strong> einmal <strong>ganz anders<\/strong> verbringen?<\/li>\n<li style=\"text-align: justify;\">Sie wollen sich <strong>weiterbilden<\/strong> und zur gleichen Zeit <strong>fremde L\u00e4nder, Sprachen und Kulturen kennenlernen<\/strong>?<\/li>\n<li style=\"text-align: justify;\">Sie sind <strong>Neuem<\/strong> gegen\u00fcber aufgeschlossen und immer f\u00fcr ein <strong>Abenteuer<\/strong> zu haben?<\/li>\n<\/ul>\n    <\/div><\/div><div class=\"flex-campus-main flex-campus-main-Text\"><p style=\"text-align: justify;\"><a href=\"https:\/\/www.campus02.at\/wp-content\/uploads\/2016\/05\/m120508c103.jpg\"><img decoding=\"async\" class=\"wp-image-3332 alignleft\" src=\"https:\/\/www.campus02.at\/wp-content\/uploads\/2016\/05\/m120508c103-300x200.jpg\" alt=\"Studierende im Rasen vor dem FH Geb\u00e4ude\" width=\"234\" height=\"156\" srcset=\"https:\/\/www.campus02.at\/wp-content\/uploads\/2016\/05\/m120508c103-300x200.jpg 300w, https:\/\/www.campus02.at\/wp-content\/uploads\/2016\/05\/m120508c103-1024x683.jpg 1024w\" sizes=\"(max-width: 234px) 100vw, 234px\" \/><\/a>Die FH CAMPUS 02 unterst\u00fctzt die Teilnahme ihrer Studierenden an ausgew\u00e4hlten <strong>Summer Schools<\/strong> mit einem eigenen <strong>Stipendium<\/strong> (Detailinfos dazu siehe <a href=\"https:\/\/www.campus02.at\/wp-content\/uploads\/2016\/06\/FHC02_Auslandsstipendienrichtlinie_2016-1.pdf\">Giudeline for Scholarships Abroad<\/a>).<\/p>\n<p style=\"text-align: justify;\">Die verschiedenen Angebote bieten Ihnen nicht nur die M\u00f6glichkeit, sich fachlich zu vertiefen, sondern sich auch sprachlich weiterzubilden und Ihren interkulturellen Erfahrungshorizont zu erweitern. Aufgrund der verh\u00e4ltnism\u00e4\u00dfig kurzen Dauer ist dies eine Art des Auslandsaufenthaltes, die auch f\u00fcr berufsbegleitende Studierende attraktiv ist.<\/p>\n<p style=\"text-align: justify;\">Informieren Sie sich unbedingt vor Summer School Antritt \u00fcber eventuelle <strong>Anrechnungsm\u00f6glichkeiten<\/strong> bei Ihrer Studienrichtung!<\/p>\n<p style=\"text-align: justify;\">\n<\/div>","protected":false},"excerpt":{"rendered":"<p>Summer Schools Sie m\u00f6chten Ihren Sommer einmal ganz anders verbringen? Sie wollen sich weiterbilden und zur gleichen Zeit <a href=\"https:\/\/www.campus02.at\/en\/internationales\/studierendenmobilitaet\/outgoing\/summer-schools\/\" class=\"more-link\">more&hellip;<\/a><\/p>","protected":false},"author":169,"featured_media":0,"parent":1655,"menu_order":2,"comment_status":"closed","ping_status":"closed","template":"","meta":{"_acf_changed":false,"footnotes":""},"coauthors":[1067],"class_list":["post-1677","page","type-page","status-publish","hentry"],"acf":[],"yoast_head":"<!-- This site is optimized with the Yoast SEO plugin v26.9 - https:\/\/yoast.com\/product\/yoast-seo-wordpress\/ -->\n<title>Summer Schools - FH CAMPUS 02<\/title>\n<meta name=\"robots\" content=\"index, follow, max-snippet:-1, max-image-preview:large, max-video-preview:-1\" \/>\n<link rel=\"canonical\" href=\"https:\/\/www.campus02.at\/en\/internationales\/studierendenmobilitaet\/outgoing\/summer-schools\/\" \/>\n<meta property=\"og:locale\" content=\"en_GB\" \/>\n<meta property=\"og:type\" content=\"article\" \/>\n<meta property=\"og:title\" content=\"Summer Schools - FH CAMPUS 02\" \/>\n<meta property=\"og:description\" content=\"Summer Schools Sie m\u00f6chten Ihren Sommer einmal ganz anders verbringen? Sie wollen sich weiterbilden und zur gleichen Zeit more&hellip;\" \/>\n<meta property=\"og:url\" content=\"https:\/\/www.campus02.at\/en\/internationales\/studierendenmobilitaet\/outgoing\/summer-schools\/\" \/>\n<meta property=\"og:site_name\" content=\"FH CAMPUS 02\" \/>\n<meta property=\"article:modified_time\" content=\"2024-07-01T11:00:51+00:00\" \/>\n<meta property=\"og:image\" content=\"https:\/\/www.campus02.at\/wp-content\/uploads\/2015\/10\/T_LEI2980.jpg\" \/>\n\t<meta property=\"og:image:width\" content=\"1200\" \/>\n\t<meta property=\"og:image:height\" content=\"630\" \/>\n\t<meta property=\"og:image:type\" content=\"image\/jpeg\" \/>\n<meta name=\"twitter:card\" content=\"summary_large_image\" \/>\n<meta name=\"twitter:label1\" content=\"Written by\" \/>\n\t<meta name=\"twitter:data1\" content=\"Zelenik Maja\" \/>\n<script type=\"application\/ld+json\" class=\"yoast-schema-graph\">{\"@context\":\"https:\/\/schema.org\",\"@graph\":[{\"@type\":\"WebPage\",\"@id\":\"https:\/\/www.campus02.at\/internationales\/studierendenmobilitaet\/outgoing\/summer-schools\/\",\"url\":\"https:\/\/www.campus02.at\/internationales\/studierendenmobilitaet\/outgoing\/summer-schools\/\",\"name\":\"Summer Schools - FH CAMPUS 02\",\"isPartOf\":{\"@id\":\"https:\/\/www.campus02.at\/#website\"},\"datePublished\":\"2016-03-02T18:06:11+00:00\",\"dateModified\":\"2024-07-01T11:00:51+00:00\",\"breadcrumb\":{\"@id\":\"https:\/\/www.campus02.at\/internationales\/studierendenmobilitaet\/outgoing\/summer-schools\/#breadcrumb\"},\"inLanguage\":\"en-GB\",\"potentialAction\":[{\"@type\":\"ReadAction\",\"target\":[\"https:\/\/www.campus02.at\/internationales\/studierendenmobilitaet\/outgoing\/summer-schools\/\"]}]},{\"@type\":\"BreadcrumbList\",\"@id\":\"https:\/\/www.campus02.at\/internationales\/studierendenmobilitaet\/outgoing\/summer-schools\/#breadcrumb\",\"itemListElement\":[{\"@type\":\"ListItem\",\"position\":1,\"name\":\"Startseite\",\"item\":\"https:\/\/www.campus02.at\/\"},{\"@type\":\"ListItem\",\"position\":2,\"name\":\"Internationales\",\"item\":\"https:\/\/www.campus02.at\/internationales\/\"},{\"@type\":\"ListItem\",\"position\":3,\"name\":\"Studierendenmobilit\u00e4t\",\"item\":\"https:\/\/www.campus02.at\/internationales\/studierendenmobilitaet\/\"},{\"@type\":\"ListItem\",\"position\":4,\"name\":\"Outgoing\",\"item\":\"https:\/\/www.campus02.at\/internationales\/studierendenmobilitaet\/outgoing\/\"},{\"@type\":\"ListItem\",\"position\":5,\"name\":\"Summer Schools\"}]},{\"@type\":\"WebSite\",\"@id\":\"https:\/\/www.campus02.at\/#website\",\"url\":\"https:\/\/www.campus02.at\/\",\"name\":\"FH CAMPUS 02\",\"description\":\"\",\"publisher\":{\"@id\":\"https:\/\/www.campus02.at\/#organization\"},\"potentialAction\":[{\"@type\":\"SearchAction\",\"target\":{\"@type\":\"EntryPoint\",\"urlTemplate\":\"https:\/\/www.campus02.at\/?s={search_term_string}\"},\"query-input\":{\"@type\":\"PropertyValueSpecification\",\"valueRequired\":true,\"valueName\":\"search_term_string\"}}],\"inLanguage\":\"en-GB\"},{\"@type\":\"Organization\",\"@id\":\"https:\/\/www.campus02.at\/#organization\",\"name\":\"FH CAMPUS 02\",\"url\":\"https:\/\/www.campus02.at\/\",\"logo\":{\"@type\":\"ImageObject\",\"inLanguage\":\"en-GB\",\"@id\":\"https:\/\/www.campus02.at\/#\/schema\/logo\/image\/\",\"url\":\"https:\/\/www.campus02.at\/wp-content\/uploads\/2016\/10\/Logo.jpg\",\"contentUrl\":\"https:\/\/www.campus02.at\/wp-content\/uploads\/2016\/10\/Logo.jpg\",\"width\":1108,\"height\":440,\"caption\":\"FH CAMPUS 02\"},\"image\":{\"@id\":\"https:\/\/www.campus02.at\/#\/schema\/logo\/image\/\"}}]}<\/script>\n<!-- \/ Yoast SEO plugin. -->","yoast_head_json":{"title":"Summer Schools - FH CAMPUS 02","robots":{"index":"index","follow":"follow","max-snippet":"max-snippet:-1","max-image-preview":"max-image-preview:large","max-video-preview":"max-video-preview:-1"},"canonical":"https:\/\/www.campus02.at\/en\/internationales\/studierendenmobilitaet\/outgoing\/summer-schools\/","og_locale":"en_GB","og_type":"article","og_title":"Summer Schools - FH CAMPUS 02","og_description":"Summer Schools Sie m\u00f6chten Ihren Sommer einmal ganz anders verbringen? Sie wollen sich weiterbilden und zur gleichen Zeit more&hellip;","og_url":"https:\/\/www.campus02.at\/en\/internationales\/studierendenmobilitaet\/outgoing\/summer-schools\/","og_site_name":"FH CAMPUS 02","article_modified_time":"2024-07-01T11:00:51+00:00","og_image":[{"width":1200,"height":630,"url":"https:\/\/www.campus02.at\/wp-content\/uploads\/2015\/10\/T_LEI2980.jpg","type":"image\/jpeg"}],"twitter_card":"summary_large_image","twitter_misc":{"Written by":"Zelenik Maja"},"schema":{"@context":"https:\/\/schema.org","@graph":[{"@type":"WebPage","@id":"https:\/\/www.campus02.at\/internationales\/studierendenmobilitaet\/outgoing\/summer-schools\/","url":"https:\/\/www.campus02.at\/internationales\/studierendenmobilitaet\/outgoing\/summer-schools\/","name":"Summer Schools - FH CAMPUS 02","isPartOf":{"@id":"https:\/\/www.campus02.at\/#website"},"datePublished":"2016-03-02T18:06:11+00:00","dateModified":"2024-07-01T11:00:51+00:00","breadcrumb":{"@id":"https:\/\/www.campus02.at\/internationales\/studierendenmobilitaet\/outgoing\/summer-schools\/#breadcrumb"},"inLanguage":"en-GB","potentialAction":[{"@type":"ReadAction","target":["https:\/\/www.campus02.at\/internationales\/studierendenmobilitaet\/outgoing\/summer-schools\/"]}]},{"@type":"BreadcrumbList","@id":"https:\/\/www.campus02.at\/internationales\/studierendenmobilitaet\/outgoing\/summer-schools\/#breadcrumb","itemListElement":[{"@type":"ListItem","position":1,"name":"Startseite","item":"https:\/\/www.campus02.at\/"},{"@type":"ListItem","position":2,"name":"Internationales","item":"https:\/\/www.campus02.at\/internationales\/"},{"@type":"ListItem","position":3,"name":"Studierendenmobilit\u00e4t","item":"https:\/\/www.campus02.at\/internationales\/studierendenmobilitaet\/"},{"@type":"ListItem","position":4,"name":"Outgoing","item":"https:\/\/www.campus02.at\/internationales\/studierendenmobilitaet\/outgoing\/"},{"@type":"ListItem","position":5,"name":"Summer Schools"}]},{"@type":"WebSite","@id":"https:\/\/www.campus02.at\/#website","url":"https:\/\/www.campus02.at\/","name":"CAMPUS 02 UAS","description":"","publisher":{"@id":"https:\/\/www.campus02.at\/#organization"},"potentialAction":[{"@type":"SearchAction","target":{"@type":"EntryPoint","urlTemplate":"https:\/\/www.campus02.at\/?s={search_term_string}"},"query-input":{"@type":"PropertyValueSpecification","valueRequired":true,"valueName":"search_term_string"}}],"inLanguage":"en-GB"},{"@type":"Organization","@id":"https:\/\/www.campus02.at\/#organization","name":"CAMPUS 02 UAS","url":"https:\/\/www.campus02.at\/","logo":{"@type":"ImageObject","inLanguage":"en-GB","@id":"https:\/\/www.campus02.at\/#\/schema\/logo\/image\/","url":"https:\/\/www.campus02.at\/wp-content\/uploads\/2016\/10\/Logo.jpg","contentUrl":"https:\/\/www.campus02.at\/wp-content\/uploads\/2016\/10\/Logo.jpg","width":1108,"height":440,"caption":"FH CAMPUS 02"},"image":{"@id":"https:\/\/www.campus02.at\/#\/schema\/logo\/image\/"}}]}},"_links":{"self":[{"href":"https:\/\/www.campus02.at\/en\/wp-json\/wp\/v2\/pages\/1677","targetHints":{"allow":["GET"]}}],"collection":[{"href":"https:\/\/www.campus02.at\/en\/wp-json\/wp\/v2\/pages"}],"about":[{"href":"https:\/\/www.campus02.at\/en\/wp-json\/wp\/v2\/types\/page"}],"author":[{"embeddable":true,"href":"https:\/\/www.campus02.at\/en\/wp-json\/wp\/v2\/users\/169"}],"replies":[{"embeddable":true,"href":"https:\/\/www.campus02.at\/en\/wp-json\/wp\/v2\/comments?post=1677"}],"version-history":[{"count":7,"href":"https:\/\/www.campus02.at\/en\/wp-json\/wp\/v2\/pages\/1677\/revisions"}],"predecessor-version":[{"id":148834,"href":"https:\/\/www.campus02.at\/en\/wp-json\/wp\/v2\/pages\/1677\/revisions\/148834"}],"up":[{"embeddable":true,"href":"https:\/\/www.campus02.at\/en\/wp-json\/wp\/v2\/pages\/1655"}],"wp:attachment":[{"href":"https:\/\/www.campus02.at\/en\/wp-json\/wp\/v2\/media?parent=1677"}],"wp:term":[{"taxonomy":"author","embeddable":true,"href":"https:\/\/www.campus02.at\/en\/wp-json\/wp\/v2\/coauthors?post=1677"}],"curies":[{"name":"wp","href":"https:\/\/api.w.org\/{rel}","templated":true}]}}