{"id":1665,"date":"2016-03-02T19:04:57","date_gmt":"2016-03-02T18:04:57","guid":{"rendered":"https:\/\/www.campus02.at\/?page_id=1665"},"modified":"2024-07-01T13:00:38","modified_gmt":"2024-07-01T11:00:38","slug":"allgemeine-informationen","status":"publish","type":"page","link":"https:\/\/www.campus02.at\/en\/internationales\/studierendenmobilitaet\/outgoing\/allgemeine-informationen\/","title":{"rendered":"General information"},"content":{"rendered":"<div class=\"flex-campus-main flex-campus-main-Heading\"><h1>General information<\/h1><\/div><div class=\"flex-campus-main flex-campus-main-Text\"><p style=\"text-align: justify;\">Ein <strong>Studien- oder Praktikumsaufenthalt im<\/strong> <strong>Ausland<\/strong> bietet die M\u00f6glichkeit, Perspektiven zu wechseln, an neuen Aufgaben zu wachsen, Fremdsprachenkenntnisse zu erwerben oder zu vertiefen und in eine fremde Kultur einzutauchen. Die Freundschaften, die in dieser Zeit geschlossen werden, halten oft ein ganzes Leben und stellen nicht nur ein wertvolles privates, sondern auch berufliches internationales Netzwerk dar.<\/p>\n<p style=\"text-align: justify;\">Aus diesem Grund entscheiden sich immer mehr Studierende f\u00fcr ein Berufspraktikum oder einen Studienaufenthalt an einer der Partnerhochschulen im Ausland.<\/p>\n<\/div><div class=\"flex-campus-main flex-campus-main-Image\"><figure><a href=\"https:\/\/www.campus02.at\/wp-content\/uploads\/2016\/05\/m120508c178.jpg\"><img decoding=\"async\" src=\"https:\/\/www.campus02.at\/wp-content\/uploads\/2016\/05\/m120508c178-1024x683.jpg\" class=\"img-responsive\" alt=\"\u00a9 FH CAMPUS 02\/Melbinger\" \/><\/a><\/figure><\/div><div class=\"flex-campus-main flex-campus-main-Heading\"><h2>Insurance<\/h2><\/div><div class=\"flex-campus-main flex-campus-main-Text\"><p style=\"text-align: justify;\">Kl\u00e4ren Sie rechtzeitig vor Antritt Ihres Auslandsaufenthalts, ob Sie <strong>in ausreichendem Ma\u00df<\/strong> versichert sind.<br \/>\nIhr Versicherungsschutz sollte folgende Leistungen f\u00fcr die vollst\u00e4ndige Dauer Ihres Auslandsaufenthaltes beinhalten:<\/p>\n<ul>\n<li style=\"text-align: justify;\"><span style=\"text-decoration: underline;\"><em>Health Insurance<\/em><\/span><br \/>\nBei Aufenthalten in der <strong>EU, im EWR-Raum oder in der Schweiz<\/strong> haben Sie durch die <strong>&#8222;Europ\u00e4ische Krankenversicherungskarte&#8220;<\/strong> auf der R\u00fcckseite Ihrer e-card Anspruch auf Krankenbehandlung. Allerdings muss f\u00fcr gewisse Leistungen (bspw. Krankenhausaufenthalt) mit einem Selbstbehalt gerechnet werden. Zur Deckung etwaiger Extra-Kosten empfiehlt sich der Abschluss einer Zusatzversicherung.<br \/>\nIn den meisten <strong>anderen L\u00e4ndern<\/strong> m\u00fcssen Sie die Behandlungskosten zur G\u00e4nze selber tragen und k\u00f6nnen nach Ihrer R\u00fcckkehr bei Vorlage der Originalrechnungen nur einen teilweisen Kostenersatz beantragen. Daher empfehlen wir dringend den Abschluss einer privaten Krankenversicherung. Detaillierte Infos zum Thema Krankenversicherung und m\u00f6glichen Zusatz- bzw. privaten Krankenversicherungen finden Sie <a href=\"https:\/\/oead.at\/fileadmin\/Dokumente\/oead.at\/KIM\/Nach_Oesterreich\/Einreise_und_Aufenthalt\/Datenbank_Einreise_Aufenthalt\/Infoblaetter\/Deutsch\/Allgemeine_Info_-_Krankenversicherung.pdf\">here.<\/a>.<\/li>\n<\/ul>\n<ul>\n<li style=\"text-align: justify;\"><span style=\"text-decoration: underline;\"><em>Unfall- und Haftpflichtversicherung<\/em><\/span><br \/>\nDurch Ihre <strong>\u00d6H-Mitgliedschaft<\/strong> verf\u00fcgen Sie \u00fcber eine Unfall- und Haftpflichtversicherung (<a href=\"https:\/\/www.oeh.ac.at\/service\/versicherung\">weitere Infos<\/a>). Sollten Sie eine Best\u00e4tigung f\u00fcr diese Versicherung ben\u00f6tigen, senden Sie bitte eine E-Mail an <span style=\"color: #0000ff;\">studierendenversicherung@oeh.ac.at<\/span> (Betreff: Best\u00e4tigung) unter Angabe folgender Daten: Name, aktuelle Anschrift, Matrikelnummer bzw. Personenkennzahl, Name der Bildungseinrichtung. Bitte f\u00fcgen Sie eine Inskriptionsbest\u00e4tigung bei.<\/li>\n<\/ul>\n<ul>\n<li style=\"text-align: justify;\"><span style=\"text-decoration: underline;\"><em>Reise- und R\u00fccktransportversicherung<\/em><\/span><br \/>\nIm Normalfall ist diese Art von Versicherung weder durch Ihre Krankenversicherung noch durch die \u00d6H-Mitgliedschaft gedeckt. H\u00e4ufig verf\u00fcgen aber <strong>Kreditkarten<\/strong> (VISA, Mastercard, etc.), <strong>Freizeitversicherungen<\/strong> (OeAV, \u00d6AMTC) u.\u00c4. \u00fcber eine derartige Versicherungsleistung (ACHTUNG: diese k\u00f6nnen zeitlich begrenzt sein).<\/li>\n<\/ul>\n<\/div><div class=\"flex-campus-main flex-campus-main-Textbox\"><div class=\"alert bg-yellow\">\n        <p style=\"text-align: justify;\"><strong>F\u00fcr alle Versicherungsleistungen gilt grunds\u00e4tzlich:<\/strong><\/p>\n<p style=\"text-align: justify;\"><strong>Pr\u00fcfen Sie bestehende\/neu abzuschlie\u00dfende Versicherungen gr\u00fcndlich, da sich der Leistungsumfang stark unterscheidet und\/oder bestimmten Bedingungen unterliegen kann!<\/strong><\/p>\n    <\/div><\/div>","protected":false},"excerpt":{"rendered":"<p>Allgemeine InformationenEin Studien- oder Praktikumsaufenthalt im Ausland bietet die M\u00f6glichkeit, Perspektiven zu wechseln, an <a href=\"https:\/\/www.campus02.at\/en\/internationales\/studierendenmobilitaet\/outgoing\/allgemeine-informationen\/\" class=\"more-link\">more&hellip;<\/a><\/p>","protected":false},"author":169,"featured_media":0,"parent":1655,"menu_order":0,"comment_status":"closed","ping_status":"closed","template":"","meta":{"_acf_changed":false,"footnotes":""},"coauthors":[1067],"class_list":["post-1665","page","type-page","status-publish","hentry"],"acf":[],"yoast_head":"<!-- This site is optimized with the Yoast SEO plugin v26.9 - https:\/\/yoast.com\/product\/yoast-seo-wordpress\/ -->\n<title>Allgemeine Informationen - FH CAMPUS 02<\/title>\n<meta name=\"robots\" content=\"index, follow, max-snippet:-1, max-image-preview:large, max-video-preview:-1\" \/>\n<link rel=\"canonical\" href=\"https:\/\/www.campus02.at\/en\/internationales\/studierendenmobilitaet\/outgoing\/allgemeine-informationen\/\" \/>\n<meta property=\"og:locale\" content=\"en_GB\" \/>\n<meta property=\"og:type\" content=\"article\" \/>\n<meta property=\"og:title\" content=\"Allgemeine Informationen - FH CAMPUS 02\" \/>\n<meta property=\"og:description\" content=\"Allgemeine InformationenEin Studien- oder Praktikumsaufenthalt im Ausland bietet die M\u00f6glichkeit, Perspektiven zu wechseln, an more&hellip;\" \/>\n<meta property=\"og:url\" content=\"https:\/\/www.campus02.at\/en\/internationales\/studierendenmobilitaet\/outgoing\/allgemeine-informationen\/\" \/>\n<meta property=\"og:site_name\" content=\"FH CAMPUS 02\" \/>\n<meta property=\"article:modified_time\" content=\"2024-07-01T11:00:38+00:00\" \/>\n<meta property=\"og:image\" content=\"https:\/\/www.campus02.at\/wp-content\/uploads\/2015\/10\/T_LEI2980.jpg\" \/>\n\t<meta property=\"og:image:width\" content=\"1200\" \/>\n\t<meta property=\"og:image:height\" content=\"630\" \/>\n\t<meta property=\"og:image:type\" content=\"image\/jpeg\" \/>\n<meta name=\"twitter:card\" content=\"summary_large_image\" \/>\n<meta name=\"twitter:label1\" content=\"Written by\" \/>\n\t<meta name=\"twitter:data1\" content=\"Zelenik Maja\" \/>\n<script type=\"application\/ld+json\" class=\"yoast-schema-graph\">{\"@context\":\"https:\/\/schema.org\",\"@graph\":[{\"@type\":\"WebPage\",\"@id\":\"https:\/\/www.campus02.at\/internationales\/studierendenmobilitaet\/outgoing\/allgemeine-informationen\/\",\"url\":\"https:\/\/www.campus02.at\/internationales\/studierendenmobilitaet\/outgoing\/allgemeine-informationen\/\",\"name\":\"Allgemeine Informationen - FH CAMPUS 02\",\"isPartOf\":{\"@id\":\"https:\/\/www.campus02.at\/#website\"},\"datePublished\":\"2016-03-02T18:04:57+00:00\",\"dateModified\":\"2024-07-01T11:00:38+00:00\",\"breadcrumb\":{\"@id\":\"https:\/\/www.campus02.at\/internationales\/studierendenmobilitaet\/outgoing\/allgemeine-informationen\/#breadcrumb\"},\"inLanguage\":\"en-GB\",\"potentialAction\":[{\"@type\":\"ReadAction\",\"target\":[\"https:\/\/www.campus02.at\/internationales\/studierendenmobilitaet\/outgoing\/allgemeine-informationen\/\"]}]},{\"@type\":\"BreadcrumbList\",\"@id\":\"https:\/\/www.campus02.at\/internationales\/studierendenmobilitaet\/outgoing\/allgemeine-informationen\/#breadcrumb\",\"itemListElement\":[{\"@type\":\"ListItem\",\"position\":1,\"name\":\"Startseite\",\"item\":\"https:\/\/www.campus02.at\/\"},{\"@type\":\"ListItem\",\"position\":2,\"name\":\"Internationales\",\"item\":\"https:\/\/www.campus02.at\/internationales\/\"},{\"@type\":\"ListItem\",\"position\":3,\"name\":\"Studierendenmobilit\u00e4t\",\"item\":\"https:\/\/www.campus02.at\/internationales\/studierendenmobilitaet\/\"},{\"@type\":\"ListItem\",\"position\":4,\"name\":\"Outgoing\",\"item\":\"https:\/\/www.campus02.at\/internationales\/studierendenmobilitaet\/outgoing\/\"},{\"@type\":\"ListItem\",\"position\":5,\"name\":\"Allgemeine Informationen\"}]},{\"@type\":\"WebSite\",\"@id\":\"https:\/\/www.campus02.at\/#website\",\"url\":\"https:\/\/www.campus02.at\/\",\"name\":\"FH CAMPUS 02\",\"description\":\"\",\"publisher\":{\"@id\":\"https:\/\/www.campus02.at\/#organization\"},\"potentialAction\":[{\"@type\":\"SearchAction\",\"target\":{\"@type\":\"EntryPoint\",\"urlTemplate\":\"https:\/\/www.campus02.at\/?s={search_term_string}\"},\"query-input\":{\"@type\":\"PropertyValueSpecification\",\"valueRequired\":true,\"valueName\":\"search_term_string\"}}],\"inLanguage\":\"en-GB\"},{\"@type\":\"Organization\",\"@id\":\"https:\/\/www.campus02.at\/#organization\",\"name\":\"FH CAMPUS 02\",\"url\":\"https:\/\/www.campus02.at\/\",\"logo\":{\"@type\":\"ImageObject\",\"inLanguage\":\"en-GB\",\"@id\":\"https:\/\/www.campus02.at\/#\/schema\/logo\/image\/\",\"url\":\"https:\/\/www.campus02.at\/wp-content\/uploads\/2016\/10\/Logo.jpg\",\"contentUrl\":\"https:\/\/www.campus02.at\/wp-content\/uploads\/2016\/10\/Logo.jpg\",\"width\":1108,\"height\":440,\"caption\":\"FH CAMPUS 02\"},\"image\":{\"@id\":\"https:\/\/www.campus02.at\/#\/schema\/logo\/image\/\"}}]}<\/script>\n<!-- \/ Yoast SEO plugin. -->","yoast_head_json":{"title":"Allgemeine Informationen - FH CAMPUS 02","robots":{"index":"index","follow":"follow","max-snippet":"max-snippet:-1","max-image-preview":"max-image-preview:large","max-video-preview":"max-video-preview:-1"},"canonical":"https:\/\/www.campus02.at\/en\/internationales\/studierendenmobilitaet\/outgoing\/allgemeine-informationen\/","og_locale":"en_GB","og_type":"article","og_title":"Allgemeine Informationen - FH CAMPUS 02","og_description":"Allgemeine InformationenEin Studien- oder Praktikumsaufenthalt im Ausland bietet die M\u00f6glichkeit, Perspektiven zu wechseln, an more&hellip;","og_url":"https:\/\/www.campus02.at\/en\/internationales\/studierendenmobilitaet\/outgoing\/allgemeine-informationen\/","og_site_name":"FH CAMPUS 02","article_modified_time":"2024-07-01T11:00:38+00:00","og_image":[{"width":1200,"height":630,"url":"https:\/\/www.campus02.at\/wp-content\/uploads\/2015\/10\/T_LEI2980.jpg","type":"image\/jpeg"}],"twitter_card":"summary_large_image","twitter_misc":{"Written by":"Zelenik Maja"},"schema":{"@context":"https:\/\/schema.org","@graph":[{"@type":"WebPage","@id":"https:\/\/www.campus02.at\/internationales\/studierendenmobilitaet\/outgoing\/allgemeine-informationen\/","url":"https:\/\/www.campus02.at\/internationales\/studierendenmobilitaet\/outgoing\/allgemeine-informationen\/","name":"Allgemeine Informationen - FH CAMPUS 02","isPartOf":{"@id":"https:\/\/www.campus02.at\/#website"},"datePublished":"2016-03-02T18:04:57+00:00","dateModified":"2024-07-01T11:00:38+00:00","breadcrumb":{"@id":"https:\/\/www.campus02.at\/internationales\/studierendenmobilitaet\/outgoing\/allgemeine-informationen\/#breadcrumb"},"inLanguage":"en-GB","potentialAction":[{"@type":"ReadAction","target":["https:\/\/www.campus02.at\/internationales\/studierendenmobilitaet\/outgoing\/allgemeine-informationen\/"]}]},{"@type":"BreadcrumbList","@id":"https:\/\/www.campus02.at\/internationales\/studierendenmobilitaet\/outgoing\/allgemeine-informationen\/#breadcrumb","itemListElement":[{"@type":"ListItem","position":1,"name":"Startseite","item":"https:\/\/www.campus02.at\/"},{"@type":"ListItem","position":2,"name":"Internationales","item":"https:\/\/www.campus02.at\/internationales\/"},{"@type":"ListItem","position":3,"name":"Studierendenmobilit\u00e4t","item":"https:\/\/www.campus02.at\/internationales\/studierendenmobilitaet\/"},{"@type":"ListItem","position":4,"name":"Outgoing","item":"https:\/\/www.campus02.at\/internationales\/studierendenmobilitaet\/outgoing\/"},{"@type":"ListItem","position":5,"name":"Allgemeine Informationen"}]},{"@type":"WebSite","@id":"https:\/\/www.campus02.at\/#website","url":"https:\/\/www.campus02.at\/","name":"CAMPUS 02 UAS","description":"","publisher":{"@id":"https:\/\/www.campus02.at\/#organization"},"potentialAction":[{"@type":"SearchAction","target":{"@type":"EntryPoint","urlTemplate":"https:\/\/www.campus02.at\/?s={search_term_string}"},"query-input":{"@type":"PropertyValueSpecification","valueRequired":true,"valueName":"search_term_string"}}],"inLanguage":"en-GB"},{"@type":"Organization","@id":"https:\/\/www.campus02.at\/#organization","name":"CAMPUS 02 UAS","url":"https:\/\/www.campus02.at\/","logo":{"@type":"ImageObject","inLanguage":"en-GB","@id":"https:\/\/www.campus02.at\/#\/schema\/logo\/image\/","url":"https:\/\/www.campus02.at\/wp-content\/uploads\/2016\/10\/Logo.jpg","contentUrl":"https:\/\/www.campus02.at\/wp-content\/uploads\/2016\/10\/Logo.jpg","width":1108,"height":440,"caption":"FH CAMPUS 02"},"image":{"@id":"https:\/\/www.campus02.at\/#\/schema\/logo\/image\/"}}]}},"_links":{"self":[{"href":"https:\/\/www.campus02.at\/en\/wp-json\/wp\/v2\/pages\/1665","targetHints":{"allow":["GET"]}}],"collection":[{"href":"https:\/\/www.campus02.at\/en\/wp-json\/wp\/v2\/pages"}],"about":[{"href":"https:\/\/www.campus02.at\/en\/wp-json\/wp\/v2\/types\/page"}],"author":[{"embeddable":true,"href":"https:\/\/www.campus02.at\/en\/wp-json\/wp\/v2\/users\/169"}],"replies":[{"embeddable":true,"href":"https:\/\/www.campus02.at\/en\/wp-json\/wp\/v2\/comments?post=1665"}],"version-history":[{"count":7,"href":"https:\/\/www.campus02.at\/en\/wp-json\/wp\/v2\/pages\/1665\/revisions"}],"predecessor-version":[{"id":148832,"href":"https:\/\/www.campus02.at\/en\/wp-json\/wp\/v2\/pages\/1665\/revisions\/148832"}],"up":[{"embeddable":true,"href":"https:\/\/www.campus02.at\/en\/wp-json\/wp\/v2\/pages\/1655"}],"wp:attachment":[{"href":"https:\/\/www.campus02.at\/en\/wp-json\/wp\/v2\/media?parent=1665"}],"wp:term":[{"taxonomy":"author","embeddable":true,"href":"https:\/\/www.campus02.at\/en\/wp-json\/wp\/v2\/coauthors?post=1665"}],"curies":[{"name":"wp","href":"https:\/\/api.w.org\/{rel}","templated":true}]}}