{"id":1647,"date":"2016-03-02T19:03:09","date_gmt":"2016-03-02T18:03:09","guid":{"rendered":"https:\/\/www.campus02.at\/?page_id=1647"},"modified":"2022-06-13T15:00:19","modified_gmt":"2022-06-13T13:00:19","slug":"outgoing","status":"publish","type":"page","link":"https:\/\/www.campus02.at\/en\/internationales\/personalmobilitaet\/outgoing\/","title":{"rendered":"Outgoing"},"content":{"rendered":"<div class=\"flex-campus-main flex-campus-main-Heading\"><h1>Outgoing<\/h1><\/div><div class=\"flex-campus-main flex-campus-main-Text\"><p style=\"text-align: justify;\">Derzeit steht f\u00fcr die FH CAMPUS 02 der Aufbau eines <strong>Kooperationsnetzwerkes<\/strong> <strong>in Europa<\/strong> im Vordergrund. Daher wird momentan in erster Linie <strong>Lehrenden- und Mitarbeiter*innenmobilit\u00e4t<\/strong> im Rahmen des EU-Programms <strong>Erasmus+<\/strong> gef\u00f6rdert. Es erm\u00f6glicht lehrendem Personal die Durchf\u00fchrung von Lehraufenthalten an Partnerinstitutionen und administrativem Personal die Absolvierung von Weiterbildungsma\u00dfnahmen an Partnerhochschulen oder in Unternehmen. F\u00fcr die Lehrenden der Studienrichtung Automatisierungstechnik gibt es dar\u00fcber hinaus auch Mobilit\u00e4tsm\u00f6glichkeiten im Rahmen der bestehenden CEEPUS Netzwerke. N\u00e4here Informationen dazu erhalten Sie von dem*der <a href=\"https:\/\/www.campus02.at\/en\/internationales\/kontakt\/\">AT Studienrichtungskoordinator*in f\u00fcr Internationales<\/a> and <a href=\"https:\/\/oead.at\/en\/the-oead\/our-programmes-from-a-to-z\/#ceepus-outgoing\">here.<\/a>.<\/p>\n<p style=\"text-align: justify;\">Voraussetzung f\u00fcr die Durchf\u00fchrung von Erasmus+ Personalmobilit\u00e4t ist das Bestehen eines bilateralen Abkommens zwischen den betreffenden Hochschulen. Informieren Sie sich \u00fcber die bestehenden Erasmus+ <a href=\"https:\/\/www.campus02.at\/en\/internationales\/kooperationen\/\">Cooperations<\/a> der FH CAMPUS 02.<\/p>\n<\/div><div class=\"flex-campus-main flex-campus-main-Image\"><figure><a href=\"https:\/\/www.campus02.at\/wp-content\/uploads\/2016\/03\/shutterstock_132424580.jpg\"><img decoding=\"async\" src=\"https:\/\/www.campus02.at\/wp-content\/uploads\/2016\/03\/shutterstock_132424580.jpg\" class=\"img-responsive\" alt=\"\u00a9shutterstock_132424580\" \/><\/a><\/figure><\/div><div class=\"flex-campus-main flex-campus-main-Heading\"><h2>General information<\/h2><\/div><div class=\"flex-campus-main flex-campus-main-Accordion\"><div class=\"panel-group\" id=\"flexAccordion-1\" role=\"tablist\" aria-multiselectable=\"true\">\n            <div class=\"panel panel-default\">\n            <div class=\"panel-heading\" role=\"tab\" id=\"flexAccordion-1-0-heading\">\n                <h4 class=\"panel-title\">\n                    <a role=\"button\" data-toggle=\"collapse\" data-parent=\"#flexAccordion-1\" href=\"#flexAccordion-1-0-collapse\" aria-expanded=\"true\"\n                       aria-controls=\"flexAccordion-1-0-collapse\">\n                        Conditions of participation                    <\/a>\n                <\/h4>\n            <\/div>\n            <div id=\"flexAccordion-1-0-collapse\" class=\"panel-collapse collapse\" role=\"tabpanel\" aria-labelledby=\"flexAccordion-1-0-heading\">\n                <div class=\"panel-body\">\n                    <ul>\n<li style=\"text-align: justify;\" class=\"translation-block\">there is a <strong>bilateral agreement<\/strong> between CAMPUS 02 UAS and the university to be attended<\/li>\n<li style=\"text-align: justify;\" class=\"translation-block\">The applicant is <strong>employed as lecturer<\/strong> or <strong>administrative staff<\/strong> at CAMPUS 02 UAS.<\/li>\n<li style=\"text-align: justify;\">Der <strong>Lehraufenthalt<\/strong> dauert <strong>min. 2 Tage\u00a0mit min. 8 Lehreinheiten<\/strong> and <strong>maximal 2 Monate<\/strong>. Der <strong>Weiterbildungsaufenthalt<\/strong> von administrativem Personal dauert <strong>mindestens 2 Tage<\/strong> (ohne An- und Abreise) und <strong>maximal 2 Monate<\/strong>.<\/li>\n<li style=\"text-align: justify;\">Die Mobilit\u00e4t darf\u00a0nicht in ein Land erfolgen, in welchem sich der Lebensmittelpunkt der mobilen Person befindet.<\/li>\n<li style=\"text-align: justify;\">Der <strong>Lehraufenthalt<\/strong> muss in das <strong>Studienprogramm<\/strong> der Partnerinstitution <strong>integriert<\/strong> sein; hierbei sind die <strong>Entwicklung neuer Lehrmaterialien<\/strong>, die <strong>St\u00e4rkung der Beziehungen<\/strong> zwischen Fachbereichen und die <strong>Vorbereitung k\u00fcnftiger Kooperationsprojekte<\/strong> vorrangig zu behandeln. Der <strong>Weiterbildungsaufenthalt<\/strong> kann aus T\u00e4tigkeiten wie kurzen <strong>Mitarbeitsphasen, Job-Shadowing, Studienbesuchen, Workshops, Sprachkursen<\/strong>, etc. bestehen.<\/li>\n<\/ul>\n                <\/div>\n            <\/div>\n        <\/div>\n            <div class=\"panel panel-default\">\n            <div class=\"panel-heading\" role=\"tab\" id=\"flexAccordion-1-1-heading\">\n                <h4 class=\"panel-title\">\n                    <a role=\"button\" data-toggle=\"collapse\" data-parent=\"#flexAccordion-1\" href=\"#flexAccordion-1-1-collapse\" aria-expanded=\"true\"\n                       aria-controls=\"flexAccordion-1-1-collapse\">\n                        Eligible costs                    <\/a>\n                <\/h4>\n            <\/div>\n            <div id=\"flexAccordion-1-1-collapse\" class=\"panel-collapse collapse\" role=\"tabpanel\" aria-labelledby=\"flexAccordion-1-1-heading\">\n                <div class=\"panel-body\">\n                    <p style=\"text-align: justify;\">Mobilit\u00e4tszusch\u00fcsse dienen ausschlie\u00dflich als <strong>Beitrag<\/strong> der Deckung der <strong>Mobilit\u00e4tskosten<\/strong>:<\/p>\n<ul>\n<li style=\"text-align: justify;\"><strong>Reisekosten<\/strong> (tats\u00e4chliche Kosten)<\/li>\n<li style=\"text-align: justify;\"><strong>N\u00e4chtigungskosten<\/strong> (tats\u00e4chliche Kosten)<\/li>\n<li style=\"text-align: justify;\">H\u00f6chstzuschuss pro Mobilit\u00e4t\/Person: <strong>1000\u20ac<\/strong><\/li>\n<\/ul>\n                <\/div>\n            <\/div>\n        <\/div>\n            <div class=\"panel panel-default\">\n            <div class=\"panel-heading\" role=\"tab\" id=\"flexAccordion-1-2-heading\">\n                <h4 class=\"panel-title\">\n                    <a role=\"button\" data-toggle=\"collapse\" data-parent=\"#flexAccordion-1\" href=\"#flexAccordion-1-2-collapse\" aria-expanded=\"true\"\n                       aria-controls=\"flexAccordion-1-2-collapse\">\n                        Insurance                    <\/a>\n                <\/h4>\n            <\/div>\n            <div id=\"flexAccordion-1-2-collapse\" class=\"panel-collapse collapse\" role=\"tabpanel\" aria-labelledby=\"flexAccordion-1-2-heading\">\n                <div class=\"panel-body\">\n                    <p style=\"text-align: justify;\" class=\"translation-block\">Staff mobility is treated similarly to a business trip abroad. Upon timely submission of the business trip request, an <a href=\"https:\/\/www.europaeische.at\/\" target=\"_self\"><span style=\"text-decoration: underline\"><strong>additional travel insurance<\/strong><\/span><\/a> will be automatically arranged by the Executive Office's secretariat.<\/p>\n                <\/div>\n            <\/div>\n        <\/div>\n            <div class=\"panel panel-default\">\n            <div class=\"panel-heading\" role=\"tab\" id=\"flexAccordion-1-3-heading\">\n                <h4 class=\"panel-title\">\n                    <a role=\"button\" data-toggle=\"collapse\" data-parent=\"#flexAccordion-1\" href=\"#flexAccordion-1-3-collapse\" aria-expanded=\"true\"\n                       aria-controls=\"flexAccordion-1-3-collapse\">\n                        Multiple stays                    <\/a>\n                <\/h4>\n            <\/div>\n            <div id=\"flexAccordion-1-3-collapse\" class=\"panel-collapse collapse\" role=\"tabpanel\" aria-labelledby=\"flexAccordion-1-3-heading\">\n                <div class=\"panel-body\">\n                    <p style=\"text-align: justify;\" class=\"translation-block\">In principle, <strong>multiple stays per contractual year<\/strong> are possible. These stays can also occur consecutively, provided that the minimum requirements are met. However, in order to enable as many people as possible to undertake a teaching assignment, priority is given to staff members who are completing an Erasmus+ assignment for the first time in the current contractual year.<\/p>\n                <\/div>\n            <\/div>\n        <\/div>\n            <div class=\"panel panel-default\">\n            <div class=\"panel-heading\" role=\"tab\" id=\"flexAccordion-1-4-heading\">\n                <h4 class=\"panel-title\">\n                    <a role=\"button\" data-toggle=\"collapse\" data-parent=\"#flexAccordion-1\" href=\"#flexAccordion-1-4-collapse\" aria-expanded=\"true\"\n                       aria-controls=\"flexAccordion-1-4-collapse\">\n                        Staff from companies                    <\/a>\n                <\/h4>\n            <\/div>\n            <div id=\"flexAccordion-1-4-collapse\" class=\"panel-collapse collapse\" role=\"tabpanel\" aria-labelledby=\"flexAccordion-1-4-heading\">\n                <div class=\"panel-body\">\n                    <p style=\"text-align: justify;\">Es besteht auch die M\u00f6glichkeit, f\u00fcr <strong>Personen aus Unternehmen<\/strong>, die f\u00fcr <strong>Lehrt\u00e4tigkeit<\/strong> an eine Hochschulinstitution eingeladen werden, Erasmus+ Mittel in Anspruch zu nehmen.<\/p>\n                <\/div>\n            <\/div>\n        <\/div>\n    <\/div>\n<\/div><div class=\"flex-campus-main flex-campus-main-Heading\"><h2>Ablauf und Formulare<\/h2><\/div><div class=\"flex-campus-main flex-campus-main-Accordion\"><div class=\"panel-group\" id=\"flexAccordion-2\" role=\"tablist\" aria-multiselectable=\"true\">\n            <div class=\"panel panel-default\">\n            <div class=\"panel-heading\" role=\"tab\" id=\"flexAccordion-2-0-heading\">\n                <h4 class=\"panel-title\">\n                    <a role=\"button\" data-toggle=\"collapse\" data-parent=\"#flexAccordion-2\" href=\"#flexAccordion-2-0-collapse\" aria-expanded=\"true\"\n                       aria-controls=\"flexAccordion-2-0-collapse\">\n                        Preperation                    <\/a>\n                <\/h4>\n            <\/div>\n            <div id=\"flexAccordion-2-0-collapse\" class=\"panel-collapse collapse\" role=\"tabpanel\" aria-labelledby=\"flexAccordion-2-0-heading\">\n                <div class=\"panel-body\">\n                    <p style=\"text-align: justify;\">Staff members research suitable universities\/companies online, collaborating with the coordinators for international affairs in the study programmes and\/or the person responsible from the central International Services Office.<\/p>\n<p style=\"text-align: justify;\" class=\"translation-block\">Interested staff members inform the coordinators of the study programmes, who then relay the information to the central International Services Office, <strong>by September 30th<\/strong>, regarding their mobility preferences including destination institutions and countries, time, and duration.<\/p>\n<p style=\"text-align: justify;\" class=\"translation-block\">Staff members and coordinators in the study programmes for international affairs will receive <strong>confirmation or rejection by the end of October<\/strong>. Upon acceptance, the staff member will receive all necessary forms.<\/p>\n<p style=\"text-align: justify;\">Jede <strong>Studienrichtung<\/strong> erh\u00e4lt ein <strong>Fixum<\/strong> an Mobilit\u00e4ten; werden diese nicht alle in Anspruch genommen, k\u00f6nnen sie auch an andere Studieng\u00e4nge vergeben werden. <strong>Erstmalige Mobilit\u00e4ten<\/strong> werden bevorzugt behandelt.<\/p>\n<p style=\"text-align: justify;\" class=\"translation-block\">Contact with the university\/company in collaboration with coordinators and\/or the central International Services Office. <strong>If there is no existing bilateral agreement, it must be concluded in advance.<\/strong> Timely bilateral content coordination using Form 1 (Teaching or Staff Mobility Agreement).<\/p>\n<p style=\"text-align: justify;\">Sp\u00e4testens <strong>1 Monat vor Reiseantritt<\/strong> sind <strong>Formular 1+2 (Zuschussvereinbarung)<\/strong> vollst\u00e4ndig ausgef\u00fcllt und unterschrieben der zentralen Servicestelle f\u00fcr\u00a0Internationales auszuh\u00e4ndigen. Gegebenenfalls unterst\u00fctzt diese gern beim Ausf\u00fcllen.<\/p>\n                <\/div>\n            <\/div>\n        <\/div>\n            <div class=\"panel panel-default\">\n            <div class=\"panel-heading\" role=\"tab\" id=\"flexAccordion-2-1-heading\">\n                <h4 class=\"panel-title\">\n                    <a role=\"button\" data-toggle=\"collapse\" data-parent=\"#flexAccordion-2\" href=\"#flexAccordion-2-1-collapse\" aria-expanded=\"true\"\n                       aria-controls=\"flexAccordion-2-1-collapse\">\n                        Abroad                    <\/a>\n                <\/h4>\n            <\/div>\n            <div id=\"flexAccordion-2-1-collapse\" class=\"panel-collapse collapse\" role=\"tabpanel\" aria-labelledby=\"flexAccordion-2-1-heading\">\n                <div class=\"panel-body\">\n                    <p style=\"text-align: justify;\" class=\"translation-block\">The staff member is requested to obtain a <strong>proof of teaching\/training activity (Form 3)<\/strong> from the International Office, Erasmus+ coordinator, or local contact <strong>prior to returning<\/strong> to Austria.<\/p>\n                <\/div>\n            <\/div>\n        <\/div>\n            <div class=\"panel panel-default\">\n            <div class=\"panel-heading\" role=\"tab\" id=\"flexAccordion-2-2-heading\">\n                <h4 class=\"panel-title\">\n                    <a role=\"button\" data-toggle=\"collapse\" data-parent=\"#flexAccordion-2\" href=\"#flexAccordion-2-2-collapse\" aria-expanded=\"true\"\n                       aria-controls=\"flexAccordion-2-2-collapse\">\n                        After returning                    <\/a>\n                <\/h4>\n            <\/div>\n            <div id=\"flexAccordion-2-2-collapse\" class=\"panel-collapse collapse\" role=\"tabpanel\" aria-labelledby=\"flexAccordion-2-2-heading\">\n                <div class=\"panel-body\">\n                    <p style=\"text-align: justify;\" class=\"translation-block\">It must be submitted to the International Office no later than <strong>1 week after your return<\/strong>:<\/p>\n<ul style=\"text-align: justify;\">\n<li>Nachweis \u00fcber Lehrt\u00e4tigkeit\/Fortbildung (<strong>Formular 3<\/strong>)<\/li>\n<li>Online teacher report\/training report in Erasmus+ database (link will be sent by the National Agency)<\/li>\n<li>Original documents<\/li>\n<\/ul>\n<p style=\"text-align: justify;\">Angefallene <strong>Cost<\/strong> werden <strong>nach Vorlage<\/strong> der oben angef\u00fchrten Unterlagen durch die FH CAMPUS 02 <strong>r\u00fcckerstattet<\/strong>.<\/p>\n                <\/div>\n            <\/div>\n        <\/div>\n    <\/div>\n<\/div>","protected":false},"excerpt":{"rendered":"<p>OutgoingDerzeit steht f\u00fcr die FH CAMPUS 02 der Aufbau eines Kooperationsnetzwerkes in Europa im Vordergrund. Daher wird <a href=\"https:\/\/www.campus02.at\/en\/internationales\/personalmobilitaet\/outgoing\/\" class=\"more-link\">more&hellip;<\/a><\/p>","protected":false},"author":169,"featured_media":0,"parent":1644,"menu_order":0,"comment_status":"closed","ping_status":"closed","template":"","meta":{"_acf_changed":false,"footnotes":""},"coauthors":[1067,664],"class_list":["post-1647","page","type-page","status-publish","hentry"],"acf":[],"yoast_head":"<!-- This site is optimized with the Yoast SEO plugin v26.9 - https:\/\/yoast.com\/product\/yoast-seo-wordpress\/ -->\n<title>Outgoing - FH CAMPUS 02<\/title>\n<meta name=\"robots\" content=\"index, follow, max-snippet:-1, max-image-preview:large, max-video-preview:-1\" \/>\n<link rel=\"canonical\" href=\"https:\/\/www.campus02.at\/en\/internationales\/personalmobilitaet\/outgoing\/\" \/>\n<meta property=\"og:locale\" content=\"en_GB\" \/>\n<meta property=\"og:type\" content=\"article\" \/>\n<meta property=\"og:title\" content=\"Outgoing - FH CAMPUS 02\" \/>\n<meta property=\"og:description\" content=\"OutgoingDerzeit steht f\u00fcr die FH CAMPUS 02 der Aufbau eines Kooperationsnetzwerkes in Europa im Vordergrund. Daher wird more&hellip;\" \/>\n<meta property=\"og:url\" content=\"https:\/\/www.campus02.at\/en\/internationales\/personalmobilitaet\/outgoing\/\" \/>\n<meta property=\"og:site_name\" content=\"FH CAMPUS 02\" \/>\n<meta property=\"article:modified_time\" content=\"2022-06-13T13:00:19+00:00\" \/>\n<meta property=\"og:image\" content=\"https:\/\/www.campus02.at\/wp-content\/uploads\/2015\/10\/T_LEI2980.jpg\" \/>\n\t<meta property=\"og:image:width\" content=\"1200\" \/>\n\t<meta property=\"og:image:height\" content=\"630\" \/>\n\t<meta property=\"og:image:type\" content=\"image\/jpeg\" \/>\n<meta name=\"twitter:card\" content=\"summary_large_image\" \/>\n<meta name=\"twitter:label1\" content=\"Written by\" \/>\n\t<meta name=\"twitter:data1\" content=\"Zelenik Maja\" \/>\n<script type=\"application\/ld+json\" class=\"yoast-schema-graph\">{\"@context\":\"https:\/\/schema.org\",\"@graph\":[{\"@type\":\"WebPage\",\"@id\":\"https:\/\/www.campus02.at\/internationales\/personalmobilitaet\/outgoing\/\",\"url\":\"https:\/\/www.campus02.at\/internationales\/personalmobilitaet\/outgoing\/\",\"name\":\"Outgoing - FH CAMPUS 02\",\"isPartOf\":{\"@id\":\"https:\/\/www.campus02.at\/#website\"},\"datePublished\":\"2016-03-02T18:03:09+00:00\",\"dateModified\":\"2022-06-13T13:00:19+00:00\",\"breadcrumb\":{\"@id\":\"https:\/\/www.campus02.at\/internationales\/personalmobilitaet\/outgoing\/#breadcrumb\"},\"inLanguage\":\"en-GB\",\"potentialAction\":[{\"@type\":\"ReadAction\",\"target\":[\"https:\/\/www.campus02.at\/internationales\/personalmobilitaet\/outgoing\/\"]}]},{\"@type\":\"BreadcrumbList\",\"@id\":\"https:\/\/www.campus02.at\/internationales\/personalmobilitaet\/outgoing\/#breadcrumb\",\"itemListElement\":[{\"@type\":\"ListItem\",\"position\":1,\"name\":\"Startseite\",\"item\":\"https:\/\/www.campus02.at\/\"},{\"@type\":\"ListItem\",\"position\":2,\"name\":\"Internationales\",\"item\":\"https:\/\/www.campus02.at\/internationales\/\"},{\"@type\":\"ListItem\",\"position\":3,\"name\":\"Personalmobilit\u00e4t\",\"item\":\"https:\/\/www.campus02.at\/internationales\/personalmobilitaet\/\"},{\"@type\":\"ListItem\",\"position\":4,\"name\":\"Outgoing\"}]},{\"@type\":\"WebSite\",\"@id\":\"https:\/\/www.campus02.at\/#website\",\"url\":\"https:\/\/www.campus02.at\/\",\"name\":\"FH CAMPUS 02\",\"description\":\"\",\"publisher\":{\"@id\":\"https:\/\/www.campus02.at\/#organization\"},\"potentialAction\":[{\"@type\":\"SearchAction\",\"target\":{\"@type\":\"EntryPoint\",\"urlTemplate\":\"https:\/\/www.campus02.at\/?s={search_term_string}\"},\"query-input\":{\"@type\":\"PropertyValueSpecification\",\"valueRequired\":true,\"valueName\":\"search_term_string\"}}],\"inLanguage\":\"en-GB\"},{\"@type\":\"Organization\",\"@id\":\"https:\/\/www.campus02.at\/#organization\",\"name\":\"FH CAMPUS 02\",\"url\":\"https:\/\/www.campus02.at\/\",\"logo\":{\"@type\":\"ImageObject\",\"inLanguage\":\"en-GB\",\"@id\":\"https:\/\/www.campus02.at\/#\/schema\/logo\/image\/\",\"url\":\"https:\/\/www.campus02.at\/wp-content\/uploads\/2016\/10\/Logo.jpg\",\"contentUrl\":\"https:\/\/www.campus02.at\/wp-content\/uploads\/2016\/10\/Logo.jpg\",\"width\":1108,\"height\":440,\"caption\":\"FH CAMPUS 02\"},\"image\":{\"@id\":\"https:\/\/www.campus02.at\/#\/schema\/logo\/image\/\"}}]}<\/script>\n<!-- \/ Yoast SEO plugin. -->","yoast_head_json":{"title":"Outgoing - FH CAMPUS 02","robots":{"index":"index","follow":"follow","max-snippet":"max-snippet:-1","max-image-preview":"max-image-preview:large","max-video-preview":"max-video-preview:-1"},"canonical":"https:\/\/www.campus02.at\/en\/internationales\/personalmobilitaet\/outgoing\/","og_locale":"en_GB","og_type":"article","og_title":"Outgoing - FH CAMPUS 02","og_description":"OutgoingDerzeit steht f\u00fcr die FH CAMPUS 02 der Aufbau eines Kooperationsnetzwerkes in Europa im Vordergrund. Daher wird more&hellip;","og_url":"https:\/\/www.campus02.at\/en\/internationales\/personalmobilitaet\/outgoing\/","og_site_name":"FH CAMPUS 02","article_modified_time":"2022-06-13T13:00:19+00:00","og_image":[{"width":1200,"height":630,"url":"https:\/\/www.campus02.at\/wp-content\/uploads\/2015\/10\/T_LEI2980.jpg","type":"image\/jpeg"}],"twitter_card":"summary_large_image","twitter_misc":{"Written by":"Zelenik Maja"},"schema":{"@context":"https:\/\/schema.org","@graph":[{"@type":"WebPage","@id":"https:\/\/www.campus02.at\/internationales\/personalmobilitaet\/outgoing\/","url":"https:\/\/www.campus02.at\/internationales\/personalmobilitaet\/outgoing\/","name":"Outgoing - FH CAMPUS 02","isPartOf":{"@id":"https:\/\/www.campus02.at\/#website"},"datePublished":"2016-03-02T18:03:09+00:00","dateModified":"2022-06-13T13:00:19+00:00","breadcrumb":{"@id":"https:\/\/www.campus02.at\/internationales\/personalmobilitaet\/outgoing\/#breadcrumb"},"inLanguage":"en-GB","potentialAction":[{"@type":"ReadAction","target":["https:\/\/www.campus02.at\/internationales\/personalmobilitaet\/outgoing\/"]}]},{"@type":"BreadcrumbList","@id":"https:\/\/www.campus02.at\/internationales\/personalmobilitaet\/outgoing\/#breadcrumb","itemListElement":[{"@type":"ListItem","position":1,"name":"Startseite","item":"https:\/\/www.campus02.at\/"},{"@type":"ListItem","position":2,"name":"Internationales","item":"https:\/\/www.campus02.at\/internationales\/"},{"@type":"ListItem","position":3,"name":"Personalmobilit\u00e4t","item":"https:\/\/www.campus02.at\/internationales\/personalmobilitaet\/"},{"@type":"ListItem","position":4,"name":"Outgoing"}]},{"@type":"WebSite","@id":"https:\/\/www.campus02.at\/#website","url":"https:\/\/www.campus02.at\/","name":"CAMPUS 02 UAS","description":"","publisher":{"@id":"https:\/\/www.campus02.at\/#organization"},"potentialAction":[{"@type":"SearchAction","target":{"@type":"EntryPoint","urlTemplate":"https:\/\/www.campus02.at\/?s={search_term_string}"},"query-input":{"@type":"PropertyValueSpecification","valueRequired":true,"valueName":"search_term_string"}}],"inLanguage":"en-GB"},{"@type":"Organization","@id":"https:\/\/www.campus02.at\/#organization","name":"CAMPUS 02 UAS","url":"https:\/\/www.campus02.at\/","logo":{"@type":"ImageObject","inLanguage":"en-GB","@id":"https:\/\/www.campus02.at\/#\/schema\/logo\/image\/","url":"https:\/\/www.campus02.at\/wp-content\/uploads\/2016\/10\/Logo.jpg","contentUrl":"https:\/\/www.campus02.at\/wp-content\/uploads\/2016\/10\/Logo.jpg","width":1108,"height":440,"caption":"FH CAMPUS 02"},"image":{"@id":"https:\/\/www.campus02.at\/#\/schema\/logo\/image\/"}}]}},"_links":{"self":[{"href":"https:\/\/www.campus02.at\/en\/wp-json\/wp\/v2\/pages\/1647","targetHints":{"allow":["GET"]}}],"collection":[{"href":"https:\/\/www.campus02.at\/en\/wp-json\/wp\/v2\/pages"}],"about":[{"href":"https:\/\/www.campus02.at\/en\/wp-json\/wp\/v2\/types\/page"}],"author":[{"embeddable":true,"href":"https:\/\/www.campus02.at\/en\/wp-json\/wp\/v2\/users\/169"}],"replies":[{"embeddable":true,"href":"https:\/\/www.campus02.at\/en\/wp-json\/wp\/v2\/comments?post=1647"}],"version-history":[{"count":8,"href":"https:\/\/www.campus02.at\/en\/wp-json\/wp\/v2\/pages\/1647\/revisions"}],"predecessor-version":[{"id":118381,"href":"https:\/\/www.campus02.at\/en\/wp-json\/wp\/v2\/pages\/1647\/revisions\/118381"}],"up":[{"embeddable":true,"href":"https:\/\/www.campus02.at\/en\/wp-json\/wp\/v2\/pages\/1644"}],"wp:attachment":[{"href":"https:\/\/www.campus02.at\/en\/wp-json\/wp\/v2\/media?parent=1647"}],"wp:term":[{"taxonomy":"author","embeddable":true,"href":"https:\/\/www.campus02.at\/en\/wp-json\/wp\/v2\/coauthors?post=1647"}],"curies":[{"name":"wp","href":"https:\/\/api.w.org\/{rel}","templated":true}]}}