{"id":159562,"date":"2025-08-12T14:45:24","date_gmt":"2025-08-12T12:45:24","guid":{"rendered":"https:\/\/www.campus02.at\/?page_id=159562"},"modified":"2025-08-13T12:50:20","modified_gmt":"2025-08-13T10:50:20","slug":"barrierefreiheitserklaerung","status":"publish","type":"page","link":"https:\/\/www.campus02.at\/en\/unsere-hochschule\/zentrale-services\/gender-diversity-management\/barrierefreiheit\/barrierefreiheitserklaerung\/","title":{"rendered":"Barrierefreiheitserkl\u00e4rung"},"content":{"rendered":"<div data-elementor-type=\"wp-page\" data-elementor-id=\"159562\" class=\"elementor elementor-159562\" data-elementor-post-type=\"page\">\n\t\t\t\t<div class=\"elementor-element elementor-element-67b1a5bf e-con-full e-flex e-con e-parent\" data-id=\"67b1a5bf\" data-element_type=\"container\">\n\t\t\t\t<div class=\"elementor-element elementor-element-798b3d02 elementor-widget elementor-widget-image\" data-id=\"798b3d02\" data-element_type=\"widget\" data-widget_type=\"image.default\">\n\t\t\t\t<div class=\"elementor-widget-container\">\n\t\t\t\t\t\t\t\t\t\t\t\t\t<img fetchpriority=\"high\" decoding=\"async\" width=\"1920\" height=\"400\" src=\"https:\/\/www.campus02.at\/wp-content\/uploads\/2016\/10\/LEI5782_Header-1920x400.jpg\" class=\"attachment-campus_large_hd size-campus_large_hd wp-image-7964\" alt=\"Geb\u00e4ude der FH Campus 02\" srcset=\"https:\/\/www.campus02.at\/wp-content\/uploads\/2016\/10\/LEI5782_Header-1920x400.jpg 1920w, https:\/\/www.campus02.at\/wp-content\/uploads\/2016\/10\/LEI5782_Header-300x62.jpg 300w, https:\/\/www.campus02.at\/wp-content\/uploads\/2016\/10\/LEI5782_Header-1024x213.jpg 1024w\" sizes=\"(max-width: 1920px) 100vw, 1920px\" \/>\t\t\t\t\t\t\t\t\t\t\t\t\t<\/div>\n\t\t\t\t<\/div>\n\t\t\t\t<\/div>\n\t\t<div class=\"elementor-element elementor-element-c196b45 e-flex e-con-boxed e-con e-parent\" data-id=\"c196b45\" data-element_type=\"container\">\n\t\t\t\t\t<div class=\"e-con-inner\">\n\t\t<div class=\"elementor-element elementor-element-238858d e-con-full e-flex e-con e-child\" data-id=\"238858d\" data-element_type=\"container\">\n\t\t\t\t<div class=\"elementor-element elementor-element-3d41f55 elementor-widget elementor-widget-heading\" data-id=\"3d41f55\" data-element_type=\"widget\" data-widget_type=\"heading.default\">\n\t\t\t\t<div class=\"elementor-widget-container\">\n\t\t\t<h1 class=\"elementor-heading-title elementor-size-default\">Declaration on accessibility<\/h1>\t\t<\/div>\n\t\t\t\t<\/div>\n\t\t\t\t<div class=\"elementor-element elementor-element-796e70d elementor-widget elementor-widget-text-editor\" data-id=\"796e70d\" data-element_type=\"widget\" data-widget_type=\"text-editor.default\">\n\t\t\t\t<div class=\"elementor-widget-container\">\n\t\t\t\t\t\t\t<p class=\"translation-block\">CAMPUS 02 UAS endeavours to make its website <span style=\"text-decoration: underline\"><strong><a href=\"https:\/\/www.campus02.at\/en\/\" target=\"_self\">www.campus02.at<\/a><\/strong><\/span> accessible in accordance with the Web Accessibility Act (WZG) as amended for the implementation of Directive (EU) 2016\/2102 of the European Parliament and of the Council of 26 October 2016 on the accessibility of the websites and mobile applications of public sector bodies and the Accessibility Act (BaFG).<\/p><p><strong>Status of compatibility with the requirements<\/strong><br \/>This website is partially accessible in accordance with the Web Content Accessibility Guidelines (WCAG) 2.1 at compliance level AA. We plan to successively rectify the accessibility deficiencies.<\/p><p><strong>Preparation of this declaration<\/strong><br \/>This declaration was last revised on 12\/08\/2025. The evaluation of the website was based on a self-assessment by CAMPUS 02 UAS.<\/p><p><strong>Content that is not accessible<\/strong><br \/>The contents listed below are not barrier-free for the following reasons:<\/p><p><em>Reason: Incompatibility with accessibility regulations<\/em><\/p><ul><li>Not all images on the website have an alternative text. For some images, this is available but not useful. Font icons integrated as CSS content are not always correctly hidden or labelled, which is why they cannot always be correctly recognised by screen readers.<\/li><li>Embedded videos do not always have a sufficient text description.<\/li><li>Files with office application formats (e.g. PDF and MS Office files) are only partially accessible. When new editions of the documents are published, attention is paid to the fulfilment of accessibility requirements.<\/li><li>There are deficiencies in the keyboard operability of components, which will be rectified as part of future adaptations to our website.<\/li><\/ul><p><em>Reason: Exceptions due to disproportionate workload<\/em><\/p><ul><li>Some videos that are to be regarded as additional content do not have an audio description, as the basic information can also be found in text form on the website.<\/li><li>Print publications can be downloaded in PDF form from the website (e.g. series of publications). These are not fully accessible. Here, too, content is presented that is also available in summarised text form on the website. For newer publications, we endeavour to implement the accessibility requirements. In the case of older publications, the effort involved represents a disproportionate burden in terms of accessibility regulations.<\/li><\/ul><p><em>Reason: Not within the scope of the legislation<\/em><\/p><ul><li>The website offers files with office application formats (e.g. PDF) for download that were published before September 2018. These do not fall within the scope of the applicable legislation due to their lack of administrative relevance.<\/li><li>The website contains recorded time-based media, such as video and audio media, which were published before September 2020. These also do not fall within the scope of the applicable legislation.<\/li><li>Third-party content that was neither financed nor developed by CAMPUS 02 UAS and is therefore not under its control.<\/li><li>Content that is considered archives and therefore only contains information that is neither required for ongoing administrative procedures nor has been updated or revised since September 2019.<\/li><\/ul><p><strong>Feedback and contact<\/strong><br \/>If you notice any barriers on our website, please contact us. We will endeavour to rectify these as quickly as possible.<br \/>Please describe the problem and provide the URL(s) of the relevant website or document: <a href=\"mailto:diversity@campus02.at\"><span style=\"text-decoration: underline;\"><strong>diversity@campus02.at<\/strong><\/span><\/a><\/p><p><strong>Enforcement procedure<\/strong><br \/>If you do not receive a satisfactory response from the above contact option, you can submit a complaint to the Austrian Research Promotion Agency (FFG). The FFG accepts complaints electronically via the contact form.<\/p><p><a href=\"https:\/\/www.digitalbarrierefrei.at\/en\/submit-a-complaint\/contact-form-federal-complaints-office\"><span style=\"text-decoration: underline;\"><strong>Contact form for the complaints office<\/strong><\/span><\/a><\/p><p>Die Beschwerden werden von der FFG dahingehend gepr\u00fcft, ob sie sich auf Verst\u00f6\u00dfe gegen die Vorgaben des Web-Zug\u00e4nglichkeits-Gesetzes, insbesondere M\u00e4ngel bei der Einhaltung der Barrierefreiheits\u00adanforderungen, durch den Bund oder einer ihm zuordenbaren Einrichtung beziehen.<br \/>Sofern die Beschwerde berechtigt ist, hat die FFG Handlungsempfehlungen auszusprechen und Ma\u00dfnahmen vorzuschlagen, die der Beseitigung der vorliegenden M\u00e4ngel dienen.<\/p>\t\t\t\t\t\t<\/div>\n\t\t\t\t<\/div>\n\t\t\t\t<\/div>\n\t\t\t\t\t<\/div>\n\t\t\t\t<\/div>\n\t\t\t\t<\/div>","protected":false},"excerpt":{"rendered":"<p>Barrierefreiheits&shy;erkl\u00e4rung Die FH CAMPUS 02 ist bem\u00fcht, ihre Website www.campus02.at im Einklang mit dem <a href=\"https:\/\/www.campus02.at\/en\/unsere-hochschule\/zentrale-services\/gender-diversity-management\/barrierefreiheit\/barrierefreiheitserklaerung\/\" class=\"more-link\">more&hellip;<\/a><\/p>","protected":false},"author":182,"featured_media":0,"parent":1455,"menu_order":0,"comment_status":"closed","ping_status":"closed","template":"elementor_header_footer","meta":{"_acf_changed":false,"footnotes":""},"coauthors":[1124],"class_list":["post-159562","page","type-page","status-publish","hentry"],"acf":[],"yoast_head":"<!-- This site is optimized with the Yoast SEO plugin v26.9 - https:\/\/yoast.com\/product\/yoast-seo-wordpress\/ -->\n<title>Barrierefreiheitserkl\u00e4rung - FH CAMPUS 02<\/title>\n<meta name=\"robots\" content=\"index, follow, max-snippet:-1, max-image-preview:large, max-video-preview:-1\" \/>\n<link rel=\"canonical\" href=\"https:\/\/www.campus02.at\/en\/unsere-hochschule\/zentrale-services\/gender-diversity-management\/barrierefreiheit\/barrierefreiheitserklaerung\/\" \/>\n<meta property=\"og:locale\" content=\"en_GB\" \/>\n<meta property=\"og:type\" content=\"article\" \/>\n<meta property=\"og:title\" content=\"Barrierefreiheitserkl\u00e4rung - FH CAMPUS 02\" \/>\n<meta property=\"og:description\" content=\"Barrierefreiheits&shy;erkl\u00e4rung Die FH CAMPUS 02 ist bem\u00fcht, ihre Website www.campus02.at im Einklang mit dem more&hellip;\" \/>\n<meta property=\"og:url\" content=\"https:\/\/www.campus02.at\/en\/unsere-hochschule\/zentrale-services\/gender-diversity-management\/barrierefreiheit\/barrierefreiheitserklaerung\/\" \/>\n<meta property=\"og:site_name\" content=\"FH CAMPUS 02\" \/>\n<meta property=\"article:modified_time\" content=\"2025-08-13T10:50:20+00:00\" \/>\n<meta property=\"og:image\" content=\"https:\/\/www.campus02.at\/wp-content\/uploads\/2016\/10\/LEI5782_Header-1024x213.jpg\" \/>\n\t<meta property=\"og:image:width\" content=\"1024\" \/>\n\t<meta property=\"og:image:height\" content=\"213\" \/>\n\t<meta property=\"og:image:type\" content=\"image\/jpeg\" \/>\n<meta name=\"twitter:card\" content=\"summary_large_image\" \/>\n<meta name=\"twitter:label1\" content=\"Estimated reading time\" \/>\n\t<meta name=\"twitter:data1\" content=\"4 minutes\" \/>\n\t<meta name=\"twitter:label2\" content=\"Written by\" \/>\n\t<meta name=\"twitter:data2\" content=\"Bendl Claudia\" \/>\n<script type=\"application\/ld+json\" class=\"yoast-schema-graph\">{\"@context\":\"https:\/\/schema.org\",\"@graph\":[{\"@type\":\"WebPage\",\"@id\":\"https:\/\/www.campus02.at\/unsere-hochschule\/zentrale-services\/gender-diversity-management\/barrierefreiheit\/barrierefreiheitserklaerung\/\",\"url\":\"https:\/\/www.campus02.at\/unsere-hochschule\/zentrale-services\/gender-diversity-management\/barrierefreiheit\/barrierefreiheitserklaerung\/\",\"name\":\"Barrierefreiheitserkl\u00e4rung - FH CAMPUS 02\",\"isPartOf\":{\"@id\":\"https:\/\/www.campus02.at\/#website\"},\"primaryImageOfPage\":{\"@id\":\"https:\/\/www.campus02.at\/unsere-hochschule\/zentrale-services\/gender-diversity-management\/barrierefreiheit\/barrierefreiheitserklaerung\/#primaryimage\"},\"image\":{\"@id\":\"https:\/\/www.campus02.at\/unsere-hochschule\/zentrale-services\/gender-diversity-management\/barrierefreiheit\/barrierefreiheitserklaerung\/#primaryimage\"},\"thumbnailUrl\":\"https:\/\/www.campus02.at\/wp-content\/uploads\/2016\/10\/LEI5782_Header-1920x400.jpg\",\"datePublished\":\"2025-08-12T12:45:24+00:00\",\"dateModified\":\"2025-08-13T10:50:20+00:00\",\"breadcrumb\":{\"@id\":\"https:\/\/www.campus02.at\/unsere-hochschule\/zentrale-services\/gender-diversity-management\/barrierefreiheit\/barrierefreiheitserklaerung\/#breadcrumb\"},\"inLanguage\":\"en-GB\",\"potentialAction\":[{\"@type\":\"ReadAction\",\"target\":[\"https:\/\/www.campus02.at\/unsere-hochschule\/zentrale-services\/gender-diversity-management\/barrierefreiheit\/barrierefreiheitserklaerung\/\"]}]},{\"@type\":\"ImageObject\",\"inLanguage\":\"en-GB\",\"@id\":\"https:\/\/www.campus02.at\/unsere-hochschule\/zentrale-services\/gender-diversity-management\/barrierefreiheit\/barrierefreiheitserklaerung\/#primaryimage\",\"url\":\"https:\/\/www.campus02.at\/wp-content\/uploads\/2016\/10\/LEI5782_Header-1920x400.jpg\",\"contentUrl\":\"https:\/\/www.campus02.at\/wp-content\/uploads\/2016\/10\/LEI5782_Header-1920x400.jpg\"},{\"@type\":\"BreadcrumbList\",\"@id\":\"https:\/\/www.campus02.at\/unsere-hochschule\/zentrale-services\/gender-diversity-management\/barrierefreiheit\/barrierefreiheitserklaerung\/#breadcrumb\",\"itemListElement\":[{\"@type\":\"ListItem\",\"position\":1,\"name\":\"Startseite\",\"item\":\"https:\/\/www.campus02.at\/\"},{\"@type\":\"ListItem\",\"position\":2,\"name\":\"Organisation\",\"item\":\"https:\/\/www.campus02.at\/unsere-hochschule\/\"},{\"@type\":\"ListItem\",\"position\":3,\"name\":\"Zentrale Services\",\"item\":\"https:\/\/www.campus02.at\/unsere-hochschule\/zentrale-services\/\"},{\"@type\":\"ListItem\",\"position\":4,\"name\":\"Gender &#038; Diversity Management\",\"item\":\"https:\/\/www.campus02.at\/unsere-hochschule\/zentrale-services\/gender-diversity-management\/\"},{\"@type\":\"ListItem\",\"position\":5,\"name\":\"Barrierefreiheit\",\"item\":\"https:\/\/www.campus02.at\/unsere-hochschule\/zentrale-services\/gender-diversity-management\/barrierefreiheit\/\"},{\"@type\":\"ListItem\",\"position\":6,\"name\":\"Barrierefreiheitserkl\u00e4rung\"}]},{\"@type\":\"WebSite\",\"@id\":\"https:\/\/www.campus02.at\/#website\",\"url\":\"https:\/\/www.campus02.at\/\",\"name\":\"FH CAMPUS 02\",\"description\":\"\",\"publisher\":{\"@id\":\"https:\/\/www.campus02.at\/#organization\"},\"potentialAction\":[{\"@type\":\"SearchAction\",\"target\":{\"@type\":\"EntryPoint\",\"urlTemplate\":\"https:\/\/www.campus02.at\/?s={search_term_string}\"},\"query-input\":{\"@type\":\"PropertyValueSpecification\",\"valueRequired\":true,\"valueName\":\"search_term_string\"}}],\"inLanguage\":\"en-GB\"},{\"@type\":\"Organization\",\"@id\":\"https:\/\/www.campus02.at\/#organization\",\"name\":\"FH CAMPUS 02\",\"url\":\"https:\/\/www.campus02.at\/\",\"logo\":{\"@type\":\"ImageObject\",\"inLanguage\":\"en-GB\",\"@id\":\"https:\/\/www.campus02.at\/#\/schema\/logo\/image\/\",\"url\":\"https:\/\/www.campus02.at\/wp-content\/uploads\/2016\/10\/Logo.jpg\",\"contentUrl\":\"https:\/\/www.campus02.at\/wp-content\/uploads\/2016\/10\/Logo.jpg\",\"width\":1108,\"height\":440,\"caption\":\"FH CAMPUS 02\"},\"image\":{\"@id\":\"https:\/\/www.campus02.at\/#\/schema\/logo\/image\/\"}}]}<\/script>\n<!-- \/ Yoast SEO plugin. -->","yoast_head_json":{"title":"Barrierefreiheitserkl\u00e4rung - FH CAMPUS 02","robots":{"index":"index","follow":"follow","max-snippet":"max-snippet:-1","max-image-preview":"max-image-preview:large","max-video-preview":"max-video-preview:-1"},"canonical":"https:\/\/www.campus02.at\/en\/unsere-hochschule\/zentrale-services\/gender-diversity-management\/barrierefreiheit\/barrierefreiheitserklaerung\/","og_locale":"en_GB","og_type":"article","og_title":"Barrierefreiheitserkl\u00e4rung - FH CAMPUS 02","og_description":"Barrierefreiheits&shy;erkl\u00e4rung Die FH CAMPUS 02 ist bem\u00fcht, ihre Website www.campus02.at im Einklang mit dem more&hellip;","og_url":"https:\/\/www.campus02.at\/en\/unsere-hochschule\/zentrale-services\/gender-diversity-management\/barrierefreiheit\/barrierefreiheitserklaerung\/","og_site_name":"FH CAMPUS 02","article_modified_time":"2025-08-13T10:50:20+00:00","og_image":[{"width":1024,"height":213,"url":"https:\/\/www.campus02.at\/wp-content\/uploads\/2016\/10\/LEI5782_Header-1024x213.jpg","type":"image\/jpeg"}],"twitter_card":"summary_large_image","twitter_misc":{"Estimated reading time":"4 minutes","Written by":"Bendl Claudia"},"schema":{"@context":"https:\/\/schema.org","@graph":[{"@type":"WebPage","@id":"https:\/\/www.campus02.at\/unsere-hochschule\/zentrale-services\/gender-diversity-management\/barrierefreiheit\/barrierefreiheitserklaerung\/","url":"https:\/\/www.campus02.at\/unsere-hochschule\/zentrale-services\/gender-diversity-management\/barrierefreiheit\/barrierefreiheitserklaerung\/","name":"Barrierefreiheitserkl\u00e4rung - FH CAMPUS 02","isPartOf":{"@id":"https:\/\/www.campus02.at\/#website"},"primaryImageOfPage":{"@id":"https:\/\/www.campus02.at\/unsere-hochschule\/zentrale-services\/gender-diversity-management\/barrierefreiheit\/barrierefreiheitserklaerung\/#primaryimage"},"image":{"@id":"https:\/\/www.campus02.at\/unsere-hochschule\/zentrale-services\/gender-diversity-management\/barrierefreiheit\/barrierefreiheitserklaerung\/#primaryimage"},"thumbnailUrl":"https:\/\/www.campus02.at\/wp-content\/uploads\/2016\/10\/LEI5782_Header-1920x400.jpg","datePublished":"2025-08-12T12:45:24+00:00","dateModified":"2025-08-13T10:50:20+00:00","breadcrumb":{"@id":"https:\/\/www.campus02.at\/unsere-hochschule\/zentrale-services\/gender-diversity-management\/barrierefreiheit\/barrierefreiheitserklaerung\/#breadcrumb"},"inLanguage":"en-GB","potentialAction":[{"@type":"ReadAction","target":["https:\/\/www.campus02.at\/unsere-hochschule\/zentrale-services\/gender-diversity-management\/barrierefreiheit\/barrierefreiheitserklaerung\/"]}]},{"@type":"ImageObject","inLanguage":"en-GB","@id":"https:\/\/www.campus02.at\/unsere-hochschule\/zentrale-services\/gender-diversity-management\/barrierefreiheit\/barrierefreiheitserklaerung\/#primaryimage","url":"https:\/\/www.campus02.at\/wp-content\/uploads\/2016\/10\/LEI5782_Header-1920x400.jpg","contentUrl":"https:\/\/www.campus02.at\/wp-content\/uploads\/2016\/10\/LEI5782_Header-1920x400.jpg"},{"@type":"BreadcrumbList","@id":"https:\/\/www.campus02.at\/unsere-hochschule\/zentrale-services\/gender-diversity-management\/barrierefreiheit\/barrierefreiheitserklaerung\/#breadcrumb","itemListElement":[{"@type":"ListItem","position":1,"name":"Startseite","item":"https:\/\/www.campus02.at\/"},{"@type":"ListItem","position":2,"name":"Organisation","item":"https:\/\/www.campus02.at\/unsere-hochschule\/"},{"@type":"ListItem","position":3,"name":"Zentrale Services","item":"https:\/\/www.campus02.at\/unsere-hochschule\/zentrale-services\/"},{"@type":"ListItem","position":4,"name":"Gender &#038; Diversity Management","item":"https:\/\/www.campus02.at\/unsere-hochschule\/zentrale-services\/gender-diversity-management\/"},{"@type":"ListItem","position":5,"name":"Barrierefreiheit","item":"https:\/\/www.campus02.at\/unsere-hochschule\/zentrale-services\/gender-diversity-management\/barrierefreiheit\/"},{"@type":"ListItem","position":6,"name":"Barrierefreiheitserkl\u00e4rung"}]},{"@type":"WebSite","@id":"https:\/\/www.campus02.at\/#website","url":"https:\/\/www.campus02.at\/","name":"CAMPUS 02 UAS","description":"","publisher":{"@id":"https:\/\/www.campus02.at\/#organization"},"potentialAction":[{"@type":"SearchAction","target":{"@type":"EntryPoint","urlTemplate":"https:\/\/www.campus02.at\/?s={search_term_string}"},"query-input":{"@type":"PropertyValueSpecification","valueRequired":true,"valueName":"search_term_string"}}],"inLanguage":"en-GB"},{"@type":"Organization","@id":"https:\/\/www.campus02.at\/#organization","name":"CAMPUS 02 UAS","url":"https:\/\/www.campus02.at\/","logo":{"@type":"ImageObject","inLanguage":"en-GB","@id":"https:\/\/www.campus02.at\/#\/schema\/logo\/image\/","url":"https:\/\/www.campus02.at\/wp-content\/uploads\/2016\/10\/Logo.jpg","contentUrl":"https:\/\/www.campus02.at\/wp-content\/uploads\/2016\/10\/Logo.jpg","width":1108,"height":440,"caption":"FH CAMPUS 02"},"image":{"@id":"https:\/\/www.campus02.at\/#\/schema\/logo\/image\/"}}]}},"_links":{"self":[{"href":"https:\/\/www.campus02.at\/en\/wp-json\/wp\/v2\/pages\/159562","targetHints":{"allow":["GET"]}}],"collection":[{"href":"https:\/\/www.campus02.at\/en\/wp-json\/wp\/v2\/pages"}],"about":[{"href":"https:\/\/www.campus02.at\/en\/wp-json\/wp\/v2\/types\/page"}],"author":[{"embeddable":true,"href":"https:\/\/www.campus02.at\/en\/wp-json\/wp\/v2\/users\/182"}],"replies":[{"embeddable":true,"href":"https:\/\/www.campus02.at\/en\/wp-json\/wp\/v2\/comments?post=159562"}],"version-history":[{"count":7,"href":"https:\/\/www.campus02.at\/en\/wp-json\/wp\/v2\/pages\/159562\/revisions"}],"predecessor-version":[{"id":159574,"href":"https:\/\/www.campus02.at\/en\/wp-json\/wp\/v2\/pages\/159562\/revisions\/159574"}],"up":[{"embeddable":true,"href":"https:\/\/www.campus02.at\/en\/wp-json\/wp\/v2\/pages\/1455"}],"wp:attachment":[{"href":"https:\/\/www.campus02.at\/en\/wp-json\/wp\/v2\/media?parent=159562"}],"wp:term":[{"taxonomy":"author","embeddable":true,"href":"https:\/\/www.campus02.at\/en\/wp-json\/wp\/v2\/coauthors?post=159562"}],"curies":[{"name":"wp","href":"https:\/\/api.w.org\/{rel}","templated":true}]}}