{"id":1553,"date":"2016-03-02T18:48:47","date_gmt":"2016-03-02T17:48:47","guid":{"rendered":"https:\/\/www.campus02.at\/?page_id=1553"},"modified":"2024-08-06T17:00:17","modified_gmt":"2024-08-06T15:00:17","slug":"psychologische-beratung","status":"publish","type":"page","link":"https:\/\/www.campus02.at\/en\/services-studierende\/psychologische-beratung\/","title":{"rendered":"Psychological Counselling"},"content":{"rendered":"<div data-elementor-type=\"wp-page\" data-elementor-id=\"1553\" class=\"elementor elementor-1553\" data-elementor-post-type=\"page\">\n\t\t\t\t<div class=\"elementor-element elementor-element-4be1d2f8 e-con-full e-flex e-con e-parent\" data-id=\"4be1d2f8\" data-element_type=\"container\">\n\t\t\t\t<div class=\"elementor-element elementor-element-635e571f elementor-widget elementor-widget-image\" data-id=\"635e571f\" data-element_type=\"widget\" data-widget_type=\"image.default\">\n\t\t\t\t<div class=\"elementor-widget-container\">\n\t\t\t\t\t\t\t\t\t\t\t\t\t<img fetchpriority=\"high\" decoding=\"async\" width=\"1050\" height=\"450\" src=\"https:\/\/www.campus02.at\/wp-content\/uploads\/2024\/08\/Headerbild-Psychologische-Beratung-2.png\" class=\"attachment-campus_large_hd size-campus_large_hd wp-image-149648\" alt=\"gem\u00fctlicher Raum\" srcset=\"https:\/\/www.campus02.at\/wp-content\/uploads\/2024\/08\/Headerbild-Psychologische-Beratung-2.png 1050w, https:\/\/www.campus02.at\/wp-content\/uploads\/2024\/08\/Headerbild-Psychologische-Beratung-2-300x129.png 300w, https:\/\/www.campus02.at\/wp-content\/uploads\/2024\/08\/Headerbild-Psychologische-Beratung-2-1024x439.png 1024w, https:\/\/www.campus02.at\/wp-content\/uploads\/2024\/08\/Headerbild-Psychologische-Beratung-2-768x329.png 768w, https:\/\/www.campus02.at\/wp-content\/uploads\/2024\/08\/Headerbild-Psychologische-Beratung-2-18x8.png 18w\" sizes=\"(max-width: 1050px) 100vw, 1050px\" \/>\t\t\t\t\t\t\t\t\t\t\t\t\t<\/div>\n\t\t\t\t<\/div>\n\t\t\t\t<\/div>\n\t\t<div class=\"elementor-element elementor-element-37e6ebc e-flex e-con-boxed e-con e-parent\" data-id=\"37e6ebc\" data-element_type=\"container\">\n\t\t\t\t\t<div class=\"e-con-inner\">\n\t\t<div class=\"elementor-element elementor-element-48cec7c e-flex e-con-boxed e-con e-child\" data-id=\"48cec7c\" data-element_type=\"container\">\n\t\t\t\t\t<div class=\"e-con-inner\">\n\t\t<div class=\"elementor-element elementor-element-2e476d7a e-con-full e-flex e-con e-child\" data-id=\"2e476d7a\" data-element_type=\"container\">\n\t\t\t\t<div class=\"elementor-element elementor-element-5afb5d0e elementor-widget elementor-widget-heading\" data-id=\"5afb5d0e\" data-element_type=\"widget\" data-widget_type=\"heading.default\">\n\t\t\t\t<div class=\"elementor-widget-container\">\n\t\t\t<div class=\"elementor-heading-title elementor-size-default\">Services for students<\/div>\t\t<\/div>\n\t\t\t\t<\/div>\n\t\t\t\t<div class=\"elementor-element elementor-element-7de3e6c9 elementor-widget elementor-widget-heading\" data-id=\"7de3e6c9\" data-element_type=\"widget\" data-widget_type=\"heading.default\">\n\t\t\t\t<div class=\"elementor-widget-container\">\n\t\t\t<h1 class=\"elementor-heading-title elementor-size-default\">Psychological Counselling<\/h1>\t\t<\/div>\n\t\t\t\t<\/div>\n\t\t\t\t<\/div>\n\t\t\t\t<div class=\"elementor-element elementor-element-313bdc2a elementor-widget elementor-widget-text-editor\" data-id=\"313bdc2a\" data-element_type=\"widget\" data-widget_type=\"text-editor.default\">\n\t\t\t\t<div class=\"elementor-widget-container\">\n\t\t\t\t\t\t\t<p>Die FH CAMPUS 02 und \u00d6H FH CAMPUS 02 unterst\u00fctzen die Studierenden in stressigen Zeiten sowie in belastenden Situationen. Ziel ist es, immer dann unterst\u00fctzend zur Seite zu stehen, wenn beim Studium Probleme oder Belastungen auftreten, die alleine nicht mehr gel\u00f6st werden k\u00f6nnen. Psychologische Hilfe steht den Studierenden zur Verf\u00fcgung, wenn die Mehrfachbelastung durch das Studium, die Berufst\u00e4tigkeit und\/oder Konflikten mit Familie oder Freund*innen \u00fcberhand nimmt.<\/p><p>\u00a0<\/p><p>Psychische Belastungen sind kein Schicksal \u2013 z\u00f6gern Sie deshalb nicht, eine Beratung zu beginnen, wenn Ihnen folgende Situationen bekannt erscheinen:<\/p><ul><li>Schwierigkeiten, das Studium selbst zu organisieren<\/li><li>Arbeits- und Konzentrations\u00adschwierigkeiten<\/li><li>Stressbedingte gesundheitliche Beschwerden<\/li><li>Fehlende Studienmotivation<\/li><li>Mangelndes Selbstwertgef\u00fchl<\/li><li>Depressive Stimmungen<\/li><li>Kontaktschwierigkeiten<\/li><li>Existenz\u00e4ngste<\/li><li>Versagens\u00e4ngste\/ Pr\u00fcfungsangst<\/li><\/ul>\t\t\t\t\t\t<\/div>\n\t\t\t\t<\/div>\n\t\t\t\t<div class=\"elementor-element elementor-element-07ee74d elementor-widget elementor-widget-text-editor\" data-id=\"07ee74d\" data-element_type=\"widget\" data-widget_type=\"text-editor.default\">\n\t\t\t\t<div class=\"elementor-widget-container\">\n\t\t\t\t\t\t\t<p>Die FH CAMPUS 02 und \u00d6H FH CAMPUS 02 erm\u00f6glichen den Studierenden, die Online-Beratung bei <strong>Instahelp<\/strong> <strong>f\u00fcr vier Wochen kostenlos<\/strong> in Anspruch zu nehmen.<\/p>\t\t\t\t\t\t<\/div>\n\t\t\t\t<\/div>\n\t\t\t\t\t<\/div>\n\t\t\t\t<\/div>\n\t\t\t\t\t<\/div>\n\t\t\t\t<\/div>\n\t\t<div class=\"elementor-element elementor-element-38a0a6d4 e-flex e-con-boxed e-con e-parent\" data-id=\"38a0a6d4\" data-element_type=\"container\" id=\"schwerpunkte\">\n\t\t\t\t\t<div class=\"e-con-inner\">\n\t\t<div class=\"elementor-element elementor-element-9af0da6 e-con-full elementor-hidden-tablet elementor-hidden-mobile e-flex e-con e-child\" data-id=\"9af0da6\" data-element_type=\"container\">\n\t\t\t\t<div class=\"elementor-element elementor-element-cf5213a elementor-widget elementor-widget-image\" data-id=\"cf5213a\" data-element_type=\"widget\" data-widget_type=\"image.default\">\n\t\t\t\t<div class=\"elementor-widget-container\">\n\t\t\t\t\t\t\t\t\t\t\t\t\t<img decoding=\"async\" width=\"521\" height=\"296\" src=\"https:\/\/www.campus02.at\/wp-content\/uploads\/2016\/09\/devices-with-screen.png\" class=\"attachment-full size-full wp-image-6688\" alt=\"devices-with-screen, instahelp\" srcset=\"https:\/\/www.campus02.at\/wp-content\/uploads\/2016\/09\/devices-with-screen.png 521w, https:\/\/www.campus02.at\/wp-content\/uploads\/2016\/09\/devices-with-screen-300x170.png 300w\" sizes=\"(max-width: 521px) 100vw, 521px\" \/>\t\t\t\t\t\t\t\t\t\t\t\t\t<\/div>\n\t\t\t\t<\/div>\n\t\t\t\t<\/div>\n\t\t<div class=\"elementor-element elementor-element-79ef30e8 e-con-full e-flex e-con e-child\" data-id=\"79ef30e8\" data-element_type=\"container\">\n\t\t<div class=\"elementor-element elementor-element-4ffe0209 e-con-full e-flex e-con e-child\" data-id=\"4ffe0209\" data-element_type=\"container\">\n\t\t\t\t<div class=\"elementor-element elementor-element-732e87ac elementor-widget elementor-widget-heading\" data-id=\"732e87ac\" data-element_type=\"widget\" data-widget_type=\"heading.default\">\n\t\t\t\t<div class=\"elementor-widget-container\">\n\t\t\t<h2 class=\"elementor-heading-title elementor-size-default\">Instahelp<\/h2>\t\t<\/div>\n\t\t\t\t<\/div>\n\t\t\t\t<\/div>\n\t\t\t\t<div class=\"elementor-element elementor-element-422634e1 elementor-widget elementor-widget-text-editor\" data-id=\"422634e1\" data-element_type=\"widget\" data-widget_type=\"text-editor.default\">\n\t\t\t\t<div class=\"elementor-widget-container\">\n\t\t\t\t\t\t\t<p>Bei der psychologischen Online-Beratung k\u00f6nnen sich Studierende v\u00f6llig anonym und bequem von zu Hause aus am Computer oder Smartphone mit Online-Psychologen austauschen. Die erfahrenen Instahelp Online-Psychologen widmen sich den Anliegen in einem privaten Beratungsraum und stimmen die Beratung auf die individuellen Bed\u00fcrfnisse der Studierenden ab.<\/p><ol><li>Erstellen Sie ein Instahelp Konto auf oder \u00fcber die App, um einen anonymen Zugang zu Instahelp zu erhalten.<\/li><li>Starten Sie Ihr Erstgespr\u00e4ch mit einem Instahelp-Coach, beschreiben Sie Ihr Anliegen und w\u00e4hlen Sie einen Psychologen*eine Psychologin aus.<\/li><li>Verwenden Sie den Aktivierungscode um die kostenlose Beratung zu starten (4 Wochen kostenlos \u2013 <span style=\"text-decoration: underline;\"><a href=\"https:\/\/instahelp.me\/de\/preise\/\">Preise f\u00fcr die weiterf\u00fchrende Beratung<\/a><\/span>)<\/li><li>Beginnen Sie die Online-Beratung mit einem*einer Instahelp Psychologen*Psychologin.<\/li><\/ol><p>Der Aktivierungscode f\u00fcr die kostenlose Beratung kann anonym unter <a href=\"mailto:support@instahelp.me\">support@instahelp.me<\/a> angefordert werden.<\/p>\t\t\t\t\t\t<\/div>\n\t\t\t\t<\/div>\n\t\t\t\t<div class=\"elementor-element elementor-element-48125395 elementor-align-left elementor-mobile-align-left elementor-widget-mobile__width-inherit elementor-widget elementor-widget-button\" data-id=\"48125395\" data-element_type=\"widget\" data-widget_type=\"button.default\">\n\t\t\t\t<div class=\"elementor-widget-container\">\n\t\t\t\t\t\t\t<div class=\"elementor-button-wrapper\">\n\t\t\t\t\t<a class=\"elementor-button elementor-button-link elementor-size-xs\" href=\"https:\/\/instahelp.me\/de\/\">\n\t\t\t\t\t\t<span class=\"elementor-button-content-wrapper\">\n\t\t\t\t\t\t<span class=\"elementor-button-icon\">\n\t\t\t\t<svg xmlns=\"http:\/\/www.w3.org\/2000\/svg\" xmlns:xlink=\"http:\/\/www.w3.org\/1999\/xlink\" id=\"Ebene_1\" x=\"0px\" y=\"0px\" width=\"67.7px\" height=\"75.9px\" viewbox=\"0 0 67.7 75.9\" xml:space=\"preserve\"><g>\t<polygon points=\"40.8,51.6 39.1,50 50,39.1 14.3,39.1 14.3,36.8 50,36.8 39.1,25.9 40.8,24.3 54.5,38  \"><\/polygon><\/g><\/svg>\t\t\t<\/span>\n\t\t\t\t\t\t\t\t\t<span class=\"elementor-button-text\">Zu Instahelp<\/span>\n\t\t\t\t\t<\/span>\n\t\t\t\t\t<\/a>\n\t\t\t\t<\/div>\n\t\t\t\t\t\t<\/div>\n\t\t\t\t<\/div>\n\t\t\t\t<\/div>\n\t\t\t\t\t<\/div>\n\t\t\t\t<\/div>\n\t\t<div class=\"elementor-element elementor-element-157f0cee e-flex e-con-boxed e-con e-parent\" data-id=\"157f0cee\" data-element_type=\"container\" id=\"karriere\">\n\t\t\t\t\t<div class=\"e-con-inner\">\n\t\t<div class=\"elementor-element elementor-element-18c5017f e-con-full e-flex e-con e-child\" data-id=\"18c5017f\" data-element_type=\"container\">\n\t\t<div class=\"elementor-element elementor-element-6fbe255c e-con-full e-flex e-con e-child\" data-id=\"6fbe255c\" data-element_type=\"container\">\n\t\t\t\t<div class=\"elementor-element elementor-element-598d44f1 elementor-widget elementor-widget-heading\" data-id=\"598d44f1\" data-element_type=\"widget\" data-widget_type=\"heading.default\">\n\t\t\t\t<div class=\"elementor-widget-container\">\n\t\t\t<h2 class=\"elementor-heading-title elementor-size-default\">Psychologische Studierenden&shy;beratung des BMWFW<\/h2>\t\t<\/div>\n\t\t\t\t<\/div>\n\t\t\t\t<\/div>\n\t\t\t\t<div class=\"elementor-element elementor-element-1927b9a5 elementor-widget elementor-widget-text-editor\" data-id=\"1927b9a5\" data-element_type=\"widget\" data-widget_type=\"text-editor.default\">\n\t\t\t\t<div class=\"elementor-widget-container\">\n\t\t\t\t\t\t\t<p>Die psychologische Studierendenberatung ist eine psychosoziale Einrichtung des Bundesministeriums f\u00fcr Wissenschaft, Forschung und Wissenschaft mit dem Ziel, (angehende) Studierende durch psychologische und psychotherapeutische Mittel zu unterst\u00fctzen. Im Vordergrund stehen die Bem\u00fchungen, Kompetenzen zur Studienbew\u00e4ltigung, Studienwahl und studentischen Lebenssituation durch Hilfe zur Selbsthilfe zu verbessern.<\/p><p>Die Leistungsangebote umfassen:<\/p><ul><li>psychologische Beratung und Psychotherapie<\/li><li>Informationsberatung<\/li><li>Testdiagnostik<\/li><li>themenzentrierte Gruppen und Trainings<\/li><li>pr\u00e4ventive Ma\u00dfnahmen<\/li><\/ul><p>Diese Ma\u00dfnahmen stehen allen Studierenden kostenlos und anonym zur Verf\u00fcgung.<\/p><p>Beratungen k\u00f6nnen zu folgenden Problemlagen in Anspruch genommen werden:<\/p><ul><li>Hilfe zur Bew\u00e4ltigung von Studienschwierigkeiten und von Problemen im Laufe des Studiums<\/li><li>Pr\u00fcfungsangst<\/li><li>Orientierungs- und Entscheidungshilfe bei Studienwahl, Studienwechsel und Studienabbruch<\/li><li>Behandlung von psychischen Leidenszust\u00e4nden und Verhaltensst\u00f6rungen<\/li><li>Unterst\u00fctzung der Pers\u00f6nlichkeitsentwicklung<\/li><li>F\u00f6rderung der Reflexionsf\u00e4higkeit auch in Bezug auf Eigenverantwortung und Verantwortung gegen\u00fcber der Gesellschaft<\/li><\/ul>\t\t\t\t\t\t<\/div>\n\t\t\t\t<\/div>\n\t\t\t\t<div class=\"elementor-element elementor-element-3b14f80 elementor-align-left elementor-mobile-align-left elementor-widget-mobile__width-inherit elementor-widget elementor-widget-button\" data-id=\"3b14f80\" data-element_type=\"widget\" data-widget_type=\"button.default\">\n\t\t\t\t<div class=\"elementor-widget-container\">\n\t\t\t\t\t\t\t<div class=\"elementor-button-wrapper\">\n\t\t\t\t\t<a class=\"elementor-button elementor-button-link elementor-size-xs\" href=\"https:\/\/www.studierendenberatung.at\/standorte\/graz\/ueberblick\">\n\t\t\t\t\t\t<span class=\"elementor-button-content-wrapper\">\n\t\t\t\t\t\t<span class=\"elementor-button-icon\">\n\t\t\t\t<svg xmlns=\"http:\/\/www.w3.org\/2000\/svg\" xmlns:xlink=\"http:\/\/www.w3.org\/1999\/xlink\" id=\"Ebene_1\" x=\"0px\" y=\"0px\" width=\"67.7px\" height=\"75.9px\" viewbox=\"0 0 67.7 75.9\" xml:space=\"preserve\"><g>\t<polygon points=\"40.8,51.6 39.1,50 50,39.1 14.3,39.1 14.3,36.8 50,36.8 39.1,25.9 40.8,24.3 54.5,38  \"><\/polygon><\/g><\/svg>\t\t\t<\/span>\n\t\t\t\t\t\t\t\t\t<span class=\"elementor-button-text\">Zur Beratungsstelle Graz<\/span>\n\t\t\t\t\t<\/span>\n\t\t\t\t\t<\/a>\n\t\t\t\t<\/div>\n\t\t\t\t\t\t<\/div>\n\t\t\t\t<\/div>\n\t\t\t\t<\/div>\n\t\t<div class=\"elementor-element elementor-element-30f4e85e e-con-full e-flex e-con e-child\" data-id=\"30f4e85e\" data-element_type=\"container\">\n\t\t\t\t<div class=\"elementor-element elementor-element-2658d257 elementor-widget__width-initial elementor-widget elementor-widget-image\" data-id=\"2658d257\" data-element_type=\"widget\" data-widget_type=\"image.default\">\n\t\t\t\t<div class=\"elementor-widget-container\">\n\t\t\t\t\t\t\t\t\t\t\t\t\t<img decoding=\"async\" width=\"940\" height=\"788\" src=\"https:\/\/www.campus02.at\/wp-content\/uploads\/2024\/08\/Psychologische-Bertung-Foto-Website.png\" class=\"attachment-full size-full wp-image-149647\" alt=\"Psychological Counselling\" srcset=\"https:\/\/www.campus02.at\/wp-content\/uploads\/2024\/08\/Psychologische-Bertung-Foto-Website.png 940w, https:\/\/www.campus02.at\/wp-content\/uploads\/2024\/08\/Psychologische-Bertung-Foto-Website-300x251.png 300w, https:\/\/www.campus02.at\/wp-content\/uploads\/2024\/08\/Psychologische-Bertung-Foto-Website-768x644.png 768w, https:\/\/www.campus02.at\/wp-content\/uploads\/2024\/08\/Psychologische-Bertung-Foto-Website-14x12.png 14w\" sizes=\"(max-width: 940px) 100vw, 940px\" \/>\t\t\t\t\t\t\t\t\t\t\t\t\t<\/div>\n\t\t\t\t<\/div>\n\t\t\t\t<\/div>\n\t\t\t\t\t<\/div>\n\t\t\t\t<\/div>\n\t\t\t\t<\/div>","protected":false},"excerpt":{"rendered":"<p>Services f\u00fcr Studierende Psychologische Beratung Die FH CAMPUS 02 und \u00d6H FH CAMPUS 02 unterst\u00fctzen die Studierenden in <a href=\"https:\/\/www.campus02.at\/en\/services-studierende\/psychologische-beratung\/\" class=\"more-link\">more&hellip;<\/a><\/p>","protected":false},"author":161,"featured_media":0,"parent":1560,"menu_order":7,"comment_status":"closed","ping_status":"closed","template":"elementor_header_footer","meta":{"_acf_changed":false,"footnotes":""},"coauthors":[1063],"class_list":["post-1553","page","type-page","status-publish","hentry"],"acf":[],"yoast_head":"<!-- This site is optimized with the Yoast SEO plugin v26.9 - https:\/\/yoast.com\/product\/yoast-seo-wordpress\/ -->\n<title>Psychologische Beratung - FH CAMPUS 02<\/title>\n<meta name=\"robots\" content=\"index, follow, max-snippet:-1, max-image-preview:large, max-video-preview:-1\" \/>\n<link rel=\"canonical\" href=\"https:\/\/www.campus02.at\/en\/studium-lehre__trashed\/services-studierende\/psychologische-beratung\/\" \/>\n<meta property=\"og:locale\" content=\"en_GB\" \/>\n<meta property=\"og:type\" content=\"article\" \/>\n<meta property=\"og:title\" content=\"Psychologische Beratung - FH CAMPUS 02\" \/>\n<meta property=\"og:description\" content=\"Services f\u00fcr Studierende Psychologische Beratung Die FH CAMPUS 02 und \u00d6H FH CAMPUS 02 unterst\u00fctzen die Studierenden in more&hellip;\" \/>\n<meta property=\"og:url\" content=\"https:\/\/www.campus02.at\/en\/studium-lehre__trashed\/services-studierende\/psychologische-beratung\/\" \/>\n<meta property=\"og:site_name\" content=\"FH CAMPUS 02\" \/>\n<meta property=\"article:modified_time\" content=\"2024-08-06T15:00:17+00:00\" \/>\n<meta property=\"og:image\" content=\"https:\/\/www.campus02.at\/wp-content\/uploads\/2024\/08\/Headerbild-Psychologische-Beratung-2.png\" \/>\n<meta name=\"twitter:card\" content=\"summary_large_image\" \/>\n<meta name=\"twitter:label1\" content=\"Estimated reading time\" \/>\n\t<meta name=\"twitter:data1\" content=\"3 minutes\" \/>\n\t<meta name=\"twitter:label2\" content=\"Written by\" \/>\n\t<meta name=\"twitter:data2\" content=\"Zullus G\u00fcnter\" \/>\n<script type=\"application\/ld+json\" class=\"yoast-schema-graph\">{\"@context\":\"https:\/\/schema.org\",\"@graph\":[{\"@type\":\"WebPage\",\"@id\":\"https:\/\/www.campus02.at\/studium-lehre__trashed\/services-studierende\/psychologische-beratung\/\",\"url\":\"https:\/\/www.campus02.at\/studium-lehre__trashed\/services-studierende\/psychologische-beratung\/\",\"name\":\"Psychologische Beratung - FH CAMPUS 02\",\"isPartOf\":{\"@id\":\"https:\/\/www.campus02.at\/#website\"},\"primaryImageOfPage\":{\"@id\":\"https:\/\/www.campus02.at\/studium-lehre__trashed\/services-studierende\/psychologische-beratung\/#primaryimage\"},\"image\":{\"@id\":\"https:\/\/www.campus02.at\/studium-lehre__trashed\/services-studierende\/psychologische-beratung\/#primaryimage\"},\"thumbnailUrl\":\"https:\/\/www.campus02.at\/wp-content\/uploads\/2024\/08\/Headerbild-Psychologische-Beratung-2.png\",\"datePublished\":\"2016-03-02T17:48:47+00:00\",\"dateModified\":\"2024-08-06T15:00:17+00:00\",\"breadcrumb\":{\"@id\":\"https:\/\/www.campus02.at\/studium-lehre__trashed\/services-studierende\/psychologische-beratung\/#breadcrumb\"},\"inLanguage\":\"en-GB\",\"potentialAction\":[{\"@type\":\"ReadAction\",\"target\":[\"https:\/\/www.campus02.at\/studium-lehre__trashed\/services-studierende\/psychologische-beratung\/\"]}]},{\"@type\":\"ImageObject\",\"inLanguage\":\"en-GB\",\"@id\":\"https:\/\/www.campus02.at\/studium-lehre__trashed\/services-studierende\/psychologische-beratung\/#primaryimage\",\"url\":\"https:\/\/www.campus02.at\/wp-content\/uploads\/2024\/08\/Headerbild-Psychologische-Beratung-2.png\",\"contentUrl\":\"https:\/\/www.campus02.at\/wp-content\/uploads\/2024\/08\/Headerbild-Psychologische-Beratung-2.png\"},{\"@type\":\"BreadcrumbList\",\"@id\":\"https:\/\/www.campus02.at\/studium-lehre__trashed\/services-studierende\/psychologische-beratung\/#breadcrumb\",\"itemListElement\":[{\"@type\":\"ListItem\",\"position\":1,\"name\":\"Startseite\",\"item\":\"https:\/\/www.campus02.at\/\"},{\"@type\":\"ListItem\",\"position\":2,\"name\":\"Services f\u00fcr Studierende\",\"item\":\"https:\/\/www.campus02.at\/studium-lehre__trashed\/services-studierende\/\"},{\"@type\":\"ListItem\",\"position\":3,\"name\":\"Psychologische Beratung\"}]},{\"@type\":\"WebSite\",\"@id\":\"https:\/\/www.campus02.at\/#website\",\"url\":\"https:\/\/www.campus02.at\/\",\"name\":\"FH CAMPUS 02\",\"description\":\"\",\"publisher\":{\"@id\":\"https:\/\/www.campus02.at\/#organization\"},\"potentialAction\":[{\"@type\":\"SearchAction\",\"target\":{\"@type\":\"EntryPoint\",\"urlTemplate\":\"https:\/\/www.campus02.at\/?s={search_term_string}\"},\"query-input\":{\"@type\":\"PropertyValueSpecification\",\"valueRequired\":true,\"valueName\":\"search_term_string\"}}],\"inLanguage\":\"en-GB\"},{\"@type\":\"Organization\",\"@id\":\"https:\/\/www.campus02.at\/#organization\",\"name\":\"FH CAMPUS 02\",\"url\":\"https:\/\/www.campus02.at\/\",\"logo\":{\"@type\":\"ImageObject\",\"inLanguage\":\"en-GB\",\"@id\":\"https:\/\/www.campus02.at\/#\/schema\/logo\/image\/\",\"url\":\"https:\/\/www.campus02.at\/wp-content\/uploads\/2016\/10\/Logo.jpg\",\"contentUrl\":\"https:\/\/www.campus02.at\/wp-content\/uploads\/2016\/10\/Logo.jpg\",\"width\":1108,\"height\":440,\"caption\":\"FH CAMPUS 02\"},\"image\":{\"@id\":\"https:\/\/www.campus02.at\/#\/schema\/logo\/image\/\"}}]}<\/script>\n<!-- \/ Yoast SEO plugin. -->","yoast_head_json":{"title":"Psychologische Beratung - FH CAMPUS 02","robots":{"index":"index","follow":"follow","max-snippet":"max-snippet:-1","max-image-preview":"max-image-preview:large","max-video-preview":"max-video-preview:-1"},"canonical":"https:\/\/www.campus02.at\/en\/studium-lehre__trashed\/services-studierende\/psychologische-beratung\/","og_locale":"en_GB","og_type":"article","og_title":"Psychologische Beratung - FH CAMPUS 02","og_description":"Services f\u00fcr Studierende Psychologische Beratung Die FH CAMPUS 02 und \u00d6H FH CAMPUS 02 unterst\u00fctzen die Studierenden in more&hellip;","og_url":"https:\/\/www.campus02.at\/en\/studium-lehre__trashed\/services-studierende\/psychologische-beratung\/","og_site_name":"FH CAMPUS 02","article_modified_time":"2024-08-06T15:00:17+00:00","og_image":[{"url":"https:\/\/www.campus02.at\/wp-content\/uploads\/2024\/08\/Headerbild-Psychologische-Beratung-2.png","type":"","width":"","height":""}],"twitter_card":"summary_large_image","twitter_misc":{"Estimated reading time":"3 minutes","Written by":"Zullus G\u00fcnter"},"schema":{"@context":"https:\/\/schema.org","@graph":[{"@type":"WebPage","@id":"https:\/\/www.campus02.at\/studium-lehre__trashed\/services-studierende\/psychologische-beratung\/","url":"https:\/\/www.campus02.at\/studium-lehre__trashed\/services-studierende\/psychologische-beratung\/","name":"Psychologische Beratung - FH CAMPUS 02","isPartOf":{"@id":"https:\/\/www.campus02.at\/#website"},"primaryImageOfPage":{"@id":"https:\/\/www.campus02.at\/studium-lehre__trashed\/services-studierende\/psychologische-beratung\/#primaryimage"},"image":{"@id":"https:\/\/www.campus02.at\/studium-lehre__trashed\/services-studierende\/psychologische-beratung\/#primaryimage"},"thumbnailUrl":"https:\/\/www.campus02.at\/wp-content\/uploads\/2024\/08\/Headerbild-Psychologische-Beratung-2.png","datePublished":"2016-03-02T17:48:47+00:00","dateModified":"2024-08-06T15:00:17+00:00","breadcrumb":{"@id":"https:\/\/www.campus02.at\/studium-lehre__trashed\/services-studierende\/psychologische-beratung\/#breadcrumb"},"inLanguage":"en-GB","potentialAction":[{"@type":"ReadAction","target":["https:\/\/www.campus02.at\/studium-lehre__trashed\/services-studierende\/psychologische-beratung\/"]}]},{"@type":"ImageObject","inLanguage":"en-GB","@id":"https:\/\/www.campus02.at\/studium-lehre__trashed\/services-studierende\/psychologische-beratung\/#primaryimage","url":"https:\/\/www.campus02.at\/wp-content\/uploads\/2024\/08\/Headerbild-Psychologische-Beratung-2.png","contentUrl":"https:\/\/www.campus02.at\/wp-content\/uploads\/2024\/08\/Headerbild-Psychologische-Beratung-2.png"},{"@type":"BreadcrumbList","@id":"https:\/\/www.campus02.at\/studium-lehre__trashed\/services-studierende\/psychologische-beratung\/#breadcrumb","itemListElement":[{"@type":"ListItem","position":1,"name":"Startseite","item":"https:\/\/www.campus02.at\/"},{"@type":"ListItem","position":2,"name":"Services f\u00fcr Studierende","item":"https:\/\/www.campus02.at\/studium-lehre__trashed\/services-studierende\/"},{"@type":"ListItem","position":3,"name":"Psychologische Beratung"}]},{"@type":"WebSite","@id":"https:\/\/www.campus02.at\/#website","url":"https:\/\/www.campus02.at\/","name":"CAMPUS 02 UAS","description":"","publisher":{"@id":"https:\/\/www.campus02.at\/#organization"},"potentialAction":[{"@type":"SearchAction","target":{"@type":"EntryPoint","urlTemplate":"https:\/\/www.campus02.at\/?s={search_term_string}"},"query-input":{"@type":"PropertyValueSpecification","valueRequired":true,"valueName":"search_term_string"}}],"inLanguage":"en-GB"},{"@type":"Organization","@id":"https:\/\/www.campus02.at\/#organization","name":"CAMPUS 02 UAS","url":"https:\/\/www.campus02.at\/","logo":{"@type":"ImageObject","inLanguage":"en-GB","@id":"https:\/\/www.campus02.at\/#\/schema\/logo\/image\/","url":"https:\/\/www.campus02.at\/wp-content\/uploads\/2016\/10\/Logo.jpg","contentUrl":"https:\/\/www.campus02.at\/wp-content\/uploads\/2016\/10\/Logo.jpg","width":1108,"height":440,"caption":"FH CAMPUS 02"},"image":{"@id":"https:\/\/www.campus02.at\/#\/schema\/logo\/image\/"}}]}},"_links":{"self":[{"href":"https:\/\/www.campus02.at\/en\/wp-json\/wp\/v2\/pages\/1553","targetHints":{"allow":["GET"]}}],"collection":[{"href":"https:\/\/www.campus02.at\/en\/wp-json\/wp\/v2\/pages"}],"about":[{"href":"https:\/\/www.campus02.at\/en\/wp-json\/wp\/v2\/types\/page"}],"author":[{"embeddable":true,"href":"https:\/\/www.campus02.at\/en\/wp-json\/wp\/v2\/users\/161"}],"replies":[{"embeddable":true,"href":"https:\/\/www.campus02.at\/en\/wp-json\/wp\/v2\/comments?post=1553"}],"version-history":[{"count":8,"href":"https:\/\/www.campus02.at\/en\/wp-json\/wp\/v2\/pages\/1553\/revisions"}],"predecessor-version":[{"id":149652,"href":"https:\/\/www.campus02.at\/en\/wp-json\/wp\/v2\/pages\/1553\/revisions\/149652"}],"up":[{"embeddable":true,"href":"https:\/\/www.campus02.at\/en\/wp-json\/wp\/v2\/pages\/1560"}],"wp:attachment":[{"href":"https:\/\/www.campus02.at\/en\/wp-json\/wp\/v2\/media?parent=1553"}],"wp:term":[{"taxonomy":"author","embeddable":true,"href":"https:\/\/www.campus02.at\/en\/wp-json\/wp\/v2\/coauthors?post=1553"}],"curies":[{"name":"wp","href":"https:\/\/api.w.org\/{rel}","templated":true}]}}